{"id":9549,"date":"2024-09-08T18:35:53","date_gmt":"2024-09-08T18:35:53","guid":{"rendered":"https:\/\/travelshelper.com\/staging\/?page_id=9549"},"modified":"2026-03-13T23:18:06","modified_gmt":"2026-03-13T23:18:06","slug":"tuvalu","status":"publish","type":"page","link":"https:\/\/travelshelper.com\/sv\/destinations\/australia-and-oceania\/tuvalu\/","title":{"rendered":"Tuvalu"},"content":{"rendered":"<p>Tuvalu, tidigare kallat Ellice\u00f6arna, \u00e4r en liten \u00f6nation bel\u00e4gen i den polynesiska delregionen Oceanien i Stilla havet. Strategiskt bel\u00e4gen mitt emellan Hawaii och Australien, erbjuder denna ovanliga nation en underbar blandning av geografisk och kulturell betydelse. \u00d6stnordost om Santa Cruz\u00f6arna \u2013 en del av Salomon\u00f6arna \u2013 ligger Tuvalu nordost om Vanuatu, sydost om Nauru, s\u00f6der om Kiribati, v\u00e4ster om Tokelau\u00f6arna, nordv\u00e4st om Samoa och Wallis- och Futuna\u00f6arna, samt norr om Fiji. F\u00f6r b\u00e5de historisk och modern forskning \u00e4r Tuvalu en viktig plats av intresse eftersom denna plats placerar landet vid en knutpunkt mellan Stillahavs\u00f6arnas kulturer och historier.<\/p>\n<p>Landet best\u00e5r av tre rev\u00f6ar och sex atoller som str\u00e4cker sig \u00f6ver latituder mellan 5\u00b0 och 10\u00b0 syd och longituder mellan 176\u00b0 och 180\u00b0, och erbjuder ett speciellt tidsm\u00e4ssigt l\u00e4ge i v\u00e4rldsgeografin eftersom de ligger v\u00e4ster om den internationella datumlinjen. Strax efter Vatikanstaten hade Tuvalu en befolkning p\u00e5 10 645 vid folkr\u00e4kningen 2017, vilket g\u00f6r det till den n\u00e4st minst befolkade nationen i v\u00e4rlden. Det \u00e4r den minst befolkade nationen d\u00e4r engelska \u00e4r det officiella spr\u00e5ket; trots att det bara \u00e4r 26 kvadratkilometer stort \u00e4r Tuvalus kulturella och milj\u00f6m\u00e4ssiga v\u00e4rde stort trots sin lilla storlek.<\/p>\n<p>Polynesierna anl\u00e4nde som en del av den st\u00f6rre migrationen av polynesier till Stilla havet, en r\u00f6relse som b\u00f6rjade f\u00f6r ungef\u00e4r tre tusen \u00e5r sedan, och var de f\u00f6rsta inv\u00e5narna p\u00e5 Tuvalu. Dessa tidiga kolonister anv\u00e4nde sina talanger f\u00f6r att navigera mellan \u00f6ar i dubbelskrovade segelkanoter eller utriggerkanoter och var skickliga navigat\u00f6rer. Forskare tror att polynesierna migrerade fr\u00e5n Samoa och Tonga till de tuvaluanska atollerna och fungerade som en spr\u00e5ngbr\u00e4da f\u00f6r ytterligare migration till de polynesiska utl\u00e4ggningarna i Melanesien och Mikronesien. I det st\u00f6rre ramverket f\u00f6r polynesisk utforskning och kulturell spridning betonar detta rika arv av navigering och bos\u00e4ttning Tuvalus betydelse.<\/p>\n<p>N\u00e4r den spanske \u00e4ventyraren och kartografen \u00c1lvaro de Menda\u00f1a blev den f\u00f6rsta k\u00e4nda europ\u00e9en som passerade genom sk\u00e4rg\u00e5rden och uppt\u00e4ckte \u00f6n Nui p\u00e5 sitt uppdrag att s\u00f6ka efter Terra Australis, inleddes den europeiska interaktionen med Tuvalu \u00e5r 1569. Senare kallades \u00f6n Funafuti f\u00f6r Ellice&#039;s Island \u00e5r 1819; den engelske hydrologen Alexander George Findlay d\u00f6pte senare hela gruppen till Ellice\u00f6arna. Storbritannien h\u00e4vdade auktoritet \u00f6ver Ellice\u00f6arna i slutet av 1800-talet och inkluderade dem d\u00e4rmed i sin inflytelsesf\u00e4r. Kapten Herbert Gibson p\u00e5 HMS Curacoa uts\u00e5g varje Ellice\u00f6 till ett brittiskt protektorat mellan 9 och 16 oktober 1892. Som en del av de brittiska v\u00e4stra Stillahavsterritorierna (BWPT) uts\u00e5g Storbritannien en resident kommission\u00e4r f\u00f6r att \u00f6vervaka \u00f6arna; fr\u00e5n 1916 till 1975 var de under kolonial kontroll.<\/p>\n<p>\u00c5r 1974 markerade en folkomr\u00f6stning som syftade till att avg\u00f6ra huruvida Gilbert\u00f6arna och Ellice\u00f6arna borde ha separata regeringar en v\u00e4ndpunkt i Tuvalus historia. Resultatet ledde till den juridiska uppl\u00f6sningen av Gilbert- och Ellice\u00f6arna-kolonin den 1 oktober 1975. Officiellt uppdelad den 1 januari 1976 etablerade regeringen tv\u00e5 separata brittiska kolonier \u2013 Kiribati och Tuvalu. Den 1 oktober 1978 blev Tuvalu helt oberoende som en suver\u00e4n stat inom Samv\u00e4ldet; det \u00e4r en konstitutionell monarki ledd av kung Karl III. Tuvalus status som ett sj\u00e4lvst\u00e4ndigt land p\u00e5 den internationella scenen st\u00e4rktes n\u00e4r landet blev den 189:e medlemmen i FN den 5 september 2000.<\/p>\n<p>\u00c4ven om Tuvalu har en liten landyta och f\u00e5 resurser, definierar fiske och import en stor del av dess ekonomi. \u00d6arna har lite jordm\u00e5n, vilket g\u00f6r jordbruk sv\u00e5rt. Licensiering av fisketillst\u00e5nd till utl\u00e4ndska f\u00f6retag, bidrag och bist\u00e5ndsprojekt, samt penning\u00f6verf\u00f6ringar fr\u00e5n tuvaluanska sj\u00f6m\u00e4n som driver lastfartyg st\u00f6der d\u00e4rf\u00f6r ekonomin. Som en l\u00e5gl\u00e4nt \u00f6nation \u00e4r Tuvalu mycket mottaglig f\u00f6r effekterna av klimatf\u00f6r\u00e4ndringar, s\u00e4rskilt stigande havsniv\u00e5er. Som en del av Alliansen av sm\u00e5 \u00f6stater deltar nationen aktivt i internationella klimatf\u00f6rhandlingar och f\u00f6respr\u00e5kar fler globala \u00e5tg\u00e4rder f\u00f6r att hantera klimatf\u00f6r\u00e4ndringarna och dess konsekvenser f\u00f6r underutvecklade l\u00e4nder som Tuvalu.<\/p>","protected":false},"excerpt":{"rendered":"<p>Tuvalu, tidigare kallat Ellice\u00f6arna, \u00e4r en liten \u00f6nation bel\u00e4gen i den polynesiska delregionen Oceanien i Stilla havet. Strategiskt bel\u00e4gen mitt emellan Hawaii och Australien, erbjuder denna ovanliga nation en underbar blandning av geografisk och kulturell betydelse. \u00d6stnordost om Santa Cruz\u00f6arna \u2013 en del av Salomon\u00f6arna \u2013 ligger Tuvalu nordost om Vanuatu, sydost om Nauru, s\u00f6der om Kiribati, v\u00e4ster om Tokelau\u00f6arna, nordv\u00e4st om Samoa och Wallis- och Futuna\u00f6arna, samt norr om Fiji. F\u00f6r b\u00e5de historisk och modern forskning \u00e4r Tuvalu en viktig plats av intresse eftersom denna plats placerar landet vid en knutpunkt mellan Stillahavs\u00f6arnas kulturer och historier.<\/p>","protected":false},"author":1,"featured_media":3712,"parent":24105,"menu_order":0,"comment_status":"closed","ping_status":"closed","template":"elementor_theme","meta":{"_eb_attr":"","footnotes":""},"class_list":["post-9549","page","type-page","status-publish","has-post-thumbnail"],"_links":{"self":[{"href":"https:\/\/travelshelper.com\/sv\/wp-json\/wp\/v2\/pages\/9549","targetHints":{"allow":["GET"]}}],"collection":[{"href":"https:\/\/travelshelper.com\/sv\/wp-json\/wp\/v2\/pages"}],"about":[{"href":"https:\/\/travelshelper.com\/sv\/wp-json\/wp\/v2\/types\/page"}],"author":[{"embeddable":true,"href":"https:\/\/travelshelper.com\/sv\/wp-json\/wp\/v2\/users\/1"}],"replies":[{"embeddable":true,"href":"https:\/\/travelshelper.com\/sv\/wp-json\/wp\/v2\/comments?post=9549"}],"version-history":[{"count":0,"href":"https:\/\/travelshelper.com\/sv\/wp-json\/wp\/v2\/pages\/9549\/revisions"}],"up":[{"embeddable":true,"href":"https:\/\/travelshelper.com\/sv\/wp-json\/wp\/v2\/pages\/24105"}],"wp:featuredmedia":[{"embeddable":true,"href":"https:\/\/travelshelper.com\/sv\/wp-json\/wp\/v2\/media\/3712"}],"wp:attachment":[{"href":"https:\/\/travelshelper.com\/sv\/wp-json\/wp\/v2\/media?parent=9549"}],"curies":[{"name":"wp","href":"https:\/\/api.w.org\/{rel}","templated":true}]}}