{"id":9534,"date":"2024-09-08T17:58:51","date_gmt":"2024-09-08T17:58:51","guid":{"rendered":"https:\/\/travelshelper.com\/staging\/?page_id=9534"},"modified":"2026-03-13T23:07:31","modified_gmt":"2026-03-13T23:07:31","slug":"tonga","status":"publish","type":"page","link":"https:\/\/travelshelper.com\/sv\/destinations\/australia-and-oceania\/tonga\/","title":{"rendered":"Tonga"},"content":{"rendered":"<p>Tonga, en intressant \u00f6nation som tidigare hette Konungariket Tonga, ligger mitt i Polynesien, en delregion i Oceanien. Tonga \u00e4r vackert och har ett rikt kulturarv. Denna \u00f6nation best\u00e5r av 171 \u00f6ar, varav endast 45 \u00e4r bebodda, och str\u00e4cker sig l\u00e5ngt \u00f6ver s\u00f6dra Stilla havet. Tongas totala yta \u00e4r bara cirka 750 000 kvadratkilometer, men \u00f6arna \u00e4r utspridda \u00f6ver otroliga 700 000 kvadratkilometer. \u00c5r 2021 bor knappt 70 % av Tongas 104 494 inv\u00e5nare p\u00e5 huvud\u00f6n Tongatapu.<\/p>\n<p>Geografiskt sett \u00e4r Tonga en enda arkipelag som str\u00e4cker sig ungef\u00e4r 800 kilometer fr\u00e5n norr till s\u00f6der. Wallis och Futuna\u00f6arna (Frankrike), Fiji i nordv\u00e4st, Samoa i nordost, Vanuatu och Nya Kaledonien (Frankrike) i v\u00e4ster, Niue i \u00f6ster och Kermadec (Nya Zeeland) i sydv\u00e4st ligger bland sina grannar. Tonga ligger cirka 1 800 kilometer fr\u00e5n Nord\u00f6n i Nya Zeeland och utg\u00f6r en betydande del av Stilla havets komplexa geopolitiska terr\u00e4ng.<\/p>\n<p>Tongas topografi \u00e4r lika sp\u00e4nnande som dess historia. Lapita-civilisationen, en grupp polynesiska invandrare, bosatte sig f\u00f6rst p\u00e5 \u00f6arna f\u00f6r cirka 2 500 \u00e5r sedan och lade d\u00e4rmed grunden f\u00f6r det framtida tonganska folket. Genom att gradvis skapa en distinkt etnisk identitet, spr\u00e5k och kultur blev dessa invandrare ganska framtr\u00e4dande \u00f6ver s\u00f6dra Stilla havet. K\u00e4nd som Tu\u02bbi Tonga-imperiet, regerade den f\u00f6rsta tonganska kungen, \u02bbAho\u02bbeitu, under denna era av tongansk kolonisering och expansionism.<\/p>\n<p>Under \u02bbAho\u02bbeitu och hans eftertr\u00e4dare utvecklades Tonga till en thalassokrati och en regional makt med brett inflytande \u00f6ver Stilla havet. Fr\u00e5n delar av Salomon\u00f6arna och hela Nya Kaledonien och Fiji i v\u00e4ster till Samoa, Niue och till och med delar av dagens Franska Polynesien i \u00f6ster, underkuvade och styrde Tu\u02bbi Tonga-imperiet ett betydande territorium. Imperiet blev v\u00e4lk\u00e4nt f\u00f6r sitt ekonomiska, etniska och kulturella inflytande, vilket fortsatte l\u00e5ngt efter det samoanska upproret p\u00e5 1200-talet och \u00f6arnas slutliga uppt\u00e4ckt i Europa 1616.<\/p>\n<p>Tongas unika relation med kolonialmakterna definierar dess moderna historia. Fr\u00e5n 1900 till 1970 var Tonga en brittiskt skyddad stat som omfattades av ett v\u00e4nskapsf\u00f6rdrag. \u00c4ven om Tonga aldrig gav sin suver\u00e4nitet till ett fr\u00e4mmande land, \u00f6vervakade Storbritannien dess utrikespolitik under denna period. Detta obevekliga engagemang f\u00f6r suver\u00e4nitet \u00e4r ett bevis p\u00e5 det tonganska folkets vilja att bevara sin frihet.<\/p>\n<p>Tonga gick avsev\u00e4rt mot ett modernt styre 2010 genom att g\u00e5 fr\u00e5n en konventionell absolut monarki till en halvkonstitutionell monarki. Denna f\u00f6r\u00e4ndring skedde delvis tack vare lagstiftningsreformer som banade v\u00e4g f\u00f6r de f\u00f6rsta partiella representativa valen f\u00f6r landet. Denna politiska utveckling visar Tongas fortsatta engagemang f\u00f6r att balansera modernism med kulturarv, och d\u00e4rmed bibeh\u00e5lla relevansen och funktionaliteten hos sina regeringssystem under det tjugof\u00f6rsta \u00e5rhundradet.<\/p>\n<p>Tongas globala n\u00e4rvaro visas genom dess medlemskap i flera viktiga grupper. Landet \u00e4r en del av FN, Stillahavs\u00f6arnas forum, Alliansen av sm\u00e5 \u00f6stater och Samv\u00e4ldet. Dessa allianser visar Tongas engagemang i regionala och globala fr\u00e5gor samt dess engagemang f\u00f6r att ta itu med de s\u00e4rskilda utmaningar som sm\u00e5 \u00f6nationer st\u00e5r inf\u00f6r.<\/p>","protected":false},"excerpt":{"rendered":"<p>Tonga, en intressant \u00f6nation som tidigare hette Konungariket Tonga, ligger mitt i Polynesien, en delregion i Oceanien. Tonga \u00e4r vackert och har ett rikt kulturarv. Denna \u00f6nation best\u00e5r av 171 \u00f6ar, varav endast 45 \u00e4r bebodda, och str\u00e4cker sig l\u00e5ngt \u00f6ver s\u00f6dra Stilla havet. Tongas totala yta \u00e4r bara cirka 750 000 kvadratkilometer, men \u00f6arna \u00e4r utspridda \u00f6ver otroliga 700 000 kvadratkilometer. \u00c5r 2021 bor knappt 70 % av Tongas 104 494 inv\u00e5nare p\u00e5 huvud\u00f6n Tongatapu.<\/p>","protected":false},"author":1,"featured_media":4050,"parent":24105,"menu_order":0,"comment_status":"closed","ping_status":"closed","template":"elementor_theme","meta":{"_eb_attr":"","footnotes":""},"class_list":["post-9534","page","type-page","status-publish","has-post-thumbnail"],"_links":{"self":[{"href":"https:\/\/travelshelper.com\/sv\/wp-json\/wp\/v2\/pages\/9534","targetHints":{"allow":["GET"]}}],"collection":[{"href":"https:\/\/travelshelper.com\/sv\/wp-json\/wp\/v2\/pages"}],"about":[{"href":"https:\/\/travelshelper.com\/sv\/wp-json\/wp\/v2\/types\/page"}],"author":[{"embeddable":true,"href":"https:\/\/travelshelper.com\/sv\/wp-json\/wp\/v2\/users\/1"}],"replies":[{"embeddable":true,"href":"https:\/\/travelshelper.com\/sv\/wp-json\/wp\/v2\/comments?post=9534"}],"version-history":[{"count":0,"href":"https:\/\/travelshelper.com\/sv\/wp-json\/wp\/v2\/pages\/9534\/revisions"}],"up":[{"embeddable":true,"href":"https:\/\/travelshelper.com\/sv\/wp-json\/wp\/v2\/pages\/24105"}],"wp:featuredmedia":[{"embeddable":true,"href":"https:\/\/travelshelper.com\/sv\/wp-json\/wp\/v2\/media\/4050"}],"wp:attachment":[{"href":"https:\/\/travelshelper.com\/sv\/wp-json\/wp\/v2\/media?parent=9534"}],"curies":[{"name":"wp","href":"https:\/\/api.w.org\/{rel}","templated":true}]}}