{"id":9463,"date":"2024-09-08T13:09:29","date_gmt":"2024-09-08T13:09:29","guid":{"rendered":"https:\/\/travelshelper.com\/staging\/?page_id=9463"},"modified":"2026-03-13T13:04:21","modified_gmt":"2026-03-13T13:04:21","slug":"caye-caulker","status":"publish","type":"page","link":"https:\/\/travelshelper.com\/sv\/destinations\/north-america\/belize\/caye-caulker\/","title":{"rendered":"Caye Caulker"},"content":{"rendered":"<p>Caye Caulker utvecklar sig som en diskret juvel i v\u00e4stra Karibien \u2013 en smal korall\u00f6 knappt \u00e5tta kilometer l\u00e5ng och knappt en kilometer bred, kantad av en grund lagun och det v\u00f6rdnadsv\u00e4rda Belize barri\u00e4rrevet. Dess by med ungef\u00e4r fyra tusen inv\u00e5nare upptar den sandiga ryggraden av denna kalkstenshylla, bel\u00e4gen cirka trettiotv\u00e5 kilometer nordnordost om Belize City. Trots sina blygsamma dimensioner ut\u00f6var \u00f6n en \u00f6verdimensionerad dragningskraft, sprungen av ett delikat samspel mellan kristallklart vatten, vindpinade sl\u00e4tter och en historia skriven i stormar, migrationer och m\u00e4nsklig verksamhet.<\/p>\n<p>Fr\u00e5n gryningens f\u00f6rsta ljus gl\u00f6der byns l\u00e5ga timmerbost\u00e4der \u2013 \u00e4ttlingar till tomter som drottning Victoria beviljade i slutet av 1800-talet \u2013 med en honungsliknande v\u00e4rme, deras terrakottatak avbildade mot en himmel som skiftar i korall och indigo. De ursprungliga mottagarna, familjer vars sl\u00e4ktlinjer fortfarande \u00e4r djupt inv\u00e4vda i \u00f6ns sociala struktur, valde denna plats f\u00f6r dess skyddande vik l\u00e4ngst bak och den fasta korallsanden under kajen \u2013 f\u00f6rh\u00e5llanden som \u00e4r mer p\u00e5litliga \u00e4n de leriga sl\u00e4tterna p\u00e5 andra st\u00e4llen. D\u00e4r f\u00f6rt\u00f6jde fiskare kanoter med skyddsgrodor; idag f\u00f6rt\u00f6jer de eleganta vattentaxibilar och katamaraner f\u00f6r snorklingsturer.<\/p>\n<p>Underjordiska str\u00f6mmar skapar sina egna mysterier under Caye Caulkers solbelysta yta. En undervattensgrotta \u2013 lokalt kallad Giant Cave \u2013 \u00f6ppnar sig in i den levande kalkstenen, medan det torra revet i \u00f6ster kommer fram fl\u00e4ckvis vid ytan innan det sjunker till djup p\u00e5 tv\u00e5 meter och mer n\u00e4r man f\u00e4rdas norrut. Den grunda lagunen, s\u00e4llan djupare \u00e4n femton centimeter p\u00e5 sina st\u00e4llen men som st\u00f6rtar ner till \u00f6ver fyra meter n\u00e4ra revets kant, erbjuder en fristad f\u00f6r b\u00e5de vindsurfare och frisimmare. Den bildar ocks\u00e5 en l\u00e4nk mellan byn och det \u00f6ppna havet, en tr\u00f6skel som \u00e4r b\u00e5de f\u00f6rf\u00f6risk och f\u00f6rr\u00e4disk i lika stor utstr\u00e4ckning.<\/p>\n<p>En smal klyfta i \u00f6ns mittsektion, i dagligt tal k\u00e4nd som &#034;Splittingen&#034;, erbjuder ett levande vittnesb\u00f6rd om lokalt initiativ och naturlig uth\u00e5llighet. \u00c4ven om den ofta tillskrivs den katastrofala v\u00e5gen av orkanen Hattie 1961, har diket sin verkliga uppkomst att tacka byborna, ledda av Ramon Reyes. Efter att stormen hade skapat en grund kanal anv\u00e4nde en grupp inv\u00e5nare spadar och skottk\u00e4rror f\u00f6r att f\u00f6rdjupa den f\u00f6r kanoter med skyddsgropar; tid och tidvattenstr\u00f6mmar har sedan dess eroderat dess vallar till en bredd p\u00e5 \u00f6ver trettio meter och ett djup som till\u00e5ter st\u00f6rre b\u00e5tar. Idag fungerar Splittingen som en gemensam veranda \u2013 fiskare lagar n\u00e4t l\u00e4ngs kanterna, barn sj\u00f6s\u00e4tter improviserade flottar och i skymningen \u00e4r vattenv\u00e4gen fylld av lyktorsljus.<\/p>\n<p>\u00d6ns m\u00e4nskliga v\u00e4v \u00e5terspeglar sammanfl\u00f6det av maya-spanska flyktingar fr\u00e5n Yucat\u00e1ns konflikter 1847 och de kreolska och garifunaska samh\u00e4llen som lockades av fiskets \u00f6verfl\u00f6d. \u00c5r 2010 utgjorde de med mestizo-arv n\u00e4stan tv\u00e5 tredjedelar av folkr\u00e4kningen, med kreolska, kaukasiska, maya- och garifuna-minoriteter som berikade den kulturella paletten. Under det senaste decenniet har Caye Caulkers befolkning vuxit till cirka fyra tusen, och har \u00f6ver femtio sm\u00e5 boenden tillsammans med restauranger, hantverksbutiker och dykare.<\/p>\n<p>Fiske var en g\u00e5ng en grundpelare f\u00f6r lokalbefolkningen: sn\u00e4ckor och hummer fanns i \u00f6verfl\u00f6d l\u00e4ngs revet, medan s\u00e4songsbetonade migrationer gav rikligt med fenor, och under andra v\u00e4rldskriget gav n\u00e4ten drivgods fr\u00e5n torpederade fartyg \u2013 gummibalar visade sig vara s\u00e4rskilt lukrativa. \u00c4ven om fisket fortfarande \u00e4r viktigt f\u00f6r n\u00e4stan \u00e5ttio familjer, har det avst\u00e5tt fr\u00e5n att vara ett f\u00f6retr\u00e4de f\u00f6r turismen, som b\u00f6rjade sporadiskt i mitten av 1960-talet n\u00e4r helgbes\u00f6kare anl\u00e4nde med segelb\u00e5t till den d\u00e5 glest bebodda \u00f6n. I slutet av 1960-talet inleddes marinbiologiska expeditioner under ledning av Dr. Hildebrand vid University of Corpus Christi, f\u00f6ljt av backpackers som lockades via mun-till-mun-metoden l\u00e4ngs den informella Gringo Trail som f\u00f6rbinder Tulum, Tikal och andra centralamerikanska waypoints. Etableringen av dykinstruktion av familjen Auxillou cementerade ytterligare Caye Caulkers rykte som en fristad f\u00f6r undervattensutforskning.<\/p>\n<p>Allt eftersom snabba b\u00e5tar \u00f6verskuggade seglen blev kringresande resen\u00e4rer en n\u00e4stan konstant n\u00e4rvaro. \u00d6ns motto \u2013 \u201dGo Slow\u201d \u2013 motverkar varje impuls till hast och inbjuder till att promenera l\u00e4ngs dess trio av sandgator: Front Street som gr\u00e4nsar till den \u00f6stra stranden, Back Street som f\u00f6ljer lagunens kant och Middle Street som ligger mellan dem. En rundvandring till fots tar inte mer \u00e4n fyrtio minuter; hyrcyklar och golfbilar f\u00f6rkortar det till en kvarts timmes virvel som avbryts av glimtar av barer med halmtak, konststudior och enstaka gallerier som visar verk av bofasta m\u00e5lare. Vissa kv\u00e4llar genljuder luften av improviserade melodier n\u00e4r bes\u00f6kande musiker samlas p\u00e5 utomhusg\u00e5rdar, deras rytmer blandas med insekternas v\u00e4sande och tystnaden fr\u00e5n avl\u00e4gsna havsv\u00e5gor.<\/p>\n<p>Stormar \u00e4r dock fortfarande st\u00e4ndigt n\u00e4rvarande i \u00f6ns ber\u00e4ttelse. \u00c5r 1961 utpl\u00e5nade orkanen Hatties kraftiga v\u00e5g det tr\u00e4baserade skolhuset och kr\u00e4vde tretton liv \u2013 mestadels barn som s\u00f6kte skydd d\u00e4rinne \u2013 och f\u00f6ranledde en snabb \u00e5teruppbyggnad som \u00f6vervakades av guvern\u00f6r Thornleys kriskommitt\u00e9 och bistods av brittiska arm\u00e9helikoptrar. Efterf\u00f6ljande stormar \u2013 senast orkanen Keith \u00e5r 2000 \u2013 har pr\u00f6vat \u00f6ns beslutsamhet vars h\u00f6jd ingenstans \u00f6verstiger tv\u00e5 och en halv meter. Varje landg\u00e5ng genomsyrar vegetationen, men korallsanden och mangrovesn\u00e5ren \u00e5terh\u00e4mtar sig \u00f6ver s\u00e4songerna, vilket vittnar om den subtila motst\u00e5ndskraft som finns inskriven i \u00f6ns sj\u00e4lva geologi.<\/p>\n<p>Denna geologiska motst\u00e5ndskraft ligger till grund f\u00f6r Caye Caulkers dragningskraft som en mellanlandningsplats f\u00f6r flera marina reservat. Hol Chan ligger en halvtimmes b\u00e5ttur fr\u00e5n kusten, dess mogna koralltr\u00e4dg\u00e5rdar och rikliga fisk lockar snorklare i en enhetlig takt som fastst\u00e4llts genom lokala \u00f6verenskommelser; Shark and Ray Alley gr\u00e4nsar till den, d\u00e4r sjuksk\u00f6terskehajar och sydliga stingrockor glider bland simmare som tillf\u00e4lligt h\u00e5ller i spruckna sn\u00e4ckskal. Bortom lockar utflykter till Turneffe Atoll och det ber\u00f6mda Great Blue Hole certifierade dykare att dyka ner i det grottliknande slukh\u00e5lets 124 meter djup, flankerat av stalaktiter och revhajar. Medan m\u00e5nga betraktar den korta neds\u00e4nkningen som en obligatorisk rit snarare \u00e4n en best\u00e5ende f\u00f6rundran, avsl\u00f6jar \u00e5terkomsten genom sekund\u00e4ra dykplatser ofta trumpetfiskar som smyger p\u00e5 korallringar och stim av snapper som spiralar i synkronitet.<\/p>\n<p>Kajakutflykter navigerar mangrovekanterna norr om \u00f6n, d\u00e4r Tsunami Adventures erbjuder b\u00e5tar f\u00f6r tv\u00e5 \u2013 perfekt f\u00f6r att f\u00f6lja l\u00e4skusten i jakt p\u00e5 h\u00e4grar, \u00e4gretth\u00e4grar och sv\u00e5rf\u00e5ngade mangroverandrar. Samtidigt erbjuder dagsl\u00e5nga seglingsturer passage till avskilda holmar d\u00e4r rader av sn\u00e4ck- och hummerburar vittnar om den traditionella sk\u00f6rden, och lunch tillagas utomhus p\u00e5 d\u00e4ck. F\u00f6r de som dras till landlevande djurliv erbjuder det intilliggande Swallow Caye Wildlife Sanctuary \u2013 grundat genom den lokala naturv\u00e5rdaren Chocolate Heredia \u2013 guidade sj\u00f6korsturer. \u00c4ven om det \u00e4r f\u00f6rbjudet att simma med varelserna, v\u00e5gar sig ungarna ibland tillr\u00e4ckligt n\u00e4ra f\u00f6r att inspektera snorklare med v\u00e4lvillig nyfikenhet.<\/p>\n<p>Bes\u00f6kare anl\u00e4nder med tv\u00e5propellerflygplan till Caye Caulkers blygsamma asfaltremsa \u2013 flyg fr\u00e5n Belize Citys internationella eller kommunala flygplatser sparar tio till femton minuter restid till en premie p\u00e5 cirka sjuttiofem amerikanska dollar enkel resa. Mer vanligt \u00e4r h\u00f6ghastighetsvattentaxibilar \u2013 ett par operat\u00f6rer som transporterar passagerare till Belize City p\u00e5 fyrtiofem minuter och vidare till San Pedro, priser fr\u00e5n tjugo till trettiofem belizedollar enkel resa. P\u00e5 bl\u00e5siga dagar dras resen\u00e4rerna mot de aktersta sofforna f\u00f6r att b\u00e4ttre absorbera st\u00f6ten; omv\u00e4nt erbjuder gryningsresorna ett glasklart hav som reflekterar den uppg\u00e5ende solen.<\/p>\n<p>Inne i byn surrar handeln l\u00e4ngs Front Street, d\u00e4r presentbutiker visar upp h\u00e4ngmattor, lokala smycken och handv\u00e4vda textilier, och tv\u00e5 bankomater \u2013 p\u00e5 Atlantic Bank och Credit Union \u2013 tar ibland slut p\u00e5 l\u00e5nghelger. Transaktioner brukar g\u00e5 till beliziska dollar, \u00e4ven om amerikanska dollar accepteras till den fasta v\u00e4xelkursen tv\u00e5 till ett. Sm\u00e5f\u00f6retag s\u00e4ljer f\u00e4rsk ceviche och kalla drycker fr\u00e5n tr\u00e4st\u00e4llningar, och \u00f6ver \u00f6ppna grillar fr\u00e4ser fiskfil\u00e9er under ett tak av mangoblad.<\/p>\n<p>I avsaknad av konventionella str\u00e4nder erbjuder sittplatser vid kajen milj\u00f6n f\u00f6r lugna eftermiddagar. G\u00e4sterna slappar p\u00e5 plaststolar, med benen dinglande \u00f6ver det smaragdgr\u00f6na grunda vattnet, och utbyter ber\u00e4ttelser om jurel-observationer och g\u00e5rdagens skyfall. Sj\u00e4lva Split fungerar som en improviserad gemensam pool, vars lugna kanal erbjuder en paus fr\u00e5n solens reflektion i den vita korallsanden som ligger under varje terrass och g\u00e5ngv\u00e4g. D\u00e4r ligger The Lazy Lizard p\u00e5 havsvallen, med barstolar bara n\u00e5gra steg fr\u00e5n vattnet, luften tjock av doften av lime-spetsade rompunscher och det l\u00e5ga ljudet av st\u00e5lstr\u00e4ngade gitarrer.<\/p>\n<p>Trots sin blygsamma infrastruktur har Caye Caulker fr\u00e4mjat en blygsam e-handelsscen, vilket g\u00f6r det m\u00f6jligt f\u00f6r hantverkare att skeppa sniderier och textilier bortom horisonten som en g\u00e5ng definierade deras v\u00e4rld. \u00c4nd\u00e5 \u00e4r de flesta n\u00f6jda med att handla med upplevelser snarare \u00e4n varor: den l\u00e5ngstr\u00e4ckta v\u00e5gen som svallar \u00f6ver revet i gryningen; tystnaden som faller n\u00e4r en pelikan glider l\u00e5gt \u00f6ver turkosa sanddyner; skimret av fosforescens som r\u00f6rs upp av en m\u00e5nbelyst paddel. S\u00e5dana \u00f6gonblick motst\u00e5r kommodifiering, bevaras ist\u00e4llet i minnet och i de mjuka rytmerna p\u00e5 en \u00f6 som uppmanar sina bes\u00f6kare att r\u00f6ra sig i en takt som inte f\u00f6reskrivs av kalendrar eller klockor utan av tidvatten och enbart tidvatten.<\/p>\n<p>I detta smala band av sand och korall f\u00f6rnimmer man sammanv\u00e4vningen av b\u00e5de element\u00e4ra och m\u00e4nskliga krafter \u2013 ett och ett halvt sekel av bos\u00e4ttning, ett halvdussin orkaner, den gradvisa \u00f6verg\u00e5ngen fr\u00e5n h\u00e5v till snorkel till havsbaserad forskning. Varje kapitel ger djup \u00e5t Caye Caulkers karakt\u00e4r: ett samh\u00e4lle format av n\u00f6dv\u00e4ndighet och n\u00e4rt av havet; en ekonomi som omfattar b\u00e5de dagens f\u00e5ngst och resen\u00e4rers resa; en plats d\u00e4r livet utvecklas i avm\u00e4tta pulser, v\u00e4glett av en enda f\u00f6rmaning klottrad p\u00e5 en v\u00e4derbiten skylt: Ta det lugnt.<\/p>\n<p>H\u00e4r f\u00f6rblir den element\u00e4ra v\u00e4rlden n\u00e4ra till hands \u2013 korallhyllan v\u00e4ller av osynligt liv, revet st\u00e5r som vaktpost \u00f6ver v\u00e5gorna och sj\u00e4lva \u00f6n vilar l\u00e4tt p\u00e5 havets andedr\u00e4kt. Att tillbringa tid p\u00e5 Caye Caulker \u00e4r att anpassa sig till dessa rytmer, att avst\u00e5 fr\u00e5n br\u00e5dska och, i den befrielsen, att uppfatta de subtilare str\u00f6mmarna p\u00e5 en plats som har sin existens att tacka m\u00f6tet mellan sten och salt och den best\u00e5ende andan hos dem som kallar den sitt hem.<\/p>","protected":false},"excerpt":{"rendered":"<p>Utanf\u00f6r Belizes kust ligger Caye Caulker \u2013 k\u00e4nd p\u00e5 spanska som Cayo Caulker \u2013 en \u00f6 i Karibiska havet. Med en bredd p\u00e5 under 1,6 km fr\u00e5n \u00f6st till v\u00e4st och en l\u00e4ngd p\u00e5 ungef\u00e4r 8 km fr\u00e5n norr till s\u00f6der, \u00e4r denna kalkstens\u00f6 av korallrev ett exempel p\u00e5 naturlig sk\u00f6nhet och kulturell m\u00e5ngfald. P\u00e5 \u00f6n \u00e4r Caye Caulker Village ett samh\u00e4lle med cirka 2 000 inv\u00e5nare som k\u00e4nnetecknas av sin avslappnade attityd och v\u00e4nliga upptr\u00e4dande.<\/p>","protected":false},"author":1,"featured_media":4715,"parent":9438,"menu_order":0,"comment_status":"closed","ping_status":"closed","template":"elementor_theme","meta":{"_eb_attr":"","footnotes":""},"class_list":["post-9463","page","type-page","status-publish","has-post-thumbnail"],"_links":{"self":[{"href":"https:\/\/travelshelper.com\/sv\/wp-json\/wp\/v2\/pages\/9463","targetHints":{"allow":["GET"]}}],"collection":[{"href":"https:\/\/travelshelper.com\/sv\/wp-json\/wp\/v2\/pages"}],"about":[{"href":"https:\/\/travelshelper.com\/sv\/wp-json\/wp\/v2\/types\/page"}],"author":[{"embeddable":true,"href":"https:\/\/travelshelper.com\/sv\/wp-json\/wp\/v2\/users\/1"}],"replies":[{"embeddable":true,"href":"https:\/\/travelshelper.com\/sv\/wp-json\/wp\/v2\/comments?post=9463"}],"version-history":[{"count":0,"href":"https:\/\/travelshelper.com\/sv\/wp-json\/wp\/v2\/pages\/9463\/revisions"}],"up":[{"embeddable":true,"href":"https:\/\/travelshelper.com\/sv\/wp-json\/wp\/v2\/pages\/9438"}],"wp:featuredmedia":[{"embeddable":true,"href":"https:\/\/travelshelper.com\/sv\/wp-json\/wp\/v2\/media\/4715"}],"wp:attachment":[{"href":"https:\/\/travelshelper.com\/sv\/wp-json\/wp\/v2\/media?parent=9463"}],"curies":[{"name":"wp","href":"https:\/\/api.w.org\/{rel}","templated":true}]}}