{"id":9051,"date":"2024-09-07T10:22:37","date_gmt":"2024-09-07T10:22:37","guid":{"rendered":"https:\/\/travelshelper.com\/staging\/?page_id=9051"},"modified":"2026-03-13T16:28:43","modified_gmt":"2026-03-13T16:28:43","slug":"grenada","status":"publish","type":"page","link":"https:\/\/travelshelper.com\/sv\/destinations\/north-america\/grenada\/","title":{"rendered":"Grenada"},"content":{"rendered":"<p>Grenada, ett kompakt omr\u00e5de p\u00e5 344 kvadratkilometer omgivet av himmelskt karibiskt vatten, har i b\u00f6rjan av 2024 ungef\u00e4r 115 000 inv\u00e5nare. Denna sydligaste p\u00e4rla bland Windward\u00f6arna ligger cirka 160 kilometer norr om Trinidad och Venezuelas kust, och omedelbart s\u00f6der om Saint Vincent. Dess huvudsakliga bos\u00e4ttning, St. George&#039;s, b\u00f6jer sig runt en naturlig hamn som kallas Carenage, medan syster\u00f6arna Carriacou och Petite Martinique \u2013 tillsammans med en konstellation av mindre utspr\u00e5ng \u2013 str\u00e4cker sig till norra Grenadinerna. Ur denna koncisa tabl\u00e5 framtr\u00e4der ett land vars vulkaniska grundvalar har format en terr\u00e4ng lika brant som den \u00e4r fruktbar, vilket inspirerat b\u00e5de smeknamnet &#034;Krydde\u00f6n&#034; och en kulturell mosaik v\u00e4vd av amerikanska, afrikanska, franska och brittiska tr\u00e5dar.<\/p>\n<p>Att sp\u00e5ra m\u00e4nsklig n\u00e4rvaro h\u00e4r kr\u00e4ver en nedstigning till en dunkel f\u00f6rkolonial era d\u00e5 karibiska navigat\u00f6rer \u2013 vars f\u00f6rf\u00e4der hade f\u00e4rdats \u00f6ver sydamerikanska vattenv\u00e4gar \u2013 etablerade flyktiga byar l\u00e4ngs skyddade vikar och flodmynningar. Dessa tidiga bos\u00e4ttare hamnade under Christopher Columbus blick i augusti 1498, n\u00e4r hans tredje sj\u00f6fartsprojekt etsade in Grenada p\u00e5 europeiska sj\u00f6kort, men f\u00e5 f\u00f6ljde efter fram till 1600-talet. Ih\u00e5llande karibiskt motst\u00e5nd f\u00f6rhindrade spanska och engelska f\u00f6rs\u00f6k att etablera sig, och det var f\u00f6rst 1649 som franska plantage\u00e4gare, med sockerr\u00f6rssticklingar och f\u00f6rslavade arbetare, s\u00e4krade ett svagt herrav\u00e4lde. \u00d6ver \u00e5ttio \u00e5r av fransk administration l\u00e4mnade sp\u00e5r i det kreolska talet och konturerna av Fort George, som fortfarande tornar upp sig \u00f6ver St. George&#039;s, \u00e4ven om Parisf\u00f6rdraget i februari 1763 \u00f6verf\u00f6rde suver\u00e4niteten till London. En kort fransk \u00e5terer\u00f6vring mellan 1779 och 1783 avbr\u00f6t knappast det brittiska \u00f6vertaget, som varade \u2013 bortsett fr\u00e5n en period med associerade stater som b\u00f6rjade i mars 1967 och en flyktig roll inom V\u00e4stindien \u2013 fram till gryningen av fullst\u00e4ndig sj\u00e4lvst\u00e4ndighet den 7 februari 1974 under Eric Gairys premi\u00e4rministerskap.<\/p>\n<p>Politisk turbulens utbr\u00f6t igen i mars 1979 n\u00e4r den nya juvelr\u00f6relsen, ett marxistisk-leninistiskt kollektiv, st\u00f6rtade Gairy genom en blodl\u00f6s kupp. Maurice Bishops folkrevolution\u00e4ra regering styrde sedan sociala program och allierade sig med Kuba, tills intern oenighet kulminerade i Bishops avr\u00e4ttning och inbj\u00f6d en USA-ledd intervention i oktober 1983. Fr\u00e5n denna brytning \u00e5teruppr\u00e4ttade Grenada en parlamentarisk demokrati, \u00e5terst\u00e4llde kopplingen till Samv\u00e4ldet under drottning Elizabeth II, och erk\u00e4nner nu kung Karl III som statschef, representerad lokalt av en generalguvern\u00f6r. Politisk lugn har r\u00e5tt sedan dess, vilket \u00e5terspeglas i turismens stadiga tillv\u00e4xt som den fr\u00e4msta valutak\u00e4llan.<\/p>\n<p>Under denna m\u00e4nskliga ber\u00e4ttelse ligger en \u00f6 huggen av eld \u2013 dess karga ryggrad kr\u00f6ns av Mount St. Catherine, som str\u00e4cker sig till 840 meter, och flankeras av Mount Granby och South East Mountain. H\u00e4r samlas kratersj\u00f6ar som Grand Etang och Antoine i naturliga amfiteatrar; deras lugna ytor d\u00f6ljer djup format av forntida omv\u00e4lvningar. B\u00e4ckar forsar ut i havet som gr\u00e5 starr vars namn \u2013 Annandale, Concord, Seven Sisters \u2013 ekar genom skogskl\u00e4dda korridorer vars fyra ekoregioner str\u00e4cker sig fr\u00e5n fuktiga tropiska skogar till xerisk buskmark. Jordm\u00e5n berikad av vulkaniskt skr\u00e4p st\u00f6der en m\u00e4ngd gr\u00f6dor, mest k\u00e4nda muskotn\u00f6t och muskotblomma, som frodas under ekvatorialsolen och det fuktiga passadvindsklimatet. \u00d6ver samh\u00e4llen och plantager v\u00e4ver doften av kryddor genom det dagliga livet, medan avl\u00e4gsna atlantiska dyningar r\u00f6r om g\u00f6mda svarta sandvikar p\u00e5 \u00f6ns \u00f6stra flank.<\/p>\n<p>Klimatrytmen f\u00f6ljer en dikotomi av torra och regniga \u00e5rstider, med temperaturer som s\u00e4llan sjunker under 22 \u00b0C eller stiger \u00f6ver 32 \u00b0C. Tropiska cykloner, \u00e4ven om de \u00e4r mindre frekventa h\u00e4r \u00e4n norrut, har format det kollektiva minnet: Orkanen Janets passage 1955 hade vindar p\u00e5 185 km\/h, och Ivan, i september 2004, orsakade f\u00f6r\u00f6delse och kr\u00e4vde trettionio liv. Mer nyligen drog orkanen Beryl in p\u00e5 land den 1 juli 2024 som en kategori 4-storm \u2013 en exempell\u00f6s tidig topp f\u00f6r den atlantiska huvudutvecklingsregionen \u2013 och j\u00e4mnade strukturer \u00f6ver Carriacou samtidigt som den slog mot Grenadas vindkust. S\u00e5dana episoder understryker \u00f6bornas motst\u00e5ndskraft, vilket syns i \u00e5teruppbyggnaden som b\u00e5de hedrar traditionen och integrerar moderna byggregler.<\/p>\n<p>Ett jordbruksf\u00f6rflutet som f\u00f6rvandlats genom \u00e5rhundraden av exportdriven ekonomi finner nu sin kulmen i turismen, som formar lokala f\u00f6rs\u00f6rjningsm\u00f6jligheter fr\u00e5n huvudstadens art d\u00e9co-fasader till den palmkantade Grand Anse Beach \u2013 en 3 kilometer l\u00e5ng str\u00e4cka hyllad v\u00e4rlden \u00f6ver f\u00f6r sin silkeslena sand och slappa v\u00e5gor. \u00c4ven ekoturism f\u00e5r momentum: f\u00e5gelsk\u00e5dare driver \u00f6ver Levera Pond i gryningen, snorklare utforskar koralltr\u00e4dg\u00e5rdar utanf\u00f6r v\u00e4stkusten och vandrare vandrar till vattenfall g\u00f6mda i smaragdgr\u00f6na h\u00e5ligheter. Det neds\u00e4nkta vraket av Bianca C, ett 600 fot l\u00e5ngt kryssningsfartyg som f\u00f6rlorades 1961, erbjuder dykare en katedral av mjuka koraller draperade \u00f6ver j\u00e4rnpelare, medan str\u00f6mmar b\u00e4r dem f\u00f6rbi stim av papegojfiskar och barracudor. Inte alla kustlinjer d\u00f6ljer enkel \u00e5tkomst; de atlantiska str\u00e4nderna pulserar med surfbara v\u00e5gor, och sp\u00e4nda strandg\u00e4ster finner tr\u00f6st p\u00e5 svarta, fasta str\u00e4nder d\u00e4r vulkanisk sand glimmar under solen.<\/p>\n<p>Trots turismens \u00f6verl\u00e4gsenhet b\u00e4r Grenadas finanser en tung skuldb\u00f6rda och betj\u00e4nar ungef\u00e4r en fj\u00e4rdedel av statens int\u00e4kter \u00e5r 2017. Valuta- och penningpolitiken h\u00e4rr\u00f6r fr\u00e5n en \u00f6verstatlig institution, Eastern Caribbean Central Bank, vars \u00f6stkaribiska dollarenhet binder Grenada till sju medstater. \u00c4nd\u00e5 f\u00f6rblir den kulturella vitaliteten of\u00f6rminskad under ekonomiska m\u00e5ttstockar: \u00e5rliga evenemang genljuder \u00f6ver marknader och torg. Augusti inleder Spice Mas, en kalejdoskopisk karneval av kostymkl\u00e4dda dansare och slagverk; Carriacou h\u00e4lsar v\u00e5ren med Maroon and String Band Music Festival; fiskare t\u00e4vlar om billfish-trof\u00e9er varje vinter vid Spice Island Billfish Tournament; i april seglar Island Water World Sailing Week l\u00e4tta segel \u00f6ver St. Georges hamn; och den veckol\u00e5nga Work Boat Regatta kallar fram erfarna bes\u00e4ttningar f\u00f6r ett prov p\u00e5 traditionellt sj\u00f6manskap.<\/p>\n<p>Matlagning \u00e4r ett exempel p\u00e5 fusion i hela staden: oil down, den nationella grytan, sjuder proviant \u2013 br\u00f6dfrukt, plantain, yam, dumplings \u2013 tillsammans med saltat k\u00f6tt tills kokosmj\u00f6lken sm\u00e4lter till olja som koagulerar vid grytans botten. I k\u00f6ksg\u00e5rdarna blandas r\u00f6kgaser med doften av kanel och ingef\u00e4ra som odlas flera meter bort. Douglaston Estate och Gouyave Nutmeg Factory st\u00e5r som levande museer f\u00f6r kryddproduktion, medan Belmont Estate bearbetar kakaob\u00f6nor till choklad och bjuder in g\u00e4sterna att f\u00f6lja metoderna fr\u00e5n b\u00f6na till bar som ligger till grund f\u00f6r Grenadas spirande gourmetrykte.<\/p>\n<p>Den demografiska sammans\u00e4ttningen \u00e5terspeglar \u00e5rhundraden av omv\u00e4lvningar: cirka \u00e5ttiotv\u00e5 procent h\u00e4vdar att afrikansk h\u00e4rkomst kan sp\u00e5ras till f\u00f6rslavade f\u00e5ngar som slet p\u00e5 sockerplantager; tv\u00e5 procent h\u00e4rstammar fr\u00e5n indiska kontraktsarbetare som rekryterades i slutet av 1800-talet; franska plantage\u00e4garnamn finns kvar i kyrkb\u00f6cker \u00e4ven om blandade sl\u00e4ktlinjer \u2013 tretton procent av befolkningen \u2013 vittnar om ett kreoliserande samh\u00e4lle. Engelska och franska arkitektoniska sp\u00e5r sprids \u00f6ver landsbygden, medan det lokala spr\u00e5ket blandar engelsk syntax med patois-uttryck. Folkliga ber\u00e4ttartraditioner lever vidare: Anancy, den listiga spindelbedragaren, spinner historier vid h\u00e4rden; La Diablesse, den sp\u00f6klika f\u00e4stm\u00f6n kl\u00e4dd i balkl\u00e4nning, sp\u00f6kar i m\u00e5nbelysta gr\u00e4nder; och Loogaroo, den formskiftande vargen, smyger omkring i viskade legender.<\/p>\n<p>Transportinfrastrukturen har anpassats till b\u00e5de pendling och \u00e4ventyr: Maurice Bishop International Airport utanf\u00f6r St. George&#039;s skickar jetplan till Nordamerika, Europa och angr\u00e4nsande \u00f6ar; Lauriston Airport p\u00e5 Carriacou tar emot regionala flygbolag. Bussar \u2013 privat\u00e4gda fordon med h\u00f6g kapacitet markerade med zonnummer \u2013 trafikerar nio rutter genom Grenada fr\u00e5n gryning till skymning, d\u00e4r deras kondukt\u00f6rer samlar in biljetter och svarar p\u00e5 d\u00f6rrknackningssignaler f\u00f6r oplanerade stopp. Carriacou har sitt eget system med tre linjer, medan taxitj\u00e4nster str\u00e4cker sig fr\u00e5n traditionella taxibilar till Haylup, en appbaserad plattform som liknar sam\u00e5kning.<\/p>\n<p>Fritidsaktiviteter f\u00f6renar arv med modern stil: dykare samlas i Grand Anses dykskjul innan de g\u00e5r ombord p\u00e5 snabba b\u00e5tar som sk\u00e4r \u00f6ver glasklara vikar mot rev fyllda med koralltr\u00e4dg\u00e5rdar; surfare glider ner i trunkar vid Prickly Bay f\u00f6r att \u00e5ka vinddrivna rullar; fiskare st\u00e5ls\u00e4tter sig mot atlantbrisen i sm\u00e5 b\u00e5tar och drar med sig marlin och segelfisk till den \u00e5rliga billfish-t\u00e4vlingen; seglare rullar ut spinnaker under regattor som speglar deras \u00f6-h\u00e4rkomst; och hash runners \u2013 en del av en internationell studentf\u00f6rening \u2013 tar sig an leriga banor p\u00e5 l\u00f6rdagseftermiddagarna och \u00e5terupplivar sedan kamratskapet \u00f6ver lokala romdryck. Cricket intar en n\u00e4stan helig plats p\u00e5 National Stadium i St. George&#039;s, d\u00e4r V\u00e4stindiens testmatcher v\u00e4cker regional gl\u00f6d, medan friidrott och fotboll delar intilliggande planer uppkallade efter Kirani James, Grenadas olympiska medaljsprinter. En \u00e5terupplivning av rugby sjuor som f\u00f6rv\u00e4ntas 2022 signalerade en ambition att diversifiera sportturismen.<\/p>\n<p>F\u00f6reningsceremonier f\u00f6r utl\u00e4nningar till \u00f6ns folkbokf\u00f6ringsregister: par beh\u00f6ver pass, f\u00f6delsebevis och bevis p\u00e5 ogift status, plus minst tre arbetsdagars uppeh\u00e5llstillst\u00e5nd f\u00f6r att genomf\u00f6ra vigseln under palmtak. Grenadas r\u00e4ttsliga ramverk, som endast erk\u00e4nner heterosexuella \u00e4ktenskap, f\u00f6reskriver att alla tidigare band ska uppl\u00f6sas f\u00f6re ankomst. Den resulterande industrin vecklas ut bortom strandaltare och inkluderar specialiserade planerare som arrangerar varje detalj, fr\u00e5n blomstervalv till serenader i st\u00e5lpannor.<\/p>\n<p>Under hela december exploderar julen i det offentliga livet med maskeraddanser och gatufester som omsluter byar fr\u00e5n Gouyaves muskotn\u00f6tsdockor till Hillsboroughs kaj i Carriacou. Kyrklockor ringer tillsammans med DJ-spunnen soca, calypso och reggae, medan yngre generationer v\u00e4ver in rapverser i lokala dialekter. Traditionella r\u00e4tter \u2013 saltfisk med rostad br\u00f6dfrukt, stuvad kyckling doftande av lagerblad \u2013 dyker upp vid lokala fester, och midnattsgudstj\u00e4nster v\u00e4lkomnar den heliga dagen med juls\u00e5nger som sjungs i samtals\u00e4mne. F\u00f6r m\u00e5nga grenadianer blir h\u00f6gtiden ett tillf\u00e4lle f\u00f6r vila: strandlinjen lockar med milda v\u00e5gor, och sanddammade familjer sk\u00e5lar f\u00f6r en \u00f6 d\u00e4r motst\u00e5ndskraft och v\u00e4rme m\u00f6ts i en st\u00e4ndig omfamning.<\/p>\n<p>Under \u00f6verinseende av en allvetande observat\u00f6r kan Grenada l\u00e4sas som en palimpsest av geologisk omv\u00e4lvning och m\u00e4nsklig str\u00e4van: kustlinjer etsade av vulkaniska utfl\u00f6den, sluttningar t\u00e4ckta av t\u00e4ta skogar, plantager doftande av kryddor och st\u00e4der vars pastellf\u00e4rgade fasader p\u00e5minner om omtvistade suver\u00e4niteter. H\u00e4r sammanfaller arvet av karibisk trots, fransk elegans och brittiskt styre i ett \u00f6samh\u00e4lle som m\u00e4ter sin nutid inte bara genom ekonomiska index utan genom muntliga ber\u00e4ttelser, kulinariska ritualer och den best\u00e5ende tron \u200b\u200batt, i orkanvindarnas och koloniala ambitionernas sm\u00e4ltdegel, har en enda identitet kristalliserats \u2013 robust, v\u00e4ldoftande och redo att m\u00f6ta varje gryning med en f\u00f6rnyad k\u00e4nsla av mening.<\/p>","protected":false},"excerpt":{"rendered":"<p>Grenada, the southernmost island in the\u00a0Antilles archipelago, is ideally located between the\u00a0eastern Caribbean Sea\u00a0and the\u00a0western Atlantic Ocean. It is situated around 140 kilometers north of\u00a0Venezuela\u00a0and\u00a0Trinidad &#038; Tobago. This\u00a0island country, together with its neighboring islands, is the southern part of the\u00a0Grenadines. The sister islands comprise\u00a0Carriacou,\u00a0Petite Martinique,\u00a0Ronde Island,\u00a0Caille Island,\u00a0Diamond Island,\u00a0Large Island,\u00a0Saline Island, and\u00a0Frigate Island, while the northern islands are part of\u00a0St. Vincent and the Grenadines. The predominant portion of Grenada\u2019s populace inhabits the principal island, with notable towns such as the capital,\u00a0St. George\u2019s,\u00a0Grenville, and\u00a0Gouyave.\u00a0Hillsborough\u00a0is the most populous village on the sister island of Carriacou.<\/p>","protected":false},"author":1,"featured_media":3822,"parent":24084,"menu_order":0,"comment_status":"closed","ping_status":"closed","template":"elementor_theme","meta":{"_eb_attr":"","footnotes":""},"class_list":["post-9051","page","type-page","status-publish","has-post-thumbnail"],"_links":{"self":[{"href":"https:\/\/travelshelper.com\/sv\/wp-json\/wp\/v2\/pages\/9051","targetHints":{"allow":["GET"]}}],"collection":[{"href":"https:\/\/travelshelper.com\/sv\/wp-json\/wp\/v2\/pages"}],"about":[{"href":"https:\/\/travelshelper.com\/sv\/wp-json\/wp\/v2\/types\/page"}],"author":[{"embeddable":true,"href":"https:\/\/travelshelper.com\/sv\/wp-json\/wp\/v2\/users\/1"}],"replies":[{"embeddable":true,"href":"https:\/\/travelshelper.com\/sv\/wp-json\/wp\/v2\/comments?post=9051"}],"version-history":[{"count":0,"href":"https:\/\/travelshelper.com\/sv\/wp-json\/wp\/v2\/pages\/9051\/revisions"}],"up":[{"embeddable":true,"href":"https:\/\/travelshelper.com\/sv\/wp-json\/wp\/v2\/pages\/24084"}],"wp:featuredmedia":[{"embeddable":true,"href":"https:\/\/travelshelper.com\/sv\/wp-json\/wp\/v2\/media\/3822"}],"wp:attachment":[{"href":"https:\/\/travelshelper.com\/sv\/wp-json\/wp\/v2\/media?parent=9051"}],"curies":[{"name":"wp","href":"https:\/\/api.w.org\/{rel}","templated":true}]}}