{"id":9021,"date":"2024-09-06T21:55:50","date_gmt":"2024-09-06T21:55:50","guid":{"rendered":"https:\/\/travelshelper.com\/staging\/?page_id=9021"},"modified":"2026-03-13T16:27:58","modified_gmt":"2026-03-13T16:27:58","slug":"gvatemala","status":"publish","type":"page","link":"https:\/\/travelshelper.com\/sv\/destinations\/north-america\/guatemala\/","title":{"rendered":"Gvatemala"},"content":{"rendered":"<p>Guatemala, hem f\u00f6r cirka 17,6 miljoner sj\u00e4lar, utbreder sig \u00f6ver en landbro i Centralamerika \u2013 flankerad av Mexiko i norr och v\u00e4ster, Belize i nordost, Honduras och El Salvador i \u00f6ster, med Stilla havet som pressar mot dess s\u00f6dra flank och Hondurasbukten som omfamnar dess nordost. Denna republik, vars terr\u00e4ng v\u00e4xlar mellan vulkaniska h\u00f6gl\u00e4nder, b\u00f6rdiga Stillahavssl\u00e4tter och Pet\u00e9ns smaragdgr\u00f6na djungler, avsl\u00f6jar p\u00e5 en g\u00e5ng en ur\u00e5ldrig civilisationsvagga och en scen f\u00f6r tumultartade moderna dramer. Dess historia, etsad i sten och jord, v\u00e4ver en unik v\u00e4v av naturliga underverk och m\u00e4nsklig beslutsamhet.<\/p>\n<p>Fr\u00e5n det \u00f6gonblick d\u00e5 de f\u00f6rsta mayastadstaterna uppstod fr\u00e5n Pet\u00e9ns l\u00e5gland till de h\u00f6ga pyramiderna i Tikal, fungerade regionen som nu \u00e4r Guatemala som en st\u00f6dpunkt f\u00f6r mesoamerikansk uppfinningsrikedom. \u00c5rhundraden innan Columbus korsade Atlanten, transporterade stora n\u00e4tverk av handelsv\u00e4gar kakao och obsidian, medan pr\u00e4ster kartlade Venus r\u00f6relser och majsens rytmer. Ankomsten av spanska conquistadorer i b\u00f6rjan av 1500-talet markerade en brytning, d\u00e5 Hern\u00e1n Cort\u00e9s l\u00f6jtnanter och senare Pedro de Alvarado underkuvade stad efter stad och integrerade mayariket i vicekungad\u00f6met Nya Spanien. \u00c4nd\u00e5 f\u00f6rsvann inte mayafolket: deras spr\u00e5k lever kvar i tusentals byar, deras andar bebor heliga cenoter och deras stentempel str\u00e4cker sig fortfarande \u00f6ver djungelns tak.<\/p>\n<p>Sj\u00e4lvst\u00e4ndigheten inf\u00f6ll i september 1821, inledningsvis delad med Mexiko, sedan bekr\u00e4ftad inom Centralamerika fr\u00e5n 1823 tills den br\u00e4ckliga konfederationen splittrades 1841. Resten av 1800-talet visade sig inte mindre orolig. Maktm\u00e4klare och caudillos tog kontroll i snabb f\u00f6ljd, ofta st\u00f6dda av utl\u00e4ndska intressen som var angel\u00e4gna om kaffe- och banankoncessioner. 1900-talet inleddes under en rad starka m\u00e4n, var och en i skuld till Washingtons geopolitiska planer och United Fruits och dess eftertr\u00e4dares kommersiella imperativ. \u00c5r 1944, n\u00e4r general Jorge Ubico rycktes fr\u00e5n makten av en koalition av milit\u00e4rer och civila, grydde ett kort decennium av reformer: omf\u00f6rdelning av jordbruksmark, arbetarskydd och ett embryonalt socialt skyddsn\u00e4t lovade en mer inkluderande politik. Men kuppen 1954 \u2013 konstruerad av amerikanska agenter och konservativa mark\u00e4gare \u2013 st\u00f6rtade den civila regeringen och \u00e5terinf\u00f6rde oligarkiskt styre.<\/p>\n<p>Det som f\u00f6ljde var ett inb\u00f6rdeskrig av isande brutalitet, fr\u00e5n 1960 tills ett fredsavtal 1996 gav ett svagt lugn. Regeringsstyrkor, ofta v\u00e4gledda av doktriner mot uppror fr\u00e5n utl\u00e4ndska milit\u00e4ra r\u00e5dgivare, inf\u00f6rde en br\u00e4nda jordens politik i mayafolkets h\u00f6glandsbyar, vilket l\u00e4mnade tiotusentals d\u00f6da eller f\u00f6rsvunna. Dagens fred vilar p\u00e5 br\u00e4ckliga grunder: ekonomisk tillv\u00e4xt har \u00e5terupptagits och flera val vittnar om demokratisk str\u00e4van, men den oskyldiga tron \u200b\u200bp\u00e5 institutionerna \u00e4r fortfarande knapp. Endemisk fattigdom drabbar mer \u00e4n h\u00e4lften av befolkningen; n\u00e4stan en fj\u00e4rdedel drabbas av kronisk hunger; och olagliga n\u00e4tverk handlar med droger, s\u00e5r v\u00e5ld och urholkar allm\u00e4nhetens f\u00f6rtroende.<\/p>\n<p>Mot denna pr\u00f6vningsbakgrund blomstrar Guatemalas ekosystem. Fr\u00e5n molnskogarna i det v\u00e4stra h\u00f6glandet d\u00e4r quetzalen flyger mellan bromeliatr\u00f6d grenar till de s\u00e4songsm\u00e4ssigt \u00f6versv\u00e4mmade savannerna i Pet\u00e9n, rika p\u00e5 jaguarer och tapirer, utg\u00f6r republiken en av Mesoamerikas centrala omr\u00e5den f\u00f6r biologisk m\u00e5ngfald. Floder slingrar sig kort mot Stilla havet, men sv\u00e4ller upp till d\u00e5nande art\u00e4rer i den karibiska bass\u00e4ngen \u2013 bland dem Motagua, Polochic och Usumacinta, som avgr\u00e4nsar gr\u00e4nsen till Chiapas. Izabalsj\u00f6n, som matas av Dulce-floden, glimmar som en spegel kantad av regnskog; dess s\u00f6tvatten uppeh\u00e5ller sj\u00f6kor och kajmaner, medan dess str\u00e4nder vaggar koloniala fort och fiskebyar.<\/p>\n<p>Stadslivet m\u00f6ts i h\u00f6glandet, d\u00e4r Guatemala City str\u00e4cker sig \u00f6ver en bergsdal och \u00e4r hem f\u00f6r Nationalarkivet, Nationalbiblioteket och Museo de archeologi e etnologi, ett arkiv med jademasker och keramiska avgudar som viskar om kungliga dynastier. Strax bortom huvudstaden ligger Antigua Guatemala, en 1700-talsjuvel med gallerf\u00f6rsedda balkonger och smulande barockkyrkor \u2013 ett friluftsmuseum med seismiska \u00e4rr och vulkanaska. L\u00e4ngre v\u00e4sterut lockar sj\u00f6n Atitl\u00e1n \u2013 omgiven av mayabyar och vulkaner \u2013 resen\u00e4rer som driver i tr\u00e4jollar l\u00e4ngs lugna vatten och uppt\u00e4cker sp\u00e5r av forntida riter i varje snidad d\u00f6rr\u00f6verstycke.<\/p>\n<p>Kulinariska seder, liksom kulturen sj\u00e4lv, kan sp\u00e5ras tillbaka till Maya-folkets grundvalar. Majsen f\u00f6rblir suver\u00e4n \u2013 nixtamaliserad till tortillas och tamales, fermenterad till atoles och pressad till helig deg f\u00f6r fiambre p\u00e5 Alla helgons dag. Chili ger liv \u00e5t tomatbaserad kak&#039;ik med kalkon; svarta b\u00f6nor sjuder bredvid cocidos blandning av rotfrukter och k\u00f6tt. I gryningen i Antigua s\u00e4ljer gatust\u00e5nden chuchitos \u2013 sm\u00e5 tamales badade i tomatsalsa \u2013 eller s\u00f6ta paches av potatismos som f\u00f6rsvinner vid f\u00f6rmiddagen. I december fylls hush\u00e5llen av doften av ponche \u2013 stuvade frukter i kryddig v\u00e4tska \u2013 och tamaladoras slit som f\u00f6rbereder h\u00f6gar av masa inslagna i bananblad.<\/p>\n<p>Republikens sex regioner uppvisar s\u00e5dana kontraster att en enda resa kan genomkorsa klimatiska extremer. I det centrala h\u00f6glandet reser sig vulkaner \u00f6ver 3 000 meter, t\u00e4ckta av vindpinade moln och kylda av nattlig frost. Det v\u00e4stra h\u00f6glandet, prickat med mayabyar, erbjuder utsikt \u00f6ver terrasserade f\u00e4lt och stigar som slingrar sig mot g\u00f6mda helgedomar. \u00d6stra Guatemala, som njuter av torrhet, hyser ranchmarker och latinamerikanska st\u00e4der d\u00e4r kohudar fladdrar i middagsv\u00e4rmen. L\u00e4ngs den karibiska kusten \u00f6ppnar sig mangrovemynningar och palmstr\u00e4nder mot det mesoamerikanska barri\u00e4rrevet; l\u00e4ngre in i landet ligger Pet\u00e9ns regnskog med stelerna och torgen El Mirador och Nak\u00fam, monument \u00f6ver en f\u00f6rklassisk glans. Stillahavsl\u00e5gen, en svag sluttning fr\u00e5n Sierra Madre, avsl\u00f6jar svarta sandstr\u00e4nder vid Monterrico \u2013 d\u00e4r havssk\u00f6ldpaddor anl\u00e4nder i m\u00e5nbelysta horder f\u00f6r att bygga bo.<\/p>\n<p>Bland de otaliga arkeologiska platserna regerar Tikal suver\u00e4nt: en stad som en g\u00e5ng var hem f\u00f6r tiotusentals m\u00e4nniskor, dess Lost World-reservoar speglar de tv\u00e5 topparna Tempel I och Centrala Akropolis. I lugnare s\u00e4llskap ligger Iximch\u00e9 \u2013 en g\u00e5ng huvudstad i Kaqchikel och tillg\u00e4nglig som en dagsutflykt fr\u00e5n antingen Antigua eller Guatemala City \u2013 och Aguateca, d\u00e4r smulande vallar vaktar \u00f6ver arkeologiska diken och fortfarande ger upphov till keramiksk\u00e4rvor och obsidianblad. Den mindre upptrampade v\u00e4gen till El Mirador kr\u00e4ver veckor av vandring genom obruten skog, men bel\u00f6nar den or\u00e4dde med den stora pyramiden i La Danta \u2013 en av m\u00e4nsklighetens st\u00f6rsta strukturer sett till volym.<\/p>\n<p>Naturen erbjuder sina egna katedraler av sten och vatten. Semuc Champey i Alta Verapaz \u00e4r en h\u00e4nf\u00f6rande syn: en kaskad av jadebass\u00e4nger uppe p\u00e5 en kalkstensbro, uthuggna av en flod som st\u00f6rtar ner i marken bara f\u00f6r att \u00e5terv\u00e4nda i skiftande turkosa nyanser. I n\u00e4rheten v\u00e4xer Lanqu\u00edn runt den grottliknande mynningen av kalkstensgrottor som ekar av stalaktitdroppet. Vid Rio Dulce, en slingrande vattenv\u00e4g som str\u00e4cker sig mellan Belize och Honduras, stannar resen\u00e4rer till vid Finca Para\u00edso \u2013 varma k\u00e4llor som skv\u00e4tter som ett avskilt spa \u2013 innan de bes\u00f6ker Castillo San Felipe de Lara, ett fort fr\u00e5n 1600-talet vars ockraf\u00e4rgade v\u00e4ggar glittrar mot sj\u00f6n.<\/p>\n<p>F\u00f6r de som dras till vulkandramatik \u00e4r Volc\u00e1n de Pacaya fortfarande en \u00f6verg\u00e5ngsrit. Toppen n\u00e5s fr\u00e5n Antigua och str\u00e4ckan g\u00e5r uppf\u00f6r en tv\u00e5 timmar l\u00e5ng, svettig stigning \u2013 tv\u00e5 rutter skiljer sig fr\u00e5n n\u00e4rliggande El Cedro och San Francisco och skiljer sig fr\u00e4mst \u00e5t i lutning. Parkvakter och soldater patrullerar lederna, medan lokala guider, licensierade av nationalparken, navigerar genom sprickor med \u00e5nga. P\u00e5 dagar d\u00e5 aktiviteten till\u00e5ter rostade bes\u00f6karna en g\u00e5ng marshmallows ovanf\u00f6r sm\u00e4lta \u00f6ppningar; idag n\u00f6jer de sig med gl\u00f6den fr\u00e5n gl\u00f6dande stenar, insvepta i jackor f\u00f6r att avleda toppens kyliga vindar.<\/p>\n<p>\u00c4ven om turismen driver tillv\u00e4xt \u2013 som injicerade ungef\u00e4r 1,8 miljarder USD i ekonomin under 2008 och lockade cirka tv\u00e5 miljoner bes\u00f6kare \u00e5rligen \u2013 k\u00e4mpar Guatemala med stora oj\u00e4mlikheter. Dess BNP (k\u00f6pkraftsparitet) per capita n\u00e4rmar sig 10 998 USD, lever \u00f6ver h\u00e4lften av alla hush\u00e5ll under fattigdomsgr\u00e4nsen och den formella arbetsl\u00f6sheten ligger runt 3 procent. Brottslighet och korruption urholkar r\u00e4ttsstatsprincipen; landsbygdsfamiljer konfronteras med os\u00e4ker livsmedelsf\u00f6rs\u00f6rjning \u00e4ven i b\u00f6rdig jord, tyngd av historiska markf\u00f6rdelningsm\u00f6nster.<\/p>\n<p>Huvudstadens museer vittnar dock om en kulturell f\u00f6rnyelse. Ixchel Museum of Indigenous Textiles and Clothing visar huipiles v\u00e4vda med f\u00f6rf\u00e4ders m\u00f6nster. Museo Popol Vuh presenterar begravningsmasker i jade, stuckaturreliefer och kodexar omgjutna till tredimensionella dioramor. I mindre st\u00e4der \u2013 en eller flera i var och en av de 329 kommunerna \u2013 har intendenter utst\u00e4llningar av inhemsk flora, kyrklig konst och redskap f\u00f6r dagligt arbete, och bevarar ber\u00e4ttelser som annars skulle kunna glida i gl\u00f6mska.<\/p>\n<p>Mitt i dessa arv avsl\u00f6jar Guatemala sin sanna kompass: motst\u00e5ndskraft. Mayakalendern, inristad i skymningsbelysta helgedomar, p\u00e5minner bes\u00f6kare om att blomningss\u00e4songer f\u00f6ljer stridigheter. \u00d6ver \u00f6versv\u00e4mmade savanner och vulkaniska avsatser, mellan koloniala fasader och bytorg d\u00e4r marknader pulserar med majs och kaffe, best\u00e5r republiken som ett minnesk\u00e4rl. Att f\u00e4rdas genom dess v\u00e4gar \u00e4r att f\u00e4rdas genom epoker: djungelns tystnad, k\u00f6rernas klang i m\u00e5lade kapell, mulleret av tektoniska plattor under dina f\u00f6tter. Det \u00e4r att st\u00e5 vid sammanfl\u00f6det av forntida profetior och moderna ambitioner, d\u00e4r sten \u2013 ner till sista flisan av obsidian \u2013 vittnar om ett unikt kapitel i m\u00e4nsklighetens historia.<\/p>","protected":false},"excerpt":{"rendered":"<p>Guatemala, med en uppskattad befolkning p\u00e5 cirka 17,6 miljoner, \u00e4r den folkrikaste nationen i Centralamerika. Officiellt k\u00e4nt som Republiken Guatemala, gr\u00e4nsar landet till Honduras i \u00f6ster, Mexiko i norr och v\u00e4ster, Belize i nordost och El Salvador i sydost. Hydrologiskt gr\u00e4nsar det till Hondurasbukten i nordost och Stilla havet i s\u00f6der.<\/p>","protected":false},"author":1,"featured_media":4397,"parent":24084,"menu_order":0,"comment_status":"closed","ping_status":"closed","template":"elementor_theme","meta":{"_eb_attr":"","footnotes":""},"class_list":["post-9021","page","type-page","status-publish","has-post-thumbnail"],"_links":{"self":[{"href":"https:\/\/travelshelper.com\/sv\/wp-json\/wp\/v2\/pages\/9021","targetHints":{"allow":["GET"]}}],"collection":[{"href":"https:\/\/travelshelper.com\/sv\/wp-json\/wp\/v2\/pages"}],"about":[{"href":"https:\/\/travelshelper.com\/sv\/wp-json\/wp\/v2\/types\/page"}],"author":[{"embeddable":true,"href":"https:\/\/travelshelper.com\/sv\/wp-json\/wp\/v2\/users\/1"}],"replies":[{"embeddable":true,"href":"https:\/\/travelshelper.com\/sv\/wp-json\/wp\/v2\/comments?post=9021"}],"version-history":[{"count":0,"href":"https:\/\/travelshelper.com\/sv\/wp-json\/wp\/v2\/pages\/9021\/revisions"}],"up":[{"embeddable":true,"href":"https:\/\/travelshelper.com\/sv\/wp-json\/wp\/v2\/pages\/24084"}],"wp:featuredmedia":[{"embeddable":true,"href":"https:\/\/travelshelper.com\/sv\/wp-json\/wp\/v2\/media\/4397"}],"wp:attachment":[{"href":"https:\/\/travelshelper.com\/sv\/wp-json\/wp\/v2\/media?parent=9021"}],"curies":[{"name":"wp","href":"https:\/\/api.w.org\/{rel}","templated":true}]}}