{"id":8991,"date":"2024-09-06T18:39:21","date_gmt":"2024-09-06T18:39:21","guid":{"rendered":"https:\/\/travelshelper.com\/staging\/?page_id=8991"},"modified":"2026-03-13T21:29:18","modified_gmt":"2026-03-13T21:29:18","slug":"gula-kallor","status":"publish","type":"page","link":"https:\/\/travelshelper.com\/sv\/destinations\/north-america\/united-states\/yellow-springs\/","title":{"rendered":"Gula K\u00e4llor"},"content":{"rendered":"<p>Yellow Springs, Ohio \u00e4r en liten by med bara 3 697 inv\u00e5nare (folkr\u00e4kning 2020). Den ligger i Greene County och \u00e4r en del av Dayton storstadsomr\u00e5de. \u00c4ven om befolkningen \u00e4r liten i antal har den varierat mellan cirka 3 500 och 4 000 under de senaste decennierna.<\/p>\n<p>Byn har en majoritet av vitt ursprung (cirka 78 % fr\u00e5n och med 2010) med en betydande svart minoritet (cirka 12 %). N\u00e5gra f\u00e5 procent av inv\u00e5narna best\u00e5r av latinamerikaner\/amerikaner. Yellow Springs har en \u00e4ldre profil: median\u00e5ldern var 48,5 \u00e5r (2010), vilket \u00e4r h\u00f6gre \u00e4n det nationella genomsnittet. En stor andel av hush\u00e5llen \u00e4r icke-familjer eller individer som bor ensamma (vilket \u00e5terspeglar studenter, pension\u00e4rer och enpersonshush\u00e5ll). Ekonomiskt sett \u00e4r inkomsterna m\u00e5ttliga: medianhush\u00e5llet 2010 var ~56 000 dollar och endast cirka 6,7 \u200b\u200b% av familjerna lever under fattigdom. Utbildningsniv\u00e5n \u00e4r h\u00f6g \u2013 m\u00e5nga lokalbefolkningen har h\u00f6gskoleexamen, delvis p\u00e5 grund av Antioch Colleges n\u00e4rvaro.<\/p>\n<p>Yellow Springs ekonomi \u00e4r eklektisk. Staden \u00e4r k\u00e4nd f\u00f6r detaljhandel och turism: centrala Yellow Springs har \u00f6ver 100 butiker, gallerier och kaf\u00e9er i ett omr\u00e5de p\u00e5 tv\u00e5 kvarter. M\u00e5nga av dessa \u00e4gs av lokala konstn\u00e4rer eller hantverkare, vilket \u00e5terspeglar byns betoning p\u00e5 konst, hantverk och ekologiska livsmedel. Antioch College, en liten humanistisk skola, har historiskt sett varit en stor lokal arbetsgivare (och den \u00f6ppnade igen 2011 efter en kort st\u00e4ngning). Jordbruk (mejerig\u00e5rdar som Young&#039;s Jersey Dairy) spelar ocks\u00e5 en roll: Young&#039;s Dairy \u00e4r ett av Ohios st\u00f6rsta mejerier och fungerar som en popul\u00e4r plats med minigolf och en djurpark d\u00e4r man kan klappa djuren. Medianinkomsterna (som n\u00e4mnts) \u00e4r hyfsade, men husen \u00e4r dyrare \u00e4n man kan f\u00f6rv\u00e4nta sig p\u00e5 landsbygden i Ohio, drivet av efterfr\u00e5gan fr\u00e5n utomst\u00e5ende (konstn\u00e4rer, tekniker) som flyttar hit. Sammanfattningsvis fungerar Yellow Springs som ett nischat bohemiskt centrum \u2013 dess ekonomi betj\u00e4nar till stor del lokala inv\u00e5nare och bes\u00f6kare som dras till dess unika plats.<\/p>\n<p>Yellow Springs ligger i sydv\u00e4stra Ohio, ungef\u00e4r 48 kilometer \u00f6ster om Dayton och 80 kilometer v\u00e4ster om Columbus. Det ligger p\u00e5 cirka 325 meters h\u00f6jd i Little Miami River-dalen. Omr\u00e5det \u00e4r svagt b\u00f6ljande, d\u00e4r en del av Appalachernas fot \u00f6verg\u00e5r i glaci\u00e4rsl\u00e4tter. Little Miami Scenic River (en nationell vild och natursk\u00f6n flod) rinner strax s\u00f6der om staden, med kalkstensraviner som flankerar den.<\/p>\n<p>Byn ligger inb\u00e4ddad mellan skogskl\u00e4dda statsparker (i norr och v\u00e4ster) och \u00f6ppen jordbruksmark (i \u00f6ster). Den ligger l\u00e5ngt fr\u00e5n alla motorv\u00e4gar; den n\u00e4rmaste st\u00f6rre v\u00e4gen \u00e4r I-675 n\u00e4ra Dayton. Yellow Springs har en milj\u00f6 i &#034;mellanv\u00e4stern&#034;: jordm\u00e5nen \u00e4r b\u00f6rdig, marken \u00e4r gr\u00f6n med l\u00f6vskogar och betesmarker, och b\u00e4ckar och sj\u00f6ar finns utspridda i kullarna. Det \u00e4r en l\u00e4ttillg\u00e4nglig tillflyktsort fr\u00e5n Cincinnati (cirka 1 timme sydv\u00e4st) eller Columbus (1,5 timmar \u00f6sterut), men k\u00e4nns som en avl\u00e4gsen liten by p\u00e5 grund av slingrande landsv\u00e4gar.<\/p>\n<p>Yellow Springs har ett fuktigt kontinentalt klimat. Somrarna \u00e4r varma och ibland fuktiga; dagtemperaturerna ligger i genomsnitt p\u00e5 29\u201330 \u00b0C. Vintrarna kan bli kalla: temperaturerna sjunker till runt \u20135 \u00b0C och sn\u00f6 \u00e4r vanligt (n\u00e5gra meter per \u00e5r). P\u00e5 h\u00f6sten och v\u00e5ren finns det f\u00e4rgglatt l\u00f6vverk eller blommor. Byn upplever alla fyra \u00e5rstider tydligt, och \u00e4ven om den \u00e4r v\u00e4l skuggad av tr\u00e4d i staden kan det f\u00f6rekomma vilt v\u00e4der (\u00e5skv\u00e4der p\u00e5 sommaren, enstaka isstormar p\u00e5 vintern). (En reseguide noterar sommartemperaturer p\u00e5 ~27 \u00b0C och vintertemperaturer p\u00e5 ~5 \u00b0C, vilket \u00e4r typiskt f\u00f6r denna region i Ohio.)<\/p>\n<p>Yellow Springs har ett unikt utopiskt ursprung och ett rikt f\u00f6rflutet. Byn grundades av anh\u00e4ngare till socialreformatorn Robert Owen, som str\u00e4vade efter att skapa ett utopiskt samh\u00e4lle efter en i Indiana. De namngav den nya byn efter &#034;Yellow Springs&#034; \u2013 j\u00e4rnrika mineralk\u00e4llor i omr\u00e5det som var k\u00e4nda f\u00f6r sina h\u00e4lsof\u00f6rdelar. Owens kommunala experiment f\u00f6ll dock samman inom n\u00e5gra \u00e5r, \u00e4ven om staden \u00f6verlevde p\u00e5 egen hand. Den utn\u00e4mndes till en inkorporerad by 1856.<\/p>\n<p>Uppt\u00e4ckten av antiken och naturen spelade en roll: i slutet av 1800-talet tog Little Miami Railroad bes\u00f6kare till YS f\u00f6r att s\u00f6ka botemedel i k\u00e4llorna. Den gamla j\u00e4rnv\u00e4gsstationen (nu ett kaf\u00e9) st\u00e5r fortfarande kvar och p\u00e5minner om den eran.<\/p>\n<p>\u00c5r 1850 grundades Antioch College h\u00e4r (\u00e4ven om undervisningen startade n\u00e5gra \u00e5r senare) med Horace Mann som sin f\u00f6rsta rektor. Antioch blev k\u00e4nt f\u00f6r progressiv utbildning och den arbetsstudiemodell som utvecklades av president Arthur E. Morgan p\u00e5 1920-talet. Detta lockade frit\u00e4nkare och intellektuella. Under \u00e5rtionden utvecklade YS ett &#034;bohemiskt&#034; rykte.<\/p>\n<p>Antioch University (som avbr\u00f6ts fr\u00e5n h\u00f6gskolan) drabbades dock av ekonomiska kriser; h\u00f6gskolan st\u00e4ngde 2008, men alumner \u00e5terupplivade den och \u00f6ppnade igen 2011. H\u00f6gskolan, med sin stadiga str\u00f6m av studenter och evenemang, p\u00e5verkar stadens liv starkt. M\u00e5nga l\u00e4rare och akademiker stannar kvar i staden och f\u00f6der f\u00f6retag som Antioch Bookplate (nu Creative Memories) p\u00e5 1920-talet.<\/p>\n<p>Under hela 1900-talet f\u00f6rblev Yellow Springs en fristad f\u00f6r nonkonformister \u2013 konstn\u00e4rer, aktivister och ekologer. Dess gamla stadsk\u00e4rna (vissa byggnader finns nu med i National Register) och omgivande dalg\u00e5ngar (Glen Helen, Clifton Gorge) har l\u00e4nge lockat natur\u00e4lskare. Idag finns sp\u00e5r av dessa epoker kvar: de viktorianska sm\u00e5stadshusen, det samh\u00e4llsdrivna Glen Helen Nature Preserve (ingen entr\u00e9avgift) och en livlig konstscen g\u00e5r alla tillbaka till arvet av innovation och milj\u00f6politik som planterades under dess grundande.<\/p>\n<p>Yellow Springs \u00e4r k\u00e4nt f\u00f6r en v\u00e4nlig, udda och progressiv atmosf\u00e4r. Lokal karakt\u00e4r: Engelska talas allm\u00e4nt, men man ser ofta t-shirts eller st\u00f6tf\u00e5ngardekaler som f\u00f6rkunnar liberala v\u00e4rderingar, slagord om jorden f\u00f6rst eller kvicka slagord (en lokal legend s\u00e4ger att YS politiska skyltar aldrig g\u00e5r &#034;fel v\u00e4g&#034; runt valtider!). Byn har en tydlig motkulturell k\u00e4nsla. M\u00e5nga inv\u00e5nare \u00e4r konstn\u00e4rer, l\u00e4rare eller socialarbetare; omv\u00e4nt pendlar en del till teknikjobb i Dayton. Man hittar ofta n\u00e5gon som klappar en hund i koppel eller cyklar genom staden i flip-flops.<\/p>\n<p>F\u00f6r sin storlek har YS en \u00f6verraskande koncentration av konst. Galleri\u00f6ppningar, folkkonserter och experimentella teaterf\u00f6rest\u00e4llningar \u00e4ger rum ofta. Yellow Springs Arts Council organiserar evenemang som Art on the Lawn varje augusti (\u00f6ver 100 f\u00f6rs\u00e4ljare av konst och hantverk). Tv\u00e5 g\u00e5nger om \u00e5ret (juni och oktober) tar gatumarknaden \u00f6ver centrum. Detta \u00e4r en stor h\u00f6jdpunkt: \u00f6ver 25 000 m\u00e4nniskor samlas i det tv\u00e5 kvarter h\u00f6ga centret f\u00f6r livemusik, mat och hundratals hantverksst\u00e5nd. (M\u00e4ssan \u00e4r s\u00e5 stor att den \u00e4r halv\u00e5rlig \u2013 en g\u00e5ng i juni, igen i oktober, varje g\u00e5ng f\u00f6r att ge energi \u00e5t samh\u00e4llet.) Lokalt bryggd \u00f6l, hemlagad glass (Young&#039;s Jersey Dairy) och bluegrass- eller folkband \u00e4r stapelvara p\u00e5 festivaler.<\/p>\n<p>Yellow Springs \u00e4r ocks\u00e5 v\u00e4rd f\u00f6r mindre evenemang: Florida Avenue Festival (en gatumarknad), utomhusfilmvisningar, poesiuppl\u00e4sningar och s\u00e4songsbetonade bondemarknader. Det finns en anm\u00e4rkningsv\u00e4rd antikrigs- och social aktivism; demonstrationer eller marscher (ibland ledda av studenter fr\u00e5n Antioch) \u00e4r inte ovanliga. \u00c4nd\u00e5 ser du ocks\u00e5 familjer som picknickar p\u00e5 byns gr\u00f6na mark, yogaklasser p\u00e5 tisdagar och barn som cyklar p\u00e5 lugna v\u00e4gar.<\/p>\n<p>Tempot h\u00e4r \u00e4r avslappnat men engagerat. M\u00e4nniskor v\u00e4rdes\u00e4tter h\u00e5llbarhet (\u00e5tervinningsk\u00e4rl \u00f6verallt, lokala matkooperativ, en stor gemensam tr\u00e4dg\u00e5rd). M\u00e5nga lokalbor \u00e4r vegetarianer eller veganer, vilket \u00e5terspeglar stadens samvetsgranna inst\u00e4llning. Trots sin lilla storlek har YS ett varierat utbud av restauranger (fr\u00e5n exklusiva amerikanska bistroer till kaf\u00e9er med direkt fr\u00e5n g\u00e5rden, till och med karibiska och medelhavsinspirerade restauranger). Vilken eftermiddag som helst kan man h\u00f6ra en k\u00f6r sjunga, se en dockteatertrupp upptr\u00e4da eller st\u00f6ta p\u00e5 den lokala borgm\u00e4staren vid bageriet.<\/p>\n<p>Sammantaget k\u00e4nns Yellow Springs som att stiga in i en p\u00e5g\u00e5ende utomhuskonstm\u00e4ssa. Den \u00e4r k\u00e4nd som en av de v\u00e4nligaste st\u00e4derna \u2013 fr\u00e4mlingar blir snabbt h\u00e4lsade, husdjur kan klappas och prat om h\u00e5llbarhet eller fred glider ofta in i samtalet. Byns motto (fortfarande synligt p\u00e5 gamla skyltar) \u00e4r &#034;Hitta dig sj\u00e4lv h\u00e4r&#034;, vilket f\u00e5ngar k\u00e4nslan av att YS v\u00e4lkomnar nonkonformitet och uppmuntrar kreativt sj\u00e4lvuttryck.<\/p>\n<p>Yellow Springs sev\u00e4rdheter handlar lika mycket om natur och sj\u00e4l som om specifika platser. Bland dessa finns n\u00e5gra m\u00e5sten:<\/p>\n<ul>\n<li><strong>Glen Helen naturreservat:<\/strong> Intill Antioch College ligger detta 400 hektar stora reservat, en vildmarksoas med vattenfall, r\u00f6da ekar och vita tallar. Yellow Spring (en j\u00e4rnrik b\u00e4ck) som gav staden dess namn finns h\u00e4r. Popul\u00e4ra vandringsleder str\u00e4cker sig fr\u00e5n enkla slingor till den 32 kilometer l\u00e5nga Glen Helen Loop. Natursk\u00f6na h\u00f6jdpunkter inkluderar Bridgerton Falls och Twin Cascades. Utan entr\u00e9avgift \u00e4r det en \u00e4lskad resurs f\u00f6r vandring, f\u00e5gelsk\u00e5dning och simning i naturliga pooler.<\/li>\n<li><strong>Clifton Gorge State Nature Preserve:<\/strong> Strax norr om staden ligger Clifton Gorge med dramatiska kalkstensklippor \u00f6ver Little Miami River. Tr\u00e4g\u00e5ngar och stigar slingrar sig l\u00e4ngs forsar och \u00f6ringfyllda dammar. Den 2,4 kilometer l\u00e5nga Loop Trail (parkering vid Flatstone Dr.) \u00e4r familjev\u00e4nlig och erbjuder utsikt \u00f6ver de branta ravinv\u00e4ggarna. Den intilliggande John Bryan State Park ut\u00f6kar landskapet. Dessa reservat \u00e4r utm\u00e4rkta f\u00f6r geologi- och fotoentusiaster.<\/li>\n<li><strong>Lilla Miami natursk\u00f6na vandringsled:<\/strong> Denna 125 kilometer l\u00e5nga cykelv\u00e4g f\u00f6ljer Little Miami River-korridoren genom Greene County. Den g\u00e5r rakt igenom Yellow Springs (vid Corry St.). Bes\u00f6kare hyr ofta cyklar f\u00f6r att cykla till n\u00e4rliggande byar som Xenia eller mer avl\u00e4gsna platser. H\u00f6stf\u00e4rgerna l\u00e4ngs leden \u00e4r s\u00e4rskilt ber\u00f6mda.<\/li>\n<li><strong>Centrala Yellow Springs:<\/strong> Sj\u00e4lva byns centrum \u00e4r en sev\u00e4rdhet. H\u00e4r finns \u00f6ver 65 lokala butiker och restauranger. Bland h\u00f6jdpunkterna finns Dark Star Books (en mysig bokhandel\/caf\u00e9), Soulgoode Variety (hantverks\u00f6l och pubmat), Kismet Boutique (etniska kl\u00e4der), Safari Ice Cream &amp; Sweet Shop och Hippie Skillet. Downtown Farmers Market (v\u00e5r\u2013h\u00f6st, l\u00f6rdagar) visar upp lokala produkter och hantverk. Den historiska Mills Lawn School (nu ett kulturcentrum) och den sekelgamla St. Mark&#039;s Church \u00e4r symboliska f\u00f6r stadens arv.<\/li>\n<li><strong>Youngs Jersey-mejeri:<\/strong> En familjeg\u00e5rd flera kilometer utanf\u00f6r staden, med restaurang, glassbar, djurpark d\u00e4r man kan klappa djuren, minigolf och slagburar. Det \u00e4r en succ\u00e9 bland familjer och alla som l\u00e4ngtar efter f\u00e4rsk lokal glass (chokladminten \u00e4r k\u00e4nd). \u00c4ven om det inte \u00e4r ett kulturellt &#034;m\u00e5ste&#034; i konstn\u00e4rlig mening, \u00e4r det ett viktigt lokalt landm\u00e4rke som lockar m\u00e4nniskor fr\u00e5n hela sydv\u00e4stra Ohio.<\/li>\n<li><strong>Yellow Springs Bryggeri:<\/strong> P\u00e5 Xenia Ave. erbjuder detta lokala hantverksbryggeri pubmat och prisbel\u00f6nta \u00f6lsorter. Det \u00e4r en samlingsplats f\u00f6r b\u00e5de stadsbor och bes\u00f6kare, och har ofta livemusik i taproomet (underjordiskt, med tegelv\u00e4ggar).<\/li>\n<\/ul>\n<p>F\u00f6r historieintresserade: Antioch Hall och det historiska distriktet p\u00e5 Xenia St. visar upp 1800-talsarkitektur. Hidden Lake och Addison Trails Park erbjuder lugnare utflykter. Och strax bortom: den ber\u00f6mda John Bryan State Park och fler t\u00e4ckta broar. Men f\u00f6r de flesta \u00e4r kombinationen av vandringar i Glen Helen och en promenad genom centrum de b\u00e4sta upplevelserna i Yellow Springs.<\/p>\n<p>Yellow Springs har ingen flygplats eller Amtrak. N\u00e4rmaste flygplats \u00e4r Dayton International Airport (cirka 32 km nordv\u00e4st), med transfer eller taxi till staden. Cincinnati\/Northern Kentucky Airport (CVG) ligger ~96 km sydsydv\u00e4st (1\u20131,5 timmes bilresa). Med bil n\u00e5s Yellow Springs b\u00e4st via US-35 fr\u00e5n Dayton (avfart vid Yellow Springs) eller via State Routes 68\/72 fr\u00e5n Xenia. Det finns ingen pendelt\u00e5gstrafik. En lokalbuss (GREYHOUND) trafikerade en g\u00e5ng Dayton till Cincinnati via Yellow Springs, men tidtabellerna \u00e4r begr\u00e4nsade. Sammantaget, planera att k\u00f6ra dit eller ordna en taxi fr\u00e5n Dayton.<\/p>\n<p>Yellow Springs \u00e4r extremt g\u00e5ng- och cykelv\u00e4nligt. Stadens hj\u00e4rta \u00e4r g\u00e5ngavst\u00e5nd fr\u00e5n b\u00f6rjan till slut p\u00e5 n\u00e5gra minuter. De flesta boenden ligger en kort promenad fr\u00e5n centrum. Centrum har gott om gratis allm\u00e4n parkering n\u00e4ra US High School och runt h\u00f6rnet fr\u00e5n Main Street. Cyklar kan hyras i lokala butiker (eller anv\u00e4nd din egen). Eftersom byn \u00e4r liten (2,75 kvm) beh\u00f6vs en privatbil bara f\u00f6r att utforska omr\u00e5den utanf\u00f6r som Glen Helen, Clifton Gorge eller Young&#039;s Dairy. Dessa parker har parkeringsplatser. Vinterd\u00e4ck rekommenderas p\u00e5 vintern f\u00f6r att komma till Glen Helen p\u00e5 hala v\u00e4gar, men lokalbefolkningen r\u00f6jer sn\u00f6 snabbt p\u00e5 huvudgatorna.<\/p>\n<p>Valuta USD, spr\u00e5k engelska (lokalbefolkningen kan ocks\u00e5 tala flytande spanska). Yellow Springs har en v\u00e4nlig och informell atmosf\u00e4r. Folk s\u00e4ger hej p\u00e5 gatan, pratar l\u00e4tt och behandlar husdjur v\u00e4nligt (hundar l\u00f6sa p\u00e5 m\u00e5nga platser). I butiker eller restauranger \u00e4r det artigt att h\u00e4lsa p\u00e5 personalen. Att ge dricks ~15 % p\u00e5 restauranger \u00e4r brukligt. Somrarna kan vara tr\u00e5nga (s\u00e4rskilt under gatumarknader), s\u00e5 t\u00e5lamod uppskattas p\u00e5 restauranger och i trafiken. P\u00e5 vintern lugnar staden ner sig och det kan kr\u00e4vas f\u00f6rsiktighet att k\u00f6ra p\u00e5 grusv\u00e4gar till parker.<\/p>\n<p>YS \u00e4r mycket s\u00e4kert. Det \u00e4r en liten by med l\u00e5g brottslighet; utomst\u00e5ende noterar f\u00f6rtroendet fr\u00e5n d\u00f6rr till d\u00f6rr (inv\u00e5narna l\u00e4mnar rutinm\u00e4ssigt cyklar ol\u00e5sta eller delar cykeln \u00f6ppen). Vanlig stadssmarthet r\u00e4cker (l\u00e5s bilar p\u00e5 en avsides bel\u00e4gen park, etc.). Se upp f\u00f6r cyklister och fotg\u00e4ngare, s\u00e4rskilt under festivalhelger n\u00e4r barn och familjer \u00e4r \u00f6verallt.<\/p>\n<p>En ovanlig sak: sj\u00e4lva \u201dGula k\u00e4llan\u201d finns fortfarande kvar i Glen Helen, men den har aldrig anv\u00e4nts f\u00f6r dricksvatten (i motsats till legenden) \u2013 s\u00e5 f\u00f6rs\u00f6k inte att \u00f6sa upp en h\u00e4lsodryck fr\u00e5n b\u00e4cken. Njut ist\u00e4llet av den naturliga sk\u00f6nheten i verkligheten.<\/p>\n<p>Kort sagt, Yellow Springs \u00e4r en l\u00e4ttpromenadsv\u00e4nlig sm\u00e5stad. R\u00e5det till bes\u00f6kare: ta med bekv\u00e4ma skor (du kommer att promenera och vandra mycket), var beredd p\u00e5 minimal mobilt\u00e4ckning i naturreservaten och planera i f\u00f6rv\u00e4g om du bes\u00f6ker omr\u00e5det p\u00e5 sommaren (boka boende tidigt f\u00f6r festivaldatum). Annars, slappna bara av \u2013 det h\u00e4r \u00e4r en plats d\u00e4r du verkligen kan &#034;finna dig sj\u00e4lv&#034;, som byns motto s\u00e4ger, i ett autentiskt sm\u00e5stadssamh\u00e4lle i Ohio.<a href=\"https:\/\/travelshelper.com\/sv\/destinationer\/nordamerika\/amerikas-forenta-stater\/berkeley-springs\/\" target=\"_self\" aria-labelledby=\"uael-post-8997\"><br \/>\n<\/a><\/p>","protected":false},"excerpt":{"rendered":"<p>Yellow Springs \u00e4r en pittoresk by bel\u00e4gen i norra delen av Greene County, Ohio, USA. Folkr\u00e4kningen 2020 visar 3 697 inv\u00e5nare. Denna plats \u00e4r k\u00e4nd f\u00f6r att hysa det prestigefyllda Antioch College och \u00e4r en del av Dayton-storstadsomr\u00e5det. Tillsammans med sin naturliga sk\u00f6nhet erbjuder denna by en anm\u00e4rkningsv\u00e4rd historisk bakgrund som framh\u00e4ver en unik blandning av kulturellt arv och natursk\u00f6na milj\u00f6er.<\/p>","protected":false},"author":1,"featured_media":17583,"parent":8072,"menu_order":0,"comment_status":"closed","ping_status":"closed","template":"elementor_theme","meta":{"_eb_attr":"","footnotes":""},"class_list":["post-8991","page","type-page","status-publish","has-post-thumbnail"],"_links":{"self":[{"href":"https:\/\/travelshelper.com\/sv\/wp-json\/wp\/v2\/pages\/8991","targetHints":{"allow":["GET"]}}],"collection":[{"href":"https:\/\/travelshelper.com\/sv\/wp-json\/wp\/v2\/pages"}],"about":[{"href":"https:\/\/travelshelper.com\/sv\/wp-json\/wp\/v2\/types\/page"}],"author":[{"embeddable":true,"href":"https:\/\/travelshelper.com\/sv\/wp-json\/wp\/v2\/users\/1"}],"replies":[{"embeddable":true,"href":"https:\/\/travelshelper.com\/sv\/wp-json\/wp\/v2\/comments?post=8991"}],"version-history":[{"count":0,"href":"https:\/\/travelshelper.com\/sv\/wp-json\/wp\/v2\/pages\/8991\/revisions"}],"up":[{"embeddable":true,"href":"https:\/\/travelshelper.com\/sv\/wp-json\/wp\/v2\/pages\/8072"}],"wp:featuredmedia":[{"embeddable":true,"href":"https:\/\/travelshelper.com\/sv\/wp-json\/wp\/v2\/media\/17583"}],"wp:attachment":[{"href":"https:\/\/travelshelper.com\/sv\/wp-json\/wp\/v2\/media?parent=8991"}],"curies":[{"name":"wp","href":"https:\/\/api.w.org\/{rel}","templated":true}]}}