{"id":8979,"date":"2024-09-06T18:08:34","date_gmt":"2024-09-06T18:08:34","guid":{"rendered":"https:\/\/travelshelper.com\/staging\/?page_id=8979"},"modified":"2026-03-13T21:30:51","modified_gmt":"2026-03-13T21:30:51","slug":"sanning-eller-konsekvenser","status":"publish","type":"page","link":"https:\/\/travelshelper.com\/sv\/destinations\/north-america\/united-states\/truth-or-consequences\/","title":{"rendered":"Sanning eller Konsekvenser"},"content":{"rendered":"<p>Truth or Consequences \u00e4r en s\u00e4regen stad bel\u00e4gen i den amerikanska delstaten New Mexico och fungerar som l\u00e4nss\u00e4te f\u00f6r Sierra County. Befolkningen i Truth or Consequences enligt folkr\u00e4kningen 2020 \u00e4r 6 052. Staden \u00e4r mest k\u00e4nd f\u00f6r sitt unika namn, som valdes i mars 1950 efter det popul\u00e4ra radioprogrammet &#034;Truth or Consequences&#034;. \u00c4ven om det officiella namnet saknar interpunktion, resulterar namn\u00e4ndringar vanligtvis i bindestreck (Truth-or-Consequences, T-or-C) f\u00f6r att f\u00f6rb\u00e4ttra tydligheten.<\/p>\n<p>Varma k\u00e4llor finns i \u00f6verfl\u00f6d i omr\u00e5det som omfattar Truth or Consequences. Tidigt i slutet av 1800-talet etablerade John Cross Ranch \u2013 ovanf\u00f6r Geronimo Springs \u2013 det f\u00f6rsta offentliga badet i omr\u00e5det. De varma k\u00e4llorna ligger inuti Hot Springs Artesian Basin. Trots n\u00e4rvaron av naturliga varma k\u00e4llor sk\u00f6ts utvecklingen av betydande bos\u00e4ttningar i omr\u00e5det upp avsev\u00e4rt tills Elephant Butte-dammen och reservoaren byggdes, med b\u00f6rjan 1912 och slutf\u00f6rande 1916. Rio Grande-projektet, som godk\u00e4ndes genom Newlands Reclamation Act fr\u00e5n 1902, var en viktig tidig satsning p\u00e5 storskalig bevattning beroende av dammen. Staden grundades officiellt som Hot Springs 1916 och blev senare s\u00e4te f\u00f6r Sierra County 1937. Hot Springs, som fr\u00e4mst betj\u00e4nade g\u00e4ster, hade fyrtio olika naturliga varma k\u00e4llor i slutet av 1930-talet.<\/p>\n<p>En t\u00e4vling i ett radioprogram ledde till att staden bytte namn fr\u00e5n Hot Springs till Truth or Consequences. Ralph Edwards, programledare f\u00f6r NBC Radios fr\u00e5gesportprogram &#034;Truth or Consequences&#034;, sa i mars 1950 att han skulle s\u00e4nda programmet p\u00e5 dess tio\u00e5rsjubileum fr\u00e5n den f\u00f6rsta staden som best\u00e4mde sig f\u00f6r att byta namn efter programmet. Hot Springs bytte officiellt namn den 31 mars 1950; programmet s\u00e4ndes fr\u00e5n platsen n\u00e4sta kv\u00e4ll. Edwards bes\u00f6kte staden under den f\u00f6rsta helgen i maj under de kommande 50 \u00e5ren; detta evenemang kom att bli k\u00e4nt som Fiesta. Fiesta inkluderade s\u00e5 sm\u00e5ningom en scenf\u00f6rest\u00e4llning, en sk\u00f6nhetst\u00e4vling och en procession. Staden hyllar lokala dignit\u00e4rer, Miss Fiesta-t\u00e4vlingsdrottningen fr\u00e5n f\u00f6rra \u00e5ret och vinnaren av Hatch Chile Queen-t\u00e4vlingen, och \u00e4r v\u00e4rd f\u00f6r Fiesta varje f\u00f6rsta helg i maj. Fiesta \u00e4r ett dansevenemang som h\u00e5lls i Ralph Edwards Park.<\/p>\n<p>Tillsammans uppvisar de varma k\u00e4llorna i Truth or Consequences ett fl\u00f6de p\u00e5 n\u00e4stan 99 liter (26 US gallons) per sekund. Truth or Consequences hade n\u00e4stan fyrtio varma k\u00e4llor f\u00f6re andra v\u00e4rldskriget. Hot Springs Association i Truth or Consequences hade tio spa-anl\u00e4ggningar som medlemmar fr\u00e5n och med 2008. Fem av dessa platser \u2013 La Paloma Hot Springs &amp; Spa (tidigare Marshall Hot Springs), Riverbend Hot Springs, Indian Springs Bath House, Artesian Bath House och Hay-Yo-kay Hot Springs \u2013 fick sitt vatten fr\u00e5n fritt fl\u00f6dande varma k\u00e4llor; fem av dem \u2013 brunnar.<\/p>\n<p>Tv\u00e5 demonstrationsprojekt f\u00f6r geotermisk energi som drevs av New Mexicos Department of Energy, Minerals, and Natural Resources i Truth or Consequences under 1980-talet. Carrie Tingley Hospital, som ursprungligen var inriktat p\u00e5 att hj\u00e4lpa barn med fysiska funktionsneds\u00e4ttningar, anv\u00e4nde statliga medel f\u00f6r att starta ett sjukgymnastikprogram i Truth or Consequences; men detta program har sedan dess flyttat till Albuquerque. Det geotermiska uppv\u00e4rmningssystemet gynnar det n\u00e4rliggande Senior Citizen&#039;s Center.<\/p>\n<p>A city marked by historical importance and an unusual name that captures its unique appeal is Truth or Consequences. From its beginnings as a hot spring destination to its modern Fiesta celebrations, which regularly draw people through its natural beauty and cultural events, the city has changed. Whether one is savoring the therapeutic advantages of their hot springs or participating in the annual Fiesta, Truth or Consequences offers a special mix of relaxation, historical relevance, and community involvement, so establishing its uniqueness in New Mexico.\u2026<\/p>","protected":false},"excerpt":{"rendered":"<p>Truth or Consequences \u00e4r en s\u00e4regen stad bel\u00e4gen i den amerikanska delstaten New Mexico och fungerar som l\u00e4nss\u00e4te f\u00f6r Sierra County. Befolkningen i Truth or Consequences enligt folkr\u00e4kningen 2020 \u00e4r 6 052. Staden \u00e4r mest k\u00e4nd f\u00f6r sitt unika namn, som valdes i mars 1950 efter det popul\u00e4ra radioprogrammet &#034;Truth or Consequences&#034;. \u00c4ven om det officiella namnet saknar interpunktion, resulterar namn\u00e4ndringar vanligtvis i bindestreck (Truth-or-Consequences, T-or-C) f\u00f6r att f\u00f6rb\u00e4ttra tydligheten.<\/p>","protected":false},"author":1,"featured_media":23485,"parent":8072,"menu_order":0,"comment_status":"closed","ping_status":"closed","template":"elementor_theme","meta":{"_eb_attr":"","footnotes":""},"class_list":["post-8979","page","type-page","status-publish","has-post-thumbnail"],"_links":{"self":[{"href":"https:\/\/travelshelper.com\/sv\/wp-json\/wp\/v2\/pages\/8979","targetHints":{"allow":["GET"]}}],"collection":[{"href":"https:\/\/travelshelper.com\/sv\/wp-json\/wp\/v2\/pages"}],"about":[{"href":"https:\/\/travelshelper.com\/sv\/wp-json\/wp\/v2\/types\/page"}],"author":[{"embeddable":true,"href":"https:\/\/travelshelper.com\/sv\/wp-json\/wp\/v2\/users\/1"}],"replies":[{"embeddable":true,"href":"https:\/\/travelshelper.com\/sv\/wp-json\/wp\/v2\/comments?post=8979"}],"version-history":[{"count":0,"href":"https:\/\/travelshelper.com\/sv\/wp-json\/wp\/v2\/pages\/8979\/revisions"}],"up":[{"embeddable":true,"href":"https:\/\/travelshelper.com\/sv\/wp-json\/wp\/v2\/pages\/8072"}],"wp:featuredmedia":[{"embeddable":true,"href":"https:\/\/travelshelper.com\/sv\/wp-json\/wp\/v2\/media\/23485"}],"wp:attachment":[{"href":"https:\/\/travelshelper.com\/sv\/wp-json\/wp\/v2\/media?parent=8979"}],"curies":[{"name":"wp","href":"https:\/\/api.w.org\/{rel}","templated":true}]}}