{"id":8943,"date":"2024-09-06T15:20:18","date_gmt":"2024-09-06T15:20:18","guid":{"rendered":"https:\/\/travelshelper.com\/staging\/?page_id=8943"},"modified":"2026-03-13T18:14:42","modified_gmt":"2026-03-13T18:14:42","slug":"tecopa","status":"publish","type":"page","link":"https:\/\/travelshelper.com\/sv\/destinations\/north-america\/united-states\/tecopa\/","title":{"rendered":"Tecopa"},"content":{"rendered":"<p>Tecopas befolkning registrerades till endast 120 personer \u00e5r 2020 (en minskning fr\u00e5n cirka 150 ett decennium tidigare). Detta g\u00f6r det till en av Kaliforniens minsta folkr\u00e4kningsutsedda platser. Den stora majoriteten av inv\u00e5narna \u00e4r vita. Folkr\u00e4kningen 2010 fann att cirka 79 % av stadens 150 inv\u00e5nare identifierade sig som vita, med en liten andel (\u22485 %) indianer och en del multietniska. Etniska eller rasm\u00e4ssiga minoriteter och latinamerikaner \u00e4r mycket f\u00e5 (under 10 % tillsammans). Median\u00e5ldern \u00e4r h\u00f6g \u2013 cirka 57\u201360 \u00e5r \u2013 vilket indikerar en till stor del \u00e4ldre befolkning. M\u00e5nga hush\u00e5ll \u00e4r pension\u00e4rer eller l\u00e5ngvariga lokala familjer.<\/p>\n<p>Tecopa har ingen industriell bas; dess ekonomi \u00e4r service- och turismorienterad. Historiskt sett var det ett gruvl\u00e4ger, men sedan mitten av 1900-talet har det f\u00f6rlitat sig p\u00e5 varma k\u00e4llor, blygsamt jordbruk och bes\u00f6kstj\u00e4nster. En liten daddelodlingsverksamhet (China Ranch) och n\u00e5gra v\u00e4rdshus och restauranger betj\u00e4nar turister. Medianhush\u00e5llsinkomsten \u00e4r l\u00e5g (cirka 27 000 dollar) och en betydande andel av inv\u00e5narna lever under fattigdomsgr\u00e4nsen. Sammanfattningsvis m\u00e5lar Tecopas &#034;siffror&#034; bilden av en mycket liten, \u00e5ldrande \u00f6kenby som \u00e4r beroende av turism och l\u00e4tt jordbruk.<\/p>\n<p>Tecopa ligger i syd\u00f6stra Kalifornien i Mojave\u00f6knen, Inyo County. Det ligger p\u00e5 cirka 650 meters h\u00f6jd i ett avl\u00e4gset, torrt omr\u00e5de, ungef\u00e4r 48 kilometer v\u00e4ster om gr\u00e4nsen till Nevada och strax utanf\u00f6r Death Valley National Park. Landskapet \u00e4r kargt och ol\u00e4ndigt: platta \u00f6kenmarker omgivna av klippiga berg (Nopah- och Panamint-bergskedjan ligger i v\u00e4ster och norr) och genomskurna av kalkstenskanyoner. Amargosa-floden flyter s\u00e4songsvis genom en djup ravin i n\u00e4rheten. Denna avl\u00e4gsna utpost n\u00e5s endast via slingrande statliga motorv\u00e4gar (CA-127 fr\u00e5n norr\/s\u00f6der eller CA-178 fr\u00e5n v\u00e4ster).<\/p>\n<p>Tecopa ligger p\u00e5 en bred \u00f6kenplat\u00e5 under vidstr\u00e4ckta himlar. I \u00f6ster reser sig White Mountains, och strax bortom i nordost ligger Salt Springs Range i Nevada. China Ranch, med sina dadelpalmer och frodiga gr\u00f6nska, ligger \u00e5tta kilometer s\u00f6derut l\u00e4ngs en gren av Amargosa-floden. De n\u00e4rmaste riktiga st\u00e4derna \u00e4r Pahrump, Nevada (cirka 96 kilometer \u00f6sterut) och Shoshone, Kalifornien (8 kilometer norrut).<\/p>\n<p>Klimatet \u00e4r torrt \u00f6kenklimat. Somrarna \u00e4r oerh\u00f6rt varma; genomsnittliga h\u00f6gsta temperaturer i juli \u00f6verstiger 38\u00b0C, och h\u00f6gsta temperaturer i mitten av sommaren kan n\u00e5 upp till 39\u00b0C. Himlen \u00e4r n\u00e4stan alltid klar och nederb\u00f6rden \u00e4r minimal (Tecopa har i genomsnitt bara cirka 12 cm per \u00e5r). Vintrarna \u00e4r milda med kontinentala m\u00e5tt m\u00e4tt; h\u00f6gsta temperaturer p\u00e5 dagtid kan n\u00e5 15 grader Celsius, och minusgrader p\u00e5 n\u00e4tter (-2\u00b0C) \u00e4r m\u00f6jliga. Sn\u00f6 \u00e4r praktiskt taget obefintlig. Kort sagt, Tecopa uts\u00e4tts f\u00f6r extremerna i \u00f6kenv\u00e4dret: stekande sol p\u00e5 dagen, kraftig kylning p\u00e5 natten, med praktiskt taget ingen nederb\u00f6rd.<\/p>\n<p>Tecopas historia \u00e4r rotad i b\u00e5de ursprungsbefolkningens arv och f\u00f6retagsamhet vid gr\u00e4nsen. Urfolken (Koso- och Chemehuevi-stammarna) k\u00e4nde till dessa k\u00e4llor i \u00e5rhundraden. I mitten av 1800-talet passerade Old Spanish Trail inte l\u00e5ngt h\u00e4rifr\u00e5n, och pionj\u00e4rer som reste l\u00e4ngs Mojave- och Owens Valley-v\u00e4garna m\u00e5ste ha varit medvetna om dess vatten (namnet Tecopa hedrar faktiskt en lokal paiuteh\u00f6vding). Vid 1870-talet uppt\u00e4ckte mineralj\u00e4gare silver- och blyfyndigheter i de n\u00e4rliggande bergen.<\/p>\n<p>\u00c5ren 1875\u20131877 \u00f6ppnade br\u00f6derna William och Wallace Brown en bly- och silvergruva p\u00e5 en plats som hette Brownsville (senare Tecopa Heights). Jonas Osborne k\u00f6pte verksamheten och d\u00f6pte 1877 om bos\u00e4ttningen till &#034;Tecopa&#034; efter den lokala h\u00f6vdingen. Ett postkontor \u00f6ppnade samma \u00e5r, vilket markerade l\u00e4grets officiella erk\u00e4nnande. Den tidiga gruvboomen var dock kort och oregelbunden; \u00e5r 1879 tog malmen slut och f\u00e4ltet var i stort sett \u00f6de.<\/p>\n<p>Tecopa fortsatte att vara en liten boskapsuppf\u00f6dning och k\u00e4llvattenstation. \u00c5r 1907 n\u00e5dde Tonopah and Tidewater Railroad omr\u00e5det (som gr\u00e4nsade till Death Valleys kant) och \u00e5terupplivade Tecopa som ett kort j\u00e4rnv\u00e4gsstopp. Ett nytt postkontor \u00f6ppnade och kopplade det till nationella postn\u00e4tverk. Men p\u00e5 1930-talet hade till och med j\u00e4rnv\u00e4gen st\u00e4ngts, och Tecopa f\u00f6rsvann igen.<\/p>\n<p>Den moderna eran b\u00f6rjade efter 1957, d\u00e5 n\u00e4rliggande gruvor (talkgruvor p\u00e5 Talc Hill) st\u00e4ngdes. P\u00e5 1960- och 70-talen s\u00e5lde den federala regeringen statlig mark runt de varma k\u00e4llorna, vilket \u00f6ppnade omr\u00e5det f\u00f6r privat utveckling. Entrepren\u00f6rer byggde sm\u00e5 spa och motell n\u00e4ra de naturliga k\u00e4llorna. I slutet av 1900-talet \u00e5teruppfann Tecopa sig sj\u00e4lv som en tillflyktsort f\u00f6r varma k\u00e4llor: Tecopa Hot Springs (de offentliga baden) \u00f6ppnade, och flera rustika resorter (Tecopa Spa, anl\u00e4ggningar p\u00e5 China Ranch med flera) d\u00f6k upp runt det varma mineralvattnet. Stadens DNA skiftade fr\u00e5n gruvutpost till spa-samh\u00e4lle. Idag ekar dess historia i en handfull gamla byggnader och \u00f6vergivna gruvor, men det \u00f6vertygande landm\u00e4rket \u00e4r fortfarande de naturliga varma k\u00e4llorna som gjorde Tecopa till en fristad i \u00f6knen.<\/p>\n<p>Tecopa \u00e4r lika tyst och gles som sitt landskap, med en avslappnad, lantlig karakt\u00e4r. Spr\u00e5k och m\u00e4nniskor: Engelska \u00e4r universell h\u00e4r; praktiskt taget alla talar engelska hemma. Samh\u00e4llet \u00e4r litet och \u00f6verv\u00e4gande \u00e4ldre. Lokalbefolkningen h\u00e4lsar fr\u00e4mlingar med den l\u00e4ttsamma v\u00e4rmen i en sm\u00e5stadsamerikansk amerikansk stad, men livet h\u00e4r g\u00e5r \u00f6ver till en lugn rytm. En bes\u00f6kare observerade att tempot \u00e4r &#034;solnedg\u00e5ngen l\u00e5ngsam&#034;: eftermiddagarna glider iv\u00e4g med bara v\u00e4rmen som bryter tystnaden.<\/p>\n<p>Trots sin storlek anordnar Tecopa ett par lokala evenemang. Varje november anordnar den frivilliga brandk\u00e5ren en &#034;Firehouse Fling&#034; \u2013 en knytkalasmiddag och dans som samlar in pengar till brandk\u00e5ren. Sedan 2014 har staden ocks\u00e5 anordnat Tecopa Takeover Music Festival, en liten sammankomst av lokala och bes\u00f6kande musiker som visar upp roots- och folkmusik. Dessa evenemang \u00e5terspeglar Tecopas g\u00f6r-det-sj\u00e4lv-anda och dess m\u00e5l att h\u00e5lla samh\u00e4llsbanden starka p\u00e5 en avl\u00e4gsen plats.<\/p>\n<p>Tecopa k\u00e4nns isolerat, men inte ov\u00e4lkomnande. Det utstr\u00e5lar en gr\u00e4nsl\u00e4gerst\u00e4mning: dammiga solnedg\u00e5ngar, spridda palmer och kaktusar, och d\u00e5 och d\u00e5 muller av en f\u00f6rbipasserande pickup. P\u00e5 natten \u00e4r den stj\u00e4rnfyllda himlen vidstr\u00e4ckt och str\u00e5lande. Det finns inget riktigt nattliv; kv\u00e4llarna tillbringas i lugna och ro (ofta vid varma k\u00e4llor i m\u00e5nskenet). Avsaknaden av folkmassor \u2013 och till och med trafikljus eller bensinstationer \u2013 \u00e4r p\u00e5taglig. \u00c4nd\u00e5 rapporterar bes\u00f6kare ofta att lokalbefolkningen \u00e4r v\u00e4nlig och nyfiken: du kan bli inbjuden att prata p\u00e5 kaf\u00e9et eller vid k\u00e4llorna, eller bli tillfr\u00e5gad om livet i &#034;staden&#034; bortom \u00f6knen. Kort sagt, Tecopa k\u00e4nns avl\u00e4gsen och kontemplativ. Det \u00e4r en plats d\u00e4r dagliga rutiner drivs av n\u00f6dv\u00e4ndigheter och naturen (vattna v\u00e4xter, kolla posten, koppla av vid en varm k\u00e4lla) snarare \u00e4n av klockorna och bilarna i en storstad.<\/p>\n<p>Tecopas dragningskraft ligger i dess naturliga milj\u00f6. De varma k\u00e4llorna \u00e4r huvudattraktionen: flera geotermiska pooler och spa-anl\u00e4ggningar runt om i staden l\u00e5ter resen\u00e4rer njuta av mineralvatten \u00e5ret runt. I det offentliga Tecopa Hot Springs State Recreation Area kan man bada i enkla utomhuspooler som matas av vattnet fr\u00e5n Furnace Creek Ranch Hot Springs (tidigare kallade Tecopa Hot Springs). En kort bilresa s\u00f6derut leder till China Ranch Date Farm, en ov\u00e4ntad oas med frodiga dadelpalmer. Bes\u00f6kare d\u00e4r kan promenera i en dadellund, prova dadelshakes och vandra l\u00e4ngs Amargosa-floden.<\/p>\n<p>Bortom k\u00e4llorna ligger Death Valley National Park inom bekv\u00e4mt k\u00f6ravst\u00e5nd (ungef\u00e4r 65 km norrut). M\u00e5nga anv\u00e4nder Tecopa som en pittoresk utpost n\u00e4ra parken. En dagsutflykt till Death Valley avsl\u00f6jar spektakul\u00e4ra landskap (Badwater Basin, Zabriskie Point, Mesquite Flat-dynerna, etc.) som fungerar som ett dramatiskt komplement till Tecopas sm\u00e5stadslugn.<\/p>\n<p>N\u00e4rliggande Shoshone, bara 8 kilometer norrut, ligger Shoshone Museum (inom ett historiskt hotell med fyra rum) som erbjuder gruvdrift och artefakter fr\u00e5n indianska ursprungsbefolkningar, vilket ger en inblick i regionens historia. Natur\u00e4lskare hittar ocks\u00e5 attraktioner: Spring Mountain Ranch och Amargosa Chaos \u00e4r korta vandringsleder genom kanjoner, och Grimshaw Lake (en s\u00e4llsynt \u00f6kenreservoar) anv\u00e4nds ibland av vattenskid\u00e5kare.<\/p>\n<p>Sammanfattningsvis inkluderar upplevelser som man bara m\u00e5ste se:<\/p>\n<ul>\n<li>Att bada i Tecopas offentliga och varma k\u00e4llor (ofta anges som anledningen till att folk kommer).<\/li>\n<li>Utforskar Death Valley NP, tillg\u00e4ngligt fr\u00e5n staden.<\/li>\n<li>Bes\u00f6ker China Ranch f\u00f6r att smaka p\u00e5 dadlar och promenera l\u00e4ngs flodstr\u00e4nderna.<\/li>\n<li>Rundtur p\u00e5 det lilla Shoshone-museet f\u00f6r lokalhistoria.<\/li>\n<li>Terr\u00e4ngk\u00f6rning p\u00e5 de n\u00e4rliggande Dumont-dunerna (f\u00f6r \u00e4ventyrsfordon) eller vandring i natursk\u00f6na \u00f6kenleder.<br \/>\nVar och en av dessa f\u00f6rkroppsligar Tecopas blandning av robust natur och udda sm\u00e5stadscharm.<\/li>\n<\/ul>\n<p>Det finns ingen flygplats eller t\u00e5gstation i sj\u00e4lva Tecopa. De flesta bes\u00f6kare anl\u00e4nder med bil. Staden ligger vid korsningen mellan CA Highways 127 och 178. I v\u00e4ster (s\u00f6der) leder Highway 178 145 km in i Kalifornien via Inyokern (med tillg\u00e5ng till Ridgecrest-omr\u00e5det), medan i \u00f6ster (norr) ansluter Highway 127 till Nevada och Interstate 15 vid Baker. De n\u00e4rmaste st\u00f6rre flygplatserna ligger i Las Vegas, NV (McCarran International, ~190 km \u00f6sterut) eller Los Angeles, CA (LAX, ~370 km sydv\u00e4st). N\u00e4rmare regionala flygplatser inkluderar Bishop (i norr) eller Las Vegas mindre terminal. Det finns ingen persont\u00e5gstrafik h\u00e4r.<\/p>\n<p>Tecopa i sig \u00e4r extremt litet och till stor del g\u00e5ngavst\u00e5nd (butik, kaf\u00e9, spa och boende ligger samlade l\u00e4ngs dess enda huvudgata). En bil \u00e4r dock n\u00f6dv\u00e4ndig f\u00f6r att utforska utanf\u00f6r staden. Observera att lokal &#034;kollektivtrafik&#034; \u00e4r minimal: en buss som gick tv\u00e5 g\u00e5nger i m\u00e5naden ansl\u00f6t tidigare Tecopa till Pahrump, Nevada (via Eastern Sierra Transit), men trafiken har st\u00e4llts in. Hyrbilar eller privata fordon \u00e4r det enda praktiska s\u00e4ttet att bes\u00f6ka de varma k\u00e4llorna och omgivande sev\u00e4rdheterna. Terr\u00e4ngfordon beh\u00f6vs f\u00f6r platser som Dumont Dunes. V\u00e4gf\u00f6rh\u00e5llandena \u00e4r generellt sett goda (tv\u00e5filiga motorv\u00e4gar), men f\u00f6rare b\u00f6r se upp f\u00f6r str\u00f6vande boskap eller vilda djur p\u00e5 natten i \u00f6knen.<\/p>\n<p>Valutan \u00e4r amerikanska dollar och huvudspr\u00e5ket \u00e4r engelska. Bes\u00f6kare b\u00f6r f\u00f6rbereda sig f\u00f6r \u00f6kenf\u00f6rh\u00e5llanden: ta med vatten, anv\u00e4nd solskydd och undvik utomhusaktiviteter under middagsv\u00e4rmen. Mobilt\u00e4ckningen \u00e4r d\u00e5lig; vissa omr\u00e5den kan ha ingen t\u00e4ckning. De n\u00e4rmaste livsmedelsbutikerna finns i Pahrump, Nevada eller Bishop, Kalifornien, s\u00e5 planera f\u00f6rn\u00f6denheterna d\u00e4refter.<\/p>\n<p>Tecopa \u00e4r mycket s\u00e4kert enligt allm\u00e4nna m\u00e5tt \u2013 brottslighet \u00e4r praktiskt taget obefintlig tack vare det lilla, sammansvetsade samh\u00e4llet. Grannar brukar h\u00e4lsa varandra varmt; ett artigt hej i aff\u00e4ren eller varma k\u00e4llor \u00e4r vanligt. Bortomboende kommer att tycka att folk \u00e4r hj\u00e4lpsamma, men kom ih\u00e5g att detta inte \u00e4r en &#034;resortstad&#034; i ordets finaste bem\u00e4rkelse: blygsam kl\u00e4dsel och lugna man\u00e9r \u00e4r normen. Det finns inga juridiska egenheter ut\u00f6ver kalifornisk lag (f\u00f6lj hastighetsbegr\u00e4nsningarna och st\u00f6r inte djurlivet eller privat egendom). Kort sagt, betrakta Tecopa som ett lugnt lantligt resm\u00e5l: var v\u00e4nlig, h\u00e5ll ett lugnt tempo s\u00e5 kommer du att passa in perfekt.<a href=\"https:\/\/travelshelper.com\/sv\/destinationer\/nordamerika\/amerikas-forenta-stater\/berkeley-springs\/\" target=\"_self\" aria-labelledby=\"uael-post-8997\"><br \/>\n<\/a><\/p>","protected":false},"excerpt":{"rendered":"<p>Tecopa \u00e4r en folkr\u00e4kningsdesignerad plats (CDP) bel\u00e4gen i Mojave\u00f6knen, bel\u00e4gen i den syd\u00f6stra regionen av Inyo County, Kalifornien. Denna lilla stad, som k\u00e4nnetecknas av sin historiska betydelse och naturliga sk\u00f6nhet, har f\u00f6r\u00e4ndrats avsev\u00e4rt under \u00e5ren. Tecopas f\u00f6rflutna \u00e4r starkt sammanfl\u00e4tade med deras, och \u00e5terspeglar Koso- och Chemehuevi-indianernas seder och kulturer. Drivet av m\u00f6jligheten till mineralrikedomar fr\u00e5n n\u00e4rliggande gruvor, s\u00e5g omr\u00e5det en markant \u00f6kning av antalet pionj\u00e4rer i slutet av 1800-talet.<\/p>","protected":false},"author":1,"featured_media":17576,"parent":8072,"menu_order":0,"comment_status":"closed","ping_status":"closed","template":"elementor_theme","meta":{"_eb_attr":"","footnotes":""},"class_list":["post-8943","page","type-page","status-publish","has-post-thumbnail"],"_links":{"self":[{"href":"https:\/\/travelshelper.com\/sv\/wp-json\/wp\/v2\/pages\/8943","targetHints":{"allow":["GET"]}}],"collection":[{"href":"https:\/\/travelshelper.com\/sv\/wp-json\/wp\/v2\/pages"}],"about":[{"href":"https:\/\/travelshelper.com\/sv\/wp-json\/wp\/v2\/types\/page"}],"author":[{"embeddable":true,"href":"https:\/\/travelshelper.com\/sv\/wp-json\/wp\/v2\/users\/1"}],"replies":[{"embeddable":true,"href":"https:\/\/travelshelper.com\/sv\/wp-json\/wp\/v2\/comments?post=8943"}],"version-history":[{"count":0,"href":"https:\/\/travelshelper.com\/sv\/wp-json\/wp\/v2\/pages\/8943\/revisions"}],"up":[{"embeddable":true,"href":"https:\/\/travelshelper.com\/sv\/wp-json\/wp\/v2\/pages\/8072"}],"wp:featuredmedia":[{"embeddable":true,"href":"https:\/\/travelshelper.com\/sv\/wp-json\/wp\/v2\/media\/17576"}],"wp:attachment":[{"href":"https:\/\/travelshelper.com\/sv\/wp-json\/wp\/v2\/media?parent=8943"}],"curies":[{"name":"wp","href":"https:\/\/api.w.org\/{rel}","templated":true}]}}