{"id":8925,"date":"2024-09-06T14:36:18","date_gmt":"2024-09-06T14:36:18","guid":{"rendered":"https:\/\/travelshelper.com\/staging\/?page_id=8925"},"modified":"2026-03-13T17:42:55","modified_gmt":"2026-03-13T17:42:55","slug":"eureka-springs","status":"publish","type":"page","link":"https:\/\/travelshelper.com\/sv\/destinations\/north-america\/united-states\/eureka-springs\/","title":{"rendered":"Eureka Springs"},"content":{"rendered":"<p>Eureka Springs \u00e4r en liten men f\u00f6rtrollande stad i Ozarkbergen i nordv\u00e4stra Arkansas. Befolkningen \u00e4r liten \u2013 cirka 2 200 personer bor h\u00e4r \u2013 men stadens yta \u00e4r st\u00f6rre \u00e4n de flesta st\u00e4der av den storleken, eftersom dess historiska distrikt kl\u00e4ttrar uppf\u00f6r branta backar med slingrande gator. Demografiskt sett \u00e4r Eureka Springs \u00f6verv\u00e4gande vit (icke-spansktalande) \u2013 cirka 85 % av inv\u00e5narna \u2013 medan afroamerikaner, indianer, asiater och latinamerikaner utg\u00f6r resten (latinamerikaner utg\u00f6r ungef\u00e4r 6 % av befolkningen). Staden har en h\u00f6gre median\u00e5lder (cirka 51 \u00e5r), vilket \u00e5terspeglar dess popularitet bland pension\u00e4rer och konstn\u00e4rer. Medianhush\u00e5llsinkomsten \u00e4r cirka 41 800 dollar, n\u00e5got under den nationella medianinkomsten. Eureka Springs har ingen tung industri; den lokala ekonomin \u00e4r beroende av turism, konst och sm\u00e5f\u00f6retag. M\u00e5nga inv\u00e5nare arbetar inom hotell, restauranger, gallerier) eller pendlar till jobb i n\u00e4rliggande st\u00e4der (Fayetteville, Springfield).<\/p>\n<p>Eureka Springs ligger i Ozarkbergen (en del av US Interior Highlands). Det ligger p\u00e5 cirka 433 m h\u00f6jd, tillr\u00e4ckligt h\u00f6gt f\u00f6r att vintrarna kan vara svala. Det omgivande landskapet best\u00e5r av t\u00e4tt skogskl\u00e4dda kalkstenskuller och k\u00e4llmatade b\u00e4ckar. Stadens gator slingrar sig l\u00e4ngs kullarnas konturer, vilket ger den en unik &#034;l\u00f6pbandsstadsk\u00e4nsla&#034; (en huvudgata, Spring Street, g\u00e5r uppf\u00f6r m\u00e5nga kvarter). Det finns ingen flod som rinner genom staden; snarare bubblar naturliga k\u00e4llor upp i parker och k\u00e4llare. Klimatet \u00e4r fuktigt subtropiskt med starka \u00e5rstidsv\u00e4xlingar: somrarna \u00e4r varma och fuktiga (juli h\u00f6gsta genomsnittstemperatur \u00e4r runt 32 \u00b0C) och vintrarna \u00e4r kalla (december och januari dagtids h\u00f6gsta temperaturer endast i de \u00f6vre 30-talet, cirka 3\u20134 \u00b0C). Sn\u00f6 \u00e4r vanligt p\u00e5 vintern. H\u00f6sten ger f\u00e4rgglad l\u00f6vverk i Ozarkbergen, och v\u00e5ren kan vara behagligt varm. Sammantaget inneb\u00e4r Eurekas bergsmilj\u00f6 att det k\u00e4nns mer tempererat \u00e4n l\u00e5glandet Arkansas \u2013 svalare somrar och kallare vintrar \u00e4n, s\u00e4g, Little Rock.<\/p>\n<h2>Eureka Springs i siffror (befolkning, demografi, ekonomi)<\/h2>\n<p>Eureka Springs \u00e4r k\u00e4nt f\u00f6r sin lilla befolkning: dess folkr\u00e4kning 2020 var 2 166 (nyligen uppskattade v\u00e4rden \u00e4r mycket lika, cirka 2 200). Denna befolkning \u00e4r spridd \u00f6ver ungef\u00e4r 17,9 km\u00b2 av stadsyta, vilket g\u00f6r den glest befolkad. Median\u00e5ldern \u00e4r ovanligt h\u00f6g (cirka 50,9 \u00e5r) p\u00e5 grund av de m\u00e5nga pension\u00e4rerna och fritidshus\u00e4gare. Staden har sett en l\u00e5ngsam tillv\u00e4xt eller till och med en liten minskning av befolkningen under de senaste decennierna \u2013 delvis p\u00e5 grund av att bostadskostnaderna i denna turiststad \u00e4r h\u00f6ga. Den etniska sammans\u00e4ttningen \u00e4r \u00f6verv\u00e4ldigande vit (cirka 84\u201386%). Latinamerikaner\/latinoer utg\u00f6r ungef\u00e4r 5\u20136% av befolkningen (med r\u00f6tter ofta i lokalt jordbruk och servicejobb). Det finns en spridning av svarta, indianer och asiatiska inv\u00e5nare. N\u00e4r det g\u00e4ller inkomst \u00e4r Eurekas medianhush\u00e5llsinkomst cirka 41 800 dollar, under den nationella medianen. Levnadskostnaderna \u00e4r relativt h\u00f6ga f\u00f6r Arkansas (drivna av turismbaserade hyror och el), s\u00e5 m\u00e5nga arbetare bor utanf\u00f6r staden eller pendlar. Cirka 10\u201311 % av inv\u00e5narna lever under fattigdomsgr\u00e4nsen, vilket \u00e4r l\u00e4gre \u00e4n den nationella siffran.<\/p>\n<p>Eureka Springs har f\u00e5 stora arbetsgivare. Dess ekonomi kretsar kring turism: hotell, B&amp;B, restauranger, konstgallerier och butiker. P\u00e5 sommaren blomstrar ekonomin tack vare semesterverksamheten; p\u00e5 vintern saktar staden ner (men v\u00e4lkomnar fortfarande g\u00e4ster f\u00f6r ny\u00e5r och lokala evenemang). Konst och hantverk \u00e4r kulturellt viktiga: det finns dussintals gallerier och atelj\u00e9er som marknadsf\u00f6r sig till turister. En unik del av ekonomin \u00e4r alternativ energi: Eureka Springs har m\u00e5nga soldrivna hus och var tidigt ute med att inf\u00f6ra gr\u00f6nt byggande (delvis tack vare Ozarks skogvaktare och stadsvision\u00e4r John Tyler). Utbildningsm\u00e4ssigt finns ett litet offentligt skolsystem, och det finns n\u00e5gra specialskolor (t.ex. f\u00f6r konst eller holistiska studier). Eurekas ekonomi \u00e4r eklektisk och fr\u00e4mst serviceinriktad \u2013 en stad d\u00e4r charmig historisk charm har blivit den viktigaste exportvaran.<\/p>\n<h2>Plats (Region, Landskap, Klimat)<\/h2>\n<p>Eureka Springs ligger i Ozarkbergen i mellanv\u00e4stern, i nordv\u00e4stra Arkansas Carroll County. Staden ligger vid koordinaterna 36\u00b024\u2032N, 93\u00b044\u2032W, p\u00e5 gr\u00e4nsen till Missouri. Staden \u00e4r ber\u00f6mt byggd p\u00e5 sidan av en brant backe, s\u00e5 m\u00e5nga adresser anv\u00e4nder hiss- eller trappbeskrivningar ist\u00e4llet f\u00f6r gatunummer (till exempel &#034;I utkanten av staden s\u00e4ljer en man vattenmeloner vid 30th W.&#034;, vilket framh\u00e4ver hur gatun\u00e4tet bryts ner). Hela det centrala distriktet \u00e4r ett nationellt historiskt landm\u00e4rke byggt p\u00e5 kullar ovanf\u00f6r &#034;Basin Spring&#034;, ett popul\u00e4rt cirkul\u00e4rt torg. \u00d6ster och v\u00e4ster om staden finns skogskl\u00e4dda \u00e5sar och dalar. Ett viktigt geografiskt s\u00e4rdrag \u00e4r Turner Ward Knob, en punkt p\u00e5 en \u00e5s v\u00e4ster om staden som har utsikt \u00f6ver fem stater p\u00e5 en klar dag (Missouri, Kansas, Oklahoma, Arkansas och h\u00f6rnet av Tennessee), \u00e4ven om Turner Ward Knob i sig ligger p\u00e5 privat mark.<\/p>\n<p>Klimatet i Eureka Springs \u00e4r fuktigt subtropiskt (Cfa) med mycket utpr\u00e4glade \u00e5rstider. Somrarna \u00e4r varma och fuktiga \u2013 i juli och augusti ligger temperaturerna i genomsnitt runt 32 \u00b0C, och luftfuktigheten kan g\u00f6ra att det k\u00e4nns varmare. Sommarn\u00e4tterna \u00e4r varma (ofta inte mycket under 21 \u00b0C). H\u00f6sten ger l\u00e4ttnad med svalare dagar och krispiga n\u00e4tter. Vintrarna \u00e4r kyliga och ibland sn\u00f6iga: i december och januari ligger temperaturerna i genomsnitt runt 4 \u00b0C och i l\u00e4gsta temperatur runt \u22126 \u00b0C. Sn\u00f6 kan samlas men sm\u00e4lter vanligtvis inom en vecka eller tv\u00e5. V\u00e5ren \u00e4r behaglig fram till slutet av maj, med temperaturer som stiger fr\u00e5n svalt till varmt. Nederb\u00f6rden \u00e4r ganska j\u00e4mnt f\u00f6rdelad (med topp p\u00e5 v\u00e5ren och sommaren), men enstaka stormar kan orsaka \u00f6versv\u00e4mningar i de m\u00e5nga s\u00e4nkorna (Eureka \u00e4r k\u00e4nt f\u00f6r st\u00f6rtfloder om kraftigt regn sl\u00e5r till). Sammantaget kan man t\u00e4nka sig att Eureka Springs har fyra distinkta \u00e5rstider \u2013 frodiga gr\u00f6na k\u00e4llor, varma somrar, f\u00e4rgglada fall och kalla vintrar \u2013 alla i en tempererad bergsmilj\u00f6.<\/p>\n<h2>Historisk \u00f6gonblicksbild (ursprung och milstolpar)<\/h2>\n<p>Eureka Springs historia b\u00f6rjar med dess helande k\u00e4llor. L\u00e5ngt innan det var en stad, var det lokala vattnet (mineralrika k\u00e4llor) k\u00e4nt f\u00f6r att ha medicinska egenskaper. Den f\u00f6rsta permanenta bos\u00e4ttaren tros vara Alvah Jackson \u00e5r 1856, som marknadsf\u00f6rde k\u00e4llorna f\u00f6r \u00f6gonsjukdomar. \u00c5r 1879 hade aff\u00e4rsmannen Samuel Saunders organiserat turismfr\u00e4mjande \u00e5tg\u00e4rder. Staden anlades officiellt och inf\u00f6rlivades \u00e5r 1880, bokstavligen p\u00e5 alla hj\u00e4rtans dag. Investerare byggde viktorianska hotell, badhus och hem n\u00e4ra k\u00e4llorna, och Eureka Springs blev snabbt en fashionabel semesterort. I slutet av 1880-talet var det den n\u00e4st st\u00f6rsta staden i Arkansas, med bes\u00f6kare fr\u00e5n St. Louis, Chicago och andra platser.<\/p>\n<p>Glansdagarna 1880\u20131910 l\u00e4mnade ett best\u00e5ende arkitektoniskt arv. Hela stadsk\u00e4rnan finns med p\u00e5 National Register of Historic Places, med hundratals bevarade byggnader fr\u00e5n den viktorianska eran. Bland ber\u00f6mda byggnader finns Crescent Hotel (\u00f6ppnade 1886 som en lyxresort) och det k\u00e4llmatade Ozark Bathhouse. Eurekas historiska distrikt \u00e4r s\u00e5 intakt att hela staden 1972 placerades p\u00e5 NRHP \u2013 den uts\u00e5gs senare till en National Trust &#034;Distinctive Destination&#034; f\u00f6r sin karakt\u00e4r.<\/p>\n<p>Turismen minskade under mitten av 1900-talet (den stora depressionen och f\u00f6r\u00e4ndringar i resandet skadade m\u00e5nga semesterorter). Men Eureka Springs upplevde en kulturell \u00e5terupplivning med b\u00f6rjan p\u00e5 1960- och 70-talen. Konstn\u00e4rer, hantverkare och &#034;tillbaka-till-landet&#034;-bor uppt\u00e4ckte stadens charm och startade gallerier och butiker. Denna kreativa tillstr\u00f6mning r\u00e4ddade m\u00e5nga av de gamla hotellen fr\u00e5n rivning och f\u00f6rvandlade dem till v\u00e4rdshus och B&amp;B. Crescent Hotel, till exempel, \u00f6ppnades igen i slutet av 1970-talet (efter en period som ett \u00e4ldreboende) och blev k\u00e4nt f\u00f6r sina p\u00e5st\u00e5dda hems\u00f6kelser. St\u00e4ngningen av Crescent Retirement Home 1972 ledde till att det restaurerades som ett hotell och museum f\u00f6r paranormala fenomen.<\/p>\n<p>Idag \u00e4r Eureka Springs identitet starkt f\u00f6rknippad med en historisk viktoriansk kurort som blivit ett centrum f\u00f6r konst och turism. Dess grundande runt k\u00e4llorna, bildandet 1880 och dess \u00f6verlevnad som ett historiskt distrikt \u00e4r viktiga milstolpar. Varje k\u00e4lla-matad font\u00e4n, gammal tegelgata och slingrande gr\u00e4nd \u00e4r en blinkning till detta 1800-talsursprung. Resen\u00e4rer uppskattar att Eureka aldrig f\u00f6rlorade sitt arv: hotellen, gatlyktorna och till och med telefonstolparna ser ut ungef\u00e4r som de gjorde f\u00f6r \u00f6ver ett sekel sedan.<\/p>\n<h2>Kulturell atmosf\u00e4r (lokal karakt\u00e4r, traditioner, festivaler, livsstil)<\/h2>\n<p>Eureka Springs har en udda, konstn\u00e4rlig sydstatsk\u00e4nsla av g\u00e4stfrihet. Befolkningen \u00e4r en blandning av lokalbefolkningen som bott l\u00e4nge, hantverkare, hippies och pension\u00e4rer, som alla umg\u00e5s med turister. Engelska talas allm\u00e4nt; en del spanska h\u00f6rs (vilket \u00e5terspeglar Arkansas blygsamma latinamerikanska gemenskap). Lokalbefolkningen \u00e4r i allm\u00e4nhet v\u00e4nlig och informell \u2013 ett varmt handslag, erbjudandet om s\u00f6tt te och en villighet att prata \u00e4r vanligt. Staden lockar kreativa m\u00e4nniskor: arbetande konstn\u00e4rer i gallerier, folkmusiker p\u00e5 pubarna och teaterartister (Eureka Springs har sitt eget hyllade middagsteaterf\u00f6retag, &#034;Intrigue&#034;).<\/p>\n<p>Det lokala k\u00f6ket lyfter fram sydstatsmat med inslag fr\u00e5n Ozark. Barbecue, havskatt och grits \u00e4r popul\u00e4ra, tillsammans med lokalt bryggda \u00f6l. En ovanlig men \u00e4lskad tradition: varje \u00e5r p\u00e5 h\u00f6sten anordnar Eureka en Bluegrass &amp; BBQ-festival under Labor Day-helgen, d\u00e4r man firar bergsmusik och lokala pitmasters. Det fanns ocks\u00e5 historiskt sett en &#034;World Championship Turkey Calling Contest&#034; varje november, vilket \u00e5terspeglar den lantliga milj\u00f6n (\u00e4ven om det evenemanget pausades de senaste \u00e5ren). Den st\u00f6rsta moderna festivalen i Eureka \u00e4r kanske Illuminate the Falls (ett ljusevenemang i centrum i december), eller julparaden och gatufestivalen (staden drar full fart p\u00e5 gammaldags dekorationer i december). P\u00e5 senare tid har staden h\u00e5llit Pride-firanden (en hyllning till dess \u00f6verraskande HBTQ-v\u00e4nliga gemenskap) och en popul\u00e4r grekisk festival varje oktober (p\u00e5 grund av att en av grundarfamiljerna \u00e4r av grekisk h\u00e4rkomst).<\/p>\n<p>Vardagslivet i Eureka Springs kretsar kring g\u00e4stfrihet och utomhusliv. Morgonen kan b\u00f6rja med en yogaklass i en av konstparkerna eller en promenad genom Basin Spring Park (font\u00e4nomr\u00e5det i centrum). P\u00e5 eftermiddagarna vandrar turister i butikerna eller beger sig till vandringsleder ovanf\u00f6r staden (som Trail of Tears eller Lake Leatherwood City Park). Kv\u00e4llarna kan bjuda p\u00e5 livemusik p\u00e5 en lokal musikhall eller en sp\u00f6krunda p\u00e5 pub (Eureka omfamnar sitt hems\u00f6kta rykte). Halloween \u00e4r en stor grej h\u00e4r \u2013 folk kl\u00e4r ut sig hela m\u00e5naden. Livet \u00e4r avslappnat: butikernas \u00f6ppettider st\u00e4nger ofta mitt p\u00e5 eftermiddagen s\u00e5 att \u00e4garna kan delta i lokala evenemang eller utflykter i bergen.<\/p>\n<p>Ett k\u00e4nnetecken f\u00f6r Eureka-kulturen \u00e4r dess sj\u00e4lvst\u00e4ndighet och gemenskapsanda. Till exempel driver staden flera lokala kooperativ (en kreditf\u00f6rening, ett matkooperativ) och har m\u00e5nga teater- och musikgrupper. Inv\u00e5narna s\u00e4ger ofta &#034;vi g\u00f6r det sj\u00e4lva&#034; n\u00e4r de h\u00e4nvisar till festivaler eller samh\u00e4llsf\u00f6rb\u00e4ttringar. Politiskt lutar staden \u00e5t en konservativ inst\u00e4llning (vilket \u00e4r vanligt p\u00e5 landsbygden i Arkansas), men i sociala fr\u00e5gor tenderar inv\u00e5narna att vara toleranta och \u00f6ppensinnade (sannolikt influerade av den konstn\u00e4rliga kulturen).<\/p>\n<h2>Toppattraktioner (M\u00e5ste-se sev\u00e4rdheter och upplevelser)<\/h2>\n<p>Eureka Springs sev\u00e4rdheter blandar historia, konst och natur. Det ber\u00f6mda Thorncrown Chapel \u00e4r ofta h\u00f6gst upp p\u00e5 listan: en fantastisk struktur i glas och tr\u00e4 byggd 1980 i en skogsgl\u00e4nta, d\u00e4r v\u00e4ggarna f\u00f6rsvinner in i skogen. Detta kapell \u00e4r v\u00e4rldsber\u00f6mt f\u00f6r sin arkitektur och \u00e4r lika mycket en naturpromenad som en andlig plats.<\/p>\n<p>Sj\u00e4lva centrum \u00e4r hj\u00e4rtat av sev\u00e4rdheter. Det historiska Crescent Hotel (p\u00e5 bilden ovan) \u00e4r en storslagen semesteranl\u00e4ggning fr\u00e5n den viktorianska eran som nu \u00e4r museum och v\u00e4rdshus. G\u00e4sterna kan bes\u00f6ka &#034;American&#039;s Most Haunted Hotel&#034;, \u00e4ta i den eleganta restaurangen eller helt enkelt njuta av dess tornarkitektur. Basin Spring Park (stadens centrala font\u00e4nomr\u00e5de) har dussintals k\u00e4llmatade font\u00e4ner som bubblar p\u00e5 gatorna. Att strosa l\u00e4ngs Spring Street och Main Street \u00e4r en attraktion i sig: \u00f6ver hundra butiker och konstgallerier kantar de slingrande kullarna och s\u00e4ljer lokalt hantverk, smycken, antikviteter och regional mat.<\/p>\n<p>Natursk\u00f6na platser och uteliv finns ocks\u00e5 i n\u00e4rheten. Statyn &#034;Christ of the Ozarks&#034; \u2013 ett 20 meter h\u00f6gt Jesusmonument p\u00e5 toppen av Magnetic Mountain \u2013 blickar ut \u00f6ver staden fr\u00e5n n\u00e5gra kilometer bort. Det finns ocks\u00e5 det n\u00e4rliggande Blue Spring Heritage Center (en sekelgammal egendom med Ozark-tr\u00e4dg\u00e5rdar) och Lake Leatherwood City Park (ellev kilometer v\u00e4sterut, en stor park med vandrings-, cykel- och sj\u00f6m\u00f6jligheter). Natur\u00e4lskare bes\u00f6ker Turpentine Creek Wildlife Refuge strax utanf\u00f6r staden, d\u00e4r stora kattdjur (tigrar, lejon) r\u00e4ddas och kan ses. Turister utforskar ocks\u00e5 Mulladay Hollow Aquatic &amp; Trail, och omr\u00e5det som kallas &#034;Onyx Cave&#034; har en konstgjord grottvandring l\u00e4ngs US-23.<\/p>\n<p>Konstscenen i sig \u00e4r en sev\u00e4rdhet: Eurekas m\u00e5nga gallerier och Eureka Springs Historical Museum lockar kultur\u00e4lskare. Operan i Ozark vid Inspiration Point anordnar klassiska utomhuskonserter i en r\u00f6d ladug\u00e5rdsteater (\u00f6ppen juni\u2013september). Om du bes\u00f6ker platsen runt Halloween lockade Great Passion Play (tidigare turn\u00e9) en g\u00e5ng tiotusentals bes\u00f6kare. Kort sagt, m\u00e5sten inkluderar Thorncrown Chapel, Crescent Hotel, Basin Spring Park och en kv\u00e4llspromenad p\u00e5 de glittrande viktorianska gatorna. Varje attraktion kan kombineras med en m\u00e5ltid p\u00e5 en lokal restaurang \u2013 vilket m\u00e4ttar b\u00e5de sj\u00e4l och mage.<\/p>\n<h2>Praktisk \u00f6gonblicksbild (Ta sig dit, Ta sig runt, Tips)<\/h2>\n<p>Eureka Springs ligger relativt avl\u00e4gset. De n\u00e4rmaste st\u00f6rre flygplatserna \u00e4r Northwest Arkansas National (XNA) n\u00e4ra Bentonville (cirka 120 km nordv\u00e4st) eller Springfield-Branson National (SGF) i Missouri (cirka 112 km norrut) och Springdale Municipal (27 km). Fr\u00e5n n\u00e5gon av dessa rekommenderas det att hyra bil (det finns vanligtvis inga bussar). Med bil trafikeras Eureka av US-62 (som g\u00e5r \u00f6st-v\u00e4st genom staden) och US-412\/US-23 (nord-syd till Harrison). Fr\u00e5n I-49, ta avfart 33 (Hwy 62 \u00f6sterut) till Eureka. Bilresan genom Ozarkbergen \u00e4r natursk\u00f6n men bergig \u2013 var beredd p\u00e5 h\u00e5rn\u00e5lskurvor och se upp f\u00f6r vilda djur som korsar omr\u00e5det. Interstate-bussarna (Greyhound) stannar i n\u00e4rliggande Harrison eller Springdale, men inte i sj\u00e4lva Eureka.<\/p>\n<p>Eureka Springs \u00e4r mycket promenadv\u00e4nligt i sin historiska k\u00e4rna \u2013 m\u00e5nga gator \u00e4r endast f\u00f6r fotg\u00e4ngare eller har smala trottoarer. Men eftersom staden \u00e4r byggd p\u00e5 kullar, var beredd p\u00e5 trappor och branta g\u00e5ngv\u00e4gar. Mycket av den historiska stadsk\u00e4rnan \u00e4r verkligen byggd som en labyrint av trappor och gr\u00e4nder (tanken att k\u00f6ra varje gata \u00e4r l\u00f6jlig); m\u00e5nga hotell erbjuder skyttelbussar l\u00e4ngs sluttningarna. Det centrala aff\u00e4rsdistriktet (Spring, Main, Mountain och Center Streets) kan utforskas till fots. F\u00f6r sev\u00e4rdheter utanf\u00f6r centrum (t.ex. Thorncrown Chapel, Crescent Hotel, Lake Leatherwood) beh\u00f6vs bil. Parkering i staden \u00e4r gratis p\u00e5 gatan eller p\u00e5 stadens parkeringsplatser (skyltar anger tv\u00e5timmarsgr\u00e4ns n\u00e4ra butiker). Var f\u00f6rsiktig n\u00e4r du k\u00f6r efter m\u00f6rkrets inbrott p\u00e5 de smala, slingrande v\u00e4garna in och ut ur staden.<\/p>\n<p><strong>Grundl\u00e4ggande tips:<\/strong><\/p>\n<ul>\n<li><strong>Valuta och betalning:<\/strong> Amerikanska dollar. Kreditkort accepteras generellt i butiker och restauranger (vissa sm\u00e5f\u00f6retag kan endast ta emot kontanter, men det \u00e4r s\u00e4llsynt). Det \u00e4r klokt att ha n\u00e5gra sm\u00e5 sedlar f\u00f6r dricks eller enstaka k\u00f6p p\u00e5 marknaden.<\/li>\n<li><strong>Spr\u00e5k:<\/strong> Engelskan \u00e4r dominerande. (Eurekas sommarbes\u00f6kare och konstn\u00e4rer l\u00e4gger till n\u00e5gra fr\u00e4mmande spr\u00e5k d\u00e5 och d\u00e5.) Grundl\u00e4ggande amerikansk artighet r\u00e4cker l\u00e5ngt (&#034;sn\u00e4lla&#034;, &#034;tack&#034;).<\/li>\n<li><strong>Boende:<\/strong> Eureka Springs har inga stora hotell \u2013 det best\u00e5r av bed and breakfast-v\u00e4rdshus, vintagemotell och boutiquehotell. Kontrollera tiderna noggrant: m\u00e5nga B&amp;B kr\u00e4ver bokning och har begr\u00e4nsade \u00f6ppettider i receptionen. Om du anl\u00e4nder sent, informera din v\u00e4rdshusv\u00e4rd.<\/li>\n<li><strong>Kl\u00e4der:<\/strong> Under de varma m\u00e5naderna, kl\u00e4 dig i lager (kv\u00e4llarna kan bli svalare i bergen). G\u00e5bara skor \u00e4r ett m\u00e5ste \u2013 trappor och kullerstenar beh\u00f6ver bra sulor. P\u00e5 vintern, ta med varma jackor, m\u00f6ssor och handskar (sn\u00f6 \u00e4r vanligt). Och ha alltid solglas\u00f6gon \u2013 bl\u00e4nker mot vitm\u00e5lade viktorianska byggnader och enstaka sn\u00f6 kan vara starkt.<\/li>\n<li><strong>Etikett:<\/strong> Eureka \u00e4r v\u00e4nligt och udda. Du kan st\u00f6ta p\u00e5 gatuartister eller artister; det \u00e4r brukligt att ge dem dricks (eller p\u00e5 lokala restauranger ger dricks till servern 15\u201318 %). Bilister ger fotg\u00e4ngare f\u00f6retr\u00e4de p\u00e5 m\u00e5nga smala gator. Amerikaner k\u00f6r p\u00e5 h\u00f6ger sida av v\u00e4gen h\u00e4r. I butikerna kan du g\u00e4rna titta runt och prata med butiks\u00e4gare. Respektera lokala skyltar: vissa historiska trappor \u00e4r endast enkelriktade eller endast f\u00f6r hotellg\u00e4ster.<\/li>\n<li><strong>S\u00e4kerhet:<\/strong> Eureka Springs \u00e4r mycket s\u00e4kert \u2013 v\u00e5ldsbrott \u00e4r extremt s\u00e4llsynt. Dag som natt \u00e4r centrum v\u00e4lbevakat av sm\u00e5stadspolis. Standard\u00e5tg\u00e4rder g\u00e4ller: l\u00e5s bilen och visa inte v\u00e4rdesaker. Mobilt\u00e4ckningen \u00e4r bra med flera operat\u00f6rer (men p\u00e5 avl\u00e4gsna stigar eller grottor kan den f\u00f6rsvinna). Eureka kan \u00f6versv\u00e4mmas kortvarigt efter kraftiga regn (vissa gator kan bli tillf\u00e4lligt spolade), s\u00e5 var uppm\u00e4rksam p\u00e5 eventuella gatubarrikader under stormar.<\/li>\n<\/ul>\n<p>Sammantaget k\u00e4nns det som att resa tillbaka i tiden att bes\u00f6ka Eureka Springs, men med modern bekv\u00e4mlighet. Lokalbefolkningen \u00e4r vana vid turister \u2013 butiks\u00e4garna pratar g\u00e4rna om stadens historia, och hotellpersonalen k\u00e4nner till varenda genv\u00e4g genom labyrinten av gator. Om du k\u00f6r in i Arkansas fr\u00e5n Missouri eller fr\u00e5n Bransons flygplatser \u00e4r Eureka tydligt skyltat och v\u00e4l v\u00e4rt en omv\u00e4g. T\u00e4nk bara p\u00e5 att det \u00e4r litet och historiskt: planera kortare k\u00f6rdagar mellan sev\u00e4rdheterna och njut av varje h\u00f6rn av denna sagolika bergsby.<a href=\"https:\/\/travelshelper.com\/sv\/destinationer\/nordamerika\/amerikas-forenta-stater\/berkeley-springs\/\" target=\"_self\" aria-labelledby=\"uael-post-8997\"><br \/>\n<\/a><\/p>","protected":false},"excerpt":{"rendered":"<p>Eureka Springs, undang\u00f6mt i Carroll County, Arkansas, \u00e4r en skatt i Ozarkbergen alldeles intill Missouri-gr\u00e4nsen. Eureka Springs, en av de tv\u00e5 l\u00e4nsst\u00e4derna, har en rik historia och en unik dragningskraft som har glatt bes\u00f6kare i \u00e5rtionden. Folkr\u00e4kningen 2020 noterar 2 166 inv\u00e5nare i staden.<\/p>","protected":false},"author":1,"featured_media":17518,"parent":8072,"menu_order":0,"comment_status":"closed","ping_status":"closed","template":"elementor_theme","meta":{"_eb_attr":"","footnotes":""},"class_list":["post-8925","page","type-page","status-publish","has-post-thumbnail"],"_links":{"self":[{"href":"https:\/\/travelshelper.com\/sv\/wp-json\/wp\/v2\/pages\/8925","targetHints":{"allow":["GET"]}}],"collection":[{"href":"https:\/\/travelshelper.com\/sv\/wp-json\/wp\/v2\/pages"}],"about":[{"href":"https:\/\/travelshelper.com\/sv\/wp-json\/wp\/v2\/types\/page"}],"author":[{"embeddable":true,"href":"https:\/\/travelshelper.com\/sv\/wp-json\/wp\/v2\/users\/1"}],"replies":[{"embeddable":true,"href":"https:\/\/travelshelper.com\/sv\/wp-json\/wp\/v2\/comments?post=8925"}],"version-history":[{"count":0,"href":"https:\/\/travelshelper.com\/sv\/wp-json\/wp\/v2\/pages\/8925\/revisions"}],"up":[{"embeddable":true,"href":"https:\/\/travelshelper.com\/sv\/wp-json\/wp\/v2\/pages\/8072"}],"wp:featuredmedia":[{"embeddable":true,"href":"https:\/\/travelshelper.com\/sv\/wp-json\/wp\/v2\/media\/17518"}],"wp:attachment":[{"href":"https:\/\/travelshelper.com\/sv\/wp-json\/wp\/v2\/media?parent=8925"}],"curies":[{"name":"wp","href":"https:\/\/api.w.org\/{rel}","templated":true}]}}