{"id":8733,"date":"2024-09-04T18:42:05","date_gmt":"2024-09-04T18:42:05","guid":{"rendered":"https:\/\/travelshelper.com\/staging\/?page_id=8733"},"modified":"2026-03-13T17:50:01","modified_gmt":"2026-03-13T17:50:01","slug":"denver","status":"publish","type":"page","link":"https:\/\/travelshelper.com\/sv\/destinations\/north-america\/united-states\/denver\/","title":{"rendered":"Denver"},"content":{"rendered":"<p>Denver, k\u00e4nd som &#034;Mile High City&#034;, \u00e4r Colorados huvudstad och st\u00f6rsta stad. Enligt nyligen genomf\u00f6rda uppskattningar \u00e4r stadens befolkning cirka 715 000 (2020 \u00e5rs folkr\u00e4kning: 715 522), vilket g\u00f6r den till den 19:e st\u00f6rsta staden i USA. Denver-storstadsomr\u00e5det (inklusive f\u00f6rorter) n\u00e4rmar sig nu 3 miljoner. Denvers demografi \u00e4r m\u00e5ngsidig: ungef\u00e4r 55 % av inv\u00e5narna \u00e4r icke-spansktalande vita, och cirka 28 % \u00e4r spansktalande eller latinamerikanska. Afroamerikaner utg\u00f6r cirka 8\u20139 %, och det finns v\u00e4xande asiatiska och blandrasiga samh\u00e4llen. Median\u00e5ldern \u00e4r i mitten av 30-\u00e5rs\u00e5ldern, vilket \u00e5terspeglar en blandning av unga yrkesverksamma och familjer. Staden \u00e4r relativt v\u00e4lb\u00e4rgad: medianhush\u00e5llsinkomsten \u00e4r cirka 91 700 dollar, \u00f6ver det nationella genomsnittet, \u00e4ven om levnadskostnaderna (s\u00e4rskilt bostadskostnaderna) \u00e4r h\u00f6ga. Arbetsl\u00f6sheten \u00e4r vanligtvis l\u00e5g, och viktiga branscher inkluderar finans, energi, flyg- och rymdindustrin, telekommunikation, bioteknik och i allt h\u00f6gre grad teknikstartups (Denver \u00e4r nu v\u00e4rd f\u00f6r \u00f6ver 180 fintech-f\u00f6retag). Turism \u00e4r ocks\u00e5 en grundpelare: som porten till Klippiga bergen lockar Denver miljoner bes\u00f6kare f\u00f6r skid\u00e5kning, vandring och konferenser.<\/p>\n<p>Denver ligger vid South Platte River vid den \u00f6stra kanten av Klippiga bergen. Namnet kommer fr\u00e5n James Denver, en territoriell guvern\u00f6r, och \u00e5r 1858 grundades staden som en bos\u00e4ttning under guldrushens tid. Idag ligger Denver p\u00e5 en exakt h\u00f6jd av 1 609 meter \u00f6ver havet \u2013 d\u00e4rav smeknamnet &#034;Mile High&#034;. Stadens k\u00e4rna str\u00e4cker sig \u00f6ver High Plains; i v\u00e4ster h\u00f6jer sig landet i kullarna. Fr\u00e5n centrum kan man se bergstoppar p\u00e5 klara dagar. Denna h\u00f6gh\u00f6jdsmilj\u00f6 p\u00e5 sl\u00e4tterna ger Denvers halvtorra klimat: 300 soldagar per \u00e5r g\u00f6r det k\u00e4nt f\u00f6r sitt ljusa och torra klimat. Somrarna \u00e4r varma, ofta ner till 30 \u00b0C, men med l\u00e5g luftfuktighet, s\u00e5 dagarna \u00e4r behagliga \u00e4ven om de \u00e4r varma. \u00c5skv\u00e4der p\u00e5 eftermiddagarna \u00e4r vanliga i juli och augusti, och drar ofta \u00f6ver staden kortvarigt. Vintrarna medf\u00f6r kyla, sn\u00f6 och inversioner: dagtemperaturer p\u00e5 mellan 4 och 9 \u00b0C och n\u00e4tter under noll \u00e4r typiska, men soliga himmelstemperaturer g\u00f6r att vinterkylan vanligtvis \u00e4r uth\u00e4rdlig (sn\u00f6 faller men sm\u00e4lter ofta snabbt p\u00e5 v\u00e4garna). V\u00e5r och h\u00f6st \u00e4r \u00f6verg\u00e5ngsf\u00f6rh\u00e5llanden och behagliga. Sammantaget \u00e4r Denvers klimat bland de mildaste av de st\u00f6rre st\u00e4derna i Rocky Mountains: luften \u00e4r torr (en v\u00e4lkommen kontrast till st\u00e4derna p\u00e5 \u00f6stkusten) och temperaturerna \u00e4r m\u00e5ttliga under de flesta \u00e5rstider.<\/p>\n<h2>Denver i siffror (befolkning, demografi, ekonomi)<\/h2>\n<p>Med 715 000 inv\u00e5nare (2020) i sj\u00e4lva staden \u00e4r Denver ett livligt stadscentrum. Storstadsbefolkningen \u00e4r n\u00e4stan 3 miljoner i Denver och angr\u00e4nsande l\u00e4n. Denvers befolkning har vuxit snabbt i \u00e5rtionden och n\u00e4stan f\u00f6rdubblats sedan 1990. Stadens medianhush\u00e5llsinkomst \u00e4r cirka 91 700 dollar, och cirka 11 % av inv\u00e5narna lever under fattigdomsgr\u00e4nsen (n\u00e5got l\u00e4gre \u00e4n nationellt). Median\u00e5ldern \u00e4r relativt ung, cirka 35,2 \u00e5r, vilket beror p\u00e5 nyutexaminerade och yrkesverksamma som flyttar till staden.<\/p>\n<p>Demografiskt sett best\u00e5r Denver av 55 % vita (icke-spansktalande) och 28 % spansktalande eller latinamerikanska (av alla etniciteter). Cirka 8,5 % av inv\u00e5narna \u00e4r svarta, 3,5 % asiater, med en mindre andel indianer och stillahavs\u00f6bor. Den utrikesf\u00f6dda befolkningen \u00e4r cirka 13,7 %, vilket \u00e5terspeglar invandring fr\u00e5n Latinamerika, Asien och andra platser. Denna m\u00e5ngfald \u00e4r tydlig i Denvers stadsdelar: till exempel har West Side ett starkt mexikansk-amerikanskt arv, Aurora (\u00f6stra storstadsomr\u00e5det) \u00e4r mycket m\u00e5ngfaldig och det finns m\u00e5nga internationella livsmedelsbutiker och kyrkor med varierande bakgrund i hela staden.<\/p>\n<p>Ekonomiskt sett \u00e4r Denver en av bergsstaternas kraftpaket. Bland de viktigaste industrierna finns flyg- och rymdindustrin (flera f\u00f6retag och federala myndigheter verkar h\u00e4r, och stadens 1950-talstradition av flyg \u00e4r fortfarande stark), energi och naturresurser (Colorado \u00e4r rikt p\u00e5 olja, gas och mineraler, och Denver \u00e4r ett nav f\u00f6r petroleum- och framv\u00e4xande gr\u00f6na energif\u00f6retag), finansiella tj\u00e4nster, telekommunikation, sjukv\u00e5rd och utbildning (University of Colorado Denver och flera universitetsomr\u00e5den ligger h\u00e4r). \u00d6ver 180 finansiella teknikf\u00f6retag (&#034;fintech&#034;) har etablerat sig i Denver. Denver fungerar ocks\u00e5 som regeringss\u00e4te (delstatskapitolen ligger i centrum) och ett distributions-\/logistikcenter f\u00f6r hela bergsregionen. I kombination med turism (Rocky Mountain-rekreation, konferenser, sportevenemang) rankas stadens bruttonationalprodukt h\u00f6gt nationellt. Denvers ekonomi \u00e4r s\u00e5ledes m\u00e5ngfacetterad \u2013 en l\u00e4robokblandning av &#034;Silicon Mountains&#034;-teknik och finans med traditionell Rocky Mountain-industri.<\/p>\n<h2>Plats (Region, Landskap, Klimat)<\/h2>\n<p>Denver ligger i v\u00e4stra Nordamerika, n\u00e4rmare best\u00e4mt i Upper Midwests bergsst\u00e4ppzon. Geografiskt ligger staden p\u00e5 39\u00b044\u2032 N, 105\u00b00\u2032 V (storstadsomr\u00e5de). Staden ligger p\u00e5 m\u00f6tesplatsen mellan High Plains och de sydligaste Klippiga bergen. Dess h\u00f6jd p\u00e5 exakt 1527 meter \u00e4r ett v\u00e4lk\u00e4nt fakta. Fr\u00e5n n\u00e4stan vilken utsiktspunkt som helst ser man de l\u00e5gb\u00f6ljande kullarna vid Front Range i v\u00e4ster och \u00f6ppna sl\u00e4tter i \u00f6ster. South Platte-floden (nu uppd\u00e4md i Cherry Creek Reservoir uppstr\u00f6ms) sk\u00e4r genom centrum, med tr\u00e4dkantade stadsparker l\u00e4ngs den.<\/p>\n<p>Klimatiskt sett upplever Denver fyra distinkta \u00e5rstider. Dess utm\u00e4rkande drag \u00e4r solsken: staden har i genomsnitt cirka 300 soldagar per \u00e5r, bland de h\u00f6gsta av alla amerikanska st\u00e4der. Vintrarna \u00e4r kalla med sl\u00e4tternas m\u00e5tt m\u00e4tt (genomsnittliga vintertemperaturer p\u00e5 runt 4\u00b0C, n\u00e4tter ofta runt tio grader). Sn\u00f6 \u00e4r vanligt f\u00f6rekommande, men sm\u00e4lter ofta inom n\u00e5gra dagar i den starka solen. V\u00e5ren kan vara snabb och stormig, med stora temperatursv\u00e4ngningar (en natt p\u00e5 runt 20\u00b0C kan f\u00f6lja en dag p\u00e5 runt 15\u00b0C). Somrarna \u00e4r generellt varma, med h\u00f6gsta temperaturer i juli och augusti p\u00e5 runt 32\u00b0C i genomsnitt; \u00e5skv\u00e4der sent p\u00e5 eftermiddagen kyler regelbundet ner saker och ting. H\u00f6sten har behagliga dagar och kyliga n\u00e4tter, plus lite h\u00f6stf\u00e4rger i flodparkerna. Luftfuktigheten i Denver \u00e4r l\u00e5g, s\u00e5 \u00e4ven p\u00e5 dagar med 30\u00b0C k\u00e4nns luften torr. Det \u00f6vergripande intrycket \u00e4r av ett milt kontinentalt eller till och med st\u00e4ppklimat: stora dagliga temperaturvariationer, m\u00e5ttlig nederb\u00f6rd (~15 tum\/\u00e5r, mestadels v\u00e5r\/sommar) och frisk luft \u00e5ret runt.<\/p>\n<h2>Historisk \u00f6gonblicksbild (ursprung och milstolpar)<\/h2>\n<p>Denver grundades 1858 under guldrushen i Pike&#039;s Peak. Prospekt\u00f6ren William Larimer gjorde anspr\u00e5k p\u00e5 Cherry Creek och anlade en stadsdel (ursprungligen kallad St. Charles eller Larimer&#039;s Town). Den v\u00e4xte snabbt n\u00e4r tusentals m\u00e4nniskor str\u00f6mmade till Colorado i jakt p\u00e5 lycka. I slutet av 1859 konsoliderades den som Denver City. Den tidiga h\u00f6gkonjunkturen f\u00f6rde med sig kortvariga \u00f6den och katastrofer (plundring, epidemier), men med tiden stelnade Denver till Colorados viktigaste ink\u00f6rsportstad. \u00c5r 1861 gjorde Coloradoterritoriet Denver till sin territoriella huvudstad, och \u00e5r 1876 (\u00e5ret d\u00e5 Colorado blev en delstat) s\u00e4krade Denver sin status som delstatshuvudstad.<\/p>\n<p>Viktiga milstolpar i Denvers uppg\u00e5ng inkluderar j\u00e4rnv\u00e4garnas ankomst p\u00e5 1870-talet (vilket gjorde staden till ett transportknutpunkt) och silvergruveboomen. I slutet av 1870-talet skickade Teller och Gilpin Counties berg av silver genom Denver och byggde upp en silhuett av utsmyckade viktorianska byggnader. En ikonisk symbol var Horace Tabors Tabor Opera House (\u00f6ppnade 1879), ett p\u00e5kostat sju v\u00e5ningar h\u00f6gt operahus som signalerade Denvers sj\u00e4lvf\u00f6rtroende i slutet av 1800-talet. \u00c4ven om silverkraschen 1893 drabbade staden h\u00e5rt hade Denver redan vuxit till den st\u00f6rsta staden i den bergiga v\u00e4stern.<\/p>\n<p>Under 1900-talet diversifierades och moderniserades Denver. Denver Airport (DIA) \u00f6ppnade 1995 l\u00e5ngt \u00f6ster om staden och blev en av de mest trafikerade flygplatserna i v\u00e4rlden \u2013 ett tecken p\u00e5 Denvers nationella f\u00f6rbindelser. Centrala Denver upplevde en ren\u00e4ssans: Lower Downtown (LoDo) \u00e5terupplivades i slutet av 1990-talet. Ett avg\u00f6rande projekt var restaureringen av Union Station runt 2014, vilket f\u00f6rvandlade en en g\u00e5ng f\u00f6rfallen j\u00e4rnv\u00e4gsstation till ett pulserande transportknutpunkt, shoppingomr\u00e5de och hotell. Detta katalyserade den nuvarande boomen av restauranger och loft i det omr\u00e5det. Demokraternas nationella konvent 2008 (som h\u00f6lls i Denver) och legaliseringen av rekreationsmarijuana 2012 satte ocks\u00e5 Denver i rubrikerna. Nya idrottsarenor (Colorado Rockies Coors Field 1995, Nuggets Ball Arena 1999 och Pepsi Center som blev Ball Arena, som var v\u00e4rd f\u00f6r NBA- och NHL-lag) f\u00f6rankrade stadens kulturella ren\u00e4ssans. Kort sagt, Denvers tidslinje str\u00e4cker sig fr\u00e5n gruvl\u00e4ger i vilda v\u00e4stern, till Silverrush boomtown, till 1900-talets energi- och rymdcentrum, till 2000-talets teknik- och turismcentrum. Stadens f\u00f6rm\u00e5ga att \u00e5teruppfinna sitt centrum (vilket ses i LoDos \u00e5terf\u00f6delse) visar en fortsatt dynamik.<\/p>\n<h2>Kulturell atmosf\u00e4r (lokal karakt\u00e4r, traditioner, festivaler, livsstil)<\/h2>\n<p>Denvers kultur \u00e4r en blandning av urban sofistikering och en v\u00e4sterl\u00e4ndsk friluftslivsstil. Stadens inv\u00e5nare \u00e4r ofta stolta \u00f6ver sin aktiva och h\u00e4lsofokuserade livsstil. Staden har ett omfattande parksystem (\u00f6ver 200 parker och hundratals kilometer cykelv\u00e4gar). Friluftsliv \u00e4r v\u00e4vt in i det dagliga livet: inv\u00e5narna kan cykla till jobbet, \u00e5ka skidor eller snowboard p\u00e5 vintern och vandra eller jogga i de n\u00e4rliggande bergen p\u00e5 helgerna. &#034;Mile-High&#034;-stoltheten \u00e4r djupt f\u00f6rankrad \u2013 en k\u00e4nsla av sj\u00e4lvst\u00e4ndighet och vitalitet som f\u00f6ljer med bergslivet. Samtidigt har Denverborna en v\u00e4nlig och avslappnad attityd. Grannar \u00e4r ben\u00e4gna att le och s\u00e4ga &#034;hej&#034;, och hundar \u00e4r en vanlig syn i bryggerier och p\u00e5 trottoarer.<\/p>\n<p>Kulinariskt sett \u00e4r Denver k\u00e4nt f\u00f6r sin hantverks\u00f6lscen (\u00f6ver 300 bryggerier i storstadsomr\u00e5det) och h\u00f6gkvalitativ mat fr\u00e5n g\u00e5rd till bord. Staden har ocks\u00e5 starka mexikanska och sydv\u00e4stra mattraditioner, vilket \u00e5terspeglar dess spansktalande arv. Denver omfamnar ett progressivt socialt klimat \u2013 legalisering av marijuana, homosexuella \u00e4ktenskap och en generellt liberal politisk inriktning \u00e4r allm\u00e4nt accepterade h\u00e4r. Festivaler \u00e4r en stor del av det lokala livet: till exempel \u00e4r Denver varje \u00e5r v\u00e4rd f\u00f6r Great American Beer Festival (h\u00f6sten), en av landets st\u00f6rsta \u00f6lutst\u00e4llningar och ett av landets st\u00f6rsta Cinco de Mayo-firanden. Denver Film Festival (slutet av oktober) och PrideFest (juni) drar till sig nationell uppm\u00e4rksamhet. Mindre gatum\u00e4ssor, konstmarknader och musikevenemang \u00e4ger rum n\u00e4stan varje helg p\u00e5 sommaren (staden anv\u00e4nder Civic Center Park och andra som festivalplatser).<\/p>\n<p>Sport pr\u00e4glar ocks\u00e5 st\u00e4mningen. Denver \u00e4r en av f\u00e5 amerikanska st\u00e4der med lag i alla fyra stora sporter. P\u00e5 matchdagar, s\u00e4rskilt Broncos fotbollss\u00f6ndagar och Rockies basebolls\u00e4songer, \u00e4r st\u00e4mningen festlig (tailgate-fester, orangea tr\u00f6jor och v\u00e4nskapliga vadslagningar mellan fansen). Red Rocks Amphitheatre, strax utanf\u00f6r staden, bidrar med en konsertkultur: blotta omn\u00e4mnandet av en Red Rocks-show \u00e4r en del av den lokala skrytr\u00e4ttigheten.<\/p>\n<p>Demografiskt sett \u00e4r Denver ganska ungt och v\u00e4lutbildat. Det finns en betydande internationell gemenskap (globala teknikarbetare, yrkesverksamma). Kyrkor och kulturcentrum speglar en mosaik av bakgrunder (fr\u00e5n buddhistiska tempel till latinamerikanska folkdansgrupper). Som en nykomlingsv\u00e4nlig stad v\u00e4lkomnar Denver vanligtvis inflyttade med minimalt kr\u00e5ngel; de flesta sociala kretsar \u00e4r avslappnade. Tempot i Denver balanserar arbete och n\u00f6je: du ser v\u00e4lkl\u00e4dda m\u00e4nniskor p\u00e5 en teknikstartup mitt p\u00e5 dagen, och samma kv\u00e4ll surrar gatorna av avslappnade promenader till food trucks eller nattliv. Sammantaget \u00e4r stadens karakt\u00e4r kosmopolitisk men f\u00f6rankrad i naturen \u2013 urbana bekv\u00e4mligheter finns sida vid sida med utsikt \u00f6ver Pikes Peak eller Klippiga bergen, och denna blandning ger Denver en energisk men inte frenetisk rytm.<\/p>\n<h2>Toppattraktioner (M\u00e5ste-se sev\u00e4rdheter och upplevelser)<\/h2>\n<p>Denvers fr\u00e4msta attraktioner omfattar konst, natur och sport. I hj\u00e4rtat av stadsk\u00e4rnan ligger 16th Street Mall \u2013 en kilometerl\u00e5ng g\u00e5gata kantad av butiker, restauranger och \u00e5terkommande gatuartister. Denna mall (designad av arkitekten IM Pei) erbjuder gratis transfer l\u00e4ngs hela sin l\u00e4ngd och slutar n\u00e4ra LoDo (Lower Downtown). N\u00e4rliggande Larimer Square (stadens \u00e4ldsta kvarter) \u00e4r ocks\u00e5 popul\u00e4rt: detta historiska kvarter med viktorianska byggnader hyser nu butiker och trendiga barer. En kort promenad bort ligger Union Station, en utsmyckad t\u00e5gstation fr\u00e5n 1914 som f\u00f6rvandlats till ett transportknutpunkt och n\u00f6jeskomplex. Union Station inrymmer ett hotell, restauranger och regelbunden livemusik \u2013 det har blivit ett socialt mittpunkt i Denvers \u00e5terf\u00f6dda stadsk\u00e4rna.<\/p>\n<p>Denver \u00e4r rikt p\u00e5 museer och kulturella platser. Denver Art Museum (DAM) \u00e4r i v\u00e4rldsklass med en anm\u00e4rkningsv\u00e4rd samling av amerikansk indian- och v\u00e4sterl\u00e4ndsk konst. Denver Museum of Nature &amp; Science \u00e4r en familjefavorit \u2013 det har dinosaurieutst\u00e4llningar, rymdkapslar och en IMAX-biograf. Dessa attraktioner ligger intill stadens vackra stadspark, som ocks\u00e5 rymmer Denver Zoo och en stor formell botanisk tr\u00e4dg\u00e5rd (komplett med ett vintertr\u00e4dg\u00e5rd och japansk tr\u00e4dg\u00e5rd). Enbart den botaniska tr\u00e4dg\u00e5rden lockar bes\u00f6kare f\u00f6r sina blomsterutst\u00e4llningar. L\u00e4ngre s\u00f6derut erbjuder Denver Botanic Gardens Chatfield Farms (f\u00f6rort) v\u00e5tmarksleder.<\/p>\n<p>Idrottsanl\u00e4ggningar \u00e4r i sig sj\u00e4lva sev\u00e4rdheter. Coors Field (hemmaarena f\u00f6r Colorado Rockies MLB-lag) erbjuder rundturer och en takterrasse med utsikt \u00f6ver bergen. Ball Arena (Nuggets NBA, Avalanche NHL) och Empower Field at Mile High (Broncos NFL) \u00e4r stora dragpl\u00e5ster p\u00e5 matchdagar \u2013 varje arena erbjuder stadssilhuetter i bakgrunden. \u00c4ven n\u00e4r det inte \u00e4r matcher \u00e4r dessa stora sportkomplex ofta v\u00e4rd f\u00f6r stora konserter och evenemang.<\/p>\n<p>F\u00f6r utomhus\u00e4ventyr n\u00e4ra Denver \u00e4r Red Rocks Park &amp; \u200b\u200bAmphitheatre ett m\u00e5ste. Bara 24 kilometer v\u00e4ster om centrum ligger Red Rocks, en naturlig r\u00f6d sandstensklippa som \u00e4ven fungerar som en legendarisk konsertlokal. Dagsbes\u00f6kare kan vandra l\u00e4ngs lederna och bes\u00f6ka Colorado Music Hall of Fame d\u00e4r. Andra n\u00e4rliggande utflyktsm\u00e5l inkluderar City Park (med paddelb\u00e5tar p\u00e5 sj\u00f6n), Washington Park (tr\u00e4dg\u00e5rdspromenader) och Denver Botanic Gardens (sensoriska tr\u00e4dg\u00e5rdar).<\/p>\n<p>Dagsutflykter fr\u00e5n Denver utnyttjar dess &#034;port&#034;-l\u00e4ge v\u00e4l. Rocky Mountain National Park ligger 145 km nordv\u00e4st (l\u00e5ng dagsutflykt eller \u00f6vernattning), och Mesa Verde NP i sydv\u00e4st. Norr om Denver ligger bergsst\u00e4derna Estes Park och Boulder (f\u00f6r vandring och pittoreska stadsk\u00e4rnor). I v\u00e4ster kan skidorter som Loveland och Winter Park n\u00e5s p\u00e5 ett par timmar. Tillbaka i stan erbjuder en kv\u00e4llsutflykt till Denver Union Station-omr\u00e5det eller Denver Performing Arts Complex (ett av de st\u00f6rsta utanf\u00f6r New York) en smak av stadens puls. Kort sagt, Denvers attraktioner \u00e4r balanserade mellan dess stadsparker, kulturinstitutioner, sportmagnetism och de l\u00e4ttillg\u00e4ngliga utomhuslekplatserna utanf\u00f6r stadsgr\u00e4nserna.<\/p>\n<h2>Praktisk \u00f6gonblicksbild (Ta sig dit, Ta sig runt, Tips)<\/h2>\n<p>Denver International Airport (DIA) \u00e4r den prim\u00e4ra ink\u00f6rsporten och ligger cirka 40 kilometer nordost om centrum. Den erbjuder direktflyg till n\u00e4stan alla st\u00f6rre amerikanska st\u00e4der (och dussintals internationella destinationer). DIA \u00e4r en viktig knutpunkt f\u00f6r United, Southwest och Frontier. Fr\u00e5n flygplatsen kan resen\u00e4rer ta pendelt\u00e5get RTD A Line direkt till centrala Denver p\u00e5 cirka 40 minuter, eller anv\u00e4nda taxibilar, bussar och hyrbilar. Staden har ocks\u00e5 flera mindre flygplatser (Centennial, Jeffco och Rocky Mountain Metro) fr\u00e4mst f\u00f6r allm\u00e4nflyg och privata jetplan.<\/p>\n<p>Om man anl\u00e4nder med bil ligger Denver vid korsningen mellan I-25 (nord-syd) och I-70 (\u00f6st-v\u00e4st). I-25 f\u00f6rbinder Denver med Colorado Springs (s\u00f6der) och Fort Collins (norr), medan I-70 g\u00e5r genom bergen till skidorter som Vail. Andra motorv\u00e4gar (I-225, US 36, US 40) str\u00e4cker sig ut till f\u00f6rorterna. Det finns ingen persont\u00e5gstrafik direkt in till Denvers centrum, men Amtraks California Zephyr stannar i Denver (bakom Union Station). Bussf\u00f6rbindelser fr\u00e5n DIA via Greyhound eller RTD betj\u00e4nar ocks\u00e5 storstadsomr\u00e5det.<\/p>\n<p>Denvers centrala och n\u00e4rliggande omr\u00e5den \u00e4r ganska g\u00e5ngavst\u00e5nd, s\u00e4rskilt 16th Street Mall (med gratisbussar) och n\u00f6jesdistriktet LoDo. Mycket av Denver \u00e4r dock utspritt, s\u00e5 bilresa eller kollektivtrafik kr\u00e4vs ofta. RTD-transitsystemet har omfattande busslinjer genom staden och f\u00f6rorterna. Sp\u00e5rv\u00e4gsn\u00e4tet (University of Colorado A Line, W Line, etc.) f\u00f6rbinder centrum med Union Station, Golden, Denver Tech Center och flygplatsen. Taxibilar och sam\u00e5kningstj\u00e4nster (Uber\/Lyft) finns i \u00f6verfl\u00f6d; cykeldelningssystem \u00e4r i drift under de varma m\u00e5naderna. Parkering i centrum kan vara dyrt, men m\u00e5nga destinationer i stadsk\u00e4rnan ligger inom g\u00e5ngavst\u00e5nd n\u00e4r man v\u00e4l har parkerat. H\u00e5ll alltid koll p\u00e5 parkeringsautomater och gatur\u00f6tningstider. Om du k\u00f6r bil, kom ih\u00e5g att Denver har bergstid, och skyltavst\u00e5nden \u00e4r i miles, hastighetsbegr\u00e4nsningar i MPH.<\/p>\n<p><strong>Grundl\u00e4ggande tips:<\/strong><\/p>\n<ul>\n<li><strong>Valuta och betalning:<\/strong> Amerikanska dollar anv\u00e4nds. Kredit-\/betalkort accepteras n\u00e4stan \u00f6verallt. Bankomater och valutav\u00e4xlingsdiskar \u00e4r vanliga p\u00e5 flygplatsen och i centrum.<\/li>\n<li><strong>Spr\u00e5k:<\/strong> Engelska \u00e4r det dominerande spr\u00e5ket, men spanska talas i stor utstr\u00e4ckning tack vare Denvers latinamerikanska befolkning. Du kommer ocks\u00e5 att h\u00f6ra m\u00e5nga andra spr\u00e5k p\u00e5 turistattraktioner. Enkla artighetsfraser p\u00e5 engelska (t.ex. &#034;tack&#034;) uppskattas.<\/li>\n<li><strong>Tippning:<\/strong> Standardtullar i USA g\u00e4ller (15\u201320 % av notan i restauranger med sittefunktion; n\u00e5gra dollar per p\u00e5se f\u00f6r piccoloer; 1\u20132 dollar per drink i barer).<\/li>\n<li><strong>V\u00e4der och kl\u00e4der:<\/strong> Denvers v\u00e4der kan f\u00f6r\u00e4ndras snabbt, s\u00e4rskilt p\u00e5 v\u00e5r och h\u00f6st. Lager p\u00e5 lager \u00e4r viktigt. P\u00e5 vintern beh\u00f6vs varma st\u00f6vlar, jacka och handskar; p\u00e5 sommaren, b\u00e4r en l\u00e4tt jacka (morgnar och kv\u00e4llar kan vara f\u00f6rv\u00e5nansv\u00e4rt svala) och ett paraply f\u00f6r \u00e5skv\u00e4der. Solskydd (solskyddsmedel, solglas\u00f6gon) \u00e4r viktigt \u00e5ret runt p\u00e5 grund av den h\u00f6ga h\u00f6jden. Vinterd\u00e4ck eller sn\u00f6kedjor kan kr\u00e4vas p\u00e5 bergsv\u00e4gar p\u00e5 vintern; \u00e4ven i staden, kontrollera v\u00e4derprognoserna innan du k\u00f6r.<\/li>\n<li><strong>H\u00f6jd \u00f6ver havet:<\/strong> Denvers h\u00f6ga h\u00f6jd inneb\u00e4r att nykomlingar kan m\u00e4rka andn\u00f6d n\u00e4r de g\u00e5r i trappor. Se till att dricka tillr\u00e4ckligt med v\u00e4tska och ta det lugnt den f\u00f6rsta dagen.<\/li>\n<li><strong>Etikett:<\/strong> Denverborna \u00e4r generellt v\u00e4nliga och \u00f6ppensinnade. En avslappnad h\u00e4lsning (&#034;hej, hur g\u00e5r det?&#034;) fungerar bra. Lokalbefolkningen delar ofta &#034;Denver-tid&#034; (att anl\u00e4nda n\u00e5gra minuter sent \u00e4r oftast okej). S\u00e4kerheten \u00e4r god, men som i alla st\u00e4der, var uppm\u00e4rksam i tr\u00e5nga omr\u00e5den och l\u00e4mna inte v\u00e4rdesaker synliga i bilar. Cyklister m\u00e5ste f\u00f6lja trafikreglerna; fotg\u00e4ngare b\u00f6r anv\u00e4nda \u00f6verg\u00e5ngsst\u00e4llen och observera att Colorados lag ger fordon f\u00f6retr\u00e4de n\u00e4r fotg\u00e4ngare inte \u00e4r vid ett markerat \u00f6verg\u00e5ngsst\u00e4lle.<\/li>\n<li><strong>Hopplock:<\/strong> Denvers eln\u00e4t \u00e4r 120 V (nordamerikansk standard), och staden k\u00f6rs enligt bergstid (UTC\u20137, MDT p\u00e5 sommaren). Observera att h\u00f6jdskillnader (inklusive starkare UV-str\u00e5lning) \u00e4r faktorer i Denver, och vattenfont\u00e4ner eller p\u00e5fyllningsbara flaskor \u00e4r anv\u00e4ndbara (vatten h\u00e4r \u00e4r utm\u00e4rkt p\u00e5 grund av sn\u00f6sm\u00e4ltningen i bergen).<\/li>\n<\/ul>\n<p>Med sin blandning av urbana bekv\u00e4mligheter och naturlig sk\u00f6nhet v\u00e4lkomnar Denver alla resen\u00e4rer. Oavsett om du \u00e4r en internationell turist eller en amerikansk bes\u00f6kare, kommer du att uppt\u00e4cka att stadens v\u00e4nliga &#034;mile-high&#034;-anda och v\u00e4lorganiserade tj\u00e4nster hj\u00e4lper dig att enkelt navigera i staden. Fr\u00e5n att se en f\u00f6rest\u00e4llning p\u00e5 Denver Center for the Performing Arts till vandring p\u00e5 en n\u00e4rliggande stig, uppmuntrar staden b\u00e5de kulturell utforskning och utomhus\u00e4ventyr. Lite planering av transport och v\u00e4der i f\u00f6rv\u00e4g kommer att s\u00e4kerst\u00e4lla en smidig vistelse i denna pulserande och praktiska v\u00e4sterl\u00e4ndska huvudstad.<a href=\"https:\/\/travelshelper.com\/sv\/destinationer\/nordamerika\/amerikas-forenta-stater\/berkeley-springs\/\" target=\"_self\" aria-labelledby=\"uael-post-8997\"><br \/>\n<\/a><\/p>","protected":false},"excerpt":{"rendered":"<p>Denver \u00e4r en konsoliderad stad och l\u00e4n, och den folkrikaste staden i den amerikanska delstaten Colorado. Denvers befolkning vid folkr\u00e4kningen 2020 var 715 522, en anm\u00e4rkningsv\u00e4rd \u00f6kning med 19,22 % fr\u00e5n 2010. Denver \u00e4r nu den femte folkrikaste delstatshuvudstaden och den 19:e folkrikaste staden i USA tack vare denna \u00f6kning. Den \u00e4r den ledande staden i Front Range Urban Corridor och huvudstaden i storstadsomr\u00e5det Denver-Aurora-Lakewood, och \u00e4r det folkrikaste storstadsomr\u00e5det i Colorado.<\/p>","protected":false},"author":1,"featured_media":3114,"parent":8072,"menu_order":0,"comment_status":"closed","ping_status":"closed","template":"elementor_theme","meta":{"_eb_attr":"","footnotes":""},"class_list":["post-8733","page","type-page","status-publish","has-post-thumbnail"],"_links":{"self":[{"href":"https:\/\/travelshelper.com\/sv\/wp-json\/wp\/v2\/pages\/8733","targetHints":{"allow":["GET"]}}],"collection":[{"href":"https:\/\/travelshelper.com\/sv\/wp-json\/wp\/v2\/pages"}],"about":[{"href":"https:\/\/travelshelper.com\/sv\/wp-json\/wp\/v2\/types\/page"}],"author":[{"embeddable":true,"href":"https:\/\/travelshelper.com\/sv\/wp-json\/wp\/v2\/users\/1"}],"replies":[{"embeddable":true,"href":"https:\/\/travelshelper.com\/sv\/wp-json\/wp\/v2\/comments?post=8733"}],"version-history":[{"count":0,"href":"https:\/\/travelshelper.com\/sv\/wp-json\/wp\/v2\/pages\/8733\/revisions"}],"up":[{"embeddable":true,"href":"https:\/\/travelshelper.com\/sv\/wp-json\/wp\/v2\/pages\/8072"}],"wp:featuredmedia":[{"embeddable":true,"href":"https:\/\/travelshelper.com\/sv\/wp-json\/wp\/v2\/media\/3114"}],"wp:attachment":[{"href":"https:\/\/travelshelper.com\/sv\/wp-json\/wp\/v2\/media?parent=8733"}],"curies":[{"name":"wp","href":"https:\/\/api.w.org\/{rel}","templated":true}]}}