{"id":8312,"date":"2024-09-03T14:51:45","date_gmt":"2024-09-03T14:51:45","guid":{"rendered":"https:\/\/travelshelper.com\/staging\/?page_id=8312"},"modified":"2026-03-13T18:08:17","modified_gmt":"2026-03-13T18:08:17","slug":"philadelphia","status":"publish","type":"page","link":"https:\/\/travelshelper.com\/sv\/destinations\/north-america\/united-states\/philadelphia\/","title":{"rendered":"Philadelphia"},"content":{"rendered":"<p>Philadelphia \u00e4r en stor amerikansk metropol med en anrik historia. Dess befolkning \u00e5r 2020 var 1 603 797, vilket g\u00f6r den till den sj\u00e4tte st\u00f6rsta staden i USA. Det bredare storstadsomr\u00e5det har \u00f6ver 6,2 miljoner inv\u00e5nare, som str\u00e4cker sig \u00f6ver \u00f6stra Pennsylvania, s\u00f6dra New Jersey och Delaware. Philadelphias ekonomi \u00e4r betydande: storstadsregionens bruttonationalprodukt \u00f6versteg 518 miljarder dollar \u00e5r 2022. Staden \u00e4r m\u00e5ngfaldig: cirka 39 % av inv\u00e5narna identifierar sig som svarta\/afroamerikaner och ungef\u00e4r 15 % som latinamerikaner. N\u00e4stan 35 % av vuxna har en kandidatexamen eller h\u00f6gre, vilket \u00e5terspeglar m\u00e5nga h\u00f6gskolor och universitet i staden. Medianhush\u00e5llsinkomsten ligger runt 52 900 dollar, med cirka 22,8 % av Philadelphias inv\u00e5nare som lever under fattigdomsgr\u00e4nsen.<\/p>\n<p>Philadelphias ekonomi \u00e4r f\u00f6rankrad i finans, utbildning och h\u00e4lsov\u00e5rd, med arbetsplatser p\u00e5 University City-campus, centrala aff\u00e4rsdistrikt och en v\u00e4xande teknik- och startupsektor. Det \u00e4r ocks\u00e5 ett nav f\u00f6r kultur och turism; \u00e5r 2016 lockade staden uppskattningsvis 42 miljoner inhemska bes\u00f6kare. Under senare \u00e5r har Philadelphia sett en blygsam befolknings\u00f6kning, efter \u00e5rtionden av nedg\u00e5ng \u2013 stadsplanerare noterar att dess stadst\u00e4thet och centrala roll i nord\u00f6stra USA ger staden en best\u00e5ende betydelse f\u00f6r industri och kultur.<\/p>\n<p>Philadelphia ligger i den mellersta atlantiska regionen i USA, i syd\u00f6stra Pennsylvania vid Delawareflodens strand. Staden ligger cirka 32 kilometer fr\u00e5n Delawarebukten och 160 kilometer fr\u00e5n Atlanten, p\u00e5 en bred kustsl\u00e4tt strax v\u00e4ster om Atlantkusten. Stadens terr\u00e4ng \u00e4r i allm\u00e4nhet platt men stiger upp i kullar v\u00e4ster om centrum, inklusive Wissahickon Gorge och den h\u00f6gsta punkten vid Cobbs Creek Park (~145 meter). I nordv\u00e4st ligger de l\u00e5ga Poconobergen, och i v\u00e4ster b\u00f6rjar Appalacherna Piemonte-bergen h\u00f6ja sig.<\/p>\n<p>Klimatiskt ligger Philadelphia i utkanten av en fuktig subtropisk zon. Somrarna \u00e4r vanligtvis varma och fuktiga, med frekventa \u00e5skv\u00e4der, medan vintrarna \u00e4r m\u00e5ttligt kalla med enstaka sn\u00f6fall. H\u00f6sten och v\u00e5ren \u00e4r i allm\u00e4nhet milda och kan vara behagliga men f\u00f6r\u00e4nderliga. Staden har cirka 2 500 soltimmar per \u00e5r. Floderna Delaware och Schuylkill rinner genom staden, och Fairmount Park vid dessa flodstr\u00e4nder \u00e4r ett av landets st\u00f6rsta urbana parksystem. Philadelphias l\u00e4ge \u2013 en stor nord\u00f6stra flodhamn och en tidig nationell huvudstad \u2013 gjorde den historiskt sett till en transportknutpunkt, och idag \u00e4r den fortfarande ett nav p\u00e5 Amtraks nord\u00f6stra korridor och motorv\u00e4gssystem (I-95, I-76).<\/p>\n<p>Philadelphias historia \u00e4r grundl\u00e4ggande f\u00f6r USA. Staden grundades 1682 av William Penn, en engelsk kv\u00e4kare, och planerades som en &#034;gr\u00f6nare landsbygdsstad&#034; k\u00e4nd f\u00f6r religi\u00f6s tolerans och ordnade gator. Under kolonialtiden blev den provinsen Pennsylvanias huvudstad. Allt eftersom sp\u00e4nningarna med Storbritannien v\u00e4xte blev Philadelphia epicentrum f\u00f6r den amerikanska revolutionen. Staden var v\u00e4rd f\u00f6r den f\u00f6rsta och andra kontinentala kongressen och var m\u00f6tesplatsen f\u00f6r landets grundare. I juli 1776 debatterades och antogs sj\u00e4lvst\u00e4ndighetsf\u00f6rklaringen i Philadelphias Independence Hall. Staden fungerade kort som den unga republikens huvudstad p\u00e5 1780-talet och s\u00e5g utformningen och undertecknandet av den amerikanska konstitutionen 1787.<\/p>\n<p>Under 1800-talet och b\u00f6rjan av 1900-talet expanderade Philadelphia snabbt som en industri- och hamnstad. Dess rikedom fr\u00e5n 1800-talet \u00e4r tydlig i viktorianska herrg\u00e5rdar, samh\u00e4llsmonument och den tr\u00e4dkantade boulevarden k\u00e4nd som Benjamin Franklin Parkway (modellerad efter Champs-\u00c9lys\u00e9es). Staden var ett kraftcentrum f\u00f6r textilier, tryckeri, varvsindustri och senare tillverkning. Den var ocks\u00e5 ett centrum f\u00f6r utbildning och medicin (hem till tidiga amerikanska medicinska skolor och sjukhus). I mitten av 1900-talet n\u00e5dde Phillys befolkning sin topp och minskade sedan i takt med att industrierna f\u00f6r\u00e4ndrades, men dess historiska distrikt (Old City, Rittenhouse Square) bevarades. Idag hedrar Philadelphia sitt koloniala arv med landm\u00e4rken som Liberty Bell och Independence Hall (b\u00e5da UNESCO:s v\u00e4rldsarvsplatser) och firar detta arv p\u00e5 nationella museer och \u00e5rliga festivaler.<\/p>\n<p>Moderna Philadelphia \u00e4r en v\u00e4v av stadsdelar, alla med sin egen karakt\u00e4r. \u00d6ver ett dussin etniska grupper har format staden: italienskamerikaner i s\u00f6dra Philly, irl\u00e4ndare i nord\u00f6stra Philly, judiska samh\u00e4llen i v\u00e4stra Philly, stora stadsdelar med afroamerikanskt ursprung i norra och v\u00e4stra Philly, och en livlig puertoricansk\/latinamerikansk gemenskap i stadens nord\u00f6stra och sydv\u00e4stra del. (Idag best\u00e5r staden av ungef\u00e4r 41 % svarta, 34 % vita och 15 % latinamerikaner.) Engelska \u00e4r dominerande, men spanska talas i stor utstr\u00e4ckning (\u00f6ver 10 % av inv\u00e5narna talar spanska hemma).<\/p>\n<p>Stadens atmosf\u00e4r \u00e4r b\u00e5de r\u00e5 och passionerad. Philadelphiaborna \u00e4r k\u00e4nda f\u00f6r att vara r\u00e4ttframma \u2013 stolta \u00f6ver sin stads motst\u00e5ndskraft. I vardagen k\u00e4nner man ofta en v\u00e4nlig tuffhet: lokalbefolkningen jublar h\u00f6gljutt f\u00f6r sina Eagles (NFL), Phillies (MLB), 76ers (NBA) och Flyers (NHL) och tar rivalitet (s\u00e4rskilt med grannarna New York och Washington) med ro. P\u00e5 stadens gator promenerar m\u00e4nniskor med mening; historiska r\u00f6da tegelbyggnader st\u00e5r bredvid moderna h\u00f6ghus. Matkulturen \u00e4r en h\u00f6rnsten i vardagen. Inv\u00e5nare och bes\u00f6kare njuter av snabbmat som cheesesteaks, hoagies och mjuka pretzels fr\u00e5n marknadsst\u00e5nd. Reading Terminal Market i centrum surrar av en eklektisk folkmassa som njuter av Amish-pajer, falafel fr\u00e5n Mellan\u00f6stern, indiska curryr\u00e4tter eller judiska bagels \u2013 ett sant m\u00e5ste f\u00f6r mat\u00e4lskare. Konstscenen \u00e4r robust: stora institutioner som Philadelphia Museum of Art (k\u00e4nt f\u00f6r sina &#034;Rocky steps&#034;), Barnes Foundation, Franklin Institute och otaliga gallerier kantar Benjamin Franklin Parkway.<\/p>\n<p>Grannskapsfestivaler och evenemang understryker stadens m\u00e5ngfald. Sommaren bjuder p\u00e5 etniska gatufestivaler (italiensk marknadsfestival, karibisk j&#039;ouvert) och firande av den 4 juli vid Delawareflodens strand. Den \u00e5rliga Mummers Parade p\u00e5 ny\u00e5rsdagen (med befj\u00e4drade dr\u00e4kter och marschorkestrar) \u00e4r en sj\u00e4lvklarhet f\u00f6r Philadelphia. Trots sin storlek har Philly en stark lokal k\u00e4nsla: middagsst\u00e4llen p\u00e5 h\u00f6rnet, stolta barbersalonger och v\u00e4ggm\u00e5lningar (staden har bokstavligen tusentals av dem). Med varma somrar och milda v\u00e5rar\/h\u00f6star utspelar sig mycket av det sociala livet utomhus \u2013 p\u00e5 verandatrappor, p\u00e5 h\u00f6rnpubar och p\u00e5 soliga parkgr\u00e4smattor. \u00c4nd\u00e5 finns det ocks\u00e5 en jordn\u00e4ra arbetsmoral, med tanke p\u00e5 stadens rika industriella r\u00f6tter. Kort sagt, Philadelphias &#034;vibe&#034; \u00e4r urban och historisk, och blandar gammaldags charm med arbetarklassens \u00e4kthet.<\/p>\n<p>Philadelphia \u00e4r rikt p\u00e5 sev\u00e4rdheter som sp\u00e4nner \u00f6ver dess historia och kultur. Mittpunkten \u00e4r Independence National Historical Park i Old City. H\u00e4r st\u00e5r Independence Hall och Liberty Bell, d\u00e4r nationens grundare samlades. Bes\u00f6kare kan bes\u00f6ka f\u00f6rsamlingssalen d\u00e4r b\u00e5de deklarationen och konstitutionen undertecknades. I n\u00e4rheten finns platser fr\u00e5n kolonialtiden som Congress Hall och Betsy Ross hus, som bevarar den revolution\u00e4ra historien. Bara n\u00e5gra kvarter bort finns moderna attraktioner i \u00f6verfl\u00f6d.<\/p>\n<p>P\u00e5 Benjamin Franklin Parkway \u2013 ofta kallad &#034;Philly&#039;s Museum Mile&#034; \u2013 samlas stora kulturinstitutioner. Philadelphia Museum of Art (porten till stadens v\u00e4ggm\u00e5lningar och hemvist f\u00f6r den ber\u00f6mda Rocky-statyn) och Barnes Foundation (ber\u00f6md konstsamling) ligger h\u00e4r. Vetenskaps- och historiska museer (Franklin Institute, National Constitution Center, nya Museum of the American Revolution) erbjuder l\u00e4rorika dragpl\u00e5ster. I detta omr\u00e5de erbjuder \u00e4ven det restaurerade Eastern State Penitentiary (en gotisk f\u00e4ngelseruin) en gripande inblick i 1800-talets f\u00e4ngelsestraff. F\u00f6r mat\u00e4lskare \u00e4r Reading Terminal Market (en inomhusmatmarknad inrymd i ett j\u00e4rnv\u00e4gsskjul fr\u00e5n 1800-talet) ett m\u00e5ste \u2013 den rankas bland Amerikas b\u00e4sta matmarknader.<\/p>\n<p>Philadelphias flodstr\u00e4nder har \u00e5terf\u00f6tts till livliga offentliga platser. Spruce Street Harbor Park vid Delawarefloden erbjuder h\u00e4ngmattor, matf\u00f6rs\u00e4ljare och sommarevenemang. Vid Schuylkillfloden inbjuder Schuylkill Banks strandpromenad och kajakpaddlingar till fitness och fritid. Historiska Fairmount Park (en av landets st\u00f6rsta stadsparker) str\u00e4cker sig \u00f6ver kilometervis av vandringsleder, historiska herrg\u00e5rdar (som Betsy Ross House och Fairmount Water Works) och det hyllade Philadelphia Zoo.<\/p>\n<p>Vardagliga n\u00f6jen \u00e4r ocks\u00e5 attraktioner: ett grillat cheesesteakst\u00e5nd eller ett bageri, de f\u00e4rgglada v\u00e4ggm\u00e5lningarna som \u00e4r m\u00e5lade p\u00e5 grannskapets v\u00e4ggar (Philadelphia \u00e4r k\u00e4nt som v\u00e4rldens &#034;v\u00e4ggm\u00e5lningshuvudstad&#034;) eller Fourth Street Italian Market (Amerikas \u00e4ldsta utomhusmarknad). Sportfantaster kan planera in bes\u00f6k s\u00e5 att de sammanfaller med en Eagles-, Phillies- eller Sixers-match f\u00f6r att k\u00e4nna den lokala andan. P\u00e5 vintern \u00e4r Blue Cross RiverRink en s\u00e4songsbetonad skridskobana vid floden med fyrverkerier \u00f6ver Benjamin Franklin-bron.<\/p>\n<p>Philadelphia \u00e4r mycket l\u00e4ttillg\u00e4ngligt. Dess st\u00f6rsta flygplats \u00e4r Philadelphia International (PHL), en stor knutpunkt med b\u00e5de internationella och inrikesflyg. Med t\u00e5g \u00e4r 30th Street Station stadens st\u00f6rsta Amtrak-knutpunkt, den tredje mest trafikerade i landet, med t\u00e4ta f\u00f6rbindelser till New York, Washington och vidare. Interstate Highways I-95 (nordost-sydv\u00e4st) och I-76 (v\u00e4sterut till Pittsburgh) g\u00e5r n\u00e4ra staden, men var beredd p\u00e5 trafikstockningar i st\u00e4derna och avgiftsbelagda broar om du k\u00f6r bil. F\u00f6r regionala resor f\u00f6rbinder New Jerseys PATCO Speedline (tunnelbana) och NJ Transit-t\u00e5g Philadelphia med Atlantic City och lokala f\u00f6rorter i New Jersey.<\/p>\n<p>Philadelphias centrum (Center City) \u00e4r kompakt och l\u00e4tt att n\u00e5 fram till fots, med ett rutn\u00e4t av numrerade gator och distinkta stadsdelar. Kollektivtrafiken \u00e4r omfattande: SEPTA driver tunnelbanor (Market-Frankford och Broad Street-linjerna), sp\u00e5rvagnslinjer, regionala t\u00e5g och bussar. M\u00e5nga pendlare f\u00f6rlitar sig p\u00e5 SEPTA \u2013 n\u00e4stan 24 % av Philadelphiaborna anv\u00e4nder kollektivtrafik till jobbet. Taxibilar och sam\u00e5kningstj\u00e4nster \u00e4r vanliga i centrum, och tv\u00e5 sp\u00e5rvagnslinjer g\u00e5r n\u00e4ra University City. Fr\u00e5n Center City \u00e4r allt l\u00e4tt att n\u00e5 till fots eller med en kort kollektivtrafikresa.<\/p>\n<p>Valutan \u00e4r amerikanska dollar, och dricks f\u00f6rv\u00e4ntas (15\u201320 % p\u00e5 restauranger med sittefunktion, 1\u20132 dollar per p\u00e5se f\u00f6r piccoloer etc.). De huvudsakliga spr\u00e5ken \u00e4r engelska och spanska (du kommer att se spansk skyltning i m\u00e5nga butiker och restauranger). I samtal uppskattar Philadelphiabor r\u00e4ttfram v\u00e4nlighet \u2013 ett snabbt &#034;hej&#034; eller &#034;hur m\u00e5r du?&#034; till fr\u00e4mlingar \u00e4r typisk lokal artighet. S\u00e4kerhetsm\u00e4ssigt \u00e4r Philadelphias turistomr\u00e5den (Old City, Center City, University City) i allm\u00e4nhet s\u00e4kra p\u00e5 dagen, men iaktta vanlig f\u00f6rsiktighet p\u00e5 natten i mindre tr\u00e5nga omr\u00e5den. Var medveten om dina tillh\u00f6righeter p\u00e5 livliga SEPTA-stationer. V\u00e4dret kan vara en faktor: sn\u00f6 p\u00e5 vintern kan tillf\u00e4lligt f\u00f6rlama kollektivtrafiken (beroende p\u00e5 extra tid), medan \u00e5skv\u00e4der p\u00e5 sommaren kan st\u00f6ra trafiken. Kl\u00e4 dig bekv\u00e4mt f\u00f6r att g\u00e5 p\u00e5 stadens trottoarer (s\u00e4rskilt i historiska distrikt med oj\u00e4mna tegelstenar eller kullersten). Sommaren kan vara varm och fuktig, s\u00e5 l\u00e4tta kl\u00e4der och ett paraply eller en regnrock \u00e4r klokt. Kort sagt, Philadelphia \u00e4r en enkel stad att njuta av som bes\u00f6kare: planera att blanda guidade historiska turer med spontan utforskning av grannskapet.<a href=\"https:\/\/travelshelper.com\/sv\/destinationer\/nordamerika\/amerikas-forenta-stater\/berkeley-springs\/\" target=\"_self\" aria-labelledby=\"uael-post-8997\"><br \/>\n<\/a><\/p>","protected":false},"excerpt":{"rendered":"<p>Med en befolkning p\u00e5 1 603 796 \u00e4r Philadelphia \u2013 \u00e4ven k\u00e4nd som &#034;Philly&#034; \u2013 den sj\u00e4tte mest befolkade staden i USA och den mest befolkade staden i Pennsylvania enligt folkr\u00e4kningen 2020. Denna energiska stad \u00e4r Delaware Valleys urbana k\u00e4rna, ibland k\u00e4nd som Philadelphias storstadsregion. \u00c5ttonde i storlek bland amerikanska storstadsomr\u00e5den med 6,245 miljoner inv\u00e5nare i sitt storstadsomr\u00e5de och 7,366 miljoner i sitt kombinerade statistiska omr\u00e5de, \u00e4r Philadelphia ett pulserande centrum f\u00f6r historia, kultur och aktivitet.<\/p>","protected":false},"author":1,"featured_media":3027,"parent":8072,"menu_order":0,"comment_status":"closed","ping_status":"closed","template":"elementor_theme","meta":{"_eb_attr":"","footnotes":""},"class_list":["post-8312","page","type-page","status-publish","has-post-thumbnail"],"_links":{"self":[{"href":"https:\/\/travelshelper.com\/sv\/wp-json\/wp\/v2\/pages\/8312","targetHints":{"allow":["GET"]}}],"collection":[{"href":"https:\/\/travelshelper.com\/sv\/wp-json\/wp\/v2\/pages"}],"about":[{"href":"https:\/\/travelshelper.com\/sv\/wp-json\/wp\/v2\/types\/page"}],"author":[{"embeddable":true,"href":"https:\/\/travelshelper.com\/sv\/wp-json\/wp\/v2\/users\/1"}],"replies":[{"embeddable":true,"href":"https:\/\/travelshelper.com\/sv\/wp-json\/wp\/v2\/comments?post=8312"}],"version-history":[{"count":0,"href":"https:\/\/travelshelper.com\/sv\/wp-json\/wp\/v2\/pages\/8312\/revisions"}],"up":[{"embeddable":true,"href":"https:\/\/travelshelper.com\/sv\/wp-json\/wp\/v2\/pages\/8072"}],"wp:featuredmedia":[{"embeddable":true,"href":"https:\/\/travelshelper.com\/sv\/wp-json\/wp\/v2\/media\/3027"}],"wp:attachment":[{"href":"https:\/\/travelshelper.com\/sv\/wp-json\/wp\/v2\/media?parent=8312"}],"curies":[{"name":"wp","href":"https:\/\/api.w.org\/{rel}","templated":true}]}}