{"id":8297,"date":"2024-09-03T14:24:43","date_gmt":"2024-09-03T14:24:43","guid":{"rendered":"https:\/\/travelshelper.com\/staging\/?page_id=8297"},"modified":"2026-03-13T18:02:23","modified_gmt":"2026-03-13T18:02:23","slug":"new-orleans","status":"publish","type":"page","link":"https:\/\/travelshelper.com\/sv\/destinations\/north-america\/united-states\/new-orleans\/","title":{"rendered":"New Orleans"},"content":{"rendered":"<p>New Orleans, som ligger inb\u00e4ddat l\u00e4ngs nedre Mississippifloden i syd\u00f6stra Louisiana, \u00e4r idag en stad med ungef\u00e4r 380 000 inv\u00e5nare (folkr\u00e4kning 2020), vilket g\u00f6r den till den st\u00f6rsta staden i Louisiana och den kulturella huvudstaden i den amerikanska s\u00f6dern. \u00c5r 2025 uppskattas stadens befolkning till cirka 351 000, efter \u00e5rtionden av fluktuationer p\u00e5 grund av migration och naturkatastrofer. New Orleans demografi \u00e4r s\u00e4rskiljande \u2013 en majoritet av afroamerikanska samh\u00e4llen (cirka 55 % svarta enligt nyligen uppskattningar) med betydande vita (cirka 32 %), latinamerikaner\/latinamerikaner och andra minoritetsbefolkningar. Dess ekonomi \u00e4r rikt diversifierad: historiskt byggd p\u00e5 hamn-, olje- och petrokemisk industri, blomstrar New Orleans idag ocks\u00e5 p\u00e5 h\u00f6gre utbildning, h\u00e4lsov\u00e5rd och s\u00e4rskilt turism och kreativa sektorer. Faktum \u00e4r att turismen ensam genererade ungef\u00e4r 5,5 miljarder dollar i ekonomisk p\u00e5verkan \u00e5r 2017, vilket stod f\u00f6r cirka 40 % av stadens momsint\u00e4kter.<\/p>\n<p>New Orleans har ett milt subtropiskt klimat: frodiga vintrar och l\u00e5nga, varma somrar. Staden ligger vid havsniv\u00e5n l\u00e4ngs Gulfkusten \u2013 halva staden ligger faktiskt vid eller under havsniv\u00e5n och \u00e4r beroende av vallar och pumpar f\u00f6r \u00f6versv\u00e4mningskontroll. Den \u00e5rliga nederb\u00f6rden \u00e4r riklig (cirka 125 cm per \u00e5r), med fuktiga somrar som ofta driver upp temperaturen \u00f6ver 32 \u00b0C och vintrar som vanligtvis ligger l\u00e5ngt \u00f6ver fryspunkten (genomsnittet f\u00f6r januari \u00e4r cirka 0,7 \u00b0C). Stadens subtropiska milj\u00f6 har gett den smeknamnet &#034;Staden som bryr sig och gl\u00f6mde&#034;, en anspelning p\u00e5 dess varma klimat och avslappnade lugn. Sumpiga parker med ekkanter och levande ekar som droppar spansk mossa \u00e4r allest\u00e4des n\u00e4rvarande i det moderna landskapet, \u00e4ven n\u00e4r skyskrapor reser sig i centrum.<\/p>\n<p>New Orleans \u00e4r Louisianas kulturella, ekonomiska och akademiska centrum. Enligt den amerikanska folkr\u00e4kningen 2020 var stadens befolkning 383 997 (med det bredare storstadsomr\u00e5det New Orleans-Metairie cirka 1 miljon). \u00c5r 2025 f\u00f6rv\u00e4ntas den siffran ha minskat n\u00e5got till ~351 000. Stadens etniska sammans\u00e4ttning \u00e4r majoritetsvis afroamerikaner (cirka 55 %), d\u00e4r vita st\u00e5r f\u00f6r ungef\u00e4r 32 %, latinamerikaner\/latinos ~5 %, asiater 2 % och resten indianer eller multietniska. Ekonomiskt genererar New Orleans cirka 51 miljarder dollar i \u00e5rlig bruttonationalprodukt (data fr\u00e5n 2023), vilket rankar staden bland de 25 st\u00f6rsta stadsekonomierna i landet. Wall Street m\u00e5 dominera New York, men New Orleans dominerar sj\u00f6farten l\u00e4ngs Gulfkusten: den driver en av v\u00e4rldens st\u00f6rsta hamnar och \u00e4r ett ledande centrum f\u00f6r oljeraffinering och petrokemisk produktion. Staden \u00e4r ocks\u00e5 ett utbildnings- och h\u00e4lsov\u00e5rdsnav (hem till institutioner som Tulane University och Ochsner Health) och ett v\u00e4xande teknikcentrum. Avg\u00f6rande \u00e4r att hotell- och restaurangbranschen och de kreativa n\u00e4ringarna \u00e4r stora arbetsgivare; enbart turism och kongresser genererar miljoner inv\u00e5nare \u00e5rligen. Kort sagt, siffrorna visar att New Orleans \u00e4r en medelstor stad i s\u00f6dern med ett enormt ekonomiskt inflytande tack vare sina hamnar, energi- och kultursektorer.<\/p>\n<p>Crescent City ligger i Nordamerika, i hj\u00e4rtat av den amerikanska s\u00f6dern. Geografiskt sett ligger den p\u00e5 Mississippiflodens \u00f6stra strand, cirka 145 kilometer uppstr\u00f6ms fr\u00e5n Mexikanska golfen. Omgivningarna \u00e4r en platt kustsl\u00e4t: tr\u00e4sk och floddelta i s\u00f6der och v\u00e5tmarker i \u00f6ster. Denna l\u00e5gl\u00e4nta terr\u00e4ng inneb\u00e4r att New Orleans mestadels ligger p\u00e5 eller under havsniv\u00e5n, vilket tvingar fram ett omfattande vallarsystem. Till skillnad fr\u00e5n Denver p\u00e5 en sl\u00e4tt eller Denver p\u00e5 berg \u00e4r New Orleans en flodstad, formad av vatten i alla riktningar: den stora floden i v\u00e4ster, Lake Pontchartrain i norr, Mexikanska golfen i s\u00f6der. Ett sk\u00e4mt s\u00e4ger att den &#034;sitter p\u00e5 jorden, sv\u00e4var p\u00e5 vatten&#034;. Sommarv\u00e4rmen mildras av vindbrisar fr\u00e5n Mexikanska golfen och m\u00e5nga kanaler; vintrarna \u00e4r milda.<\/p>\n<p>New Orleans ursprung str\u00e4cker sig tillbaka till b\u00f6rjan av 1700-talet. Franska kolonister under Jean-Baptiste Le Moyne de Bienville grundade staden 1718 vid en halvm\u00e5neformad kr\u00f6k av Mississippi. Dess h\u00f6gtravande franska arkitektur och ortsnamn \u00e5terspeglar detta koloniala f\u00f6rflutna. \u00c5r 1763, efter sju\u00e5rskriget, avstod Frankrike Louisiana (och New Orleans) till Spanien, innan Napoleon \u00e5terl\u00e4mnade det till franska h\u00e4nder \u00e5r 1800. Bara tre \u00e5r senare, 1803, f\u00f6rv\u00e4rvade USA New Orleans i Louisiana-k\u00f6pet, vilket \u00f6ppnade Mississippi f\u00f6r amerikansk handel. New Orleans blomstrade under tiden f\u00f6re kriget: \u00e5r 1840 var det den tredje st\u00f6rsta staden i USA och den st\u00f6rsta i hela s\u00f6dern. Dess hamnar konkurrerade med Bostons och Philadelphias i volym, och bomull och socker gjorde den till en rik, om \u00e4n mycket skiktad, stad. En v\u00e4ndpunkt kom under kriget 1812. I januari 1815 ledde general Andrew Jackson en brokig amerikansk styrka f\u00f6r att besegra britterna i slaget vid New Orleans, vilket cementerade stadens plats i amerikansk historia.<\/p>\n<p>Efter inb\u00f6rdeskriget navigerade New Orleans genom \u00e5teruppbyggnaden och Jim Crow-kriget, och f\u00f6rblev ett pulserande handelscentrum in p\u00e5 1900-talet. Jazzmusiken f\u00f6ddes h\u00e4r i b\u00f6rjan av 1900-talet, och p\u00e5 1920-talet var nattlivet i French Quarter legendariskt. I slutet av 1900-talet hade staden klarat b\u00e5de upp- och nedg\u00e5ngar. \u00c5r 2005 slog orkanen Katrina till ett f\u00f6r\u00f6dande slag. St\u00f6rre delen av staden \u00f6versv\u00e4mmades p\u00e5 grund av vallbrott, \u00f6ver 1 800 inv\u00e5nare omkom och befolkningen minskade med ungef\u00e4r h\u00e4lften. \u00c5terh\u00e4mtningen har varit dramatisk p\u00e5 sina h\u00e5ll: centrum och vissa stadsdelar har byggts upp igen, medan andra fortfarande b\u00e4r sp\u00e5r. Dagens New Orleans b\u00e4r sp\u00e5r av alla dessa epoker. Historiska plaketter kantar Jackson Square (som g\u00e5r tillbaka till Bienvilles era), men butiksfasader g\u00f6r ocks\u00e5 reklam f\u00f6r energikonsulter och teknikstartups. Orkanen Katrina-katastrofen \u00e4r fortfarande en avg\u00f6rande milstolpe, men det g\u00f6r \u00e4ven stadens \u00e5terupplivning, som balanserar respekt f\u00f6r det f\u00f6rflutna med modern tillv\u00e4xt.<\/p>\n<p>New Orleans har en unik kulturell pr\u00e4gel \u2013 en blandning av franska, spanska, afrikanska, karibiska och sydstatsinfluenser. Dess lokala karakt\u00e4r \u00e4r tydlig i samma \u00f6gonblick som du kliver av planet eller kryssningsfartyget: gatuskyltar p\u00e5 franska (t.ex. &#034;Rue&#034; f\u00f6r gata), en avslappnad attityd och allest\u00e4des n\u00e4rvarande musik p\u00e5 trottoarerna. Det franska och kreolska arvet lever vidare inte bara i arkitekturen utan ocks\u00e5 i levande traditioner. Fransktalande och Louisiana-kreolska dialekter \u00e4r s\u00e4llsynta idag, men ett f\u00e5tal \u00e4ldre talar fortfarande dessa spr\u00e5k. Vanligare \u00e4r att vardaglig Louisiana-engelska kryddas med cajun- och kreolska fraser (&#034;lagniappe&#034;, &#034;lagniappe&#034; betyder &#034;lite extra&#034;, etc.). Staden firade sitt tv\u00e5hundra\u00e5rsjubileum 2018 med fransk-jiddisch gl\u00e4dje, vilket erk\u00e4nde sina frankofona r\u00f6tter.<\/p>\n<p>Traditionen regerar i New Orleans. Som en guide poetiskt noterar: \u201dNew Orleans \u00e4r en stad av vanor som utvecklats till v\u00f6rdnadsv\u00e4rda traditioner.\u201d S\u00f6ndagsr\u00f6da b\u00f6nor, jazzbegravningar och karnevalsmaskerader b\u00f6rjade alla som vardagliga seder och blev stadens landm\u00e4rken. Den \u00e5rliga Mardi Gras-parads\u00e4songen (Carnival) \u00e4r det mest livfulla uttrycket f\u00f6r detta arv: veckor av maskerade baler och nattliga parader d\u00e4r kostymkl\u00e4dda \u201dkrewes\u201d kastar p\u00e4rlor genom gatorna. Men \u00e4ven utanf\u00f6r Mardi Gras \u00e4r festandan konstant. Livejazz str\u00f6mmar ut fr\u00e5n klubbarna p\u00e5 Frenchmen Street varje kv\u00e4ll, och festivaler fyller kalendern \u00e5ret runt \u2013 fr\u00e5n Jazz &amp; Heritage Festival varje v\u00e5r till Congo Square Rhythms p\u00e5 sommaren till French Quarter Festival och otaliga etniska parader.<\/p>\n<p>J\u00e4mf\u00f6rt med andra storst\u00e4der k\u00e4nns livet i New Orleans tr\u00f6gt. Lokalbefolkningen \u00e4r stolta \u00f6ver sin sydstatsg\u00e4stfrihet och v\u00e4rme. Fr\u00e4mlingar h\u00e4lsar ofta med ett leende eller ett v\u00e4nligt &#034;Hur m\u00e5r du?&#034; \u2013 \u00e4ven p\u00e5 delikatessbutiken eller i en reparationsbutik. Som en bes\u00f6kare noterade: &#034;Inv\u00e5narna utstr\u00e5lar v\u00e4rme och v\u00e4nlighet&#034;, ett drag som tillskrivs stadens kristna v\u00e4lg\u00f6renhet och gammaldags charm. Kaf\u00e9erna p\u00e5 Jackson Square str\u00f6mmar ut utomhus med m\u00e4nniskor som avslappnat dr\u00f6jer sig kvar \u00f6ver caf\u00e9 au lait och beignetter. Gatumusikanter som spelar i solen \u00e4r lika vanliga som pickupbilar p\u00e5 v\u00e4gen. \u00c4nd\u00e5 finns under denna gemytlighet en skarp kvickhet: New Orleansborna sk\u00e4mtar om att staden \u00e4r s\u00e5 avslappnad att &#034;till och med klockorna tar sin tid&#034;.<\/p>\n<p>Trots denna charm har livet h\u00e4r sin r\u00e5a sida. Staden brottades l\u00e4nge med ekonomisk oj\u00e4mlikhet och brottslighet. I \u00e5rtionden har New Orleans lidit bland de h\u00f6gsta mordsiffrorna i Amerika. Den verkligheten mildrar den annars nyckfulla bilden. Under de senaste fem \u00e5ren har staden gjort vissa framsteg n\u00e4r det g\u00e4ller den allm\u00e4nna s\u00e4kerheten; i mitten av 2024 hade den rapporterade brottsligheten minskat med cirka 26 % j\u00e4mf\u00f6rt med f\u00f6reg\u00e5ende \u00e5r. Bes\u00f6kare uppmanas fortfarande att vara uppm\u00e4rksamma, s\u00e4rskilt efter m\u00f6rkrets inbrott. Men oftare kommer en nykomling att minnas de v\u00e4nliga sp\u00e5rvagnsf\u00f6rarna, den ljuva doften av magnoliatr\u00e4d och det l\u00e4ttsamma skrattet fr\u00e5n m\u00e4nniskorna p\u00e5 Caf\u00e9 du Monde. I slut\u00e4ndan \u00e4r det &#034;franska kvartersk\u00e4nslan&#034; \u2013 den v\u00e4nliga fransktalande skylten i franska kvarteret vid gath\u00f6rn, r\u00f6da parasoller, smidesj\u00e4rnsbalkonger \u2013 som l\u00e4mnar ett best\u00e5ende intryck.<\/p>\n<p>F\u00f6r alla resen\u00e4rer erbjuder New Orleans en fest av sev\u00e4rdheter man bara m\u00e5ste se. Bland dem \u00e4r French Quarter, den historiska gamla staden som grundades 1718. Dess hj\u00e4rta \u00e4r Jackson Square \u2013 ett offentligt torg som domineras av St. Louis-katedralen i vit sten (den \u00e4ldsta kontinuerligt aktiva katolska katedralen i USA). Runt torget och n\u00e4rliggande Bourbon Street ligger pastellf\u00e4rgade radhus med utsmyckade j\u00e4rnbalkonger draperade i blommor. H\u00e4r kan man bes\u00f6ka legendariska platser: vajande verandamusikanter, statyer, gatukonstf\u00f6rs\u00e4ljare och det v\u00e4rldsber\u00f6mda Caf\u00e9 du Monde som serverar pralinbeignets och cikoriakaffe. Kvarteret inrymmer ocks\u00e5 Preservation Hall f\u00f6r kv\u00e4llskonserter med akustisk jazz, och butikerna p\u00e5 Royal Street f\u00f6r antikviteter och konst.<\/p>\n<p>Bortom kvarteret finns det gott om sev\u00e4rdheter. National WWII Museum i Warehouse District har upprepade g\u00e5nger rankats bland Amerikas fr\u00e4msta museer \u2013 uppslukande utst\u00e4llningar om D-dagen-landstigningen, Midway och fler lockar milit\u00e4rhistoriska intresserade. Konst\u00e4lskare kommer att dras till New Orleans Museum of Art (NOMA) och den intilliggande Sydney and Walda Besthoff Sculpture Garden i City Park. Inv\u00e5nare i Crescent City beundrar Audubon Park and Zoo uptown, och till och med den lokalt omhuldade City Park med sina gamla ekar och botaniska tr\u00e4dg\u00e5rdar. F\u00f6r panoramautsikt erbjuder \u00e5ngb\u00e5ten Natchez vid floden dagliga hjulkryssningar f\u00f6rbi stadssilhuetten. Missa inte de ovanjordiska kyrkog\u00e5rdarna (som St. Louis No.1) \u2013 kusliga &#034;Cities of the Dead&#034; d\u00e4r utsmyckade mausoleum inhyser generationer av inv\u00e5nare i New Orleans.<\/p>\n<p>Bland klassiska sev\u00e4rdheter finns \u00e4ven Garden District, n\u00e5gra kilometer norrut i stan, d\u00e4r st\u00e5tliga 1800-talsherrg\u00e5rdar kantar ekbevuxna gator. Man kan \u00e5ka den historiska sp\u00e5rvagnen St. Charles Avenue l\u00e4ngs ett tak av ekar och f\u00f6rbi Loyola University till Tulane Universitys st\u00e5tliga kolonner. Konstmuseet och Confederate Memorial i staden kompletterar mer kulturellt inriktade stopp. Sammantaget finns det en behaglig sp\u00e4nning mellan slitna historiska kvarter (den &#034;eleganta elegansen och det mjuka f\u00f6rfallet&#034; i gamla New Orleans) och \u00e5terupplivade moderna distrikt fyllda med gallerier och kaf\u00e9er. Varje h\u00f6rn erbjuder en smak av stadens m\u00e5ngsidiga historia: Bourbon Streets neonbarer vibrerar bredvid franskkoloniala hus; de l\u00e5gt liggande vallarna p\u00e5minner om att den m\u00e4ktiga floden och golfen aldrig \u00e4r l\u00e5ngt borta.<\/p>\n<p>New Orleans har goda f\u00f6rbindelser. Louis Armstrong New Orleans International Airport (MSY) ligger cirka 18 kilometer v\u00e4ster om centrum; den betj\u00e4nar dussintals flygbolag och direktlinjer till st\u00e4der \u00f6ver hela v\u00e4rlden. N\u00e4rmare in ligger den lilla Lakefront Airport som erbjuder begr\u00e4nsade pendlingsflyg. Stora motorv\u00e4gar m\u00f6ts ocks\u00e5 h\u00e4r, vilket g\u00f6r den till en korsning l\u00e4ngs Gulfkusten: Interstate 10 och 610 g\u00e5r runt staden, medan I-55 och I-59 g\u00e5r norrut. Amtraks Crescent-linje (fr\u00e5n New York till New Orleans) anl\u00e4nder dagligen till Union Passenger Terminal, bekv\u00e4mt bel\u00e4gen intill sp\u00e5rvagnslinjerna och bussterminalen. Med bil erbjuder de natursk\u00f6na v\u00e4garna l\u00e4ngs floden (US-61) eller Gulf (US-90) minnesv\u00e4rda bilturer.<\/p>\n<p>V\u00e4l i stan hittar bes\u00f6kare flera transportalternativ. Stadens ber\u00f6mda gr\u00f6nr\u00f6da sp\u00e5rvagnar korsar viktiga korridorer \u2013 Riverfront, Canal Street, St. Charles (till Garden District) och Rampart-St. Claude-linjerna. Dessa charmiga gamla sp\u00e5rvagnar (n\u00e5gra dateras till 1920-talet) erbjuder ett enkelt s\u00e4tt att se sev\u00e4rdheter ovan mark. Ett omfattande bussystem (RTA) t\u00e4cker alla stadsdelar, och den moderna sp\u00e5rv\u00e4gen Streetcar Line Extension (\u00f6ppnade 2016) n\u00e5r Tulane Avenue. Taxibilar, sam\u00e5kningstj\u00e4nster och flodf\u00e4rjor (till Algiers Point \u00f6ver Mississippi) finns i \u00f6verfl\u00f6d. Observera att sj\u00e4lva French Quarter \u00e4r mycket promenadv\u00e4nligt och i stort sett fritt fr\u00e5n biltrafik. M\u00e5nga b\u00e5de lokalbefolkningen och turister tar sig runt till fots eller med cykeluthyrning.<\/p>\n<p>Valutan \u00e4r amerikanska dollar och engelska talas allm\u00e4nt (\u00e4ven om m\u00e5nga menyer fortfarande listar r\u00e4tter med franska namn). Dricks \u00e4r brukligt \u2013 cirka 15\u201320 % p\u00e5 restauranger och barer. Stadens lugn och kl\u00e4dkod \u00e4r informell; vardagskl\u00e4der \u00e4r okej n\u00e4stan \u00f6verallt (\u00e4ven om exklusiva restauranger kan ha ett krav p\u00e5 kavaj f\u00f6r m\u00e4n). New Orleans-borna \u00e4r snabba med att h\u00e4lsa &#034;ya&#039;ll&#034;, s\u00e5 att samtala med ett v\u00e4nligt &#034;bonjour&#034; eller &#034;merci&#034; (tack) i f\u00f6rbifarten uppskattas alltid. Kulturellt sett r\u00f6r sig m\u00e4nniskor h\u00e4r l\u00e5ngsamt \u2013 om du har br\u00e5ttom, planera in mer tid \u00e4n vanligt.<\/p>\n<p>Historiskt sett har New Orleans haft h\u00f6gre brottslighet \u00e4n m\u00e5nga andra st\u00e4der, men f\u00f6rh\u00e5llandena varierar beroende p\u00e5 omr\u00e5de. De mest turistiska omr\u00e5dena (French Quarter, CBD, Garden District) \u00e4r i allm\u00e4nhet s\u00e4kra p\u00e5 dagen. Bes\u00f6kare b\u00f6r anv\u00e4nda normala f\u00f6rsiktighets\u00e5tg\u00e4rder p\u00e5 natten, stanna i upplysta omr\u00e5den och f\u00f6rvara sina tillh\u00f6righeter s\u00e4kert. NOPD noterar att den totala brottsligheten har minskat under 2024. Framf\u00f6r allt kommer f\u00f6rnuftigt resen\u00e4rsbeteende (att inte visa upp v\u00e4rdesaker, att resa i grupper om m\u00f6jligt efter m\u00f6rkrets inbrott) att bidra till en trevlig resa. F\u00f6rsta hj\u00e4lpen eller polisinsats finns l\u00e4ttillg\u00e4nglig i centrum. Med dessa f\u00f6rsiktighets\u00e5tg\u00e4rder noterade \u00e4r New Orleans fortfarande en v\u00e4lkomnande stad \u2013 en som bel\u00f6nar den \u00f6ppensinnade bes\u00f6karen med of\u00f6rgl\u00f6mlig musik, mat och sydstatsg\u00e4stfrihet.<a href=\"https:\/\/travelshelper.com\/sv\/destinationer\/nordamerika\/amerikas-forenta-stater\/berkeley-springs\/\" target=\"_self\" aria-labelledby=\"uael-post-8997\"><br \/>\n<\/a><\/p>","protected":false},"excerpt":{"rendered":"<p>New Orleans, ofta kallat NOLA eller Big Easy, \u00e4r en konsoliderad stad och f\u00f6rsamling bel\u00e4gen l\u00e4ngs Mississippifloden i den syd\u00f6stra delen av Louisiana. Med en befolkning p\u00e5 383 997 rankas staden enligt den amerikanska folkr\u00e4kningen 2020 som den mest folkrika i Louisiana och det franska Louisianas territorium. Den \u00e4r den tredje mest folkrika staden i Deep South och den tolfte mest folkrika staden i syd\u00f6stra USA. F\u00f6r Gulf Coast-omr\u00e5det i USA fungerar New Orleans som en viktig hamn och ett erk\u00e4nt kommersiellt och ekonomiskt centrum.<\/p>","protected":false},"author":1,"featured_media":3170,"parent":8072,"menu_order":0,"comment_status":"closed","ping_status":"closed","template":"elementor_theme","meta":{"_eb_attr":"","footnotes":""},"class_list":["post-8297","page","type-page","status-publish","has-post-thumbnail"],"_links":{"self":[{"href":"https:\/\/travelshelper.com\/sv\/wp-json\/wp\/v2\/pages\/8297","targetHints":{"allow":["GET"]}}],"collection":[{"href":"https:\/\/travelshelper.com\/sv\/wp-json\/wp\/v2\/pages"}],"about":[{"href":"https:\/\/travelshelper.com\/sv\/wp-json\/wp\/v2\/types\/page"}],"author":[{"embeddable":true,"href":"https:\/\/travelshelper.com\/sv\/wp-json\/wp\/v2\/users\/1"}],"replies":[{"embeddable":true,"href":"https:\/\/travelshelper.com\/sv\/wp-json\/wp\/v2\/comments?post=8297"}],"version-history":[{"count":0,"href":"https:\/\/travelshelper.com\/sv\/wp-json\/wp\/v2\/pages\/8297\/revisions"}],"up":[{"embeddable":true,"href":"https:\/\/travelshelper.com\/sv\/wp-json\/wp\/v2\/pages\/8072"}],"wp:featuredmedia":[{"embeddable":true,"href":"https:\/\/travelshelper.com\/sv\/wp-json\/wp\/v2\/media\/3170"}],"wp:attachment":[{"href":"https:\/\/travelshelper.com\/sv\/wp-json\/wp\/v2\/media?parent=8297"}],"curies":[{"name":"wp","href":"https:\/\/api.w.org\/{rel}","templated":true}]}}