{"id":8219,"date":"2024-09-01T20:08:53","date_gmt":"2024-09-01T20:08:53","guid":{"rendered":"https:\/\/travelshelper.com\/staging\/?page_id=8219"},"modified":"2026-03-13T17:59:34","modified_gmt":"2026-03-13T17:59:34","slug":"miami-beach","status":"publish","type":"page","link":"https:\/\/travelshelper.com\/sv\/destinations\/north-america\/united-states\/miami-beach\/","title":{"rendered":"Miami Beach"},"content":{"rendered":"<p>Miami Beach \u00e4r en mindre stad sett till befolkning men \u00f6vertr\u00e4ffar sin viktklass inom turism. Staden hade i sig cirka 78 000 inv\u00e5nare \u00e5r 2025, en minskning fr\u00e5n cirka 82 000 \u00e5r 2020. (Den \u00e4r i praktiken en del av det st\u00f6rre storstadsomr\u00e5det Miami, som totalt har \u00f6ver 6 miljoner inv\u00e5nare.) Median\u00e5ldern f\u00f6r Miami Beach \u00e4r h\u00f6gre \u2013 runt 47 \u00e5r \u2013 vilket \u00e5terspeglar dess popularitet bland pension\u00e4rer och vinterbes\u00f6kare, \u00e4ven om den s\u00e4songsbetonade befolkningen \u00f6kar under vinterm\u00e5naderna med sn\u00f6f\u00e5glar. Ekonomiskt sett blomstrar Miami Beach p\u00e5 fastigheter och g\u00e4stfrihet: medianhush\u00e5llsinkomsten \u00e4r relativt h\u00f6g (cirka 67 000 dollar) p\u00e5 grund av v\u00e4lb\u00e4rgade omr\u00e5den och en semesterortsdriven ekonomi. Arbetsl\u00f6sheten tenderar att vara l\u00e5g, medan fattigdomen \u00e4r l\u00e5g enligt nationella m\u00e5tt m\u00e4tt (~14 %). Rasm\u00e4ssigt och etniskt sett \u00e4r staden ganska m\u00e5ngfaldig: cirka 56 % identifierar sig som vita (icke-spansktalande), med stora latinamerikanska\/latino- och andra minoritetsgrupper. N\u00e4stan 60 % av inv\u00e5narna talar spanska hemma, vilket \u00e5terspeglar det starka inflytandet fr\u00e5n migration fr\u00e5n Latinamerika och Karibien.<\/p>\n<p>Miami Beach \u00e4r en tropisk semesterort bel\u00e4gen p\u00e5 en kedja av barri\u00e4r\u00f6ar l\u00e4ngs Floridas Atlantkust, strax \u00f6ster om fastlandsstaden Miami. Staden str\u00e4cker sig \u00f6ver Miami Beach Island (d\u00e4r South Beach ligger), Normandie- och Biscayne\u00f6arna, samt mindre nycklar \u2013 alla separerade fr\u00e5n fastlandet av Biscayne Bay. Den ligger i den s\u00f6dra spetsen av Nordamerika, i den amerikanska delstaten Florida, och anses d\u00e4rf\u00f6r vara en del av syd\u00f6stra USA. Landskapet \u00e4r platt och oceaniskt, med kilometervis av sandstr\u00e4nder som vetter mot Atlanten i \u00f6ster och vikar\/laguner i v\u00e4ster. Det finns inga berg eller kullar \u2013 bara palmer, palmkantade promenader och de ber\u00f6mda pastellf\u00e4rgade art d\u00e9co-byggnaderna i South Beach.<\/p>\n<p>Klimatet \u00e4r verkligen tropiskt. Miami Beach upplever varma, fuktiga somrar och milda, varma vintrar. Det ligger i den &#034;tropiska monsunzonen&#034;: sommaren (maj till oktober) medf\u00f6r frekventa eftermiddagsregn och orkanrisk, med dagtemperaturer ofta \u00f6ver 30\u00b0C. Vinterm\u00e5naderna \u00e4r varma (januaritemperaturer runt 15\u00b0C till 21\u00b0C) och temperaturerna sjunker s\u00e4llan under 10\u00b0C. Regnperioden \u00e4r som mest p\u00e5 sensommaren och bidrar till en genomsnittlig \u00e5rlig nederb\u00f6rd p\u00e5 cirka 137 cm, d\u00e4r juli och september \u00e4r s\u00e4rskilt v\u00e5ta. Orkaner och tropiska stormar kan hota fr\u00e5n juni till november, s\u00e5 resen\u00e4rer under den s\u00e4songen b\u00f6r h\u00e5lla koll p\u00e5 v\u00e4derprognoserna. Sammantaget \u00e4r klimatet strandv\u00e4nligt \u00e5ret runt, men solskydd och l\u00e4tta kl\u00e4der \u00e4r viktiga p\u00e5 sommaren, medan en l\u00e4tt jacka r\u00e4cker f\u00f6r svalare vinterkv\u00e4llar.<\/p>\n<p>Miami Beachs historia som semesterort g\u00e5r tillbaka till b\u00f6rjan av 1900-talet. \u00d6arna var i stort sett obebodda tills den f\u00f6rsta g\u00e5ngbroen byggdes. \u00c5r 1913 tog utvecklingen fart n\u00e4r finansmannen John S. Collins f\u00e4rdigst\u00e4llde Collins-bron \u00f6ver Biscayne Bay, som vid den tiden var v\u00e4rldens l\u00e4ngsta tr\u00e4bro. Collins (och senare Carl Fisher, en bilmagnat och sextio\u00e5rig byggherre) b\u00f6rjade s\u00e4lja mark och bygga hotell. Staden &#034;Miami Beach&#034; bildades officiellt 1915. Miami Beach v\u00e4xte under 1920-talet med Floridas markboom; m\u00e5nga av dess ikoniska art d\u00e9co-hotell \u00e4r fr\u00e5n 1923\u20131943. Art Deco Historic District i South Beach blev s\u00e4rskilt anm\u00e4rkningsv\u00e4rt \u2013 det listades faktiskt p\u00e5 US National Register of Historic Places 1979 som v\u00e4rldens st\u00f6rsta samling av art d\u00e9co-arkitektur.<\/p>\n<p>De f\u00f6ljande \u00e5rtiondena bj\u00f6d p\u00e5 upp- och nedg\u00e5ngar. I mitten av \u00e5rhundradet blev Miami Beach ett popul\u00e4rt tillflyktsort f\u00f6r pension\u00e4rer och k\u00e4ndisar. 1960- och 70-talen innebar en nedg\u00e5ng d\u00e5 vissa turister flyttade n\u00e5gon annanstans, men bevarandeinsatserna f\u00f6r art d\u00e9co-byggnaderna p\u00e5 1980- och 90-talen utl\u00f6ste en \u00e5terupplivning. Idag \u00e4r Miami Beach v\u00e4rldsber\u00f6md som en art d\u00e9co-museumstad, efter att ha \u00e5teruppfunnit sig sj\u00e4lv flera g\u00e5nger. Dess tidiga historia \u2013 fr\u00e5n Collins kokospalmer och Flamingo Hotel (cirka 1920) till dagens glittrande hotell \u2013 vittnar om ih\u00e5llande turism och fastighetsdriven tillv\u00e4xt.<\/p>\n<p>Miami Beach \u00e4r lika kosmopolitiskt som amerikanska st\u00e4der kan bli. Engelska och spanska \u00e4r b\u00e5da vanliga; \u00f6ver h\u00e4lften av befolkningen talar faktiskt spanska hemma. Stadens kultur \u00e4r en vibrerande blandning av kubanska, haitiska, europeiska och amerikanska influenser, vilket syns i maten, musiken och gatulivet. Dess stadsdelar har distinkta karakt\u00e4rer: eleganta South Beach (SoBe) \u00e4r k\u00e4nt f\u00f6r nattklubbsglamour, latinamerikanska rytmer och en stor HBTQ-gemenskap; Mid-Beach och North Beach har en lugnare, familjev\u00e4nlig bostadsk\u00e4nsla.<\/p>\n<p>Traditionellt sett kretsar livet i Miami Beach kring strand- och nattlivskultur. South Beach \u00e4r i synnerhet k\u00e4nt f\u00f6r sin dygnet runt-\u00f6ppna energi: exklusiva klubbar, poolpartyn och k\u00e4ndissp\u00e4ckade evenemang (t\u00e4nk varma kv\u00e4llar p\u00e5 Ocean Drive eller Club Space). P\u00e5 dagen \u00e4r det en paradis f\u00f6r solbad, vattensporter och den avslappnade strandloungen. Lokalbefolkningen njuter av utomhustr\u00e4ning l\u00e4ngs promenadstr\u00e5ken, och staden har en betydande mode- och konstscen (till exempel \u00e4r Miami Beach v\u00e4rd f\u00f6r den \u00e5rliga samtida konstm\u00e4ssan Art Basel varje december, som lockar internationella publik). Festivaler \u00e5terspeglar mixen \u2013 t.ex. Calle Ocho\/Carnaval Miami i Little Havana (mars) och Miami Beach Pride (mars) firar latinamerikanska och HBTQ-kulturer, medan South Beach Food &amp; Wine Festival (februari) och Winter Music Conference (mars) lockar globala kulinariska och dansmusikaliska publik.<\/p>\n<p>I vardagslivet \u00e4r Miami Beach fartfyllt och n\u00e5got glamor\u00f6st. M\u00e5nga arbetar inom turism och hotell- och restaurangbranschen eller inom finans\/teknik i n\u00e4rliggande Miami. Det finns en understr\u00f6m av avslappnad lyx \u2013 fr\u00e5n kaf\u00e9kantade trottoarer till exklusiva butiker och kubanska kaf\u00e9er. Trots festimagen uppr\u00e4tth\u00e5ller lokalbefolkningen ocks\u00e5 en stark k\u00e4nsla av gemenskap: familjer njuter av strandparkerna, och det finns en avslappnad v\u00e4rme n\u00e4r m\u00e4nniskor h\u00e4lsar p\u00e5 varandra under Floridas sol. Kort sagt, atmosf\u00e4ren i Miami Beach \u00e4r elektrisk, exklusiv och m\u00e5ngkulturell \u2013 en strandstad d\u00e4r latinamerikanska smaker, globala konstn\u00e4rer och havsliv sm\u00e4lter s\u00f6ml\u00f6st in i vardagliga rutiner.<\/p>\n<p>Miami Beachs attraktioner handlar till stor del om dess str\u00e4nder, arkitektur och kulturella scen. Den mest k\u00e4nda \u00e4r South Beach (ofta kallad SoBe), en tv\u00e5 mil l\u00e5ng strandstr\u00e4cka med turkosa v\u00e5gor och vit sand. Dess angr\u00e4nsande Art Deco-distrikt (centrerat p\u00e5 Ocean Drive och Collins Avenue) \u00e4r en stor attraktion \u2013 hundratals pastellf\u00e4rgade hotell, l\u00e4genheter och landm\u00e4rken byggda p\u00e5 1920- och 40-talen. Att utforska detta historiska distrikt till fots eller med cykel (t.ex. p\u00e5 Miami Beach Architectural District-rundturen) \u00e4r en sj\u00e4lvklar upplevelse.<\/p>\n<p>Andra platser man inte f\u00e5r missa inkluderar Lincoln Road Mall, ett utomhusgalleria med shopping och restauranger; Wolfsonian-FIU-museet (art d\u00e9co-designmuseum i ett ombyggt hotell fr\u00e5n 1920-talet); Bass Museum of Art (samtida konst i en byggnad i nyren\u00e4ssansstil); och Holocaust Memorial (en r\u00f6rlig utomhusskulptur). F\u00f6r naturlig sk\u00f6nhet \u00e4r Miami Beach Botanical Garden och South Pointe Park (p\u00e5 spetsen av South Beach med utsikt \u00f6ver fyren) fridfulla tillflyktsorter. Ingen beskrivning \u00e4r komplett utan Miami Beach Boardwalk, som l\u00f6per l\u00e4ngs sanden flera kilometer norrut. Nattliv och n\u00f6jen centreras p\u00e5 Ocean Drives neonupplysta klubbar, plus exklusiva takbarer.<\/p>\n<p>I n\u00e4romr\u00e5det ligger Lincoln Road Market (som h\u00e5lls varje m\u00e5nad) och erbjuder hantverk och lokal mat. Om du bara v\u00e5gar dig \u00f6ver g\u00e5ngbroen kan du bes\u00f6ka Art Deco Museum och Miami Beach Convention Center (platsen f\u00f6r Art Basel). Sammanfattningsvis blandar Miami Beachs m\u00e5sten se fritidsaktiviteter vid havet med konst och design \u2013 fr\u00e5n soln\u00f6jda str\u00e4nder till konstm\u00e4ssor i v\u00e4rldsklass \u2013 allt \u00e5terspeglar stadens strandstadscharm och globala stil.<\/p>\n<p>Miami Beach har ingen kommersiell flygplats, men n\u00e5s l\u00e4tt via Miami International Airport (MIA), cirka 19 kilometer in\u00e5t landet i Miami. MIA erbjuder gott om internationella och inrikesflyg. Flygplatserna Fort Lauderdale-Hollywood (FLL) och Palm Beach (PBI) ligger ocks\u00e5 inom 70\u2013110 kilometer och kan anv\u00e4ndas. Fr\u00e5n flygplatsen kan du ta en taxi, sam\u00e5kning eller Metrobus\/Miami Beach Airport Flyer till Miami Beach. V\u00e4garna (Julia Tuttle och Venetian) f\u00f6rbinder \u00f6arna med staden Miami.<\/p>\n<p>Inom Miami Beach \u00e4r bil valfritt. South Beach \u00e4r mycket g\u00e5ng- och cykelv\u00e4nligt; den kostnadsfria Miami Beach Trolley-tj\u00e4nsten k\u00f6r flera slingor (South Beach, Collins, Mid-Beach och North Beach-linjerna). Metrorail- och Metrobus-systemen betj\u00e4nar Miamis fastland, och Metrorail ansluter till flygplatsen och centrum. Ett parkeringsgarage beh\u00f6vs vanligtvis om du k\u00f6r bil, och gatuparkering kan vara tr\u00e5ngt i South Beach. Sam\u00e5kningstaxibilar (Uber\/Lyft) och Miami-Dade-bussystemet betj\u00e4nar ocks\u00e5 Miami Beach. Generellt sett b\u00f6r du planera att g\u00e5 eller cykla i South Beach, och kanske hyra en bil f\u00f6r dagsutflykter norrut till Palm Beach eller v\u00e4sterut till Everglades.<\/p>\n<p>Valutan \u00e4r amerikanska dollar; dricks (15\u201320 % p\u00e5 restauranger\/barer) f\u00f6rv\u00e4ntas. Engelska och spanska \u00e4r allm\u00e4nt f\u00f6rst\u00e5dda (m\u00e5nga menyer och skyltar \u00e4r tv\u00e5spr\u00e5kiga). Kl\u00e4dseln \u00e4r mycket avslappnad; strandkl\u00e4der, flip-flops och shorts \u00e4r vanliga p\u00e5 dagtid. Staden \u00e4r s\u00e4ker i turistomr\u00e5den, men ficktjuvar kan f\u00f6rekomma \u2013 h\u00e5ll ett \u00f6ga p\u00e5 dina tillh\u00f6righeter p\u00e5 stranden och p\u00e5 tr\u00e5nga uteplatser. Solskydd \u00e4r avg\u00f6rande \u00e5ret runt (solskyddsmedel, hattar) med tanke p\u00e5 den starka UV-str\u00e5lningen. Om du bes\u00f6ker staden under orkans\u00e4songen (juni\u2013november), var uppm\u00e4rksam p\u00e5 v\u00e4dervarningar (\u00e4ven om st\u00f6rre strejker \u00e4r s\u00e4llsynta). Planera att undvika strandtid p\u00e5 eftermiddagarna under h\u00f6gsommaren (v\u00e4rmeindex kan skjuta i h\u00f6jden) och v\u00e4lj ist\u00e4llet tidiga morgnar eller sena eftermiddagar. Slutligen, artighet mot lokalbefolkningen och respekt f\u00f6r tysta timmar efter 22.00 kommer att bidra mycket till att sm\u00e4lta in i gemenskapen av strand\u00e4lskare och inv\u00e5nare.<a href=\"https:\/\/travelshelper.com\/sv\/destinationer\/nordamerika\/amerikas-forenta-stater\/berkeley-springs\/\" target=\"_self\" aria-labelledby=\"uael-post-8997\"><br \/>\n<\/a><\/p>","protected":false},"excerpt":{"rendered":"<p>Miami Beach, en del av storstadsomr\u00e5det Miami i s\u00f6dra Florida, \u00e4r en kuststad i Miami-Dade County, Florida, och \u00e4r en livlig och energisk plats. Bel\u00e4gen p\u00e5 en rad naturliga och konstgjorda barri\u00e4r\u00f6ar mellan den lugna Biscayne Bay och den stora Atlanten, \u00e4r denna kommun... Viken skiljer Miami Beach naturligt fr\u00e5n fastlandsstaden Miami. Bland Miami Beachs m\u00e5nga stadsdelar \u00e4r South Beach det mest k\u00e4nda, med en yta p\u00e5 6,5 km\u00b2. Tillsammans med Downtown Miami och PortMiami utg\u00f6r South Beach det aktiva aff\u00e4rscentrumet i s\u00f6dra Florida.<\/p>","protected":false},"author":1,"featured_media":3272,"parent":8072,"menu_order":0,"comment_status":"closed","ping_status":"closed","template":"elementor_theme","meta":{"_eb_attr":"","footnotes":""},"class_list":["post-8219","page","type-page","status-publish","has-post-thumbnail"],"_links":{"self":[{"href":"https:\/\/travelshelper.com\/sv\/wp-json\/wp\/v2\/pages\/8219","targetHints":{"allow":["GET"]}}],"collection":[{"href":"https:\/\/travelshelper.com\/sv\/wp-json\/wp\/v2\/pages"}],"about":[{"href":"https:\/\/travelshelper.com\/sv\/wp-json\/wp\/v2\/types\/page"}],"author":[{"embeddable":true,"href":"https:\/\/travelshelper.com\/sv\/wp-json\/wp\/v2\/users\/1"}],"replies":[{"embeddable":true,"href":"https:\/\/travelshelper.com\/sv\/wp-json\/wp\/v2\/comments?post=8219"}],"version-history":[{"count":0,"href":"https:\/\/travelshelper.com\/sv\/wp-json\/wp\/v2\/pages\/8219\/revisions"}],"up":[{"embeddable":true,"href":"https:\/\/travelshelper.com\/sv\/wp-json\/wp\/v2\/pages\/8072"}],"wp:featuredmedia":[{"embeddable":true,"href":"https:\/\/travelshelper.com\/sv\/wp-json\/wp\/v2\/media\/3272"}],"wp:attachment":[{"href":"https:\/\/travelshelper.com\/sv\/wp-json\/wp\/v2\/media?parent=8219"}],"curies":[{"name":"wp","href":"https:\/\/api.w.org\/{rel}","templated":true}]}}