{"id":8097,"date":"2024-08-31T22:27:38","date_gmt":"2024-08-31T22:27:38","guid":{"rendered":"https:\/\/travelshelper.com\/staging\/?page_id=8097"},"modified":"2026-03-13T17:49:15","modified_gmt":"2026-03-13T17:49:15","slug":"honolulu","status":"publish","type":"page","link":"https:\/\/travelshelper.com\/sv\/destinations\/north-america\/united-states\/honolulu\/","title":{"rendered":"Honolulu"},"content":{"rendered":"<p>Honolulu, delstatshuvudstaden p\u00e5 Hawaii, \u00e4r en stad med turkosa kustlinjer och smaragdgr\u00f6na vulkaniska sluttningar. Dess silhuett av h\u00f6ghus och palatsliknande hotell har utsikt \u00f6ver den ber\u00f6mda Waik\u012bk\u012b-stranden och Stilla havet bortom, vilket g\u00f6r den till en av Amerikas mest ikoniska resm\u00e5l. Enligt folkr\u00e4kningen 2020 hade Honolulu cirka 350 964 inv\u00e5nare, vilket rankade den som den 55:e st\u00f6rsta staden i USA. Trots sin blygsamma befolkning \u00e4r Honolulus globala dragningskraft uppenbar: staden v\u00e4lkomnade ungef\u00e4r 711 000 bes\u00f6kare \u00e5r 2022, vilket g\u00f6r den till den 10:e mest bes\u00f6kta staden i landet. Det \u00e4r v\u00e4rt att notera att Honolulus levnadskostnader \u00e4r extremt h\u00f6ga (ungef\u00e4r 69 % \u00f6ver det nationella genomsnittet), vilket \u00e5terspeglar dess \u00f6ekonomi.<\/p>\n<p>Honolulus demografi och ekonomi \u00e5terspeglar dess unika karakt\u00e4r vid Stillahavsomr\u00e5det. Mer \u00e4n h\u00e4lften av stadens inv\u00e5nare \u00e4r av asiatisk h\u00e4rkomst, den enskilt st\u00f6rsta gruppen (med ungef\u00e4r 20 % japansk och 13 % filippinsk h\u00e4rkomst). Inf\u00f6dda hawaiianer och stillahavs\u00f6bor utg\u00f6r cirka 8\u20139 %, medan icke-spansktalande vita utg\u00f6r cirka 15\u201317 %. Denna m\u00e5ngkulturella befolkning driver en m\u00e5ngsidig lokal kultur (se &#034;Kulturell atmosf\u00e4r&#034; nedan).<\/p>\n<p>Ekonomiskt sett \u00e4r Honolulu starkt beroende av turism. Miljontals bes\u00f6kare tillf\u00f6r varje \u00e5r ungef\u00e4r 10 miljarder dollar till den lokala ekonomin, och staden fungerar som porten till Hawaiis \u00f6orter. Dessutom st\u00f6der Honolulus hamn och flygplats viktiga handels- och milit\u00e4rfunktioner i Stilla havet, medan en v\u00e4xande h\u00f6gteknologisk och forskningssektor bidrar med m\u00e5ngfald. \u00c5r 2014 var Honolulus levnadskostnader bland de h\u00f6gsta i landet, en faktor p\u00e5 grund av dess avl\u00e4gsna l\u00e4ge och importbaserade ekonomi. Medianhush\u00e5llsinkomsten \u00e4r relativt h\u00f6g (cirka 85 000 dollar), men det \u00e4r \u00e4ven fattigdomsgraden (n\u00e4stan 12 %), vilket understryker inkomstskillnaderna i denna dyra stad.<\/p>\n<p>Honolulu ligger p\u00e5 den s\u00f6dra stranden av O\u02bbahu, den tredje st\u00f6rsta \u00f6n p\u00e5 Hawaii. Staden str\u00e4cker sig l\u00e4ngs den syd\u00f6stra kusten fr\u00e5n historiska Pearl Harbor till \u00e5sarna Diamond Head (L\u0113\u02bbahi) och Makapu\u02bbu Point. Frodiga vulkaniska berg (Ko\u02bbolau Range) reser sig brant strax norr om staden och inramar en smal kustsl\u00e4t. Geografiskt sett \u00e4r den bland de mest avl\u00e4gsna st\u00f6rre st\u00e4derna p\u00e5 jorden \u2013 ungef\u00e4r 3 800 kilometer sydv\u00e4st om San Francisco, tv\u00e4rs \u00f6ver det vidstr\u00e4ckta Stilla havet. Denna isolering ger Honolulu ett klimat och ekosystem som \u00e4r mer besl\u00e4ktat med tropikerna \u00e4n n\u00e5gon annan amerikansk stad.<\/p>\n<p>Klimatet \u00e4r tropiskt och p\u00e5verkas av havet. Passadvindar fr\u00e5n nordost bl\u00e5ser \u00e5ret runt och f\u00f6r med sig fukt till bergen men g\u00f6r ofta kustlinjen soligare. Temperaturerna \u00e4r anm\u00e4rkningsv\u00e4rt stabila: dagstemperaturerna ligger vanligtvis runt 25\u201330 \u00b0C \u00e4ven p\u00e5 vintern. Nederb\u00f6rden \u00e4r s\u00e4songsbetonad (bl\u00f6t vinter, torr sommar) men riklig i h\u00f6gl\u00e4nta omr\u00e5den. Sammantaget \u00e4r Honolulus &#034;tropiska paradis&#034;-klimat en stor dragpl\u00e5ster f\u00f6r turister.<\/p>\n<p>Honolulus historia b\u00f6rjar med forntida hawaiianer. Arkeologiska fynd visar att polynesiska resen\u00e4rer bosatte sig p\u00e5 O&#039;ahu redan p\u00e5 1100-talet. \u00c5r 1795 enade Kamehameha I O&#039;ahu under sitt kungarike, och \u00e5r 1804 flyttade han sitt kungliga hov till Waik\u012bk\u012b-omr\u00e5det i det som nu \u00e4r Honolulu. Under de f\u00f6ljande decennierna v\u00e4xte Honolulu som en hamnstad och 1845 f\u00f6rklarade kung Kamehameha III det officiellt som huvudstad i det hawaiianska kungariket. Kung Kal\u0101kaua och drottning Lili\u02bbuokalani byggde senare det storslagna \u02bbIolani-palatset i centrum som kunglig residens.<\/p>\n<p>Sent 1800-tal var turbulent: 1893 var Honolulu platsen f\u00f6r den hawaiianska monarkin som st\u00f6rtades (drottning Lili\u02bbuokalani avsattes) och fem \u00e5r senare annekterades Hawaii av USA. Trots en f\u00f6r\u00f6dande brand i Chinatown 1900 och chocken fr\u00e5n Pearl Harbor-attacken (1941) f\u00f6rblev Honolulu Hawaiis politiska och befolkningsm\u00e4ssiga centrum. Statsstatusen 1959 utl\u00f6ste en turismboom: motorv\u00e4gar, hotell och den moderna flygplatsen (d\u00e5varande Honolulu International) byggdes n\u00e4r hundratusentals amerikaner och asiater b\u00f6rjade semestra p\u00e5 Hawaii. I mitten av 1900-talet hade Waik\u012bk\u012b f\u00f6rvandlats till ett h\u00f6ghusresortdistrikt, och Honolulus silhuett b\u00f6rjade stiga med hotell och l\u00e4genheter. Staden forts\u00e4tter att utvecklas och blandar nu ett djupt polynesiskt arv med globala influenser.<\/p>\n<p>Honolulus kultur \u00e4r en v\u00e4vd v\u00e4vd fr\u00e5n den inhemska hawaiianska traditionen och dess m\u00e5nga immigrantgrupper. Engelska och hawaiianska (&#039;\u014clelo Hawai&#039;i) \u00e4r officiella spr\u00e5k, men du kommer ocks\u00e5 att h\u00f6ra hawaiiansk pidgin (kreolsk engelska), japanska, tagalog och m\u00e5nga andra spr\u00e5k fr\u00e5n Stillahavsomr\u00e5det i det dagliga livet. Den lokala etosen styrs k\u00e4nt av &#034;Aloha-andan&#034; \u2013 en v\u00e4rme och v\u00e4nlighet som uttrycks i h\u00e4lsningar, leis och en avslappnad artighet. Honolulus kalender \u00e4r full av f\u00e4rgglada festivaler som visar upp denna blandning: till exempel Honolulu-festivalen i mars f\u00f6renar asiatisk, stillahavs\u00f6bo- och hawaiiansk musik och dans, medan Lei Day den 1 maj firar hawaiiansk lei-tillverkning med konserter och hula i Kapi&#039;olani Park. De veckol\u00e5nga Aloha-festivalerna varje h\u00f6st \u00e4r statens st\u00f6rsta kulturella festlighet och lockar \u00f6ver 100 000 m\u00e4nniskor till parader, t\u00e4vlingar och konserter. I vardagslivet \u00e4r tempot i Honolulu i allm\u00e4nhet avslappnat \u2013 lokalbefolkningen kan surfa p\u00e5 morgonen och delta i en grillfest i tr\u00e4dg\u00e5rden p\u00e5 kv\u00e4llen. \u00c4nd\u00e5 har Honolulu, som en modern stad, en aff\u00e4rsm\u00e4ssig sida, s\u00e4rskilt i centrum. Den \u00f6vergripande atmosf\u00e4ren \u00e4r v\u00e4nlig och v\u00e4lkomnande, mildrad av det kosmopolitiska liv och r\u00f6relse i ett stort turistcentrum.<\/p>\n<p>Honolulus sev\u00e4rdheter blandar naturliga underverk, kulturinstitutioner och historiska platser. Waik\u012bk\u012b Beach beh\u00f6ver knappast presenteras \u2013 denna halvm\u00e5ne av gyllene sand \u00e4r kanske v\u00e4rldens mest ber\u00f6mda stadsstrand. Turister flockas till Waik\u012bk\u012b f\u00f6r att sola, surfa och ta en promenad kantad av butiker och resorter. Utsikt \u00f6ver Waik\u012bk\u012b ligger Diamond Head (L\u0113&#039;ahi), en slocknad vulkankrater vars branta vandringsled bel\u00f6nar kl\u00e4ttrare med panoramautsikt \u00f6ver staden och Stilla havet.<\/p>\n<p>Centrala Honolulu bjuder p\u00e5 en rik historia: \u02bbIolani Palace (byggt 1879) var residens f\u00f6r Hawaiis sista kungar och \u00e4r det enda kungliga palatset p\u00e5 amerikansk mark. I n\u00e4rheten ligger Bishop Museum, som inrymmer v\u00e4rldens st\u00f6rsta samling av polynesiska artefakter och hawaiianska kungliga skatter. Honolulu Museum of Art (och dess anslutna Shangri La-samling av islamisk konst) \u00e4r det st\u00f6rsta konstmuseet p\u00e5 Hawaii. En annan gripande plats \u00e4r National Memorial Cemetery of the Pacific (&#034;Punchbowl&#034;), en h\u00f6gtidlig kyrkog\u00e5rd fr\u00e5n andra v\u00e4rldskriget och Koreakriget uthuggen i en vulkanisk krater med utsikt \u00f6ver staden.<\/p>\n<p>Bland Hawaiis nationalparker \u00e4r Pearl Harbor (en kort bilresa bort) ett m\u00e5ste: USS Arizona Memorial och slagskeppet Missouri ber\u00e4ttar historien om andra v\u00e4rldskriget i Stilla havet. (Honolulu sponsrar \u00e4ven turer till Pacific Aviation Museum och andra platser i Pearl Harbor.) Natur\u00e4lskare kommer att tycka att Hanauma Bay (\u00f6ster om Waik\u012bk\u012b) \u00e4r en fantastisk snorkelplats i en skyddad koralllagun. F\u00f6r rekreation och shopping \u00e4r Ala Moana Center i Waik\u012bk\u012b v\u00e4rldens st\u00f6rsta utomhusk\u00f6pcentrum, och n\u00e4rliggande Kapi\u02bbolani Park (160 tunnland vid Diamond Heads bas) \u00e4r en frodig urban oas f\u00f6r jogging, picknick i solnedg\u00e5ngar och hula-dans utomhusevenemang.<\/p>\n<p>Honolulus huvudsakliga flygplats \u00e4r Daniel K. Inouye International Airport (HNL), en av de mest trafikerade navpunkterna i Stilla havet. Den erbjuder direktflyg till st\u00e4der p\u00e5 det amerikanska fastlandet (Los Angeles, San Francisco, Seattle, Chicago, New York, etc.) och till destinationer i Asien och Stillahavsomr\u00e5det (Tokyo, Seoul, Sydney med flera). \u00d6ver 60 % av Hawaiis bes\u00f6kare anl\u00e4nder via HNL. Flygningar mellan \u00f6arna f\u00f6rbinder Honolulu med andra flygplatser i Hawaii. Kryssningsfartyg anl\u00f6per ocks\u00e5 Honolulu hamn som en del av Stillahavsomr\u00e5dets resplaner.<\/p>\n<p>Inom Honolulu finns det transportm\u00f6jligheter som TheBus (Oahus kollektivbusssystem), sam\u00e5kningstj\u00e4nster och taxibilar. Waik\u012bk\u012b och centrum \u00e4r l\u00e4tta att promenera till; m\u00e5nga bes\u00f6kare parkerar bilar d\u00e4r. Trafiken p\u00e5 Ala Moana Boulevard och motorv\u00e4g H-1 kan vara t\u00e4t, s\u00e4rskilt under rusningstrafik. Honolulu \u00f6ppnade sin f\u00f6rsta j\u00e4rnv\u00e4gslinje 2023 (Skyline) \u2013 som f\u00f6r n\u00e4rvarande g\u00e5r fr\u00e5n Kapolei till Aloha Stadium \u2013 och som s\u00e5 sm\u00e5ningom kommer att f\u00f6rl\u00e4ngas mot Waik\u012bk\u012b och Ala Moana. Tills den fullst\u00e4ndiga linjen \u00e4r byggd \u00e4r det fortfarande bekv\u00e4mt att hyra bil och ta bussar f\u00f6r att n\u00e5 bergsleder eller surfstr\u00e4nder p\u00e5 North Shore. Obs: parkering i Waik\u012bk\u012b \u00e4r dyrt, och m\u00e5nga hotell tar ut resortavgifter.<\/p>\n<p><strong>Grundl\u00e4ggande tips:<\/strong><\/p>\n<ul>\n<li><strong>Valuta:<\/strong> Amerikanska dollar (USD). Hawaii har ingen moms p\u00e5 mat som \u00e4ts utanf\u00f6r lokalen (endast en generell moms p\u00e5 4,5\u20135,5 % p\u00e5 andra varor), men m\u00e5nga f\u00f6retag listar fortfarande priser f\u00f6re moms.<\/li>\n<li><strong>Spr\u00e5k:<\/strong> Engelska \u00e4r arbetsspr\u00e5ket; hawaiianska ord f\u00f6rekommer i namn och respekteras (\u02bbokina, kahak\u014d). Lokalbefolkningen anv\u00e4nder ofta pidgin (hawaiiansk kreol).<\/li>\n<li><strong>Etikett:<\/strong> Hawaiianer v\u00e4rdes\u00e4tter <em>Hej d\u00e5<\/em> anda \u2013 att vara v\u00e4nlig, t\u00e5lmodig och respektfull. Ta av dig skorna och fr\u00e5ga om lov innan du fotograferar n\u00e4r du bes\u00f6ker heliga platser eller hem. Det anses artigt att h\u00e4lsa fr\u00e4mlingar med &#034;aloha&#034; och &#034;mahalo&#034; (tack) n\u00e4r det \u00e4r l\u00e4mpligt.<\/li>\n<li><strong>S\u00e4kerhet:<\/strong> Honolulu \u00e4r generellt sett s\u00e4kert, men var vaksam p\u00e5 natten i isolerade omr\u00e5den. I havet, f\u00f6lj alltid badvakternas varningar (Waik\u012bk\u012b har ibland starka str\u00f6mmar). Skydda dig fr\u00e5n solen och drick ofta. (Obs: Hawaii har inga giftiga landlevande djur, men solbr\u00e4nna, manetstick och starka v\u00e5gor kan vara faror.)<a href=\"https:\/\/travelshelper.com\/sv\/destinationer\/nordamerika\/amerikas-forenta-stater\/berkeley-springs\/\" target=\"_self\" aria-labelledby=\"uael-post-8997\"><br \/>\n<\/a><\/li>\n<\/ul>","protected":false},"excerpt":{"rendered":"<p>Honolulu \u00e4r huvudstad och den folkrikaste staden i den amerikanska delstaten Hawaii, bel\u00e4gen i Stilla havet. Som en icke-inkorporerad stad fungerar den som residensstad f\u00f6r den konsoliderade staden och l\u00e4net Honolulu. Honolulu ligger p\u00e5 Oahus syd\u00f6stra kust och \u00e4r erk\u00e4nd som den v\u00e4stligaste och sydligaste st\u00f6rre staden i USA. Hawaii fungerar som den viktigaste porten till v\u00e4rlden och ett viktigt centrum f\u00f6r aff\u00e4rer, finans, g\u00e4stfrihet och milit\u00e4rt f\u00f6rsvar inom delstaten och Oceanien. Staden \u00e4r en sammanfl\u00f6det av olika asiatiska, v\u00e4sterl\u00e4ndska och Stillahavskulturer, vilket \u00e5terspeglas i dess varierande demografi, mat och traditioner.<\/p>","protected":false},"author":1,"featured_media":3574,"parent":8072,"menu_order":0,"comment_status":"closed","ping_status":"closed","template":"elementor_theme","meta":{"_eb_attr":"","footnotes":""},"class_list":["post-8097","page","type-page","status-publish","has-post-thumbnail"],"_links":{"self":[{"href":"https:\/\/travelshelper.com\/sv\/wp-json\/wp\/v2\/pages\/8097","targetHints":{"allow":["GET"]}}],"collection":[{"href":"https:\/\/travelshelper.com\/sv\/wp-json\/wp\/v2\/pages"}],"about":[{"href":"https:\/\/travelshelper.com\/sv\/wp-json\/wp\/v2\/types\/page"}],"author":[{"embeddable":true,"href":"https:\/\/travelshelper.com\/sv\/wp-json\/wp\/v2\/users\/1"}],"replies":[{"embeddable":true,"href":"https:\/\/travelshelper.com\/sv\/wp-json\/wp\/v2\/comments?post=8097"}],"version-history":[{"count":0,"href":"https:\/\/travelshelper.com\/sv\/wp-json\/wp\/v2\/pages\/8097\/revisions"}],"up":[{"embeddable":true,"href":"https:\/\/travelshelper.com\/sv\/wp-json\/wp\/v2\/pages\/8072"}],"wp:featuredmedia":[{"embeddable":true,"href":"https:\/\/travelshelper.com\/sv\/wp-json\/wp\/v2\/media\/3574"}],"wp:attachment":[{"href":"https:\/\/travelshelper.com\/sv\/wp-json\/wp\/v2\/media?parent=8097"}],"curies":[{"name":"wp","href":"https:\/\/api.w.org\/{rel}","templated":true}]}}