{"id":7755,"date":"2024-08-28T18:34:22","date_gmt":"2024-08-28T18:34:22","guid":{"rendered":"https:\/\/travelshelper.com\/staging\/?page_id=7755"},"modified":"2026-03-13T16:45:40","modified_gmt":"2026-03-13T16:45:40","slug":"haiti","status":"publish","type":"page","link":"https:\/\/travelshelper.com\/sv\/destinations\/north-america\/haiti\/","title":{"rendered":"Haiti"},"content":{"rendered":"<p>Haiti framst\u00e5r som ett kontrasternas land: en nation med 11,4 miljoner inv\u00e5nare (uppskattning fr\u00e5n 2025) utspridd \u00f6ver 27 750 km\u00b2 bergig terr\u00e4ng och kustsl\u00e4tter; den upptar de v\u00e4stra tre \u00e5ttondelarna av Hispaniola, bel\u00e4gen \u00f6ster om Kuba och Jamaica och s\u00f6der om Bahamas. Port-au-Prince, dess huvudstad och st\u00f6rsta stad, \u00e4r f\u00f6rankringen i en nation vars ungef\u00e4r h\u00e4stskoform ger den en oproportionerligt l\u00e5ng kustlinje p\u00e5 1 771 km. Inom denna kompakta yta visar sig Haiti vara Karibiens mest befolkade och mest ol\u00e4ndiga land, dess identitet formas lika mycket av landskapet som av historien. F\u00f6ljande redog\u00f6relse, som uteslutande \u00e4r h\u00e4mtad fr\u00e5n officiella dokument, syftar till en integrerad f\u00f6rst\u00e5else av dess landformer, klimat, m\u00e4nskliga struktur och p\u00e5g\u00e5ende utmaningar \u2013 observerad genom linsen av en resen\u00e4r som \u00e4r v\u00e4l insatt i dess varje kontur.<\/p>\n<p>Haitis inland reser sig abrupt fr\u00e5n smala kustsl\u00e4tter och \u00e4r en mosaik av bergskedjor och floddalar. Massif du Nord, en f\u00f6rl\u00e4ngning av Dominikanska republikens Cordillera Central, str\u00e4cker sig nordv\u00e4st fr\u00e5n Guayamoucfloden och mynnar ut vid halv\u00f6ns spets. Nedanf\u00f6r ligger Plaine du Nord, en l\u00e5glandskorridor som gr\u00e4nsar till den norra gr\u00e4nsen och Atlanten, d\u00e4r bos\u00e4ttning och odling koncentreras i skydd av bergen. H\u00e4r definierar samspelet mellan h\u00f6jd och exponering lokala mikroklimat: fuktigheten dr\u00f6jer sig kvar p\u00e5 vindsluttningar, medan dalarna i l\u00e4 bakar sig under den tropiska solen.<\/p>\n<p>Centrala Haiti utbreder sig i en f\u00f6ljd av plat\u00e5er och dalar. Plat\u00e5n Central flankerar b\u00e5da sidor om floden Guayamouc och lutar fr\u00e5n sydost till nordv\u00e4st. I sydv\u00e4st reser sig Montagnes Noires, vars fot \u00f6verg\u00e5r i det norra massivet. Mellan dessa bergskedjor g\u00f6r Plaine de l&#039;Artibonite anspr\u00e5k p\u00e5 att vara framst\u00e5ende: tillr\u00e4ckligt vidstr\u00e4ckt f\u00f6r att uppr\u00e4tth\u00e5lla landets huvudsakliga jordbruksproduktion, \u00e4r den v\u00e4rd f\u00f6r Riviere l&#039;Artibonite, Haitis l\u00e4ngsta flod, som rinner fr\u00e5n Dominikanska republiken till Golfe de la Gon\u00e2ve. Halvv\u00e4gs l\u00e4ngs dess lopp uppstod Lac de P\u00e9ligre \u2013 Haitis n\u00e4st st\u00f6rsta sj\u00f6 \u2013 f\u00f6rst efter att dammbyggnationen i mitten av 1900-talet omformade dalen.<\/p>\n<p>I s\u00f6der omfattar Xaragua-regionen b\u00e5de Plaine du Cul-de-Sac och Tiburonhalv\u00f6n. Cul-de-Sac ligger som en naturlig f\u00f6rdjupning, dess saltvattensdammar \u2013 Trou Ca\u00efman och den st\u00f6rre \u00c9tang Saumatre \u2013 reflekterar himmel och sol i en spegelblank stillhet. Bortom str\u00e4cker sig Cha\u00eene de la Selle fr\u00e5n Massif de la Selle i \u00f6ster till Massif de la Hotte i v\u00e4ster och \u00f6verbryggar \u00f6ns s\u00f6dra ryggrad. Varje \u00e5s och dal h\u00e4r vittnar om tektoniska omv\u00e4lvningar som har format Haitis profil under \u00e5rtusenden.<\/p>\n<p>Utmed Haitis fastland ligger spridda \u00f6ar som b\u00e4r p\u00e5 sina egna historier. Tortuga, utanf\u00f6r den norra kusten, frammanar bilder av sj\u00f6r\u00f6vare fr\u00e5n 1600-talet. Gon\u00e2ve, den st\u00f6rsta av dem, flyter i Gon\u00e2vebukten, dess lantliga byar \u00e4r f\u00f6rbundna med huvudstaden genom os\u00e4kra sj\u00f6v\u00e4gar. \u00cele \u00e0 Vache ligger sydv\u00e4st, medan cayemiterna vaktar den norra infarten till Pestel. \u00c4ven Navassa\u00f6n, fyrtio sj\u00f6mil v\u00e4ster om J\u00e9r\u00e9mie, ing\u00e5r i Haitis territoriella utbredning, \u00e4ven om den administreras av USA mitt i en l\u00e5ngvarig tvist.<\/p>\n<p>Haitis klimat f\u00f6ljer tropiska normer, modifierade av relief. I Port-au-Prince varierar temperaturerna i januari fr\u00e5n 23 \u00b0C till 31 \u00b0C; i juli n\u00e5r minima 25 \u00b0C, maxima n\u00e4rmar sig 35 \u00b0C. Nederb\u00f6rden \u00e4r i genomsnitt 1 370 mm \u00e5rligen, koncentrerad till tv\u00e5 regnperioder \u2013 april till juni och oktober till november \u2013 medan torrperioden str\u00e4cker sig fr\u00e5n november till januari. Dessa rytmer styr cyklerna f\u00f6r odling, vattenf\u00f6rs\u00f6rjning och m\u00e4nsklig anstr\u00e4ngning.<\/p>\n<p>Variationerna i nederb\u00f6rd visar sig vara uttalade. L\u00e5glandssl\u00e4tter och de norra och \u00f6stra bergssluttningarna f\u00e5r kraftigare nederb\u00f6rd, vilket fr\u00e4mjar gr\u00f6nska. Men i andra omr\u00e5den har knappa regn blivit en \u00e5terkommande kris, eftersom avskogning accelererar avrinning och undergr\u00e4ver vattenretentionen. Periodisk torka och \u00f6versv\u00e4mningar varvas s\u00e5ledes med orkanhot, d\u00e4r b\u00e5da extremernas inverkan f\u00f6rst\u00e4rks av de avskalade sluttningarna som inte binder jord och bromsar b\u00e4ckarna.<\/p>\n<p>Seismiska skakningar understryker Haitis s\u00e5rbarhet. Bel\u00e4get n\u00e4ra gr\u00e4nsen mellan de nordamerikanska och karibiska tektoniska plattorna, utst\u00e5r det jordb\u00e4vningar och stormfloder med knappast n\u00e5gon f\u00f6rvarning. Katastrofen 2010 och det medf\u00f6ljande kolerautbrottet visade infrastrukturens och folkh\u00e4lsans br\u00e4cklighet inf\u00f6r naturkrafterna \u2013 p\u00e5minnelser om att det geologiska sammanhanget formar mer \u00e4n topografin.<\/p>\n<p>Demografiskt sett har Haiti i genomsnitt cirka 350 individer per kvadratkilometer, med h\u00f6gst befolkningst\u00e4thet i stadscentra, kustsl\u00e4tter och tillg\u00e4ngliga dalar. \u00c5r 2018 uppskattades befolkningen till cirka 10,8 miljoner; i mitten av 2025 placerar officiella siffror den p\u00e5 11,4 miljoner, n\u00e4stan h\u00e4lften under tjugo \u00e5r i tidigare folkr\u00e4kningar. Den snabba tillv\u00e4xten belastar resurserna i en nation d\u00e4r infrastruktur, utbildning och h\u00e4lsov\u00e5rd har k\u00e4mpat f\u00f6r att h\u00e5lla j\u00e4mna steg.<\/p>\n<p>Ekonomiskt sett \u00e4r Haiti fortfarande bland de fattigaste i Amerika. BNP per capita ligger n\u00e4ra 1 800 USD, medan den totala produktionen n\u00e4rmar sig 19,97 miljarder USD (siffror fr\u00e5n 2017). Den haitiska gourden cirkulerar som valuta. Trots en turistn\u00e4ring i sin linda hindrar ih\u00e5llande korruption, politisk volatilitet och bristf\u00e4lliga tj\u00e4nster diversifiering. H\u00f6g arbetsl\u00f6shet och \u00e5terkommande emigration understryker de begr\u00e4nsade inhemska m\u00f6jligheterna.<\/p>\n<p>Jordb\u00e4vningen 2010 utl\u00f6ste en kraftig minskning av handeln; BNP i k\u00f6pkraftsparitet minskade med 8 procent, fr\u00e5n 12,15 miljarder USD till 11,18 miljarder USD. Det \u00e5ret rankades Haiti som nummer 145 av 182 p\u00e5 FN:s index f\u00f6r m\u00e4nsklig utveckling, med \u00f6ver 57 procent av befolkningen utsatta enligt minst tre centrala fattigdomsm\u00e5tt. Dessa siffror dokumenterar en nation d\u00e4r tillv\u00e4xt och v\u00e4lbefinnande sl\u00e4par efter potentialen, begr\u00e4nsat av b\u00e5de strukturella och konjunkturella utmaningar.<\/p>\n<p>\u00c4nd\u00e5 har regeringen identifierat turismen som en strategisk sektor. Vita sandstr\u00e4nder, dramatiska berg och ett j\u00e4mnt varmt klimat erbjuder attraktioner som kan m\u00e4ta sig med de i n\u00e4rliggande destinationer. \u00c5r 2014 tog Haiti emot 1,25 miljoner bes\u00f6kare \u2013 de flesta anl\u00e4nde med kryssningsfartyg \u2013 och genererade ungef\u00e4r 200 miljoner USD i turismint\u00e4kter. Statens marknadsf\u00f6ringsinsatser betonar natur- och kulturarv, \u00e4ven om globala uppfattningar om os\u00e4kerhet och underutveckling d\u00e4mpar infl\u00f6det.<\/p>\n<p>Investeringar i hotell- och restauranginfrastruktur f\u00f6ljde. Samma \u00e5r \u00f6ppnade ett Best Western Premier-hotell bredvid ett femstj\u00e4rnigt Royal Oasis by Occidental i P\u00e9tion-Ville, och ett fyrstj\u00e4rnigt Marriott-hotell tog sin verksamhet i Turgeau, Port-au-Prince. Ytterligare utveckling skedde i Port-au-Prince, Les Cayes, Cap-Ha\u00eftien och Jacmel. \u00c4nd\u00e5 \u00e4r sektorns expansion fortfarande blygsam i f\u00f6rh\u00e5llande till landets natursk\u00f6na potential och ligger efter j\u00e4mf\u00f6rbara hotell i regionen.<\/p>\n<p>Landtransporter \u00e4r beroende av tv\u00e5 huvudv\u00e4gar. Route Nationale nr 1 avg\u00e5r fr\u00e5n Port-au-Prince, g\u00e5r genom Montrouis och Gona\u00efves innan den slutar i Cap-Ha\u00eftien i norr. Route Nationale nr 2 f\u00f6rbinder huvudstaden med Les Cayes via L\u00e9og\u00e2ne och Petit-Go\u00e2ve i s\u00f6der. V\u00e4gf\u00f6rh\u00e5llandena \u00e4r dock generellt sett d\u00e5liga, med gropar och erosion som g\u00f6r m\u00e5nga str\u00e4ckor oframkomliga under kraftiga regn.<\/p>\n<p>Sj\u00f6fartsanl\u00e4ggningarna \u00e4r centrerade kring Port-au-Princes internationella hamn, som \u2013 trots kranar, stora kajplatser och omfattande lagerlokaler \u2013 fortfarande \u00e4r underutnyttjad, kanske p\u00e5 grund av h\u00f6ga avgifter. Saint-Marc har framst\u00e5tt som den f\u00f6redragna infartspunkten f\u00f6r konsumtionsvaror, vilket \u00e5terspeglar huvudstadens logistiska begr\u00e4nsningar. Tidigare j\u00e4rnv\u00e4gsn\u00e4t f\u00f6rf\u00f6ll och deras renoveringskostnader ans\u00e5gs o\u00f6verkomliga. F\u00f6rslag p\u00e5 en &#034;trans-Hispaniola&#034; j\u00e4rnv\u00e4g som f\u00f6rbinder Haiti och Dominikanska republiken d\u00f6k upp 2018 men v\u00e4ntar p\u00e5 konkret planering.<\/p>\n<p>Flygtrafiken \u00e4r centrerad kring Toussaint L&#039;Ouverture International Airport, som ligger tio kilometer nordnordost om Port-au-Prince i Tabarre. Den hanterar det mesta av jetway-trafiken, tillsammans med Cap-Ha\u00eftien International, som betj\u00e4nar ankomster norrut. Mindre flygf\u00e4lt i Jacmel, J\u00e9r\u00e9mie, Les Cayes och Port-de-Paix betj\u00e4nar regionala flygbolag och privata flygplan. I maj 2024, efter tre m\u00e5naders st\u00e4ngning p\u00e5 grund av v\u00e5ld, \u00f6ppnade Toussaint L&#039;Ouverture igen, redo att lindra bristen p\u00e5 mediciner och basf\u00f6rn\u00f6denheter.<\/p>\n<p>Som ett komplement till den formella kollektivtrafiken trafikerar \u201dtap tap\u201d-bussar stads- och landsbygdsrutter. Dessa f\u00e4rgglada bussar eller pickup truckar \u2013 uppkallade efter de kranar som passagerarna trycker p\u00e5 metallkarossen f\u00f6r att signalera att de stannar \u2013 fungerar som delade taxibilar. De \u00e4r privat\u00e4gda och rikt dekorerade, f\u00f6ljer fasta linjer och avg\u00e5r endast n\u00e4r de \u00e4r fulla, vilket ger passagerarna bekv\u00e4mligheten att kunna g\u00e5 av n\u00e4r som helst l\u00e4ngs v\u00e4gen.<\/p>\n<p>Under dessa fysiska system ligger en ekologisk kris. Haiti \u00e4r fortfarande Karibiens mest avskogade nation. Kolonialtidens krav p\u00e5 monokultur av handelsgr\u00f6dor inledde processen; 1800-talets skadest\u00e5nd till Frankrike f\u00f6rv\u00e4rrade den, vilket ledde till omfattande tr\u00e4avverkning. Idag \u00e4r kolproduktion f\u00f6r matlagning fortfarande en prim\u00e4r drivkraft f\u00f6r skogsf\u00f6rlust. Resultatet \u00e4r avskalade bergssluttningar som f\u00f6rst\u00e4rker stormavrinning, vilket \u00f6kar risken f\u00f6r \u00f6versv\u00e4mningar, jordskred och lerfl\u00f6den.<\/p>\n<p>Haitis landskap f\u00f6rkroppsligar s\u00e5ledes b\u00e5de motst\u00e5ndskraft och br\u00e4cklighet. Dess toppar och sl\u00e4tter st\u00f6der jordbruksverksamhet och kulturliv, \u00e4ven om de exponerar s\u00e5rbarheter f\u00f6r klimat, geologi och m\u00e4nsklig aktivitet. Att resa genom denna nation \u00e4r att bevittna samspelet mellan mark och f\u00f6rs\u00f6rjning, mellan historiska arv och naturliga krav. I dessa konturer lever Haitis historia vidare \u2013 skriven i sten, jord och hav.<\/p>","protected":false},"excerpt":{"rendered":"<p>Republiken Haiti upptar de v\u00e4stra tre \u00e5ttondelarna av \u00f6n Hispaniola, som den delar med Dominikanska republiken. Haitis strategiska l\u00e4ge, som ligger \u00f6ster om Kuba och Jamaica och s\u00f6der om Bahamas, har avsev\u00e4rt p\u00e5verkat dess komplexa och sp\u00e4nnande historia.<\/p>","protected":false},"author":1,"featured_media":3558,"parent":24084,"menu_order":0,"comment_status":"closed","ping_status":"closed","template":"elementor_theme","meta":{"_eb_attr":"","footnotes":""},"class_list":["post-7755","page","type-page","status-publish","has-post-thumbnail"],"_links":{"self":[{"href":"https:\/\/travelshelper.com\/sv\/wp-json\/wp\/v2\/pages\/7755","targetHints":{"allow":["GET"]}}],"collection":[{"href":"https:\/\/travelshelper.com\/sv\/wp-json\/wp\/v2\/pages"}],"about":[{"href":"https:\/\/travelshelper.com\/sv\/wp-json\/wp\/v2\/types\/page"}],"author":[{"embeddable":true,"href":"https:\/\/travelshelper.com\/sv\/wp-json\/wp\/v2\/users\/1"}],"replies":[{"embeddable":true,"href":"https:\/\/travelshelper.com\/sv\/wp-json\/wp\/v2\/comments?post=7755"}],"version-history":[{"count":0,"href":"https:\/\/travelshelper.com\/sv\/wp-json\/wp\/v2\/pages\/7755\/revisions"}],"up":[{"embeddable":true,"href":"https:\/\/travelshelper.com\/sv\/wp-json\/wp\/v2\/pages\/24084"}],"wp:featuredmedia":[{"embeddable":true,"href":"https:\/\/travelshelper.com\/sv\/wp-json\/wp\/v2\/media\/3558"}],"wp:attachment":[{"href":"https:\/\/travelshelper.com\/sv\/wp-json\/wp\/v2\/media?parent=7755"}],"curies":[{"name":"wp","href":"https:\/\/api.w.org\/{rel}","templated":true}]}}