{"id":7304,"date":"2024-08-25T11:43:52","date_gmt":"2024-08-25T11:43:52","guid":{"rendered":"https:\/\/travelshelper.com\/staging\/?page_id=7304"},"modified":"2026-03-14T00:27:09","modified_gmt":"2026-03-14T00:27:09","slug":"surinam","status":"publish","type":"page","link":"https:\/\/travelshelper.com\/sv\/destinations\/south-america\/suriname\/","title":{"rendered":"Surinam"},"content":{"rendered":"<p>Surinam upptar en smal remsa l\u00e4ngs Sydamerikas norra kust, begr\u00e4nsad av Atlanten i norr, Franska Guyana i \u00f6ster, Guyana i v\u00e4ster och Brasilien i s\u00f6der. Dess 163 820 kvadratkilometer \u00e4r n\u00e4stan helt t\u00e4ckta av regnskog, den st\u00f6rsta andelen skog i n\u00e5gon nation. F\u00e4rre \u00e4n sju inv\u00e5nare per kvadratkilometer upptar det s\u00f6dra inlandet; merparten av befolkningen \u00e4r samlad l\u00e4ngs kustn\u00e4ra l\u00e5gland. Paramaribo, bel\u00e4get vid Surinamsfloden ungef\u00e4r tio kilometer in\u00e5t landet fr\u00e5n kusten, hyser n\u00e4stan h\u00e4lften av landets 625 000 inv\u00e5nare.<\/p>\n<p>Surinam str\u00e4cker sig fr\u00e5n latitud 1\u00b0 till 6\u00b0 N och longitud 54\u00b0 till 58\u00b0 V och delas in i tv\u00e5 huvudsakliga geografiska regioner. De norra tio till tjugo kilometerna best\u00e5r av kustpoldrar, som har dikats in och dr\u00e4nerats sedan kolonialtiden f\u00f6r att m\u00f6jligg\u00f6ra odling av ris, bananer och andra exportgr\u00f6dor. Tre stora flodmynningar \u2013 Coppename, Commewijne och Saramacca \u2013 mynnar ut i tidvattenmangrovesumpar innan de n\u00e5r havet. In\u00e5t landet ligger en gradvis stigning till savannerna och h\u00f6glandsgr\u00e4smarkerna som omger vidstr\u00e4ckta v\u00e5tmarker l\u00e4ngs den brasilianska gr\u00e4nsen. Bortom dessa ger Guyana-sk\u00f6lden upphov till tv\u00e5 l\u00e5ga bergskedjor: Bakhuys i v\u00e4ster och Van Asch Van Wijck-kedjan i mitten. Julianatop, p\u00e5 1 286 meter \u00f6ver havet, markerar Surinams h\u00f6gsta punkt.<\/p>\n<p>M\u00e4nsklig n\u00e4rvaro i regionen dateras till det fj\u00e4rde \u00e5rtusendet f.Kr., d\u00e5 arawakiska och karibiska samh\u00e4llen anpassade sig till livet vid floder och skogar. Kontakter mellan Europa b\u00f6rjade p\u00e5 1500-talet, och i slutet av 1600-talet hade holl\u00e4ndarna etablerat kontroll \u00f6ver st\u00f6rre delen av dagens territorium. De uppr\u00e4tth\u00f6ll kolonin som en sockerplantageekonomi, uppr\u00e4tth\u00e5llen av f\u00f6rslavade afrikaner fram till frig\u00f6relsen 1863. Slavarbetets fall ledde till rekrytering av kontraktsarbetare fr\u00e5n Brittiska Indien och Nederl\u00e4ndska Ostindien; deras \u00e4ttlingar ansluter sig till de med afrikanskt, ursprungligt, kinesiskt och javanesiskt ursprung i dagens etniskt pluraliserade samh\u00e4lle. Ingen enskild grupp \u00f6verstiger trettio procent av befolkningen. Andelen hinduiska och muslimska anh\u00e4ngare rankas bland de h\u00f6gsta i Amerika.<\/p>\n<p>Nederl\u00e4ndska myndigheter utvecklades under 1900-talet. \u00c5r 1954 fick Surinam status som ett autonomt land inom Konungariket Nederl\u00e4nderna; fullst\u00e4ndig sj\u00e4lvst\u00e4ndighet f\u00f6ljde den 25 november 1975. De diplomatiska och ekonomiska f\u00f6rbindelserna med Nederl\u00e4nderna \u00e4r fortfarande starka. Nederl\u00e4ndska \u00e4r det enda officiella spr\u00e5ket och anv\u00e4nds inom regering, handel, media och utbildning. Sranan Tongo, ett kreolspr\u00e5k som h\u00e4rstammar fr\u00e5n engelska, fungerar som lingua franca. Ungef\u00e4r sextio procent av inv\u00e5narna talar nederl\u00e4ndska som modersm\u00e5l; de flesta andra l\u00e4r sig spr\u00e5ket genom skolan.<\/p>\n<p>Administrativt \u00e4r republiken indelad i tio distrikt, vart och ett under en presidentutsedd kommission\u00e4r. Dessa distrikt \u00e4r vidare uppdelade i 62 resorter (ressorter), som i sin tur omfattar byar, st\u00e4der och grannskap. Indelningen \u00e5terspeglar b\u00e5de kolonialtidens plantager och ursprungsbefolkningens gr\u00e4nser.<\/p>\n<p>Surinams klimat \u00e4r varmt och fuktigt \u00e5ret runt, med medeltemperaturer mellan 29 och 34 \u00b0C och en relativ luftfuktighet p\u00e5 80 till 90 procent. Tv\u00e5 regnperioder \u2013 april till augusti och november till februari \u2013 varvas med tv\u00e5 kortare torra perioder. H\u00f6g luftfuktighet intensifierar den upplevda v\u00e4rmen med s\u00e5 mycket som 6 \u00b0C. Ekvatorialsol och frekventa stormar formar ett landskap med frodig vegetation och rikliga vattenv\u00e4gar.<\/p>\n<p>Republiken st\u00e5tar med sex landbaserade ekoregioner. Kustmangrover ger vika f\u00f6r sumpskogar n\u00e4ra Paramaribo. I inlandet t\u00e4cker fuktig skog Guyana-h\u00f6glandet och l\u00e5glandssl\u00e4tterna. Savannklaver dyker upp l\u00e4ngs s\u00f6dra gr\u00e4nserna, och isolerade sandstenstepuer genomborrar tr\u00e4dkronorna. Dessa skogar \u00e4r heliga f\u00f6r b\u00e5de forskare och naturv\u00e5rdare och uppn\u00e5r ett Forest Landscape Integrity Index-po\u00e4ng p\u00e5 9,39 av 10, det femte h\u00f6gsta globalt. Tjugosju procent av marken ligger inom formellt skyddade reservat. Naturreservatet Central Suriname ensamt t\u00e4cker 16 000 kvadratkilometer, en yta st\u00f6rre \u00e4n flera europeiska stater.<\/p>\n<p>Ekonomin \u00e4r beroende av export av mineraler \u2013 bauxit, guld och petroleum \u2013 f\u00f6rst\u00e4rkt av jordbruk. Bauxitbrytning etablerade Surinam som en betydande k\u00e4lla till aluminiummalm i mitten av 1900-talet, medan guldkoncessioner fokuserar p\u00e5 inlandsfloder. Ris, bananer och r\u00e4kor finns bland jordbruksprodukterna. Den ekonomiska aktiviteten \u00e4r koncentrerad till Paramaribo, d\u00e4r hamnanl\u00e4ggningar och bearbetningsanl\u00e4ggningar betj\u00e4nar b\u00e5de inhemsk och internationell handel.<\/p>\n<p>Transportinfrastrukturen \u00e5terspeglar landets utmanande terr\u00e4ng. Totalt 4 303 kilometer v\u00e4gar, varav 1 119 kilometer \u00e4r asfalterade. Jules Wijdenbosch-bron, f\u00e4rdigst\u00e4lld \u00e5r 2000, str\u00e4cker sig \u00f6ver Surinamefloden n\u00e4ra Paramaribo och f\u00f6rbinder huvudstaden med Commewijne-distriktet. Den ers\u00e4tter en f\u00e4rje\u00f6verfart och fr\u00e4mjar utvecklingen \u00f6ster om metropolen. Trafiken k\u00f6rs i v\u00e4nsterriktningen, en sp\u00e5r av brittisk ockupation och holl\u00e4ndsk praxis under 1700-talet. Fordonsbestanden inkluderar b\u00e5de v\u00e4nster- och h\u00f6gerstyrda modeller. Flyget \u00e4r beroende av 55 flygf\u00e4lt, varav sex har asfalterade landningsbanor. Johan Adolf Pengel internationella flygplats hanterar l\u00e5ngdistansflygplan och de flesta internationella ankomster.<\/p>\n<p>Stadslivet koncentreras till den smala kustsl\u00e4tten. Paramaribos historiska k\u00e4rna, som finns med p\u00e5 UNESCO:s v\u00e4rldsarvslista, presenterar ett rutn\u00e4t av tr\u00e4strukturer i kolonialstil \u2013 neoklassiska fasader med verandor och f\u00f6nsterluckor. H\u00e4r reser sig Sankt Peter och Paulus-katedralen, vars byggnation b\u00f6rjade 1883 ovanp\u00e5 ruinerna av en tidigare teater, till rivaler i sten i Europa. I n\u00e4rheten ligger en mosk\u00e9 och en synagoga i gemensam n\u00e4rhet; deras f\u00f6rsamlingar har ordnat gemensamma parkeringsplatser n\u00e4r religi\u00f6sa h\u00f6gtider sammanfaller. I Wanica-distriktet b\u00e4r Arya Diwaker-templet, som invigdes 2001, inskriptioner av vediska texter ist\u00e4llet f\u00f6r figurativa ikoner, vilket \u00e5terspeglar Arya Samajs principer.<\/p>\n<p>Landsbygdens och inre sev\u00e4rdheter h\u00e4rstammar fr\u00e5n Amazonas ekosystem. Brownsberg naturpark har utsikt \u00f6ver Brokopondo-reservoaren, som i sin tur skapades av en av v\u00e4rldens st\u00f6rsta vattenkraftsdammar. Tonka Island, som ligger vid reservoaren, \u00e4r v\u00e4rd f\u00f6r ett ekoturismprojekt som drivs av Saramaccaner Maroon-samh\u00e4llen, som ocks\u00e5 producerar handm\u00e5lade kalebasssk\u00e5lar och dekorativa tr\u00e4hantverk f\u00f6r bes\u00f6kare. Raleighvallen-reservatet, centrerat kring klippor och forsar i Coppename-floden, erbjuder m\u00f6jligheter till f\u00e5gelsk\u00e5dning; Blanche Marie- och Wonotobo-fallen utbryter l\u00e4ngs andra flodfl\u00f6den. Skogsstugor och indianska byar till\u00e5ter kulturellt utbyte samtidigt som man f\u00f6ljer riktlinjerna f\u00f6r bevarande.<\/p>\n<p>Surinams trafiks\u00e4kerhetsstatistik st\u00e5r i kontrast till dess lugna kustst\u00e4der; brottsligheten har \u00f6kat i Paramaribo och v\u00e4pnade r\u00e5n f\u00f6rekommer allt oftare. Det amerikanska utrikesdepartementet bed\u00f6mer reserisken som niv\u00e5 1: iaktta normala f\u00f6rsiktighets\u00e5tg\u00e4rder.<\/p>\n<p>Demografiska trender visar en stadig tillv\u00e4xt sedan folkr\u00e4kningen 2012 d\u00e5 den var 541 638. \u00c5r 2022 uppskattades befolkningen enligt FN till n\u00e4ra 624 900. Urbaniseringen kvarst\u00e5r l\u00e4ngs kusten; n\u00e4stan nittio procent av inv\u00e5narna bor i Paramaribo eller angr\u00e4nsande bos\u00e4ttningar.<\/p>\n<p>Diplomatiska tillh\u00f6righeter inkluderar medlemskap i Karibiska gemenskapen (CARICOM), Organisationen f\u00f6r islamiskt samarbete, Organisationen f\u00f6r amerikanska stater och F\u00f6renta nationerna. Dessa band utvidgar Surinams r\u00e4ckvidd bortom dess blygsamma storlek och m\u00f6jligg\u00f6r deltagande i regionala ekonomiska och kulturella utbyten.<\/p>\n<p>Trots sin kompakta befolkning utg\u00f6r Surinams rika naturrikedom och kulturella m\u00e5ngfald en m\u00e5ngsidig nationell ber\u00e4ttelse. Fr\u00e5n koloniala plantager och migrerande arbetskraft till regnskogsreservat och modern infrastruktur f\u00f6rblir republiken ett landskap av best\u00e5ende kontraster. Dess t\u00e4ta skogar och l\u00e5ngsamma floder bevittnar samspelet mellan f\u00f6rf\u00e4dernas amerikanska liv och global handel, mellan tropiskt klimat och konstruerade polder, mellan multietniska samh\u00e4llen och en enda stat. Surinam st\u00e5r p\u00e5 en och samma g\u00e5ng avl\u00e4gset och sammankopplat, en k\u00e4lla till ekologisk integritet och m\u00e4nsklig komplexitet l\u00e4ngs Sydamerikas norra kust.<\/p>","protected":false},"excerpt":{"rendered":"<p>Suriname, a little nation on the northeastern coast of South America, offers a unique mix of cultures, unspoiled environment, and welcoming hospitality. For those looking for real experiences and unspoiled beauty, this hidden treasure is fast rising as a must-see.<\/p>","protected":false},"author":1,"featured_media":4488,"parent":24096,"menu_order":0,"comment_status":"closed","ping_status":"closed","template":"elementor_theme","meta":{"_eb_attr":"","footnotes":""},"class_list":["post-7304","page","type-page","status-publish","has-post-thumbnail"],"_links":{"self":[{"href":"https:\/\/travelshelper.com\/sv\/wp-json\/wp\/v2\/pages\/7304","targetHints":{"allow":["GET"]}}],"collection":[{"href":"https:\/\/travelshelper.com\/sv\/wp-json\/wp\/v2\/pages"}],"about":[{"href":"https:\/\/travelshelper.com\/sv\/wp-json\/wp\/v2\/types\/page"}],"author":[{"embeddable":true,"href":"https:\/\/travelshelper.com\/sv\/wp-json\/wp\/v2\/users\/1"}],"replies":[{"embeddable":true,"href":"https:\/\/travelshelper.com\/sv\/wp-json\/wp\/v2\/comments?post=7304"}],"version-history":[{"count":0,"href":"https:\/\/travelshelper.com\/sv\/wp-json\/wp\/v2\/pages\/7304\/revisions"}],"up":[{"embeddable":true,"href":"https:\/\/travelshelper.com\/sv\/wp-json\/wp\/v2\/pages\/24096"}],"wp:featuredmedia":[{"embeddable":true,"href":"https:\/\/travelshelper.com\/sv\/wp-json\/wp\/v2\/media\/4488"}],"wp:attachment":[{"href":"https:\/\/travelshelper.com\/sv\/wp-json\/wp\/v2\/media?parent=7304"}],"curies":[{"name":"wp","href":"https:\/\/api.w.org\/{rel}","templated":true}]}}