{"id":6656,"date":"2024-08-19T01:16:56","date_gmt":"2024-08-19T01:16:56","guid":{"rendered":"https:\/\/travelshelper.com\/staging\/?page_id=6656"},"modified":"2026-03-14T00:02:25","modified_gmt":"2026-03-14T00:02:25","slug":"paraguay","status":"publish","type":"page","link":"https:\/\/travelshelper.com\/sv\/destinations\/south-america\/paraguay\/","title":{"rendered":"Paraguay"},"content":{"rendered":"<p>Paraguay, officiellt k\u00e4nt som Republiken Paraguay, har en central position p\u00e5 den sydamerikanska kontinenten. Utan direkt tillg\u00e5ng till havet gr\u00e4nsar landet till Argentina i s\u00f6der och sydv\u00e4st, Brasilien i \u00f6ster och nordost, och Bolivia i nordv\u00e4st. En tunn remsa av Paraguayfloden delar nationen i tv\u00e5 delar, vilket ger landet namn och delar tv\u00e5 distinkta regioner: det \u00f6stra landet med b\u00f6ljande sl\u00e4tter och skogskl\u00e4dda kullar, och den v\u00e4stra vidstr\u00e4ckta Gran Chaco, ett omr\u00e5de med gles vegetation och \u00e5terkommande myrar.<\/p>\n<p>Befolkningen ligger n\u00e4ra 6,1 miljoner. N\u00e4stan 2,3 miljoner bor i Asunci\u00f3n, huvudstaden och det viktigaste centrumet f\u00f6r handel och styrelseskick, tillsammans med dess sammanh\u00e4ngande f\u00f6rorter. Landsbygdsomr\u00e5den i de \u00f6stra l\u00e5gl\u00e4nderna uppr\u00e4tth\u00e5ller jordbruksrytmer, medan endast en liten del av inv\u00e5narna \u2013 f\u00e4rre \u00e4n fyra av hundra \u2013 bor inom det vidstr\u00e4ckta Chaco-territoriet som str\u00e4cker sig \u00f6ver mer \u00e4n h\u00e4lften av landets yta.<\/p>\n<p>Ursprunget till det moderna Paraguay kan sp\u00e5ras tillbaka till ankomsten av spanska uppt\u00e4cktsresande \u00e5r 1524. Drygt ett decennium senare, \u00e5r 1537, tog bos\u00e4ttningen Asunci\u00f3n form under beskydd av conquistadorer, vilket markerade det f\u00f6rsta administrativa centrumet f\u00f6r guvernementet R\u00edo de la Plata. Under det f\u00f6ljande \u00e5rhundradet etablerade jesuitmission\u00e4rer ett n\u00e4tverk av missioner bland de inhemska guaran\u00ederna och introducerade religi\u00f6s undervisning tillsammans med jordbruks- och hantverkstekniker. Dessa bos\u00e4ttningar f\u00f6renade delar av det inhemska och europeiska livet fram till utvisningen av jesuitorden \u00e5r 1767. Reducerat till ett perifert kolonialt omr\u00e5de, bestod Paraguay fram till b\u00f6rjan av 1800-talet, d\u00e5 regionen uppn\u00e5dde sj\u00e4lvst\u00e4ndighet fr\u00e5n Spanien.<\/p>\n<p>Artonhundratalet visade sig vara turbulent. En rad starka regeringar uppstod inom den nyligen suver\u00e4na staten. Fr\u00e5n 1864 till 1870 st\u00e4llde konflikten, k\u00e4nd som Paraguayanska kriget, Paraguay mot en allians av Brasilien, Argentina och Uruguay. Resultatet \u00f6delade Paraguay: landet avstod s\u00e5 mycket som en tredjedel av sitt territorium och f\u00f6rlorade ungef\u00e4r h\u00e4lften av sin befolkning. \u00c5terh\u00e4mtningen kr\u00e4vde \u00e5rtionden. I b\u00f6rjan av 1900-talet deltog Paraguay \u00e5terigen i storskaliga v\u00e4pnade strider under Chacokriget (1932\u20131935) mot Bolivia; den h\u00e4r g\u00e5ngen beh\u00f6ll paraguayanska styrkor sitt grepp om omtvistade omr\u00e5den.<\/p>\n<p>Det politiska livet under de f\u00f6ljande \u00e5rtiondena utspelade sig under en rad milit\u00e4rledda regimer. Den l\u00e4ngst varande uppstod 1954, d\u00e5 Alfredo Stroessner tog \u00f6ver makten. Hans administration regerade fram till en kupp 1989 som inledde den nuvarande perioden av civilt styre och valkonkurrens.<\/p>\n<p>Paraguays ekonomi har utvecklats inom ramen f\u00f6r regionala handelsblock. Landet \u00e4r bland grundarna av den s\u00f6dra gemensamma marknaden (Mercosur) och har platser i FN, Organisationen f\u00f6r amerikanska stater, den alliansfria r\u00f6relsen och Limagruppen. Trots att landet \u00e4r inlandsgr\u00e4nsat kanaliserar Paraguay export och import genom vattenv\u00e4gen Paran\u00e1-Paraguay, med tillg\u00e5ng till hamnar i Atlanten. Flodtransporter \u00e4r fortfarande viktiga och transporterar varor norrut till Asunci\u00f3ns hamn och vidare till Buenos Aires, d\u00e4r internationella rederier l\u00e4gger till.<\/p>\n<p>Topografiskt best\u00e5r den \u00f6stra regionen \u2013 k\u00e4nd som Regi\u00f3n Oriental \u2013 av gr\u00e4sbevuxna sl\u00e4tter avbrutna av skogskl\u00e4dda h\u00f6jder. Jordm\u00e5nen, b\u00f6rdig och djup, gynnas av sojab\u00f6nor, majs och boskapsodling. I v\u00e4ster, i Chaco eller Regi\u00f3n Occidental, planar terr\u00e4ngen ut till vidder av buskmarker och \u00e5terkommande v\u00e5tmarker. Sex ekologiska zoner korsar varandra inom nationella gr\u00e4nser: Alto Paran\u00e1s atlantiska skogar, det fuktiga och torra Chaco, Cerrado-savannerna, Pantanals flodsl\u00e4tter och de Paran\u00e1-\u00f6versv\u00e4mmade gr\u00e4smarkerna. Skogens integritet rankas som m\u00e5ttlig globalt sett; \u00e5r 2019 placerade Paraguay sig p\u00e5 sjuttiofj\u00e4rde plats av 172 l\u00e4nder f\u00f6r landskapsv\u00e5rd. Den underjordiska Guarani-akvif\u00e4ren bildar en av de st\u00f6rsta s\u00f6tvattenreservoarerna i Amerika.<\/p>\n<p>Klimatet f\u00f6ljer ett m\u00f6nster av tv\u00e5 \u00e5rstider: en fuktig period fr\u00e5n oktober till mars och en torrare period fr\u00e5n april till september. Utan bergsbarri\u00e4rer sveper kustn\u00e4ra och andinska luftmassor obehindrat \u00f6ver landet. Fr\u00e5n maj till augusti kommer svalare vindar fr\u00e5n Anderna, vilket ibland driver temperaturen under nollpunkten p\u00e5 vintern\u00e4tterna. Omv\u00e4nt n\u00e5r sommarens h\u00f6gsta temperaturer n\u00e4ra 29 grader Celsius i januari, drivna av nordliga str\u00f6mmar som kommer fr\u00e5n Amazonasb\u00e4ckenet. Nederb\u00f6rden minskar v\u00e4sterut \u2013 fr\u00e5n ungef\u00e4r 170 centimeter \u00e5rligen i de \u00f6stra skogarna till under 50 centimeter \u00f6ver Chaco \u2013 vilket formar jordbruksm\u00f6jligheter och bos\u00e4ttningst\u00e4thet.<\/p>\n<p>Administrativt \u00e4r Paraguay indelat i sjutton departement plus huvudstadsdistriktet Asunci\u00f3n. Departementen ligger inom de tv\u00e5 \u00f6vergripande regionerna: tre i Chaco \u2013 Boquer\u00f3n, Alto Paraguay och Presidente Hayes \u2013 och resten inom den \u00f6stra halvan l\u00e4ngs den nationella huvudstaden. V\u00e4gn\u00e4tet str\u00e4cker sig \u00f6ver 78 850 kilometer, men f\u00e4rre \u00e4n fjorton procent har asfalterade ytor. Nyligen genomf\u00f6rda infrastrukturprojekt inkluderar den bioceaniska korridoren, en transnationell motorv\u00e4g som sveper v\u00e4sterut f\u00f6r att f\u00f6rbinda brasilianska och argentinska hamnar via norra Paraguay. N\u00e4r den planeras vara f\u00e4rdigst\u00e4lld kommer den att korsa n\u00e4stan 550 kilometer genom glest sammankopplade distrikt, vilket lovar nya rutter f\u00f6r exporttrafik och \u00f6ppnar upp inre omr\u00e5den f\u00f6r investeringar. I b\u00f6rjan av 2022 invigde Paraguay ungef\u00e4r h\u00e4lften av den rutten, som f\u00f6rbinder staden Carmelo Peralta vid den brasilianska gr\u00e4nsen med Loma Plata i Boquer\u00f3n. Samtidigt fortskred arbetet med att f\u00f6rdubbla k\u00f6rf\u00e4lten l\u00e4ngs v\u00e4g 2 mellan Asunci\u00f3n och Ciudad del Este \u2013 hem till en st\u00f6rre gr\u00e4ns\u00f6verg\u00e5ng till Brasilien \u2013 med n\u00e4stan 100 kilometer ut\u00f6kad i januari samma \u00e5r.<\/p>\n<p>Flygf\u00f6rbindelserna \u00e4r centrerade kring Silvio Pettirossi internationella flygplats n\u00e4ra Asunci\u00f3n, en frekvent mellanlandning f\u00f6r flygningar genom Sydamerika. L\u00e4ngre \u00f6sterut transporterar flygf\u00e4ltet i Ciudad del Este en betydande m\u00e4ngd gods \u00f6ver gr\u00e4nsomr\u00e5det mellan Brasilien och Argentina.<\/p>\n<p>Demografiskt sett uppvisar Paraguay en h\u00f6g grad av etnisk blandning. Majoriteten \u2013 \u00f6ver nittio procent \u2013 \u200b\u200bsp\u00e5rar sl\u00e4ktlinjer genom b\u00e5de europeiska och inhemska f\u00f6rf\u00e4der, fr\u00e4mst guaran\u00ed. Guaran\u00edspr\u00e5ket finns kvar vid sidan av spanska som ett allm\u00e4nt spr\u00e5k; mer \u00e4n nio av tio paraguayaner talar guaran\u00eddialekter, och jopara, en blandning av guaran\u00ed och spanska, genomsyrar dagliga samtal. Urbaniseringen n\u00e5r ungef\u00e4r sextiotre procent, en av de l\u00e4gre siffrorna i Sydamerika, med de flesta inv\u00e5nare samlade i och runt Asunci\u00f3n.<\/p>\n<p>Kulturlivet \u00e5terspeglar en blandning av guaran\u00ed-seder och iberiska influenser. Broderitraditioner som ao po&#039;\u00ed och spetsarbeten som kallas \u00f1andut\u00ed f\u00f6rekommer i kl\u00e4der och hush\u00e5llstextilier. Musikaliska former vilar p\u00e5 den inhemska harpan och gitarren, vilket manifesterar sig i livliga polkor och den mer avv\u00e4gda guaraniana, en genre som formades av Jos\u00e9 Asunci\u00f3n Flores i b\u00f6rjan av 1900-talet. Folkinstrument genljuder p\u00e5 stadens torg medan radiostationer erbjuder en stadig str\u00f6m av tv\u00e5spr\u00e5kiga programmeringar.<\/p>\n<p>\u00c4ven det paraguayanska k\u00f6ket uttrycker denna fusion. Maniok, en viktig ingrediens, utg\u00f6r basen f\u00f6r br\u00f6d och kakor \u2013 framf\u00f6r allt chipa, ett ringformat br\u00f6d blandat med ost och majsmj\u00f6l \u2013 och sopa paraguaya, en t\u00e4t majskaka som ofta serveras vid sammankomster. R\u00e4tter kombinerar mejeriprodukter, l\u00f6k, paprika och f\u00e4rsk majs i grytor och tillbeh\u00f6r, vilket uppr\u00e4tth\u00e5ller en kulinarisk identitet som hedrar b\u00e5de ur\u00e5ldriga och adopterade element.<\/p>\n<p>Litteratur och film utvecklades i mitten av 1900-talet, d\u00e5 f\u00f6rfattare som Jos\u00e9 Ricardo Maz\u00f3, Roque Vallejos och Augusto Roa Bastos kartlade nya poetiska och ber\u00e4ttande territorier. Roa Bastos, vars verk fick Nobelpriset, gav r\u00f6st \u00e5t den paraguayanska erfarenheten i prosa pr\u00e4glad av psykologiskt djup. Nationens filmiska insatser \u00e4r fortfarande blygsamma i skala men \u00e5terspeglar ett v\u00e4xande intresse f\u00f6r att dokumentera lokala ber\u00e4ttelser.<\/p>\n<p>Inom hush\u00e5llen betonar sociala strukturer \u00f6msesidig f\u00f6rpliktelse. Ut\u00f6kade familjeband v\u00e4vs genom b\u00e5de landsbygds- och stadsmilj\u00f6er. I m\u00e5nga samh\u00e4llen antar gudf\u00f6r\u00e4ldrar en kvasi-beskyddarroll, utvalda f\u00f6r sin st\u00e4llning och f\u00f6rv\u00e4ntas ge v\u00e4gledning och skydd till sina gudbarn som en del av ett informellt st\u00f6dn\u00e4tverk.<\/p>\n<p>P\u00e5 den internationella scenen placerade Paraguays index f\u00f6r m\u00e4nsklig utveckling landet p\u00e5 105:e plats globalt, vilket indikerar framsteg inom utbildning, h\u00e4lsa och inkomst, om \u00e4n med utrymme f\u00f6r f\u00f6rb\u00e4ttringar. BNP per capita m\u00e4tt med k\u00f6pkraftsparitet rankades som sjunde bland sydamerikanska nationer. \u00c5r 2014 identifierade en global unders\u00f6kning Paraguay som &#034;v\u00e4rldens lyckligaste plats&#034;, och tillskrev h\u00f6g sj\u00e4lvrapporterad livstillfredsst\u00e4llelse till samh\u00e4llsband och kulturell sammanh\u00e5llning.<\/p>\n<p>Idag st\u00e5r Paraguay vid ett v\u00e4gsk\u00e4l mellan tradition och f\u00f6r\u00e4ndring. Medan v\u00e4gar och vattendrag banar v\u00e4g f\u00f6r nya rutter, st\u00e4der str\u00e4cker sig ut\u00e5t och skogskl\u00e4dda kullar viskar om outnyttjad potential, g\u00e5r landet fram\u00e5t under stadigt styre. Dess folk f\u00f6rblir bundna till flodens och jordens rytmer, till spr\u00e5k som \u00e4rvts och anpassats, och till seder som f\u00f6rankrar vardagslivet. I denna inlandsnation resonerar pulsen fr\u00e5n b\u00e5de d\u00e5tid och nutid i varje stad, p\u00e5 varje sl\u00e4tt och l\u00e4ngs varje slingrande kr\u00f6k av floden som ger Paraguay tillg\u00e5ng till den vida v\u00e4rlden.<\/p>","protected":false},"excerpt":{"rendered":"<p>Paraguay, formally known as the Republic of Paraguay, is a landlocked nation located in South America, with an estimated population of around 6.1 million inhabitants. About 2.3 million people live in Asunci\u00f3n, the capital and biggest city, together with the metro area around it. Paraguay, in the center of South America, with borders to Brazil east and northeast, Argentina to the south and southwest, and Bolivia to the northwest.<\/p>","protected":false},"author":1,"featured_media":4079,"parent":24096,"menu_order":0,"comment_status":"closed","ping_status":"closed","template":"elementor_theme","meta":{"_eb_attr":"","footnotes":""},"class_list":["post-6656","page","type-page","status-publish","has-post-thumbnail"],"_links":{"self":[{"href":"https:\/\/travelshelper.com\/sv\/wp-json\/wp\/v2\/pages\/6656","targetHints":{"allow":["GET"]}}],"collection":[{"href":"https:\/\/travelshelper.com\/sv\/wp-json\/wp\/v2\/pages"}],"about":[{"href":"https:\/\/travelshelper.com\/sv\/wp-json\/wp\/v2\/types\/page"}],"author":[{"embeddable":true,"href":"https:\/\/travelshelper.com\/sv\/wp-json\/wp\/v2\/users\/1"}],"replies":[{"embeddable":true,"href":"https:\/\/travelshelper.com\/sv\/wp-json\/wp\/v2\/comments?post=6656"}],"version-history":[{"count":0,"href":"https:\/\/travelshelper.com\/sv\/wp-json\/wp\/v2\/pages\/6656\/revisions"}],"up":[{"embeddable":true,"href":"https:\/\/travelshelper.com\/sv\/wp-json\/wp\/v2\/pages\/24096"}],"wp:featuredmedia":[{"embeddable":true,"href":"https:\/\/travelshelper.com\/sv\/wp-json\/wp\/v2\/media\/4079"}],"wp:attachment":[{"href":"https:\/\/travelshelper.com\/sv\/wp-json\/wp\/v2\/media?parent=6656"}],"curies":[{"name":"wp","href":"https:\/\/api.w.org\/{rel}","templated":true}]}}