{"id":35488,"date":"2024-11-30T23:23:21","date_gmt":"2024-11-30T23:23:21","guid":{"rendered":"https:\/\/travelshelper.com\/staging\/?page_id=35488"},"modified":"2026-03-11T02:09:40","modified_gmt":"2026-03-11T02:09:40","slug":"hall-dig-saker-och-frisk-i-bahrain","status":"publish","type":"page","link":"https:\/\/travelshelper.com\/sv\/destinations\/asia\/bahrain\/stay-safe-healthy-in-bahrain\/","title":{"rendered":"H\u00e5ll dig s\u00e4ker och frisk i Bahrain"},"content":{"rendered":"<h2 class=\"wp-block-heading\">H\u00e5ll dig s\u00e4ker i Bahrain<\/h2>\n\n\n\n<p>Bahrain hade ett n\u00e4stan inb\u00f6rdeskrig 2011, med hundratals d\u00f6da, hundratals skadade och ett betydande antal aktivister och medicinsk personal som f\u00e4ngslades och torterades. \u00c4ven om de enorma protesterna h\u00e4nsynsl\u00f6st undertrycktes, \u00e4r milj\u00f6n fortfarande flyktig, och protester, upplopp och polismord kan intr\u00e4ffa n\u00e4r som helst. Resen\u00e4rer b\u00f6r undvika landets nordv\u00e4stra landsbygdsregioner och samh\u00e4llen. Stora protester kan intr\u00e4ffa n\u00e4r som helst och \u00e4ven om de ibland kan bli v\u00e5ldsamma \u00e4r de s\u00e4llan antiv\u00e4sterl\u00e4ndska. Undvik platser d\u00e4r stora grupper av individer verkar samlas.<\/p>\n\n\n\n<p>I Bahrain \u00e4r den genomsnittliga f\u00f6rekomsten av social brottslighet l\u00e5g, medan v\u00e5ldsbrott \u00e4r ovanligt. R\u00e5n, st\u00f6ld och st\u00f6ld f\u00f6rekommer \u00e4nd\u00e5. Mindre brott som portf\u00f6ljst\u00f6ld och st\u00f6ld av portf\u00f6ljer har registrerats, s\u00e4rskilt i de gamla marknadsdistrikten som kallas souks. Nattklubbarna p\u00e5 de flesta hotell bes\u00f6ks av n\u00e5gra ot\u00e4cka individer. Trots att hotellen har tillr\u00e4ckliga s\u00e4kerhets\u00e5tg\u00e4rder, inklusive kameror, har det f\u00f6rekommit fall av bes\u00f6kare som tagit deras rum.<\/p>\n\n\n\n<p>Om du \u00e4r p\u00e5 Exhibition Avenue (n\u00e4ra Hoora), var f\u00f6rsiktig eftersom damer kan ha obehagliga m\u00f6ten med (fr\u00e4mst) berusade saudier. Det \u00e4r en bra id\u00e9 att ha en kille med dig om du g\u00e5r dit (s\u00e4rskilt p\u00e5 natten).<\/p>\n\n\n\n<h3 class=\"wp-block-heading\">Brottslighet<\/h3>\n\n\n\n<p>Cirka 4 000 brittiska medborgare bor i Bahrain, och tusentals fler bes\u00f6ker \u00e5rligen. De flesta bes\u00f6k \u00e4r utan incidenter. Trots att kriminalitet \u00e4r s\u00e4llsynt i de flesta regioner b\u00f6r turister vidta f\u00f6rsiktighets\u00e5tg\u00e4rder, inklusive att anv\u00e4nda betrodda taxitj\u00e4nster.<\/p>\n\n\n\n<h3 class=\"wp-block-heading\">Narkotika<\/h3>\n\n\n\n<p>\u00c4ven sp\u00e5rm\u00e4ngder av illegala \u00e4mnen \u00e4r absolut begr\u00e4nsade. \u00c4ven om du transiterar genom en flygplats fr\u00e5n en nation till en annan, kan konsumtion eller transport av illegala narkotika resultera i f\u00e4ngelse och utvisning. Att k\u00f6pa eller s\u00e4lja illegala droger och narkotika \u00e4r ett allvarligt brott som ger ett maximistraff p\u00e5 livstids f\u00e4ngelse.<\/p>\n\n\n\n<p>Vissa kosmetiska f\u00f6rem\u00e5l och e-cigarettp\u00e5fyllningar kan inneh\u00e5lla f\u00f6rbjudna \u00e4mnen, s\u00e5som CBD-olja, i Bahrain.<\/p>\n\n\n\n<p>Det \u00e4r klokt att ta med ett l\u00e4karbrev om du anv\u00e4nder receptbelagda l\u00e4kemedel. Om du avser att importera receptbelagda l\u00e4kemedel till Bahrain kan du beh\u00f6va inh\u00e4mta f\u00f6rhandstillst\u00e5nd fr\u00e5n myndigheterna. Innan du reser b\u00f6r du kontakta n\u00e4rmaste Bahrains ambassad eller konsulat.<\/p>\n\n\n\n<h3 class=\"wp-block-heading\">Alkohol<\/h3>\n\n\n\n<p>Alkohol \u00e4r lagligt i Bahrain, d\u00e4r det finns ett antal barer, restauranger med licens och icke-licenser; berusad beteende offentligt eller k\u00f6rning under p\u00e5verkan av alkohol \u00e4r dock olagligt, vilket g\u00f6r att g\u00e4rningsmannen kan d\u00f6mas till b\u00f6ter, f\u00e4ngelse och\/eller utvisning, samt indragning av sitt k\u00f6rkort. Fysisk misshandel och f\u00f6rst\u00f6relse av allm\u00e4n egendom under p\u00e5verkan av alkohol \u00e4r ett brott som kan leda till f\u00e4ngelse.<\/p>\n\n\n\n<h3 class=\"wp-block-heading\">K\u00f6rning<\/h3>\n\n\n\n<p>Det finns nolltolerans f\u00f6r alkohol och k\u00f6rning i Bahrain. Om du ertappas med ens sp\u00e5rm\u00e4ngder av alkohol i ditt system kan du bli \u00e5talad och f\u00e4ngelse. Som \u00f6vertr\u00e4delser av lagen, kan tailgating, fortk\u00f6rning, racing, k\u00f6rf\u00e4ltshoppning och mobiltelefonanv\u00e4ndning under k\u00f6rning resultera i rej\u00e4la b\u00f6ter. Det finns ett stort antal fartkameror p\u00e5 v\u00e4gar och motorv\u00e4gar. B\u00e4ltesanv\u00e4ndning \u00e4r obligatorisk. Underl\u00e5tenhet att g\u00f6ra det kan leda till b\u00f6ter.<\/p>\n\n\n\n<p><strong>Trafiklagar<\/strong><\/p>\n\n\n\n<ul class=\"wp-block-list\">\n<li>Trafiken r\u00f6r sig till h\u00f6ger.<\/li>\n\n\n\n<li>I rondeller (cirkulationscirklar) har bilar inom rondellen f\u00f6retr\u00e4de framf\u00f6r dem som f\u00f6rs\u00f6ker ta sig in.<\/li>\n\n\n\n<li>F\u00f6rare rusar ofta trots h\u00e5rda straff, inklusive b\u00f6ter och eventuellt f\u00e4ngelse.<\/li>\n\n\n\n<li>Polisen kan h\u00e4kta f\u00f6rare f\u00f6r trafikf\u00f6rseelser.<\/li>\n\n\n\n<li>Det \u00e4r olagligt att anv\u00e4nda en mobiltelefon n\u00e4r du k\u00f6r, \u00e4ven om det \u00e4r mycket vanligt.<\/li>\n\n\n\n<li>F\u00f6rare \u00e4r skyldiga att b\u00e4ra s\u00e4kerhetsb\u00e4lte.<\/li>\n\n\n\n<li>Trafiken \u00e4r mer \u00f6verbelastad p\u00e5 helgerna med en tillstr\u00f6mning av fordon fr\u00e5n grannl\u00e4nderna.<\/li>\n<\/ul>\n\n\n\n<h3 class=\"wp-block-heading\">Kl\u00e4dkod<\/h3>\n\n\n\n<p>Bahrainer kl\u00e4r sig vanligtvis konservativt i traditionell kl\u00e4dsel, och de kan bli arga n\u00e4r andra kl\u00e4r sig d\u00e5ligt eller strider mot islamiska normer.<\/p>\n\n\n\n<p>P\u00e5 offentliga platser som k\u00f6pcentra, restauranger och parker uppmuntras l\u00e4mplig kl\u00e4dsel. Kl\u00e4der f\u00e5r inte vara genomskinliga, exponera delar av kroppen p\u00e5 ett oanst\u00e4ndigt s\u00e4tt eller avbilda obehagliga bilder eller meddelanden. Om du bes\u00f6ker en av dessa platser som inte \u00e4r tillr\u00e4ckligt kl\u00e4dd kan du bli ombedd att l\u00e4mna (de flesta av de st\u00f6rre k\u00f6pcentra visar skyltar som varnar f\u00f6r att respektabla kl\u00e4der b\u00f6r b\u00e4ras). All form av nakenhet \u00e4r str\u00e4ngt f\u00f6rbjuden, \u00e4ven sola utan topp. Under m\u00e5naden ramadan, n\u00e4r \u00f6dmjukhet uppmuntras, uppr\u00e4tth\u00e5lls dessa principer \u00e4nnu mer strikt.<\/p>\n\n\n\n<h3 class=\"wp-block-heading\">Religion<\/h3>\n\n\n\n<p>I Bahrain \u00e4r islamisk religi\u00f6s tro mycket v\u00f6rdad. All brist p\u00e5 respekt f\u00f6r religi\u00f6sa id\u00e9er eller sedv\u00e4njor betraktas som extremt respektl\u00f6s och kommer sannolikt att resultera i rej\u00e4la b\u00f6ter och\/eller f\u00e4ngelse. Andra religioner respekteras och kan ut\u00f6vas fritt i Bahrain. F\u00f6lj n\u00e5gra enkla respektriktlinjer:<\/p>\n\n\n\n<p>Muslimer utf\u00f6r fem dagliga b\u00f6ner. Du kommer att notera att mosk\u00e9er anv\u00e4nder h\u00f6gtalare f\u00f6r att kalla tillbedjare till b\u00f6n. Var medveten om att bilar som inte \u00e4r i n\u00e4rheten av en mosk\u00e9 kan stanna i en rastplats f\u00f6r att be diskret.<\/p>\n\n\n\n<p>Muslimer fastar fr\u00e5n gryning till solnedg\u00e5ng under den heliga m\u00e5naden Ramadan. Under m\u00e5naden ramadan \u00e4r det f\u00f6rbjudet och straffbart enligt lag att \u00e4ta, dricka, r\u00f6ka, spela h\u00f6g musik och dansa offentligt under dagtid, \u00e4ven f\u00f6r icke-muslimer.<\/p>\n\n\n\n<h3 class=\"wp-block-heading\">Klimat och naturkatastrofer<\/h3>\n\n\n\n<p>Bahrain har ofta extremt h\u00f6ga temperaturer. Fr\u00e5n juni till augusti kan temperaturen vara \u00f6ver 50\u00b0C.<\/p>\n\n\n\n<p>F\u00f6r att undvika v\u00e4rmeslag och uttorkning:<\/p>\n\n\n\n<ul class=\"wp-block-list\">\n<li>drick mycket vatten<\/li>\n\n\n\n<li>undvik l\u00e5nga perioder i v\u00e4rmen<\/li>\n<\/ul>\n\n\n\n<p>Sand- och dammstormar intr\u00e4ffar ofta.<\/p>\n\n\n\n<h3 class=\"wp-block-heading\">Demonstrationer<\/h3>\n\n\n\n<p>Enstaka demonstrationer och protester \u00e4r m\u00f6jliga. Det kan handla om f\u00f6rs\u00f6k att avbryta trafiken samt st\u00f6rningar p\u00e5 landsbygden och n\u00e4ra ekonomiska centra. S\u00e4llan leder detta till lokala konflikter mellan statliga s\u00e4kerhetsstyrkor och demonstranter. Ibland \u00f6kar \u00e5rsdagar f\u00f6r viktiga h\u00e4ndelser i Bahrain sannolikheten f\u00f6r spontana demonstrationer. Tidigare har j\u00e4mf\u00f6rbara fall f\u00f6rekommit i Sitra, Bani Jamra, Karbabad, Saar, Karzakan, Budaiya Highway och n\u00e4rliggande byar.<\/p>\n\n\n\n<p>\u00c4ven om det hittills inte har f\u00f6rekommit n\u00e5gra direkta hot eller attacker mot brittiska medborgare, b\u00f6r du vara f\u00f6rsiktig, f\u00f6lja r\u00e5d fr\u00e5n lokala myndigheter och vara uppm\u00e4rksam p\u00e5 din omgivning var du \u00e4n \u00e4r p\u00e5 \u00f6n.<\/p>\n\n\n\n<p>De som av misstag kan befinna sig i n\u00e4rheten av ett v\u00e5ldsamt rally \u00e4r i riskzonen.<\/p>\n\n\n\n<p>Om du m\u00f6ter en stor offentlig sammankomst eller demonstration m\u00e5ste du snabbt evakuera omr\u00e5det. Om du observerar ett misst\u00e4nkt f\u00f6rem\u00e5l, undvik att n\u00e4rma dig eller r\u00f6ra det. Flytta bort och ring 999 eller polisens n\u00f6dtelefon 8000 8008.<\/p>\n\n\n\n<p>Under dagsljus \u00e4r resor p\u00e5 huvudv\u00e4garna ofta ordnade. Det finns flera poliskontroller.<\/p>\n\n\n\n<p>Under demonstrationer kan v\u00e4gar bli oframkomliga, vilket kr\u00e4ver omv\u00e4gar. Dessa kan leda dig genom ok\u00e4nt territorium. Du b\u00f6r bekanta dig med andra v\u00e4gar.<\/p>\n\n\n\n<p>Den lokala opinionen i regionen forts\u00e4tter att p\u00e5verkas av den regionala utvecklingen. Du m\u00e5ste vara medveten om lokala k\u00e4nsligheter i dessa fr\u00e5gor. F\u00f6lj nyheterna och var medveten om lokal och regional utveckling som kan v\u00e4cka allm\u00e4n oro.<\/p>\n\n\n\n<p>Inrikesministeriet har g\u00e5tt ut med en p\u00e5minnelse om att alla boende och g\u00e4ster \u00e4r skyldiga att b\u00e4ra bildlegitimation. B\u00f6ter p\u00e5 upp till 300 BHD kan utd\u00f6mas om du inte kan visa bildlegitimation n\u00e4r en medlem av Bahrains regering uppmanas att g\u00f6ra det, i enlighet med Bahrains lagstiftning.<\/p>\n\n\n\n<h2 class=\"wp-block-heading\">H\u00e5ll dig frisk i Bahrain<\/h2>\n\n\n\n<p>Se till att du dricker mycket vatten. Det kan bli extremt varmt (upp till 50 grader Celsius) och fuktigt fr\u00e5n april till augusti. Skydda dig fr\u00e5n solen med hj\u00e4lp av ett paraply. Att h\u00e5lla sig hydrerad \u00e4r avg\u00f6rande, s\u00e4rskilt om du \u00e4r utomhus hela dagen. Vatten p\u00e5 flaska finns att k\u00f6pa till extremt l\u00e5ga priser n\u00e4stan \u00f6verallt i staden, fr\u00e5n &#034;Cold Stores&#034; och sm\u00e5 matst\u00e4llen.<\/p>\n\n\n\n<p>Sm\u00e5 kylda flaskor s\u00e4ljs av gatuf\u00f6rs\u00e4ljare i souken, men du kan vinda dig att spendera mer \u00e4n flaskan \u00e4r v\u00e4rd. Om du vill stanna i Bahrain under en l\u00e4ngre tid, kan du ordna med en lokal Cold Shop f\u00f6r att leverera vatten p\u00e5 flaska till din l\u00e4genhet, eller registrera dig f\u00f6r vattenleverans via ett av m\u00e5nga f\u00f6retag p\u00e5 \u00f6n. M\u00e5nga kylbutiker (liksom vissa hotell) tar med sina varor (eller m\u00e5ltider) gratis till ditt hotell eller l\u00e4genhet.<\/p>\n\n\n\n<h3 class=\"wp-block-heading\">COVID 19<\/h3>\n\n\n\n<p>Det finns inga covid-19-begr\u00e4nsningar i allm\u00e4nna utrymmen, och alla f\u00f6retag, inklusive butiker, banker och restauranger, fungerar som vanligt. Masker \u00e4r valfria b\u00e5de inomhus och utomhus (f\u00f6rutom h\u00e4lsoinr\u00e4ttningar).<\/p>\n\n\n\n<p>Det finns inga covid-19-relaterade begr\u00e4nsningar f\u00f6r tillg\u00e5ngen p\u00e5 boende och faciliteter, inklusive hotell och privata hyresr\u00e4tter.<\/p>\n\n\n\n<p>Om du tror att du upplever covid-19-symtom b\u00f6r du ringa den lokala jourlinjen p\u00e5 444 och f\u00f6lja myndigheternas r\u00e5d. F\u00f6r allm\u00e4nna fr\u00e5gor om COVID-19 i Bahrain, v\u00e4nligen kontakta h\u00e4lsoministeriet p\u00e5 covid19@moh.gov.bh. De som testar positivt f\u00f6r covid-19 kommer att kontaktas av myndigheterna via &#039;BeAware&#039;-appen och kommer att vara skyldiga att isolera sig hemma eller p\u00e5 ett hotell i 7 dagar (om helt vaccinerade) eller 10 dagar (om de \u00e4r ovaccinerade) fr\u00e5n infektionsdatumet. Genom att f\u00e5 ett negativt PCR-resultat fr\u00e5n ett privat sjukhus kan sj\u00e4lvisoleringsperioden avslutas tidigare. Vid behov kommer terapi f\u00f6r COVID-19 att tillhandah\u00e5llas utan kostnad.<\/p>","protected":false},"excerpt":{"rendered":"<p>Bahrain hade ett n\u00e4stan inb\u00f6rdeskrig 2011, med hundratals d\u00f6da, hundratals skadade och ett betydande antal aktivister och medicinsk personal som f\u00e4ngslades och torterades. \u00c4ven om de enorma protesterna h\u00e4nsynsl\u00f6st undertrycktes, \u00e4r milj\u00f6n fortfarande flyktig, och protester, upplopp och polismord kan intr\u00e4ffa n\u00e4r som helst. Resen\u00e4rer b\u00f6r undvika landets nordv\u00e4stra landsbygdsregioner och samh\u00e4llen. Stora protester kan intr\u00e4ffa n\u00e4r som helst och \u00e4ven om de ibland kan bli v\u00e5ldsamma \u00e4r de s\u00e4llan antiv\u00e4sterl\u00e4ndska. Undvik platser d\u00e4r stora grupper av individer verkar samlas.<\/p>","protected":false},"author":1,"featured_media":35491,"parent":35335,"menu_order":0,"comment_status":"closed","ping_status":"closed","template":"elementor_theme","meta":{"_eb_attr":"","footnotes":""},"class_list":["post-35488","page","type-page","status-publish","has-post-thumbnail"],"_links":{"self":[{"href":"https:\/\/travelshelper.com\/sv\/wp-json\/wp\/v2\/pages\/35488","targetHints":{"allow":["GET"]}}],"collection":[{"href":"https:\/\/travelshelper.com\/sv\/wp-json\/wp\/v2\/pages"}],"about":[{"href":"https:\/\/travelshelper.com\/sv\/wp-json\/wp\/v2\/types\/page"}],"author":[{"embeddable":true,"href":"https:\/\/travelshelper.com\/sv\/wp-json\/wp\/v2\/users\/1"}],"replies":[{"embeddable":true,"href":"https:\/\/travelshelper.com\/sv\/wp-json\/wp\/v2\/comments?post=35488"}],"version-history":[{"count":0,"href":"https:\/\/travelshelper.com\/sv\/wp-json\/wp\/v2\/pages\/35488\/revisions"}],"up":[{"embeddable":true,"href":"https:\/\/travelshelper.com\/sv\/wp-json\/wp\/v2\/pages\/35335"}],"wp:featuredmedia":[{"embeddable":true,"href":"https:\/\/travelshelper.com\/sv\/wp-json\/wp\/v2\/media\/35491"}],"wp:attachment":[{"href":"https:\/\/travelshelper.com\/sv\/wp-json\/wp\/v2\/media?parent=35488"}],"curies":[{"name":"wp","href":"https:\/\/api.w.org\/{rel}","templated":true}]}}