{"id":35472,"date":"2024-11-30T22:59:50","date_gmt":"2024-11-30T22:59:50","guid":{"rendered":"https:\/\/travelshelper.com\/staging\/?page_id=35472"},"modified":"2026-03-11T02:07:26","modified_gmt":"2026-03-11T02:07:26","slug":"traditioner-seder-i-bahrain","status":"publish","type":"page","link":"https:\/\/travelshelper.com\/sv\/destinations\/asia\/bahrain\/traditions-customs-in-bahrain\/","title":{"rendered":"Traditioner och seder i Bahrain"},"content":{"rendered":"<p>Bahrain \u00e4r ett v\u00e4lkomnande v\u00e4rdland, men du m\u00e5ste alltid visa respekt och artighet med h\u00e4nsyn till dina kulturella traditioner och religion. N\u00e4r du bes\u00f6ker omr\u00e5den som bes\u00f6ks av lokala araber \u00e4r det att f\u00f6redra att b\u00e4ra l\u00e5ngbyxor snarare \u00e4n shorts, och damer b\u00f6r undvika att b\u00e4ra genomskinliga kl\u00e4nningar.<\/p>\n\n\n\n<p>Baddr\u00e4kter, bikinis och shorts \u00e4r acceptabel kl\u00e4dsel p\u00e5 strandklubbar och hotell. Visa inte tecken p\u00e5 k\u00e4rlek till personer av det motsatta k\u00f6net offentligt. M\u00e4nniskor av det motsatta k\u00f6net har gripits f\u00f6r att ha kysst offentligt, och de \u00e4r socialt oacceptabla. Undvik alltid att hamna i br\u00e5k och delta aldrig i en debatt, s\u00e4rskilt med en lokal.<\/p>\n\n\n\n<p>Rikets officiella religion \u00e4r islam. Den f\u00f6ljs av mer \u00e4n 70 % av befolkningen. Kristna, buddhister och hinduer utg\u00f6r den \u00e5terst\u00e5ende delen. En liten del av inv\u00e5narna h\u00e4vdar inte n\u00e5gon religi\u00f6s tillh\u00f6righet. Kyrkan och staten \u00e4r inte \u00e5tskilda. Sharia (islamisk lag) g\u00e4ller i detta fall. Begreppet religionsfrihet \u00e4r inskrivet i grundlagen. Det \u00e4r ett faktum. Ingen religi\u00f6s f\u00f6rf\u00f6ljelse existerar h\u00e4r. Representanter f\u00f6r olika religioner f\u00e5r fritt observera sina riter och fira helgdagar.<\/p>\n\n\n\n<p>Det muslimska samfundet \u00e4r heterogent. Sunnimuslimer ser beduiner som sina f\u00f6rf\u00e4der. Shiiter h\u00e4rstammar fr\u00e5n profeten, enligt deras tro. Majoriteten av shiiterna tillh\u00f6r Baharnas etniska och religi\u00f6sa samfund. De \u00e4r traditionella och fromma. Sunniter och shiiter etablerar separata samh\u00e4llen. Deras r\u00e4ttsliga konflikter l\u00f6ses av separata domstolsmyndigheter.<\/p>\n\n\n\n<p>Kvinnors sociala st\u00e4llning i Bahrain \u00e4r \u00f6verl\u00e4gsen majoriteten av arabiska nationer. H\u00e4r kan kvinnor arbeta. De utg\u00f6r n\u00e4stan en tredjedel av landets arbetskraft. De har tillg\u00e5ng till utbildning och sjukv\u00e5rd. Cirka 60 % av kvinnorna har en h\u00f6gskoleexamen. Det finns m\u00e5nga kvinnor i n\u00e4ringslivet. Kvinnor \u00e4r fortfarande underrepresenterade i politiken. De \u00e4r fr\u00e5nvarande fr\u00e5n statlig myndighet. Det finns inga officiella lagar som kr\u00e4nker kvinnors r\u00e4ttigheter. F\u00f6rordningen strider dock mot sharialagstiftningen, som kr\u00e4ver att kvinnor t\u00e4cker sina ansikten och kroppar. De flesta kvinnor b\u00e4r en chador som inte t\u00e4cker deras ansikten. Niqab d\u00f6ljer helt ansiktet f\u00f6r kvinnor fr\u00e5n mer traditionella familjer. Utl\u00e4ndska damer tolereras av de inf\u00f6dda. Du b\u00f6r dock t\u00e4cka dina axlar och ben. Dessutom finns det krav p\u00e5 utl\u00e4ndska killar. Det \u00e4r f\u00f6rbjudet att upptr\u00e4da offentligt, ikl\u00e4dd shorts och atletisk kl\u00e4dsel.<\/p>\n\n\n\n<p>Denna demokrati \u00e4r resultatet av Bahrains snabbt v\u00e4xande ekonomi, som lockar ett stort antal utl\u00e4nningar. Bahrain \u00e4r den mest befriade av muslimska nationer. Inv\u00e5nare i andra arabl\u00e4nder semestrar ofta h\u00e4r. Landet s\u00e4ljer och konsumerar alkohol. Under den heliga m\u00e5naden Ramadan blir moralnormerna str\u00e4ngare. Vid den h\u00e4r tiden fastar de troende. Muslimer \u00e4r f\u00f6rbjudna att \u00e4ta och dricka under dagtid under hela denna period.<\/p>\n\n\n\n<p>Religion har en inverkan p\u00e5 etiketten. V\u00e4nster hand anses traditionellt vara smutsig eftersom den anv\u00e4nds f\u00f6r personlig hygien. Det \u00e4r acceptabelt att ta emot mat och pengar, men bara med h\u00f6ger hand. N\u00e4r man g\u00e5r in i ett hus eller mosk\u00e9 m\u00e5ste skor tas av. Du kan inte peka med f\u00f6tterna mot samtalspartnern, stirra intensivt in i samtalspartnerns \u00f6gon, \u00e4ta medan du g\u00e5r eller gestikulera aktivt under ett samtal.<\/p>\n\n\n\n<p>Familjen \u00e4r av st\u00f6rsta vikt f\u00f6r landets medborgare. Kvinnor gifter sig mycket unga, med b\u00f6rjan vid 14 \u00e5rs \u00e5lder. M\u00e4n gifter sig mellan 20 och 22 \u00e5r. Det \u00e4r vanligt att l\u00f6sa brudar. Polygami \u00e4r till\u00e5tet enligt sharialagar. Men varje hustru borde ha sin egen bekv\u00e4ma bostad. Det finns ocks\u00e5 tillf\u00e4lliga \u00e4ktenskap (muta). De accepteras exklusivt av shiiter. En bel\u00f6ning ges till kvinnan vid ing\u00e5endet av ett s\u00e5dant \u00e4ktenskap. Formellt \u00e4r en kvinnas r\u00e4ttigheter likv\u00e4rdiga med en vanlig hustrus. Hennes avkommor anses likaledes som legitima. Hon kvalificerar sig f\u00f6r en mahr (g\u00e5va fr\u00e5n sin man). \u00c4ktenskapets varaktighet kan f\u00f6rl\u00e4ngas ett obest\u00e4mt antal g\u00e5nger. En kvinna m\u00e5ste ta ett mellanrum innan hon gifter om sig efter ett misslyckat \u00e4ktenskap. Denna lucka kr\u00e4vs f\u00f6r att utesluta m\u00f6jligheten till graviditet. Under denna fyra till tjugo veckor l\u00e5nga uppeh\u00e5ll forts\u00e4tter mannen att hj\u00e4lpa hustrun.<\/p>\n\n\n\n<p>Efter landets sj\u00e4lvst\u00e4ndighet 1971 b\u00f6rjade Bahrains kultur att blomstra avsev\u00e4rt. F\u00f6rutom utvecklingen av traditionell konst v\u00e4xer \u00e4ven modern konst. Impressionism, expressionism och surrealism \u00f6kar i popularitet. T\u00e4ta utst\u00e4llningar av modern konst anordnas. Flera museer och gallerier anv\u00e4nds f\u00f6r detta \u00e4ndam\u00e5l. De traditionella konsterna av arabisk kalligrafi, keramik, smycken och smide \u00e4r anm\u00e4rkningsv\u00e4rda. \u00c4ven litteraturen b\u00f6rjade utvecklas snabbt i slutet av 1900-talet. Starkt v\u00e4sterl\u00e4ndskt inflytande \u00e4r inneboende i det. Bahrain har, till skillnad fr\u00e5n andra islamiska nationer, ett stort antal kvinnliga poeter som publicerar sina verk.<\/p>\n\n\n\n<p>Arabisk, indisk och persisk musik p\u00e5verkade Bahrains traditionella musik. De mest popul\u00e4ra stilarna \u00e4r Saut, Fijri och Liwa. Bahrains medborgare har l\u00e4nge varit involverade i p\u00e4rlbrytning. Pearl dykare utvecklade sin egen kultur, inklusive musik. Fijri \u00e4r p\u00e4rldykarnas musik. Det \u00e4r viktigt att notera att det finns kusts\u00e5nger och sj\u00f6s\u00e5nger. Liwa \u00e4r afrikanska m\u00e4nniskors musik. Arabisk musik k\u00e4nd som saut framf\u00f6rs p\u00e5 oud, slaginstrument och rebab. Modern musik finns ocks\u00e5. Det finns band som spelar rockmusik. Bahrain inneh\u00e5ller ocks\u00e5 inspelningsstudior. Bio \u00e4r inte olagligt. Men lokala filmer g\u00f6rs praktiskt taget aldrig.<\/p>","protected":false},"excerpt":{"rendered":"<p>Bahrain \u00e4r ett v\u00e4lkomnande v\u00e4rdland, men du m\u00e5ste alltid visa respekt och artighet med h\u00e4nsyn till dina kulturella traditioner och religion. N\u00e4r du bes\u00f6ker omr\u00e5den som bes\u00f6ks av lokala araber \u00e4r det att f\u00f6redra att b\u00e4ra l\u00e5ngbyxor snarare \u00e4n shorts, och damer b\u00f6r undvika att b\u00e4ra genomskinliga kl\u00e4nningar.<\/p>","protected":false},"author":1,"featured_media":35474,"parent":35335,"menu_order":0,"comment_status":"closed","ping_status":"closed","template":"elementor_theme","meta":{"_eb_attr":"","footnotes":""},"class_list":["post-35472","page","type-page","status-publish","has-post-thumbnail"],"_links":{"self":[{"href":"https:\/\/travelshelper.com\/sv\/wp-json\/wp\/v2\/pages\/35472","targetHints":{"allow":["GET"]}}],"collection":[{"href":"https:\/\/travelshelper.com\/sv\/wp-json\/wp\/v2\/pages"}],"about":[{"href":"https:\/\/travelshelper.com\/sv\/wp-json\/wp\/v2\/types\/page"}],"author":[{"embeddable":true,"href":"https:\/\/travelshelper.com\/sv\/wp-json\/wp\/v2\/users\/1"}],"replies":[{"embeddable":true,"href":"https:\/\/travelshelper.com\/sv\/wp-json\/wp\/v2\/comments?post=35472"}],"version-history":[{"count":0,"href":"https:\/\/travelshelper.com\/sv\/wp-json\/wp\/v2\/pages\/35472\/revisions"}],"up":[{"embeddable":true,"href":"https:\/\/travelshelper.com\/sv\/wp-json\/wp\/v2\/pages\/35335"}],"wp:featuredmedia":[{"embeddable":true,"href":"https:\/\/travelshelper.com\/sv\/wp-json\/wp\/v2\/media\/35474"}],"wp:attachment":[{"href":"https:\/\/travelshelper.com\/sv\/wp-json\/wp\/v2\/media?parent=35472"}],"curies":[{"name":"wp","href":"https:\/\/api.w.org\/{rel}","templated":true}]}}