{"id":35452,"date":"2024-11-30T22:41:22","date_gmt":"2024-11-30T22:41:22","guid":{"rendered":"https:\/\/travelshelper.com\/staging\/?page_id=35452"},"modified":"2026-03-11T02:11:40","modified_gmt":"2026-03-11T02:11:40","slug":"nattliv-i-bahrain","status":"publish","type":"page","link":"https:\/\/travelshelper.com\/sv\/destinations\/asia\/bahrain\/nightlife-in-bahrain\/","title":{"rendered":"Nattliv i Bahrain"},"content":{"rendered":"<p>Bahrains nattliv \u00e4r ganska v\u00e4l utvecklat, vilket \u00e4r f\u00f6rv\u00e5nande. Detta beror fr\u00e4mst p\u00e5 regeringens tolerans och det stora antalet utl\u00e4nningar som bor i landet. Bahrain kallas ofta f\u00f6r &#034;Mellan\u00f6sterns Hawaii&#034;. Alla kommer att hitta n\u00f6jen efter solnedg\u00e5ngen. I hela landet finns det diskotek, karaokebarer och livemusikklubbar.<\/p>\n\n\n\n<p>Adliya \u00e4r s\u00e4rskilt k\u00e4nt f\u00f6r sitt nattliv. Detta \u00e4r Manamas bohemiska distrikt. Lyxhotell ger flera m\u00f6jligheter till kv\u00e4llsunderh\u00e5llning. Alkohol \u00e4r till\u00e5tet \u00f6ver hela landet, \u00e4ven i klubbar. Detta lockar turister fr\u00e5n angr\u00e4nsande, mer konservativa arabl\u00e4nder.<\/p>\n\n\n\n<h2 class=\"wp-block-heading\">Barer och klubbar i Bahrain<\/h2>\n\n\n\n<p>Eftersom praktiskt taget alla licensierade anl\u00e4ggningar m\u00e5ste vara anslutna till fyra- och femstj\u00e4rniga hotell, finns det inget distinkt nattlivsdistrikt i Manama; snarare finns det en rutn\u00e4tsliknande f\u00f6rdelning av m\u00f6tesplatser \u00f6ver staden. N\u00e4r en bar har varit i drift en tid, f\u00e5r den ett rykte bland lokalbefolkningen, och m\u00e5nga av dem blir v\u00e4lk\u00e4nda anl\u00e4ggningar i hela Gulfstaterna. En s\u00e5dan anl\u00e4ggning \u00e4r Sherlock Holmes (Gulf Hotel, Manama), en temabar med en framst\u00e5ende historia. \u00c4ven om det \u00e4r ganska bekv\u00e4mt, har det inte kunnat avskaffa sitt traditionella London-pubutseende, och det har levande musik de flesta vardagskv\u00e4llar, som vanligtvis \u00e4r fullsp\u00e4ckade med stamg\u00e4ster; \u00c4nd\u00e5 kan helgerna i Bahrain ocks\u00e5 vara extremt tr\u00e5nga.<\/p>\n\n\n\n<p>Trader Vic&#039;s (Le Meridien, Manama) ligger n\u00e4ra en av Manamas str\u00e4nder och erbjuder en vidstr\u00e4ckt utsikt \u00f6ver bukten fr\u00e5n bekv\u00e4mligheten av dess luftkonditionerade interi\u00f6r. Det \u00e4r k\u00e4nt f\u00f6r sina cocktails inspirerade av S\u00f6derhavet och serveras i vackra krukor, vilket g\u00f6r det till en av stadens b\u00e4sta st\u00e4llen f\u00f6r solnedg\u00e5ngar. The Warbler Club (Baisan Hotel, Manama) \u00e4r en annan anl\u00e4ggning som har regelbunden livemusik, attraktiv publik och uts\u00f6kt barmat. Detta \u00e4r en av de b\u00e4sta platserna i Bahrain f\u00f6r sportfantaster att njuta av en drink, eftersom den har m\u00e5nga stora tv-apparater som \u00e4r inst\u00e4llda p\u00e5 alla spel.<\/p>\n\n\n\n<h3 class=\"wp-block-heading\">Downtown Bar<\/h3>\n\n\n\n<p><em>Adress: 1507 King Faisal Highway, Manama \u2013 \u00d6ppettider: Dagligen: 16:00-02:00<\/em><\/p>\n\n\n\n<p>Downtown, en del av Intercontinental Regency Hotel, \u00e4r en lokal och turistfavorit och drar till sig stora folkmassor, s\u00e4rskilt p\u00e5 kv\u00e4llar med levande musik. De visar upp lokala band, \u00f6ppna mikrofonkv\u00e4llar och jamsessioner, och p\u00e5 onsdag \u00e4r det Ladies&#039; Night.<\/p>\n\n\n\n<h3 class=\"wp-block-heading\">JJ&#039;s Irish Pub<\/h3>\n\n\n\n<p><em>Adress: Block 326, Al Qudaibiya, Manama<\/em><\/p>\n\n\n\n<p>JJs bar \u00e4r en stor anl\u00e4ggning med en v\u00e4lkomnande milj\u00f6 och ett brett utbud av fat\u00f6l. Det finns m\u00e5nga aktiviteter varje vecka, inklusive karaoke, pubquiz, ladies&#039; night och livemusik av husbandet The Noise.<\/p>\n\n\n\n<h3 class=\"wp-block-heading\">S\u00e5ngaren<\/h3>\n\n\n\n<p><em>Adress: Block 320, Manama \u2013 \u00d6ppettider: Dagligen: 12:00-02:00<\/em><\/p>\n\n\n\n<p>The Warbler, en framst\u00e5ende sportpub i brittisk stil som \u00e4r v\u00e4rd f\u00f6r n\u00e4stan nattliga evenemang, ligger p\u00e5 Baisan International Hotel. Det finns dans, livemusik, s\u00e4ndningar av viktiga sportevenemang, Ladies&#039; Night p\u00e5 tisdagar och ett v\u00e4lfyllt k\u00f6k som serverar en m\u00e4ngd olika matr\u00e4tter.<\/p>\n\n\n\n<h3 class=\"wp-block-heading\">S\u00e5ngaren<\/h3>\n\n\n\n<p><em>Adress: Block 320, Manama \u2013 \u00d6ppettider: Dagligen: 12:00-02:00<\/em><\/p>\n\n\n\n<p>The Warbler, en framst\u00e5ende sportpub i brittisk stil som \u00e4r v\u00e4rd f\u00f6r n\u00e4stan nattliga evenemang, ligger p\u00e5 Baisan International Hotel. Det finns dans, livemusik, s\u00e4ndningar av viktiga sportevenemang, Ladies&#039; Night p\u00e5 tisdagar och ett v\u00e4lfyllt k\u00f6k som serverar en m\u00e4ngd olika matr\u00e4tter.<\/p>\n\n\n\n<h2 class=\"wp-block-heading\">Mat och k\u00f6k i Bahrain<\/h2>\n\n\n\n<p>I Bahrain varierar priset och kvaliteten p\u00e5 maten mycket. Om du inte k\u00e4nner f\u00f6r att punga ut en massa pengar kan du v\u00e4lja mellan en m\u00e4ngd olika hotell som faller inom ett brett prisintervall. Expat-boende inneb\u00e4r en betydande m\u00e4ngd mat att \u00e4ta ute, s\u00e5 fr\u00e5ga g\u00e4rna vem som helst om aktuella id\u00e9er; de brukar g\u00e4rna hj\u00e4lpa till. I Manama \u00e4r mun till mun mycket inflytelserik.<\/p>\n\n\n\n<p>Adilya, Mezzaluna (3808 Road, Manama) \u00e4r en skatt i centrum av restaurangdistriktet och en av de mest popul\u00e4ra restaurangerna i Manama, s\u00e5 se till att boka reservationer i god tid. Den franska kocken p\u00e5 Mezzaluna lagar ett brett utbud av internationella r\u00e4tter, och rib-eye-biffarna rekommenderas varmt. Restaurangen ligger i en gammal herrg\u00e5rd i Bahrain med inredning som matchar.<\/p>\n\n\n\n<p>Samtidigt har Jim&#039;s (Osama bin Zaid Avenue, Manama) blivit en expat-institution, lika k\u00e4nd f\u00f6r sina handgjorda chokladvodkas som f\u00f6r sina kompletta irl\u00e4ndska frukostar som serveras i en charmig stugmilj\u00f6. P\u00e5 grund av Jims v\u00e4rme och humor kommer denna restaurang i Bahrain sannolikt att bli extremt tr\u00e5ngt, s\u00e5 boka i f\u00f6rv\u00e4g.<\/p>\n\n\n\n<p>Det trendiga, arabiska Casa Blu (Sheikh Isa Avenue, Manama) \u00e4r dekorerat med vintageskrivmaskiner, skadade gamla kassaapparater, lyxiga divaner och live-hiphop, som alla bidrar till restaurangens atmosf\u00e4r. K\u00f6ket \u00e4r lika utm\u00e4rkt som atmosf\u00e4ren.<\/p>\n\n\n\n<h2 class=\"wp-block-heading\">Var man kan \u00e4ta och dricka i Bahrain<\/h2>\n\n\n\n<p>Som det anst\u00e5r dess rykte som den enda Gulfstaten d\u00e4r alkohol kan k\u00f6pas lagligt, \u00e4r Bahrains mat- och nattlivsscen popul\u00e4r bland lokala expats och saudiarabiska turister.<\/p>\n\n\n\n<p>I Manama \u00e4r sportbarer vanliga och JJ&#039;s Irish Restaurant \u00e4r en av de b\u00e4sta. The Bizarre Lounge p\u00e5 Le M\u00e9ridien och Casa Bar &amp; Terrace p\u00e5 Mercure Grand Seef \u00e4r tv\u00e5 av de finaste barerna och nattklubbarna bland omr\u00e5dets exklusiva hotell. Ibrida p\u00e5 Ramee Grand Hotel och Club XS p\u00e5 Ramee Rose Hotel \u00e4r popul\u00e4ra nattklubbar. I de flesta framst\u00e5ende nattklubbar arrangeras happy hour-drinkkampanjer och damkv\u00e4llar p\u00e5 vardagar.<\/p>\n\n\n\n<h3 class=\"wp-block-heading\">Brunch<\/h3>\n\n\n\n<p>Med action p\u00e5 banan som inte b\u00f6rjar f\u00f6rr\u00e4n senare, varf\u00f6r inte b\u00f6rja din dag med en popul\u00e4r platstradition. \u00d6verd\u00e5diga &#034;all you can eat&#034;-bruncher serveras p\u00e5 otaliga restauranger \u00f6ver hela Manama, s\u00e4rskilt p\u00e5 exklusiva hotell som Le M\u00e9ridien och Ritz Carlton. Fredagar och l\u00f6rdagar \u00e4r de mest popul\u00e4ra dagarna. Du betalar ett fast belopp (normalt 20-40 BHD \/ $50-100 USD) f\u00f6r all mat och dryck du kan hantera p\u00e5 3-4 timmar. Om du kommer tidigt till n\u00e4sta \u00e5rs lopp kommer m\u00e5nga restauranger att fira St Patrick&#039;s Day den 17 mars med evenemang med speciella teman.<\/p>\n\n\n\n<h3 class=\"wp-block-heading\">Buff\u00e9<\/h3>\n\n\n\n<p>F\u00f6rutom brunch erbjuder flera av stadens finaste hotell och restauranger &#034;all you can eat&#034;-buff\u00e9er under veckan, s\u00e4rskilt fr\u00e5n onsdag till fredag \u200b\u200bkv\u00e4ll. Popul\u00e4ra buff\u00e9er inkluderar temakv\u00e4llar p\u00e5 Crowne Plaza, indiska r\u00e4tter p\u00e5 torsdagar och fredagar p\u00e5 Lanterns Restaurant och skaldjur p\u00e5 torsdagskv\u00e4llar p\u00e5 Le M\u00e9ridien.<\/p>\n\n\n\n<h3 class=\"wp-block-heading\">R\u00e4ttvisa<\/h3>\n\n\n\n<p>M\u00e5nga av Manamas finaste restauranger ligger i stadsdelen Adliya. Popul\u00e4ra kaf\u00e9er inkluderar Coco&#039;s, som serverar traditionell amerikansk mat, och Caf\u00e9 Lilou, som har en parisisk k\u00e4nsla. Rasoi by Vineet serverar n\u00e5gra av de b\u00e4sta indiska r\u00e4tterna i Manama; i n\u00e4rheten, Polo Gastropub p\u00e5 Palace Boutique Hotel har l\u00e4ckra hamburgare och levande musik, och The Meat Company serverar f\u00f6rstklassiga biffar.<\/p>\n\n\n\n<h3 class=\"wp-block-heading\">Bahrainskt k\u00f6k<\/h3>\n\n\n\n<p>L\u00e4mna inte Manama utan att \u00e4ta det l\u00e4ckra inhemska k\u00f6ket. Popul\u00e4ra recept inkluderar machboos (doftande ris med k\u00f6ttsmak), grillat k\u00f6tt med khubus (mjukt br\u00f6d), nasheef (potatis- och k\u00f6ttgryta) och luqaimat (s\u00f6ta dumplings). Haji Gahwa \u00e4r ett kaf\u00e9 vid gatan i Manama Souk som serverar l\u00e4ckra och billiga hemlagade m\u00e5ltider, medan Basta 23 i Riyadat Mall ger en modern inblick i traditionella lokala r\u00e4tter.<\/p>","protected":false},"excerpt":{"rendered":"<p>Bahrains nattliv \u00e4r ganska v\u00e4l utvecklat, vilket \u00e4r f\u00f6rv\u00e5nande. Detta beror fr\u00e4mst p\u00e5 regeringens tolerans och det stora antalet utl\u00e4nningar som bor i landet. Bahrain kallas ofta f\u00f6r &#034;Mellan\u00f6sterns Hawaii&#034;. Alla kommer att hitta n\u00f6jen efter solnedg\u00e5ngen. I hela landet finns det diskotek, karaokebarer och livemusikklubbar.<\/p>","protected":false},"author":1,"featured_media":35455,"parent":35335,"menu_order":0,"comment_status":"closed","ping_status":"closed","template":"elementor_theme","meta":{"_eb_attr":"","footnotes":""},"class_list":["post-35452","page","type-page","status-publish","has-post-thumbnail"],"_links":{"self":[{"href":"https:\/\/travelshelper.com\/sv\/wp-json\/wp\/v2\/pages\/35452","targetHints":{"allow":["GET"]}}],"collection":[{"href":"https:\/\/travelshelper.com\/sv\/wp-json\/wp\/v2\/pages"}],"about":[{"href":"https:\/\/travelshelper.com\/sv\/wp-json\/wp\/v2\/types\/page"}],"author":[{"embeddable":true,"href":"https:\/\/travelshelper.com\/sv\/wp-json\/wp\/v2\/users\/1"}],"replies":[{"embeddable":true,"href":"https:\/\/travelshelper.com\/sv\/wp-json\/wp\/v2\/comments?post=35452"}],"version-history":[{"count":0,"href":"https:\/\/travelshelper.com\/sv\/wp-json\/wp\/v2\/pages\/35452\/revisions"}],"up":[{"embeddable":true,"href":"https:\/\/travelshelper.com\/sv\/wp-json\/wp\/v2\/pages\/35335"}],"wp:featuredmedia":[{"embeddable":true,"href":"https:\/\/travelshelper.com\/sv\/wp-json\/wp\/v2\/media\/35455"}],"wp:attachment":[{"href":"https:\/\/travelshelper.com\/sv\/wp-json\/wp\/v2\/media?parent=35452"}],"curies":[{"name":"wp","href":"https:\/\/api.w.org\/{rel}","templated":true}]}}