{"id":35412,"date":"2024-11-30T21:37:11","date_gmt":"2024-11-30T21:37:11","guid":{"rendered":"https:\/\/travelshelper.com\/staging\/?page_id=35412"},"modified":"2026-03-11T02:09:09","modified_gmt":"2026-03-11T02:09:09","slug":"saker-att-gora-i-bahrain","status":"publish","type":"page","link":"https:\/\/travelshelper.com\/sv\/destinations\/asia\/bahrain\/things-to-do-in-bahrain\/","title":{"rendered":"Saker att g\u00f6ra i Bahrain"},"content":{"rendered":"<p>Bahrains Grand Prix Formel 1-lopp, som h\u00e5lls i april p\u00e5 Bahrain International Circuit, \u00e4r det viktigaste \u00e5rliga evenemanget i Bahrain. Planera i f\u00f6rv\u00e4g eftersom biljetterna \u00e4r sluts\u00e5lda och hotellkostnaderna har skjutit i h\u00f6jden. Vanligtvis \u00e4r f\u00f6rsta bokningar ber\u00e4ttigade till rabatter p\u00e5 mellan 10 och 20 procent. Beroende p\u00e5 l\u00e4ktaren kostar biljetterna allt mellan BD 150 och BD 60.<\/p>\n\n\n\n<p>Dykning \u00f6kar i popularitet i Bahrain. H\u00e4r finns det m\u00e5nga dykcenter. Varma kustvatten kryllar av vattenlevande liv. Det finns cirka 400 fiskarter h\u00e4r. Det finns ocks\u00e5 flera hundra korallarter som st\u00f6djer marint liv. De norra vattnen st\u00f6djer en st\u00f6rre biologisk m\u00e5ngfald. Manater finns dock i s\u00f6dra USA. Rec-diving, h\u00e4rledd fr\u00e5n frasen &#034;skeppsvrak&#034;, \u00e4r ocks\u00e5 vanligt. Det finns m\u00e5nga skeppsvrak fr\u00e5n olika tidsperioder utanf\u00f6r stranden. Dessutom popul\u00e4rt i norr \u00e4r driftdykning. Detta \u00e4r ett exempel p\u00e5 nuvarande dykning. Vanligt \u00e4r ocks\u00e5 p\u00e4rlfiske och svampinsamling.<\/p>\n\n\n\n<p>P\u00e4rlorna som produceras i Bahrain \u00e4r de finaste i v\u00e4rlden. Sannolikheten att uppt\u00e4cka ett ostron som inneh\u00e5ller en p\u00e4rla \u00e4r mycket h\u00f6g. Ungef\u00e4r 1 av 100. Du f\u00e5r beh\u00e5lla hela bytet. \u00c4ven p\u00e5 vintern g\u00f6r den h\u00f6ga vattentemperaturen (20 \u00b0C) dykning m\u00f6jligt \u00e5ret runt. Men juni till september \u00e4r den optimala tiden f\u00f6r denna aktivitet. Det finns f\u00f6r n\u00e4rvarande inga betydande str\u00f6mmar. I Bahrain finns surfskolor. Kusten och v\u00e4derf\u00f6rh\u00e5llandena \u00e4r idealiska f\u00f6r denna aktivitet. De trevligaste l\u00e4gena ligger i norr, n\u00e4ra huvudstaden. Kitesurfing \u00e4r en annan popul\u00e4r sport.<\/p>\n\n\n\n<p>Bahrain har varit centrum f\u00f6r Mellan\u00f6stern i evigheter. Det \u00e4r meningsl\u00f6st att bes\u00f6ka landet om du inte har n\u00e5gon lust att se \u00e5tminstone en av kungarikets kulturella rikedomar. Bahrains underbara nationalmuseum \u00e4r en utm\u00e4rkt utg\u00e5ngspunkt f\u00f6r \u00e4ventyrare. Du kan ocks\u00e5 bes\u00f6ka Muharraqs p\u00e4rlarv. Den inneh\u00e5ller flera tidigare kungliga herrg\u00e5rdar och handelsanl\u00e4ggningar.<\/p>\n\n\n\n<p>Bahrain erbjuder en s\u00e4llsynt m\u00f6jlighet att rida p\u00e5 renrasiga arabiska h\u00e4star. Detta \u00e4r en av de \u00e4ldsta h\u00e4straserna som f\u00f6tts upp p\u00e5 den arabiska halv\u00f6n mellan 300- och 500-talet. De har en m\u00e5ttlig tillv\u00e4xthastighet, men \u00e4r \u00e4nd\u00e5 otroligt graci\u00f6sa och vackra. L\u00e4ngs stranden och i \u00f6knen erbjuder en m\u00e4ngd stall och ridanl\u00e4ggningar ridning. \u00d6knen kan korsas av jeep f\u00f6r hastighetsentusiaster. Detta \u00e4r m\u00f6jligt b\u00e5de som passagerare och som f\u00f6rare. En resa till vilken arabisk nation som helst \u00e4r ofullst\u00e4ndig utan en kameltur. I Bahrain \u00e4r det ocks\u00e5 en popul\u00e4r form av underh\u00e5llning. Till exempel kan du rida p\u00e5 en kamel till det ber\u00f6mda livets tr\u00e4d.<\/p>\n\n\n\n<p>Glamping i \u00f6knen \u00e4r en mycket ovanlig lokal aktivitet. Ordet \u00e4r sammansatt av tv\u00e5 till synes motstridiga begrepp: &#034;camping&#034; och &#034;glamor\u00f6s&#034;. I ett vackert t\u00e4lt med Wi-Fi, plyschm\u00f6bler och madrasser kan vem som helst k\u00e4nna sig som Lawrence of Arabia. Flera f\u00f6retag erbjuder dessa tj\u00e4nster inom olika omr\u00e5den. Det finns badrum, lekplatser och en TV f\u00f6r turister. Denna tj\u00e4nst \u00e4r omtyckt. D\u00e4rf\u00f6r b\u00f6r reservationer g\u00f6ras i f\u00f6rv\u00e4g. November till mars \u00e4r den optimala tiden f\u00f6r glamping.<\/p>\n\n\n\n<p>I Bahrain \u00e4r vandring och vandring ovanliga aktiviteter. \u00d6arna \u00e4r n\u00e4stan j\u00e4mna. Toppen ligger bara 122 meter \u00f6ver havet. Strandlinjens l\u00e4ngd \u00e4r dock 160 kilometer. D\u00e4rf\u00f6r best\u00e5r vandring av kustvandringar. Dessutom finns det rutter i norr, n\u00e4ra Al Qurayyah. De skiljer sig \u00e5t i sina invecklade niv\u00e5er. Det finns fler stigar runt Madnat Isa. I kungariket finns det inga riktiga berg eller kullar. Men mountainbike \u00e4r fortfarande popul\u00e4rt. Manama \u00e4r tillg\u00e4ngligt med mountainbike f\u00f6r dagsutflykter. Huvudstaden erbjuder uthyrning av utrustning.<\/p>\n\n\n\n<p>Varma, grunda kustvatten kryllar av fisk. Det finns cirka 300 fiskarter d\u00e4r. Fiske \u00e4r popul\u00e4rt bland Bahrains inf\u00f6dda och utl\u00e4nningar. H\u00e4r hittar du papegojfiskar, angelfish, grouper, barracuda, clownfiskar och andra varelser av tropiska rev. Hotell och turistf\u00f6retag planerar fiskeutflykter. Det finns f\u00e5 str\u00e4nder d\u00e4r man kan \u00e4gna sig \u00e5t utomhusaktiviteter. Men de \u00e4r utm\u00e4rkta: breda, rymliga, med fin sand och den n\u00f6dv\u00e4ndiga infrastrukturen. Du b\u00f6r inte missbruka Bahrains lokalbefolknings \u00f6verseende gentemot turister. P\u00e5 offentliga str\u00e4nder som inte \u00e4gs av hotell b\u00f6r du inte b\u00e4ra en baddr\u00e4kt med alltf\u00f6r l\u00e5g rygg. Det rekommenderas inte f\u00f6r m\u00e4n att b\u00e4ra korta badbyxor. Badbyxor b\u00f6r b\u00e4ras med shorts.<\/p>\n\n\n\n<p>Bahrain Al Beach \u00e4r en popul\u00e4r familjesemester, s\u00e4rskilt f\u00f6r sm\u00e5 barn. Amwaj Beach i Bahrain \u00e4r en trevlig plats f\u00f6r kitesurfing. Det \u00e4r ocks\u00e5 omtyckt av vattenskoter \u00e5kare. Andra resen\u00e4rer kan tycka att detta omr\u00e5de \u00e4r n\u00e5got bullrigt. Bahrain Arad Fort \u00e4r en liten strand som ligger n\u00e4ra ett gammalt fort. Popul\u00e4ra aktiviteter inkluderar picknick, vandring och strandspel. Vid solnedg\u00e5ngen ger Bahrain Hidd-stranden ett spektakul\u00e4rt perspektiv av Manama. Dessutom \u00e4r strandpicknick vanligare \u00e4n simning. Bahrain Jazair \u00e4r en ber\u00f6md en kilometer l\u00e5ng strand bland lokalbefolkningen. H\u00e4r finns mycket roligt f\u00f6r barn. P\u00e5 stranden finns flera uthyrningsm\u00f6jligheter. Bahrain Karbabad \u00e4r en vacker plats n\u00e4ra Bahrain Fort.<\/p>\n\n\n\n<p>Kingdom of Bahrains svar p\u00e5 bevarandet av vilda djur i Mellan\u00f6stern var inr\u00e4ttandet av Al Areen Wildlife Park. Man hoppades att inr\u00e4ttandet av en s\u00e5dan reserv skulle hj\u00e4lpa till att genomf\u00f6ra liknande initiativ i andra l\u00e4nder i regionen. Naturreservatet byggdes f\u00f6r att skydda s\u00e4llsynta arabiska djur, som Oryx, Adax och Reem Gazelle. Det \u00e4r bra f\u00f6r djur\u00e4lskare och familjer. Du kan utforska den och observera varelser i deras naturliga livsmilj\u00f6. H\u00e4r kommer turister att kunna njuta av l\u00e4rorik fritid och rida utm\u00e4rkta h\u00e4star.<\/p>\n\n\n\n<p>Ramee Rose Hotel har en av de finaste nattklubbarna i Bahrain. Dansgolvet \u00e4r vanligtvis fullsatt p\u00e5 helgerna. Att locka allm\u00e4nheten \u00e4r gratis drycker f\u00f6r kvinnor och ut\u00f6kade &#034;happy hours&#034; f\u00f6r g\u00e4ster. Turister kan roa sig p\u00e5 diskotek med ljusa neonskyltar. Ramee Grand club \u00e4r epicentrum f\u00f6r nattlivet i Bahrain. Det blir ett alltmer popul\u00e4rt resm\u00e5l f\u00f6r expats att varva ner p\u00e5 natten.<\/p>\n\n\n\n<p>Nattlivet i landet erbjuder n\u00e5got f\u00f6r alla. \u00d6n ligger utanf\u00f6r Saudiarabiens \u00f6stra kust. Detta g\u00f6r det till en hotspot f\u00f6r resen\u00e4rer fr\u00e5n USA, Europa och Mellan\u00f6stern. Saudiska st\u00e4der inklusive Dhahran och al-Khobar ligger n\u00e4ra kung Fahds bef\u00e4lhavares kontor, som f\u00f6rbinder Saudiarabien med Bahrain. Detta underl\u00e4ttar tillg\u00e4ngligheten till \u00f6n. Staten kombinerar klubbar och pubar som speglar regionens olika nationaliteter. Dessutom \u00e4r \u00f6n popul\u00e4r bland turister eftersom alkohol \u00e4r till\u00e5tet h\u00e4r.<\/p>\n\n\n\n<p>Kulturv\u00e5ren \u00e4r ett mycket v\u00e4lbes\u00f6kt evenemang. G\u00e4ster fr\u00e5n utlandet kommer att f\u00e5 delta i den nationella musiken. \u00d6n har dansfestivaler under hela denna tid. P\u00e5 kv\u00e4llen kan g\u00e4sterna t\u00e4vla om att bli den b\u00e4sta s\u00e5ngaren eller artisten av latinamerikanska danser. Detta \u00e4r det mest livliga kulturfirandet i Persiska viken. Under hela m\u00e5naden firar artister, artister och f\u00f6rfattare fr\u00e5n hela v\u00e4rlden alla kulturella h\u00f6gtider tillsammans. Traditionellt \u00e4r schemat s\u00e5 sp\u00e4ckat att deltagarna m\u00e5ste boka platser m\u00e5nader i f\u00f6rv\u00e4g.<\/p>\n\n\n\n<h2 class=\"wp-block-heading\">Adhari Park<\/h2>\n\n\n\n<p><em>Ain Adhari Road Block 388 Building 111 Kingdom of Bahrain<\/em><\/p>\n\n\n\n<p>Adhari Park \u00e4r en n\u00f6jespark i kungariket Bahrain centrerad kring den gamla s\u00f6tvattenk\u00e4llan Ain Adari.<\/p>\n\n\n\n<p>Adhari Park \u00e4r ett helt nytt turistm\u00e5l i Bahrain som ligger n\u00e4ra Adhari National Park. Det syftar till att vara den fr\u00e4msta familjeattraktionen i GCC, med 38 sp\u00e4nnande utomhus- och inomhusturer f\u00f6r m\u00e4nniskor i alla \u00e5ldrar, ett familjeunderh\u00e5llningscenter, 10 matst\u00e4llen p\u00e5 Food Court, \u00e4ta p\u00e5 en restaurang, kaf\u00e9er och mycket mer.<\/p>\n\n\n\n<h2 class=\"wp-block-heading\">Al Areen Wildlife Park &amp; \u200b\u200bReserve<\/h2>\n\n\n\n<p><em>PO Box 28690, Kungariket Bahrain<\/em><\/p>\n\n\n\n<p>I Bahrains Al Areen Wildlife Reserve har v\u00e4xt- och djurarter bevarats och odlats i \u00f6ver tre decennier. Observera olika djur, f\u00e5glar och \u00f6kenv\u00e4xter i deras naturliga milj\u00f6er. Ta en promenad genom parken och kom n\u00e4ra de fritt str\u00f6vande inhemska f\u00e5glarna. Eller ta en bussresa f\u00f6r att l\u00e4ra dig om alla arter som visas, inklusive den arabiska leoparden, strutsen, den arabiska gasellen, oryxen och m\u00e5nga andra!<\/p>\n\n\n\n<h2 class=\"wp-block-heading\">Bahrain International Circuit<\/h2>\n\n\n\n<p><em>Gate 255, Gulf of Bahrain Avenue, Umm Jidar 1062, Sakhir, Bahrain<\/em><\/p>\n\n\n\n<p>Bahrain International Circuit (BIC) \u00e4r en toppmodern plats f\u00f6r motorsport som ligger i hj\u00e4rtat av Sakhir-\u00f6knen. Banan designades av den ber\u00f6mda tyske ingenj\u00f6ren Hermann Tilke och inneh\u00e5ller m\u00e5nga lokala kulturella element.<\/p>\n\n\n\n<p>Det tog mindre \u00e4n 18 m\u00e5nader att bygga hela anl\u00e4ggningen, som kostade cirka 150 miljoner dollar och kr\u00e4vde ett betydande initiativ f\u00f6r att utveckla omr\u00e5det.<\/p>\n\n\n\n<p>BIC har fler FIA-certifierade banlayouter \u00e4n n\u00e5gon annan anl\u00e4ggning i v\u00e4rlden. Detta g\u00f6r att banan kan rymma en m\u00e4ngd olika bilt\u00e4vlingar. Den 5 412 meter l\u00e5nga Grand Prix-banan h\u00e5ller ofta internationella t\u00e4vlingar, s\u00e5som Formula One Gulf Air Bahrain Grand Prix, FIA World Endurance Championship Six Hours of Bahrain, GP2 Series-t\u00e4vlingar och Porsche Mobil 1 Supercup.<\/p>\n\n\n\n<h2 class=\"wp-block-heading\">Allvar<\/h2>\n\n\n\n<p><em>Byggnad 234, Avenue 62, Zallaq 1058 Bahrain<\/em><\/p>\n\n\n\n<p>Den f\u00f6rsta fallsk\u00e4rmshoppningen inomhus i Bahrain.<\/p>\n\n\n\n<p>K\u00e4nslan av fritt fall i en av de h\u00f6gsta vindtunnlarna, skapad med h\u00e4rdat glas och m\u00e4ter 12 meter p\u00e5 h\u00f6jden, \u00e4r om\u00f6jlig att motst\u00e5.<\/p>\n\n\n\n<p>Hoppa in som om du hoppade fr\u00e5n ett flygplan, men utan fallsk\u00e4rm och utan att ens g\u00e5 ombord p\u00e5 ett flygplan! Alla kan njuta av denna kroppsflygningsupplevelse, utom de som inte \u00e4r villiga att ge sig ut p\u00e5 en livsf\u00f6r\u00e4ndrande resa.<\/p>\n\n\n\n<p>Vi kan se till att du f\u00e5r en fantastisk och extraordin\u00e4r upplevelse.<\/p>\n\n\n\n<h2 class=\"wp-block-heading\">Dar-\u00f6arna<\/h2>\n\n\n\n<p><em>1005 Sitra Fisherman Port, Sitra, kungariket Bahrain<\/em><\/p>\n\n\n\n<p>Al Dar Islands strandresort erbjuder regelbundna utflykter med p\u00e4rldykning och kryssningar till Jarada Island, d\u00e4r du kan sola ensam p\u00e5 en spotta av vit sand och guppa i dess or\u00f6rda vatten. F\u00f6rutom p\u00e4rlor \u00e4r det m\u00f6jligt att observera upp till 30 arter av koraller och \u00f6ver 200 arter av fisk. Att observera delfiner bland de olika n\u00e4rliggande korallreven \u00e4r en annan favoritaktivitet, och de b\u00e4sta tiderna att uppt\u00e4cka dem \u00e4r vid soluppg\u00e5ngen eller solnedg\u00e5ngen.<\/p>\n\n\n\n<p>En dagstur till p\u00e4rlreven \u00e4r ganska trevlig. Ta en tur p\u00e5 en dhow f\u00f6r en mer autentisk upplevelse. Du kan best\u00e4lla arabiska r\u00e4tter, och p\u00e4rldykare kommer att f\u00f6rgylla dig med sj\u00f6fartsber\u00e4ttelser.<\/p>\n\n\n\n<p>Vilda djurentusiaster m\u00e5ste ta den 45 minuter l\u00e5nga f\u00e4rjeresan fr\u00e5n Al Dur Jetty till Hawar Island. Hawar\u00f6arna betraktas som ett internationellt betydelsefullt naturreservat och erbjuder en ren strand och m\u00f6jlighet att observera delfiner och ovanliga f\u00e5glar p\u00e5 grund av deras l\u00e4ge i mitten av deras flyttv\u00e4g.<\/p>\n\n\n\n<h2 class=\"wp-block-heading\">Hawar\u00f6arna<\/h2>\n\n\n\n<p><em>Hawar\u00f6arna<\/em><\/p>\n\n\n\n<p>Bahrain kontrollerar Hawar\u00f6arna, en \u00f6grupp av \u00f6de \u00f6ar i Arabiska vikens Bahrainbukt. Vilda djurentusiaster m\u00e5ste ta den 45 minuter l\u00e5nga f\u00e4rjeresan fr\u00e5n Al Dar Jetty till Hawar Island.<\/p>\n\n\n\n<p>Hawar\u00f6arna betraktas som en internationellt betydelsefull naturtillflykt, som ger or\u00f6rda str\u00e4nder och m\u00f6jlighet att observera delfiner och ovanliga arter mitt p\u00e5 deras vandringsv\u00e4g.<\/p>\n\n\n\n<h2 class=\"wp-block-heading\">Karting (BIKC)<\/h2>\n\n\n\n<p><em>Gate 255, Gulf of Bahrain Avenue, Umm Jidar 1062<\/em><\/p>\n\n\n\n<p>Bahrain International Karting Circuit (BIKC) \u00e4r en toppmodern anl\u00e4ggning i v\u00e4rldsklass som v\u00e4nder sig till motorsportens gr\u00e4srotsniv\u00e5. P\u00e5 BIKC f\u00e5r morgondagens f\u00f6rare sin f\u00f6rsta smak av \u00e4kta racingextas. BIKC uppfyller de h\u00f6gsta internationella specifikationerna. Det kan vara v\u00e4rd f\u00f6r Commission Internationale de Karting-F\u00e9d\u00e9ration Internationale de l&#039;Automobile World Championships (CIK-FIA). 2012 blev BIKC den f\u00f6rsta kartingbanan i v\u00e4rlden som var v\u00e4rd f\u00f6r ett evenemang p\u00e5 niv\u00e5 med ett v\u00e4rldsm\u00e4sterskap.<\/p>\n\n\n\n<p>CIK-banan \u00e4r 1 414 kilometer l\u00e5ng och har 14 kurvor. CIK-FIAs v\u00e4rldsm\u00e4sterskap under 18 \u00e5r och Academy Trophy, som \u00e4gde rum i Bahrain f\u00f6r f\u00f6rsta g\u00e5ngen 2012, och de senaste v\u00e4rldsm\u00e4sterskapen i CIK-FIA var planerade att \u00e4ga rum d\u00e4r. BIKC erbjuder en m\u00e4ngd olika walk-in- och teambuildingsaktiviteter f\u00f6r angel\u00e4gna kartare och f\u00f6retag, inklusive Grand Prix och Endurance-upplevelser inspirerade av Formel 1. Banan \u00e4r utrustad med 200-lux str\u00e5lkastare, vilket g\u00f6r att den \u00e4ven kan vara v\u00e4rd f\u00f6r nattlopp.<\/p>\n\n\n\n<h2 class=\"wp-block-heading\">Lost Paradise of Dilmun<\/h2>\n\n\n\n<p><em>Gate 255, Gulf of Bahrain Avenue, Umm Jidar 1062<\/em><\/p>\n\n\n\n<p>Lost Paradise of Dilmun \u00e4r f\u00f6r n\u00e4rvarande den st\u00f6rsta vattenparken i Bahrain, med en total yta p\u00e5 cirka 77 000 kvadratmeter, en bebyggd yta p\u00e5 cirka 45 000 kvadratmeter och cirka 20 000 kvadratmeter. Varje del av parken \u00e4r centrerad p\u00e5 historien om Dilmun-perioden, vilket framg\u00e5r av parkens distinkta stenskulpturer och arkitektur. \u00d6ver 18 rutschbanor och attraktioner \u00e4r perfekt integrerade f\u00f6r att skapa en \u00f6kenoas och dr\u00f6mtr\u00e4dg\u00e5rd som g\u00e4sterna kan njuta av.<\/p>\n\n\n\n<h2 class=\"wp-block-heading\">Marassi Beach<\/h2>\n\n\n\n<p><em>Staden Al Muharraq<\/em><\/p>\n\n\n\n<p>Tv\u00e5 kilometer vita sandstr\u00e4nder omfattar Marassi Beach, en livsstilsattraktion f\u00f6r utomhusbruk. Det \u00e4r den f\u00f6rsta food truck-domstolen i Bahrain, som serverar internationella och lokala smaker fr\u00e5n oberoende entrepren\u00f6rer. F\u00f6rutom en lekplats och en joggingbana vid vattnet, har Marassi Beach en lekplats.<\/p>\n\n\n\n<p>M\u00e5nga helgevenemang, som popup-marknader, utomhusfilmer och barnspel, tillk\u00e4nnages ofta. Alla tj\u00e4nster och bekv\u00e4mligheter p\u00e5 Marassi Beach \u00e4r av h\u00f6gsta kvalitet och renlighet, och den dagliga entr\u00e9kostnaden f\u00f6r vuxna \u00e4r BD2. Denna betalning \u00e4r delvis inl\u00f6sbar f\u00f6r solstolar, parasoller och handdukar.<\/p>\n\n\n\n<h2 class=\"wp-block-heading\">Royal Golf Club<\/h2>\n\n\n\n<p><em>Al Muaskar Highway Riffa, Bahrain<\/em><\/p>\n\n\n\n<p>Tv\u00e5 kilometer vita sandstr\u00e4nder omfattar Marassi Beach, en livsstilsattraktion f\u00f6r utomhusbruk. Det \u00e4r den f\u00f6rsta food truck-domstolen i Bahrain, som serverar internationella och lokala smaker fr\u00e5n oberoende entrepren\u00f6rer. F\u00f6rutom en lekplats och en joggingbana vid vattnet, har Marassi Beach en lekplats.<\/p>\n\n\n\n<p>M\u00e5nga helgevenemang, som popup-marknader, utomhusfilmer och barnspel, tillk\u00e4nnages ofta. Alla tj\u00e4nster och bekv\u00e4mligheter p\u00e5 Marassi Beach \u00e4r av h\u00f6gsta kvalitet och renlighet, och den dagliga entr\u00e9kostnaden f\u00f6r vuxna \u00e4r BD2. Denna betalning \u00e4r delvis inl\u00f6sbar f\u00f6r solstolar, parasoller och handdukar.<\/p>","protected":false},"excerpt":{"rendered":"<p>Bahrains Grand Prix Formel 1-lopp, som h\u00e5lls i april p\u00e5 Bahrain International Circuit, \u00e4r det viktigaste \u00e5rliga evenemanget i Bahrain. Planera i f\u00f6rv\u00e4g eftersom biljetterna \u00e4r sluts\u00e5lda och hotellkostnaderna har skjutit i h\u00f6jden. Vanligtvis \u00e4r f\u00f6rsta bokningar ber\u00e4ttigade till rabatter p\u00e5 mellan 10 och 20 procent. Beroende p\u00e5 l\u00e4ktaren kostar biljetterna allt mellan BD 150 och BD 60.<\/p>","protected":false},"author":1,"featured_media":35414,"parent":35335,"menu_order":0,"comment_status":"closed","ping_status":"closed","template":"elementor_theme","meta":{"_eb_attr":"","footnotes":""},"class_list":["post-35412","page","type-page","status-publish","has-post-thumbnail"],"_links":{"self":[{"href":"https:\/\/travelshelper.com\/sv\/wp-json\/wp\/v2\/pages\/35412","targetHints":{"allow":["GET"]}}],"collection":[{"href":"https:\/\/travelshelper.com\/sv\/wp-json\/wp\/v2\/pages"}],"about":[{"href":"https:\/\/travelshelper.com\/sv\/wp-json\/wp\/v2\/types\/page"}],"author":[{"embeddable":true,"href":"https:\/\/travelshelper.com\/sv\/wp-json\/wp\/v2\/users\/1"}],"replies":[{"embeddable":true,"href":"https:\/\/travelshelper.com\/sv\/wp-json\/wp\/v2\/comments?post=35412"}],"version-history":[{"count":0,"href":"https:\/\/travelshelper.com\/sv\/wp-json\/wp\/v2\/pages\/35412\/revisions"}],"up":[{"embeddable":true,"href":"https:\/\/travelshelper.com\/sv\/wp-json\/wp\/v2\/pages\/35335"}],"wp:featuredmedia":[{"embeddable":true,"href":"https:\/\/travelshelper.com\/sv\/wp-json\/wp\/v2\/media\/35414"}],"wp:attachment":[{"href":"https:\/\/travelshelper.com\/sv\/wp-json\/wp\/v2\/media?parent=35412"}],"curies":[{"name":"wp","href":"https:\/\/api.w.org\/{rel}","templated":true}]}}