{"id":35405,"date":"2024-11-30T21:18:48","date_gmt":"2024-11-30T21:18:48","guid":{"rendered":"https:\/\/travelshelper.com\/staging\/?page_id=35405"},"modified":"2026-03-11T02:08:23","modified_gmt":"2026-03-11T02:08:23","slug":"saker-att-se-i-bahrain","status":"publish","type":"page","link":"https:\/\/travelshelper.com\/sv\/destinations\/asia\/bahrain\/things-to-see-in-bahrain\/","title":{"rendered":"Saker att se i Bahrain"},"content":{"rendered":"<p>Bahrain \u00e4r en \u00f6nation med en rik historia som str\u00e4cker sig \u00f6ver tusentals \u00e5r, och den erbjuder en unik blandning av kulturella utflykter, underh\u00e5llning och rekreation. I regionen fanns den f\u00f6rsta staten redan under det tredje \u00e5rtusendet fvt. Vid olika tidpunkter i historien tillh\u00f6rde landet Sassanidernas kungad\u00f6me, det arabiska kalifatet, Portugal och Iran. Nationen var under brittiskt protektorat under en period. Alla dessa historiska faser har satt sina sp\u00e5r i landets landskap. D\u00e4rf\u00f6r finns det m\u00e5nga attraktioner av intresse h\u00e4r.<\/p>\n\n\n\n<p>Enligt m\u00e5nga arkeologer inhyste \u00f6arna en g\u00e5ng delstaten Dilmun. Sumererna trodde att detta var ursprunget till civilisationen. Qal&#039;at al-Bahrain \u00e4r platsen d\u00e4r resterna av denna antika kultur finns. Forskare har uppt\u00e4ckt n\u00e4stan 4 000 \u00e5r gamla gator, tempel, butiker och palats begravda under m\u00e5nga kulturella skikt, inklusive det portugisiska slottet. Idag forts\u00e4tter utgr\u00e4vningen. Idag \u00e4r ungef\u00e4r en fj\u00e4rdedel av regionen tillg\u00e4nglig. P\u00e5 toppen av kullen st\u00e5r ett portugisiskt slott som heter Qal&#039;at al-Burtughal. Den dateras till 1600-talet. Bef\u00e4stningen \u00e4r fortfarande i perfekt skick.<\/p>\n\n\n\n<p>Flera regioner som inneh\u00e5ller stora nekropoler fr\u00e5n brons\u00e5lderns Umm Al Nar-civilisation ligger i norr. Dessa \u00e4r de st\u00f6rsta antika nekropolerna som har \u00f6verlevt fram till idag. Stengravar har en diameter p\u00e5 4,5 till 9 meter och en h\u00f6jd p\u00e5 1-2 meter. Keramik, sten- eller skals\u00e4lar, vapen och benartefakter uppt\u00e4cktes i gravarna. Mer \u00e4n hundra tusen av dessa gravar ligger p\u00e5 Bahrains territorium. Manama Saar-templet och de intilliggande gravarna \u00e4r fr\u00e5n samma historiska period.<\/p>\n\n\n\n<p>Portugiserna byggde ocks\u00e5 Abu Mahir Fort. Det \u00e4r en av ett antal marina handelsv\u00e4gar som skyddar bef\u00e4stningar. Bef\u00e4stningen \u00e4r i d\u00e5ligt skick. Museet \u00e4r dock tillg\u00e4ngligt p\u00e5 dess omr\u00e5de. F\u00f6rutom strukturens historia kan du ocks\u00e5 l\u00e4ra dig om p\u00e4rlgr\u00e4vningens historia i Bahrain.<\/p>\n\n\n\n<p>Shajarat al-Hayat, ofta k\u00e4nt som livets tr\u00e4d, \u00e4r ett cirka 400 \u00e5r gammalt tr\u00e4d. Det \u00e4r f\u00f6rv\u00e5nande att den v\u00e4xer sj\u00e4lvst\u00e4ndigt i \u00f6knen. M\u00e5nga ber\u00e4ttelser och antaganden v\u00e4xer \u00f6ver platsen. Det anses vara det sista tr\u00e4det i Edens lustg\u00e5rd. Dessutom antas det att en underjordisk flod ger n\u00e4ring \u00e5t sina r\u00f6tter. Tr\u00e4det tillh\u00f6r underarten Mimosa av arten Prosopis cineraria. Dessa tr\u00e4d kan tolerera temperaturer upp till 50 grader Fahrenheit utan att kr\u00e4va mycket vatten. Den kan ocks\u00e5 \u00f6verleva i salta jordar. Dess r\u00f6tter n\u00e5r stora djup (dussintals meter) och kan absorbera \u00e4ven de minsta m\u00e4ngder vatten. Bladen absorberar fukt fr\u00e5n sin omgivning.<\/p>\n\n\n\n<p>Arad Fort byggdes p\u00e5 1400-talet f\u00f6r att f\u00f6rsvara \u00f6n Muharraq. Den byggdes i stil med arabiska bef\u00e4stningar. Fortet \u00e4r fyrkantigt och kompakt. Vid dess fyra h\u00f6rn finns cylinderformade torn. Fortet l\u00e4mpade sig utm\u00e4rkt f\u00f6r kustf\u00f6rsvar och observation. Nyligen genomf\u00f6rdes en massiv rekonstruktion. P\u00e5 natten \u00e4r den historiska bef\u00e4stningen upplyst. Det \u00e4r en hisnande syn. Riffa Fort byggdes 1812. Vissa arkeologer daterar dock dess grundande till 1600-talet. Citadellet var Sheikh Salman bin Ahmeds hus. Det fanns andra statliga myndigheter d\u00e4r. Isa ibn Ali Al Khalifa, en av Bahrains h\u00e4rskare, f\u00f6ddes i f\u00e4stet.<\/p>\n\n\n\n<p>Isa ibn Ali Al Khalifas residens \u00e4r ett utm\u00e4rkt exempel p\u00e5 ett kungligt residens. Den \u00e4r konstruerad p\u00e5 klassiskt arabiskt s\u00e4tt. Residenset har ett kylsystem. Detta \u00e4r ett vindtorn som f\u00f6rs\u00e5g byggnaden med kall luft. Tornet st\u00e4ngdes av f\u00f6r vintern. B\u00e5gar, tr\u00e4m\u00f6bler, d\u00f6rrar, tak och m\u00e5lade glasf\u00f6nster pryder interi\u00f6rerna.<\/p>\n\n\n\n<p>Al-Fatih-mosk\u00e9n \u00e4r bland v\u00e4rldens st\u00f6rsta. Den prim\u00e4ra kupolen \u00e4r sammansatt av glasfiber. Det \u00e4r ett riktigt ingenj\u00f6rsm\u00e4sterverk. Strukturen \u00e4r modern. 1987 stod byggandet klart. Ing\u00e5ngen \u00e4r blockerad p\u00e5 fredagar (en muslimsk helgdag) och andra religi\u00f6sa helgdagar. Al-Khamis-mosk\u00e9n \u00e4r landets \u00e4ldsta religi\u00f6sa struktur. Man tror att den f\u00f6rsta stenen i templets grund placerades p\u00e5 700-talet. Flera g\u00e5nger har mosk\u00e9n renoverats. Den tidigaste av dess komponenter dateras till 1300-talet. Som mihrab anv\u00e4nds en platta fr\u00e5n 1100-talet (en nisch som anger riktningen d\u00e4r Mecka ligger).<\/p>\n\n\n\n<p>Little India \u00e4r en stadsdel i Manama som liknar Delhi mer \u00e4n Bahrains huvudstad. H\u00e4r \u00e4r var Krishna-templet ligger. Den \u00e4r \u00e4ldre \u00e4n tv\u00e5hundra \u00e5r. Det finns m\u00e5nga antika tr\u00e4hus gjorda av indiskt tr\u00e4, presentbutiker och kaf\u00e9er. Miniraviner vid Al-Bahar \u00e4r en naturlig attraktion. Otroligt formade gyllene klippformationer som utg\u00f6r vintermilj\u00f6 f\u00f6r m\u00e5nga f\u00e5glar.<\/p>\n\n\n\n<p>Wahooo \u00e4r bland de mest innovativa och moderna vattenparkerna i Mellan\u00f6stern. Den \u00e4r \u00f6ver 15 000 kvadratmeter stor. Med hj\u00e4lp av spel, \u00e5kattraktioner, rutschbanor och pooler lockar vattenparken miljontals m\u00e4nniskor. Stilen p\u00e5 vattenparkens design \u00e4r &#034;subtropiskt paradis.&#034; I dess centrum ligger en skonare f\u00f6r ankar. Detta \u00e4r en underbar plats f\u00f6r m\u00e4nniskor i alla \u00e5ldrar. Det finns 30 % utomhus- och 70 % inomhusevenemang i parken. Detta garanterar ett trevligt bes\u00f6k oavsett v\u00e4der. Dessutom, med tanke p\u00e5 att vattenparken ligger i stadens k\u00e4rna, kommer g\u00e4sterna att kunna strosa runt i de m\u00e5nga butikerna. Du kommer att ha m\u00f6jlighet att \u00e4gna n\u00e5gra timmar \u00e5t shopping eller middag p\u00e5 en restaurang som serverar regionala r\u00e4tter.<\/p>\n\n\n\n<p>F\u00e5gelriket Asien \u00e4r en unikt sk\u00f6tt livsmilj\u00f6. H\u00e4r finns \u00f6ver sjuttio f\u00e5gelarter fr\u00e5n hela v\u00e4rlden. H\u00e4r finns 500 anst\u00e4llda. Vissa av dessa arter \u00e4r hotade. F\u00f6r att hj\u00e4lpa till med deras bevarande produceras de noggrant och f\u00f6ds upp i f\u00e5ngenskap i Asiens f\u00e5gelrike. Inst\u00e4llningen utvecklades inte bara f\u00f6r att f\u00e4ngsla och underh\u00e5lla hela familjen, utan ocks\u00e5 f\u00f6r att ge ungdomar och deras f\u00f6r\u00e4ldrar en pedagogisk typ av l\u00e4rande. N\u00e4r de vandrar genom dessa labyrinter kommer turister att kunna ta vackra fotografier och uppleva underbara k\u00e4nslor.<\/p>\n\n\n\n<h2 class=\"wp-block-heading\">Fort i Bahrain<\/h2>\n\n\n\n<h3 class=\"wp-block-heading\">Arad Fort<\/h3>\n\n\n\n<p><em>Arad Fort, Road No 4233, Arad, Bahrain<\/em><\/p>\n\n\n\n<p>Arad Fort \u00e4r ett utm\u00e4rkt exempel p\u00e5 omansk milit\u00e4r konstruktion fr\u00e5n slutet av 1400-talet till b\u00f6rjan av 1500-talet. Detta fort spelade en betydande roll i Bahrains f\u00f6rsvar mot marod\u00f6rer genom \u00e5rhundradena, \u00e4ven om det \u00e4r oklart n\u00e4r det byggdes. Fortet, som restaurerades p\u00e5 1980-talet med enbart originalmaterial, \u00e4r vackert upplyst p\u00e5 natten och h\u00e5ller periodiska festligheter.<\/p>\n\n\n\n<h3 class=\"wp-block-heading\">Bahrains fort och museum<\/h3>\n\n\n\n<p><em>Seef Area Karbabad, Capital Governorate<\/em><\/p>\n\n\n\n<p>Ligger i Seef och tidigare k\u00e4nd som Portugal Port, Bahrain Fort eller &#034;Qal&#039;at al-Bahrain&#034; \u00e4r 180 000 kvadratmeter stort. Fr\u00e5n 2300 f.Kr. till 1500-talet har fortet varit bebott. Fortet l\u00e5g i huvudstaden i Dilmun-civilisationen och kallades efter Qal&#039;at al-Burtughal.<\/p>\n\n\n\n<p>Fortets utgr\u00e4vda plats avsl\u00f6jar att det tj\u00e4nade bost\u00e4der, offentliga, kommersiella, religi\u00f6sa och milit\u00e4ra funktioner. Arkeologiska utgr\u00e4vningar avsl\u00f6jade flera verktyg och artefakter, inklusive Dilmun Stamp-s\u00e4lar, fiskeutrustning och matlagnings- och mattransporterande fartyg fr\u00e5n Oman och Mesopotamien. Bahrain Fort, en av de tre UNESCO: s v\u00e4rldsarv i Bahrain, \u00e4r en imponerande byggnad som hedrar Bahrains djupt rotade historia.<\/p>\n\n\n\n<h3 class=\"wp-block-heading\">Sheikh Salman Bin Ahmed Al Fateh Fort<\/h3>\n\n\n\n<p><em>Sheikh Salman Bin Ahmed Al Fateh Fort, Road No 368, Riffa<\/em><\/p>\n\n\n\n<p>P\u00e5 grund av sin position i Riffa \u00e4r Sheikh Salman bin Ahmed Al-Fateh Fort ocks\u00e5 k\u00e4nt som Riffa Fort. Denna historiska plats vittnar om ett av de mest avg\u00f6rande \u00f6gonblicken i Bahrains historia; Al Khalifas, Bahrains regerande familj, \u00e4r minnesv\u00e4rda i dess underbara arkitektur.<\/p>\n\n\n\n<p>L\u00e4r dig om familjen Al Khalifa genom noggrant utvalda utst\u00e4llningar med deras sl\u00e4kttr\u00e4d, personliga f\u00f6rem\u00e5l och favoritsyssels\u00e4ttningar. Dessutom inneh\u00e5ller fortet Saffron Caf\u00e9, som har utsikt \u00f6ver den natursk\u00f6na Al-Haniniya-dalen.<\/p>\n\n\n\n<h2 class=\"wp-block-heading\">Museer i Bahrain<\/h2>\n\n\n\n<h3 class=\"wp-block-heading\">Bahrains nationalmuseum<\/h3>\n\n\n\n<p>Den 15 december 1988 invigdes Bahrains nationalmuseum av den bortg\u00e5ngne Amir, HH Shaikh Isa Bin Salman Al-Khalifa. Det betraktades som ett av de mest prestigefyllda museerna i sitt slag i golfomr\u00e5det. Bahrains nationalmuseum \u00e4r f\u00f6r n\u00e4rvarande ett av \u00f6ns viktigaste kulturella landm\u00e4rken.<\/p>\n\n\n\n<p>Den exceptionella byggnaden, utformad och designad av Krohn och Hartvig Rasmussen, har en exteri\u00f6r i vit travertinmarmor och \u00e4r strategiskt placerad p\u00e5 en konstgjord halv\u00f6 med utsikt \u00f6ver \u00f6n Muharraq. Museikomplexet best\u00e5r av tv\u00e5 sammanh\u00e4ngande byggnader med en total golvyta p\u00e5 cirka 20 000 kvadratmeter. Huvudstrukturen inneh\u00e5ller den permanenta utst\u00e4llningsytan, tillf\u00e4lliga utst\u00e4llningshallar, en konsthall, en f\u00f6rel\u00e4sningssal, ett caf\u00e9 och en presentbutik. Den administrativa byggnaden inrymmer administrativa kontor, kuratoriska forskningsrum, konserveringslaboratorier, utst\u00e4llningskonstruktion och samlingsf\u00f6rr\u00e5d.<\/p>\n\n\n\n<p>6 000 \u00e5r av Bahrains historia finns bevarad i museet. Gravhallarna, Dilmun, Tylos och islam, seder och traditioner, traditionella aff\u00e4rer och hantverk samt dokument och manuskript v\u00e4cker Bahrains historia till liv. Den stora foaj\u00e9n ger ing\u00e5ng till utst\u00e4llningsrummen p\u00e5 bottenv\u00e5ningen och f\u00f6rsta v\u00e5ningen, som ligger p\u00e5 markplan och f\u00f6rsta v\u00e5ningen. Foaj\u00e9n \u00e4r ett enormt dramatiskt omr\u00e5de accentuerat av naturliga ljusschakt och visar utst\u00e4llningen &#034;Investera i kultur.&#034;<\/p>\n\n\n\n<h2 class=\"wp-block-heading\">Mosk\u00e9er i Bahrain<\/h2>\n\n\n\n<h3 class=\"wp-block-heading\">Al Fateh stora mosk\u00e9n<\/h3>\n\n\n\n<p><em>Al Fateh Grand Mosque, Awal Avenue Corner Al Fatih Highway<\/em><\/p>\n\n\n\n<p>Al Fateh Grand Mosque \u00e4r den st\u00f6rsta mosk\u00e9n i Bahrain och en av de st\u00f6rsta i v\u00e4rlden. Det byggdes 1987 under sponsring av den avlidne shejken Isa bin Salman Al Khalifa och fick namnet Ahmed Al Fateh. Mosk\u00e9n rymmer upp till 7 000 tillbedjare och toppas av v\u00e4rldens st\u00f6rsta glasfiberkupol. Dess v\u00e4ggar \u00e4r uts\u00f6kt prydda med kufisk kalligrafi.<\/p>\n\n\n\n<h3 class=\"wp-block-heading\">Al Khamis mosk\u00e9n<\/h3>\n\n\n\n<p><em>Bilad Al Qadim, Sheikh Salman Highway<\/em><\/p>\n\n\n\n<p>Al Khamis-mosk\u00e9n, byggd 692 e.Kr., \u00e4r en av de tidigaste mosk\u00e9erna i arabv\u00e4rlden. Byggdes om p\u00e5 1300- och 1400-talen och grunden g\u00e5r tillbaka till 1000-talet.<\/p>\n\n\n\n<p>Under reparationen lades identiska tvillingminareter till den historiska islamiska strukturen, s\u00e5 att den omedelbart kunde identifieras.<\/p>\n\n\n\n<h3 class=\"wp-block-heading\">Bete al-Koranen<\/h3>\n\n\n\n<p><em>Byggnad nr 17, v\u00e4g nr 1901, diplomatomr\u00e5det, Manama.<\/em><\/p>\n\n\n\n<p>Detta prestigefyllda museum rymmer en stor samling av koraniska manuskript och skrifter som g\u00e5r tillbaka till 700-talet i en byggnad prydd med arabisk skrift. Det finns flera kopior av Koranen som i sig \u00e4r konstverk. Vissa mindre kopior \u00e4r tillr\u00e4ckligt sm\u00e5 f\u00f6r att f\u00e5 plats i handflatan, och koranfraser har till och med graverats p\u00e5 riskorn. F\u00f6rutom sin betydande historiska samling, har Bait al Quran-utst\u00e4llningsutrymmet ofta olika konstutst\u00e4llningar, s\u00e5v\u00e4l som en liten mosk\u00e9, ett framst\u00e5ende bibliotek och en inl\u00e4rningsmilj\u00f6 f\u00f6r islamisk undervisning.<\/p>\n\n\n\n<h2 class=\"wp-block-heading\">Parker i Bahrain<\/h2>\n\n\n\n<p>Bahrain \u00e4r en ny upplevelse f\u00f6r det globala samh\u00e4llet. Frasen &#034;kontrasters land&#034; kan \u00f6veranv\u00e4ndas. Resen\u00e4rer ser dock nationen som en unik p\u00e4rla i mitten av haven. Mot en dyster m\u00e5nmilj\u00f6 som \u00e4r mer g\u00e4stv\u00e4nlig f\u00f6r kamelkappl\u00f6pning \u00e4n v\u00e4ltrimmade bilar fyllda med banbrytande teknik, \u00e4r den spektakul\u00e4ra landskapsdesignen en arkitektonisk kraft. Landet \u00e4r 700 kvadratkilometer stort. Den har cirka 161 kilometer kust. De st\u00f6rsta \u00f6arna inkluderar Muharraq, Sitrah, Umm a Nasan och Hawar-gruppen.<\/p>\n\n\n\n<p>Bahrain kallas ofta f\u00f6r &#034;Porten till Persiska viken&#034;, vilket \u00e4r uppenbart i befolkningens m\u00e5ngfald och tolerans. Det officiella spr\u00e5ket h\u00e4r \u00e4r arabiska. Engelska anv\u00e4nds dock ofta i n\u00e4ringslivet och kr\u00e4vs i skolor. P\u00e5 grund av det stora antalet expats som bor i Bahrain talas andra spr\u00e5k som persiska och urdu p\u00e5 b\u00e5de traditionella och moderna marknader. Geologer uppt\u00e4ckte petroleum 1932. Det var f\u00f6rsta g\u00e5ngen &#034;svart guld&#034; uppt\u00e4cktes p\u00e5 den arabiska sidan av Persiska viken.<\/p>\n\n\n\n<p>En g\u00e5ng i tiden var den lilla \u00f6n en frodig, b\u00f6rdig, gr\u00f6nskande fristad. Nationens grund var dess rikedom av k\u00e4llor, av vilka flera fortfarande finns p\u00e5 platsen f\u00f6r den antika Dilmun-civilisationen, k\u00e4nd f\u00f6r sina v\u00e4xtprodukter och jordbruksexpertis. Urbanisering och land\u00e5tervinning under m\u00e5nga generationer har resulterat i att landet blivit allt mer likt sina grannar vid Persiska viken: torrt, ol\u00e4mpligt f\u00f6r produktion av majoriteten av jordbruksgr\u00f6dor.<\/p>\n\n\n\n<p>Prins Khalifa Bin Salman-parken \u00e4r magnifik. P\u00e5 dess egendom finns en sj\u00f6, stigar, restauranger, kommersiella centra, privata rekreationsutrymmen och ett \u00f6verfl\u00f6d av vegetation. Denna 80 tusen kvadratmeter stora park skapades till en kostnad av cirka sex miljoner dinarer. Det \u00e4r en av Bahrains st\u00f6rsta parker. I parken kan du ocks\u00e5 hyra skridskor, trampb\u00e5tar och cyklar. P\u00e5 plats finns en lekplats, \u00e5kattraktioner och ett spelrum med airhockey. Du kan \u00e4ta p\u00e5 Chai &amp; Chapati eller restaurangen Koffiatto i tornet med 360-graders sj\u00f6utsikt.<\/p>\n\n\n\n<p>Bahrains somrar \u00e4r s\u00e4rskilt varma. Vintertemperaturerna faller s\u00e4llan under 17 grader Celsius. Det regnar inte ofta h\u00e4r. De faller fr\u00e4mst p\u00e5 vintern. Det finns f\u00e5 b\u00f6rdiga jordar i denna region. Endast 8 % av marken anv\u00e4nds f\u00f6r jordbruks\u00e4ndam\u00e5l. H\u00e4r finns ocks\u00e5 ett s\u00f6tvattenproblem. \u00d6arnas v\u00e4xtlighet och djurliv \u00e4r inte s\u00e4rskilt rikt. Det finns 195 v\u00e4xtarter, 17 d\u00e4ggdjursarter, 14 reptilarter och en enda amfibieart. H\u00e4r \u00f6vervintrar m\u00e5nga flyttf\u00e5glar. Vissa f\u00e5gelarter h\u00e4ckar p\u00e5 \u00f6ar. M\u00e5nga Bahraini v\u00e4xtarter \u00e4r v\u00e4l anpassade till \u00f6ken och salta jordar. De kan dra vatten fr\u00e5n enorma djup och absorbera atmosf\u00e4risk fukt. F\u00e5 enorma djur bor p\u00e5 \u00f6arna. Bland dem finns sandgasellen. H\u00e4r finns ocks\u00e5 sandborrar, arabiska harar och indiska mungosar. \u00d6knar \u00e4r hem f\u00f6r en m\u00e4ngd olika fladdermusarter.<\/p>\n\n\n\n<p>Bahrain \u00e4r en av f\u00e5 nationer i Persiska viken som ber\u00f6rs av milj\u00f6skydd. Al Areen Wildlife Park grundades 1976 f\u00f6r att skydda regionens unika biologiska m\u00e5ngfald. F\u00f6rutom de inhemska v\u00e4xterna och djuren i Bahrain finns det ocks\u00e5 representanter f\u00f6r Afrikas och Asiens fauna. Det finns mer \u00e4n 100 000 v\u00e4xtarter, 45 djurarter och 82 f\u00e5gelarter i parken. M\u00e5nga arter \u00e4r hotade. Den h\u00e4r listan inkluderar Arabian Oryx, Southern African cheetah, steppe-\u00f6dla, persisk gasell, springbock och afrikansk vildhund. Parkens policy prioriterar bevarandet av unika arter, rekreation av hotade djurpopulationer och uppf\u00f6dning av djur i f\u00e5ngenskap. En del av parken \u00e4r \u00f6ppen f\u00f6r allm\u00e4nheten. Den tar emot cirka 200 000 bes\u00f6kare varje \u00e5r. Friluftsomr\u00e5det \u00e4r otillg\u00e4ngligt f\u00f6r allm\u00e4nheten. Det bes\u00f6ks av veterin\u00e4rer, parkpersonal och en m\u00e4ngd olika yrkesverksamma.<\/p>\n\n\n\n<p>Tubli Bay ligger mellan \u00f6arna Bahrain och Sitrah i den \u00f6stra delen av landet. H\u00e4r finns Nabih Saleh Island. Viken \u00e4r k\u00e4nd f\u00f6r sitt rika marina liv och f\u00e5gelbest\u00e5nd. Dess kanter \u00e4r kantade med mangrove. Viken erbjuder ett lekomr\u00e5de f\u00f6r m\u00e5nga fisk- och r\u00e4korter. Flera f\u00e5gelarter \u00f6vervintrar h\u00e4r. P\u00e5 grund av f\u00f6roreningar och skadliga industrikonsekvenser har m\u00e4ngden av reserven minskat drastiskt. Sedan 1997 har dock anstr\u00e4ngningar gjorts f\u00f6r att bevara regionens distinkta ekosystem.<\/p>\n\n\n\n<p>I Persiska viken finns Hawar-sk\u00e4rg\u00e5rden. \u00d6arna \u00e4r n\u00e4stan avfolkade. Beduinstammen bebodde en g\u00e5ng detta omr\u00e5de. Men idag \u00e4r deras byar \u00f6de. P\u00e5 \u00f6arna fanns bara polisstationen och hotellet kvar. Ett specifikt fiskekort kr\u00e4vs. \u00d6arna \u00e4r hem f\u00f6r flera f\u00e5gelarter. H\u00e4r h\u00e4ckar en s\u00e4llsynt art av skarv. P\u00e5 \u00f6arna \u00f6vervintrar \u00f6ver sextio arter av flyttf\u00e5glar. Dessa f\u00e5glar vandrar till sina h\u00e4ckningsplatser under v\u00e5ren. De h\u00e4ckande f\u00e5glarna \u00e5terv\u00e4nder till sina bon. H\u00e4r finns unika varelser inklusive den arabiska oryxen och \u00f6kengasellen. N\u00e4ra \u00f6arna bor en betydande koloni av dugonger i vattnet. Sedan 1997 har territoriet varit under statligt skydd.<\/p>\n\n\n\n<p>Arab Bay \u00e4r ett naturskyddsomr\u00e5de. Det etablerades nyligen p\u00e5 \u00f6n Muharraq n\u00e4ra staden Arad. Dess syfte \u00e4r att bevara regionens unika maritima ekosystem. Vanligtvis bor delfiner och tumlare i vattnet n\u00e4ra Bahrain. H\u00e4r \u00e4r det mindre troligt att du st\u00f6ter p\u00e5 valar och sp\u00e4ckhuggare. Dugonger (havskor) observeras ofta i kustomr\u00e5den. Dessa \u00e4r de mest s\u00e4regna havsd\u00e4ggdjuren. Det finns cirka 700 sorters fisk i Persiska vikens vatten. \u00d6ver 80 procent av dem bor i rev, s\u00e4rskilt koraller. Det finns trettio arter av hajar i Persiska viken. 16 anses vara hotade. Fler p\u00e4rlostron uppt\u00e4cks i Bahrains vatten \u00e4n \u00f6verallt annars. D\u00e4rf\u00f6r \u00e4r p\u00e4rlbrytning mycket etablerad i denna region.<\/p>\n\n\n\n<p>\u00d6n Umm a Nasan \u00e4gs av kronan. Omr\u00e5det \u00e4r f\u00f6rbjudet f\u00f6r vanliga m\u00e4nniskor. \u00d6n har en liten population av skruvhornsgetter. Ett litet samh\u00e4lle ligger p\u00e5 v\u00e4stra stranden. Flera nomadfamiljer bor h\u00e4r. De tar hand om \u00f6ns bofasta r\u00e5djur och gaseller. Under de senaste \u00e5ren har driften av industrienheter och avsaltningsanl\u00e4ggningar haft en betydande negativ inverkan p\u00e5 marina arter utanf\u00f6r kusten. Regeringen vidtar \u00e5tg\u00e4rder f\u00f6r att bibeh\u00e5lla \u00f6arnas och kustvattenv\u00e4garnas s\u00e4rpr\u00e4gel.<\/p>","protected":false},"excerpt":{"rendered":"<p>Bahrain \u00e4r en \u00f6nation med en rik historia som str\u00e4cker sig \u00f6ver tusentals \u00e5r, och den erbjuder en unik blandning av kulturella utflykter, underh\u00e5llning och rekreation. I regionen fanns den f\u00f6rsta staten redan under det tredje \u00e5rtusendet fvt. Vid olika tidpunkter i historien tillh\u00f6rde landet Sassanidernas kungad\u00f6me, det arabiska kalifatet, Portugal och Iran. Nationen var under brittiskt protektorat under en period. Alla dessa historiska faser har satt sina sp\u00e5r i landets landskap. D\u00e4rf\u00f6r finns det m\u00e5nga attraktioner av intresse h\u00e4r.<\/p>","protected":false},"author":1,"featured_media":35408,"parent":35335,"menu_order":0,"comment_status":"closed","ping_status":"closed","template":"elementor_theme","meta":{"_eb_attr":"","footnotes":""},"class_list":["post-35405","page","type-page","status-publish","has-post-thumbnail"],"_links":{"self":[{"href":"https:\/\/travelshelper.com\/sv\/wp-json\/wp\/v2\/pages\/35405","targetHints":{"allow":["GET"]}}],"collection":[{"href":"https:\/\/travelshelper.com\/sv\/wp-json\/wp\/v2\/pages"}],"about":[{"href":"https:\/\/travelshelper.com\/sv\/wp-json\/wp\/v2\/types\/page"}],"author":[{"embeddable":true,"href":"https:\/\/travelshelper.com\/sv\/wp-json\/wp\/v2\/users\/1"}],"replies":[{"embeddable":true,"href":"https:\/\/travelshelper.com\/sv\/wp-json\/wp\/v2\/comments?post=35405"}],"version-history":[{"count":0,"href":"https:\/\/travelshelper.com\/sv\/wp-json\/wp\/v2\/pages\/35405\/revisions"}],"up":[{"embeddable":true,"href":"https:\/\/travelshelper.com\/sv\/wp-json\/wp\/v2\/pages\/35335"}],"wp:featuredmedia":[{"embeddable":true,"href":"https:\/\/travelshelper.com\/sv\/wp-json\/wp\/v2\/media\/35408"}],"wp:attachment":[{"href":"https:\/\/travelshelper.com\/sv\/wp-json\/wp\/v2\/media?parent=35405"}],"curies":[{"name":"wp","href":"https:\/\/api.w.org\/{rel}","templated":true}]}}