{"id":35385,"date":"2024-11-30T21:04:58","date_gmt":"2024-11-30T21:04:58","guid":{"rendered":"https:\/\/travelshelper.com\/staging\/?page_id=35385"},"modified":"2026-03-11T01:31:02","modified_gmt":"2026-03-11T01:31:02","slug":"hur-man-tar-sig-runt-i-bahrain","status":"publish","type":"page","link":"https:\/\/travelshelper.com\/sv\/destinations\/asia\/bahrain\/how-to-get-around-in-bahrain\/","title":{"rendered":"Hur man tar sig runt i Bahrain"},"content":{"rendered":"<p>Bahrain \u00e4r en kompakt \u00f6nation i Persiska viken med ett rikt kulturarv och en snabbt moderniserad infrastruktur. F\u00f6r bes\u00f6kare \u00e4r det viktigt att f\u00f6rst\u00e5 hur man navigerar effektivt i landet f\u00f6r att f\u00e5 en smidig upplevelse. Transportalternativen i Bahrain \u00e4r v\u00e4lutvecklade men har unika lokala s\u00e4rdrag och regler. Resen\u00e4rer kommer vanligtvis in i kungariket med flyg eller v\u00e4g, och v\u00e4l inne v\u00e4ljer de mellan offentliga bussar, taxibilar och sam\u00e5kningstj\u00e4nster, eller privata fordon beroende p\u00e5 deras behov. Den h\u00e4r guiden v\u00e4ver samman praktiska tips och kulturell kontext f\u00f6r att hj\u00e4lpa alla att ta sig runt i Bahrain p\u00e5 ett tryggt och respektfullt s\u00e4tt.<\/p>\n\n\n\n<p>Bahrain International Airport (BIA) \u00e4r landets fr\u00e4msta flygplats. Den hanterar flyg till destinationer runt om i v\u00e4rlden och har genomg\u00e5tt en omfattande utbyggnad f\u00f6r att tillgodose det v\u00e4xande passagerarvolymen. Under senare \u00e5r har flygplatsen genomg\u00e5tt uppgraderingar av terminaler och anl\u00e4ggningar, med planer p\u00e5 att utvecklas som en &#034;flygplatsstad&#034; inom en snar framtid. N\u00e4r man landar p\u00e5 BIA hittar en resen\u00e4r en modern men kompakt flygplats; immigration och tull \u00e4r i allm\u00e4nhet effektiva, \u00e4ven om vissa k\u00f6er kan f\u00f6rv\u00e4ntas, precis som p\u00e5 alla internationella flygplatser. Flygplatsens l\u00e4ge ligger bara en kort bilresa fr\u00e5n centrala Manama, Bahrains huvudstad, vilket g\u00f6r det enkelt att n\u00e5 stadens centrum. Eftersom terminalen \u00e4r full av b\u00e5de internationella bes\u00f6kare och transittrafik \u00e4r det klokt att avs\u00e4tta lite extra tid vid ankomst eller avresa. Flygplatsutbyggnaden inneb\u00e4r ocks\u00e5 att lokala myndigheter \u00e4r angel\u00e4gna om att f\u00f6rb\u00e4ttra vidare f\u00f6rbindelser: till exempel har nya busslinjer lagts till som f\u00f6rbinder flygplatsen med st\u00f6rre stadsdelar.<\/p>\n\n\n\n<p>Resen\u00e4rer som kommer in i Bahrain via v\u00e4g kommer att anv\u00e4nda King Fahd Causeway, den enda landf\u00f6rbindelsen mellan Bahrain och Saudiarabien. Brov\u00e4gen \u00e4r en 25 kilometer l\u00e5ng serie broar och \u00e5tervunna \u00f6ar som f\u00f6rbinder kungariket Bahrain med den \u00f6stra provinsen i Saudiarabien. Detta moderna brosystem \u00e4r resultatet av ett stort projekt fr\u00e5n slutet av 1900-talet och symboliserar de n\u00e4ra banden mellan de tv\u00e5 l\u00e4nderna. Att korsa brov\u00e4gen kr\u00e4ver att man passerar immigrationskontroller i b\u00e5da \u00e4ndar, s\u00e5 f\u00f6rare b\u00f6r ha alla resedokument redo. P\u00e5 helger och helgdagar som \u00e4r hektiska kan brov\u00e4gen bli ganska \u00f6verbelastad eftersom m\u00e5nga saudier och andra bes\u00f6kare fr\u00e5n Gulfen korsar in i Bahrain f\u00f6r shopping, rekreation eller arbete. Utsikten fr\u00e5n brov\u00e4gen p\u00e5 en klar dag avsl\u00f6jar den sl\u00e5ende kontrasten mellan det bl\u00e5 vattnet i Gulfen och de l\u00e5gl\u00e4nta \u00f6arna i Bahrain. N\u00e4r resen\u00e4rerna v\u00e4l har passerat tullen befinner de sig p\u00e5 Bahrains v\u00e4lasfalterade motorv\u00e4gar. Brov\u00e4gen har gjort det enkelt att resa landv\u00e4gen mellan Gulfstaterna. Men om du k\u00f6r in, var medveten om att det ocks\u00e5 inneb\u00e4r att man passerar kontrollpunkten i andra riktningen, vilket ocks\u00e5 kan ha f\u00f6rseningar under rusningstrafik.<\/p>\n\n\n\n<p>V\u00e4l inne i Bahrain \u00e4r det generellt enkelt att ta sig runt p\u00e5 \u00f6n p\u00e5 grund av dess lilla storlek \u2013 Bahrain \u00e4r bara cirka 50 kilometer fr\u00e5n norr till s\u00f6der. Landets v\u00e4gn\u00e4t \u00e4r modernt och de flesta destinationer ligger inom en kort bilresa. Bahrain erbjuder flera transports\u00e4tt f\u00f6r att f\u00f6rflytta sig runt i landet. Offentliga bussar betj\u00e4nar m\u00e5nga delar av \u00f6n, taxibilar och sam\u00e5kningsfordon k\u00f6r mellan st\u00e4der och byar, och biluthyrning \u00e4r ett popul\u00e4rt alternativ. Varje transports\u00e4tt har sina egna normer och kostnader. I stadsomr\u00e5den som Manama, Al Muharraq och andra st\u00e4der \u00e4r privatbilar och taxibilar den vanligaste synen, medan bussar fr\u00e4mst anv\u00e4nds av pendlare och lokalbefolkningen. Som bes\u00f6kare kan du v\u00e4lja det transports\u00e4tt som b\u00e4st passar din resplan: f\u00f6r korta resor runt staden kan taxibilar eller Uber vara snabbast, medan l\u00e4ngre resor mellan \u00f6arna kan dra nytta av att hyra en bil eller anv\u00e4nda bussen f\u00f6r en autentisk lokal upplevelse. Att f\u00f6rst\u00e5 lokala trafiklagar och seder, och att vara f\u00f6rberedd med kartor eller appar, kommer att g\u00f6ra resandet smidigare.<\/p>\n\n\n\n<p>Ryggraden i Bahrains kollektivtrafik \u00e4r dess stadsomfattande bussn\u00e4tverk. Det finns 28 regulj\u00e4ra busslinjer som g\u00e5r runt \u00f6n och f\u00f6rbinder st\u00f6rre stadsdelar, aff\u00e4rsdistrikt och till och med vissa turistattraktioner. Dessa bussar drivs av Bahrain Public Transport Company och har uppgraderats avsev\u00e4rt under senare \u00e5r. En st\u00f6rre \u00f6versyn av trafiken runt 2015 f\u00f6rdubblade antalet bussar p\u00e5 v\u00e4garna och introducerade m\u00e5nga nya linjer. Idag \u00e4r flottan modern: varje buss \u00e4r helt luftkonditionerad (en v\u00e4lsignelse i Bahrains hetta) och erbjuder gratis Wi-Fi till passagerare. Biljettpriserna \u00e4r mycket l\u00e5ga \u2013 mycket billigare \u00e4n att ta en taxi \u2013 vilket g\u00f6r bussar till ett ekonomiskt alternativ om tiden till\u00e5ter. Regeringen har ocks\u00e5 byggt dussintals nya bussh\u00e5llplatser och skydd f\u00f6r att tillgodose det ut\u00f6kade n\u00e4tverket. Bussarnas tidtabell och frekvens har ocks\u00e5 f\u00f6rb\u00e4ttrats; viktiga rutter kan se bussar var 15\u201330:e minut under dagen, \u00e4ven om vissa f\u00f6rorts- eller l\u00e5gtrafikrutter g\u00e5r mer s\u00e4llan. Det \u00e4r v\u00e4rt att notera att det till och med finns luftkonditionerade bussterminaler vid viktiga knutpunkter, inklusive den nya flygplatsterminalen, vilket hj\u00e4lper resen\u00e4rer att v\u00e4nta bekv\u00e4mt. Kort sagt, bussystemet \u00e4r bekv\u00e4mt och prisv\u00e4rt, utformat f\u00f6r att s\u00e4rskilt tillgodose den arbetande befolkningen och skolbarn som \u00e4r beroende av det dagligen.<\/p>\n\n\n\n<p>Trots dessa f\u00f6rb\u00e4ttringar \u00e4r bussarna i Bahrain fortfarande mest popul\u00e4ra bland lokalbefolkningen snarare \u00e4n turister. En anledning \u00e4r att officiella ruttkartor och tidtabeller inte alltid \u00e4r l\u00e4tta att hitta, s\u00e4rskilt inte p\u00e5 engelska. M\u00e5nga bussh\u00e5llplatser i stadsdelar kan helt enkelt lista ett ruttnummer utan ett tidtabell. F\u00f6r en utl\u00e4ndsk bes\u00f6kare kan detta inneb\u00e4ra att man m\u00e5ste pussla ihop information. P\u00e5 senare \u00e5r har myndigheterna b\u00f6rjat l\u00e4gga till QR-koder vid h\u00e5llplatser och realtidsdisplayer p\u00e5 st\u00f6rre stationer, och mobilappar (liksom Google Maps och liknande navigationsverktyg) kan hj\u00e4lpa till att planera en bussresa. Nyanl\u00e4nda b\u00f6r dock vara medvetna om att det kan kr\u00e4va lite t\u00e5lamod att lista ut bussystemet. Det \u00e4r l\u00e4mpligt att kontrollera online-resurser eller fr\u00e5ga p\u00e5 en st\u00f6rre bussterminal om r\u00e4tt ruttnummer och riktning, och att ha bahrainska dinarer i sm\u00e5pengar redo att betala biljetten. Det lokala bussbetalkortet som kallas Go Card anv\u00e4nds vanligtvis av inv\u00e5nare \u2013 det erbjuder rabatter om du planerar att \u00e5ka ofta \u2013 men bes\u00f6kare kan betala kontant ombord med mynt. I vilket fall som helst kan det vara ett trevligt s\u00e4tt att se Bahrain ur ett lokalbefolkningsperspektiv att \u00e5ka buss, s\u00e5 l\u00e4nge man till\u00e5ter lite flexibilitet i tidtagning och rutts\u00f6kning.<\/p>\n\n\n\n<p>Taxibilar och sam\u00e5kningstj\u00e4nster \u00e4r ett annat viktigt s\u00e4tt att ta sig runt, s\u00e4rskilt f\u00f6r resen\u00e4rer som f\u00f6redrar bekv\u00e4mlighet fr\u00e5n punkt till punkt. I Bahrains st\u00e4der finns det gott om taxibilar: du hittar dem v\u00e4ntande p\u00e5 flygplatsen, t\u00e5g- och busstationer, st\u00f6rre hotell, k\u00f6pcentra och utanf\u00f6r restauranger eller kontor. De \u00e4r ocks\u00e5 l\u00e4tta att vinka upp p\u00e5 gatan. Traditionella taxibilar i Bahrain \u00e4r vanligtvis rena sedaner eller minibussar av senare modell, och de k\u00f6r alla med takometer (\u00e4ven om inte alla f\u00f6rare anv\u00e4nder det). P\u00e5 senare \u00e5r har appbaserade tj\u00e4nster som Uber ocks\u00e5 blivit flitigt anv\u00e4nda. Uber fungerar p\u00e5 liknande s\u00e4tt h\u00e4r som i andra st\u00e4der: du beg\u00e4r en skjuts p\u00e5 din smartphone, appen visar f\u00f6raren och ber\u00e4knad biljettpris, och betalningen kan debiteras automatiskt eller betalas kontant. Detta \u00e4r popul\u00e4rt bland utlandsstationerade och bes\u00f6kare eftersom det eliminerar besv\u00e4ret med att f\u00f6rhandla eller hitta exakt v\u00e4xel. Oavsett om du tar en taxi eller ett Uber-fordon \u00e4r f\u00f6rarna i allm\u00e4nhet professionella och vana vid turister. M\u00e5nga talar tillr\u00e4ckligt med engelska f\u00f6r att f\u00f6rst\u00e5 adresser och instruktioner, men det \u00e4r alltid bra att ha namnet p\u00e5 din destination nedskrivet eller i din telefon. Taxibilar, liksom bussar, har stark luftkonditionering som f\u00f6rarna h\u00e5ller ig\u00e5ng \u2013 en viktig komfort under Bahrains varma dagar.<\/p>\n\n\n\n<p>Kostnaden f\u00f6r en taxiresa i Bahrain regleras av regeringen. Den officiella taxan \u00e4r en grundtaxa p\u00e5 BD 1 000 (ungef\u00e4r 2,65 USD) plus BD 0,200 per kilometer d\u00e4refter. Den taxan g\u00e4ller f\u00f6r taximeterpriser. Bes\u00f6kare b\u00f6r dock vara medvetna om att taximeter ibland inte anv\u00e4nds av alla f\u00f6rare. I praktiken kan vissa f\u00f6rare ange en fast avgift, ofta h\u00f6gre \u00e4n vad taximetern skulle visa, s\u00e4rskilt om de antar att en passagerare inte \u00e4r bekant med lokala priser. Det \u00e4r faktiskt mot reglerna f\u00f6r en f\u00f6rare att v\u00e4gra anv\u00e4nda taximetern; enligt lag m\u00e5ste taxin k\u00f6ra p\u00e5 taximetern fr\u00e5n b\u00f6rjan av en resa. Om en f\u00f6rare insisterar p\u00e5 en fast avgift har du r\u00e4tt att kr\u00e4va att taximetern anv\u00e4nds eller att g\u00e5 d\u00e4rifr\u00e5n. Fall av uppenbar \u00f6verdebitering \u00e4r relativt s\u00e4llsynta, men lite vaksamhet \u00e4r klokt. Om en taxiresa b\u00f6rjar p\u00e5 taximetern och f\u00f6raren f\u00f6rs\u00f6ker byta till en fast avgift halvv\u00e4gs, kan du artigt p\u00e5minna dem om reglerna. I det osannolika fallet att en allvarlig tvist skulle uppst\u00e5 till\u00e5ter Bahrain passagerare att notera registreringsnumret och rapportera missbruk till polisen i efterhand. F\u00f6r rutinm\u00e4ssiga resor kan man vanligtvis undvika konflikter genom att anv\u00e4nda erk\u00e4nda taxibolag eller appar, vilket beskrivs senare.<\/p>\n\n\n\n<p>F\u00f6r att ge lite praktiskt sammanhang, en typisk kort resa inom Manama (till exempel fr\u00e5n centrum till ett shoppingomr\u00e5de i en f\u00f6rort) ligger ofta runt 3\u20135 BD (cirka 8\u201313 USD) n\u00e4r taximetern anv\u00e4nds normalt. Ett exempel kan vara en 10 kilometer l\u00e5ng resa som kostar runt 3 BD. P\u00e5 flygplatsen finns det en s\u00e4rskild avgift: alla taxibilar som h\u00e4mtar passagerare fr\u00e5n Bahrain International Airport l\u00e4gger till en fast avgift p\u00e5 2 000 BD ut\u00f6ver taximetern. Denna extra flygplatsavgift \u00e4r standard, s\u00e5 resen\u00e4rer b\u00f6r budgetera f\u00f6r det. Annars \u00e4r det ganska ekonomiskt att roama med taxi j\u00e4mf\u00f6rt med m\u00e5nga v\u00e4sterl\u00e4ndska st\u00e4der, eftersom br\u00e4nslet \u00e4r relativt billigt i Gulfen. Dricks \u00e4r inte obligatoriskt i bahrainska taxibilar, men att avrunda upp\u00e5t eller l\u00e4gga till n\u00e5gra fils ses som artigt, s\u00e4rskilt om f\u00f6raren hj\u00e4lper till med bagaget.<\/p>\n\n\n\n<p>Det finns ocks\u00e5 formella taxibolag i Bahrain som du kan ringa direkt. N\u00e5gra av de mer v\u00e4lrenommerade tj\u00e4nsterna inkluderar Speedy Motor Service (ofta f\u00f6rkortat SMS) och Online Taxi Bahrain. Dessa f\u00f6retag erbjuder skjuts (liknande radiotaxi) och har generellt ett b\u00e4ttre rykte f\u00f6r att f\u00f6lja taximeterregler. Bahrain Limo \u00e4r en annan tj\u00e4nst som drivs av SABTCO (Saudi Arabian Bus Transport Company, som \u00e4r statligt \u00e4gt). Bahrain Limo erbjuder mer avancerad bilservice \u2013 deras bilar kan vara fullstora sedaner eller till och med lyxiga limousiner \u2013 men de tar betalt enligt ett fast prisschema snarare \u00e4n taximeter. F\u00f6rdelen med att anv\u00e4nda ett f\u00f6retag som Bahrain Limo \u00e4r s\u00e4kerheten: du kan g\u00f6ra en bokning (\u00e4ven online), bekr\u00e4fta fordonstypen och veta priset i f\u00f6rv\u00e4g. M\u00e5nga hotell och vissa officiella byggnader anv\u00e4nder dessa tj\u00e4nster som standard f\u00f6r internationella g\u00e4ster. Kort sagt, om du beh\u00f6ver en betrodd skjuts kan du be en hotellconcierge eller lokal bekant att ringa ett av dessa f\u00f6retag f\u00f6r att s\u00e4kerst\u00e4lla en bekv\u00e4m upplevelse med minimal risk f\u00f6r \u00f6verraskande kostnader.<\/p>\n\n\n\n<p>F\u00f6r resen\u00e4rer som f\u00f6redrar fullst\u00e4ndig frihet \u00e4r det enkelt att hyra bil i Bahrain. Flera internationella och lokala biluthyrningsfirmor har kontor och kiosker p\u00e5 flygplatsen och i de st\u00f6rre st\u00e4derna. Hyrpriserna \u00e4r ganska rimliga med internationella m\u00e5tt m\u00e4tt: f\u00f6r en kompaktbil kan du betala runt 10\u201315 BD per dag, medan st\u00f6rre sedaner eller SUV:ar kan kosta 20 BD eller n\u00e5got mer per dag. Dessa priser inkluderar vanligtvis obegr\u00e4nsad k\u00f6rstr\u00e4cka, vilket inneb\u00e4r att du kan k\u00f6ra s\u00e5 mycket du vill utan extra avgifter. Br\u00e4nsle i Bahrain \u00e4r relativt billigt (med v\u00e4sterl\u00e4ndska m\u00e5tt m\u00e4tt) och det finns gott om bensinstationer, s\u00e5 tankningar \u00e4r inte ett vanligt problem. Att hyra en bil kr\u00e4ver ett giltigt k\u00f6rkort; Bahrain erk\u00e4nner internationella k\u00f6rkort och licenser fr\u00e5n m\u00e5nga l\u00e4nder, men det \u00e4r klokt att bekr\u00e4fta med din uthyrningsfirma vilken dokumentation de kr\u00e4ver. En kreditkortsdeposition och f\u00f6rs\u00e4kring (ofta erbjuds vid disken) \u00e4r standard. Att k\u00f6ra p\u00e5 Bahrains v\u00e4gar kan vara ganska trevligt: \u200b\u200bv\u00e4gkvaliteten \u00e4r god, och eftersom \u00f6n \u00e4r liten \u00e4r destinationerna aldrig l\u00e5ngt borta. Trafiken i Manama \u00e4r m\u00e5ttlig och v\u00e4gutformningen \u00e4r vanligtvis v\u00e4lplanerad.<\/p>\n\n\n\n<p>Men om du hyr en bil m\u00e5ste du f\u00f6lja Bahrains trafiklagar noggrant. Landet har strikta hastighetsbegr\u00e4nsningar: vanligtvis 50 km\/h i stadsomr\u00e5den (st\u00e4der och st\u00e4der) och mellan 80\u2013100 km\/h p\u00e5 motorv\u00e4gar. Vissa st\u00f6rre motorv\u00e4gar eller g\u00e5ngv\u00e4gar kan till\u00e5ta upp till 120 km\/h, men generellt sett h\u00e5ller Bahrain motorv\u00e4gsgr\u00e4nsen p\u00e5 100. Lagstiftningen f\u00f6r trafikf\u00f6rseelser \u00e4r ganska strikt. Kameror och polispatruller \u00e4r vanliga p\u00e5 intercityv\u00e4gar. B\u00f6ter f\u00f6r fortk\u00f6rning, r\u00f6tt ljus eller andra f\u00f6rseelser kan vara h\u00f6ga. Till exempel kan en kraftig \u00f6verskridning av hastighetsgr\u00e4nsen leda till h\u00f6ga b\u00f6ter och till och med k\u00f6rf\u00f6rbud. Det \u00e4r inte ovanligt att myndigheterna utf\u00e4rdar b\u00f6ter p\u00e5 hundratals bahrainska dinarer f\u00f6r mycket allvarliga f\u00f6rseelser. Samtidigt resulterar mindre f\u00f6rseelser (som en liten hastighets\u00f6verskridning eller ett telefonsamtal utan handsfree) vanligtvis i b\u00f6ter p\u00e5 n\u00e5gra dussin dinarer. Polisen stoppar vanligtvis inte varje bil slumpm\u00e4ssigt, men de kan utf\u00f6ra kontrollpunkter eller patruller, s\u00e4rskilt p\u00e5 motorv\u00e4gar och n\u00e4ra byggarbetsplatser. Det \u00e4r alltid s\u00e4krast att k\u00f6ra ansvarsfullt och vara uppm\u00e4rksam p\u00e5 skyltning; lokala f\u00f6rare kommer ocks\u00e5 att f\u00f6lja dessa regler, \u00e5tminstone n\u00e4r de ser att de uppr\u00e4tth\u00e5lls. Kom ocks\u00e5 ih\u00e5g att Bahrain k\u00f6r p\u00e5 h\u00f6ger sida av v\u00e4gen.<\/p>\n\n\n\n<p>Att navigera i Bahrain med bil har vissa egenheter. Skyltningen p\u00e5 st\u00f6rre v\u00e4gar \u00e4r generellt bra och finns p\u00e5 b\u00e5de arabiska och engelska, men i mindre st\u00e4der och bostadsomr\u00e5den kan v\u00e4gskyltarna vara glesa. Korsningar saknar ibland tydliga v\u00e4gvisningsskyltar, s\u00e5 det rekommenderas starkt att f\u00f6rlita sig p\u00e5 en GPS- eller kartapp. Lyckligtvis fungerar mobildata och GPS-tj\u00e4nster bra i Bahrain, och appar som Google Maps eller Waze \u00e4r p\u00e5litliga guider f\u00f6r de flesta rutter. Om du f\u00f6redrar offlinekartor \u00e4r v\u00e4gn\u00e4tet ganska enkelt: Manama ligger i centrum, anslutet med g\u00e5ngv\u00e4gar och motorv\u00e4gar till de norra byarna och till flygplatsen. Den s\u00f6dra \u00e4nden av \u00f6n har f\u00e4rre bos\u00e4ttningar, men en v\u00e4l underh\u00e5llen motorv\u00e4g slingrar sig runt kusten. Innan du ger dig ut p\u00e5 en biltur, s\u00e4rskilt om du ska utanf\u00f6r huvudstaden, \u00e4r det en bra id\u00e9 att f\u00e5 v\u00e4gbeskrivningar i f\u00f6rv\u00e4g eller ta med en utskriven karta, f\u00f6r s\u00e4kerhets skull. T\u00e4nk p\u00e5 att vissa mindre v\u00e4gar kan ha namn p\u00e5 arabiska som skiljer sig fr\u00e5n en engelsk \u00f6vers\u00e4ttning.<\/p>\n\n\n\n<p>Restid \u00e4r en annan praktisk faktor. Manama och andra stadsk\u00e4rnor kan bli \u00f6verbelastade under rusningstrafiken p\u00e5 vardagar morgon och kv\u00e4ll (ungef\u00e4r 7\u20139 och 16\u201319). Utanf\u00f6r dessa perioder \u00e4r trafiken vanligtvis gles enligt v\u00e4sterl\u00e4ndska m\u00e5tt m\u00e4tt. Bahrains helg infaller p\u00e5 fredag \u200b\u200boch l\u00f6rdag (arbetsveckan l\u00f6per fr\u00e5n s\u00f6ndag till torsdag). P\u00e5 fredagar st\u00e4nger kontor f\u00f6r middagsb\u00f6nen, och trafiken minskar ofta efter\u00e5t. K\u00f6pcentra och n\u00f6jesst\u00e4llen h\u00e5ller dock \u00f6ppet senare p\u00e5 torsdagskv\u00e4llar, vilket orsakar \u00f6kad kv\u00e4llstrafik ut ur st\u00e4derna. Det \u00e4r v\u00e4rt att notera att m\u00e5nga f\u00f6retag \u00f6ppnar senare p\u00e5 fredagar (helgdagen) och tidigt p\u00e5 eftermiddagen, vilket kan f\u00f6r\u00e4ndra lokala trafikm\u00f6nster. Om du planerar att k\u00f6ra bil, var medveten om att parkering i stadsk\u00e4rnor som Manama oftast \u00e4r parkeringsautomat eller har grindar. St\u00e4der \u00e4r kompakta, s\u00e5 olaglig parkering kan l\u00e4tt leda till b\u00f6ter eller bogsering. M\u00e5nga bes\u00f6kare tycker att det \u00e4r l\u00e4ttare att parkera p\u00e5 ett k\u00f6pcentrum eller hotellparkering (ofta gratis f\u00f6r kunder) och sedan g\u00e5 eller ta en taxi i stadens centrum.<\/p>\n\n\n\n<p>Ut\u00f6ver logistiken finns det n\u00e5gra kulturella aspekter f\u00f6r att resa smidigt. Bahrainier \u00e4r i allm\u00e4nhet v\u00e4lkomnande mot utl\u00e4nningar, och engelska f\u00f6rst\u00e5s allm\u00e4nt, s\u00e5 det \u00e4r relativt enkelt att kommunicera resplaner. I taxibilar \u00e4r det artigt att h\u00e4lsa p\u00e5 f\u00f6raren (&#034;Salam&#034; f\u00f6r &#034;frid&#034; eller bara ett enkelt &#034;Hej&#034;) n\u00e4r du kommer in. Kl\u00e4dkoderna \u00e4r avslappnade j\u00e4mf\u00f6rt med vissa grannar, men att uppr\u00e4tth\u00e5lla ett respektfullt upptr\u00e4dande uppskattas \u2013 f\u00f6rs\u00f6k till exempel att sitta tyst i en buss eller taxi om lokalbefolkningen g\u00f6r det. Om du anv\u00e4nder bussar, var medveten om att prioriterade sittplatser l\u00e4ngst fram kan vara markerade f\u00f6r kvinnor och \u00e4ldre. M\u00e4n b\u00f6r i allm\u00e4nhet inte ockupera dessa platser om kvinnor kommer in. Att artigt fr\u00e5ga lokalbefolkningen om v\u00e4gbeskrivning eller hj\u00e4lp (p\u00e5 engelska eller n\u00e5gra arabiska fraser) ger vanligtvis goda r\u00e5d; bahrainier \u00e4r vana vid att turister och utl\u00e4nningar ber om v\u00e4gledning.<\/p>\n\n\n\n<p>Taxibilar och bilf\u00f6rare kan ibland ha ett l\u00e4ttsamt samtal. Det \u00e4r inte ovanligt att en v\u00e4nlig f\u00f6rare pekar ut landm\u00e4rken eller ger restips medan ni k\u00f6r. En taxichauff\u00f6r kan till exempel notera om det finns en enklare v\u00e4g tillg\u00e4nglig eller n\u00e4mna om det \u00e4r en v\u00e4gavst\u00e4ngning l\u00e4ngre fram. De som \u00e4r intresserade av bahrainsk kultur kommer att tycka att den h\u00e4r typen av prat kan vara informativt: bahrainier tycker ofta om att h\u00f6ra utl\u00e4ndska accenter, och om du n\u00e4mner n\u00e5gra arabiska ord som &#034;shukran&#034; (tack) eller &#034;kam shhaansa&#034; (hur mycket) kan det skapa v\u00e4lvilja. Naturligtvis \u00e4r alla m\u00e4nniskor olika; om du f\u00f6redrar tystnad g\u00e5r det bra med en artig nickning.<\/p>\n\n\n\n<p>Generellt sett balanserar transporterna i Bahrain modern bekv\u00e4mlighet och lokal tradition. Statens anstr\u00e4ngningar att uppgradera infrastrukturen inneb\u00e4r att f\u00f6rare ofta reser p\u00e5 breda, v\u00e4lmarkerade v\u00e4gar och kan f\u00f6rv\u00e4nta sig tj\u00e4nster som kreditkortsbetalningar (vid vissa taxibilar och bussens GoCard-automat) och tydlig r\u00e4ttslig pr\u00f6vning om det beh\u00f6vs. \u00c5 andra sidan finns \u00f6ns traditionella sociala struktur fortfarande kvar: man kan se familje\u00e4gda taxibilar eller unga lokala m\u00e4n som k\u00f6ar f\u00f6r att tr\u00e4ngas i en taxi p\u00e5 helgerna, vilket \u00e5terspeglar den gemensamma kulturen. Arbetsscheman kretsar ocks\u00e5 kring b\u00f6netider och sociala normer, s\u00e5 butiker och restauranger har en rytm som skiljer sig fr\u00e5n v\u00e4sterl\u00e4ndska kalendrar. Allt detta formar hur man r\u00f6r sig i landet.<\/p>\n\n\n\n<p>Sammanfattningsvis \u00e4r det ganska enkelt att ta sig runt i Bahrain n\u00e4r du v\u00e4l k\u00e4nner till alternativen och tullarna. Bahrains internationella flygplats fungerar som den huvudsakliga ankomstpunkten f\u00f6r flygresen\u00e4rer, och King Fahd Causeway \u00e4r den viktigaste landv\u00e4gen fr\u00e5n Saudiarabien. Inom Bahrain bildar 28 busslinjer ett anv\u00e4ndbart n\u00e4tverk som \u00e4r billigt, rent och utrustat med bekv\u00e4mligheter som luftkonditionering och gratis Wi-Fi. Taxibilar finns \u00f6verallt och \u00e4r prisv\u00e4rda om du h\u00e5ller dig till taxametern; sam\u00e5kningsappar som Uber g\u00f6r det enkelt att anv\u00e4nda. Biluthyrning \u00e4r ett praktiskt val med tanke p\u00e5 l\u00e5ga br\u00e4nslekostnader och korta avst\u00e5nd, men att k\u00f6ra kr\u00e4ver vaksamhet g\u00e4llande lokala trafikregler \u2013 hastighetsbegr\u00e4nsningar p\u00e5 50 km\/h i st\u00e4der och upp till 80\u2013100 km\/h p\u00e5 motorv\u00e4gar m\u00e5ste f\u00f6ljas. Ta alltid med en karta eller GPS eftersom vissa skyltar kan vara glesa, och var medveten om parkeringsreglerna i st\u00e4der. Oavsett om du v\u00e4ljer en natursk\u00f6n bussresa eller flexibiliteten med en hyrbil, kommer Bahrains v\u00e4gar och transportalternativ att ta dig till dina destinationer. Genom att planera i f\u00f6rv\u00e4g, respektera lokala best\u00e4mmelser och ha dessa kulturella nyanser i \u00e5tanke kan du resa runt Bahrain effektivt och njuta av alla upplevelser som denna v\u00e4nliga \u00f6nation har att erbjuda.<\/p>","protected":false},"excerpt":{"rendered":"<p>Det finns bara tv\u00e5 s\u00e4tt att n\u00e5 Bahrain: med flyg eller bil genom g\u00e5ngv\u00e4gen fr\u00e5n Saudiarabien. Det g\u00e5r flyg till destinationer \u00f6ver hela v\u00e4rlden fr\u00e5n Bahrains internationella flygplats, och ett enormt projekt p\u00e5g\u00e5r f\u00f6r n\u00e4rvarande f\u00f6r att uppdatera och ut\u00f6ka dess faciliteter.<\/p>","protected":false},"author":1,"featured_media":35387,"parent":35335,"menu_order":0,"comment_status":"closed","ping_status":"closed","template":"elementor_theme","meta":{"_eb_attr":"","footnotes":""},"class_list":["post-35385","page","type-page","status-publish","has-post-thumbnail"],"_links":{"self":[{"href":"https:\/\/travelshelper.com\/sv\/wp-json\/wp\/v2\/pages\/35385","targetHints":{"allow":["GET"]}}],"collection":[{"href":"https:\/\/travelshelper.com\/sv\/wp-json\/wp\/v2\/pages"}],"about":[{"href":"https:\/\/travelshelper.com\/sv\/wp-json\/wp\/v2\/types\/page"}],"author":[{"embeddable":true,"href":"https:\/\/travelshelper.com\/sv\/wp-json\/wp\/v2\/users\/1"}],"replies":[{"embeddable":true,"href":"https:\/\/travelshelper.com\/sv\/wp-json\/wp\/v2\/comments?post=35385"}],"version-history":[{"count":0,"href":"https:\/\/travelshelper.com\/sv\/wp-json\/wp\/v2\/pages\/35385\/revisions"}],"up":[{"embeddable":true,"href":"https:\/\/travelshelper.com\/sv\/wp-json\/wp\/v2\/pages\/35335"}],"wp:featuredmedia":[{"embeddable":true,"href":"https:\/\/travelshelper.com\/sv\/wp-json\/wp\/v2\/media\/35387"}],"wp:attachment":[{"href":"https:\/\/travelshelper.com\/sv\/wp-json\/wp\/v2\/media?parent=35385"}],"curies":[{"name":"wp","href":"https:\/\/api.w.org\/{rel}","templated":true}]}}