{"id":17002,"date":"2024-09-25T11:16:38","date_gmt":"2024-09-25T11:16:38","guid":{"rendered":"https:\/\/travelshelper.com\/staging\/?page_id=17002"},"modified":"2026-03-12T19:44:11","modified_gmt":"2026-03-12T19:44:11","slug":"pedras-salgadas","status":"publish","type":"page","link":"https:\/\/travelshelper.com\/sv\/destinations\/europe\/portugal\/pedras-salgadas\/","title":{"rendered":"Pedras Salgadas"},"content":{"rendered":"<p>Pedras Salgadas reser sig ur norra Portugals veck som en plats d\u00e4r jordens l\u00e5ngsamma alkemi m\u00f6ts med m\u00e4nsklig uppfinningsrikedom. Bel\u00e4gen p\u00e5 en isolerad plat\u00e5 1 263 meter \u00f6ver havet och t\u00e4cker tjugo hektar avbrutna av \u00e5tta kilometer slingrande stigar, ligger den bara en timme och tio minuters bilresa fr\u00e5n Porto, men k\u00e4nns \u00e4nd\u00e5 m\u00e4rkligt avskild fr\u00e5n stadslivets rytmer. H\u00e4r, i en region ber\u00f6md f\u00f6r sin or\u00f6rda luft och panoramautsikt, utvecklas ett arv fr\u00e5n 1800-talet genom ett modernt spa och naturpark och ett mineralvattenm\u00e4rke vars brus har f\u00e5tt globalt erk\u00e4nnande. Pedras Salgadas \u00e4r inte bara en destination; det \u00e4r ett best\u00e5ende bevis p\u00e5 den \u00e5terst\u00e4llande synergin mellan arv och innovation, d\u00e4r tiden sj\u00e4lv blir en ingrediens i v\u00e4lbefinnande.<\/p>\n<p>Fr\u00e5n det \u00f6gonblick man n\u00e4rmar sig parkens entr\u00e9 framkallar terr\u00e4ngen \u2013 kl\u00e4dd i ek och kastanj \u2013 en k\u00e4nsla av v\u00f6rdnad. G\u00e5ngstigar slingrar sig mjukt mellan restaurerade 1800-talsbyggnader och moderna, milj\u00f6v\u00e4nliga boenden och bjuder in bes\u00f6kare till en v\u00e4rld av lugn och ro. Sj\u00e4lva designen av boendet talar f\u00f6r en djup respekt f\u00f6r platsen. Ekohusen, sexton till antalet, anv\u00e4nder skiffer och lokalt virke f\u00f6r att sm\u00e4lta in i skogsmarken, och varje bostad erbjuder diskreta vyer \u00f6ver den omgivande skogen. Vissa av dessa strukturer rymmer upp till sex g\u00e4ster, vilket g\u00f6r dem l\u00e4mpliga f\u00f6r familjer eller sm\u00e5f\u00f6retag, medan tr\u00e4dhus av Lu\u00eds Rebelo de Andrade ligger h\u00f6gt bland grenarna, en hyllning till barndomens fantasier f\u00f6rfinade av arkitektonisk exakthet. Varje bj\u00e4lke och ruta \u00e5terspeglar ett avsiktligt val: att hedra landets karakt\u00e4r snarare \u00e4n att p\u00e5tvinga den.<\/p>\n<p>I hj\u00e4rtat av detta tr\u00e4dlika rike ligger termalspaet, en paviljong omformad av \u00c1lvaro Siza Vieira som f\u00f6renar 1800-talet med nutiden. H\u00e4r kommer vattnet fr\u00e5n just den k\u00e4lla som gav Pedras Salgadas sitt namn, rikt p\u00e5 kalcium, magnesium, bikarbonat och en m\u00e4ngd sp\u00e5r\u00e4mnen som absorberats under \u00e5rtionden av underjordisk passage. N\u00e4r regn filtreras genom granitsprickor till djup som n\u00e5r tusen meter, f\u00e5r det b\u00e5de sin mineralskatt och naturliga brus. N\u00e4r det \u00e5teruppst\u00e5r b\u00e4r varje droppe avtryck av geologisk tid och tryck, vilket ger badg\u00e4sterna en rad terapeutiska upplevelser \u2013 fr\u00e5n hydromassagealkover och Vichy-duschar till termiska omslag \u2013 var och en kalibrerad f\u00f6r att lugna muskler och stilla sinnet. Inomhuspooler, bastur och hamam kompletterar en krets som talar lika mycket till spakulturens ur\u00e5ldriga r\u00f6tter som till precisionen i modern wellnessvetenskap.<\/p>\n<p>\u00c4nd\u00e5 begr\u00e4nsar sig Pedras Salgadas inte till passiv vila. Skogens krona \u00f6verg\u00e5r i ett n\u00e4tverk av stigar d\u00e4r vandring och cykling fl\u00e4tas samman och v\u00e4gleder uppt\u00e4cktsresande till g\u00f6mda k\u00e4llor och utsiktspunkter. Tr\u00e4dkl\u00e4ttringsanl\u00e4ggningar, utformade f\u00f6r att utmana men \u00e4nd\u00e5 f\u00f6rbli harmoniska med v\u00e4xtligheten, samexisterar sida vid sida med en tennisbana och ett ridcenter som hyllas f\u00f6r sina stall och ridringar. Barn hittar sin egen fristad p\u00e5 en utomhuslekplats och en s\u00e4rskild barnklubb, medan ett komplex med tv\u00e5 pooler, med separata omr\u00e5den f\u00f6r vuxna och yngre g\u00e4ster, uppmuntrar till gemensamma skrattstunder under bar himmel. Kulturell nyfikenhet finner sitt utlopp i Pedras Experience Museum, en interaktiv utst\u00e4llning som kartl\u00e4gger vattnets underjordiska resa, parkens utveckling och de h\u00e4lsoritualer som har lockat pilgrimer hit i mer \u00e4n 150 \u00e5r.<\/p>\n<p>M\u00e5ltiderna p\u00e5 Casa de Ch\u00e1 \u2013 Restaurante betonar ett engagemang f\u00f6r regionalt producerade ingredienser och genomt\u00e4nkta presentationer. Kv\u00e4llarna p\u00e5 Bar Avelames kan utspela sig \u00f6ver snooker- eller bordsfotbollsmatcher, en tyst filmvisning eller helt enkelt det l\u00e5gm\u00e4lda sorlet av samtal under lyktljus. B\u00e5de aff\u00e4rssammankomster och familjefester \u00e4ger rum i flexibla utrymmen som kan v\u00e4lkomna tjugofem till trehundrafemtio g\u00e4ster, och erbjuder audiovisuellt st\u00f6d och skr\u00e4ddarsydd catering. F\u00f6r att uppmuntra direkt engagemang inkluderar bokningar som g\u00f6rs via de officiella kanalerna parkering, frukost och tr\u00e5dl\u00f6st internet, en blinkning till den moderna resen\u00e4rens behov och en p\u00e5minnelse om att lyx ofta ligger i den s\u00f6ml\u00f6sa orkestreringen av sm\u00e5 bekv\u00e4mligheter.<\/p>\n<p>S\u00e5dan noggrannhet f\u00f6r detaljer \u00e5terspeglas i r\u00f6sterna hos dem som har vandrat dessa v\u00e4gar. Verifierade g\u00e4strecensioner f\u00e5r i genomsnitt 8,6 av 10 bland sjuhundratjugotre utv\u00e4rderingar, med s\u00e4rskilt ber\u00f6m f\u00f6r personalens v\u00e4rme \u2013 personalen f\u00e5r en anm\u00e4rkningsv\u00e4rd 9,4 \u2013 tillsammans med komfort (9,0), l\u00e4ge (9,1), renlighet (8,9) och anslutningsm\u00f6jligheter (9,0). Bes\u00f6kare talar om &#034;hus mitt i naturen&#034; och det &#034;fantastiska spaet&#034; som fr\u00e4mjar b\u00e5de ensamhet och s\u00e4llskap. \u00c4nd\u00e5 belyser \u00e4rliga bed\u00f6mningar ocks\u00e5 m\u00f6jligheter: vissa g\u00e4ster noterar att vissa varma k\u00e4llor \u00e4r st\u00e4ngda p\u00e5 vintern och f\u00f6resl\u00e5r att restaurering av en gammal hotellstruktur skulle f\u00f6rb\u00e4ttra parkens historiska kontinuum. Ett prisv\u00e4rt betyg p\u00e5 7,5 antyder uppfattningar om premiumpriser och uppmanar ledningen att \u00f6verv\u00e4ga mer inkluderande paket eller s\u00e4songsbetonade kampanjer f\u00f6r att mer exakt anpassa kostnad till upplevelse.<\/p>\n<p>Medan modern lyx definierar spa och park, b\u00e4r \u00c1gua das Pedras samma anda av autenticitet till bord och butikshyllor runt om i v\u00e4rlden. F\u00f6dd d\u00e4r regnvatten landar p\u00e5 en of\u00f6rorenad dalbotten p\u00e5 580 meter \u00f6ver havet, p\u00e5b\u00f6rjar den en underjordisk resa som kan vara i \u00e5rtionden. Under sin nedstigning genom sprickig granit fylls vattnet av kolsyrad gas fr\u00e5n djupet av jorden och fylls med bubblor som stiger naturligt snarare \u00e4n genom artificiella processer. N\u00e4r vattnet kommer fram \u00e4r det b\u00e5de krispigt och sammetslent, och dess mineralprofil ger en distinkt munk\u00e4nsla och ett rykte bland finsmakare av naturligt kolsyrade k\u00e4llor.<\/p>\n<p>Den kommersiella historien om \u00c1gua das Pedras b\u00f6rjade 1871 med den formella exploateringen av de varma k\u00e4llorna och n\u00e5dde sin f\u00f6rsta internationella publik tv\u00e5 \u00e5r senare med ett pris p\u00e5 Wienutst\u00e4llningen. Buteljeringsinfrastrukturen d\u00f6k upp 1893, initialt f\u00f6r att tj\u00e4na medicinska behandlingar d\u00e5 kliniska chefer kodifierade anv\u00e4ndningsreglerna \u00e5r 1907. Kungliga bes\u00f6k 1884 av drottning D. Maria II, infant D. Augusto och kunggem\u00e5l D. Fernando gav kunglig status, den senare s\u00e5g till och med en k\u00e4lla uppkallad efter honom. S\u00e5dant beskydd h\u00f6jde k\u00e4llornas st\u00e4llning bland Europas elit och satte en mall f\u00f6r prestige som varum\u00e4rket har uppr\u00e4tth\u00e5llit sedan dess.<\/p>\n<p>Under hela 1900-talet navigerade \u00c1gua das Pedras f\u00f6r\u00e4ndringar i konsumenternas smak med klok marknadsf\u00f6ring. En slogan fr\u00e5n 1970 \u2013 &#034;Alla timmar \u00e4r bra f\u00f6r att dricka \u00c1gua das Pedras&#034; \u2013 inledde en bredare acceptans bortom medicinska gr\u00e4nser, medan invigningen av en h\u00f6gteknologisk buteljeringsanl\u00e4ggning 1994 s\u00e4krade kapacitet f\u00f6r global distribution. Kampanjer i b\u00f6rjan av 2000-talet \u2013 &#034;I balans&#034;, &#034;Brought to you by Nature&#034; och &#034;Water with Life&#034;, med sk\u00e5despelerskan Daniela Ruah i spetsen \u2013 talade till en spirande wellness-r\u00f6relse. Milstolpar som en flaska i begr\u00e4nsad upplaga som markerade 150-\u00e5rsjubileet 2021 och upplevelseattraktioner \u2013 parkens \u00f6ppning 2012 och Pedras Experience Museum 2018 \u2013 f\u00f6rvandlade varum\u00e4rket fr\u00e5n en handelsvara till ett livsstilserbjudande, och bj\u00f6d in konsumenterna att kliva in i ber\u00e4ttelsen snarare \u00e4n att bara smutta p\u00e5 den.<\/p>\n<p>\u00d6ver \u00e5rstiderna uppr\u00e4tth\u00e5ller samspelet mellan vatten och skog, mellan kulturarv och design, Pedras Salgadas attraktionskraft. Dess ursprungliga stenstugor och herrg\u00e5rdsfasader st\u00e5r kvar som pr\u00e4glar av en svunnen tid, deras v\u00e4derbitna v\u00e4ggar kontrasteras av de rena linjerna i tr\u00e4kl\u00e4dda bungalows och paviljonger med glasv\u00e4ggar. H\u00e5llbara metoder \u2013 regnvattenuppsamling, solpaneler och geotermisk uppv\u00e4rmning \u2013 samexisterar med bevarandeinsatser f\u00f6r inhemsk flora och fauna, vilket s\u00e4kerst\u00e4ller att parkens framtid \u00e4r lika trygg som dess f\u00f6rflutna \u00e4r rikt. Ledningens Giving Back-initiativ, som lanserades 2019, kanaliserar en del av int\u00e4kterna till lokala milj\u00f6- och sociala projekt, medan etosen &#034;L\u00e5t naturen ta hand om dig&#034; som introducerades 2020 understryker en filosofi d\u00e4r m\u00e4nskligt v\u00e4lbefinnande \u00e4r oskiljaktigt fr\u00e5n ekosystemets h\u00e4lsa.<\/p>\n<p>Ytterst st\u00e5r Pedras Salgadas som ett exempel p\u00e5 hur kulturellt arv och modern v\u00e5rd kan sammanfalla f\u00f6r att ge n\u00e4ring \u00e5t b\u00e5de kropp och sj\u00e4l. Dess mineralvatten, som l\u00e5ngsamt pressas genom jordens djup under livstid, speglar anl\u00e4ggningens egen mognad \u2013 fr\u00e5n kunglig retreat till modern wellnessdestination. Oavsett om en g\u00e4st s\u00f6ker solidariteten p\u00e5 skogsstigarna, den \u00e5terst\u00e4llande vaggan i ett termalbad, den enkla njutningen av ett glas mousserande k\u00e4llvatten eller det gemensamma skrattet under familjesammankomster, erbjuder Pedras Salgadas en ih\u00e5llande dialog mellan d\u00e5tid och nutid. I det samtalet bekr\u00e4ftar varje fotsteg l\u00e4ngs mosskl\u00e4dda stigar och varje klunk naturligt kolsyrat vatten en ur\u00e5ldrig sanning: att v\u00e5ra mest v\u00e4rdefulla resurser fl\u00f6dar under ytan och v\u00e4ntar p\u00e5 att ett omt\u00e4nksamt f\u00f6rvaltarskap ska lyfta dem fram i ljuset.<\/p>","protected":false},"excerpt":{"rendered":"<p>Pedras Salgadas, en liten kurort bel\u00e4gen i Vila Real-distriktet i norra Portugal, har en begr\u00e4nsad befolkning som f\u00f6rb\u00e4ttrar dess fridfulla milj\u00f6. Cirka 37 kilometer norr om distriktets h\u00f6gkvarter har denna lilla stad f\u00e5tt erk\u00e4nnande f\u00f6r sina unika mineralk\u00e4llor, som nu definierar dess karakt\u00e4r och ekonomi.<\/p>","protected":false},"author":1,"featured_media":17474,"parent":12065,"menu_order":0,"comment_status":"closed","ping_status":"closed","template":"elementor_theme","meta":{"_eb_attr":"","footnotes":""},"class_list":["post-17002","page","type-page","status-publish","has-post-thumbnail"],"_links":{"self":[{"href":"https:\/\/travelshelper.com\/sv\/wp-json\/wp\/v2\/pages\/17002","targetHints":{"allow":["GET"]}}],"collection":[{"href":"https:\/\/travelshelper.com\/sv\/wp-json\/wp\/v2\/pages"}],"about":[{"href":"https:\/\/travelshelper.com\/sv\/wp-json\/wp\/v2\/types\/page"}],"author":[{"embeddable":true,"href":"https:\/\/travelshelper.com\/sv\/wp-json\/wp\/v2\/users\/1"}],"replies":[{"embeddable":true,"href":"https:\/\/travelshelper.com\/sv\/wp-json\/wp\/v2\/comments?post=17002"}],"version-history":[{"count":0,"href":"https:\/\/travelshelper.com\/sv\/wp-json\/wp\/v2\/pages\/17002\/revisions"}],"up":[{"embeddable":true,"href":"https:\/\/travelshelper.com\/sv\/wp-json\/wp\/v2\/pages\/12065"}],"wp:featuredmedia":[{"embeddable":true,"href":"https:\/\/travelshelper.com\/sv\/wp-json\/wp\/v2\/media\/17474"}],"wp:attachment":[{"href":"https:\/\/travelshelper.com\/sv\/wp-json\/wp\/v2\/media?parent=17002"}],"curies":[{"name":"wp","href":"https:\/\/api.w.org\/{rel}","templated":true}]}}