{"id":16869,"date":"2024-09-24T00:46:21","date_gmt":"2024-09-24T00:46:21","guid":{"rendered":"https:\/\/travelshelper.com\/staging\/?page_id=16869"},"modified":"2026-03-12T16:31:35","modified_gmt":"2026-03-12T16:31:35","slug":"merano","status":"publish","type":"page","link":"https:\/\/travelshelper.com\/sv\/destinations\/europe\/italy\/merano\/","title":{"rendered":"Merano"},"content":{"rendered":"<p>Merano \u00e4r en kommun i Sydtyrolen, norra Italien, med cirka 41 000 inv\u00e5nare inom en yta p\u00e5 31,3 kvadratkilometer. Staden ligger 324 meter \u00f6ver havet i en dalg\u00e5ng d\u00e4r tre dalar m\u00f6ts \u2013 Val Venosta, Val Passiria och Val d&#039;Adige \u2013 och har en strategisk \u00f6ppning mot dalarna Passier och Vinschgau. Meranos milda klimat, omgivet av toppar som reser sig 3 480 meter \u00f6ver havet, har l\u00e4nge bidragit till dess rykte som en f\u00f6rstklassig kurort och ett centrum f\u00f6r kulturell blomstring.<\/p>\n<p>Meranos geologiska vagga definieras av den glacialt skulpterade bass\u00e4ngen genom vilken Passiriofloden rinner innan den m\u00f6ter Adige. I norr och v\u00e4ster bryter Tessagruppen upp sig p\u00e5 3 480 meters h\u00f6jd, medan Saltoplat\u00e5n n\u00e5r 2 800 meter i \u00f6ster. Denna amfiteater av toppar skyddar staden fr\u00e5n h\u00e5rda nordliga vindar och fr\u00e4mjar en milj\u00f6 d\u00e4r ving\u00e5rdar och frukttr\u00e4dg\u00e5rdar frodas \u00e4nda in i stadens utkanter. \u00c4ven inom stadsgr\u00e4nserna v\u00e4ver rader av vinrankor, s\u00e5 kallade Meraner Leiten, in sig i stadsbilden och ger ett l\u00e4tt r\u00f6tt vin som b\u00e4st konsumeras i sin ungdom. Frukttr\u00e4dg\u00e5rdar som producerar k\u00e4rnfrukter str\u00e4cker sig l\u00e4ngre bort, och deras export n\u00e5r marknader \u00f6ver hela Europa, medan Forst-bryggeriet i utkanten tillverkar \u00f6l som har blivit en stapelvara i Italien och bortom.<\/p>\n<p>\u00c4nda sedan kommunen f\u00f6rst omn\u00e4mndes som Meran (tyska) eller Merano (italienska) har den haft dubbla identiteter. Den ladinska ben\u00e4mningen Maran f\u00f6rekommer endast i lokalt bruk, men alla tre namnen har en stark betydelse i stadens tv\u00e5spr\u00e5kiga milj\u00f6. De officiella titlarna \u2013 Comune di Merano p\u00e5 italienska och Stadtgemeinde Meran p\u00e5 tyska \u2013 anv\u00e4nds omv\u00e4xlande i kommunal dokumentation. Denna dualitet \u00e5terspeglar den j\u00e4mna spr\u00e5kf\u00f6rdelningen bland inv\u00e5narna: \u00e5r 2024 talar 51,37 procent italienska som modersm\u00e5l, 48,26 procent tyska, och en liten ladinsk minoritet finns kvar.<\/p>\n<p>Meranos medeltida hj\u00e4rta har beh\u00e5llit sina ursprungliga bef\u00e4stningar, uttryckta i tre imponerande portar: Vinschgauer Tor, Passeirer Tor och Bozener Tor. Intill ligger Ortenstein-tornet, allm\u00e4nt k\u00e4nt som Pulverturm eller &#034;kryddtornet&#034;, en stenvakt som p\u00e5minner om stadens tidigare f\u00f6rsvarsst\u00e4llning. Inom dessa murar av gr\u00e5tt murverk vilar det furstliga slottet \u2013 eller Landesf\u00fcrstliche Burg \u2013 som ett vittnesb\u00f6rd om 1400-talsarkitekturen och var en g\u00e5ng hemvist f\u00f6r \u00e4rkehertig Sigismund av \u00d6sterrike. Inte l\u00e5ngt d\u00e4rifr\u00e5n reser sig den gotiska byggnaden Sankt Nikolaus kyrka, med spetsiga valv och m\u00e5lade glasramverk fr\u00e5n samma \u00e5rhundrade, medan det anspr\u00e5ksl\u00f6sa Sankt Barbara-kapellet erbjuder en lugnare \u00e5terspegling av den tidens h\u00e4ngivenhet.<\/p>\n<p>Stenbron Steinerner Steg fr\u00e5n 1600-talet korsar floden Passer och erbjuder b\u00e5de en ledning och en utsiktspunkt, vars slitna br\u00f6stv\u00e4rn vittnar om \u00e5rhundraden av passage. L\u00e4ngs flodstr\u00e4nderna i s\u00f6der finns de v\u00e4lvda promenaderna Wandelhalle, vars v\u00e4lvda kolonnader erbjuder skydd och skugga \u00e5t promenadg\u00e4ster sedan mitten av 1800-talet. Dessa promenader ligger bredvid Kurhaus-paviljongen, en elegant kvarleva fr\u00e5n Meranos uppg\u00e5ng som kurort n\u00e4r kejsarinnan Elisabeth av \u00d6sterrike b\u00f6rjade sina bes\u00f6k under senare h\u00e4lften av 1800-talet. Den intilliggande kejsarinnan Elisabeth-parken \u00e4r fortfarande en gr\u00f6nskande enklav till minne av hennes beskydd.<\/p>\n<p>Industriell och samh\u00e4llsm\u00e4ssig expansion fortsatte in p\u00e5 1900-talet. Efter annekteringen av Sydtyrolen av Italien 1919 uppf\u00f6rde fascistiska myndigheter ett nytt stadshus p\u00e5 1920-talet, vars rationalistiska design stod i skarp kontrast till de medeltida och gotiska elementen i den gamla staden. I utkanten ligger slottet Trauttmansdorff med sina botaniska tr\u00e4dg\u00e5rdar; sedan 2003 har dess turistmuseum dokumenterat resandets utveckling i provinsen. Tiroler slott, som den bredare regionen har f\u00e5tt sitt namn fr\u00e5n, ligger en kort bit bort och markerar gr\u00e4nsen mot \u00d6sterrike och bekr\u00e4ftar Meranos roll som en v\u00e4gsk\u00e4l.<\/p>\n<p>Klimatiskt balanserar Merano en delikat balans mellan oceaniska, fuktiga subtropiska och kontinentala influenser. Officiellt klassificerat som Cfb, gr\u00e4nsar det till Cfa, d\u00e4r dess dagliga medeltemperatur i juli p\u00e5 strax under 22 \u00b0C ligger en aning under de subtropiska kriterierna. Vintrarna, med nattliga l\u00e4gsta temperaturer mellan \u20134 och \u20132 \u00b0C, ger staden en kontinental karakt\u00e4r, medan somrarna har h\u00f6gsta temperaturer p\u00e5 27 till 30 \u00b0C och n\u00e4tter mellan 12 och 15 \u00b0C. Nederb\u00f6rden \u00e4r som h\u00f6gst i augusti p\u00e5 96 mm och ebb i februari till 25 mm. Dessa m\u00e4tningar, som f\u00f6rts vid Merano\/Gratsch-stationen fr\u00e5n 1983 till 2017, underbygger regionens jordbruksv\u00e4lst\u00e5nd.<\/p>\n<p>Kulturlivet i Merano str\u00e4cker sig l\u00e5ngt bortom dess kurorter och ving\u00e5rdar. Sedan 1986 har Merano Music Weeks h\u00e5llits varje sommar i Kurhaus-paviljongen och lockat internationella orkestrar att upptr\u00e4da i en festival som anordnades p\u00e5 150-\u00e5rsdagen av kurortens grundande. Fr\u00e5n och med 1997 har MeranoJazz fokuserat p\u00e5 k\u00e4nda jazzartister och sedan 2002 \u00e4r det v\u00e4rd f\u00f6r Mitteleuropean Jazz Academy f\u00f6r att bygga en bro mellan italienska och tyska musiktraditioner. Akademins utn\u00e4mning av en artist in residence lockar b\u00e5de ber\u00f6mda personer och studenter och cementerar ytterligare Meranos konstn\u00e4rliga bakgrund.<\/p>\n<p>Litter\u00e4ra prestationer hedras genom det tv\u00e5\u00e5riga Meraner Lyrikpreis, som invigdes 1993 och bed\u00f6ms av en internationell jury. Bland de framst\u00e5ende vinnarna finns Kurt Drawert, Kathrin Schmidt och Ulrike Almut Sandig. Som ett komplement till detta har Merano-Europa International Literary Prize sedan 1995 erk\u00e4nt framst\u00e5ende sk\u00f6nlitteratur och \u00f6vers\u00e4ttning, och delas ut av Passirio Club i samarbete med f\u00f6rlag och regionala konstorganisationer. \u00c5r 2017 deltog staden i t\u00e4vlingen om Italiens kulturhuvudstad 2020 och avancerade till en av de tio sista bland anrika st\u00e4der som Parma och Reggio Emilia.<\/p>\n<p>Meranos h\u00f6gtidligh\u00e5llande av Franz Kafkas vistelse 1920 har tagit form i tv\u00e5 internationella konferenser (2020 och 2024) och i invigningen av en piazzetta till Kafka och Milena Jesensk\u00e1. Dessa gester \u00e5terspeglar en best\u00e5ende litter\u00e4r medvetenhet, en som kompletterar stadens museer och gallerier: Touriseum p\u00e5 Trauttmansdorff slott; stadsmuseet i ett tidigare hotell; Furstslottsmuseet; och Judiska museet i Sydtyrolens enda synagoga. Kompletterande platser inkluderar Kvinnomuseet Evelyn Ortner, Meran Art City Gallery och Wei\u00dfe Konstgallerie, som alla erbjuder perspektiv p\u00e5 genus, samtida konst och arkitektur.<\/p>\n<p>Merano delas av Passer i tv\u00e5 huvudsakliga orografiska vallar. Till h\u00f6ger ligger den gamla stadsk\u00e4rnan och Steinach-distriktet; till v\u00e4nster Maia Alta och Maia Bassa. Quarazze upptar den nordv\u00e4stra \u00e4nden vid Tessa-sluttningarna, medan Labers str\u00e4cker sig \u00f6ver Monte Zoccolos \u00f6stra sluttningar. I s\u00f6der fungerar Sinigo som en industri- och handelszon, \u00e5tskild av topografi fr\u00e5n den historiska stadsk\u00e4rnan. Sedan 1800-talet har stadens status som kurort lett till att fokus riktats mot \u00e4ldre bes\u00f6kare som s\u00f6ker vila; i slutet av 1900-talet och b\u00f6rjan av 2000-talet v\u00e4nde ett diversifierat utbud och v\u00e4xande internationell turism \u00e5ldersdemografin och breddade attraktionskraften \u00f6ver generationer.<\/p>\n<p>Transportn\u00e4ten har f\u00f6rst\u00e4rkt Meranos tillg\u00e4nglighet. Brennerlinjen har kantats till f\u00f6rm\u00e5n f\u00f6r MeBo, en fyrfilig motorv\u00e4g som f\u00f6rbinder staden med Bolzano 30 km s\u00f6derut och vidare till motorv\u00e4g A22. J\u00e4rnv\u00e4gen Bolzano\u2013Merano l\u00f6per parallellt med motorv\u00e4gen och str\u00e4cker sig v\u00e4sterut in i Val Venosta via Vinschgau-linjen. Fr\u00e5n Bolzano avg\u00e5r t\u00e5g ungef\u00e4r var 40:e minut, med integrerad biljettl\u00f6sning tillg\u00e4nglig. Busslinjer, som drivs av SASA och SAD, g\u00e5r varje timme mellan Bolzano och Merano, med reducerade priser f\u00f6r v\u00e4rdekortsinnehavare. Internationella busslinjer anl\u00e4nder till Bolzano, varifr\u00e5n vidare anslutningar \u00e4r rutinm\u00e4ssiga.<\/p>\n<p>Inom Merano finns det nio busslinjer dagtid och en nattlinje som transporterar inv\u00e5nare och bes\u00f6kare mellan 06:00 och 01:00. Bussarna f\u00f6ljer ett hederssystem \u2013 en validerad biljett \u00e4r giltig i 45 minuter \u2013 och beg\u00e4rda h\u00e5llplatser kr\u00e4ver en manuell signal f\u00f6r att stiga av eller p\u00e5. En stolslift f\u00f6rbinder Merano med byn Tirol p\u00e5 en bergstopp mellan april och november. Taxibilar finns tillg\u00e4ngliga via Radio Taxi eller privata uthyrningstj\u00e4nster. Ett cykeln\u00e4tverk, om \u00e4n mindre omfattande \u00e4n Bolzanos, erbjuder gratis uthyrning fr\u00e5n v\u00e5ren till mitten av oktober p\u00e5 platser som j\u00e4rnv\u00e4gsstationen, spabyggnaden och tenniscentret, mot en \u00e5terbetalningsbar deposition.<\/p>\n<p>Bilar i stadsk\u00e4rnan \u00e4r i allm\u00e4nhet \u00f6verfl\u00f6diga, och parkeringsplatser visar sig vara s\u00e4llsynta. P\u00e5 vintern begr\u00e4nsar utsl\u00e4ppssn\u00e5la \u00e5tg\u00e4rder Euro 0-fordon i hela staden, och p\u00e5 dagar med h\u00f6g f\u00f6rorening \u00e4r \u00e4ven Euro 1-bilar f\u00f6rbjudna. S\u00e5dana regler \u00e5terspeglar Meranos l\u00e5ngvariga engagemang f\u00f6r milj\u00f6v\u00e5rd.<\/p>\n<p>Fritidsaktiviteter omfattar b\u00e5de odlade och vilda aktiviteter. Termiskt vatten v\u00e4ller genom det moderna spacentret p\u00e5 motsatta stranden av Passirio, d\u00e4r naturlig radioaktivitet f\u00f6rst\u00e4rker den terapeutiska effekten. Offentliga utomhuspooler, en isbana, 15 tennisbanor (varav fyra \u00e4r t\u00e4ckta), en rid- och hoppskola samt en minigolfbana tillgodoser varierande smaker. Passirios forsar har varit v\u00e4rd f\u00f6r ICF:s v\u00e4rldsm\u00e4sterskap i kanotslalom (1971, 1983) och Europacupen (1980). Tappeinerleden, kartlagd av Dr. Tappeiner och donerad till staden 1892, f\u00f6ljer en glaci\u00e4rsluttning fr\u00e5n Monte St. Benedetto till Gilf-ravinen och erbjuder fria panoramautsikter.<\/p>\n<p>Bortom staden str\u00e4cker sig leder till Meran\/o 2000 p\u00e5 de n\u00e4rliggande h\u00f6jderna, en plats f\u00f6r b\u00e5de sommarpromenader och vinterskidbackar. Hirzermassivet och Ultimodalen erbjuder ytterligare skidbackar, och inom en timmes bilresa m\u00f6jligg\u00f6r Schnalstal-glaci\u00e4ren skid\u00e5kning p\u00e5 sommaren i sn\u00f6f\u00e4lt. F\u00f6r vandrare och kl\u00e4ttrare understryker det invecklade n\u00e4tverket av leder och alpina stugor Meranos dubbla identitet som b\u00e5de viloplats och utg\u00e5ngspunkt f\u00f6r alpin str\u00e4van.<\/p>\n<p>Meranos ber\u00e4ttelse \u00e4r en ber\u00e4ttelse om st\u00e4ndig f\u00f6rnyelse mitt i dess bergs best\u00e4ndighet. Fr\u00e5n medeltida portvakter till moderna gallerier, fr\u00e5n spa-paviljonger till jazzakademier, f\u00f6rblir staden p\u00e5 samma g\u00e5ng historisk och dynamisk. Varje gata ber\u00e4ttar om kejserliga bes\u00f6k och lokala arbeten, dess festivaler blandar spr\u00e5k och traditioner, dess klimat ger n\u00e4ring \u00e5t vinrankor och frukttr\u00e4dg\u00e5rdar, och dess inv\u00e5nare uppr\u00e4tth\u00e5ller en levande sammanfl\u00f6de av italienska, tyska och ladinska kulturer. I denna sammansm\u00e4ltning st\u00e5r Merano som ett bevis p\u00e5 m\u00f6jligheten till harmoni mellan tradition och innovation, mellan vila och engagemang \u2013 en plats d\u00e4r varje s\u00e4song avsl\u00f6jar en annan aspekt av samma tidl\u00f6sa bass\u00e4ng.<\/p>","protected":false},"excerpt":{"rendered":"<p>Merano, en natursk\u00f6n kommun i Sydtyrolen, norra Italien, med en befolkning p\u00e5 cirka 41 000 inv\u00e5nare. Denna pittoreska stad, bel\u00e4gen i en bass\u00e4ng omgiven av h\u00f6ga berg, exemplifierar den s\u00f6ml\u00f6sa integrationen av naturlig sk\u00f6nhet och m\u00e4nsklig kreativitet. Bel\u00e4get i korsningen av tre framst\u00e5ende dalar - Val Venosta, Val Passiria och Val d&#039;Adige - fungerar Merano som en ing\u00e5ngspunkt till n\u00e5gra av de mest fantastiska landskapen i omr\u00e5det.<\/p>","protected":false},"author":1,"featured_media":17524,"parent":11663,"menu_order":0,"comment_status":"closed","ping_status":"closed","template":"elementor_theme","meta":{"_eb_attr":"","footnotes":""},"class_list":["post-16869","page","type-page","status-publish","has-post-thumbnail"],"_links":{"self":[{"href":"https:\/\/travelshelper.com\/sv\/wp-json\/wp\/v2\/pages\/16869","targetHints":{"allow":["GET"]}}],"collection":[{"href":"https:\/\/travelshelper.com\/sv\/wp-json\/wp\/v2\/pages"}],"about":[{"href":"https:\/\/travelshelper.com\/sv\/wp-json\/wp\/v2\/types\/page"}],"author":[{"embeddable":true,"href":"https:\/\/travelshelper.com\/sv\/wp-json\/wp\/v2\/users\/1"}],"replies":[{"embeddable":true,"href":"https:\/\/travelshelper.com\/sv\/wp-json\/wp\/v2\/comments?post=16869"}],"version-history":[{"count":0,"href":"https:\/\/travelshelper.com\/sv\/wp-json\/wp\/v2\/pages\/16869\/revisions"}],"up":[{"embeddable":true,"href":"https:\/\/travelshelper.com\/sv\/wp-json\/wp\/v2\/pages\/11663"}],"wp:featuredmedia":[{"embeddable":true,"href":"https:\/\/travelshelper.com\/sv\/wp-json\/wp\/v2\/media\/17524"}],"wp:attachment":[{"href":"https:\/\/travelshelper.com\/sv\/wp-json\/wp\/v2\/media?parent=16869"}],"curies":[{"name":"wp","href":"https:\/\/api.w.org\/{rel}","templated":true}]}}