{"id":16242,"date":"2024-09-22T19:00:46","date_gmt":"2024-09-22T19:00:46","guid":{"rendered":"https:\/\/travelshelper.com\/staging\/?page_id=16242"},"modified":"2026-03-11T23:15:39","modified_gmt":"2026-03-11T23:15:39","slug":"podebrady","status":"publish","type":"page","link":"https:\/\/travelshelper.com\/sv\/destinations\/europe\/czech-republic\/podebrady\/","title":{"rendered":"Pod\u011bbrady"},"content":{"rendered":"<p>Pod\u011bbrady ligger i en svag kurva av floden Elbe, dess kompakta kurort och historiska k\u00e4rna ligger bara drygt fyrtio kilometer \u00f6ster om Prag l\u00e4ngs den moderna motorv\u00e4gen D11. Stadens fastighetsregister p\u00e5 cirka 33,7 kvadratkilometer ligger i det breda Polabiska l\u00e5glandet, vars h\u00f6jd knappt varierar mellan 184 och 190 meter \u00f6ver havet. Denna uppm\u00e4tta sl\u00e4tt, intensivt odlad men \u00e4nd\u00e5 avbruten av fragment av flodsl\u00e4tterskog, har gett n\u00e4ring \u00e5t m\u00e4nsklig bos\u00e4ttning sedan de tidigaste paleolitiska j\u00e4garna sp\u00e5rade vilt l\u00e4ngs flodens slingrande str\u00e4nder.<\/p>\n<p>Fr\u00e5n dessa avl\u00e4gsna \u00e5rtusenden fram till idag har Pod\u011bbradys \u00f6den varit intimt knutna till dess vattendrag. \u00c5r 1262 ins\u00e5g kung P\u0159emysl Otakar II b\u00e5de det strategiska och det estetiska v\u00e4rdet av denna plats. Han best\u00e4llde byggandet av ett stenvattenslott d\u00e4r en enkel bef\u00e4st herrg\u00e5rd hade st\u00e5tt, f\u00f6rankrad i en bos\u00e4ttning vid flodbredden. Under de f\u00f6ljande \u00e5rhundradena omformades den ursprungliga f\u00e4stningen till det eleganta Pod\u011bbrady slott, d\u00e4r dess stela murverk och eleganta g\u00e5rdar blev k\u00e4rnan kring vilken stadens identitet sammanf\u00f6ll.<\/p>\n<p>Huset Kun\u0161t\u00e1t, senare kallat Kun\u0161t\u00e1t-Pod\u011bbrad\u0161t\u00ed, s\u00e4krade ett best\u00e5ende arv h\u00e4r. Under deras ledning, s\u00e4rskilt under Georg av Pod\u011bbrady, blomstrade egendomen. \u00c5r 1472 formaliserade Georgs s\u00f6ner bos\u00e4ttningens kommunala status och gav den privilegier och ansvar som en stad. Efter Georgs bestigande som kung av B\u00f6hmen f\u00f6rv\u00e4rvade Pod\u011bbrady b\u00e5de prestige och ett visst m\u00e5tt av kungligt beskydd som uppr\u00e4tth\u00f6ll dess v\u00e4lst\u00e5nd under senmedeltiden. Styrelsen \u00f6verf\u00f6rdes 1495 till den kungliga kammaren och 1839 i privata h\u00e4nder under den wienske finansmannen Georg von Sina.<\/p>\n<p>\u00c4nd\u00e5 var det \u00e5r 1905 som o\u00e5terkalleligen f\u00f6r\u00e4ndrade Pod\u011bbradys syfte. En mineralk\u00e4lla, som slog ut p\u00e5 ett djup av n\u00e4stan nittio\u00e5tta meter p\u00e5 slottets g\u00e5rdsplan, avsl\u00f6jade ett kolhaltigt, j\u00e4rnrikt vatten med v\u00e4lrenommerade terapeutiska f\u00f6rdelar. \u00c5r 1908 stod den f\u00f6rsta spa-paviljongen, och under de f\u00f6ljande \u00e5rtiondena mognade staden som ett centrum f\u00f6r hj\u00e4rt-k\u00e4rlbehandling. Dess tallbeskuggade park, anlagd p\u00e5 1930-talet efter ritningar av Vojt\u011bch Kerhart, utvidgades mot j\u00e4rnv\u00e4gsstationen, som sj\u00e4lv framtr\u00e4dde 1932 som B\u00f6hmens f\u00f6rsta funktionalistiska \u00e4ndstation.<\/p>\n<p>Idag \u00e4r spaparken fortfarande en central punkt f\u00f6r det medborgarliv, en vidstr\u00e4ckt yta d\u00e4r gjutj\u00e4rnskolonnar hyser mineralvattenfont\u00e4ner och en ber\u00f6md blomsterklocka markerar timmarna som g\u00e5r bredvid en fantasifull bronsdv\u00e4rg som sl\u00e5r ut tiden. Runt dess omkrets reser sig villor och pensionat av Josef Fanta, bekv\u00e4mligheter som Libensk\u00fd spahus och Central- och Summer Spa-byggnaderna, vars rena linjer vittnar om mellankrigstidens omfamning av modernitet.<\/p>\n<p>Pod\u011bbradys historiska centrum, skyddat sedan 1992 som ett urbant skyddsomr\u00e5de, bevarar k\u00e4nnetecknen fr\u00e5n sin medeltida och tidigmoderna utveckling. Ji\u0159\u00ed-torget b\u00e4r fortfarande slottets portvakt och 1800-talsmonumentet \u00f6ver kung Georg skapat av Bohuslav Schnirch, en av h\u00f6jdpunkterna inom tjeckisk monumental skulptur. Mariapelaren fr\u00e5n 1765 st\u00e5r som ett minnesv\u00e4rt bevis p\u00e5 pesten 1714. Kring torget finns stadsm\u00e4rken: det gamla r\u00e5dhuset i ren\u00e4ssansstil, numera stadsbiblioteket; r\u00e5dhuset i nyren\u00e4ssansstil fr\u00e5n 1906; och sparbanksbyggnaden fr\u00e5n 1899, vars eleganta fasad p\u00e5minner om det \u00f6sterrikisk-ungerska rikets fin-de-si\u00e8cle-tillf\u00f6rsikt.<\/p>\n<p>Bortom dessa centrala platser uppvisar staden successiva tillv\u00e4xtfaser. Kvarteret B\u011blidla uppstod \u00f6ster om Heliga Korsets upph\u00f6jelseskyrka i mitten av 1700-talet, medan f\u00f6rorten Hr\u00e1z uppstod p\u00e5 den uttorkade botten av den gamla f\u00f6rortsdammen. J\u00e4rnv\u00e4gens ankomst 1870, och dess efterf\u00f6ljande dubbelsp\u00e5r och elektrifiering, f\u00f6ranledde expansionen till ett modernt tr\u00e4dg\u00e5rdsstadskvarter designat av Franti\u0161ek Janda, numera k\u00e4nt som \u017di\u017ekov. Neofunktionalismen satte ocks\u00e5 sina sp\u00e5r, fr\u00e5n lantbruksskolan och postkontorsbyggnaderna av Kerhart till den tjeckoslovakiska husitkyrkan av Josef Semer\u00e1d.<\/p>\n<p>Naturen fl\u00f6dar i omgivningarna. En blind arm av Elbe, lokalt k\u00e4nd som Skupice, p\u00e5minner om flodens tidigare fl\u00f6den f\u00f6re regleringen. \u00d6sterut l\u00e4ngs floden Cidlina ligger det nationella naturreservatet Libick\u00fd luh, ett bevarat fragment av de vidstr\u00e4ckta flodsl\u00e4ttskogarna som en g\u00e5ng t\u00e4ckte l\u00e5glandet. N\u00e4rliggande finns reservat vid \u017dehu\u0148sk\u00e1 obora, de sandiga sandbankarna P\u00edse\u010dn\u00fd presyp, den skogskl\u00e4dda B\u00e1\u0148 och ving\u00e5rdskullen Vinn\u00fd vrch. Regionens relativt varma klimat \u2013 med en genomsnittlig \u00e5rstemperatur p\u00e5 runt 9 \u00b0C \u2013 ger en tidig v\u00e5r och en sen h\u00f6st; sn\u00f6n dr\u00f6jer s\u00e4llan kvar mer \u00e4n n\u00e5gra dagar, medan vinterinversioner och frusen dimma ger en sober charm \u00e5t flodlandskapet.<\/p>\n<p>Demografiskt sett har Pod\u011bbrady l\u00e4nge varit blygsam i skala. Dess befolkning p\u00e5 ungef\u00e4r femtontusen inv\u00e5nare upptar fem kadastrala omr\u00e5den \u2013 Pod\u011bbrady egentliga, Polabec, Velk\u00e9 Zbo\u017e\u00ed, Kluk och P\u0159edn\u00ed Lhota \u2013 f\u00f6rdelade \u00f6ver 3 369,7 hektar. Enligt folkr\u00e4kningen 2001 rapporterade n\u00e4stan tv\u00e5 tredjedelar av inv\u00e5narna ingen religi\u00f6s tillh\u00f6righet; av dem som gjorde det f\u00f6rblev den romersk-katolska kyrkan den fr\u00e4msta. Pod\u011bbrady, en g\u00e5ng hemvist f\u00f6r en liten judisk gemenskap, s\u00e5g, liksom m\u00e5nga centraleuropeiska st\u00e4der, denna n\u00e4rvaro utsl\u00e4ckas i F\u00f6rintelsen.<\/p>\n<p>Kulturen i Pod\u011bbrady utspelar sig mot en intim, lokal scen. Na Kov\u00e1rn\u011b-teatern och slottsbiografen upptar slottets g\u00e5rdsplaner, d\u00e4r den tidigare platsen hade 233 g\u00e4ster i en lokal som restaurerats till sin 1800-talsstil. Polabsk\u00e9-museet ligger i det tidigare medeltida sjukhuset som grundades av Kunhuta av \u0160ternberk, vars barockfasad d\u00f6ljer strukturerna inuti: ett kapell d\u00e4r kung Georgs f\u00f6delsehall nu visar Schnirchs ursprungliga monument, tillsammans med tr\u00e4b\u00e5tar av monoxyltyp fr\u00e5n 900-talet. Satellitsamlingar \u2013 vid Lys\u00e1 nad Labem, Ro\u017e\u010falovice, Sadsk\u00e1 och M\u011bstec Kr\u00e1lov\u00e9 \u2013 ut\u00f6kar institutionens r\u00e4ckvidd \u00f6ver hela regionen.<\/p>\n<p>Stadsbiblioteket i Pod\u011bbrady forts\u00e4tter de medborgerliga traditioner som inrymts i ren\u00e4ssansstadshuset sedan 1930, och Ludv\u00edk Kuba-galleriet i utkanten av spaparken st\u00e4ller ut verk som \u00e5terspeglar landskapen och rytmerna p\u00e5 den polabiska sl\u00e4tten. \u00c5rliga festivaler markerar kalendern: Kung Georgs historiska festival bjuder p\u00e5 medeltida prakt; Poesidagarna sammankallar f\u00f6rfattare och l\u00e4sare p\u00e5 sensommaren; bleckbl\u00e5st\u00e4vlingen Europe Plays Kmocha lockar internationella ensembler; ungdomsteaterfestivalen FEMAD, majorettem\u00e4sterskapen och musikevenemanget Barvy l\u00e9ta livar upp torg och parker. Oktober m\u00e5nads Prix Bohemia Radio hyllar radiodramatikens konst, och sedan 2016 har festivalen Soundtrack Pod\u011bbrady visat upp filmmusik och multimediaf\u00f6rest\u00e4llningar.<\/p>\n<p>Transportleder f\u00f6ljer b\u00e5de gamla och moderna rutter. Pod\u011bbradys ursprung l\u00e5g vid ett vadst\u00e4lle p\u00e5 Kladsk\u00e1v\u00e4gen, en handelsv\u00e4g som f\u00f6rbinder Prag med Schlesien och Polen. I b\u00f6rjan av 1800-talet f\u00f6rband kejserliga v\u00e4gar staden med Hradec Kr\u00e1lov\u00e9 via P\u0159edm\u011bstsk\u00fd rybn\u00edk-dammen och till Kol\u00edn, Nymburk och vidare, k\u00e4llor till motorv\u00e4garna D11 och huvudv\u00e4garna I\/38, II\/611, I\/32 och II\/329 som betj\u00e4nar staden idag. Sju broar str\u00e4cker sig \u00f6ver Elbe inom kommungr\u00e4nsen, fr\u00e5n \u00f6versv\u00e4mningsbron i sten fr\u00e5n 1828\u201331 och dess efterf\u00f6ljare i st\u00e5l fr\u00e5n 2008 i mitten, till gasledningsbron vid Velk\u00e9 Zbo\u017e\u00ed. Fotg\u00e4ngare korsar \u00f6ver en 122 meter l\u00e5ng g\u00e5ngbro som byggdes 2002 vid vattenkraftverket, en annan av Anton\u00edn Engels ritningar som nu \u00e4r skyddad som ett nationellt kulturminnesm\u00e4rke.<\/p>\n<p>J\u00e4rnv\u00e4gsf\u00f6rbindelser har uppr\u00e4tth\u00e5llit Pod\u011bbradys f\u00f6rbindelser sedan 1870. \u00d6sterrikiska Nordv\u00e4stra j\u00e4rnv\u00e4gens dubbelsp\u00e5riga, elektrifierade linje 231 trafikerar express- och lokaltrafik till Prag, Kol\u00edn, Hradec Kr\u00e1lov\u00e9 och vidare, med ett femtiotal t\u00e5g som stannar varje vardag vid stadens huvudstation och dess h\u00e5llplats Velk\u00e9 Zbo\u017e\u00ed. Elbes kommersiella sj\u00f6fart, som en g\u00e5ng fraktades med kol p\u00e5 v\u00e4g till kraftverket i Chvaletice, har f\u00e5tt ge vika f\u00f6r fritidsfartyg \u2013 fr\u00e5n kryssningsfartyget Kr\u00e1l Ji\u0159\u00ed till privata sportb\u00e5tar \u2013 och f\u00f6r byf\u00e4rjan vid Ose\u010dek.<\/p>\n<p>Bussar trafikerar l\u00e5ngv\u00e4ga rutter till huvudst\u00e4der och kurorter i Tjeckien och grannl\u00e4nderna Slovakien och Polen, \u00e4ven om kollektivtrafiken i st\u00e4derna \u00e4r begr\u00e4nsad till en seniortaxitj\u00e4nst som introducerades 2016 f\u00f6r medborgare \u00f6ver sextiofem \u00e5r eller med r\u00f6relsehinder.<\/p>\n<p>Pod\u011bbradys karakt\u00e4r framtr\u00e4der inte i imponerande bef\u00e4stningar eller dramatiska toppar, utan i den tysta sammanhanget i dess bebyggda milj\u00f6, flodens stadiga puls och motst\u00e5ndskraften hos ett samh\u00e4lle som har anpassat antikens ruiner till moderna l\u00e4kande platser. H\u00e4r, under sl\u00e4ttens vida himmel, finner man inte ett sk\u00e5despel, utan en avm\u00e4tt n\u00e5d: tystnaden i spaparken i gryningen, tystnaden av Elbes str\u00f6mmar mot slitna kajstenar, historiens tystnad talad genom b\u00e5de sten och vatten. I denna sammanfl\u00f6de av d\u00e5tid och nutid best\u00e5r Pod\u011bbrady som en plats f\u00f6r reflektion och f\u00f6rnyelse, dess mjuka rytmer inbjuder resen\u00e4rer att r\u00f6ra sig i flodens egen takt.<\/p>","protected":false},"excerpt":{"rendered":"<p>Pod\u011bbrady, en kurort bel\u00e4gen i Central B\u00f6hmen i Tjeckien, har en befolkning p\u00e5 cirka 15 000 inv\u00e5nare. Detta omr\u00e5de ligger l\u00e4ngs floden Elbe och erbjuder en kombination av historisk betydelse och moderna h\u00e4lsofaciliteter. Stadens strategiska l\u00e4ge, cirka 39 kilometer \u00f6ster om Prag och 7 kilometer sydost om Nymburk, g\u00f6r den till en tillg\u00e4nglig tillflyktsort f\u00f6r b\u00e5de inv\u00e5nare och bes\u00f6kare som s\u00f6ker avlastning fr\u00e5n stadsmilj\u00f6er.<\/p>","protected":false},"author":1,"featured_media":18769,"parent":14322,"menu_order":0,"comment_status":"closed","ping_status":"closed","template":"elementor_theme","meta":{"_eb_attr":"","footnotes":""},"class_list":["post-16242","page","type-page","status-publish","has-post-thumbnail"],"_links":{"self":[{"href":"https:\/\/travelshelper.com\/sv\/wp-json\/wp\/v2\/pages\/16242","targetHints":{"allow":["GET"]}}],"collection":[{"href":"https:\/\/travelshelper.com\/sv\/wp-json\/wp\/v2\/pages"}],"about":[{"href":"https:\/\/travelshelper.com\/sv\/wp-json\/wp\/v2\/types\/page"}],"author":[{"embeddable":true,"href":"https:\/\/travelshelper.com\/sv\/wp-json\/wp\/v2\/users\/1"}],"replies":[{"embeddable":true,"href":"https:\/\/travelshelper.com\/sv\/wp-json\/wp\/v2\/comments?post=16242"}],"version-history":[{"count":0,"href":"https:\/\/travelshelper.com\/sv\/wp-json\/wp\/v2\/pages\/16242\/revisions"}],"up":[{"embeddable":true,"href":"https:\/\/travelshelper.com\/sv\/wp-json\/wp\/v2\/pages\/14322"}],"wp:featuredmedia":[{"embeddable":true,"href":"https:\/\/travelshelper.com\/sv\/wp-json\/wp\/v2\/media\/18769"}],"wp:attachment":[{"href":"https:\/\/travelshelper.com\/sv\/wp-json\/wp\/v2\/media?parent=16242"}],"curies":[{"name":"wp","href":"https:\/\/api.w.org\/{rel}","templated":true}]}}