{"id":15986,"date":"2024-09-22T01:16:31","date_gmt":"2024-09-22T01:16:31","guid":{"rendered":"https:\/\/travelshelper.com\/staging\/?page_id=15986"},"modified":"2024-09-22T01:19:54","modified_gmt":"2024-09-22T01:19:54","slug":"villkor-och-bestammelser","status":"publish","type":"page","link":"https:\/\/travelshelper.com\/sv\/terms-and-conditions\/","title":{"rendered":"Regler och villkor"},"content":{"rendered":"<div data-elementor-type=\"wp-page\" data-elementor-id=\"15986\" class=\"elementor elementor-15986\">\n\t\t\t\t<div class=\"elementor-element elementor-element-1aa50f8 e-flex e-con-boxed e-con e-parent\" data-id=\"1aa50f8\" data-element_type=\"container\" data-e-type=\"container\">\n\t\t\t\t\t<div class=\"e-con-inner\">\n\t\t<div class=\"elementor-element elementor-element-36c71f6b e-con-full e-flex e-con e-child\" data-id=\"36c71f6b\" data-element_type=\"container\" data-e-type=\"container\">\n\t\t\t\t<div class=\"elementor-element elementor-element-21e4fe46 elementor-widget elementor-widget-text-editor\" data-id=\"21e4fe46\" data-element_type=\"widget\" data-e-type=\"widget\" data-widget_type=\"text-editor.default\">\n\t\t\t\t\t\t\t\t\t<h1>Regler och villkor<\/h1>\n<p><\/p>\n<p>Senast uppdaterad: 2024-09-26<\/p>\n<p><\/p>\n<p>1.\u00a0<strong>Introduktion<\/strong><\/p>\n<p><\/p>\n<p>V\u00e4lkommen till\u00a0<strong>Travel S Helper<\/strong>\u00a0(\u201dF\u00f6retag\u201d, \u201dvi\u201d, \u201dv\u00e5r\u201d, \u201doss\u201d)!<\/p>\n<p><\/p>\n<p>Dessa anv\u00e4ndarvillkor (\u201dVillkor\u201d, \u201dAnv\u00e4ndarvillkor\u201d) reglerar din anv\u00e4ndning av v\u00e5r webbplats som finns p\u00e5\u00a0<strong>https:\/\/travelshelper.com<\/strong>\u00a0(tillsammans eller individuellt \u201cTj\u00e4nsten\u201d) drivs av\u00a0<strong>Travel S Helper<\/strong>.<\/p>\n<p><\/p>\n<p>V\u00e5r integritetspolicy reglerar \u00e4ven din anv\u00e4ndning av v\u00e5r tj\u00e4nst och f\u00f6rklarar hur vi samlar in, skyddar och l\u00e4mnar ut information som h\u00e4rr\u00f6r fr\u00e5n din anv\u00e4ndning av v\u00e5ra webbsidor.<\/p>\n<p><\/p>\n<p>Ditt avtal med oss \u200b\u200binkluderar dessa villkor och v\u00e5r integritetspolicy (\u201dAvtal\u201d). Du bekr\u00e4ftar att du har l\u00e4st och f\u00f6rst\u00e5tt avtalen och samtycker till att vara bunden av dem.<\/p>\n<p><\/p>\n<p>Om du inte godk\u00e4nner (eller inte kan f\u00f6lja) avtalen f\u00e5r du inte anv\u00e4nda tj\u00e4nsten, men v\u00e4nligen meddela oss genom att skicka e-post till\u00a0<strong>kontor@travelshelper.com<\/strong>\u00a0s\u00e5 att vi kan f\u00f6rs\u00f6ka hitta en l\u00f6sning. Dessa villkor g\u00e4ller f\u00f6r alla bes\u00f6kare, anv\u00e4ndare och andra som vill f\u00e5 tillg\u00e5ng till eller anv\u00e4nda Tj\u00e4nsten.<\/p>\n<p><\/p>\n<p>2.\u00a0<strong>Kommunikation<\/strong><\/p>\n<p><\/p>\n<p>Genom att anv\u00e4nda v\u00e5r tj\u00e4nst samtycker du till att prenumerera p\u00e5 nyhetsbrev, marknadsf\u00f6rings- eller reklammaterial och annan information som vi kan komma att skicka. Du kan dock v\u00e4lja att inte ta emot n\u00e5gon eller alla dessa meddelanden fr\u00e5n oss genom att f\u00f6lja l\u00e4nken f\u00f6r att avsluta prenumerationen eller genom att skicka e-post till office@travelshelper.com.<\/p>\n<p><\/p>\n<p>3.\u00a0<strong>T\u00e4vlingar, lotterier och kampanjer<\/strong><\/p>\n<p><\/p>\n<p>Alla t\u00e4vlingar, lotterier eller andra kampanjer (gemensamt kallade \u201dKampanjer\u201d) som g\u00f6rs tillg\u00e4ngliga via Tj\u00e4nsten kan regleras av regler som \u00e4r separata fr\u00e5n dessa Anv\u00e4ndarvillkor. Om du deltar i n\u00e5gra Kampanjer, v\u00e4nligen granska g\u00e4llande regler samt v\u00e5r Integritetspolicy. Om reglerna f\u00f6r en Kampanj strider mot dessa Anv\u00e4ndarvillkor g\u00e4ller Kampanjens regler.<\/p>\n<p><\/p>\n<p>4.\u00a0<strong>Inneh\u00e5ll<\/strong><\/p>\n<p><\/p>\n<p>V\u00e5r Tj\u00e4nst l\u00e5ter dig publicera, l\u00e4nka, lagra, dela och p\u00e5 annat s\u00e4tt tillg\u00e4ngligg\u00f6ra viss information, text, grafik, videor eller annat material (\u201dInneh\u00e5ll\u201d). Du ansvarar f\u00f6r Inneh\u00e5ll som du publicerar p\u00e5 eller via Tj\u00e4nsten, inklusive dess laglighet, tillf\u00f6rlitlighet och l\u00e4mplighet.<\/p>\n<p><\/p>\n<p>Genom att publicera Inneh\u00e5ll p\u00e5 eller via Tj\u00e4nsten f\u00f6rs\u00e4krar och garanterar du att: (i) Inneh\u00e5llet \u00e4r ditt (du \u00e4ger det) och\/eller du har r\u00e4tt att anv\u00e4nda det och r\u00e4tt att bevilja oss de r\u00e4ttigheter och den licens som anges i dessa Villkor, och (ii) att publiceringen av ditt Inneh\u00e5ll p\u00e5 eller via Tj\u00e4nsten inte bryter mot n\u00e5gon persons eller enhets integritetsr\u00e4ttigheter, publiceringsr\u00e4ttigheter, upphovsr\u00e4tt, avtalsr\u00e4ttigheter eller andra r\u00e4ttigheter. Vi f\u00f6rbeh\u00e5ller oss r\u00e4tten att s\u00e4ga upp kontot f\u00f6r alla som befinns g\u00f6ra intr\u00e5ng i en upphovsr\u00e4tt.<\/p>\n<p><\/p>\n<p>Du beh\u00e5ller alla dina r\u00e4ttigheter till allt Inneh\u00e5ll som du skickar in, publicerar eller visar p\u00e5 eller via Tj\u00e4nsten och du \u00e4r ansvarig f\u00f6r att skydda dessa r\u00e4ttigheter. Vi tar inget ansvar f\u00f6r Inneh\u00e5ll som du eller n\u00e5gon tredje part publicerar p\u00e5 eller via Tj\u00e4nsten. Genom att publicera Inneh\u00e5ll med hj\u00e4lp av Tj\u00e4nsten ger du oss dock r\u00e4tten och licensen att anv\u00e4nda, modifiera, offentligt framf\u00f6ra, offentligt visa, reproducera och distribuera s\u00e5dant Inneh\u00e5ll p\u00e5 och via Tj\u00e4nsten. Du samtycker till att denna licens inkluderar r\u00e4tten f\u00f6r oss att g\u00f6ra ditt Inneh\u00e5ll tillg\u00e4ngligt f\u00f6r andra anv\u00e4ndare av Tj\u00e4nsten, som ocks\u00e5 kan anv\u00e4nda ditt Inneh\u00e5ll i enlighet med dessa Villkor.<\/p>\n<p><\/p>\n<p>Travel S Helper har r\u00e4tt men inte skyldighet att \u00f6vervaka och redigera allt inneh\u00e5ll som tillhandah\u00e5lls av anv\u00e4ndare.<\/p>\n<p><\/p>\n<p>Dessutom \u00e4r Inneh\u00e5ll som finns p\u00e5 eller via denna Tj\u00e4nst Travel S Helpers egendom eller anv\u00e4nds med tillst\u00e5nd. Du f\u00e5r inte distribuera, modifiera, \u00f6verf\u00f6ra, \u00e5teranv\u00e4nda, ladda ner, publicera om, kopiera eller anv\u00e4nda n\u00e4mnda Inneh\u00e5ll, vare sig helt eller delvis, f\u00f6r kommersiella \u00e4ndam\u00e5l eller f\u00f6r personlig vinning, utan uttryckligt skriftligt tillst\u00e5nd i f\u00f6rv\u00e4g fr\u00e5n oss.<\/p>\n<p><\/p>\n<p>5.\u00a0<strong>F\u00f6rbjudna anv\u00e4ndningsomr\u00e5den<\/strong><\/p>\n<p><\/p>\n<p>Du f\u00e5r endast anv\u00e4nda Tj\u00e4nsten f\u00f6r lagliga \u00e4ndam\u00e5l och i enlighet med Villkoren. Du samtycker till att inte anv\u00e4nda Tj\u00e4nsten:<\/p>\n<p><\/p>\n<p>0.1. P\u00e5 n\u00e5got s\u00e4tt som bryter mot till\u00e4mplig nationell eller internationell lag eller f\u00f6rordning.<\/p>\n<p><\/p>\n<p>0.2. I syfte att utnyttja, skada eller f\u00f6rs\u00f6ka utnyttja eller skada minder\u00e5riga p\u00e5 n\u00e5got s\u00e4tt genom att exponera dem f\u00f6r ol\u00e4mpligt inneh\u00e5ll eller p\u00e5 annat s\u00e4tt.<\/p>\n<p><\/p>\n<p>0.3. Att \u00f6verf\u00f6ra eller f\u00e5 reklam- eller marknadsf\u00f6ringsmaterial skickat, inklusive &#034;skr\u00e4ppost&#034;, &#034;kedjebrev&#034;, &#034;spam&#034; eller annan liknande f\u00f6rs\u00e4ljning.<\/p>\n<p><\/p>\n<p>0.4. Att utge sig f\u00f6r att vara eller f\u00f6rs\u00f6ka utge sig f\u00f6r att vara F\u00f6retaget, en anst\u00e4lld p\u00e5 F\u00f6retaget, en annan anv\u00e4ndare eller n\u00e5gon annan person eller enhet.<\/p>\n<p><\/p>\n<p>0.5. P\u00e5 n\u00e5got s\u00e4tt som kr\u00e4nker andras r\u00e4ttigheter, eller p\u00e5 n\u00e5got s\u00e4tt \u00e4r olagligt, hotfullt, bedr\u00e4gligt eller skadligt, eller i samband med n\u00e5got olagligt, bedr\u00e4gligt eller skadligt syfte eller aktivitet.<\/p>\n<p><\/p>\n<p>0.6. Att \u00e4gna sig \u00e5t n\u00e5got annat beteende som begr\u00e4nsar eller h\u00e4mmar n\u00e5gons anv\u00e4ndning eller njutning av Tj\u00e4nsten, eller som, enligt v\u00e5r bed\u00f6mning, kan skada eller f\u00f6rol\u00e4mpa F\u00f6retaget eller anv\u00e4ndare av Tj\u00e4nsten eller uts\u00e4tta dem f\u00f6r ansvar.<\/p>\n<p><\/p>\n<p>Dessutom samtycker du till att inte:<\/p>\n<p><\/p>\n<p>0.1. Anv\u00e4nda Tj\u00e4nsten p\u00e5 ett s\u00e4tt som kan inaktivera, \u00f6verbelasta, skada eller f\u00f6rs\u00e4mra Tj\u00e4nsten eller st\u00f6ra n\u00e5gon annan parts anv\u00e4ndning av Tj\u00e4nsten, inklusive deras f\u00f6rm\u00e5ga att delta i realtidsaktiviteter via Tj\u00e4nsten.<\/p>\n<p><\/p>\n<p>0.2. Anv\u00e4nda robotar, spindlar eller andra automatiska enheter, processer eller medel f\u00f6r att f\u00e5 \u00e5tkomst till Tj\u00e4nsten f\u00f6r vilket syfte som helst, inklusive att \u00f6vervaka eller kopiera material p\u00e5 Tj\u00e4nsten.<\/p>\n<p><\/p>\n<p>0.3. Anv\u00e4nda n\u00e5gon manuell process f\u00f6r att \u00f6vervaka eller kopiera n\u00e5got av materialet p\u00e5 Tj\u00e4nsten eller f\u00f6r n\u00e5got annat obeh\u00f6rigt syfte utan v\u00e5rt f\u00f6reg\u00e5ende skriftliga medgivande.<\/p>\n<p><\/p>\n<p>0.4. Anv\u00e4nda n\u00e5gon enhet, programvara eller rutin som st\u00f6r Tj\u00e4nstens korrekta funktion.<\/p>\n<p><\/p>\n<p>0.5. Introducera virus, trojanska h\u00e4star, maskar, logiska bomber eller annat material som \u00e4r skadligt eller tekniskt skadligt.<\/p>\n<p><\/p>\n<p>0.6. F\u00f6rs\u00f6ka f\u00e5 obeh\u00f6rig \u00e5tkomst till, st\u00f6ra, skada eller avbryta n\u00e5gra delar av Tj\u00e4nsten, servern d\u00e4r Tj\u00e4nsten lagras, eller n\u00e5gon server, dator eller databas som \u00e4r ansluten till Tj\u00e4nsten.<\/p>\n<p><\/p>\n<p>0.7. Attacktj\u00e4nst via en denial-of-service-attack eller en distribuerad denial-of-service-attack.<\/p>\n<p><\/p>\n<p>0.8. Vidta \u00e5tg\u00e4rder som kan skada eller f\u00f6rfalska f\u00f6retagets betyg.<\/p>\n<p><\/p>\n<p>0.9. Annars f\u00f6rs\u00f6ka st\u00f6ra Tj\u00e4nstens korrekta funktion.<\/p>\n<p><\/p>\n<p>6.\u00a0<strong>Analys<\/strong><\/p>\n<p><\/p>\n<p>Vi kan komma att anv\u00e4nda tredjepartsleverant\u00f6rer f\u00f6r att \u00f6vervaka och analysera anv\u00e4ndningen av v\u00e5r tj\u00e4nst.<\/p>\n<p><\/p>\n<p>7.\u00a0<strong>Ingen anv\u00e4ndning av minder\u00e5riga<\/strong><\/p>\n<p><\/p>\n<p>Tj\u00e4nsten \u00e4r endast avsedd f\u00f6r \u00e5tkomst och anv\u00e4ndning av personer som \u00e4r minst arton (18) \u00e5r gamla. Genom att bes\u00f6ka eller anv\u00e4nda Tj\u00e4nsten garanterar och f\u00f6rs\u00e4krar du att du \u00e4r minst arton (18) \u00e5r gammal och har full befogenhet, r\u00e4tt och f\u00f6rm\u00e5ga att ing\u00e5 detta avtal och f\u00f6lja alla villkor i Villkoren. Om du inte \u00e4r minst arton (18) \u00e5r gammal \u00e4r du f\u00f6rbjuden att b\u00e5de f\u00e5 \u00e5tkomst till och anv\u00e4nda Tj\u00e4nsten.<\/p>\n<p><\/p>\n<p>8.\u00a0<strong>Immateriella r\u00e4ttigheter<\/strong><\/p>\n<p><\/p>\n<p>Tj\u00e4nsten och dess ursprungliga inneh\u00e5ll (exklusive inneh\u00e5ll som tillhandah\u00e5lls av anv\u00e4ndare), funktioner och funktionalitet \u00e4r och f\u00f6rblir Travel S Helpers och dess licensgivares exklusiva egendom. Tj\u00e4nsten \u00e4r skyddad av upphovsr\u00e4tt, varum\u00e4rkeslagar och andra lagar i och utl\u00e4ndska l\u00e4nder. V\u00e5ra varum\u00e4rken f\u00e5r inte anv\u00e4ndas i samband med n\u00e5gon produkt eller tj\u00e4nst utan f\u00f6reg\u00e5ende skriftligt medgivande fr\u00e5n Travel S Helper.<\/p>\n<p><\/p>\n<p>9.\u00a0<strong>Upphovsr\u00e4ttspolicy<\/strong><\/p>\n<p><\/p>\n<p>Vi respekterar andras immateriella r\u00e4ttigheter. Det \u00e4r v\u00e5r policy att svara p\u00e5 alla p\u00e5st\u00e5enden om att Inneh\u00e5ll som publiceras p\u00e5 Tj\u00e4nsten g\u00f6r intr\u00e5ng i upphovsr\u00e4tten eller andra immateriella r\u00e4ttigheter (\u201dIntr\u00e5ng\u201d) f\u00f6r n\u00e5gon person eller enhet.<\/p>\n<p><\/p>\n<p>Om du \u00e4r upphovsr\u00e4ttsinnehavare, eller \u00e4r auktoriserad p\u00e5 uppdrag av en s\u00e5dan, och du anser att det upphovsr\u00e4ttsskyddade verket har kopierats p\u00e5 ett s\u00e4tt som utg\u00f6r ett upphovsr\u00e4ttsintr\u00e5ng, v\u00e4nligen skicka in ditt anspr\u00e5k via e-post till office@travelshelper.com, med \u00e4mnesraden: &#034;Upphovsr\u00e4ttsintr\u00e5ng&#034; och inkludera i ditt anspr\u00e5k en detaljerad beskrivning av det p\u00e5st\u00e5dda intr\u00e5nget enligt beskrivningen nedan, under &#034;DMCA-meddelande och procedur f\u00f6r anspr\u00e5k p\u00e5 upphovsr\u00e4ttsintr\u00e5ng&#034;.<\/p>\n<p><\/p>\n<p>Du kan h\u00e5llas ansvarig f\u00f6r skador (inklusive kostnader och advokatarvoden) f\u00f6r felaktig framst\u00e4llning eller p\u00e5st\u00e5enden i ond tro om intr\u00e5ng i Inneh\u00e5ll som finns p\u00e5 och\/eller via Tj\u00e4nsten p\u00e5 din upphovsr\u00e4tt.<\/p>\n<p><\/p>\n<p>10.\u00a0<strong>DMCA-meddelande och procedur f\u00f6r anspr\u00e5k p\u00e5 upphovsr\u00e4ttsintr\u00e5ng<\/strong><\/p>\n<p><\/p>\n<p>Du kan skicka in en anm\u00e4lan i enlighet med Digital Millennium Copyright Act (DMCA) genom att skriftligen f\u00f6rse v\u00e5r upphovsr\u00e4ttsagent med f\u00f6ljande information (se 17 USC 512(c)(3) f\u00f6r mer information):<\/p>\n<p><\/p>\n<p>0.1. en elektronisk eller fysisk signatur fr\u00e5n den person som \u00e4r beh\u00f6rig att agera p\u00e5 upphovsr\u00e4ttsinnehavarens v\u00e4gnar;<\/p>\n<p><\/p>\n<p>0.2. en beskrivning av det upphovsr\u00e4ttsskyddade verket som du h\u00e4vdar har blivit intr\u00e5ng i, inklusive URL:en (dvs. webbsidans adress) till den plats d\u00e4r det upphovsr\u00e4ttsskyddade verket finns eller en kopia av det upphovsr\u00e4ttsskyddade verket;<\/p>\n<p><\/p>\n<p>0.3. identifiering av URL:en eller annan specifik plats p\u00e5 Tj\u00e4nsten d\u00e4r det material som du p\u00e5st\u00e5r g\u00f6r intr\u00e5ng finns;<\/p>\n<p><\/p>\n<p>0.4. din adress, ditt telefonnummer och din e-postadress;<\/p>\n<p><\/p>\n<p>0.5. ett uttalande fr\u00e5n dig om att du i god tro anser att den omtvistade anv\u00e4ndningen inte \u00e4r godk\u00e4nd av upphovsr\u00e4ttsinnehavaren, dennes ombud eller lagen;<\/p>\n<p><\/p>\n<p>0.6. en f\u00f6rs\u00e4kran fr\u00e5n dig, avgiven under ed, om att ovanst\u00e5ende information i ditt meddelande \u00e4r korrekt och att du \u00e4r upphovsr\u00e4ttsinnehavaren eller har beh\u00f6righet att agera p\u00e5 upphovsr\u00e4ttsinnehavarens v\u00e4gnar.<\/p>\n<p><\/p>\n<p>Du kan kontakta v\u00e5r upphovsr\u00e4ttsagent via e-post p\u00e5 office@travelshelper.com.<\/p>\n<p><\/p>\n<p>11.\u00a0<strong>Felrapportering och feedback<\/strong><\/p>\n<p><\/p>\n<p>Du kan antingen direkt p\u00e5 office@travelshelper.com eller via tredjepartswebbplatser och verktyg f\u00f6rse oss med information och feedback g\u00e4llande fel, f\u00f6rslag till f\u00f6rb\u00e4ttringar, id\u00e9er, problem, klagom\u00e5l och andra fr\u00e5gor relaterade till v\u00e5r Tj\u00e4nst (\u201dFeedback\u201d). Du bekr\u00e4ftar och samtycker till att: (i) du inte ska beh\u00e5lla, f\u00f6rv\u00e4rva eller h\u00e4vda n\u00e5gon immateriell r\u00e4ttighet eller annan r\u00e4ttighet, \u00e4gander\u00e4tt eller intresse i eller till Feedbacken; (ii) F\u00f6retaget kan ha utvecklingsid\u00e9er som liknar Feedbacken; (iii) Feedbacken inte inneh\u00e5ller konfidentiell information eller skyddad information fr\u00e5n dig eller n\u00e5gon tredje part; och (iv) F\u00f6retaget inte har n\u00e5gon skyldighet till sekretess avseende Feedbacken. I h\u00e4ndelse av att \u00f6verf\u00f6ring av \u00e4gander\u00e4tten till Feedbacken inte \u00e4r m\u00f6jlig p\u00e5 grund av till\u00e4mpliga tvingande lagar, ger du F\u00f6retaget och dess dotterbolag en exklusiv, \u00f6verf\u00f6rbar, o\u00e5terkallelig, kostnadsfri, underlicensierbar, obegr\u00e4nsad och evig r\u00e4tt att anv\u00e4nda (inklusive kopiera, modifiera, skapa h\u00e4rledda verk, publicera, distribuera och kommersialisera) Feedback p\u00e5 vilket s\u00e4tt som helst och f\u00f6r vilket syfte som helst.<\/p>\n<p><\/p>\n<p>12.\u00a0<strong>L\u00e4nkar till andra webbplatser<\/strong><\/p>\n<p><\/p>\n<p>V\u00e5r tj\u00e4nst kan inneh\u00e5lla l\u00e4nkar till webbplatser eller tj\u00e4nster fr\u00e5n tredje part som inte \u00e4gs eller kontrolleras av Travel S Helper.<\/p>\n<p><\/p>\n<p>Travel S Helper har ingen kontroll \u00f6ver och tar inget ansvar f\u00f6r inneh\u00e5llet, integritetspolicyerna eller praxisen p\u00e5 webbplatser eller tj\u00e4nster fr\u00e5n tredje part. Vi garanterar inte erbjudanden fr\u00e5n n\u00e5gon av dessa enheter\/individer eller deras webbplatser.<\/p>\n<p><\/p>\n<p>DU BEKR\u00c4FTAR OCH GODK\u00c4NNER ATT F\u00d6RETAGET INTE SKA VARA ANSVARIGT, DIREKT ELLER INDIREKT, F\u00d6R SKADOR ELLER F\u00d6RLUSTER SOM ORSAKAS ELLER P\u00c5ST\u00c5S ORSAKAS AV ELLER I SAMBAND MED ANV\u00c4NDNING AV ELLER F\u00d6RLITANDE P\u00c5 S\u00c5DANT INNEH\u00c5LL, VAROR ELLER TJ\u00c4NSTER SOM FINNS TILLG\u00c4NGLIGA P\u00c5 ELLER VIA S\u00c5DANA TREDJEPARTSWEBBPLATSER ELLER TJ\u00c4NSTER.<\/p>\n<p><\/p>\n<p>VI R\u00c5DAR STARKT ATT DIG L\u00c4SER ANV\u00c4NDARVILLKOREN OCH SEKRETESSPOLICYEN F\u00d6R ALLA TREDJEPARTS WEBBPLATSER ELLER TJ\u00c4NSTER SOM DU BES\u00d6KER.<\/p>\n<p><\/p>\n<p>13.\u00a0<strong>Garantifriskrivning<\/strong><\/p>\n<p><\/p>\n<p>DESSA TJ\u00c4NSTER TILLHANDAH\u00c5LLS AV F\u00d6RETAGET &#034;I BEFINTLIGT SKICK&#034; OCH &#034;I N\u00c4R DE \u00c4R TILLG\u00c4NGLIGA&#034;. F\u00d6RETAGET L\u00c4MNAR INGA UTF\u00c4STELSER ELLER GARANTIER AV N\u00c5GOT SLAG, VARE SIG UTTRYCKLIGA ELLER UNDERF\u00d6RST\u00c5DDA, G\u00c4LLANDE DRIFTET AV DERAS TJ\u00c4NSTER ELLER INFORMATIONEN, INNEH\u00c5LLET ELLER MATERIALET SOM ING\u00c5R D\u00c4RI. DU GODK\u00c4NNER UTTRYCKLIGEN ATT DIN ANV\u00c4NDNING AV DESSA TJ\u00c4NSTER, DERAS INNEH\u00c5LL OCH ALLA TJ\u00c4NSTER ELLER ARTIKLAR SOM ERH\u00c5LLS FR\u00c5N OSS SKER P\u00c5 EGEN RISK.<\/p>\n<p><\/p>\n<p>VARKEN F\u00d6RETAG ELLER N\u00c5GON PERSON SOM \u00c4R F\u00d6RKNYTTAD MED F\u00d6RETAGET L\u00c4MNAR N\u00c5GON GARANTI ELLER UTF\u00c4STELSE AVSEENDE TJ\u00c4NSTENAS FULLST\u00c4NDIGHET, S\u00c4KERHET, TILLF\u00d6RLITLIGHET, KVALITET, RIKTIGHET ELLER TILLG\u00c4NGLIGHET. UTAN ATT BEGR\u00c4NSA DET OVANST\u00c5ENDE, F\u00d6RKYNNAR ELLER GARANTERAR VARKEN F\u00d6RETAG ELLER N\u00c5GON SOM \u00c4R F\u00d6RKNYTTAD MED F\u00d6RETAGET ATT TJ\u00c4NSTENA, DERAS INNEH\u00c5LL ELLER N\u00c5GRA TJ\u00c4NSTER ELLER PRODUKTER SOM ERH\u00c5LLS VIA TJ\u00c4NSTENA KOMMER ATT VARA RIKTIGA, TILLF\u00d6RLITLIGA, FELFRIA ELLER OAVBROTTSLIGA, ATT FEL KOMMER ATT \u00c5TG\u00c4RDAS, ATT TJ\u00c4NSTENA ELLER SERVERN SOM G\u00d6R DEM TILLG\u00c4NGLIGA \u00c4R FRIA FR\u00c5N VIRUS ELLER ANDRA SKADLIGA KOMPONENTER ELLER ATT TJ\u00c4NSTENA ELLER N\u00c5GRA TJ\u00c4NSTER ELLER PRODUKTER SOM ERH\u00c5LLS VIA TJ\u00c4NSTENA P\u00c5 ANNAT S\u00c4TT KOMMER ATT UPPFYLLA DINA BEHOV ELLER F\u00d6RV\u00c4NTNINGAR.<\/p>\n<p><\/p>\n<p>F\u00d6RETAGET FR\u00c5NS\u00c4GER SIG H\u00c4RMED ALLA GARANTIER AV ALLA SLAG, OAVSETT DE \u00c4R UTTRYCKLIGA ELLER UNDERF\u00d6RST\u00c5DDA, LAGSTADGADE ELLER ANNAT, INKLUSIVE MEN INTE BEGR\u00c4NSAT TILL ALLA GARANTIER OM S\u00c4LJBARHET, ICKE-INTR\u00c5NG OCH L\u00c4MPLIGHET F\u00d6R ETT VISST \u00c4NDAM\u00c5L.<\/p>\n<p><\/p>\n<p>DET OVANST\u00c5ENDE P\u00c5VERKAR INTE N\u00c5GRA GARANTIER SOM INTE KAN UNDANTAS ELLER BEGR\u00c4NSAS ENLIGT G\u00c4LLANDE LAG.<\/p>\n<p><\/p>\n<p>14.\u00a0<strong>Ansvarsbegr\u00e4nsning<\/strong><\/p>\n<p><\/p>\n<p>MED UNDANTAG F\u00d6R VAD DET \u00c4R F\u00d6RBJUDET ENLIGT LAG, KOMMER DU ATT H\u00c5LLA OSS OCH V\u00c5RA TJ\u00c4NSTEM\u00c4N, STYRELSELEDAM\u00d6TER, ANST\u00c4LLDA OCH OMBUD SKADESFRIA F\u00d6R ALLA INDIREKTA, STRAFFBEFALDA, S\u00c4RSKILDA, TILLF\u00c4LLIGA ELLER F\u00d6LJDSKADOR, OAVSETT HUR DE UPPST\u00c5R (INKLUSIVE ADVOKATARVORVOR OCH ALLA RELATERADE KOSTNADER OCH UTGIFTER F\u00d6R TVISTER OCH SKILJEDOMSF\u00d6RFARANDE, ELLER VID R\u00c4TTEG\u00c5NG ELLER \u00d6VERKLAGANDE, OM N\u00c5GOT, OAVSETT OM TVISTER ELLER SKILJEDOMSF\u00d6RFARANDE INLEDS), OAVSETT DET \u00c4R I EN AVTALSTALAN, F\u00d6RSUMMELSE ELLER ANNAN SKADEST\u00c5NDSR\u00c4TT, ELLER SOM UPPST\u00c5R FR\u00c5N ELLER I SAMBAND MED DETTA AVTAL, INKLUSIVE MEN INTE BEGR\u00c4NSAT TILL ALLA KRAV P\u00c5 PERSONSKADA ELLER MAGENDOMSSKADA, SOM UPPST\u00c5R FR\u00c5N DETTA AVTAL OCH ALLA \u00d6VERTR\u00c4DELSER FR\u00c5N DIN MOT FEDERALA, STATLIGA ELLER LOKALA LAGAR, LAGAR, REGLER ELLER F\u00d6RESKRIFTER, \u00c4VEN OM F\u00d6RETAGET TIDIGARE HAR INFORMERATS OM M\u00d6JLIGHETEN F\u00d6R S\u00c5DAN SKADA. OM DET \u00c4R F\u00d6RBJUDET ENLIGT LAG, OM ANSVAR FINNS FR\u00c5N F\u00d6RETAGET, KOMMER DET ATT BEGR\u00c4NSAS TILL DET BELOPP SOM BETALATS F\u00d6R PRODUKTERNA OCH\/ELLER TJ\u00c4NSTERNA, OCH UNDER INGA OMST\u00c4NDIGHETER KOMMER DET ATT F\u00d6LJDSKADOR ELLER STRAFFR\u00c4TTSLIGA SKADOR UPPST\u00c5R. VISSA STATER TILL\u00c5TER INTE UNDANTAG ELLER BEGR\u00c4NSNING AV STRAFFR\u00c4TTSLIGA, TILLF\u00c4LLIGA SKADOR ELLER F\u00d6LJDSKADOR, S\u00c5 DEN TIDIGARE BEGR\u00c4NSNINGEN ELLER UNDANTAGET KANSKE INTE G\u00c4LLER DIG.<\/p>\n<p><\/p>\n<p>15.\u00a0<strong>Upps\u00e4gning<\/strong><\/p>\n<p><\/p>\n<p>Vi kan s\u00e4ga upp eller st\u00e4nga av ditt konto och sp\u00e4rra \u00e5tkomst till Tj\u00e4nsten omedelbart, utan f\u00f6reg\u00e5ende meddelande eller ansvar, efter eget gottfinnande, av vilken anledning som helst och utan begr\u00e4nsning, inklusive men inte begr\u00e4nsat till brott mot Villkoren.<\/p>\n<p><\/p>\n<p>Om du vill avsluta ditt konto kan du helt enkelt sluta anv\u00e4nda Tj\u00e4nsten.<\/p>\n<p><\/p>\n<p>Alla best\u00e4mmelser i Villkoren som till sin natur ska forts\u00e4tta att g\u00e4lla efter upps\u00e4gning ska forts\u00e4tta att g\u00e4lla efter upps\u00e4gning, inklusive, utan begr\u00e4nsning, best\u00e4mmelser om \u00e4gander\u00e4tt, garantifriskrivningar, ers\u00e4ttning och ansvarsbegr\u00e4nsningar.<\/p>\n<p><\/p>\n<p>16.\u00a0<strong>Till\u00e4mplig lag<\/strong><\/p>\n<p><\/p>\n<p>Dessa villkor ska regleras och tolkas i enlighet med nederl\u00e4ndsk lag, varvid till\u00e4mplig lag g\u00e4ller f\u00f6r avtalet utan h\u00e4nsyn till dess best\u00e4mmelser om lagval.<\/p>\n<p><\/p>\n<p>Underl\u00e5tenhet fr\u00e5n oss att genomdriva n\u00e5gon r\u00e4ttighet eller best\u00e4mmelse i dessa Villkor ska inte anses som ett avst\u00e5ende fr\u00e5n dessa r\u00e4ttigheter. Om n\u00e5gon best\u00e4mmelse i dessa Villkor befinns vara ogiltig eller inte verkst\u00e4llbar av en domstol, ska de \u00e5terst\u00e5ende best\u00e4mmelserna i dessa Villkor forts\u00e4tta att g\u00e4lla. Dessa Villkor utg\u00f6r hela avtalet mellan oss avseende v\u00e5r Tj\u00e4nst och ers\u00e4tter alla tidigare avtal som vi kan ha haft mellan oss avseende Tj\u00e4nsten.<\/p>\n<p><\/p>\n<p>17.\u00a0<strong>\u00c4ndringar av tj\u00e4nsten<\/strong><\/p>\n<p><\/p>\n<p>Vi f\u00f6rbeh\u00e5ller oss r\u00e4tten att dra tillbaka eller \u00e4ndra v\u00e5r Tj\u00e4nst, och alla tj\u00e4nster eller material som vi tillhandah\u00e5ller via Tj\u00e4nsten, efter eget gottfinnande utan f\u00f6reg\u00e5ende meddelande. Vi ansvarar inte om hela eller delar av Tj\u00e4nsten av n\u00e5gon anledning inte \u00e4r tillg\u00e4nglig n\u00e4r som helst eller under n\u00e5gon period. Fr\u00e5n tid till annan kan vi begr\u00e4nsa \u00e5tkomsten till vissa delar av Tj\u00e4nsten, eller hela Tj\u00e4nsten, f\u00f6r anv\u00e4ndare, inklusive registrerade anv\u00e4ndare.<\/p>\n<p><\/p>\n<p>18.\u00a0<strong>\u00c4ndringar av villkor<\/strong><\/p>\n<p><\/p>\n<p>Vi kan komma att \u00e4ndra Villkoren n\u00e4r som helst genom att publicera de \u00e4ndrade villkoren p\u00e5 denna webbplats. Det \u00e4r ditt ansvar att granska dessa Villkor regelbundet.<\/p>\n<p><\/p>\n<p>Din fortsatta anv\u00e4ndning av Plattformen efter publiceringen av reviderade Villkor inneb\u00e4r att du accepterar och godk\u00e4nner \u00e4ndringarna. Du f\u00f6rv\u00e4ntas kontrollera denna sida ofta s\u00e5 att du \u00e4r medveten om eventuella \u00e4ndringar, eftersom de \u00e4r bindande f\u00f6r dig.<\/p>\n<p><\/p>\n<p>Genom att forts\u00e4tta anv\u00e4nda v\u00e5r Tj\u00e4nst efter att eventuella \u00e4ndringar tr\u00e4tt i kraft, godk\u00e4nner du att vara bunden av de reviderade villkoren. Om du inte godk\u00e4nner de nya villkoren har du inte l\u00e4ngre beh\u00f6righet att anv\u00e4nda Tj\u00e4nsten.<\/p>\n<p><\/p>\n<p>19.\u00a0<strong>Avst\u00e5ende och avskiljbarhet<\/strong><\/p>\n<p><\/p>\n<p>Inget avst\u00e5ende fr\u00e5n Bolagets sida av n\u00e5got villkor som anges i Villkoren ska anses vara ett ytterligare eller fortl\u00f6pande avst\u00e5ende fr\u00e5n ett s\u00e5dant villkor eller ett avst\u00e5ende fr\u00e5n n\u00e5got annat villkor, och varje underl\u00e5tenhet fr\u00e5n Bolagets sida att h\u00e4vda en r\u00e4ttighet eller best\u00e4mmelse enligt Villkoren ska inte utg\u00f6ra ett avst\u00e5ende fr\u00e5n s\u00e5dan r\u00e4ttighet eller best\u00e4mmelse.<\/p>\n<p><\/p>\n<p>Om n\u00e5gon best\u00e4mmelse i Villkoren av en domstol eller annan beh\u00f6rig domstol befinns vara ogiltig, olaglig eller ogenomf\u00f6rbar av n\u00e5gon anledning, ska s\u00e5dan best\u00e4mmelse elimineras eller begr\u00e4nsas i minsta m\u00f6jliga utstr\u00e4ckning s\u00e5 att de \u00e5terst\u00e5ende best\u00e4mmelserna i Villkoren forts\u00e4tter att g\u00e4lla fullt ut.<\/p>\n<p><\/p>\n<p>20.\u00a0<strong>Bekr\u00e4ftelse<\/strong><\/p>\n<p><\/p>\n<p>GENOM ATT ANV\u00c4NDA TJ\u00c4NSTEN ELLER ANDRA TJ\u00c4NSTER SOM TILLHANDAH\u00c5LLS AV OSS, BEKR\u00c4FTAR DU ATT DU HAR L\u00c4ST DESSA ANV\u00c4NDARVILLKOR OCH GODK\u00c4NNER ATT VARA BUNDEN AV DEM.<\/p>\n<p><\/p>\n<p>21.\u00a0<strong>Kontakta oss<\/strong><\/p>\n<p><\/p>\n<p>V\u00e4nligen skicka din feedback, kommentarer och f\u00f6rfr\u00e5gningar om teknisk support via e-post:\u00a0<a href=\"mailto:office@travelshelper.com\"><strong>kontor@travelshelper.com<\/strong><\/a>.<\/p>\n<p><\/p>\t\t\t\t\t\t\t\t<\/div>\n\t\t\t\t<\/div>\n\t\t\t\t\t<\/div>\n\t\t\t\t<\/div>\n\t\t\t\t<\/div>","protected":false},"excerpt":{"rendered":"<p>Terms And Conditions Last updated: 2024-09-26 1.\u00a0Introduction Welcome to\u00a0Travel S Helper\u00a0(\u201cCompany\u201d, \u201cwe\u201d, \u201cour\u201d, \u201cus\u201d)! These Terms of Service (\u201cTerms\u201d, \u201cTerms of Service\u201d) govern your use of our website located at\u00a0https:\/\/travelshelper.com\u00a0(together or individually \u201cService\u201d) operated by\u00a0Travel S Helper. Our Privacy Policy also governs your use of our Service and explains how we collect, safeguard and disclose [&hellip;]<\/p>\n","protected":false},"author":1,"featured_media":0,"parent":0,"menu_order":0,"comment_status":"closed","ping_status":"closed","template":"elementor_header_footer","meta":{"_eb_attr":"","footnotes":""},"class_list":["post-15986","page","type-page","status-publish"],"_links":{"self":[{"href":"https:\/\/travelshelper.com\/sv\/wp-json\/wp\/v2\/pages\/15986","targetHints":{"allow":["GET"]}}],"collection":[{"href":"https:\/\/travelshelper.com\/sv\/wp-json\/wp\/v2\/pages"}],"about":[{"href":"https:\/\/travelshelper.com\/sv\/wp-json\/wp\/v2\/types\/page"}],"author":[{"embeddable":true,"href":"https:\/\/travelshelper.com\/sv\/wp-json\/wp\/v2\/users\/1"}],"replies":[{"embeddable":true,"href":"https:\/\/travelshelper.com\/sv\/wp-json\/wp\/v2\/comments?post=15986"}],"version-history":[{"count":0,"href":"https:\/\/travelshelper.com\/sv\/wp-json\/wp\/v2\/pages\/15986\/revisions"}],"wp:attachment":[{"href":"https:\/\/travelshelper.com\/sv\/wp-json\/wp\/v2\/media?parent=15986"}],"curies":[{"name":"wp","href":"https:\/\/api.w.org\/{rel}","templated":true}]}}