{"id":15555,"date":"2024-09-21T15:31:02","date_gmt":"2024-09-21T15:31:02","guid":{"rendered":"https:\/\/travelshelper.com\/staging\/?page_id=15555"},"modified":"2026-03-11T20:56:41","modified_gmt":"2026-03-11T20:56:41","slug":"ko-pha-ngan","status":"publish","type":"page","link":"https:\/\/travelshelper.com\/sv\/destinations\/asia\/thailand\/ko-pha-ngan\/","title":{"rendered":"Ko Pha Ngan"},"content":{"rendered":"<p>Ko Pha-ngan ligger tv\u00e4rt mellan sin st\u00f6rre syster\u00f6, Ko Samui, sexton kilometer s\u00f6derut, och den mindre Ko Tao, cirka trettiofem kilometer norrut. Med en ungef\u00e4r fyrtio kilometer l\u00e5ng kustlinje \u2013 en genomsnittlig tio timmars promenad runt kanten \u2013 reser sig \u00f6n tv\u00e4rt fr\u00e5n den bl\u00e5 Thail\u00e4ndska viken till en enda topp, Khao Ra, p\u00e5 635 meter. Dess huvudsakliga bos\u00e4ttning, Thong Sala, markerar b\u00e5de navet i det dagliga livet och landningsplatsen f\u00f6r f\u00e4rjor som anl\u00e4nder fr\u00e5n Donsak p\u00e5 fastlandet, 55 kilometer bort, och fr\u00e5n angr\u00e4nsande \u00f6ar.<\/p>\n<p>Ko Pha-ngans namn p\u00e5minner om dess naturliga s\u00e4rdrag. P\u00e5 sydthail\u00e4ndska betyder &#034;ngan&#034; &#034;sandbank&#034;, och \u00f6ver det grunda vattnet ligger tunna \u00e5sar av blek sand, formade av tidvatten och str\u00f6mmar till halvt neds\u00e4nkta holmar. Att komma i land h\u00e4r \u00e4r att trampa p\u00e5 sediment som har f\u00f6rskjutits och omformats generation efter generation, \u00e4ven n\u00e4r senare inv\u00e5nare l\u00e4mnat efter sig mer best\u00e5ende sp\u00e5r.<\/p>\n<p>L\u00e5ngt innan \u00f6n ansl\u00f6t sig till internationella resplaner drog den till sig Thailands monarkers uppm\u00e4rksamhet. Kung Chulalongkorn, Rama V, bes\u00f6kte \u00f6n inte mindre \u00e4n fjorton g\u00e5nger under sin regeringstid och korsade Mexikanska golfen p\u00e5 kunglig pr\u00e5m eller \u00e5ngb\u00e5t f\u00f6r att utforska dess vikar och floder. \u00c4nd\u00e5 str\u00e4cker sig m\u00e4nsklig n\u00e4rvaro p\u00e5 Ko Pha-ngan l\u00e5ngt tillbaka i tiden bortom dessa v\u00e4l dokumenterade resor. \u00c5r 1977 hittade arkeologer en bronstrumma fr\u00e5n \u0110\u00f4ng S\u01a1n-kulturen \u2013 daterad mellan 500 och 100 f.Kr. \u2013 p\u00e5 n\u00e4rliggande Ko Samui, ett bevis p\u00e5 att austronesiska sj\u00f6farare hade bosatt sig i dessa vatten f\u00f6r mer \u00e4n tv\u00e5 \u00e5rtusenden sedan. M\u00e5nga forskare tror att dessa tidiga resen\u00e4rer, som avreste fr\u00e5n Malackahalv\u00f6n, kan ha v\u00e4vt fr\u00e5n sina l\u00e5ngb\u00e5tar till Ko Pha-ngans klippiga vikar och sandbankar och s\u00e5tt fr\u00f6et till \u00f6ns f\u00f6rsta samh\u00e4llen.<\/p>\n<p>I \u00e5rtionden n\u00e5dde bes\u00f6kare Ko Pha-ngan med bilf\u00e4rja fr\u00e5n Ko Samuis Raja f\u00e4rjehamn \u2013 fortfarande fem kilometers bilresa fr\u00e5n Thong Sala \u2013 eller med l\u00e5ngsammare, mindre frekventa b\u00e5tar fr\u00e5n Donsak. \u00c5r 2012 b\u00f6rjade Kannithi Aviation (Kan Air) f\u00f6rv\u00e4rva 32 hektar f\u00f6r att bygga en flygplats som kan hantera upp till tusen passagerare dagligen, med en 1 095 meter l\u00e5ng landningsbana f\u00f6r ATR 72 turbopropplan. Kostnaderna, som ursprungligen budgeterades till 900 miljoner baht, har sedan dess f\u00f6rdubblats p\u00e5 grund av f\u00f6rseningar i milj\u00f6bed\u00f6mningar, och \u00f6ppningsdatumet, som en g\u00e5ng var planerat till 2014, \u00e4r fortfarande obekr\u00e4ftat.<\/p>\n<p>Administrativt bildar Ko Pha-ngan ett eget distrikt tillsammans med Ko Tao och en handfull holmar, som t\u00e4cker cirka 148 kvadratkilometer. Detta distrikt, uppdelat i tre tamboner och sjutton mubaner, balanserar lokalt styre med behoven hos en st\u00e4ndigt v\u00e4xande bes\u00f6karpopulation.<\/p>\n<p>\u00c5r 2018 lockade Ko Pha-ngan ungef\u00e4r 458 000 g\u00e4ster \u00e5rligen, vilket genererade \u00f6ver 7 300 ton fast avfall varje \u00e5r. Utsl\u00e4pp av orenat avloppsvatten hotar kustrev som redan \u00e4r belastade av stigande havstemperaturer. Som svar uts\u00e5g Thailands turistmyndighet \u00f6n till en &#034;Gr\u00f6n \u00f6&#034;, vilket \u00e5terspeglar samordnade insatser fr\u00e5n nationella och lokala myndigheter, ideella organisationer som EcoThailand Foundation och Trash Hero, f\u00f6retag som Sea Flower Bungalows och Sarikantang Resort, och inv\u00e5nare \u2013 b\u00e5de thail\u00e4ndska och utl\u00e4ndska \u2013 f\u00f6r att begr\u00e4nsa f\u00f6roreningar, \u00e5terst\u00e4lla koraller och fr\u00e4mja h\u00e5llbara f\u00f6rs\u00f6rjningsm\u00f6jligheter. En bitr\u00e4dande generalsekreterare f\u00f6r det nationella turistkontoret varnade f\u00f6r att \u00e4ven blygsamma \u00e5tg\u00e4rder &#034;kanske inte leder till betydande f\u00f6rb\u00e4ttringar&#034;, men betonade att &#034;det \u00e4r b\u00e4ttre \u00e4n att inte ha n\u00e5gonting&#034;.<\/p>\n<p>Anm\u00e4rkningsv\u00e4rt nog \u00e4r det ibland s\u00e4llsynta, rosaf\u00e4rgade delfiner som finns i vattnen utanf\u00f6r Ko Pha-ngan, medan en samordnad satsning p\u00e5 ekologiskt jordbruk \u2013 exemplifierat av satsningar som Raitiaviset-g\u00e5rden \u2013 f\u00f6rser lokala marknader med frukt, gr\u00f6nsaker, naturliga g\u00f6dningsmedel och insektsmedel. Dessa \u00e5taganden har sammanfl\u00e4tats med lokal turism och erbjuder workshops och &#034;fr\u00e5n g\u00e5rd till bord&#034;-upplevelser som kanaliserar bes\u00f6karnas pengar tillbaka till milj\u00f6v\u00e5rd.<\/p>\n<p>Ko Pha-ngans rykte str\u00e4ckte sig bortom geografi och ekologi n\u00e4r Alex Garland placerade sin inflytelserika roman The Beach fr\u00e5n 1996 bland dess palmkantade str\u00e4nder. \u00d6n d\u00f6k senare upp \u2013 om \u00e4n indirekt \u2013 i texterna till Klaxons (\u201dMagick\u201d, 2006) och Ace of Base (\u201dVision in Blue\u201d, 2010), och d\u00f6k upp som l\u00e5ttitlar f\u00f6r elektroniska artister s\u00e5 varierande som Ozric Tentacles (1989), Ashley Wallbridge (2012) och Infected Mushroom med Hatikva 6 (2016). Mer nyligen, 2022, dokumenterade vicereportern Tir Dhondy sina upplevelser i tantriska klasser d\u00e4r, och den tredje s\u00e4songen av tv-dramat The White Lotus iscensatte en fullm\u00e5nefest p\u00e5 Haad Rin-stranden. Till och med Drain Gangs album Trash Island \u00e5terspeglade platsen: inspelat mestadels i ett fritidshus p\u00e5 Ko Pha-ngan, avbildade omslaget en l\u00e5ga av ackumulerat skr\u00e4p l\u00e4ngs v\u00e4gen \u2013 en skoningsl\u00f6s p\u00e5minnelse om \u00f6ns milj\u00f6kamper.<\/p>\n<p>Geografiskt sett \u00e4r Ko Pha-ngan formad av en halv\u00f6 och vik, vulkanisk sten och sandbankar. Dess v\u00e4stra strand har str\u00e4nder som str\u00e4cker sig fr\u00e5n lyxiga f\u00e5tor till avskilda vikar. Ao Nai Wok, bara sju minuters promenad norr om f\u00e4rjan, erbjuder vindpinade barer f\u00f6r kajakpaddling och segling, medan Haad Salad i nordv\u00e4st lockar resen\u00e4rer till sin vita sand och exklusiva resorter. L\u00e4ngre s\u00f6derut bildar Haad Chao Phao och Haad Yao en dubbelkorridor av budgetbungalows, snorklingsrev och en och annan 7-Eleven.<\/p>\n<p>I nordost str\u00e4cker sig Haad Mae Haad \u00f6ver en sandbank till Ko Maas turkosa grunda vatten, en del av en nationalpark. Dess bykluster och m\u00e4ngd sm\u00e5 resorter g\u00f6r det till en av de b\u00e4sta snorklingsplatserna, f\u00f6rutsatt att bes\u00f6karna tajmar sina \u00f6verfarter med tidvattnet. Thonglang Bay, inb\u00e4ddad mellan Chalok Lam och Haad Mae Haad, f\u00f6rblir n\u00e4stan ouppt\u00e4ckt \u2013 en kort omv\u00e4g som bel\u00f6nar de som s\u00f6ker ensamhet.<\/p>\n<p>Vid den norra spetsen ligger Chalok Lam, en aktiv fiskeby vars smala strand under ett palmtak st\u00e5r i skarp kontrast till den n\u00e4rliggande Bottle Beach (Haad Khuat). Den n\u00e5s med longtailb\u00e5t fr\u00e5n Chalok Lam \u2013 eller via en strapatsfull tv\u00e5 till tre timmars vandring markerad med kasserade flaskor \u2013 och \u00e4r fortfarande en av \u00f6ns mest avl\u00e4gsna och lugna str\u00e4nder. I \u00f6ster ligger Thong Nai Pans dubbla bukter \u2013 Pan Yai och Pan Noi \u2013 som tillgodoser familjer och resen\u00e4rer som s\u00f6ker skyddat vatten, lugna restauranger och en paus fr\u00e5n novembermonsunens dyningar.<\/p>\n<p>I det syd\u00f6stra h\u00f6rnet ligger Haad Thien och Haad Yuan, b\u00e5da lugnare alternativ till den frenetiska energin i Haad Rin. Byn, p\u00e5 \u00f6ns s\u00f6dra udde, pulserar av neonupplysta strandbarer och lockar tusentals bes\u00f6kare till sin m\u00e5natliga Full Moon Party. Men \u00e4ven h\u00e4r, bara n\u00e5gra minuter fr\u00e5n festzonen, hittar du str\u00e4nderna Ban Kai och Ban Tai, d\u00e4r havet ibland \u00e4r grumligt och f\u00f6rs\u00e4ljare verkar under h\u00f6ga kokospalmer snarare \u00e4n nattklubbsbelysning.<\/p>\n<p>In i \u00f6ns inland str\u00e4cker sig ett n\u00e4tverk av stigar genom Phaeng nationalpark. D\u00e4r erbjuder utsiktsplatserna Phaeng och Dom Sila panoramautsikt efter korta vandringar fr\u00e5n de st\u00f6rsta vattenfallen. De inre stigarna forts\u00e4tter och f\u00f6rbinder Bottle Beach med Haad Khom \u00f6ver brant terr\u00e4ng, eller f\u00f6ljer \u00e5sen till Khao Ras topp. N\u00e4rmare Thong Sala ligger Than Sadet nationalpark, uppkallad efter Royal River som bes\u00f6kts av flera kungar. Dess vattenfall stupar markant under torra m\u00e5nader, men dess kaskad ner i den Andamanbl\u00e5 Sadetbukten g\u00f6r den lilla entr\u00e9avgiften v\u00e4rd besv\u00e4ret.<\/p>\n<p>P\u00e5 v\u00e4gen fr\u00e5n Thong Sala till Chalok Lam ligger ett kinesiskt tempel med utsikt \u00f6ver bukten och erbjuder fri entr\u00e9 och en lugn utsikt \u00f6ver den bleka sanden. I n\u00e4rheten ligger elefantl\u00e4ger \u2013 vissa tar 300 baht f\u00f6r en halvtimmes ridtur \u2013 bredvid en b\u00e5gskyttebana d\u00e4r upp till fyra nyb\u00f6rjare kan \u00f6va under tysktalande guider.<\/p>\n<p>Under v\u00e5gorna kantar dykskolor str\u00e4nderna Haad Yao och Chalok Lam, certifierade av Thailands turistmyndighet f\u00f6r att garantera operat\u00f6rernas s\u00e4kerhet. Sail Rock \u2013 en undervattenstopp mellan Ko Phangan och Ko Tao \u2013 reser sig fr\u00e5n 40 meters djup, dess v\u00e4ggar prydda med koraller och vimlar av rev- och pelagiska arter. F\u00f6r de som f\u00f6redrar landbaserad anstr\u00e4ngning erbjuder Muay Thai-l\u00e4ger i Haad Tien och Thong Sala tr\u00e4ning och \u00e5sk\u00e5darmatcher, medan b\u00e5gskytte, \u00f6rtbastur vid Wat Pho, yogaretreater som Agama Yoga och vattensporter \u2013 fr\u00e5n vindsurfing vid Ao Nai Wok till paddleboarding vid Haad Salad \u2013 avrundar utbudet. Vandringsleder f\u00f6rbinder str\u00e4nder och utsiktsplatser, men resen\u00e4rer b\u00f6r ta med vatten och lokala kartor: f\u00e5 leder har tillf\u00f6rlitlig skyltning.<\/p>\n<p>Thong Salas kv\u00e4llsmarknad utm\u00e4rker sig som det b\u00e4sta st\u00e4llet f\u00f6r blygsam thail\u00e4ndsk mat: curryr\u00e4tter med ris fr\u00e5n 40 baht, soppor f\u00f6r 30 baht och pannkakor f\u00f6r 20 baht, allt under ett enkelt tak med gratis Wi-Fi. Gatust\u00e5nd vid Chalok Lams 7-Eleven och framf\u00f6r den lokala Tesco-butiken erbjuder snacks och klibbigt rispaket, men man b\u00f6r f\u00f6rv\u00e4nta sig priser \u00f6ver Bangkoks \u2013 en \u00e5terspegling av transportkostnader och turisternas efterfr\u00e5gan. Konstgallerier, en g\u00e5ng s\u00e4llsynta, finns nu utspridda \u00f6ver \u00f6n och erbjuder verk av b\u00e5de utl\u00e4nningar och lokalbefolkning. H\u00e4ngmattor och hantverk finns i Thong Salas &#034;Hammock Home Gallery&#034;, \u00e4ven om riktiga fynd finns l\u00e4ngre bort fr\u00e5n f\u00e4rjekajerna, d\u00e4r det \u00e4r mer m\u00f6jligt att pruta.<\/p>\n<p>Ko Pha-ngan har ett rykte \u2013 bland utl\u00e4nningar och vissa lokala f\u00f6rs\u00e4ljare \u2013 f\u00f6r bryskhet. Bes\u00f6kare som s\u00f6ker souvenirer eller tj\u00e4nster b\u00f6r vara artiga: konflikter med inv\u00e5nare slutar s\u00e4llan v\u00e4l. V\u00e4gsp\u00e4rrar dyker upp regelbundet under tv\u00e5 veckor f\u00f6re Full Moon Party, och civilkl\u00e4dd polis patrullerar Haad Rin; narkotikainnehav riskerar h\u00e5rda straff och p\u00e5tvingade urintester. Festdeltagare b\u00f6r vidta f\u00f6rsiktighets\u00e5tg\u00e4rder: l\u00e4mna v\u00e4rdesaker i s\u00e4kert f\u00f6rvar, kontrollera f\u00f6rseglingarna p\u00e5 flaskhinkar, varva alkohol med vatten och undvika att springa p\u00e5 v\u00e4gar bestr\u00f6dda med krossat glas. Eldstadion kan ant\u00e4nda flammande batonger \u2013 spektakul\u00e4ra n\u00e4r de kontrolleras, farliga n\u00e4r de inte g\u00f6r det.<\/p>\n<p>\u00c4ven lokala hundar kan utg\u00f6ra en fara p\u00e5 isolerade stigar. Resen\u00e4rer b\u00f6r r\u00f6ra sig l\u00e5ngsamt, tala mjukt och l\u00e4mna revir om de konfronteras. Ett bett kan kr\u00e4va akut behandling i Bangkok f\u00f6r rabiesprofylax.<\/p>\n<p>Boendet str\u00e4cker sig fr\u00e5n rustika skjul endast f\u00f6r fans p\u00e5 Than Sadet Beach till hippa, exklusiva resorter som Sanctuary at Haad Thien. \u00c4ven om Haad Rin fortfarande \u00e4r nattlivets centrum, v\u00e4ntar \u00f6ver trettio vikar och bukter p\u00e5 de som \u00e4r villiga att v\u00e5ga sig bortom byns neonljus. Var och en erbjuder sin egen karakt\u00e4r: vissa frodas med budgetbungalows och kv\u00e4llliga elddansshower, andra ligger n\u00e4stan tomma och ekar bara ljudet av v\u00e5gor mot sanden.<\/p>\n<p>Ko Pha-ngans charm uppst\u00e5r ur just denna kontrast. Det \u00e4r p\u00e5 en g\u00e5ng en \u00f6 av monarkminnen och backpackers festligheter; en plats d\u00e4r forntida avfallsfynd ligger under festdeltagarnas fotsp\u00e5r; d\u00e4r milj\u00f6m\u00e4ssigt ansvar m\u00f6ter gr\u00e4srotsaktivism; d\u00e4r rosa delfiner v\u00e4lver sig i azurbl\u00e5 vikar medan hinkar med alkohol passerar fr\u00e5n hand till hand i m\u00e5nskenet. Att tillbringa tid h\u00e4r \u00e4r att bevittna ett landskap och en kultur i st\u00e4ndig f\u00f6rhandling med sig sj\u00e4lv \u2013 r\u00f6rigt, of\u00f6ruts\u00e4gbart, ibland obekv\u00e4mt, men alltid envist levande. I den \u00f6mt\u00e5liga sp\u00e4nningen mellan bevarande och f\u00f6r\u00e4ndring erbjuder Ko Pha-ngan sin mest best\u00e5ende l\u00e4rdom: att sk\u00f6nhet \u2013 liksom sandbankarna vid dess str\u00e4nder \u2013 bara formas n\u00e4r str\u00f6mmar f\u00f6r\u00e4ndras, kolliderar och omformar sig p\u00e5 nytt.<\/p>","protected":false},"excerpt":{"rendered":"<p>Ko Pha-ngan ligger i Thailandviken och \u00e4r en \u00f6 som \u00e4r en del av Surat Thani-provinsen i s\u00f6dra Thailand. Bel\u00e4get ungef\u00e4r 55 kilometer fr\u00e5n fastlandet och 15 kilometer norr om Ko Samui, en st\u00f6rre syster\u00f6, har detta tropiska paradis uppskattningsvis 12 000 permanenta inv\u00e5nare. \u00d6ns rika f\u00f6rflutna, varierade ekosystem och aktiva kultur har dragit stor attraktion f\u00f6r b\u00e5de bes\u00f6kare och andliga s\u00f6kare.<\/p>","protected":false},"author":1,"featured_media":4375,"parent":15536,"menu_order":0,"comment_status":"closed","ping_status":"closed","template":"elementor_theme","meta":{"_eb_attr":"","footnotes":""},"class_list":["post-15555","page","type-page","status-publish","has-post-thumbnail"],"_links":{"self":[{"href":"https:\/\/travelshelper.com\/sv\/wp-json\/wp\/v2\/pages\/15555","targetHints":{"allow":["GET"]}}],"collection":[{"href":"https:\/\/travelshelper.com\/sv\/wp-json\/wp\/v2\/pages"}],"about":[{"href":"https:\/\/travelshelper.com\/sv\/wp-json\/wp\/v2\/types\/page"}],"author":[{"embeddable":true,"href":"https:\/\/travelshelper.com\/sv\/wp-json\/wp\/v2\/users\/1"}],"replies":[{"embeddable":true,"href":"https:\/\/travelshelper.com\/sv\/wp-json\/wp\/v2\/comments?post=15555"}],"version-history":[{"count":0,"href":"https:\/\/travelshelper.com\/sv\/wp-json\/wp\/v2\/pages\/15555\/revisions"}],"up":[{"embeddable":true,"href":"https:\/\/travelshelper.com\/sv\/wp-json\/wp\/v2\/pages\/15536"}],"wp:featuredmedia":[{"embeddable":true,"href":"https:\/\/travelshelper.com\/sv\/wp-json\/wp\/v2\/media\/4375"}],"wp:attachment":[{"href":"https:\/\/travelshelper.com\/sv\/wp-json\/wp\/v2\/media?parent=15555"}],"curies":[{"name":"wp","href":"https:\/\/api.w.org\/{rel}","templated":true}]}}