{"id":15466,"date":"2024-09-21T13:48:07","date_gmt":"2024-09-21T13:48:07","guid":{"rendered":"https:\/\/travelshelper.com\/staging\/?page_id=15466"},"modified":"2026-03-11T21:44:36","modified_gmt":"2026-03-11T21:44:36","slug":"asjchabad","status":"publish","type":"page","link":"https:\/\/travelshelper.com\/sv\/destinations\/asia\/turkmenistan\/ashgabat\/","title":{"rendered":"Asjchabad"},"content":{"rendered":"<p>Bel\u00e4get vid tr\u00f6skeln till Karakum\u00f6knen och skyddat av Kopetdagbergens fot, reser sig Ashgabat fr\u00e5n blek sand likt en h\u00e4gring given substans. P\u00e5 en h\u00f6jd som varierar mellan tv\u00e5hundra och tv\u00e5hundrafemtiofem meter \u00f6ver havet, vilar staden p\u00e5 sediment som avlagts av det forntida Paratethyshavet, vars grundvalar \u00e4r b\u00e5de sk\u00f6ra och s\u00e4genomspunna. F\u00e4rre \u00e4n trettio kilometer fr\u00e5n gr\u00e4nsen till Iran ligger Ashgabat p\u00e5 en oas som \u00e4r ben\u00e4gen f\u00f6r skakningar, men \u00e4nd\u00e5 motst\u00e5r den jordens r\u00f6relser med en beslutsamhet \u2013 en som har definierat dess karakt\u00e4r fr\u00e5n det \u00f6gonblick d\u00e5 ryska soldater f\u00f6rst ritade kartor \u00f6ver stambyn 1881.<\/p>\n<p>Fr\u00e5n sitt ursprung som en blygsam bos\u00e4ttning av Ahal Teke-jurter \u2013 kanske fyra tusen enligt tidiga ryska bes\u00f6kare \u2013 utvecklades Ashgabat pl\u00f6tsligt efter 1881 till en garnisonsstad med f\u00e4rre \u00e4n tre tusen inv\u00e5nare, n\u00e4stan helt ryska till sin sammans\u00e4ttning. Ankomsten av den transkaspiska j\u00e4rnv\u00e4gen vid sekelskiftet \u00f6ppnade staden f\u00f6r migranter fr\u00e5n Kaukasus, Volgadalen och Persien, och n\u00e4stan f\u00f6rdubblade dess befolkning inom ett decennium. \u00c5r 1911 tr\u00e4ngdes cirka fyrtiofem tusen inv\u00e5nare p\u00e5 gatorna; etniska ryssar utgjorde majoriteten, \u00e5tf\u00f6ljda av armenier, perser och en spridning av andra grupper. \u00c5r 1924 blev bos\u00e4ttningen, d\u00e5 k\u00e4nd under sitt sovjetiska namn Poltoratsk, s\u00e4te f\u00f6r den turkmenska sovjetiska socialistiska republiken, och strax d\u00e4refter b\u00f6rjade andelen turkmener inom stadsgr\u00e4nserna \u00f6ka, om \u00e4n gradvis, i takt med att den sovjetiska politiken omformade samh\u00e4llet. Trots s\u00e5dana f\u00f6r\u00e4ndringar \u00f6delade en katastrofal jordb\u00e4vning i oktober 1948 stora delar av stadsstrukturen, spred tragedi \u00f6ver Ashgabats avenyer och f\u00f6rpassade hela stadsdelar till ruiner.<\/p>\n<p>\u00c4nd\u00e5 visade sig f\u00f6r\u00f6delsen knappast vara mer \u00e4n ett f\u00f6rspel till en regenerering. Under de f\u00f6ljande \u00e5rtiondena f\u00f6rde den sovjetbyggda Karakumkanalen Amu Darjas vatten genom staden fr\u00e5n \u00f6st till v\u00e4st, vilket uppr\u00e4tth\u00f6ll b\u00e5de tr\u00e4dg\u00e5rdar och nybyggnation. N\u00e4r Turkmenistan uppn\u00e5dde sj\u00e4lvst\u00e4ndighet 1991 inledde president Saparmurat Niyazov ett ambiti\u00f6st program f\u00f6r stadsf\u00f6rnyelse. Under hans ledning formade utl\u00e4ndska f\u00f6retag \u2013 framf\u00f6r allt Bouygues i Frankrike och de turkiska f\u00f6retagen Polimeks och Gap \u0130n\u015faat \u2013 ett arkitektoniskt uttryck med r\u00f6tter i grekisk-romerska kolonner och persiska kupoler, d\u00e4r varje yta var kl\u00e4dd i lysande vit marmor. Hela boulevarder skimrade i solen, medan pelare och frontoner gav vika f\u00f6r monumentala font\u00e4ner och torg utformade f\u00f6r att imponera p\u00e5 b\u00e5de medborgare och diplomater.<\/p>\n<p>Idag \u00f6verstiger Ashgabats befolkning en miljon, varav turkmener utg\u00f6r mer \u00e4n tre fj\u00e4rdedelar av inv\u00e5narna. Ryssar st\u00e5r f\u00f6r ungef\u00e4r tio procent, medan mindre samh\u00e4llen av uzbeker, azerier, turkar och andra beh\u00e5ller sina egna kulturella enklaver. Administrativt \u00e4r staden uppdelad i fyra huvudstadsdelar: Bagty\u00fdarlyk, Berkararlyk, B\u00fczme\u00fdin och K\u00f6petdag. Dessa etraplar absorberar en konstellation av mikrodistrikt \u2013 numrerade sektorer och namngivna stadsdelar som Howdan A, B och W, och Parahat-serien \u2013 som vart och ett etablerats f\u00f6r att effektivisera allm\u00e4nnyttiga tj\u00e4nster och bostadsf\u00f6rvaltning, dock utan oberoende lokalt styre. De skiftande gr\u00e4nserna f\u00f6r dessa enheter \u00e5terspeglar Ashgabats oavbrutna f\u00f6rnyelse: stadsdelar som en g\u00e5ng bar Lenins och Niyazovs namn har slagits samman och bytt namn, medan planer p\u00e5 ett femte distrikt, Altyn etraby, centrerat kring det nyligen d\u00f6pta semesterortsomr\u00e5det Golden Lake, tillk\u00e4nnagavs 2020.<\/p>\n<p>Under sin gl\u00e4nsande fasad har dock stadens f\u00f6rnyelse haft en m\u00e4nsklig kostnad. Rivning f\u00f6r att f\u00e5 flerbostadstorn med marmorfasad har ofta inneburit att enfamiljshus \u2013 bost\u00e4der som \u00e5teruppbyggts efter jordb\u00e4vningen 1948 men aldrig formellt registrerats \u2013 har tagits bort och i m\u00e5nga fall har hyresg\u00e4ster blivit vr\u00e4kta utan ers\u00e4ttning. Omr\u00e5den som Ruhabat och tidigare datjasamh\u00e4llen i Berzengi och Choganly f\u00f6rsvann under bulldozrar och l\u00e4mnade sina inv\u00e5nare vilda.<\/p>\n<p>Geografiskt sett har Ashgabat ett klimat som \u00e4r b\u00e5de og\u00e4stv\u00e4nligt och sl\u00e5ende. Somrarna \u00e4r heta: Julieftermiddagarna n\u00e5r regelbundet en genomsnittlig h\u00f6gsta temperatur p\u00e5 38,3 \u00b0C, och vid s\u00e4llsynta tillf\u00e4llen \u00f6ver 47 \u00b0C. N\u00e4tterna ger bara en mild uppeh\u00e5ll, med l\u00e4gsta temperaturer runt 23,8 \u00b0C. Vintrarna \u00e4r korta och svala, med temperaturer strax under fryspunkten ibland; historiska uppgifter noterar en l\u00e4gsta temperatur p\u00e5 \u201324,1 \u00b0C \u00e5r 1969. Nederb\u00f6rden skadar knappt den obevekliga solen och \u00f6verstiger s\u00e4llan tv\u00e5hundra millimeter \u00e5rligen. \u00c4nd\u00e5 s\u00e5g staden i april 2022 \u00f6ver trehundra millimeter nederb\u00f6rd, vilket krossade m\u00e5nadsnormerna och p\u00e5minde inv\u00e5narna om denna \u00f6kenomg\u00e4rdade sl\u00e4tts nyckfullhet.<\/p>\n<p>Arkitekturen \u00e4r fortfarande Ashgabats mest i\u00f6gonfallande k\u00e4nnetecken. Efter Niyazovs d\u00f6d 2006 avtog f\u00f6rk\u00e4rleken f\u00f6r kupoler, f\u00f6rutom i heliga utrymmen, och gav vika f\u00f6r modernistiska motiv som signalerar en byggnads funktion. En jordglob tronar ovanp\u00e5 utrikesministeriet, dess interi\u00f6r fungerar som konferenssal; ett stiliserat mynt kr\u00f6ner utvecklingsbanken; h\u00e4lso- och sjukv\u00e5rdsministeriet antar formen av en caduceus; ett tandv\u00e5rdssjukhus liknar en \u00f6verdimensionerad molar; och Ashgabats internationella flygplats falkformade terminal gestikulerar mot himlen, dess 2,3 miljarder dollar dyra expansion kan hantera fjorton miljoner passagerare varje \u00e5r.<\/p>\n<p>Den vita marmorytan str\u00e4cker sig \u00e4nda till tv-tornet, vars \u00e5ttkantiga Oguzkhan-stj\u00e4rna \u2013 symbolen f\u00f6r den forntida turkiska h\u00e4rstamningen \u2013 f\u00f6rdes in i Guinness rekordbok som den st\u00f6rsta arkitektoniska stj\u00e4rnan. Medborgarmonument v\u00e4xer i allt st\u00f6rre utstr\u00e4ckning: sedan sj\u00e4lvst\u00e4ndigheten har statyer av Lenin och Pusjkin f\u00e5tt s\u00e4llskap av hyllningar till Magtymguly Pyragy, Taras Shevchenko, Alp Arslan och Mustafa Kemal Atat\u00fcrk. I parker som Ylham och VDNH-komplexet vakar heroiska byster \u00f6ver tr\u00e4dkantade promenader. En f\u00f6rgylld bild av Niyazov roterade en g\u00e5ng ovanp\u00e5 Neutralitetsb\u00e5gen och orienterade sig mot solen tills den togs bort 2010 under president Gurbanguly Berdimuhamedov.<\/p>\n<p>Nyligen tillagda byggnader vittnar om fortsatt statligt beskydd av offentlig konst. I maj 2015 invigdes en monumental avbild av den sittande presidenten n\u00e4ra nationalstadion. \u00c5r 2020 uppf\u00f6rdes bronsmonument f\u00f6r att hedra den turkmenska hundrasen Alabay och ett cykelmonument avt\u00e4cktes p\u00e5 cirkul\u00e4ra torg. I maj 2024 restes en sextio meter l\u00e5ng skulptur av Magtymguly Pyragy, 1700-talspoeten och filosofen vars verser pulserar genom det turkmenska medvetandet, vid foten av Kopetdag. I oktober d\u00e4rp\u00e5 placerades en staty av den kazakiska poeten Abai Qunanbaiuly i Lachynparken, vilket understryker stadens transnationella kulturdialog. Inom Magtymguly Pyragy kultur- och parkkomplex hyllar tjugofyra marmorfigurer ber\u00f6mda personer fr\u00e5n Dante och Goethe till Tagore och Langston Hughes, var och en f\u00e5ngad med avsikt att framkalla den unika andan i deras verk.<\/p>\n<p>Men under storheten d\u00f6ljer sig minnet. Bekrewe-minnesm\u00e4rket hedrar de som f\u00f6rlorades i slaget vid Geok Tepe och andra v\u00e4rldskriget, med en bronstjur som b\u00e4r jordgloben \u2013 en anspelning p\u00e5 jordb\u00e4vningen 1948 \u2013 och turkmenska krigare som flankerar en \u00e4nka i sorg. Det statliga Halk Hakydasy-minnesm\u00e4rket, som \u00f6ppnades 2014, hedrar minnet av offren i konflikterna i slutet av 1800-talet, andra v\u00e4rldskriget och jordb\u00e4vningens offer, med murar prydda med basreliefscener fr\u00e5n turkmensk historia.<\/p>\n<p>Religi\u00f6s arkitektur sp\u00e5r ytterligare ett lager av Ashgabats f\u00f6rflutna. \u00c5r 1908 blev staden hemvist f\u00f6r v\u00e4rldens f\u00f6rsta bah\u00e1&#039;\u00ed-gudshus, omgivet av formella tr\u00e4dg\u00e5rdar och kompletterat av en skola, sjukhus, g\u00e4sthus och bost\u00e4der f\u00f6r tr\u00e4dg\u00e5rdssk\u00f6tare. Under sovjetisk sekularisering \u00f6vergavs fastigheten 1928 och omvandlades till ett konstgalleri tills jordb\u00e4vningen skadade den o\u00e5terkalleligt; den revs 1963. Idag omfattar det religi\u00f6sa landskapet mosk\u00e9er som T\u00fcrkmenba\u015fy Ruhy-mosk\u00e9n, den turkiskt finansierade \u00c4rtogrul Gazy-byggnaden modellerad efter Istanbuls Sultan Ahmed-mosk\u00e9 och mindre grannskapshelgedomar. Kyrkor finns ocks\u00e5 kvar: fem kristna gudshus, inklusive fyra rysk-ortodoxa f\u00f6rsamlingar - Sankt Alexander Nevskij, Sankt Nikolaus Mirakelg\u00f6raren, Kristus uppst\u00e5ndelsen och Sankt Cyril och Methodius - och ett romersk-katolskt kapell inom den p\u00e5vliga nuntiaturen, uppr\u00e4tth\u00e5ller en blygsam kristen n\u00e4rvaro mitt i officiell granskning av religi\u00f6sa minoriteter.<\/p>\n<p>Kulturlivet utspelar sig i museer och teatrar utspridda \u00f6ver marmorerade torg. Statsmuseet vid Turkmenistans statliga kulturcenter, som upptar \u00f6ver ett hundra sextio tusen kvadratmeter, presenterar samlingar fr\u00e5n parthiska antikviteter till modern mattv\u00e4vning, medan presidentmuseet dokumenterar republikens inrikes- och utrikespolitik. Museet f\u00f6r etnografi och lokalhistoria unders\u00f6ker turkmensk flora och folklore, och privata initiativ som ART-bazar, som \u00f6ppnades 2024, visar upp samtida hantverk. Scenkonstscener \u2013 fr\u00e5n Magtymguly National Musical and Drama Theatre till Turkmen State Circus \u2013 erbjuder program inom opera, drama och dockteater. Biografer, inklusive den banbrytande tredimensionella A\u015fgabat Cinema, ligger bredvid sex andra sk\u00e4rmar, n\u00e5gra inrymda i nya shoppingkomplex. Statsbiblioteket, som grundades 1892 och fick nationell status 1992, har \u00f6ver sex miljoner volymer; Statens barnbibliotek, med en kvarts miljon artiklar, fostrar unga l\u00e4sare.<\/p>\n<p>Parklandskapet erbjuder en paus fr\u00e5n marmor och trafik. Den botaniska tr\u00e4dg\u00e5rden, som anlades 1929 och \u00e4r den \u00e4ldsta i sitt slag i Centralasien, str\u00e4cker sig \u00f6ver arton hektar och hyser mer \u00e4n femhundra v\u00e4xtarter. Den f\u00f6rsta parken \u2013 Ashgabatparken \u2013 dateras till 1887 och \u00e4r fortfarande en scen f\u00f6r familjeutflykter, medan andra gr\u00f6nomr\u00e5den som G\u00fcne\u015f, den turkmensk-turkiska v\u00e4nskapsparken och sj\u00e4lvst\u00e4ndighetsparken \u00e5terspeglar diplomatiska band. Den konstgjorda strandpromenaden vid Gyllene sj\u00f6n lovar fritid och vattensporter. Den s\u00e5 kallade n\u00f6jesparken World of Turkmenbashi Tales, med \u00e5kattraktioner konstruerade i statligt sponsrad stil, erbjuder en lokal variant av internationell underh\u00e5llning.<\/p>\n<p>Under dessa infrastrukturlager uppr\u00e4tth\u00e5ller Ashgabat en kostsam verklighet f\u00f6r utl\u00e4nningar. Unders\u00f6kningar 2019 och 2020 rankade den som v\u00e4rldens dyraste stad f\u00f6r utlandsboende och den n\u00e4st dyraste totalt sett, en konsekvens av kraftig inflation och h\u00f6ga importavgifter. Transporterna inom staden kombinerar bussar \u2013 \u00f6ver sjuhundra fordon som trafikerar ett n\u00e4tverk som \u00f6verstiger tv\u00e5tusen kilometer rutter \u2013 med taxibilar som k\u00e4nnetecknas av sm\u00e5 gr\u00f6na takskyltar. En monorail-slinga inom Olympic Village, som \u00f6ppnades 2016, st\u00e5r som Centralasiens f\u00f6rsta, medan linbanor f\u00f6rbinder stadsgenomfartsleder med Kopetdag-bergen. Bortom stadsgr\u00e4nserna f\u00f6rbinder sexhundra kilometer autobahn Ashgabat med Tejen, Mary och T\u00fcrkmenabat, och vidare till grannstaterna, medan den \u00e5terupplivade j\u00e4rnv\u00e4gsstationen f\u00f6rankrar l\u00e5ngdistansrutter p\u00e5 Transkaspiska och Trans-Karakum-linjerna.<\/p>\n<p>Ashgabats ben\u00e4mning har f\u00f6r\u00e4ndrats med varje era: en g\u00e5ng &#034;K\u00e4rlekens stad&#034;, nu allm\u00e4nt kallad &#034;Den vita marmorns stad&#034;. H\u00e4r har en mans vision \u2013 f\u00f6rst av kolonialf\u00f6rvaltare, sedan av en sovjetrepublik och slutligen av en sj\u00e4lvst\u00e4ndig nation \u2013 skulpterat varje torg och fasad. Bes\u00f6kare som anl\u00e4nder till de marmorkl\u00e4dda terminalerna kan k\u00e4nna sig som om de har klivit in i en annan v\u00e4rld, en d\u00e4r symmetri och skala r\u00e5der, och d\u00e4r varje kolonn, kupol och monument f\u00f6rhandlar mellan historiens tyngd och \u00f6knens tystnad. I den sp\u00e4nningen ligger Ashgabats essens: p\u00e5 en g\u00e5ng br\u00e4cklig och okuvlig, en huvudstad huggen ur sand och \u00f6vertygelse, st\u00e4ndigt balanserad mellan jordens flimmer och ambitionens gl\u00f6d.<\/p>","protected":false},"excerpt":{"rendered":"<p>Ashgabat, huvudstaden och den mest folkrika staden i Turkmenistan, exemplifierar nationens distinkta sammanslagning av historia och modernitet. Denna centralasiatiska stad omfattar 1 030 063 personer vid folkr\u00e4kningen 2022 och ligger inb\u00e4ddad mellan Karakum\u00f6knen och bergskedjan Kopetdag, cirka 50 kilometer fr\u00e5n gr\u00e4nsen mellan Iran och Turkmenistan. Som det politiska, kommersiella och kulturella centrumet fungerar Ashgabat som Turkmenistans hj\u00e4rta.<\/p>","protected":false},"author":1,"featured_media":3617,"parent":15457,"menu_order":0,"comment_status":"closed","ping_status":"closed","template":"elementor_theme","meta":{"_eb_attr":"","footnotes":""},"class_list":["post-15466","page","type-page","status-publish","has-post-thumbnail"],"_links":{"self":[{"href":"https:\/\/travelshelper.com\/sv\/wp-json\/wp\/v2\/pages\/15466","targetHints":{"allow":["GET"]}}],"collection":[{"href":"https:\/\/travelshelper.com\/sv\/wp-json\/wp\/v2\/pages"}],"about":[{"href":"https:\/\/travelshelper.com\/sv\/wp-json\/wp\/v2\/types\/page"}],"author":[{"embeddable":true,"href":"https:\/\/travelshelper.com\/sv\/wp-json\/wp\/v2\/users\/1"}],"replies":[{"embeddable":true,"href":"https:\/\/travelshelper.com\/sv\/wp-json\/wp\/v2\/comments?post=15466"}],"version-history":[{"count":0,"href":"https:\/\/travelshelper.com\/sv\/wp-json\/wp\/v2\/pages\/15466\/revisions"}],"up":[{"embeddable":true,"href":"https:\/\/travelshelper.com\/sv\/wp-json\/wp\/v2\/pages\/15457"}],"wp:featuredmedia":[{"embeddable":true,"href":"https:\/\/travelshelper.com\/sv\/wp-json\/wp\/v2\/media\/3617"}],"wp:attachment":[{"href":"https:\/\/travelshelper.com\/sv\/wp-json\/wp\/v2\/media?parent=15466"}],"curies":[{"name":"wp","href":"https:\/\/api.w.org\/{rel}","templated":true}]}}