{"id":15457,"date":"2024-09-21T12:44:01","date_gmt":"2024-09-21T12:44:01","guid":{"rendered":"https:\/\/travelshelper.com\/staging\/?page_id=15457"},"modified":"2026-03-11T21:44:48","modified_gmt":"2026-03-11T21:44:48","slug":"turkmenistan","status":"publish","type":"page","link":"https:\/\/travelshelper.com\/sv\/destinations\/asia\/turkmenistan\/","title":{"rendered":"Turkmenistan"},"content":{"rendered":"<p>Inb\u00e4ddat mellan Kaspiska havets b\u00f6ljande vatten och de oj\u00e4mna ryggarna i Kopet Dag- och Koytendag-bergen ligger Turkmenistan, ett land med tysta \u00f6knar och ur\u00e5ldriga oaser, med gl\u00e4nsande marmorhuvudst\u00e4der och s\u00f6nderfallande karavanfort. F\u00e5 l\u00e4nder i Centralasien v\u00e4cker s\u00e5 mycket intriger som denna republik med cirka sju miljoner sj\u00e4lar, d\u00e4r den vidstr\u00e4ckta Karakum\u00f6knen dominerar mer \u00e4n fyra femtedelar av landskapet, och d\u00e4r den moderna staten str\u00e4var efter att f\u00f6rena sitt sovjetiska arv, auktorit\u00e4ra styre och ambiti\u00f6sa gasdrivna modernisering med \u00f6knens ih\u00e5llande \u00e5tstramningspolitik.<\/p>\n<p>Fr\u00e5n sina tidigaste dagar som en viktig kanal l\u00e4ngs Sidenv\u00e4gens art\u00e4rer till sin nuvarande status som en av planetens st\u00f6rsta naturgas\u00e4gare har Turkmenistan bevittnat imperier som uppst\u00e5tt och fallit, st\u00e4der som sv\u00e4llt med handel och sedan f\u00f6rsvunnit i ruin, och h\u00e4rskare vars nycker har format b\u00e5de urbana silhuetter och medborgarnas vardagsliv.<\/p>\n<p>Med en yta p\u00e5 cirka 488 100 kvadratkilometer \u2013 n\u00e5got mindre \u00e4n Spanien \u2013 ligger Turkmenistan i en korsning av tektoniska plattor och extrema klimatf\u00f6rh\u00e5llanden. I norr ger de platta vidderna i Turan-s\u00e4nkan vika f\u00f6r Ustyurtplat\u00e5n; i s\u00f6der reser sig Kopet Dag upp i en gr\u00e4nsmur som delas med Iran, d\u00e4r toppar som Kuh-e Rizeh stiger till n\u00e4stan 2 912 meter. Mot \u00f6ster kulminerar de alpina h\u00f6jderna p\u00e5 Koytendag- och Paropamyz-plat\u00e5erna vid Ayrybaba (3 137 m), landets h\u00f6gsta punkt. Stora floder \u2013 Amu Darya, Murghab, Tejen och Atrek \u2013 str\u00e4cker sig genom denna karga topografi, men deras vatten sl\u00e4cker s\u00e4llan \u00f6knens t\u00f6rst.<\/p>\n<p>Nederb\u00f6rden \u00e4r knapp. Den \u00e5rliga nederb\u00f6rden faller ofta under 12 millimeter i Karakums hj\u00e4rta; \u00f6knens bleka sand str\u00e4cker sig under mer \u00e4n 235 klara dagar varje \u00e5r och bakar under sommartemperaturer som kan sv\u00e4va \u00f6ver 50 \u00b0C. Vintrarna \u00e4r korta och torra, f\u00f6rutom skurar fr\u00e5n januari till maj som glider ner fr\u00e5n Atlantens fukt och bleknar mot de s\u00f6dra bergen som blockerar v\u00e4rmen fr\u00e5n Indiska oceanen. Detta skoningsl\u00f6sa klimat har format b\u00e5de floran \u2013 sju distinkta ekoregioner som str\u00e4cker sig fr\u00e5n strandskogar l\u00e4ngs Amu till halv\u00f6kenbuskar som framh\u00e4vs av Kopet Dag \u2013 och den m\u00e4nskliga andan som lever kvar h\u00e4r.<\/p>\n<p>L\u00e5ngt f\u00f6re moderna gr\u00e4nser uppr\u00e4tth\u00f6ll oasst\u00e4derna i Turkmenistan karavanhandel mellan \u00f6st och v\u00e4st. Merv, bel\u00e4get vid floden Murghab, var en g\u00e5ng bland v\u00e4rldens st\u00f6rsta metropoler, dess murar skyddade forskare och k\u00f6pm\u00e4n under den islamiska guld\u00e5ldern. I v\u00e4ster ligger Nisa och Gonur Depe, rester av partiska palats och bos\u00e4ttningar fr\u00e5n brons\u00e5ldern. S\u00f6der om Ashgabat p\u00e5minner de muromg\u00e4rdade ruinerna av Anau och Jeitun om mesolitiska pionj\u00e4rer som f\u00f6rst utvann underjordiska grundvattenmagasin. N\u00e4r mongoliska horder, persiska satraper och arabiska er\u00f6vrare passerade, lade de kulturer ovanp\u00e5 varandra och skapade regionens m\u00e5ngfaldiga arv.<\/p>\n<p>\u00c5r 1881 annekterade det ryska imperiet de turkmenska l\u00e4nderna. \u00c5r 1925 hade sovjetiska planerare etablerat den turkmenska SSR, vilket kopplade bomulls- och gasproduktion till Moskvas ekonomiska planer. En f\u00f6r\u00f6dande jordb\u00e4vning 1948 j\u00e4mnade Asjgabat med marken, som senare \u00e5teruppbyggdes i stalinistisk betong. Med Sovjetunionens kollaps 1991 f\u00f6rklarade Turkmenistan sj\u00e4lvst\u00e4ndighet, men den stat som uppstod liknade mer ett personligt f\u00f6rl\u00e4ningsomr\u00e5de \u00e4n en liberal demokrati.<\/p>\n<p>Saparmurat Niyazov, sj\u00e4lvutn\u00e4mnd \u201dT\u00fcrkmenba\u015fy\u201d, var president fr\u00e5n sj\u00e4lvst\u00e4ndigheten fram till 2006. Hans excentriska dekret \u2013 att f\u00f6rbjuda svarta bilar som olycksb\u00e5dande, f\u00f6reskriva obligatorisk personlig l\u00e4sning av hans egna meditativa texter i skolor, till och med f\u00f6rbjuda hundar i huvudstaden \u2013 verkst\u00e4lldes av en s\u00e4kerhetsapparat som inte tolererade n\u00e5gra olikt\u00e4nkanden. Hans eftertr\u00e4dare, Gurbanguly Berdimuhamedow, beh\u00f6ll det h\u00e5rda greppet och utvidgade det \u00e4rftliga styret 2022 till hans son Serdar, efter val som av internationella observat\u00f6rer f\u00f6rd\u00f6mts som varken fria eller r\u00e4ttvisa. Journalister och religi\u00f6sa ut\u00f6vare \u00e4r fortfarande f\u00f6rem\u00e5l f\u00f6r \u00f6vervakning, och minoriteters r\u00e4ttigheter f\u00e5r knappt skydd. Turkmenistan rankas konsekvent bland de h\u00e5rdaste regimerna i global press och m\u00e4nniskor\u00e4ttsindex.<\/p>\n<p>Under \u00f6kensanden ligger v\u00e4rldens fj\u00e4rde st\u00f6rsta gasreserver; i teorin skulle denna tillg\u00e5ng kunna f\u00f6r\u00e4ndra landets \u00f6de. Fr\u00e5n 1993 till 2019 \u00e5tnj\u00f6t inv\u00e5narna statligt subventionerad el, vatten och gas. Efter 2019 upph\u00f6rde subventionerna, och manaten, officiellt knuten till den amerikanska dollarn p\u00e5 3,5, sj\u00f6nk till n\u00e4ra 19 eller 20 p\u00e5 svarta marknaden \u2013 en tydlig indikator p\u00e5 ekonomisk press. Bomull \u00e4r fortfarande den andra pelaren i exporten, \u00e4ven om v\u00e4rldspriskollapser och utlandsskulder har lett till kroniska handelsunderskott sedan 2015.<\/p>\n<p>Anstr\u00e4ngningar f\u00f6r att diversifiera inkluderar turismf\u00f6retag som Avaza, en kaspisk &#034;resortzon&#034; med hotell och promenadstr\u00e5k modellerad efter utvecklingen i Gulfstaterna, dock utan utl\u00e4ndska investeringar. \u00c5r 2022 beordrade regeringen att Darvaza-gaskraterns l\u00e5ga \u2013 kallad &#034;Porten till helvetet&#034; \u2013 skulle sl\u00e4ckas, och prioriterade gasexport framf\u00f6r lockelsen som lockade dj\u00e4rva resen\u00e4rer till den brinnande gropen.<\/p>\n<p>Ashgabat, den vidstr\u00e4ckta huvudstaden, glittrar med vita marmorfasader, en stor flaggst\u00e5ng och det h\u00f6ga Turkmenistantornet, allt mot de s\u00f6dra kullarna. Bortom dess glittrande oas reser sig provinsiella centra: Turkmenbashis oljeterminaler vid Kaspiska havets kust; Marias mjuka sanddyner som vaktar ruinerna av Sidenv\u00e4gen; Da\u015foguzs neoklassiska teatrar och uzbekiskt smaksatta basarer; och Turkmenabats genomfartsleder l\u00e4ngs floden.<\/p>\n<p>Moderna motorv\u00e4gar f\u00f6ljer sovjetiskt planerade rutter: M37, v\u00e4st-\u00f6stlig f\u00f6rbindelse, str\u00e4cker sig fr\u00e5n Turkmenbashi genom Ashgabat, Mary och Turkmenabat, medan en nord-sydlig autopista f\u00f6rbinder Ashgabat med Da\u015foguz. Avgiftsbelagda v\u00e4gar och nya broar uppst\u00e5r under statliga byggf\u00f6retag, \u00e4ven om projekt har stannat av p\u00e5 grund av utebliven betalning till utl\u00e4ndska entrepren\u00f6rer. J\u00e4rnv\u00e4gslinjer \u2013 rester av den transkaspiska j\u00e4rnv\u00e4gen \u2013 betj\u00e4nar inrikes passagerare och bulkgods; en planerad afghansk f\u00f6rbindelse till Herat antyder en eventuell regional f\u00f6rbindelse.<\/p>\n<p>Flygtrafiken \u00e4r centrerad kring Ashgabat International Airport, med inrikes landningsbanor i varje provinshuvudst\u00e4der. Turkmenistan Airlines, det enda flygbolaget, har blygsamma f\u00f6rbindelser till Moskva, Dubai, Istanbul och andra platser, samt till provinsiella flygf\u00e4lt som nu moderniserats f\u00f6r frakt- och karant\u00e4nbehov. Till sj\u00f6ss hanterar den ut\u00f6kade hamnen i Turkmenbashi f\u00e4rjor till Baku, last till Aktau och oljetankfartyg p\u00e5 v\u00e4g till globala marknader.<\/p>\n<p>Turkmenistan, som officiellt \u00e4r hemvist f\u00f6r turkmener (cirka 85 procent) tillsammans med uzbeker, ryssar, kazaker och dussintals andra minoriteter, har s\u00e4llan avsl\u00f6jats helt och h\u00e5llet; folkr\u00e4kningsdata sedan 1995 f\u00f6rblir ogenomskinliga. Turkmeniska, ett turkiskt spr\u00e5k som \u00e4r besl\u00e4ktat med turkiska och azerbajdzjanska, \u00e4r statsspr\u00e5ket, medan ryska \u2013 en g\u00e5ng dominerande \u2013 har minskat sedan det postsovjetiska alfabetet \u00f6vergick till latinsk skrift och dess interetniska status \u00e5terkallades 1996.<\/p>\n<p>N\u00e4stan 93 procent av medborgarna identifierar sig som muslimer, \u00f6verv\u00e4gande sunnimuslimer, \u00e4ven om efterlevnaden ofta \u00e4r sekul\u00e4r och statligt sanktionerad undervisning i Koranen sker under strikt \u00f6vervakning. \u00d6stlig ortodoxi kvarst\u00e5r bland slaviska samfund. Religi\u00f6s v\u00e4ckelse sedan 1990 har noggrant styrts av staten, och endast en handfull teologiska fakulteter verkar under universitets\u00f6verinseende.<\/p>\n<p>Turkmenska arkitekter st\u00e5r inf\u00f6r utmaningen att integrera modern design med historiska milj\u00f6er. Monumentala projekt i Ashgabat, fr\u00e5n Alem kulturcenter till palatsliknande regeringskomplex, f\u00f6rlitar sig p\u00e5 vit marmorbekl\u00e4dnad, kolossala kolonner och neoklassisk symmetri. Men bortom huvudstaden vittnar antika f\u00e4stningar och mausoleer \u2013 Ahmed Sanjar vid Merv, Parau-Atas mausoleum \u2013 om medeltida hantverk, intrikat tegelarbete och den h\u00f6gtidliga geometrin i islamisk begravningskonst.<\/p>\n<p>Inresa kr\u00e4ver visum och, f\u00f6r de flesta medborgare, st\u00f6d fr\u00e5n en licensierad resebyr\u00e5. Sj\u00e4lvst\u00e4ndiga resor \u00e4r f\u00f6rbjudna; alla utl\u00e4nningar r\u00f6r sig inom de begr\u00e4nsningar som en guidad tur medf\u00f6r. Boendepriserna \u00e5terspeglar Turkmenistans status som Centralasiens dyraste utpost: enkla dubbelrum kostar cirka 30 USD per natt, bekv\u00e4mligheter i mellanklassen kostar 60 USD och restauranger i Ashgabat kostar cirka 20 USD per m\u00e5ltid. En daglig &#034;turistskatt&#034; p\u00e5 2 USD l\u00e4ggs till hotellr\u00e4kningarna sedan 2017.<\/p>\n<p>Den lokala valutan, manat (TMT), delas in i 100 tenge. Mynt \u2013 val\u00f6rer p\u00e5 1, 2, 5, 10, 20 och 50 tenge, samt 1 och 2 manat \u2013 cirkulerar tillsammans med amerikanska dollar, vilka accepteras p\u00e5 internationella hotell och flygplatser. Kreditkortsanv\u00e4ndning \u00e4r sparsam utanf\u00f6r st\u00f6rre hotell och banker, med bankomater begr\u00e4nsade till ett f\u00e5tal platser i Ashgabat. Turister varnas f\u00f6r att endast v\u00e4xla n\u00f6dv\u00e4ndiga manatsummor, eftersom utg\u00e5ende v\u00e4xling \u00e4r om\u00f6jlig.<\/p>\n<p>Det turkmenska samh\u00e4llet v\u00e4rdes\u00e4tter artighet och bevarandet av v\u00e4rdighet. G\u00e4ster tar av sig skorna n\u00e4r de kommer in i hemmet och ger blygsamma g\u00e5vor till v\u00e4rdarna. Br\u00f6d \u2013 som ofta erbjuds ceremoniellt \u2013 kan tas emot med b\u00e5da h\u00e4nderna; v\u00e4gran kan orsaka djup f\u00f6rol\u00e4mpning. Vidskepelser best\u00e5r: vissling inomhus s\u00e4gs bjuda in till olycka; vissa dagar f\u00f6rbjuder enligt traditionen nagelklippning eller reng\u00f6ring.<\/p>\n<p>Uttalad kritik av ledarskap eller politik \u00e4r farlig. Namnet Berdimuhamedow inger v\u00f6rdnad i b\u00e5de offentliga samtal och officiella bilder. Fotografering av strategiska platser \u2013 regeringsbyggnader, milit\u00e4ra installationer, gr\u00e4ns\u00f6verg\u00e5ngar \u2013 \u00e4r f\u00f6rbjudet, och polisen till\u00e4mpar dessa f\u00f6rbud strikt. Polisen har sj\u00e4lva ett rykte om sig att trakassera b\u00e5de medborgare och utl\u00e4nningar; mutor \u00e4r vanliga, och all konfrontation avv\u00e4rjs b\u00e4st med lydnad och lugn.<\/p>\n<p>V\u00e4gtrafik medf\u00f6r sina egna risker. F\u00f6rare ignorerar ofta trafikregler; taxibilar saknar s\u00e4kerhetsanordningar och om\u00e4rkta kontrollpunkter utspridda l\u00e4ngs motorv\u00e4gar. Turister b\u00f6r ordna privata fordon med licensierade f\u00f6retag snarare \u00e4n att vinka lokala taxibilar.<\/p>\n<p>Bortom huvudstadens marmoravenyer ligger Turkmenistans skatter i tysta ruiner och naturliga s\u00e4rdrag. Det forntida Merv utspelar sig i koncentriska murar \u2013 Erk Kala, Sultan Kala \u2013 varje epok etsad i smulande lertegel. Konye-Urgenchs turkosa mausoleer reser sig mitt bland sandiga \u00f6demarker, medan Nisas parthiska pelare blickar ut \u00f6ver Karakum. Kow-Atas underjordiska, svavelrika vatten inbjuder tr\u00f6tta resen\u00e4rer till varma bad under l\u00e5ga grottvalv. Naturreservat \u2013 Repeteks \u00f6kensand, K\u00f6pet Dags enb\u00e4rsskulpterade sluttningar och de salta sl\u00e4tterna vid Kaspiska kusten \u2013 kr\u00e4ver tillst\u00e5nd i god tid. Och djupt inne i \u00f6knen erbjuder Darvaza-kraterns fladdrande grop en scen som \u00e4r b\u00e5de hotfull och fascinerande.<\/p>\n<p>Turkmenistan motst\u00e5r l\u00e4ttsinniga karakt\u00e4riseringar. Dess regering ut\u00f6var makten med j\u00e4rnhand, dess folk navigerar dagliga restriktioner under statligt p\u00e5tvingade \u00e5tstramningar och propaganda, och \u00e4nd\u00e5 ligger bortom huvudstadens perfekta avenyer \u00e5rhundraden av m\u00e4nsklig str\u00e4van inhuggna i sten och jord. Bes\u00f6kare som trampar p\u00e5 dessa sanddyner b\u00f6r g\u00f6ra det med respekt, \u00f6dmjukhet och medvetenhet om den tunna gr\u00e4ns som skiljer historiskt underverk fr\u00e5n samtida kontroll. I dessa torra vidder \u2013 d\u00e4r vinden f\u00f6r\u00e4ndrar \u00f6knens ansikte om natten och \u00f6verlevande samlas runt brunnar \u2013 avsl\u00f6jar Turkmenistan sin paradox: ett land av isolering och \u00f6ppenhet, av tystnad som avbryts av historiens ekon, och av sk\u00f6nhet som \u00e4r f\u00f6dd ur obeveklig str\u00e4nghet.<\/p>","protected":false},"excerpt":{"rendered":"<p>Turkmenistan ligger i Centralasien och \u00e4r en nation som k\u00e4nnetecknas av kontraster och komplexitet. \u00c4ven om det rankas som det 35:e mest befolkade landet i Asien med en befolkning p\u00e5 mer \u00e4n 7 miljoner, \u00e4r det ironiskt nog bland de mest glesbefolkade l\u00e4nderna p\u00e5 kontinenten. Denna fascinerande paradox f\u00f6rbereder marken f\u00f6r en nation vars rika f\u00f6rflutna sammanfl\u00e4tar med moderna fr\u00e5gor och ambitioner, l\u00e4nge ett v\u00e4gsk\u00e4l av imperier och kulturer.<\/p>","protected":false},"author":1,"featured_media":4331,"parent":24063,"menu_order":0,"comment_status":"closed","ping_status":"closed","template":"elementor_theme","meta":{"_eb_attr":"","footnotes":""},"class_list":["post-15457","page","type-page","status-publish","has-post-thumbnail"],"_links":{"self":[{"href":"https:\/\/travelshelper.com\/sv\/wp-json\/wp\/v2\/pages\/15457","targetHints":{"allow":["GET"]}}],"collection":[{"href":"https:\/\/travelshelper.com\/sv\/wp-json\/wp\/v2\/pages"}],"about":[{"href":"https:\/\/travelshelper.com\/sv\/wp-json\/wp\/v2\/types\/page"}],"author":[{"embeddable":true,"href":"https:\/\/travelshelper.com\/sv\/wp-json\/wp\/v2\/users\/1"}],"replies":[{"embeddable":true,"href":"https:\/\/travelshelper.com\/sv\/wp-json\/wp\/v2\/comments?post=15457"}],"version-history":[{"count":0,"href":"https:\/\/travelshelper.com\/sv\/wp-json\/wp\/v2\/pages\/15457\/revisions"}],"up":[{"embeddable":true,"href":"https:\/\/travelshelper.com\/sv\/wp-json\/wp\/v2\/pages\/24063"}],"wp:featuredmedia":[{"embeddable":true,"href":"https:\/\/travelshelper.com\/sv\/wp-json\/wp\/v2\/media\/4331"}],"wp:attachment":[{"href":"https:\/\/travelshelper.com\/sv\/wp-json\/wp\/v2\/media?parent=15457"}],"curies":[{"name":"wp","href":"https:\/\/api.w.org\/{rel}","templated":true}]}}