{"id":15445,"date":"2024-09-21T10:08:52","date_gmt":"2024-09-21T10:08:52","guid":{"rendered":"https:\/\/travelshelper.com\/staging\/?page_id=15445"},"modified":"2026-03-11T21:53:59","modified_gmt":"2026-03-11T21:53:59","slug":"uzbekistan","status":"publish","type":"page","link":"https:\/\/travelshelper.com\/sv\/destinations\/asia\/uzbekistan\/","title":{"rendered":"Uzbekistan"},"content":{"rendered":"<p>Uzbekistan ligger i hj\u00e4rtat av Centralasien, en kustl\u00f6s vidstr\u00e4ckning inramad av fem grannar \u2013 Kazakstan i norr, Kirgizistan i nordost, Tadzjikistan p\u00e5 dess syd\u00f6stra flank, Afghanistan i s\u00f6der och Turkmenistan i sydv\u00e4st. Denna status ger landet den s\u00e4llsynta utm\u00e4rkelsen att vara en dubbelt kustl\u00f6s nation, en av endast tv\u00e5 i v\u00e4rlden vid sidan av Liechtenstein. Med \u00f6ver 37,5 miljoner inv\u00e5nare rankas det som regionens mest befolkade land. Det uzbekiska spr\u00e5ket, som h\u00e4rstammar fr\u00e5n den karlukiska grenen av turkiska spr\u00e5k, fungerar som det officiella spr\u00e5ket, medan stora rysk- och tadzjikspr\u00e5kiga grupper \u00e5terspeglar republikens m\u00e5ngsidiga f\u00f6rflutna. Uzbekistan \u00e4r en sekul\u00e4r stat enligt konstitutionen och f\u00f6rankrar religionsfrihet, men dess befolkning f\u00f6rblir \u00f6verv\u00e4gande sunnimuslimsk, inv\u00e4vd i det dagliga livet genom \u00e5rhundraden av tradition.<\/p>\n<p>Det territorium som nu \u00e4r k\u00e4nt som Uzbekistan drog f\u00f6rst till sig nomadiska iransktalande skyter, vars herrav\u00e4lde i Khwarazm, Baktrien och Sogdiana slog rot mellan \u00e5ttonde och sj\u00e4tte \u00e5rhundradet f.Kr. Senare framtr\u00e4dde Fergana och Margiana som bos\u00e4ttningscentra. Efterf\u00f6ljande imperier \u2013 akemenidiska, grekisk-baktriska och sedan sasanidiska \u2013 l\u00e4mnade sina sp\u00e5r fram till islams spridning under de tidiga umayyaderna. Under samaniddynastin blomstrade regionen, dess st\u00e4der samlade rikedom som Sidenv\u00e4gens entrepren\u00f6rer och fr\u00e4mjade forskning som skulle komma att definiera en islamisk guld\u00e5lder. Denna blomning gav arkitektoniska underverk och litter\u00e4ra prestationer vars eko fortfarande genljuder i Samarkand och Bukhara.<\/p>\n<p>1200-talet medf\u00f6rde omv\u00e4lvningar. Mongoliska styrkor svepte genom de khwarazmiska rikena, reducerade dynastiska strukturer och omformade sociala ordningar. P\u00e5 1300-talet er\u00f6vrade Timur denna splittrade mosaik och etablerade ett imperium med Samarkand som sin juvel. Under hans sonson Ulugh Beg blev staden ett centrum f\u00f6r astronomisk och matematisk forskning, vilket inledde vad vissa beskriver som den timuridiska ren\u00e4ssansen. \u00c4nd\u00e5 hade shaybanidiska khaner vid 1500-talet ersatt de timuridiska arvtagarna, samtidigt som en annan arvtagare till Timur, Babur, f\u00f6rde centralasiatiska arv till norra Indien och grundade det moguliska hovet.<\/p>\n<p>Allt eftersom imperiet gav vika f\u00f6r tsaristiska ambitioner, f\u00f6ll stora delar av Centralasien, inklusive de framtida uzbekiska l\u00e4nderna, under ryskt styre under 1800-talet. Tasjkent, som er\u00f6vrades 1865, blev det administrativa centrumet f\u00f6r ryska Turkestan. Omv\u00e4lvningarna under revolutionen och inb\u00f6rdeskriget ledde s\u00e5 sm\u00e5ningom till bildandet av den uzbekiska sovjetiska socialistiska republiken 1924, och med Sovjetunionens uppl\u00f6sning 1991 uppstod en oberoende republik.<\/p>\n<p>Uzbekistans regering verkar idag under en halvpresidentiell konstitution. Tolv viloyatlar (regioner), en autonom republik \u2013 Karakalpakstan \u2013 och den oberoende staden Tasjkent utg\u00f6r dess administrativa mosaik. Medan de f\u00f6rsta decennierna av sj\u00e4lvst\u00e4ndighet pr\u00e4glades av strikt kontroll av civilsamh\u00e4llet, inledde den grundande presidenten Islam Karimovs bortg\u00e5ng 2016 reformer under Shavkat Mirziyoyev. Steg mot r\u00e4ttslig transparens, l\u00e4ttnader i reserestriktioner och f\u00f6rnyat samarbete med grannarna har f\u00f6rb\u00e4ttrat banden med Kirgizistan, Tadzjikistan och Afghanistan. En FN-rapport fr\u00e5n 2020 ber\u00f6mde framstegen mot h\u00e5llbara utvecklingsm\u00e5l inom utbildning, h\u00e4lsa och milj\u00f6v\u00e5rd.<\/p>\n<p>Med en yta p\u00e5 447 400 kvadratkilometer rankas Uzbekistan som nummer 56 globalt sett till yta och 40 sett till befolkning. Dess terr\u00e4ng str\u00e4cker sig n\u00e4stan 1 425 kilometer \u00f6st-v\u00e4st och 930 kilometer nord-syd. F\u00e4rre \u00e4n tio procent av dess marker gynnas av bevattning i floddalar; resten best\u00e5r av den vidstr\u00e4ckta Kyzylkum\u00f6knen i v\u00e4ster och centrala l\u00e5glandet, avbrutet av bergsryggar som Gissar, Nuratau och de v\u00e4stra utl\u00f6parna av Tien Shan i \u00f6ster. Aralsj\u00f6n, en g\u00e5ng en livlig inlandsvattenv\u00e4g, har i stort sett f\u00f6rsvunnit under \u00e5rtionden av bomullsbevattning under sovjettiden, vilket l\u00e4mnat en av planetens v\u00e4rsta milj\u00f6katastrofer i sitt k\u00f6lvatten. Floder i Uzbekistan rinner ut i slutna bass\u00e4nger och n\u00e5r aldrig havet, vilket betonar vikten av vattenf\u00f6rvaltning i ett torrt kontinentalt klimat d\u00e4r sommartemperaturerna ligger n\u00e4ra 40 \u00b0C och vintertemperaturerna kan sjunka under \u201320 \u00b0C.<\/p>\n<p>Under ytan d\u00f6ljer sig ett annat Uzbekistan: ett med rikliga mineralrikedomar. Guldproduktionen \u00f6verstiger \u00e5ttio ton \u00e5rligen, vilket placerar landet p\u00e5 sjunde plats i v\u00e4rlden. Koppar- och uranreserver rankas som tionde och tolfte globalt, medan naturgasf\u00e4lt \u2013 \u00f6ver 190 kolv\u00e4tefyndigheter \u2013 levererar cirka 60 till 70 miljarder kubikmeter varje \u00e5r. Under senare \u00e5r har den ekonomiska politiken lutat mot marknadsmekanismer: som blev fullt konvertibel till marknadsr\u00e4ntor i september 2017, och republiken fick BB\u2013- kreditbetyg fr\u00e5n S&amp;P och Fitch mellan 2018 och 2021. Med bomull fortfarande en viktig exportvara och stora sovjetbyggda kraftanl\u00e4ggningar som genererar rikligt med el, str\u00e4var Uzbekistan efter att diversifiera handeln, f\u00f6rb\u00e4ttra infrastrukturen och minska statsskulden, \u00e4ven om BNP per capita f\u00f6rblir blygsam.<\/p>\n<p>Nationens befolkning \u00e4r p\u00e5fallande ung; n\u00e4stan en fj\u00e4rdedel \u00e4r under sexton \u00e5r gamla. Etniska uzbeker utg\u00f6r cirka 84,5 procent av inv\u00e5narna, medan tadzjiker, kazaker, karakalpaker, ryssar och tatarer bildar mindre samh\u00e4llen. Ryskan \u00e4r fortfarande viktig som ett lingua franca f\u00f6r handel och styrelseskick, medan tadzjikiskan finns kvar i omr\u00e5den med historisk persisk bos\u00e4ttning, vilket \u00e5terspeglar komplexa identiteter som ibland \u00f6verlappar eller divergerar mellan uzbekisk och tadzjikisk sj\u00e4lvidentifiering.<\/p>\n<p>Stadslivet domineras av Tasjkent, en stad vars moderna silhuett d\u00f6ljer lager av sovjetisk planering och forntida bos\u00e4ttningar. Dess tunnelbanesystem \u2013 ett av endast tv\u00e5 i Centralasien \u2013 \u00f6ppnade 1977 och \u00e4r ber\u00f6mt f\u00f6r sin renlighet och utsmyckade stationsdesign, s\u00e5som Kosmonavtlar, vars kupolformade interi\u00f6rer firar rymdprestationer och den lokala kosmonauten Vladimir Dzhanibekov. Ovanf\u00f6r marken slingrar sig sp\u00e5rvagnar, bussar och otaliga taxibilar \u2013 b\u00e5de registrerade och informella \u2013 l\u00e4ngs t\u00e4tt korridorerade gator. Inhemsk biltillverkning drar nytta av partnerskap med sydkoreanska och japanska f\u00f6retag, i takt med att UzDaewooAuto utvecklades till GM Uzbekistan och statliga insatser st\u00f6der inhemsk buss- och lastbilsproduktion tillsammans med Isuzu.<\/p>\n<p>J\u00e4rnv\u00e4gsf\u00f6rbindelserna str\u00e4cker sig fr\u00e5n h\u00f6ghastighetst\u00e5g av typen Talgo 250 som f\u00f6rbinder Tasjkent och Samarkand sedan 2011 till l\u00e5ngsammare regionala linjer som f\u00f6rbinder bortgl\u00f6mda v\u00e4gkorsningar. \u00c4ven flyget blomstrade en g\u00e5ng i tiden vid Tasjkent Chkalov-fabriken, en tillflyktsort under andra v\u00e4rldskriget som v\u00e4xte till ett viktigt sovjetiskt flygnav. Idag produceras bara en handfull flygplan \u00e5rligen men st\u00e5r redo f\u00f6r en \u00e5terupplivning i takt med att den regionala efterfr\u00e5gan \u00e5teruppv\u00e4cker intresset f\u00f6r dess f\u00f6r\u00e5ldrade hangarer.<\/p>\n<p>Uzbekisk kultur v\u00e4ver samman \u00e5rtusenden av arkitektonisk skicklighet. I medeltida st\u00e4der inramade imponerande murar och darwazas (portar) rader av butiker l\u00e4ngs smala genomfarter. T\u00e4ckta basarer \u2013 tag- och tim-strukturer \u2013 underl\u00e4ttade handel med siden, kryddor och \u00e4delstenar under v\u00e4lvda kupoler. I Bukhara uppvisar fredagsmosk\u00e9ns stora innerg\u00e5rd och skyddade maqsura en sammansm\u00e4ltning av persisk och centralasiatisk konstn\u00e4rskap, medan madrasakomplex i Samarkand, Tasjkent och Bukhara uppvisar symmetriska g\u00e5rdar inramade av f\u00f6rel\u00e4sningssalar och celler, deras kaklade portaler flankerade av minaretliknande torn. Mausoleer fr\u00e5n timurideran \u2013 den lysande Gur-Emir och den linj\u00e4ra Shah-i Zinda \u2013 reser sig som fyrb\u00e5kar av glaserat tegelarbete och vittnar om dynastisk ambition och helig minnesstund. Karavanserajer erbj\u00f6d en g\u00e5ng bevakad tillflyktsort f\u00f6r k\u00f6pm\u00e4n, deras tjocka murar och h\u00f6rntorn bevarades endast i fragmentariska ruiner l\u00e4ngs gamla Sidenv\u00e4gsart\u00e4rer.<\/p>\n<p>Bortom historiens g\u00e5ng bevarar Uzbekistan naturliga reservat. Jeyran Ecological Centre skyddar den centralasiatiska gasellen bland 5 000 hektar n\u00e4ra Bukhara. Kitabs geologiska reservat erbjuder inblick i paleozoiska formationer, medan Kyzylkum Tugai-reservatet skyddar strandskogar av poppel och pil l\u00e4ngs Amu Darya, d\u00e4r hjortar, schakaler och n\u00e4stan tv\u00e5hundra f\u00e5gelarter frodas. Planerna f\u00f6r Nuratau-Kyzylkums biosf\u00e4riska reservat lovar integrerat bevarande \u00f6ver \u00f6knar, berg och sj\u00f6ar, och skyddar kungs\u00f6rnar, Severtsev-v\u00e4drar och gamla valn\u00f6tslundar. I v\u00e4stra Tien Shan finns Ugam-Chatkal nationalparks ol\u00e4ndiga terr\u00e4ng, d\u00e4r sn\u00f6leoparder, Tien Shan-vilda v\u00e4drar och r\u00f6da murmeldjur finns, och dess skogskl\u00e4dda krusningar \u00e4r kryddade med valn\u00f6ts-, enb\u00e4rs- och vilda frukttr\u00e4d.<\/p>\n<p>Kulinariskt liv \u00e5terspeglar jordbrukets \u00f6verfl\u00f6d. Br\u00f6d, som anses heligt, f\u00f6rekommer vid varje m\u00e5ltid; dess tillagning och konsumtion har rituell betydelse, och sl\u00f6seri drar till sig ogillande. Te har en liknande kulturell tyngd: v\u00e4rdarna h\u00e4ller gr\u00f6nt eller svart te tre g\u00e5nger i och fr\u00e5n samovaren, vilket symboliserar f\u00f6rs\u00f6rjning mot t\u00f6rst, v\u00e4rme och g\u00e4stfrihet. R\u00e4tterna kretsar kring f\u00e5rk\u00f6tt och spannm\u00e5l: palov \u2013 ris med mor\u00f6tter, l\u00f6k och lammfett \u2013 v\u00e4cker stolthet, med regionala variationer som f\u00f6rkunnar lokal identitet. Shurpa, en rej\u00e4l soppa; laghman och norin, nudelr\u00e4tter av turkiskt ursprung; och fyllda manti- och somsafickor demonstrerar lager p\u00e5 lager kryddning och teknik. Ayran, kyld yoghurtdryck, lindrar sommarv\u00e4rmen. \u00c4ven om islam dominerar, till\u00e5ter ett sekul\u00e4rt ramverk licensierad f\u00f6rs\u00e4ljning av vin, vodka och \u00f6l \u2013 uzbekiska \u00e5rg\u00e5ngar har f\u00e5tt internationellt erk\u00e4nnande, medan kumis, fermenterad stomj\u00f6lk, forts\u00e4tter att l\u00e4nka nomadiska traditioner till urbana bord.<\/p>\n<p>Nattlivet i Tasjkent och andra st\u00e4der erbjuder middagar sent p\u00e5 kv\u00e4llen, dansklubbar och avslappnade restauranger m\u00f6blerade med l\u00e5ga tr\u00e4tapchaner d\u00e4r g\u00e4sterna lutar sig \u00f6ver tallrikar med laghman och shashlik. Bes\u00f6kare rekommenderas att ha med sig tillr\u00e4ckligt med kontanter efter m\u00f6rkrets inbrott, eftersom priserna stiger och bankomater visar sig vara bristf\u00e4lliga p\u00e5 vissa h\u00e5ll. Respekt f\u00f6r \u00e4ldre \u00e4r grunden f\u00f6r social interaktion; respekt f\u00f6rv\u00e4ntas i samtal, och \u00f6verdrivna offentliga uttryck av tillgivenhet eller flirt kan anses ol\u00e4mpliga. V\u00e4nster hand f\u00f6rblir reserverad f\u00f6r privata uppgifter, medan servering av te eller br\u00f6d kr\u00e4ver h\u00f6ger.<\/p>\n<p>S\u00e4kerheten i Uzbekistan beror delvis p\u00e5 rigor\u00f6s polisverksamhet. Medan den allm\u00e4nna brottsligheten har \u00f6kat i stadsk\u00e4rnor, s\u00e4rskilt egendomsbrott, \u00e4r v\u00e4pnade incidenter fortfarande s\u00e4llsynta utanf\u00f6r de instabila gr\u00e4nsomr\u00e5dena. Resen\u00e4rer b\u00f6r undvika omr\u00e5den n\u00e4ra gr\u00e4nserna mellan Afghanistan, Tadzjikistan och Kirgizistans land, f\u00f6rutom vid officiella gr\u00e4ns\u00f6verg\u00e5ngar, medvetna om sporadiska sammandrabbningar och kvarvarande landminor. Vanliga bedr\u00e4gerier \u2013 som bedr\u00e4geriet med &#034;hittade pengar&#034; \u2013 frodas p\u00e5 missriktat f\u00f6rtroende; artighet och best\u00e4md v\u00e4gran r\u00e4cker vanligtvis f\u00f6r att avskr\u00e4cka potentiella bedragare. Polisens kontrollpunkter kan beg\u00e4ra dokument; f\u00f6rsiktiga bes\u00f6kare b\u00e4r med sig f\u00e4rgkopior av pass och visum och delegerar originalen till hotellkassask\u00e5p. Artighet och lugn dialog med poliser ger vanligtvis snabb l\u00f6sning.<\/p>\n<p>S\u00e5ledes presenterar Uzbekistan ett komplext portr\u00e4tt: en republik formad av kejserliga arv, sovjetisk ingenj\u00f6rskonst och moderna reformer; ett land med \u00f6kendyner och sn\u00f6kl\u00e4dda toppar; med livliga basarer och tysta mausoleer. Dess gator surrar av vardagslivets rytmer \u2013 tunnelbanevisslor, k\u00f6pm\u00e4nnens rop, klirret av tekoppar \u2013 medan tystnaden p\u00e5 bergsstigar och tugaiskogar erbjuder vila. I varje valv och br\u00f6dsmula finns en historia, och i varje sandkorn ett l\u00f6fte om f\u00f6rnyelse. De som v\u00e5gar sig hit kommer att finna ett landskap som \u00e4r b\u00e5de str\u00e4ngt och smidigt, dess f\u00f6rflutna st\u00e4ndigt n\u00e4rvarande under den vida centralasiatiska himlen.<\/p>","protected":false},"excerpt":{"rendered":"<p>Uzbekistan \u00e4r ett dubbelt inlandsstat land bel\u00e4get i Centralasien, med en befolkning p\u00e5 cirka 35 miljoner m\u00e4nniskor, vilket positionerar det som den folkrikaste nationen i omr\u00e5det. Uzbekistans unika geografi \u2013 gr\u00e4nsad till fem nationer \u2013 har varit avg\u00f6rande f\u00f6r att forma dess rika historia, varierade kultur och komplexa geopolitiska dynamik.<\/p>","protected":false},"author":1,"featured_media":2905,"parent":24063,"menu_order":0,"comment_status":"closed","ping_status":"closed","template":"elementor_theme","meta":{"_eb_attr":"","footnotes":""},"class_list":["post-15445","page","type-page","status-publish","has-post-thumbnail"],"_links":{"self":[{"href":"https:\/\/travelshelper.com\/sv\/wp-json\/wp\/v2\/pages\/15445","targetHints":{"allow":["GET"]}}],"collection":[{"href":"https:\/\/travelshelper.com\/sv\/wp-json\/wp\/v2\/pages"}],"about":[{"href":"https:\/\/travelshelper.com\/sv\/wp-json\/wp\/v2\/types\/page"}],"author":[{"embeddable":true,"href":"https:\/\/travelshelper.com\/sv\/wp-json\/wp\/v2\/users\/1"}],"replies":[{"embeddable":true,"href":"https:\/\/travelshelper.com\/sv\/wp-json\/wp\/v2\/comments?post=15445"}],"version-history":[{"count":0,"href":"https:\/\/travelshelper.com\/sv\/wp-json\/wp\/v2\/pages\/15445\/revisions"}],"up":[{"embeddable":true,"href":"https:\/\/travelshelper.com\/sv\/wp-json\/wp\/v2\/pages\/24063"}],"wp:featuredmedia":[{"embeddable":true,"href":"https:\/\/travelshelper.com\/sv\/wp-json\/wp\/v2\/media\/2905"}],"wp:attachment":[{"href":"https:\/\/travelshelper.com\/sv\/wp-json\/wp\/v2\/media?parent=15445"}],"curies":[{"name":"wp","href":"https:\/\/api.w.org\/{rel}","templated":true}]}}