{"id":15411,"date":"2024-09-20T23:46:15","date_gmt":"2024-09-20T23:46:15","guid":{"rendered":"https:\/\/travelshelper.com\/staging\/?page_id=15411"},"modified":"2026-03-11T18:34:23","modified_gmt":"2026-03-11T18:34:23","slug":"mongoliet","status":"publish","type":"page","link":"https:\/\/travelshelper.com\/sv\/destinations\/asia\/mongolia\/","title":{"rendered":"Mongoliet"},"content":{"rendered":"<p>Mongoliet upptar en vidstr\u00e4ckt del av det asiatiska inlandet, ett suver\u00e4nt territorium p\u00e5 ungef\u00e4r 1 564 116 kvadratkilometer utan tillg\u00e5ng till hav eller sj\u00f6. Landet gr\u00e4nsar i norr till Ryssland och i s\u00f6der och sydost till Kina, och \u00e4r den st\u00f6rsta inlandsnationen som inte gr\u00e4nsar till ett innanhav. Dess terr\u00e4ng utvecklas i stora drag: b\u00f6ljande gr\u00e4smarker str\u00e4cker sig \u00f6ver den centrala plat\u00e5n, medan bergskedjor reser sig i norr och v\u00e4ster, och Gobi\u00f6knen \u2013 ett betesmark mer \u00e4n ett kargt sandhav \u2013 str\u00e4cker sig l\u00e4ngs dess s\u00f6dra delar. Med en total befolkning som knappt \u00f6verstiger 3,5 miljoner har Mongoliet rekordet f\u00f6r den l\u00e4gsta befolkningst\u00e4theten bland oberoende stater. H\u00e4lften av dess inv\u00e5nare bor i Ulaanbaatar, v\u00e4rldens kallaste huvudstad, vilket l\u00e4mnar det \u00e5terst\u00e5ende territoriet anm\u00e4rkningsv\u00e4rt \u00f6ppet och glest bebott.<\/p>\n\n\n\n<p>Mongoliets \u00f6stligaste spets ligger n\u00e4ra 120\u00b0 \u00d6 longitud, ungef\u00e4r i linje med Hangzhou i Kina, medan dess v\u00e4stra gr\u00e4ns n\u00e4rmar sig 87\u00b0 \u00d6 \u2013 n\u00e4stan samma longitud som Kolkata. Dess latitudinella spann, fr\u00e5n ungef\u00e4r 41\u00b0 N till strax bortom 52\u00b0 N, placerar landet mellan parallellerna Rom och Berlin, eller mellan Chicago och Saskatoon. \u00c4nd\u00e5 mots\u00e4ger dessa geografiska referenser de klimatiska extremer som definierar livet p\u00e5 denna h\u00f6gplat\u00e5. Den \u00e5rliga nederb\u00f6rden minskar fr\u00e5n norr till s\u00f6der, fr\u00e5n cirka 200\u2013350 millimeter i de skogskl\u00e4dda h\u00f6gl\u00e4nderna till s\u00e5 l\u00e5gt som 40 millimeter i delar av Gobi. Vintrarna medf\u00f6r en obeveklig sibirisk anticyklon, som driver temperaturerna i vissa dalar under \u201330 \u00b0C, medan somrarna kan ge intensiv v\u00e4rme och, utanf\u00f6r \u00f6knen, regnskurar.<\/p>\n\n\n\n<p>Mongoliets m\u00e4nskliga historia str\u00e4cker sig tillbaka genom \u00e5rtusenden av nomadiska konfederationer. F\u00f6re Djingis Khans uppg\u00e5ng \u00e5r 1206 styrdes st\u00e4pperna vid olika tidpunkter av Xiongnu, Xianbei, Rouran och successiva turkiska och uiguriska khaganater. N\u00e4r Tem\u00fcjin \u2013 senare Djingis Khan \u2013 enade mongolerna satte han ig\u00e5ng skapandet av vad som skulle bli historiens st\u00f6rsta sammanh\u00e4ngande lande imperium. Under hans sonson Kublai Khan f\u00f6ll Kina och Yuandynastin etablerades. Efter Yuandynastin kollapsade \u00e5r 1368 \u00e5tergick mongoliska fraktioner \u00e5terigen till inb\u00f6rdes rivalitet tills erorna med Dayan Khan och Tumen Zasagt Khan ledde till relativ sammanh\u00e5llning under 1500-talet.<\/p>\n\n\n\n<p>Det var ocks\u00e5 under 1500-talet som den tibetanska buddhismen slog rot bland mongolerna. Under Qingdynastins beskydd, som absorberade Yttre Mongoliet under 1600-talet, blomstrade klosterinstitutioner: i b\u00f6rjan av 1900-talet levde en av tre vuxna m\u00e4n som buddhistisk munk. Qingdynastins fall 1911 \u00f6ppnade upp f\u00f6r en sj\u00e4lvst\u00e4ndighetsf\u00f6rklaring; fullst\u00e4ndig autonomi s\u00e4krades 1921, bara f\u00f6r att f\u00f6ljas av uppr\u00e4ttandet av en sovjetiskt allierad socialistisk republik 1924. Med den fredliga demokratiska revolutionen 1990 och utf\u00e4rdandet av en ny konstitution tv\u00e5 \u00e5r senare antog Mongoliet ett flerpartisystem och inledde en \u00f6verg\u00e5ng till en marknadsekonomi.<\/p>\n\n\n\n<p>Idag lever ungef\u00e4r trettio procent av mongolerna nomadiskt eller seminomadiskt. H\u00e4star \u00e4r fortfarande grundpelaren i r\u00f6rlighet och kultur; traditionella filtger (k\u00e4nda p\u00e5 svenska som yurts) hyser familjer p\u00e5 resande fot, bundna till hjordar av f\u00e5r, getter, n\u00f6tkreatur, h\u00e4star eller kameler. \u00c4ven om gertempel utvecklades till stora kloster med tegel och bj\u00e4lkar under 1500- och 1600-talen, best\u00e5r den cylindriska formen och filtbekl\u00e4dnaderna som symbolen f\u00f6r det mongoliska livet. Lamaserier b\u00f6rjade ofta som kluster av gers, som senare expanderade till sexkantiga eller tolvsidiga hallar t\u00e4ckta av pyramidformade tak \u2013 approximationer av en gers kurva \u2013 innan de utvecklade fyrkantiga baser och markisformade tak.<\/p>\n\n\n\n<p>Etniskt sett \u00e4r Mongoliet i stort sett homogent: etniska mongoler utg\u00f6r cirka nittiofem procent av befolkningen, d\u00e4r Khalkha-undergruppen st\u00e5r f\u00f6r \u00e5ttiosex procent av denna majoritet. Turkiska minoriteter \u2013 inklusive kazaker och tuvaner \u2013 utg\u00f6r ungef\u00e4r fyra och en halv procent, medan ryssar, kineser, koreaner och amerikaner utg\u00f6r mindre grupper. Spr\u00e5kligt sett \u00e4r statsspr\u00e5ket mongoliska, en medlem av den mongoliska spr\u00e5kfamiljen, standardiserad efter Khalkha-dialekten. Kazakiska dominerar i Bayan-\u00d6lgii aimag och tuvanska i delar av Kh\u00f6vsg\u00f6l. Sedan 1940-talet har mongoliska skrivits med kyrilliska; efter den demokratiska \u00f6verg\u00e5ngen har det skett en blygsam \u00e5terupplivning av den traditionella vertikala skriften, som officiellt \u00e5terst\u00e4lldes 2025 f\u00f6r juridisk och administrativ anv\u00e4ndning vid sidan av kyrilliska, \u00e4ven om den dagliga anv\u00e4ndningen fortfarande till stor del \u00e4r begr\u00e4nsad till ceremoniella sammanhang.<\/p>\n\n\n\n<p>Religion i Mongoliet \u00e5terspeglar olika lager av trosuppfattningar: drygt femtio procent av den vuxna befolkningen bek\u00e4nner sig till vajrayanabuddhism, medan fyrtio procent identifierar sig som icke-religi\u00f6sa. Shamanistiska sedv\u00e4njor finns kvar som kulturella substrat, och islam, fr\u00e4mst bland etniska kazaker, st\u00e5r f\u00f6r cirka tre procent. Sammanblandningen av buddhistiska och shamanistiska ritualer forts\u00e4tter att forma gemensamma och individuella ceremonier, fr\u00e5n s\u00e4songsbetonade offerg\u00e5vor till himmelsbegravningar i avl\u00e4gsna dalar.<\/p>\n\n\n\n<p>Mongoliets ekonomi bygger p\u00e5 dess pastorala arv och dess mineralrikedomar. Boskapssk\u00f6tsel och jordbruk representerar tillsammans cirka sexton procent av BNP; gruvdrift \u2013 med fokus p\u00e5 koppar, kol, molybden, tenn, volfram och guld \u2013 bidrar med cirka tjugotv\u00e5 procent. Enbart kashmirproduktion st\u00e5r f\u00f6r en femtedel av v\u00e4rldens r\u00e5produktion. Partihandel och detaljhandel, tj\u00e4nster, transport, lagerh\u00e5llning och fastigheter upptar ocks\u00e5 betydande andelar i den ekonomiska sammans\u00e4ttningen. Men vid sidan av dessa formella sektorer genomsyrar en informell ekonomi \u2013 som uppskattas motsvara minst en tredjedel av den officiella BNP \u2013 livet p\u00e5 landsbygden och i st\u00e4derna.<\/p>\n\n\n\n<p>Nationens utrikeshandel \u00e4r starkt inriktad p\u00e5 Kina, som absorberar n\u00e4stan \u00e5ttio procent av exporten, samtidigt som det st\u00e5r f\u00f6r drygt en tredjedel av importen. \u00c5r 2023 n\u00e5dde Mongoliets reala BNP-tillv\u00e4xt sju procent, till stor del drivet av rekordh\u00f6g kolproduktion f\u00f6r den kinesiska marknaden; l\u00e4gre globala livsmedels- och br\u00e4nslekostnader bidrog till att h\u00e5lla nere inflationen till cirka sju procent i b\u00f6rjan av 2024. Trots en kraftig \u00f6kning av importvolymerna noterades ett \u00f6verskott i bytesbalansen, \u00e4ven om nedg\u00e5ngar i r\u00e5varupriserna kan f\u00f6r\u00e4ndra balansen under de kommande \u00e5ren. V\u00e4rldsbanken anser att Mongoliets utsikter p\u00e5 medell\u00e5ng sikt \u00e4r lovande, mildrade av inflationstryck, fluktuationer i extern efterfr\u00e5gan och finanspolitiska risker kopplade till eventualf\u00f6rpliktelser. Enligt Asiatiska utvecklingsbanken levde ungef\u00e4r tjugosju procent av mongolerna under den nationella fattigdomsgr\u00e4nsen \u00e5r 2022, medan BNP per capita l\u00e5g n\u00e4ra tolv tusen amerikanska dollar.<\/p>\n\n\n\n<p>Finansiell infrastruktur inkluderar den mongoliska b\u00f6rsen, som grundades 1991. Fr\u00e5n och med 2024 listar den cirka 180 f\u00f6retag med ett sammanlagt b\u00f6rsv\u00e4rde p\u00e5 cirka 3,2 miljarder amerikanska dollar. International Finance Corporation rankar Mongoliet som nummer 81 globalt f\u00f6r att underl\u00e4tta aff\u00e4rsverksamheten. Kredit- och banktj\u00e4nster \u00e4r koncentrerade till Ulaanbaatar och utvalda provinsiella centra, vilket g\u00f6r att m\u00e5nga regionala samh\u00e4llen \u00e4r beroende av informell utl\u00e5ning eller byteshandel.<\/p>\n\n\n\n<p>Transportleder korsar landets vidstr\u00e4ckta vidd. Den transmongoliska j\u00e4rnv\u00e4gen f\u00f6rbinder den transsibiriska linjen vid Ulan-Ude i Ryssland, g\u00e5r genom Ulaanbaatar och forts\u00e4tter s\u00f6derut f\u00f6r att ansluta till det kinesiska j\u00e4rnv\u00e4gsn\u00e4tet vid Erenhot. En separat godsf\u00f6rbindelse fr\u00e5n kolf\u00e4lten Tavan Tolgoi till den kinesiska gr\u00e4nsen str\u00e4cker sig \u00f6ver cirka 233 kilometer. V\u00e4gar bortom Ulaanbaatars asfalterade korridorer tenderar mot grusv\u00e4gar eller enkla sp\u00e5r; asfalterade leder str\u00e4cker sig v\u00e4sterut och \u00f6sterut l\u00e4ngs Millenniumv\u00e4gen, till de ryska och kinesiska gr\u00e4nserna, och mellan st\u00f6rre st\u00e4der. V\u00e4gbyggnadsprojekt syftar till att f\u00f6rb\u00e4ttra f\u00f6rbindelserna, men det finns endast cirka 4 800 kilometer asfalterad v\u00e4g, varav 1 800 kilometer f\u00e4rdigst\u00e4lldes enbart under 2013.<\/p>\n\n\n\n<p>Flygresor betj\u00e4nar b\u00e5de inrikes och internationellt. Chinggis Khaan internationella flygplats, cirka femtiotv\u00e5 kilometer s\u00f6der om Ulaanbaatar, \u00e4r den viktigaste ink\u00f6rsporten. Direktflyg f\u00f6rbinder Mongoliet med Sydkorea, Kina, Thailand, Hongkong, Japan, Ryssland, Tyskland och Turkiet. MIAT Mongolian Airlines trafikerar internationella rutter; flygbolag som Aero Mongolia och Hunnu Airlines erbjuder inrikes och regionala tj\u00e4nster.<\/p>\n\n\n\n<p>Administrativt \u00e4r Mongoliet uppdelat i tjugoen aimags (provinser) och en provinsiell kommun, Ulaanbaatar. Varje aimag best\u00e5r av flera soums (underprovinser), vanligtvis femton till tjugotv\u00e5 per provins. Kulturellt och geografiskt kan landet delas in i fem regioner: Centrala Mongoliet (som omfattar Ulaanbaatar och Archangai), \u00d6stra Mongoliet (st\u00e4ppens hj\u00e4rta och Djingis Khans f\u00f6delseplats), Gobi, Norra Mongoliet (skogskl\u00e4dda h\u00f6jder och Kh\u00f6vsg\u00f6lsj\u00f6n) och V\u00e4stra Mongoliet (olika stammar runt Uvsj\u00f6n och Tavan Bogd-massivet).<\/p>\n\n\n\n<p>Tavan Bogd-massivet, l\u00e4ngst v\u00e4sterut i Mongoliet, n\u00e5r sin zenit vid Kh\u00fciten-toppen (4 374 m). I n\u00e4rheten ligger Uvsj\u00f6n och dess omgivande bass\u00e4ng \u2013 som delas med Rysslands republik Tuva \u2013 och finns med p\u00e5 UNESCOs v\u00e4rldsarvslista. Kh\u00f6vsg\u00f6lsj\u00f6n, en vidstr\u00e4ckt s\u00f6tvattensf\u00f6rekomst i norr, erbjuder alpint landskap och \u00e4r hem f\u00f6r unika vattenlevande arter som sibirisk r\u00e4ka. Floderna Onon och Kherlen, Amur-bass\u00e4ngens \u00f6stra bifloder, \u00e4r v\u00e4rd f\u00f6r \u00f6stlig b\u00e4cknejon\u00f6ga samt daurisk kr\u00e4fta och p\u00e4rlostron. Episoder av extrem kyla, lokalt k\u00e4nd som zud, decimerar regelbundet boskapen, vilket understryker betesmarkernas br\u00e4cklighet och de ekonomiska insatserna med pastoralism.<\/p>\n\n\n\n<p>Mongoliets flagga b\u00e4r soyombosymbolen: ett stiliserat emblem av eld och sol som representerar sol, m\u00e5ne, stj\u00e4rnor och himmel, h\u00e4mtat fr\u00e5n buddhistisk kosmologi. Denna ikon f\u00f6rekommer \u00e4ven p\u00e5 ger-d\u00f6rr\u00f6ppningar, valuta och offentliga byggnader. P\u00e5 tal om pengar cirkulerar den mongoliska t\u00f6gr\u00f6gen (ISO-kod MNT, tecken \u20ae) i val\u00f6rer fr\u00e5n 1 till 20 000. Utanf\u00f6r landet \u00e4r utl\u00e4ndsk valuta f\u00f6r t\u00f6gr\u00f6g s\u00e4llsynt; resen\u00e4rer rekommenderas att ha med sig amerikanska dollar f\u00f6r st\u00f6rre utgifter, \u00e4ven om t\u00f6gr\u00f6g i sm\u00e5 val\u00f6rer fortfarande \u00e4r viktiga f\u00f6r transaktioner p\u00e5 landsbygden.<\/p>\n\n\n\n<p>Kulinariska metoder \u00e5terspeglar klimatet och boskapsekonomin. Mejeriprodukter \u2013 byaslag (f\u00e4rsk ost), \u00f6r\u00f6m (clotted cream) och aaruul (torkade ostmassa) \u2013 och k\u00f6tt dominerar kosten. Buuz (\u00e5ngade k\u00f6ttdumplings), khuushuur (friterade k\u00f6ttfyllda flatbr\u00f6d) och tsuivan (wokade nudlar med k\u00f6tt) utg\u00f6r de urbana basvarorna, som var och en kostar n\u00e5gra tusen t\u00f6gr\u00f6g. Landsbygdsboende kan tillaga boodog, en get- eller murmeldjursstek tillagad i djurets skinn med hj\u00e4lp av uppv\u00e4rmda stenar, eller khorkhog, d\u00e4r f\u00e5rk\u00f6tt, gr\u00f6nsaker och heta stenar sjuder i en sluten kittel \u00f6ver \u00f6ppen eld. Airag \u2013 fermenterad stomj\u00f6lk \u2013 \u00e4r den traditionella drycken, medan arkhi \u2013 destillerad mj\u00f6lksprit \u2013 tj\u00e4nar b\u00e5de medicinska och sociala funktioner. Mongoliska vodkam\u00e4rken som Chinggis Khaan, Soyombo och Golden Chinggis \u00e4r allm\u00e4nt tillg\u00e4ngliga, liksom importerade och lokala \u00f6lsorter.<\/p>\n\n\n\n<p>Turister st\u00f6ter p\u00e5 f\u00e5 formella v\u00e4gar utanf\u00f6r st\u00f6rre centra; resor \u00f6ver land inneb\u00e4r ofta att k\u00f6ra \u00f6ver \u00f6ppen st\u00e4pp, rida, kamelkaravaner i Gobibergen eller till och med g\u00e5 tillbaka till delar av den antika Sidenv\u00e4gen. Boendet varierar fr\u00e5n gerl\u00e4ger n\u00e4ra Ulaanbaatar till enkla logi i provinsst\u00e4der, d\u00e4r m\u00e5nga resen\u00e4rer v\u00e4ljer att \u00f6vernatta hos nomadfamiljer \u2013 en chans att dela m\u00e5ltider med kokt f\u00e5rk\u00f6tt och mj\u00f6lkigt te och bevittna strups\u00e5ng, \u00f6rnjakt eller shamaniska ceremonier. Naturentusiaster kan s\u00f6ka sig till Przewalskis h\u00e4st i Khustain Nuruu nationalpark, den sibiriska stenbockan i Altai Tavan Bogd eller f\u00e5gelflyttningar vid Uvs Nuur.<\/p>\n\n\n\n<p>S\u00e4kerhetsaspekter inkluderar of\u00f6ruts\u00e4gbart v\u00e4der, s\u00e4rskilt p\u00e5 vintern, och kringstr\u00f6vande vakthundar p\u00e5 landsbygden. Saknade brunnslock i stads- och periurbanomr\u00e5den utg\u00f6r dolda faror, s\u00e4rskilt n\u00e4r sikten \u00e4r d\u00e5lig. Bes\u00f6kare b\u00f6r respektera lokala k\u00e4nsligheter, s\u00e4rskilt en uttalad anti-Kina-k\u00e4nsla: h\u00e4nvisningar till Inre Mongoliet som s\u00f6dra Mongoliet eller kritik av kinesisk politik kan v\u00e4cka anst\u00f6t.<\/p>\n\n\n\n<p>Mongoliet \u00e4r fortfarande en av de sista vidstr\u00e4ckta \u00f6ppna markerna d\u00e4r nomadiska traditioner lever vidare i stor skala. Dess toppar och \u00f6knar, dess \u00f6kenbevuxna st\u00e4pper och dess halvt f\u00f6rlorade stad i vinterns inversionslager bildar tillsammans en nation som \u00e4r b\u00e5de ur\u00e5ldrig och anpassningsbar, formad av klimat, er\u00f6vring och st\u00e4ppens motst\u00e5ndskraftiga kulturer. H\u00e4r, under &#034;Landet med bl\u00e5 himmel&#034;, samexisterar moderna ambitioner och urgamla rytmer i ett landskap som \u00e4r lika formidabelt som det \u00e4r vidstr\u00e4ckt.<\/p>","protected":false},"excerpt":{"rendered":"<p>Mongoliet, bel\u00e4get i \u00f6stra Asien, \u00e4r en landsluten nation med en befolkning p\u00e5 3,5 miljoner. Det har utm\u00e4rkelsen att vara v\u00e4rldens mest glesbefolkade suver\u00e4na stat, som omfattar ett stort omr\u00e5de p\u00e5 1 564 116 kvadratkilometer. Detta vidstr\u00e4ckta land, bel\u00e4get mellan Ryssland i norr och Kina i s\u00f6der, har en varierad terr\u00e4ng som omfattar gr\u00e4sbevuxna st\u00e4ppar, bergsomr\u00e5den och den ber\u00f6mda Gobi\u00f6knen. Mongoliet, det st\u00f6rsta landl\u00e5sta landet utan tillg\u00e5ng till ett slutet hav, uppvisar en distinkt geografisk profil som har p\u00e5verkat dess historia, kultur och utveckling.<\/p>","protected":false},"author":1,"featured_media":4234,"parent":24063,"menu_order":0,"comment_status":"closed","ping_status":"closed","template":"elementor_theme","meta":{"_eb_attr":"","footnotes":""},"class_list":["post-15411","page","type-page","status-publish","has-post-thumbnail"],"_links":{"self":[{"href":"https:\/\/travelshelper.com\/sv\/wp-json\/wp\/v2\/pages\/15411","targetHints":{"allow":["GET"]}}],"collection":[{"href":"https:\/\/travelshelper.com\/sv\/wp-json\/wp\/v2\/pages"}],"about":[{"href":"https:\/\/travelshelper.com\/sv\/wp-json\/wp\/v2\/types\/page"}],"author":[{"embeddable":true,"href":"https:\/\/travelshelper.com\/sv\/wp-json\/wp\/v2\/users\/1"}],"replies":[{"embeddable":true,"href":"https:\/\/travelshelper.com\/sv\/wp-json\/wp\/v2\/comments?post=15411"}],"version-history":[{"count":0,"href":"https:\/\/travelshelper.com\/sv\/wp-json\/wp\/v2\/pages\/15411\/revisions"}],"up":[{"embeddable":true,"href":"https:\/\/travelshelper.com\/sv\/wp-json\/wp\/v2\/pages\/24063"}],"wp:featuredmedia":[{"embeddable":true,"href":"https:\/\/travelshelper.com\/sv\/wp-json\/wp\/v2\/media\/4234"}],"wp:attachment":[{"href":"https:\/\/travelshelper.com\/sv\/wp-json\/wp\/v2\/media?parent=15411"}],"curies":[{"name":"wp","href":"https:\/\/api.w.org\/{rel}","templated":true}]}}