{"id":14854,"date":"2024-09-20T11:08:01","date_gmt":"2024-09-20T11:08:01","guid":{"rendered":"https:\/\/travelshelper.com\/staging\/?page_id=14854"},"modified":"2026-03-11T18:23:44","modified_gmt":"2026-03-11T18:23:44","slug":"nozawa-onsen","status":"publish","type":"page","link":"https:\/\/travelshelper.com\/sv\/destinations\/asia\/japan\/nozawa-onsen\/","title":{"rendered":"Nozawa Onsen"},"content":{"rendered":"<p>Nozawaonsen, inb\u00e4ddat i de nord\u00f6stra bergen i Nagano prefektur, upptar n\u00e4stan 58 kvadratkilometer varierad terr\u00e4ng. Byns befolkning uppgick till 3 653 inv\u00e5nare f\u00f6rdelade p\u00e5 1 395 hush\u00e5ll den 1 april 2019, vilket ger en inv\u00e5nart\u00e4thet p\u00e5 63 inv\u00e5nare per kvadratkilometer. S\u00e5dana siffror visar den medvetna livsstilen h\u00e4r, d\u00e4r utrymme f\u00f6r skogar, risterrasser och slingrande gr\u00e4nder r\u00e5der \u00f6ver t\u00e4t bebyggelse.<\/p>\n\n\n\n<p>Nozawaonsen ligger ungef\u00e4r en timmes bilresa fr\u00e5n Nagano City, mellan toppar som reser sig till 1 650 meter vid Mount Kenashi och floddalar som s\u00e4nker sig till cirka 300 meter \u00f6ver havet. I s\u00f6der inramar Kenashi-\u00e5sen horisonten, medan Chikumafloden \u2013 Japans l\u00e4ngsta flod \u2013 sk\u00e4r den v\u00e4stra gr\u00e4nsen. Bortom denna vattenv\u00e4g ligger staden Iiyama, vars urbana konturer endast syns n\u00e4r dalluften klarnar. I norr och \u00f6ster m\u00f6ter byn Sakae, ett annat samh\u00e4lle format av branta sluttningar och djup vintersn\u00f6. Inom dessa gr\u00e4nser uppst\u00e5r mikroklimat, som mildrar sommarv\u00e4rmen med eftermiddagsbrisar och inleder kraftigt sn\u00f6fall fr\u00e5n december till april.<\/p>\n\n\n\n<p>Klimatklassificeringen f\u00f6r Nozawaonsen \u00e4r fuktigt kontinentalt (K\u00f6ppen Dfa), k\u00e4nnetecknat av sommarfuktighet och kalla vinterm\u00e5nader. Genomsnittliga \u00e5rstemperaturer ligger p\u00e5 10,4 \u00b0C, stiger till ungef\u00e4r 23,3 \u00b0C i augusti och sjunker till \u22121,6 \u00b0C i januari. \u00c5rsnederb\u00f6rden n\u00e4rmar sig 1 782 millimeter, d\u00e4r januari vanligtvis \u00e4r den regnigaste m\u00e5naden och sn\u00f6fall bygger byns ber\u00f6mda vita mantel. Denna sammanfl\u00f6de av h\u00f6jd och nederb\u00f6rd gynnar b\u00e5de risodling i dalbottnarna och omfattande barrskogar h\u00f6gre upp.<\/p>\n\n\n\n<p>Bevis p\u00e5 m\u00e4nsklig bos\u00e4ttning i Nozawaonsen str\u00e4cker sig tillbaka till dess plats inom den antika provinsen Shinano. Texter fr\u00e5n mitten av Kamakura-perioden beskriver en bos\u00e4ttning som heter Yuyama, bokstavligen &#034;varm k\u00e4lla i bergen&#034;, vilket \u00e5terspeglar de geotermiska dammar som definierar det lokala livet. Legenden s\u00e4ger att munken Gy\u014bki fr\u00e5n 700-talet var den f\u00f6rsta som uppt\u00e4ckte dessa k\u00e4llor, en koppling som ger dem en mild aura av helighet. \u00c5r 1870 betj\u00e4nade 24 v\u00e4rdshus n\u00e4stan 25 000 bes\u00f6kare som s\u00f6kte helande bad, ett bevis p\u00e5 det l\u00e5ngvariga ryktet f\u00f6r dessa mineralvatten.<\/p>\n\n\n\n<p>Administrativt utvecklades den moderna byn genom en serie sammanslagningar och omklassificeringar. I april 1889 uppstod Toyosato under Japans nya kommunala system. Tre \u00e5r senare f\u00f6renades den med Takano f\u00f6r att bilda Zuiho, bara f\u00f6r att en del av byn skulle ansluta sig till Iiyama 1954. Resten, omorganiserades den 1 april 1955, tog namnet Nozawaonsen, vilket kopplade den administrativa identiteten till de varma k\u00e4llorna som formar den lokala kulturen och ekonomin.<\/p>\n\n\n\n<p>Jordbruk och turism utg\u00f6r de tv\u00e5 grundpelarna i Nozawaonsens f\u00f6rs\u00f6rjning. Branta f\u00e4lt klamrar sig fast vid sluttningar d\u00e4r bergsris, gr\u00f6nsaker och soba frodas under noggrann f\u00f6rvaltning. Samtidigt \u00f6kar s\u00e4songsbetonad turism varje vinter, tack vare en av Japans \u00e4ldsta skidorter. Skidomr\u00e5det \u00f6ppnade f\u00f6r mer \u00e4n 70 \u00e5r sedan och omfattar 297 hektar f\u00f6rdelade p\u00e5 sp\u00e5r som b\u00f6rjar p\u00e5 1 650 meters h\u00f6jd och g\u00e5r ner genom skogar som lever med puderiga drivor. \u00d6ver femtio kilometer preparerade pister str\u00e4cker sig fr\u00e5n l\u00e4tta nyb\u00f6rjarbackar till utmanande svarta backar. Tjugotre stolliftar och tv\u00e5 gondoler tar skid\u00e5kare upp\u00e5t, och den l\u00e4ngsta nedfarten str\u00e4cker sig tio kilometer och ger glimtar av de japanska Alperna och, p\u00e5 klara dagar, Japanska havet.<\/p>\n\n\n\n<p>M\u00f6jligheterna utanf\u00f6r pisten lockar erfarna skid\u00e5kare till djupare sn\u00f6f\u00e4lt, men byn rekommenderar att man anlitar en lokal guide. En terr\u00e4ngpark erbjuder hopp, rails och en \u00e5ttio meter l\u00e5ng pipe f\u00f6r snowboard\u00e5kare som s\u00f6ker kontrollerad sp\u00e4nning. I staden ligger Nozawa Onsen Arena, som grundades 1993, och kombinerar en isbana med bastu och solarium. Ett lokalt drivet h\u00e4lsocenter, tidigare k\u00e4nt som Kurhaus, erbjuder \u00e5ngbastu och utomhusbad.<\/p>\n\n\n\n<p>\u00c4nd\u00e5 \u00e4r byns utm\u00e4rkande attraktion fortfarande dess n\u00e4tverk av varma k\u00e4llor. Trettio individuella mineralk\u00e4llor f\u00f6rser tretton offentliga bad eller ryokan; varje bass\u00e4ng erbjuder distinkta mineralsammans\u00e4ttningar, temperaturer och ritualer. Gratis pubar \u2013 bland dem O-yu, Matsuba No-yu, Taki No-yu och tio andra \u2013 ligger sida vid sida med avgiftsbelagda inr\u00e4ttningar som Furusato Onsen och det familjev\u00e4nliga Sparena. Bes\u00f6kare korsar ofta smala kullerstensgator f\u00f6r att prova flera bad p\u00e5 en enda dag och uppskattar hur varje bass\u00e4ngs j\u00e4rnf\u00e4rgade eller svaveldoftande vatten framkallar subtilt olika f\u00f6rnimmelser och p\u00e5st\u00e5dda h\u00e4lsof\u00f6rdelar.<\/p>\n\n\n\n<p>Kulturarvet frodas i Nozawaonsens arton utsedda skatter. En immateriell skatt, Eldfestivalen, \u00e4r nationellt erk\u00e4nd som en viktig immateriell folkkulturell egendom. De \u00e5terst\u00e5ende sjutton, inklusive en 300 \u00e5r gammal ceder vid byns helgedom, har lokala beteckningar.<\/p>\n\n\n\n<p>Eldfestivalen, som h\u00e5lls \u00e5rligen den 15 januari, \u00e4r b\u00e5de en gemensam rit och ett sk\u00e5despel. M\u00e4n i \u00e5ldern fyrtio, fyrtioett och fyrtiotv\u00e5 \u2013 de \u00e5ldrar som anses vara mest i behov av andlig rening \u2013 och de i \u00e5ldern tjugofem samlas f\u00f6r att bygga en tre v\u00e5ningar h\u00f6g tr\u00e4helgedom som kallas en shadan. Helgedomen \u00e4r byggd tyst och utan metallf\u00e4sten och reser sig tio meter h\u00f6g och \u00e5tta meter bred. Totemp\u00e5lar, k\u00e4nda som hatsuakarikago, f\u00f6rberedda av familjer vars s\u00f6ner f\u00f6ddes \u00e5ret innan, \u00e5tf\u00f6ljer shadanen; dessa p\u00e5lar \u00e4r nio till tio meter h\u00f6ga, prydda med vindspel, papperstalismaner och familjevapen.<\/p>\n\n\n\n<p>Den 13 januari v\u00e4gleder m\u00e4stersnickare yakudoshin n\u00e4r de sl\u00e4par ner en tjugo meter l\u00e5ng japansk bokstam fr\u00e5n Hikage skidomr\u00e5de. F\u00f6ljande dag tar shadan form p\u00e5 byns torg. Klockan 19.00 den femtonde t\u00e4nder en flinta som g\u00e5tt i arv genom generationer den f\u00f6rsta facklan. Deltagarna sjunger traditionsrika s\u00e5nger, h\u00e4ller upp sake f\u00f6r \u00e5sk\u00e5darna och bildar en fackelt\u00e5g till omr\u00e5det. D\u00e4r bel\u00e4gras byggnaden av m\u00e4n som svingar facklor; yngre bybor f\u00f6rs\u00f6ker t\u00e4nda helgedomens bas, skyddad av tjugofem\u00e5ringarna, medan fyrtiotv\u00e5\u00e5ringar rider p\u00e5 toppen och symboliserar sk\u00e4rningspunkten mellan ungdom och medel\u00e5lder.<\/p>\n\n\n\n<p>Efter en och en halv till tv\u00e5 timmar kollapsar helgedomen i l\u00e5gor, och eldens gl\u00f6d lyser upp den djupa januarinatten. Arrang\u00f6rerna uppr\u00e4tth\u00e5ller strikt s\u00e4kerhet: v\u00e4ktare \u00f6vervakar de tjugofem\u00e5ringarna, och de som lyfter tungt avst\u00e5r fr\u00e5n alkohol. Deltagarna n\u00e5r ofta full kapacitet, och boendena s\u00e4ljs slut m\u00e5nader i f\u00f6rv\u00e4g.<\/p>\n\n\n\n<p>Dosojin-statyer \u2013 tr\u00e4sniderier av en manlig och en kvinnlig gudom \u2013 finns utspridda \u00f6ver byn. M\u00e5lade och placerade i d\u00f6rr\u00f6ppningar representerar dessa figurer \u00e4ktenskapets \u00f6dmjuka f\u00f6rhoppningar: tv\u00e5 individer med blygsamt utseende som fann lyckan i f\u00f6reningen. De f\u00f6rst\u00e4rker festivalens teman gemenskap, fertilitet och beskyddande f\u00f6rmynderskap.<\/p>\n\n\n\n<p>Tillg\u00e4ngligheten till Nozawaonsen betonar b\u00e5de avl\u00e4gsenhet och f\u00f6rbindelser. \u00c4ven om ingen passagerarj\u00e4rnv\u00e4g g\u00e5r direkt genom byn, ligger fem stationer p\u00e5 Iiyama-linjen inom en kilometer fr\u00e5n dess gr\u00e4nser. Stationerna Togari-Nozawaonsen och Kamisakai tar resen\u00e4rer n\u00e4rmast centrum. F\u00f6r de som anl\u00e4nder med shinkansen, f\u00f6rbinder Iiyama-stationen p\u00e5 Hokuriku Shinkansen-linjen byn med Tokyo p\u00e5 ungef\u00e4r tv\u00e5 timmar. En bybuss f\u00f6ljer shinkansens tidtabell, vilket s\u00e4kerst\u00e4ller smidiga transferm\u00f6jligheter.<\/p>\n\n\n\n<p>Sn\u00f6skor och vandringsleder korsar de omgivande bergen n\u00e4r sn\u00f6t\u00e4cket till\u00e5ter. Dagsutflykter avsl\u00f6jar g\u00f6mda vattenfall, cederlundar och vidstr\u00e4ckta vyer som understryker samspelet mellan berg och dal. Inne i byn finns smala gr\u00e4nder med en m\u00e4ngd traditionella v\u00e4rdshus, vandrarhem, restauranger som specialiserar sig p\u00e5 lokal soba och sake, souvenirbutiker och gatuf\u00f6rs\u00e4ljare.<\/p>\n\n\n\n<p>Nozawaonsens charm ligger i dess blandning av rustik uth\u00e5llighet och f\u00f6rfinad g\u00e4stfrihet. F\u00e4lt, skogar och k\u00e4llor best\u00e5r tillsammans med moderna liftar och internationella bes\u00f6kare. Vinterns tystnad ger vika f\u00f6r lyktupplysta festivaler, och sommarens gr\u00f6nska mjukar upp kanterna p\u00e5 branta stigar. H\u00e4r definierar det l\u00e5ngsamma droppet av mineralvatten och skidornas hamrande mot skorpig sn\u00f6 livets rytmer som formas av \u00e5rstider, tradition och den best\u00e5ende komforten av geotermisk v\u00e4rme.<\/p>","protected":false},"excerpt":{"rendered":"<p>Nozawaonsen \u00e4r en natursk\u00f6n stad bel\u00e4gen i den kuperade regionen Nagano Prefecture, Japan, med en befolkning p\u00e5 cirka 3 653 inv\u00e5nare f\u00f6rdelade p\u00e5 1 395 familjer den 1 april 2019. Denna charmiga ort, med en befolkningst\u00e4thet p\u00e5 63 individer per kvadratkilometer, har en yta p\u00e5 57,3 kvadratkilometer (296 kvadratkilometer). fly fr\u00e5n Japans livliga stadsomr\u00e5den. Nozawaonsen, som ligger i den norra regionen av Nagano Prefecture, exemplifierar den best\u00e5ende charmen i Japans landsbygd och dess rika kulturella arv.<\/p>","protected":false},"author":1,"featured_media":3842,"parent":14797,"menu_order":0,"comment_status":"closed","ping_status":"closed","template":"elementor_theme","meta":{"_eb_attr":"","footnotes":""},"class_list":["post-14854","page","type-page","status-publish","has-post-thumbnail"],"_links":{"self":[{"href":"https:\/\/travelshelper.com\/sv\/wp-json\/wp\/v2\/pages\/14854","targetHints":{"allow":["GET"]}}],"collection":[{"href":"https:\/\/travelshelper.com\/sv\/wp-json\/wp\/v2\/pages"}],"about":[{"href":"https:\/\/travelshelper.com\/sv\/wp-json\/wp\/v2\/types\/page"}],"author":[{"embeddable":true,"href":"https:\/\/travelshelper.com\/sv\/wp-json\/wp\/v2\/users\/1"}],"replies":[{"embeddable":true,"href":"https:\/\/travelshelper.com\/sv\/wp-json\/wp\/v2\/comments?post=14854"}],"version-history":[{"count":0,"href":"https:\/\/travelshelper.com\/sv\/wp-json\/wp\/v2\/pages\/14854\/revisions"}],"up":[{"embeddable":true,"href":"https:\/\/travelshelper.com\/sv\/wp-json\/wp\/v2\/pages\/14797"}],"wp:featuredmedia":[{"embeddable":true,"href":"https:\/\/travelshelper.com\/sv\/wp-json\/wp\/v2\/media\/3842"}],"wp:attachment":[{"href":"https:\/\/travelshelper.com\/sv\/wp-json\/wp\/v2\/media?parent=14854"}],"curies":[{"name":"wp","href":"https:\/\/api.w.org\/{rel}","templated":true}]}}