{"id":14616,"date":"2024-09-19T21:24:23","date_gmt":"2024-09-19T21:24:23","guid":{"rendered":"https:\/\/travelshelper.com\/staging\/?page_id=14616"},"modified":"2026-03-11T22:25:06","modified_gmt":"2026-03-11T22:25:06","slug":"vitryssland","status":"publish","type":"page","link":"https:\/\/travelshelper.com\/sv\/destinations\/europe\/belarus\/","title":{"rendered":"Belarus"},"content":{"rendered":"<p>Vitryssland, formellt kallat Republiken Vitryssland, har en central position i \u00d6steuropa. Med en yta p\u00e5 207 600 kvadratkilometer ligger landet mellan latituderna 51\u00b0 och 57\u00b0 N och longituderna 23\u00b0 och 33\u00b0 \u00d6, och gr\u00e4nsar till Ryssland i \u00f6ster och nordost, Ukraina i s\u00f6der, Polen i v\u00e4ster och Litauen och Lettland i nordv\u00e4st. Republiken, som har cirka 9,1 miljoner inv\u00e5nare, \u00e4r organiserad i sex administrativa regioner, medan huvudstaden Minsk utm\u00e4rker sig med s\u00e4rskild status. Detta relativt platta territorium, som k\u00e4nnetecknas av vidstr\u00e4ckta sumpmarker och breda skogsomr\u00e5den, erbjuder ett landskap som \u00e4r b\u00e5de diskret och stillsamt varierat.<\/p>\n<p>Med en h\u00f6jd p\u00e5 h\u00f6gst 345 meter \u00f6ver havet vid Dzyarzhynskaya Hara och en s\u00e4nkning p\u00e5 ner till 90 meter vid Nemanflodens l\u00e4gsta strand \u00e4r Vitrysslands relief mild. Dess hemiboreala klimat medf\u00f6r vintrar d\u00e4r medeltemperaturen f\u00f6r januari varierar fr\u00e5n \u20134 \u00b0C i sydv\u00e4st runt Brest till \u20138 \u00b0C i nordost n\u00e4ra Vitebsk, medan somrarna f\u00f6rblir svala och fuktiga, med en genomsnittstemperatur p\u00e5 18 \u00b0C. Den \u00e5rliga nederb\u00f6rden varierar mellan 550 och 700 millimeter, vilket \u00e5terspeglar en \u00f6verg\u00e5ngsposition mellan kontinentala och maritima regimer. Ett t\u00e4tt n\u00e4tverk av vattendrag och cirka 11 000 sj\u00f6ar kompletterar tre huvudfloder \u2013 Neman, Pripjat och Dnepr \u2013 som f\u00f6rbinder landet med \u00d6stersj\u00f6n och Svarta havet genom sina lopp.<\/p>\n<p>N\u00e4stan fyrtiotre procent av Belarus areal l\u00e5g under skog \u00e5r 2020, en \u00f6kning fr\u00e5n ungef\u00e4r trettiosju procent \u00e5r 1990. Av de 8,8 miljoner hektar skogsmark \u00e5terh\u00e4mtar sig cirka 6,6 miljoner hektar naturligt, medan 2,2 miljoner hektar har sitt ursprung i planerad skogsplantering. Endast en liten andel, kanske tv\u00e5 procent, beh\u00e5ller k\u00e4nnetecknen f\u00f6r prim\u00e4rskog, men cirka sexton procent av alla skogar faller inom formellt skyddade zoner. Denna tr\u00e4dlevande rikedom samexisterar sida vid sida med sumpiga l\u00e5gland, s\u00e4rskilt i Polesie-regionen, d\u00e4r torvfyndigheter representerar b\u00e5de en ekologisk egenskap och en utnyttjbar resurs.<\/p>\n<p>Under sina jordm\u00e5nor hyser Vitryssland blygsamma m\u00e4ngder olja och naturgas, tillsammans med mer rikliga mineralresurser: granit, dolomit, m\u00e4rgel, krita, sand, grus och lera. \u00c4nd\u00e5 finns arvet fr\u00e5n Tjernobylkatastrofen 1986 kvar h\u00e4r: ungef\u00e4r sjuttio procent av det radioaktiva nedfallet fr\u00e5n Ukrainas drabbade reaktor landade inom vitryskt territorium och f\u00f6rorenade uppskattningsvis en femtedel av landets mark, fr\u00e4mst i syd\u00f6stra delen. Internationella insatser, ledda av FN och allierade organisationer, har f\u00f6rs\u00f6kt minska jordkoncentrationerna av cesium-137 genom jordbruksinsatser \u2013 bland annat odling av raps och applicering av bindemedel \u2013 samtidigt som skogsbruk och markf\u00f6rvaltning anpassar sig till l\u00e5ngsiktiga str\u00e5lningsbegr\u00e4nsningar.<\/p>\n<p>Vitrysslands moderna gr\u00e4nser tog till stor del form under 1900-talet. Efter det polsk-litauiska samv\u00e4ldets nedg\u00e5ng i slutet av 1700-talet inf\u00f6rlivades l\u00e4nderna i det ryska imperiet. Efter den ryska revolutionens kaos t\u00e4vlade en rad kortlivade stater om kontrollen, vilket kulminerade i grundandet av den vitryska sovjetiska socialistiska republiken 1919. Det polsk-sovjetiska kriget (1918\u20131921) avstod n\u00e4stan h\u00e4lften av dessa territorier till Polen, bara f\u00f6r att den sovjetiska invasionen av \u00f6stra Polen 1939 skulle upph\u00e4va m\u00e5nga av dessa f\u00f6rluster. De slutgiltiga avgr\u00e4nsningarna kristalliserades i efterdyningarna av andra v\u00e4rldskriget, d\u00e5 sovjetisk administrativ praxis bef\u00e4ste Vitrysslands sex regioner och Minsks s\u00e4rskilda status.<\/p>\n<p>Andra v\u00e4rldskriget f\u00f6r\u00f6dde Belarus samh\u00e4lle och ekonomi: milit\u00e4ra operationer och ockupation kr\u00e4vde livet f\u00f6r n\u00e4stan en fj\u00e4rdedel av dess medborgare och utpl\u00e5nade h\u00e4lften av dess industri- och jordbrukskapacitet. Mitt i denna f\u00f6rst\u00f6relse uppstod en motst\u00e5ndskraftig partisanr\u00f6relse \u2013 f\u00f6renad av antinazistisk beslutsamhet och anm\u00e4rkningsv\u00e4rt m\u00e5ngsidig i sin sammans\u00e4ttning \u2013 som formade efterkrigspolitiken i \u00e5rtionden. \u00c5r 1945, som en av grundarna av F\u00f6renta nationerna tillsammans med Sovjetunionen, inledde den vitryska SSR en snabb omvandling fr\u00e5n ett jordbruks inland till en industrirepublik, styrd av central planering och kollektivisering.<\/p>\n<p>Med f\u00f6r\u00e4ndringens vindar svepte genom \u00d6steuropa utropade Belarus h\u00f6gsta sovjet suver\u00e4nitet den 27 juli 1990. Inom ett \u00e5r ledde Sovjetunionens uppl\u00f6sning till fullst\u00e4ndig sj\u00e4lvst\u00e4ndighet den 25 augusti 1991. En ny konstitution f\u00f6ljde tre \u00e5r senare, och 1994 valdes Alexander Lukasjenko till president med den enda fria r\u00f6str\u00e4tten sedan sj\u00e4lvst\u00e4ndigheten. Hans tid som president, som nu n\u00e4rmar sig tre decennier, har lett till att omfattande statligt \u00e4gande har bibeh\u00e5llits, oberoende medier och civilsamh\u00e4llet har undertryckts, samt makten har koncentrerats inom en starkt centraliserad verkst\u00e4llande makt. Press- och m\u00f6tesfriheten \u00e4r bland de mest begr\u00e4nsade i Europa, och d\u00f6dsstraffet \u00e4r fortfarande i kraft.<\/p>\n<p>Vitryssland uppr\u00e4tth\u00e5ller ett n\u00e4tverk av internationella tillh\u00f6righeter: landet tillh\u00f6r FN, Oberoende staters samv\u00e4lde, Organisationen f\u00f6r kollektiv s\u00e4kerhet och Eurasiska ekonomiska unionen, och deltar i Organisationen f\u00f6r s\u00e4kerhet och samarbete i Europa och den alliansfria r\u00f6relsen. En bilateral relation med Europeiska unionen best\u00e5r, \u00e4ven om medlemskap aldrig har s\u00f6kts. F\u00f6rs\u00f6k att g\u00e5 med i Europar\u00e5det 1993 avvisades p\u00e5 grund av oregelbundenheter i valet och oro f\u00f6r m\u00e4nskliga r\u00e4ttigheter, och dess begr\u00e4nsade engagemang med detta organ upph\u00f6rde helt 2022, efter Vitrysslands roll i att underl\u00e4tta Rysslands invasion av Ukraina.<\/p>\n<p>Ekonomiskt sett rankas Vitryssland p\u00e5 sextionde plats i FN:s index f\u00f6r m\u00e4nsklig utveckling, vilket indikerar mycket h\u00f6g m\u00e4nsklig utveckling trots sin status som ett utvecklingsland. \u00c5r 2019 bidrog tillverkningsindustrin med ungef\u00e4r trettioen procent av BNP och sysselsatte strax under trettiofem procent av arbetskraften, \u00e4ven om tillv\u00e4xten har halkat efter den bredare ekonomin. Jordbruket uppr\u00e4tth\u00e5ller landsbygdens f\u00f6rs\u00f6rjning, med potatis och boskap bland de viktigaste produktionsprodukterna. Statlig kontroll \u00f6ver stora f\u00f6retag kvarst\u00e5r, \u00e4ven om begr\u00e4nsade marknadsreformer och internationell handel ligger till grund f\u00f6r en blygsam ekonomisk diversifiering.<\/p>\n<p>Monet\u00e4r historia har pr\u00e4glats av perioder av instabilitet. Den vitryska rubeln introducerades i maj 1992 f\u00f6r att ers\u00e4tta den sovjetiska valutan och genomgick tv\u00e5 redenomineringar: f\u00f6rst \u00e5r 2000 och igen i juli 2016, d\u00e5 10 000 gamla rubel blev en ny rubel (BYN). En kraftig devalvering i maj 2011 \u2013 d\u00e5 valutan f\u00f6rlorade cirka femtiosex procent av sitt v\u00e4rde mot den amerikanska dollarn p\u00e5 en enda dag \u2013 f\u00f6ranledde en beg\u00e4ran om r\u00e4ddning fr\u00e5n Internationella valutafonden. Episoder av priskontroller, inklusive en frysning som tillk\u00e4nnagavs i oktober 2022 f\u00f6r att begr\u00e4nsa livsmedelsinflationen, illustrerar regeringens interventionistiska h\u00e5llning. I januari 2023 legaliserade lagstiftning obeh\u00f6rig anv\u00e4ndning av immateriella r\u00e4ttigheter fr\u00e5n nationer som ans\u00e5gs vara &#034;ov\u00e4nliga&#034;.<\/p>\n<p>Banksektorn best\u00e5r av tv\u00e5 niv\u00e5er: Republiken Vitrysslands nationalbank som dess topp och tjugofem kommersiella institutioner under den. Penningpolitik, kreditallokering och v\u00e4xelkurshantering \u00e4r fortfarande under strikt statlig tillsyn, vilket \u00e5terspeglar det bredare m\u00f6nstret av statligt engagemang i hela ekonomin.<\/p>\n<p>Belarus befolkning p\u00e5 cirka 9,41 miljoner (folkr\u00e4kning 2019) \u00e4r \u00f6verv\u00e4gande belarusisk, cirka 84,9 procent. Ryska, polska och ukrainska minoriteter utg\u00f6r 7,5 procent, 3,1 procent respektive 1,7 procent. Med en genomsnittlig befolkningst\u00e4thet p\u00e5 n\u00e4ra femtio personer per kvadratkilometer bor ungef\u00e4r sjuttio procent av befolkningen i stadsomr\u00e5den. Minsk, hem f\u00f6r n\u00e4stan tv\u00e5 miljoner inv\u00e5nare, utg\u00f6r den politiska, kulturella och ekonomiska k\u00e4rnan; andra st\u00f6rre st\u00e4der inkluderar Gomel (481 000), Mogilev (365 100), Vitebsk (342 400), Grodno (314 800) och Brest (298 300).<\/p>\n<p>Den naturliga befolkningsminskningen har marginellt motverkats av nettoinvandring. \u00c5r 2007 upplevde Belarus en negativ tillv\u00e4xttakt p\u00e5 0,41 procent, underst\u00f6dd av en fertilitetsgrad p\u00e5 1,22 barn per kvinna \u2013 l\u00e5ngt under ers\u00e4ttningsniv\u00e5n. Nettomigrationen, p\u00e5 cirka +0,38 per tusen, st\u00e5r i kontrast till de utfl\u00f6den som observerats p\u00e5 andra h\u00e5ll i regionen. Den demografiska profilen \u00e4r snedvriden till \u00e4ldre: \u00e5r 2015 var cirka fjorton procent sextiofem \u00e5r eller \u00e4ldre, och median\u00e5ldern p\u00e5 trettiofyra f\u00f6rv\u00e4ntas stiga \u00f6ver sextio vid mitten av \u00e5rhundradet. Den genomsnittliga livsl\u00e4ngden \u00e4r 72,15 \u00e5r \u2013 78,1 \u00e5r f\u00f6r kvinnor och 66,5 \u00e5r f\u00f6r m\u00e4n \u2013 och l\u00e4skunnigheten \u00f6verstiger nittionio procent bland de som \u00e4r femton \u00e5r och \u00e4ldre.<\/p>\n<p>Religi\u00f6s tillh\u00f6righet \u00e5terspeglar en \u00f6vervikt av \u00f6stortodoxi, som ungef\u00e4r fyrtio\u00e5tta procent av befolkningen ansluter sig till. Folkr\u00e4kningsdata fr\u00e5n 2011 visar att femtionio procent st\u00f6der en religi\u00f6s identitet: av dessa ansluter sig cirka \u00e5ttiotv\u00e5 procent till det vitryska exarkatet inom den ryska ortodoxa kyrkan, medan mindre ortodoxa samfund och en vitrysk autocefal ortodox kyrka ocks\u00e5 finns. Romersk katoliker representerar cirka 7,1 procent \u2013 \u200b\u200bfr\u00e4mst i v\u00e4stra regioner \u2013 medan protestantiska samfund, grekisk katoliker, judar, muslimer och neohedniska grupper utg\u00f6r resten. Ungef\u00e4r fyrtioen procent av vitryssarna beskriver sig sj\u00e4lva som icke-religi\u00f6sa.<\/p>\n<p>Tv\u00e5 spr\u00e5k har officiell status: vitryska och ryska. I folkr\u00e4kningen 2009 uppgav femtiotre procent av de svarande att vitryska var sitt modersm\u00e5l, medan fyrtioen procent uppgav ryska. \u00c4nd\u00e5 dominerar ryska det dagliga talet i cirka sjuttio procent av hush\u00e5llen, j\u00e4mf\u00f6rt med tjugotre procent f\u00f6r vitryska. Sedan mitten av 1990-talet har utbildningen i st\u00e4derna skiftat mot ryskundervisning, och den \u00e5rliga produktionen av vitryskspr\u00e5kig litteratur har minskat markant.<\/p>\n<p>Vitryssland bevarar en kvartett av UNESCO:s v\u00e4rldsarvsplatser. Mir slottskomplex och Nesvizh slotts bostads- och f\u00f6rsvarsbyggnad exemplifierar senmedeltida arkitektur och aristokratisk planering. Den transnationella Struves geodetiska b\u00e5ge firar geodetiska str\u00e4vanden fr\u00e5n 1800-talet och markerar unders\u00f6kningspunkter i tio l\u00e4nder. Slutligen skyddar de ursprungliga linjerna i Bia\u0142owie\u017ca-skogen \u2013 k\u00e4nd som Belovezhskaya Pushcha p\u00e5 den belarusiska sidan \u2013 europeiska bisonoxar bland ur\u00e5ldriga ekar och tallar, vilket ger en levande glimt av det f\u00f6rindustriella Europa.<\/p>\n<p>Bortom dessa landm\u00e4rken m\u00f6ter bes\u00f6karna sp\u00e5r av ett rikare arkitektoniskt f\u00f6rflutet, varav mycket gick under under andra v\u00e4rldskriget eller genom planering efter kriget. Minsk, som rekonstruerades helt efter sin f\u00f6rst\u00f6relse under kriget, blandar nu monumentala socialistiska strukturer med moderna kaf\u00e9er, museer och kulturella platser. Sj\u00e4lvst\u00e4ndighetstorget \u00e4r en central del av stadens medborgarliv, inramat av det tidigare KGB-h\u00f6gkvarteret och Nationalmuseet; i n\u00e4rheten ligger det judiska monumentet Zaslavsky som hedrar f\u00f6rlorade samh\u00e4llen.<\/p>\n<p>I Brest vid v\u00e4stra gr\u00e4nsen st\u00e5r 1800-talsf\u00e4stningen som ett monument \u00f6ver det sovjetiska motst\u00e5ndet under Operation Barbarossa. F\u00f6r att f\u00e5 en glimt av lantligt hantverk fr\u00e5n 1800-talet kan resen\u00e4rer resa till Dudutki friluftsmuseum, d\u00e4r tr\u00e4- och halmtakskonstruktioner \u00e4r v\u00e4rd f\u00f6r demonstrationer av keramik, snickeri, bakning och hantverk. F\u00f6r naturliga tillflyktsorter erbjuder Pripyat-reservatet och Braslau-sj\u00f6regionen v\u00e5tmarker, \u00f6ar och skogskl\u00e4dda str\u00e4nder. Fyra nationalparker \u2013 Belovezhskaya Pushcha, Pripyatsky, Braslav-sj\u00f6arna och Osipovichsky \u2013 erbjuder olika livsmilj\u00f6er f\u00f6r vilda djur och m\u00f6jligheter till lugn utforskning.<\/p>\n<p>S\u00e4kerhetsaspekterna liknar de som g\u00e4ller i en str\u00e4ngt \u00f6vervakad stat. Sm\u00e5brottslighet mot bes\u00f6kare \u00e4r s\u00e4llsynt, men f\u00f6rsiktighet rekommenderas vid finansiella transaktioner, eftersom bedr\u00e4gerier och cyberbrottslighet f\u00f6rekommer. Myndigheterna uppr\u00e4tth\u00e5ller omfattande \u00f6vervakning: hotellrum, kommunikationer och personliga tillh\u00f6righeter kan bli f\u00f6rem\u00e5l f\u00f6r inspektion. Fotografering av milit\u00e4ra, statliga eller gr\u00e4nsanl\u00e4ggningar kan framkalla officiell kritik. Offentlig berusning och anv\u00e4ndning av svordomar leder till b\u00f6ter eller frihetsber\u00f6vande.<\/p>\n<p>Politiska sammankomster riskerar abrupt undertryckande; olikt\u00e4nkande bestraffas och yttrandefriheten begr\u00e4nsas kraftigt. Demonstranter b\u00e4r ofta den historiska vit-r\u00f6d-vita fanan fr\u00e5n 1918\u20131995, en symbol f\u00f6r diasporan och oppositionen; dess f\u00f6rekomst offentligt signalerar en f\u00f6rh\u00f6jd risk f\u00f6r gripande. \u00c4ven gester s\u00e5 oskyldiga som appl\u00e5der kan dra till sig o\u00f6nskad uppm\u00e4rksamhet, eftersom de har anammats av kritiker av regimen. Utl\u00e4ndska journalister, s\u00e4rskilt de av polskt ursprung, har upplevt nekad inresa, frihetsber\u00f6vande och f\u00f6rh\u00f6r.<\/p>\n<p>Attityderna gentemot HBTQ-bes\u00f6kare \u00e4r fortfarande konservativa. \u00c4ven om lagstiftningen inte l\u00e4ngre kriminaliserar samk\u00f6nade relationer med samtyckande, \u00e4r samh\u00e4llets acceptans begr\u00e4nsad \u2013 s\u00e4rskilt bland \u00e4ldre generationer \u2013 och offentliga uttryck av tillgivenhet rekommenderas inte. K\u00f6rf\u00f6rh\u00e5llandena varierar fr\u00e5n funktionella p\u00e5 huvudv\u00e4gar till farliga p\u00e5 vintern: gropar, gles belysning, of\u00f6ruts\u00e4gbart fotg\u00e4ngarbeteende och tillf\u00e4llig ignorering av trafikregler kr\u00e4ver alla vaksamhet.<\/p>\n<p>H\u00e4lso- och sjukv\u00e5rden lever inte upp till v\u00e4sterl\u00e4ndska standarder. Inr\u00e4ttningar saknar ofta modern utrustning, och spr\u00e5kbarri\u00e4rer f\u00f6rv\u00e4rrar sv\u00e5righeter f\u00f6r personer som inte talar ryska eller vitryska. Ambulansernas svarstider kan \u00f6verstiga trettio minuter, vilket g\u00f6r medicinsk evakuering till den mest p\u00e5litliga v\u00e4gen till avancerad v\u00e5rd. Tuberkulos utg\u00f6r v\u00e4xande utmaningar, och kranvatten \u00e4r os\u00e4kert f\u00f6r direkt konsumtion; flaskvatten rekommenderas starkt. Livsmedel genomg\u00e5r b\u00e5de bakteriell och radiologisk inspektion, \u00e4ven om produkter som kommer inom femtio kilometer fr\u00e5n Tjernobyls reaktor fortfarande \u00e4r f\u00f6rbjudna.<\/p>\n<p>Etikett i Belarus \u00e5terspeglar en mer reserverad kultur. Belaruser v\u00e4rdes\u00e4tter tystl\u00e5tenhet offentligt, d\u00e4r leenden mot fr\u00e4mlingar kan tolkas som o\u00e4rlighet eller h\u00e5n. F\u00f6rsta m\u00f6ten framkallar ofta koncisa svar snarare \u00e4n \u00f6versvallande v\u00e4rme; f\u00f6rtroende och \u00f6ppenhet utvecklas gradvis. Ridderlighet \u00e4r fortfarande vanligt: \u200b\u200bm\u00e4n erbjuder ofta praktisk hj\u00e4lp till kvinnor, som i sin tur f\u00f6rv\u00e4ntar sig s\u00e5dan artighet. Politisk diskurs, s\u00e4rskilt om president Lukasjenko eller sovjetiska arv, b\u00f6r undvikas, eftersom s\u00e5dana \u00e4mnen kan framkalla oro eller officiella repressalier.<\/p>\n<p>I b\u00e5de Vitrysslands lugna byar och dess moderna stadscentra formar samspelet mellan historisk splittring och kulturell envishet en milj\u00f6 som \u00e4r b\u00e5de utmanande och stillsamt f\u00e4ngslande. \u00c4ven om mycket av dess f\u00f6rflutna har g\u00e5tt f\u00f6rlorat \u2013 genom krigstidsv\u00e5ld och enhetlig \u00e5teruppbyggnad \u2013 finns sp\u00e5r kvar i sk\u00f6vlade skogar, i slottsmurar och i vardagslivets stoiska rytmer. F\u00f6r dem som \u00e4r villiga att se bortom ytliga intryck erbjuder Vitryssland en upplevelse av motst\u00e5ndskraft och kontinuitet, pr\u00e4glad av dess folks osminkade verklighet och den subtila sk\u00f6nheten i ett land i st\u00e4ndig, om \u00e4n \u00e5terh\u00e5llen, f\u00f6rvandling.<\/p>","protected":false},"excerpt":{"rendered":"<p>Med en uppskattad befolkning p\u00e5 n\u00e4stan 9,1 miljoner m\u00e4nniskor \u00e4r Vitryssland \u2013 formellt k\u00e4nt som Republiken Vitryssland \u2013 ett landlockat land i \u00d6steuropa. Vitrysslands strategiska l\u00e4ge \u2013 det d\u00e4r korsningen mellan Europa och Asien \u2013 har p\u00e5verkat dess historiska utveckling, kulturella identitet och geopolitiska relevans. Plats 13:e i Europa efter landmassa, nationen har en yta p\u00e5 207 600 kvadratkilometer (80 200 kvadrat miles). Ryssland i \u00f6ster och nordost, Ukraina i s\u00f6der, Polen i v\u00e4ster, Litauen och Lettland i nordv\u00e4st runt hela Vitryssland. Landets utveckling och dess historiska v\u00e4xelverkan med omgivande stater har p\u00e5verkats mycket av dess geografiska l\u00e4ge.<\/p>","protected":false},"author":1,"featured_media":2825,"parent":24078,"menu_order":0,"comment_status":"closed","ping_status":"closed","template":"elementor_theme","meta":{"_eb_attr":"","footnotes":""},"class_list":["post-14616","page","type-page","status-publish","has-post-thumbnail"],"_links":{"self":[{"href":"https:\/\/travelshelper.com\/sv\/wp-json\/wp\/v2\/pages\/14616","targetHints":{"allow":["GET"]}}],"collection":[{"href":"https:\/\/travelshelper.com\/sv\/wp-json\/wp\/v2\/pages"}],"about":[{"href":"https:\/\/travelshelper.com\/sv\/wp-json\/wp\/v2\/types\/page"}],"author":[{"embeddable":true,"href":"https:\/\/travelshelper.com\/sv\/wp-json\/wp\/v2\/users\/1"}],"replies":[{"embeddable":true,"href":"https:\/\/travelshelper.com\/sv\/wp-json\/wp\/v2\/comments?post=14616"}],"version-history":[{"count":0,"href":"https:\/\/travelshelper.com\/sv\/wp-json\/wp\/v2\/pages\/14616\/revisions"}],"up":[{"embeddable":true,"href":"https:\/\/travelshelper.com\/sv\/wp-json\/wp\/v2\/pages\/24078"}],"wp:featuredmedia":[{"embeddable":true,"href":"https:\/\/travelshelper.com\/sv\/wp-json\/wp\/v2\/media\/2825"}],"wp:attachment":[{"href":"https:\/\/travelshelper.com\/sv\/wp-json\/wp\/v2\/media?parent=14616"}],"curies":[{"name":"wp","href":"https:\/\/api.w.org\/{rel}","templated":true}]}}