{"id":14592,"date":"2024-09-19T20:26:45","date_gmt":"2024-09-19T20:26:45","guid":{"rendered":"https:\/\/travelshelper.com\/staging\/?page_id=14592"},"modified":"2026-03-11T22:23:23","modified_gmt":"2026-03-11T22:23:23","slug":"bryssel","status":"publish","type":"page","link":"https:\/\/travelshelper.com\/sv\/destinations\/europe\/belgium\/brussels\/","title":{"rendered":"Bryssel"},"content":{"rendered":"<p>Bryssel intar en unik plats bland europeiska huvudst\u00e4der och blandar lager av medeltida gatum\u00f6nster med den monumentala skalan fr\u00e5n 1800- och 1900-talsplanering och de eleganta glasfasaderna p\u00e5 samtida institutioner. Som b\u00e5de Belgiens politiska hj\u00e4rta och en central punkt f\u00f6r internationell styrning motst\u00e5r staden en enkel kategorisering. Dess t\u00e4ta urbana struktur \u2013 \u00e4rrad av borttagandet av bef\u00e4stningar och omfattande ombyggnader \u2013 antyder de komplexa krafter som har format dess tillv\u00e4xt. \u00c4nd\u00e5, inb\u00e4ddad i de slingrande gr\u00e4nderna i \u00celot Sacr\u00e9, bland moderna kontorstorn och under Sonienskogens lummiga tak, finner man fortfarande ekon av ett tidigare Bryssel: en stad byggd p\u00e5 den mjuka upph\u00f6jningen bredvid Senne, med enkla bost\u00e4der samlade runt en vadst\u00e4lles\u00f6verg\u00e5ng.<\/p>\n<p>\u00c5rhundraden innan europeiska toppm\u00f6ten samlades i skuggan av Berlaymont, var Bryssel en bos\u00e4ttning f\u00f6r b\u00f6nder och handelsm\u00e4n vars f\u00f6rm\u00f6genheter f\u00f6rblev knutna till Sennes ebb och flod. Dess andra murar, fortfarande delvis synliga vid Halleporten, och de fragmentariska ruinerna av de f\u00f6rsta vallarna p\u00e5minner om en tid d\u00e5 staden f\u00f6rsvarade sig mot b\u00e5de angr\u00e4nsande grevar och utl\u00e4ndska arm\u00e9er. De blygsamma gotiska spirorna p\u00e5 katedralen St. Michael och St. Gudula st\u00e5r d\u00e4r en g\u00e5ng tr\u00e4palissader fick ge vika f\u00f6r sten, ett vittnesb\u00f6rd om en stad som stadigt tog p\u00e5 sig nya ansvarsomr\u00e5den under hela medeltiden.<\/p>\n<p>1800-talet medf\u00f6rde en omvandling i en skala som f\u00e5 europeiska huvudst\u00e4der har k\u00e4nt till. \u00c5r 1830 blev Bryssel s\u00e4te f\u00f6r ett nyligen sj\u00e4lvst\u00e4ndigt kungarike d\u00e4r franskan utropades till regerings- och kulturspr\u00e5k. Uppmuntrade av sin status beordrade successiva stadsfullm\u00e4ktige rivning av stora str\u00e4ckor av smala gr\u00e4nder och korsvirkeshus f\u00f6r att ge plats \u00e5t ministerier, kaserner och stora avenyer. Den impulsen \u2013 som tydligast syntes i rivningen av Victor Hortas Maison du Peuple \u2013 skulle senare framkalla utbrett h\u00e5n och ge upphov till termen &#034;brysselisering&#034;, en f\u00f6rkortning f\u00f6r det tankl\u00f6sa ers\u00e4ttandet av kulturarv med betongmonoliter. Endast en fragmentarisk historisk k\u00e4rna \u00f6verlevde, en handfull gator som omger Grand-Place, d\u00e4r flamboyant gotik m\u00f6ter barocka gilleshusfasader i en UNESCO-skyddad ensemble.<\/p>\n<p>Bryssels topografi \u00e4r subtil men betydelsefull. Med en genomsnittlig h\u00f6jd p\u00e5 57 meter str\u00e4cker sig staden \u00f6ver Brabantplat\u00e5n, vars konturer formas av Senne och bifloder som Maalbeek och Woluwe. Hydrologisk ingenj\u00f6rskonst under 1800-talet omsluter floden under breda boulevarder, men sp\u00e5r av dess lopp p\u00e5verkar fortfarande gatulinjer och parker. I den syd\u00f6stra utkanten reser sig Sonienskogen till 127,5 meter \u2013 den h\u00f6gsta punkten i Bryssel-huvudstadsregionen \u2013 medan de centrala boulevarderna ligger cirka 15 meter l\u00e4gre och inramar ett stadslandskap med mjuka b\u00f6ljningar snarare \u00e4n dramatiska toppar.<\/p>\n<p>Administrativt sett \u00e4r Bryssel en enkel definition. Huvudstadsregionen Bryssel best\u00e5r av 19 kommuner, bland annat staden Bryssel, som inrymmer det kungliga palatset, det federala parlamentet och lejonparten av de nationella institutionerna. \u00c4nd\u00e5 fungerar dessa 19 kommuner mer som baronier i en enda metropol, var och en med sin egen borgm\u00e4stare och fullm\u00e4ktige, en fragmentering som m\u00e5nga menar f\u00f6rsvagar styrningen. F\u00f6rslag om att sl\u00e5 samman dem till ett enhetligt fullm\u00e4ktige dyker upp med j\u00e4mna mellanrum, vilket g\u00f6r j\u00e4mf\u00f6relser med Londons stadsdelar eller Paris arrondissement, men f\u00f6r tillf\u00e4llet best\u00e5r lappt\u00e4cket.<\/p>\n<p>Det \u00e4r inom denna region som Europeiska unionen har v\u00e4vt sin egen stadsdel \u2013 en enklav av speglade kontorsbyggnader och moderna torg. Eftersom Malta, Luxemburg och Strasbourg \u00e4r v\u00e4rdar f\u00f6r r\u00e4ttsliga och parlamentariska sessioner, f\u00f6rblir Bryssel \u00e4nd\u00e5 de facto unionens huvudstad. Europeiska kommissionens Berlaymont-byggnad, Europar\u00e5dets senig glasv\u00e4ggar och Espace L\u00e9opold-komplexet vittnar om en politisk tyngd som str\u00e4cker sig bortom Belgiens gr\u00e4nser. NATO:s h\u00f6gkvarter ligger i n\u00e4rheten, bredvid Beneluxsekretariatet, vilket understryker Bryssels roll som en central punkt f\u00f6r internationell diplomati.<\/p>\n<p>Demografiskt sett visar staden en paradox. \u00c4ven om Brysselregionen har den h\u00f6gsta BNP per capita i Belgien, k\u00e4mpar dess inv\u00e5nare med de l\u00e4gsta disponibla inkomsterna. Mer \u00e4n en halv miljon pendlare korsar dess gr\u00e4nser dagligen, lockade av jobbm\u00f6jligheter inom offentlig sektor, finans och tj\u00e4nster. Storstadsomr\u00e5det v\u00e4xer till cirka 2,7 miljoner inv\u00e5nare n\u00e4r satellitst\u00e4der inkluderas, en del av en bredare storstadsregion som kallas den flaml\u00e4ndska diamanten som f\u00f6rbinder Antwerpen, Gent, Leuven och bortom. Inom regionens kompakta 162 kvadratkilometer \u00e4r befolkningst\u00e4theten som h\u00f6gst i Saint-Josse-ten-Noode \u2013 \u00f6ver 20 000 personer per kvadratkilometer \u2013 medan skogskl\u00e4dda enklaver som Watermael-Boitsfort erbjuder vila p\u00e5 under 2 000.<\/p>\n<p>Ett anm\u00e4rkningsv\u00e4rt drag i Bryssel \u00e4r dess spr\u00e5kliga utveckling. Historiskt sett en nederl\u00e4ndsktalande stad som anv\u00e4nde den lokala Brabantianska dialekten, bevittnade den en stadig f\u00f6rskjutning mot franska fr\u00e5n slutet av 1700-talet och fram\u00e5t. Vid sekelskiftet 1900 hade franskan blivit spr\u00e5ket f\u00f6r lag, utbildning och handel, ett verktyg f\u00f6r social r\u00f6rlighet som nederl\u00e4ndskan inte kunde matcha f\u00f6rr\u00e4n dess \u00e5terupplivande under senare h\u00e4lften av seklet. Idag \u00e4r Bryssel officiellt tv\u00e5spr\u00e5kigt. Offentliga tj\u00e4nster, gatuskyltar och statliga dokument finns p\u00e5 b\u00e5de franska och nederl\u00e4ndska, \u00e4ven om franska dominerar som lingua franca. Engelska och en m\u00e4ngd andra spr\u00e5k frodas i stadsdelar som f\u00f6rvandlats genom migration, vilket ger staden en livfullhet som endast matchas av dess polyfoni.<\/p>\n<p>Arkitektonisk m\u00e5ngfald \u00e4r kanske Bryssels mest synliga k\u00e4nnetecken. Bortsett fr\u00e5n en handfull medeltida byggnader i \u00celot Sacr\u00e9 och n\u00e4ra Sainte-Catherine, h\u00e4rstammar det mesta av stadens byggnadsarv fr\u00e5n senare perioder. Nyklassicistisk prakt str\u00e5lar ut runt Kungliga kvarteret, d\u00e4r palatset, Nationspalatset och Akademipalatset \u00e5terspeglar Ludvig XVI:s symmetri. I n\u00e4rheten avsl\u00f6jar de kungliga Saint-Hubert-gallerierna \u2013 en av Europas tidigaste t\u00e4ckta arkader \u2013 en f\u00f6rk\u00e4rlek f\u00f6r f\u00f6rgyllda j\u00e4rnsmiden och glas fr\u00e5n 1800-talet.<\/p>\n<p>Jugendstilen definierar ytterligare ett kapitel i Bryssels historia. Victor Hortas hus \u2013 H\u00f4tel Tassel, Solvay och van Eetvelde \u2013 utg\u00f6r ett v\u00e4rldsarv. Deras slingrande j\u00e4rnbj\u00e4lkar och organiska motiv f\u00e5ngade optimismen i den belgiska modernismen vid sekelskiftet, ett svar p\u00e5 industrialiseringen som f\u00f6rs\u00f6kte f\u00f6rena hantverk och framsteg. Schaerbeek, Ixelles och Saint-Gilles visar fortfarande rader av jugendfasader, d\u00e4r blomsterreliefer animerar tegel och sten. I Molenbeek och Forest reser sig art d\u00e9co-tempel under mellankrigstiden, deras geometriska linjer ramar in b\u00e5de samh\u00e4llsfunktioner och religi\u00f6sa funktioner. Basilikan Heuvel-Herz i Koekelberg blandar art d\u00e9co med neobysantinska former, vars stora kupol tornar upp sig \u00f6ver de v\u00e4stra f\u00f6rorterna.<\/p>\n<p>Atomium erbjuder \u00e4nnu en arkitektonisk v\u00e4ndpunkt. Denna 103 meter l\u00e5nga st\u00e5lkl\u00e4dda modell av en j\u00e4rnkristall, som byggdes f\u00f6r Expo 58 p\u00e5 Heyselplat\u00e5n, f\u00e5ngade den vetenskapliga ivern i efterkrigstidens Europa. Nio sf\u00e4rer, sammanl\u00e4nkade av r\u00f6rformiga passager, inrymmer nu utst\u00e4llningar och utsiktspunkter, medan Mini-Europas miniatyrmaquetter st\u00e5r vid foten av dess monumentala struktur.<\/p>\n<p>Bortom tegelstenar och st\u00e5l har Bryssel en rik kulturell v\u00e4v. \u00d6ver \u00e5ttio museer r\u00e4knar upp dess konstn\u00e4rliga prestationer: Kungliga konstmuseet visar verk av Bruegel, van Dyck och Rubens; Magrittemuseet inneh\u00e5ller v\u00e4rldens st\u00f6rsta samling av surrealistiska m\u00e5lningar; Musikinstrumentmuseet \u2013 inrymt i varuhuset Old England \u2013 avsl\u00f6jar musikhistoria i en operautst\u00e4llning med 8 000 instrument. Ett n\u00e4tverk av oberoende gallerier och Bryssels museumsr\u00e5d fr\u00e4mjar tillg\u00e5ng genom Brysselkortet, vilket ger transport och intr\u00e4de till museerna, medan nattliga vernissager och gatuevenemang demokratiserar konsten f\u00f6r b\u00e5de unga och erfarna sinnen.<\/p>\n<p>Grafisk ber\u00e4ttande finner sin huvudstad h\u00e4r, en hyllning till pionj\u00e4rerna inom belgiska serier. Tintin, Lucky Luke och smurfarna pryder stadens v\u00e4ggar i en kuraterad serietidningsrutt, som injicerar f\u00e4rg och humor i stadsf\u00f6rnyelseprojekt. Belgiska serietidningscentret ligger i en byggnad designad av Victor Horta och hyllar sekventiell konst i en jugendstil. Gatukonstn\u00e4rer kompletterar denna tradition med v\u00e4ggm\u00e5lningar som f\u00f6r\u00e4ndras lika snabbt som staden sj\u00e4lv.<\/p>\n<p>\u00c4ven f\u00f6rest\u00e4llningar g\u00f6r anspr\u00e5k p\u00e5 sin scen. La Monnaie och Royal Park Theatre uppr\u00e4tth\u00e5ller operatraditioner, medan Kaaitheater f\u00f6respr\u00e5kar experimentella former. \u00c5rliga festivaler \u2013 Kunstenfestivaldesarts i maj, Festival of Europe i b\u00f6rjan av maj och Irisfestivalen varje v\u00e5r \u2013 aktiverar offentliga platser med dans, teater och musik. Drottning Elisabeth-t\u00e4vlingen, som arrangeras p\u00e5 BOZAR, \u00e4r fortfarande en av v\u00e4rldens fr\u00e4msta t\u00e4vlingar f\u00f6r unga musiker, medan Studio 4 p\u00e5 Le Flagey myser med symfoniska och k\u00f6rframtr\u00e4danden. P\u00e5 sommaren livar Couleur Caf\u00e9 och Brussels Summer Festival upp parkomr\u00e5den och torg med globala rytmer.<\/p>\n<p>Gastronomi \u00e5terspeglar Bryssels m\u00e5ngsidiga identiteter. V\u00e5fflor med gr\u00e4dde, moules-frites serveras tillsammans med ett urval av lambic\u00f6l, och gator kantade av pommes frites framkallar familje\u00e4gda traditioner. K\u00e4nda chokladtillverkare \u2013 Neuhaus, Godiva, L\u00e9onidas \u2013 forts\u00e4tter ett arv som f\u00f6tts i Saint-Hubert-gallerierna f\u00f6r mer \u00e4n ett sekel sedan. Benvita endiver d\u00f6k upp av en slump i Botaniska tr\u00e4dg\u00e5rden. Och p\u00e5 Place du Jeu de Balle bildar rad efter rad av st\u00e5nd den gamla marknaden, medan den n\u00e4rliggande Sablon st\u00e5tar med antikvitetshandlare vars samlingar kan m\u00e4ta sig med de parisiska galleriernas.<\/p>\n<p>Shoppingterapi utspelar sig l\u00e4ngs Rue Neuve, vars 230 000 bes\u00f6kare per vecka sipprar genom internationella kedjor, och inom de kungliga Saint-Hubert-gallerierna, d\u00e4r lyxbutiker glittrar under m\u00e5lade glastak. Avenue Louise \u00e4r fortfarande en bastion f\u00f6r high fashion, och Matong\u00e9-distriktet pulserar av kongolesiska tyger och mat. Bortom den inre ringen erbjuder Woluwe Shopping Center och Docks Bruxsel f\u00f6rortsalternativ, som tillgodoser familjer och pendlare som lockas av \u00f6verkomliga priser och bekv\u00e4mlighet.<\/p>\n<p>Bryssels ekonomi kretsar kring tj\u00e4nstesektorn: myndigheter, diplomati, finans och f\u00f6retagstj\u00e4nster. Euronext Bryssel \u00e4r f\u00f6rankringen i landets finansmarknader, medan multinationella huvudkontor ligger n\u00e4ra Norra kvarteret \u2013 med smeknamnet &#034;Lilla Manhattan&#034; \u2013 och S\u00f6dra tornet tornar upp sig som den h\u00f6gsta byggnaden i Belgien. Trots regionens h\u00f6ga BNP pendlar h\u00e4lften av arbetskraften fr\u00e5n Flandern och Vallonien, vilket understryker hur v\u00e4lst\u00e5nd b\u00e5de genereras och sprids bortom kommungr\u00e4nserna.<\/p>\n<p>Transportn\u00e4tverk binder samman staden med dess omgivningar. Tunnelbanan, den enda snabba j\u00e4rnv\u00e4gen i Belgien, slingrar sig under \u00f6verbelastade boulevarder. Sp\u00e5rvagnar och bussar \u00f6ver marken kompletterar STIB\/MIVB-n\u00e4tverket, medan nord-sydlig j\u00e4rnv\u00e4gsf\u00f6rbindelse kanaliserar regionala och internationella t\u00e5g genom Bryssel-Central. Flygplatserna i Zaventem och Charleroi f\u00f6rbinder till globala destinationer, och hamnen i Bryssel utnyttjar inlandssj\u00f6fart l\u00e4ngs Sennes bortgl\u00f6mda bana. \u00c4nd\u00e5 drabbas dagligen av trafikstockningar bilister i vad vissa unders\u00f6kningar kallar v\u00e4rldens mest \u00f6verbelastade stad, en paradox i en metropol k\u00e4nd f\u00f6r effektiv styrning.<\/p>\n<p>I Bryssel m\u00f6ts lagren av historia, makt och konst med vardagslivet. Fr\u00e5n ekot av gotiska valv till glimten av speglade torn; fr\u00e5n beslutsfattarforum till marknader som sv\u00e4mmar \u00f6ver av belgiska endiver och serietidningshj\u00e4ltar; fr\u00e5n symfoniorkester till utomhusfestivaler \u2013 staden motst\u00e5r f\u00f6renkling. Den utmanar b\u00e5de bes\u00f6kare och inv\u00e5nare att l\u00e4sa sina gator som palimpsester, att urskilja sp\u00e5ren av en medeltida by under modernitetens tyngd. F\u00f6r dem som \u00e4r villiga att se bortom dess monumentala fasader, avsl\u00f6jar Bryssel sig som en stad av subtila \u00f6verg\u00e5ngar, d\u00e4r det f\u00f6rflutna best\u00e5r i fragment och framtiden monteras dagligen i glas och st\u00e5l.<\/p>","protected":false},"excerpt":{"rendered":"<p>Med en befolkning p\u00e5 n\u00e4stan 1,2 miljoner inom ett omr\u00e5de p\u00e5 162 kvadratkilometer (63 kvadrat miles) \u00e4r Bryssel, Belgiens huvudstad, ett stort europeiskt storstadscentrum. Detta h\u00e5rt bebodda omr\u00e5de fungerar som nationens politiska och administrativa nav och \u00e4r EU:s de facto huvudstad. Bryssels strategiska l\u00e4ge och historiska djup har etablerat det som en stad av stor relevans b\u00e5de i Belgien och internationellt.<\/p>","protected":false},"author":1,"featured_media":4289,"parent":14562,"menu_order":0,"comment_status":"closed","ping_status":"closed","template":"elementor_theme","meta":{"_eb_attr":"","footnotes":""},"class_list":["post-14592","page","type-page","status-publish","has-post-thumbnail"],"_links":{"self":[{"href":"https:\/\/travelshelper.com\/sv\/wp-json\/wp\/v2\/pages\/14592","targetHints":{"allow":["GET"]}}],"collection":[{"href":"https:\/\/travelshelper.com\/sv\/wp-json\/wp\/v2\/pages"}],"about":[{"href":"https:\/\/travelshelper.com\/sv\/wp-json\/wp\/v2\/types\/page"}],"author":[{"embeddable":true,"href":"https:\/\/travelshelper.com\/sv\/wp-json\/wp\/v2\/users\/1"}],"replies":[{"embeddable":true,"href":"https:\/\/travelshelper.com\/sv\/wp-json\/wp\/v2\/comments?post=14592"}],"version-history":[{"count":0,"href":"https:\/\/travelshelper.com\/sv\/wp-json\/wp\/v2\/pages\/14592\/revisions"}],"up":[{"embeddable":true,"href":"https:\/\/travelshelper.com\/sv\/wp-json\/wp\/v2\/pages\/14562"}],"wp:featuredmedia":[{"embeddable":true,"href":"https:\/\/travelshelper.com\/sv\/wp-json\/wp\/v2\/media\/4289"}],"wp:attachment":[{"href":"https:\/\/travelshelper.com\/sv\/wp-json\/wp\/v2\/media?parent=14592"}],"curies":[{"name":"wp","href":"https:\/\/api.w.org\/{rel}","templated":true}]}}