{"id":14441,"date":"2024-09-19T14:22:28","date_gmt":"2024-09-19T14:22:28","guid":{"rendered":"https:\/\/travelshelper.com\/staging\/?page_id=14441"},"modified":"2026-03-11T22:44:30","modified_gmt":"2026-03-11T22:44:30","slug":"zadar","status":"publish","type":"page","link":"https:\/\/travelshelper.com\/sv\/destinations\/europe\/croatia\/zadar\/","title":{"rendered":"Zadar"},"content":{"rendered":"<p>Zadar ligger p\u00e5 en smal udde vid Adriatiska havets nord\u00f6stra kant, och dess urbana struktur l\u00f6per som en r\u00f6d tr\u00e5d genom mer \u00e4n tv\u00e5 \u00e5rtusenden av Medelhavshistoria. Idag st\u00e5r denna kroatiska stad med ungef\u00e4r sjuttiotusen inv\u00e5nare som det \u00e4ldsta kontinuerligt bebodda centrumet i landet, en plats d\u00e4r stenarna sj\u00e4lva vittnar om romersk, venetiansk, \u00f6sterrikisk, italiensk och jugoslavisk epoker. Dess hamn, bel\u00e4gen mot \u00f6arna Ugljan och Pa\u0161man, erbjuder fortfarande en skyddad ing\u00e5ng fr\u00e5n havet, \u00e4ven om vallgraven som en g\u00e5ng skilde udden fr\u00e5n fastlandet sedan l\u00e4nge \u00e4r fylld. Vid f\u00f6rsta anblicken antyder smala gator medeltida kyrkor och f\u00e4stningsmurar; bortom tittar ren\u00e4ssansbastioner ner mot en modern hamnanl\u00e4ggning som f\u00f6rbinder staden med Europas kuster med f\u00e4rja och med himlen vid en flygplats fjorton kilometer in\u00e5t landet.<\/p>\n<p>Zadars samtida konturer ritades f\u00f6rst under romerskt styre, d\u00e5 Julius Caesar och Augustus bef\u00e4ste bos\u00e4ttningen genom att uthugga ett forum, en basilika och ett tempel i dess hj\u00e4rta och anl\u00e4gga akvedukter f\u00f6r att f\u00f6rse staden med f\u00e4rskvatten. Sp\u00e5ren av dessa konstruktioner finns kvar. Tv\u00e5 vidstr\u00e4ckta torg utsmyckade med marmorpelare finns kvar, medan bortom vallarna p\u00e5minner en fragmentarisk akvedukt om Roms ingenj\u00f6rers ambitioner. D\u00e4r amfiteatrar och kyrkog\u00e5rdar en g\u00e5ng l\u00e5g, tog den medeltida staden form, dess kyrkor och klosterhus omsl\u00f6t gradvis det antika fotavtrycket.<\/p>\n<p>Fr\u00e5n medeltiden och fram\u00e5t bestod Zadars silhuett med f\u00e5 f\u00f6r\u00e4ndringar. Venetianska h\u00e4rskare i b\u00f6rjan av 1500-talet f\u00f6rst\u00e4rkte dess f\u00f6rsvar med nya murar, bastioner och skyttegravar. \u00c4ven om dessa skyttegravar \u2013 lokalt k\u00e4nda som Fo\u0161a \u2013 begravdes under italiensk ockupation, omvandlade den \u00f6sterrikiska administrationen under senare delen av 1800-talet vallarna mot land till promenader, som erbj\u00f6d breda promenader och imponerande utsikt \u00f6ver b\u00e5de havet och fastlandet. Av stadens fyra ursprungliga portar inneh\u00e5ller Porta Marina fragment av en romersk b\u00e5ge, medan Porta di Terraferma b\u00e4r signaturen av Michele Sanmicheli, den veronesiske arkitekten vars design finns kvar ovanf\u00f6r den utsmyckade portalen.<\/p>\n<p>Zadar, som \u00e4r skadat av bombardemangen under andra v\u00e4rldskriget, har \u00e4nd\u00e5 beh\u00e5llit en extraordin\u00e4r koncentration av landm\u00e4rken. Dess Forum Romanum \u00e4r fortfarande regionens st\u00f6rsta, grundat under Augustus och markerat av inskriptioner fr\u00e5n 200-talet. I n\u00e4rheten st\u00e5r Sankt Donatus kyrka \u2013 en massiv rotunda fr\u00e5n 800-talet \u2013 som den viktigaste f\u00f6rromanska byggnaden i Dalmatien. Dess breda kupol och tv\u00e5v\u00e5ningsgalleri ramar in tre \u00f6stra absider, och dess interi\u00f6r rymmer biskop Valaressos pastorala stav, byggd 1460. I katedralomr\u00e5det reser sig Sankt Anastasias basilika i h\u00f6g romansk form: dubbla klocktorn gr\u00e4nsar \u00f6ver ett stramt l\u00e5ngskepp byggt under 1100- och 1200-talen.<\/p>\n<p>P\u00e5 andra st\u00e4llen viker romansk enkelhet f\u00f6r gotiska och senare stilar. Sankt Franciskus kyrka, d\u00e4r fredsavtalet fr\u00e5n 1358 undertecknades, hyser k\u00f6rb\u00e5s uthuggna 1394 av Giovanni di Giacomo da Borgo San Sepolcro. P\u00e5 Fembrunnars torg \u00e5terspeglar vattendistributionens blandade skuggor en annan era av kommunalt liv. En landport fr\u00e5n 1800-talet och citadellen fr\u00e5n 1400-talet ramar fortfarande in entr\u00e9n till gamla stan, medan Stora Arsenalen och loggian \u2013 \u00e5teruppbyggd 1565 \u2013 talar om Zadars maritima och medborgerliga ambitioner. Bortom dem antyder det biskopliga palatset och det tidigare priorpalatset kyrkans och statens best\u00e5ende roll. Och, p\u00e5 senare tid, sv\u00e4ller mjuka str\u00f6mmar av Adriatiskt hav \u00f6ver trappstegen till en modern havsorgel, ett bevis p\u00e5 stadens p\u00e5g\u00e5ende dialog mellan antiken och innovation.<\/p>\n<p>Klimatet i Zadar formas av dess kustl\u00e4ge vid gr\u00e4nsen till medelhavs- och fuktiga subtropiska influenser. Vintrarna \u00e4r milda och fuktiga, med en genomsnittlig januaritemperatur p\u00e5 runt 7,7 \u00b0C; sv\u00e5ra k\u00f6ldperioder \u00e4r s\u00e4llsynta, \u00e4ven om m\u00e4tningar visar l\u00e4gsta temperaturer p\u00e5 \u201312 \u00b0C vid Zemunik-stationen i februari 2018. Sommarm\u00e5naderna medf\u00f6r ih\u00e5llande v\u00e4rme och fuktighet, med en genomsnittlig h\u00f6gsta temperatur i juli och augusti p\u00e5 29\u201330 \u00b0C. P\u00e5 den varmaste dagen som registrerats \u2013 5 augusti 2017 \u2013 steg termometern till 40 \u00b0C vid den moderna stationen, medan den \u00e4ldre stadsm\u00e4taren n\u00e5dde sin topp p\u00e5 39 \u00b0C den 6 augusti 2022. Regn kan falla n\u00e4r som helst p\u00e5 \u00e5ret, men h\u00f6sten och v\u00e5ren b\u00e4r den st\u00f6rsta vikten: oktober och november levererar vardera cirka 115 mm nederb\u00f6rd, medan juli fortfarande \u00e4r den torraste med cirka 35 mm. Sn\u00f6 \u00e4r n\u00e4stan oh\u00f6rt p\u00e5 de smala stadens gator och dyker kanske upp en g\u00e5ng per vinter, men havet f\u00f6ljer en stadig s\u00e4songsrytm \u2013 fr\u00e5n 10 \u00b0C i februari till s\u00e5 varmt som 25 \u00b0C p\u00e5 midsommar, och ibland stigande till 29 \u00b0C.<\/p>\n<p>Befolkningen i Zadar upptar 25 km\u00b2 av halv\u00f6n och kullarna bortom. \u00c5r 2011 bodde drygt sjuttiofemtusen m\u00e4nniskor i staden, vilket g\u00f6r den till det n\u00e4st st\u00f6rsta centrumet i Dalmatien och det femte st\u00f6rsta i Kroatien. Ett decennium senare r\u00e4knade folkr\u00e4kningen 2021 70 779 inv\u00e5nare, varav n\u00e4stan 95 procent identifierade sig som etniska kroater och ungef\u00e4r 2 procent som serber. En en g\u00e5ng livlig gemenskap av dalmatiska italienare, som uppgick till \u00f6ver niotusen runt 1910, minskade under och efter andra v\u00e4rldskriget och l\u00e4mnar f\u00e4rre \u00e4n hundra inv\u00e5nare kvar idag.<\/p>\n<p>Dessa siffror sp\u00e5rar Zadars politiska och kulturella tillh\u00f6righeter. I \u00e5rhundraden utgjorde staden huvudstad i venetianska Dalmatien, och dess gator talade b\u00e5de italiensk f\u00f6rfining och slavisk tradition. Under 1400- till 1600-talen fostrade den m\u00e5lare, skulpt\u00f6rer och arkitekter \u2013 bland dem Giorgio da Sebenico och Francesco Laurana \u2013 och blev en central punkt f\u00f6r kroatiska litter\u00e4ra str\u00e4vanden. Petar Zorani\u0107 skrev Planine, nationens f\u00f6rsta roman, och Jerolim Vidoli\u0107, Brne Karnaruti\u0107 och Juraj Barakovi\u0107 ut\u00f6kade en samling av folkspr\u00e5kliga ber\u00e4ttelser. Under franskt styre fr\u00e5n 1806 till 1810 gav Zadars f\u00f6rlag ut Il Regio Dalmata, en tv\u00e5spr\u00e5kig tidning tryckt p\u00e5 italienska och kroatiska \u2013 den senares f\u00f6rsta utgivning i periodisk form. Nationella \u00e5terupplivningar under senare delen av 1800-talet bef\u00e4ste ytterligare stadens dubbla arv.<\/p>\n<p>Kulturlivet \u00e4r fortsatt livligt. Det kroatiska teaterhuset ligger i en neoklassisk sal i utkanten av staden. Nationalmuseet och det arkeologiska museet \u2013 grundat 1830 \u2013 visar artefakter fr\u00e5n f\u00f6rhistorisk tid till ren\u00e4ssansen, medan museet f\u00f6r antikt glas sp\u00e5rar lokala sk\u00e4r- och bl\u00e5sningstekniker. En permanent utst\u00e4llning av sakral konst, &#034;Zadars guld och silver&#034;, visar kyrkliga metallarbeten och relikvarier innanf\u00f6r v\u00e4ggarna i en tidigare kyrka. Musiken lever ocks\u00e5 vidare: det kroatiska s\u00e5ng- och musiks\u00e4llskapet Zorani\u0107, grundat 1885, forts\u00e4tter sin k\u00f6rtradition, och varje sommar blandas de lugna resonanserna fr\u00e5n &#034;Musikaliska kv\u00e4llar i St. Donatus&#034;, som startade 1961, med den adriatiska brisen. Sedan 1997 har en internationell k\u00f6rt\u00e4vling lockat r\u00f6ster fr\u00e5n utlandet att sjunga under Zadars medeltida valv.<\/p>\n<p>Det akademiska livet, som avbr\u00f6ts 1807, \u00e5terupplivades 2002 med \u00e5tergrundandet av Zadars universitet, vars medeltida f\u00f6reg\u00e5ngare dateras till 1396. Dess bibliotek uppr\u00e4tth\u00e5ller det medborgerliga arkivet, medan fakulteterna drar nytta av stadens roll som ett utbildnings-, industri- och transportcentrum f\u00f6r norra Dalmatien. Administrativt fungerar Zadar som s\u00e4te f\u00f6r sitt l\u00e4n och f\u00f6r den bredare regionen, ett centrum f\u00f6r handel och styrning.<\/p>\n<p>Transportf\u00f6rbindelserna \u00e5terspeglar stadens roll som b\u00e5de \u00e4ndh\u00e5llplats och genomfartsled. Den adriatiska kustv\u00e4gen slingrar sig genom Zadar och f\u00f6rbinder Split i s\u00f6der med Rijeka och Zagreb via inlandsrutter; tv\u00e5 bytespunkter \u2013 Zadar 1 och Zadar 2 \u2013 ger tillg\u00e5ng till stadsn\u00e4tet, medan motorv\u00e4g D424 leder till Ga\u017eenicas hamn. P\u00e5 land \u00e4r det bussar som \u00e4r den enda kollektivtrafiken, med bussar mellan st\u00e4derna vid centralstationen och f\u00f6rortslinjer som drivs av f\u00f6retaget Liburnija. J\u00e4rnv\u00e4gen, som en g\u00e5ng f\u00f6rband Zadar med Knin och vidare, upph\u00f6rde med passagerartrafiken \u00e5r 2020, vilket gjorde den till en av Europas st\u00f6rsta st\u00e4der utan direkt t\u00e5gf\u00f6rbindelse. Fr\u00e5n havet g\u00e5r bilf\u00e4rjor dagligen till Ancona i Italien, och lokala katamaraner och f\u00e4rjor betj\u00e4nar \u00f6arna i sk\u00e4rg\u00e5rden. P\u00e5 Zemunik flygplats ut\u00f6kar l\u00e5gprisflygbolagen sommartiderna, vilket driver en genomsnittlig \u00e5rlig trafik\u00f6kning p\u00e5 cirka 30 procent.<\/p>\n<p>\u00c4nd\u00e5 \u00e4r turismen fortfarande hj\u00e4rtat i Zadars moderna liv. Bes\u00f6kare lockas inte bara av dess m\u00e5ngsidiga arv utan ocks\u00e5 av stadens f\u00f6rm\u00e5ga att ta emot dem. Ga\u017eenicas hamn erbjuder roll-on, roll-off-platser f\u00f6r privata yachter; den gamla staden vecklar ut sig i serpentinformade gr\u00e4nder d\u00e4r kaf\u00e9er pressar sig mot kyrkmurar; samtida skulpturer, filmer och utst\u00e4llningar ger liv \u00e5t offentliga torg. Brittiska tidningar har noterat denna vitalitet \u2013 The Times kallade Zadar f\u00f6r &#034;Adriatiska havets n\u00f6jescentrum&#034;, medan The Guardian d\u00f6pte det till &#034;Kroatiens nya coola huvudstad&#034; 2017 \u2013 men s\u00e5dana tillnamn antyder bara stadens sanna natur. I gryningsljuset framst\u00e5r havsvallens trappsteg, som \u00e4r v\u00e4rd f\u00f6r orgelns kusliga toner, som tidl\u00f6sa. Vid solnedg\u00e5ngen blandas de klingande harmonierna med m\u00e5sskrik, och bes\u00f6karna stannar upp f\u00f6r att f\u00e5nga det f\u00f6rbipasserande ljuset p\u00e5 \u00e5rhundraden av sten.<\/p>\n<p>I s\u00e5dana \u00f6gonblick uppenbarar sig Zadar inte som ett statiskt museum utan som en plats d\u00e4r historia, klimat och kultur st\u00e4ndigt samtalar. Varje kyrkport, varje str\u00e4cka av mur, vittnar om \u00f6verlevnad under skiftande suver\u00e4niteter. Dess inv\u00e5nare f\u00f6ljer v\u00e4lbekanta rutter fr\u00e5n hamn till torg, fr\u00e5n udde till upph\u00f6jd vall, och f\u00f6r vidare rytmerna i det dagliga livet i en stad formad av imperium och hav. H\u00e4r, p\u00e5 Kroatiens \u00e4ldsta scen, best\u00e5r den obrutna tr\u00e5den av m\u00e4nsklig bos\u00e4ttning, inte som en artefakt utan som en p\u00e5g\u00e5ende ber\u00e4ttelse \u2013 en d\u00e4r nutiden, i sin egen tid, blir det f\u00f6rflutna som ska omtolkas av dem som f\u00f6ljer.<\/p>","protected":false},"excerpt":{"rendered":"<p>Zadar, erk\u00e4nd som Kroatiens \u00e4ldsta kontinuerligt bebodda stad, ligger i det nordv\u00e4stra Ravni Kotari-omr\u00e5det l\u00e4ngs Adriatiska havet. Med en befolkning p\u00e5 75 082 \u00e5r 2011 rankas Zadar som den femte st\u00f6rsta staden i Kroatien och den n\u00e4st st\u00f6rsta i Dalmatien. Denna 25 kvadratkilometer storstadsnav \u00e5terspeglar en blandning av historiskt arv och modern relevans och fungerar som det administrativa huvudkontoret f\u00f6r Zadar County och det norra Dalmatien.<\/p>","protected":false},"author":1,"featured_media":2861,"parent":14435,"menu_order":0,"comment_status":"closed","ping_status":"closed","template":"elementor_theme","meta":{"_eb_attr":"","footnotes":""},"class_list":["post-14441","page","type-page","status-publish","has-post-thumbnail"],"_links":{"self":[{"href":"https:\/\/travelshelper.com\/sv\/wp-json\/wp\/v2\/pages\/14441","targetHints":{"allow":["GET"]}}],"collection":[{"href":"https:\/\/travelshelper.com\/sv\/wp-json\/wp\/v2\/pages"}],"about":[{"href":"https:\/\/travelshelper.com\/sv\/wp-json\/wp\/v2\/types\/page"}],"author":[{"embeddable":true,"href":"https:\/\/travelshelper.com\/sv\/wp-json\/wp\/v2\/users\/1"}],"replies":[{"embeddable":true,"href":"https:\/\/travelshelper.com\/sv\/wp-json\/wp\/v2\/comments?post=14441"}],"version-history":[{"count":0,"href":"https:\/\/travelshelper.com\/sv\/wp-json\/wp\/v2\/pages\/14441\/revisions"}],"up":[{"embeddable":true,"href":"https:\/\/travelshelper.com\/sv\/wp-json\/wp\/v2\/pages\/14435"}],"wp:featuredmedia":[{"embeddable":true,"href":"https:\/\/travelshelper.com\/sv\/wp-json\/wp\/v2\/media\/2861"}],"wp:attachment":[{"href":"https:\/\/travelshelper.com\/sv\/wp-json\/wp\/v2\/media?parent=14441"}],"curies":[{"name":"wp","href":"https:\/\/api.w.org\/{rel}","templated":true}]}}