{"id":14401,"date":"2024-09-19T13:12:23","date_gmt":"2024-09-19T13:12:23","guid":{"rendered":"https:\/\/travelshelper.com\/staging\/?page_id=14401"},"modified":"2026-03-11T22:44:06","modified_gmt":"2026-03-11T22:44:06","slug":"cypern","status":"publish","type":"page","link":"https:\/\/travelshelper.com\/sv\/destinations\/europe\/cyprus\/","title":{"rendered":"Cypern"},"content":{"rendered":"<p>Cypern upptar en s\u00e4regen plats vid korsningen av kontinenter, dess str\u00e4nder formade av \u00e5rtusenden av m\u00f6ten och dess nutid definierad av b\u00e5de splittring och enighet. \u00d6n, som str\u00e4cker sig \u00f6ver \u00f6stra Medelhavet, ligger med sin landmassa \u2013 l\u00e5ng och smal, inte mer \u00e4n 240 kilometer fr\u00e5n spets till spets \u2013 n\u00e4rmare Levanten \u00e4n hj\u00e4rtat av Europa. \u00c4nd\u00e5 resonerar spr\u00e5ket, sederna och de politiska strukturer som r\u00e5der i s\u00f6der starkast med den grekiska v\u00e4rlden. I norr sp\u00e5rar en separat administration sin auktoritet till banden med Anatolien. Hela tiden klamrar sig tv\u00e5 suver\u00e4na brittiska milit\u00e4rbaser fast vid den s\u00f6dra kusten, kvarlevor fr\u00e5n ett imperium vars n\u00e4rvaro h\u00e4r best\u00e5r i trafikkonventioner och surrandet fr\u00e5n r\u00f6da telefonkiosker.<\/p>\n<p>Geografiskt definieras \u00f6ns siluett av tv\u00e5 bergskedjor som flankerar en b\u00f6rdig central sl\u00e4tt. Troodosbergen, kraftiga och veckade, dominerar i sydv\u00e4st och reser sig till n\u00e4stan 1 952 meter vid berget Olympos. Fr\u00e5n sina svala, cederkl\u00e4dda h\u00f6jder rinner floden Pedieos, Cyperns l\u00e4ngsta vattendrag, som slingrar sig \u00f6sterut innan den avg\u00e5r i lerjordarna p\u00e5 Mesaoriasl\u00e4tten. L\u00e4ngs den norra stranden erbjuder den smala Kyrenia-bergskedjan en mildare stigning, dess toppar n\u00e5r knappt tusen meter innan de abrupt faller ner till en klippig kust. Mellan dessa h\u00f6jder faller marken bort till f\u00e4lt av vete, korn och gr\u00f6nsaker som har f\u00f6rs\u00f6rjt \u00f6borna sedan neolitiken.<\/p>\n<p>M\u00e4nskliga fotsp\u00e5r p\u00e5 Cypern kan sp\u00e5ras tillbaka cirka 13 000 \u00e5r, d\u00e5 sm\u00e5 grupper av j\u00e4gare och samlare s\u00f6kte skydd i kustn\u00e4ra grottor. N\u00e5gra \u00e5rtusenden senare t\u00e4mjde de landet med de f\u00f6rsta jordbruksbyarna och lade grunden f\u00f6r ett etablerat samh\u00e4lle. Vid sen brons\u00e5lder kallades \u00f6n Alashiya i egyptiska och hettitiska k\u00e4llor, k\u00e4nd f\u00f6r sin koppar och v\u00e4vda band som v\u00e4vde samman den med det bredare Medelhavsn\u00e4tverket. N\u00e4r mykenska greker anl\u00e4nde omkring 1400 f.Kr. f\u00f6rde de med sig dialekt, begravningsritualer och keramikstilar som bestod \u00e4ven n\u00e4r senare imperier gjorde anspr\u00e5k p\u00e5 \u00f6n som ett byte.<\/p>\n<p>Perserna hade makten fram till 500-talet f.Kr., men Alexander den store tog \u00f6ver makten \u00e5r 333 f.Kr. Under Ptolemaios och sedan Rom beh\u00f6ll Cypern sin grekiska karakt\u00e4r samtidigt som den absorberade romersk lag och infrastruktur: v\u00e4gar, villor och amfiteatrar pryder landskapet \u00e4n idag. Den \u00f6stra halvan av Romarriket styrde \u00f6n fram till de arabiska r\u00e4derna under 600-talet, d\u00e5 kustn\u00e4ra enklaver och f\u00e4stningar i inlandet \u00f6vergavs till f\u00f6rm\u00e5n f\u00f6r kloster h\u00f6gt uppe bland Troodosbergen. \u00c5rhundraden senare bef\u00e4ste kungar fr\u00e5n Lusignan och venetianska k\u00f6pm\u00e4n st\u00e4derna och byggde stenmurar och vallgravar som fortfarande omsluter de gamla kvarteren i Nicosia och Famagusta.<\/p>\n<p>Osmanska soldater korsade \u00f6n \u00e5r 1571 och inledde en era som skulle str\u00e4cka sig in i slutet av 1800-talet. Under ottomanskt styre beviljade det feodala systemet turkiska bos\u00e4ttare mark tillsammans med grekiska b\u00f6nder, vilket etablerade de dubbla samh\u00e4llen som fortfarande \u00e4r hj\u00e4rtat i Cyperns moderna komplexitet. Bysantinska kyrkor omvandlades till mosk\u00e9er, men byarna fortsatte att be i sina sekelgamla helgedomar. \u00c5r 1878 \u00f6vergick \u00f6n till brittisk administration, och 1914 annekterades den helt. Brittiska frim\u00e4rken och arv \u2013 v\u00e4nsterk\u00f6rning, det offentliga skolsystemet, till och med busstider \u2013 skulle best\u00e5 l\u00e5ngt efter sj\u00e4lvst\u00e4ndigheten.<\/p>\n<p>Republiken som f\u00f6ddes 1960 var en \u00f6mt\u00e5lig kompromiss mellan brittiska, grekiska och turkiska intressen. Grundarpresident Makarios III, en \u00e4rkebiskop som blev statsman, f\u00f6rkroppsligade den grekcypriotiska majoritetens hopp om sj\u00e4lvbest\u00e4mmande. Turkcyprioter, som var f\u00f6rsiktiga med grekiska ambitioner, ins\u00e5g att en union med Grekland \u2013 enosis \u2013 snart kunde f\u00f6lja. Allt eftersom 1960-talet fortskred h\u00e5rdnade det konstitutionella d\u00f6dl\u00e4get till v\u00e5ld. Sammandrabbningar mellan befolkningsgrupper tvingade tusentals turkcyprioter in i enklaver. I b\u00f6rjan av 1970-talet hade hoppet om f\u00f6rsoning i stort sett f\u00f6rsvunnit.<\/p>\n<p>Den 15 juli 1974 installerade en kupp, st\u00f6dd av delar av den grekiska juntan, en nationalistisk regering i Nicosia. Fem dagar senare landsteg turkiska styrkor p\u00e5 norra kusten, till synes f\u00f6r att skydda sitt samh\u00e4lle. Inom n\u00e5gra dagar kontrollerade de ungef\u00e4r en tredjedel av \u00f6n, och hundratusentals rycktes upp med r\u00f6tterna i b\u00e5da samh\u00e4llena. \u00c5r 1983 f\u00f6rklarade sig den turkiskt kontrollerade zonen som republik, internationellt erk\u00e4nd endast av Ankara. En FN-buffertzon \u2013 tunn och gr\u00f6n \u2013 delar nu \u00f6n i tv\u00e5 delar fr\u00e5n \u00f6st till v\u00e4st, medan fredssamtal och europeisk medling forts\u00e4tter i den l\u00e5nga skuggan av omtvistad historia.<\/p>\n<p>Trots sina politiska sprickor har Cypern byggt upp en avancerad h\u00f6ginkomstekonomi f\u00f6rankrad i turism, finansiella tj\u00e4nster och sj\u00f6fart. Sedan Cypern gick med i Europeiska unionen i maj 2004 och inf\u00f6rde euron i januari 2008 har landet lockat till sig investeringar i fastigheter, hotell och restaurang samt professionella tj\u00e4nster. Brittiska baser i Akrotiri och Dhekelia har fortsatt strategisk betydelse, och 2024 bekr\u00e4ftade Nicosia sin avsikt att g\u00e5 med i Nato \u2013 ytterligare ett lager i \u00f6ns komplexa utrikespolitiska kalkyl. Den turkiska norra delen av landet, under embargon och begr\u00e4nsat erk\u00e4nnande, \u00e4r starkt beroende av Ankaras subventioner och den m\u00f6rka ekonomin.<\/p>\n<p>B\u00f6rdiga sl\u00e4tter, karga berg och n\u00e4stan 1 000 kilometer kustlinje lockar tillsammans n\u00e4rmare fyra miljoner bes\u00f6kare varje \u00e5r. Solbelysta str\u00e4nder \u2013 l\u00e5nga str\u00e4ckor av sand och sten \u2013 verkar n\u00e4stan sammanh\u00e4ngande, endast avbrutna av fiskehamnar och enstaka klostertillflyktsorter. In\u00e5t landet ligger Troodos h\u00f6gland och hyser byar d\u00e4r ving\u00e5rdar klamrar sig fast vid terrasserade sluttningar och \u00e5rhundraden gamla kyrkor glimmar med bysantinska fresker. I norr st\u00e5r den antika staden Salamis och de klassiska l\u00e4mningarna i Paphos som friluftsmuseer f\u00f6r en gemensam forntid. \u00c4nd\u00e5, i huvudstaden Nicosia, str\u00e4cker sig moderna kaf\u00e9er och gallerier \u00f6ver gatorna som murades igen av venetianarna f\u00f6r femhundra \u00e5r sedan.<\/p>\n<p>\u00d6ns klimat, med medelhavsklimat l\u00e4ngs kusten och halvtorrt i nordost, \u00e4r bland de varmaste i EU. Vintrarna medf\u00f6r regn \u2013 mestadels fr\u00e5n november till mars \u2013 och enstaka sn\u00f6fall i h\u00f6glandet. Somrarna varar i n\u00e4stan \u00e5tta m\u00e5nader, mildras av havsbris men avbrutna av v\u00e4rmeb\u00f6ljor. Solljuset bl\u00e4ndar i genomsnitt mer \u00e4n tre tusen timmar per \u00e5r, n\u00e4stan dubbelt s\u00e5 mycket som i nordeuropeiska huvudst\u00e4der. Detta ljus har format b\u00e5de jordbruk och fritid: citrusodlingar, olivlundar och ving\u00e5rdar blomstrar; simning och segling definierar den l\u00e5nga h\u00f6gs\u00e4songen.<\/p>\n<p>Ett modernt v\u00e4gn\u00e4t str\u00e4cker sig fr\u00e5n kustb\u00e4ltet, d\u00e4r motorv\u00e4gar f\u00f6rbinder de viktigaste hamnarna Limassol och Larnaca med Nicosia, Larnaca med Paphos och Nicosia i b\u00e5de \u00f6ster och v\u00e4ster. Bussar betj\u00e4nar alla st\u00f6rre st\u00e4der, \u00e4ven om det privata bil\u00e4gandet fortfarande \u00e4r h\u00f6gt. I den turkiska norra delen trafikerar mindre minibussar rutter oftare men med mindre f\u00f6ruts\u00e4gbarhet. Tv\u00e5 internationella flygplatser \u2013 Larnaca och Paphos \u2013 v\u00e4lkomnar regulj\u00e4rflyg fr\u00e5n Europa, Mellan\u00f6stern och bortom, medan Ercan flygplats i norr trafikerar Turkiet. F\u00e4rjor, som f\u00f6rnyades 2022, f\u00f6rbinder Limassol med Pireus i Grekland och erbjuder ett alternativt lugnt tillv\u00e4gag\u00e5ngss\u00e4tt till \u00f6n.<\/p>\n<p>Cyperns befolkning p\u00e5 drygt niohundratusen i den regeringskontrollerade s\u00f6dra delen av landet \u00e4r fortfarande \u00f6verv\u00e4ldigande grekisk-ortodox, med en liten mosaik av armeniska, maronitiska, latinamerikanska katolska och protestantiska minoriteter. Utbildnings- och h\u00e4lsoindex rankas bland de h\u00f6gsta i Europa. I norr utg\u00f6r sunnimuslimer majoriteten och samexisterar \u2013 om \u00e4n n\u00e5got isolerade \u2013 med de gemensamma kulinariska och musikaliska traditioner som f\u00f6regick 1900-talets splittringar. B\u00e5da samh\u00e4llena v\u00e4rdes\u00e4tter g\u00e4stfrihet: de erbjuder g\u00e4sterna kaffe eller ett glas kyld zivania och bjuder in till deltagande i br\u00f6llop, festivaler och sk\u00f6rdefiranden.<\/p>\n<p>Spr\u00e5ket \u00e5terspeglar denna dualitet. Grekiska och turkiska st\u00e5r som officiella spr\u00e5k, medan engelska kvarst\u00e5r som ett starkt andraspr\u00e5k, ett arv fr\u00e5n kolonialstyret och ett verktyg f\u00f6r handel och turism. Armeniska och cypriotiska maronitiska arabiska har erk\u00e4nd status som minoritetsspr\u00e5k. I det dagliga livet avviker dialekterna av cypriotisk grekisk och cypriotisk turkisk markant fr\u00e5n sina standardformer och b\u00e4r p\u00e5 idiom och ljud som formats av lokal historia. P\u00e5 senare tid har ryska blivit framtr\u00e4dande i Limassol och Paphos, d\u00e4r ryskspr\u00e5kiga skyltar och f\u00f6retag tillgodoser en v\u00e4xande utlandsboendegemenskap.<\/p>\n<p>Kulturella uttryck h\u00e4r \u00e4r oskiljaktiga fr\u00e5n plats. De m\u00e5lade kyrkorna i Troodosbergen \u2013 tio platser som UNESCO har lagt in \u2013 b\u00e4r livfulla fresker som kartl\u00e4gger teologiska ber\u00e4ttelser p\u00e5 stenmurar. Hamam som restaurerats i Nicosias gamla stad p\u00e5minner om stadens frankiska och ottomanska lager och erbjuder \u00e5nga och massage under antika kupoler. Karnevalen i Limassol utbryter varje \u00e5r i februari, ett f\u00e4rgstarkt mellanspel som b\u00f6rjade f\u00f6rst p\u00e5 1900-talet men som \u00e4nd\u00e5 hedrar seder med maskerade framtr\u00e4danden som str\u00e4cker sig \u00e4nnu l\u00e4ngre tillbaka. Traditionell dans, fr\u00e5n tsifteteli till sousta, ger liv \u00e5t br\u00f6llop och bymarknader och binder samman \u00f6bor \u00f6ver spr\u00e5kliga och religi\u00f6sa skiljelinjer.<\/p>\n<p>\u00c4nd\u00e5 d\u00f6ljer sig under den gemytliga ytan en medvetenhet om br\u00e4cklighet. J\u00e4gare med licensierade hagelgev\u00e4r str\u00f6var omkring i \u00f6ppen landsbygd p\u00e5 vintern, och bortsprungna kulor kan komma in p\u00e5 vandringsleder. Den gr\u00f6na linjen finns kvar i vardagen: skolor l\u00e4r ut parallella historier, och anstr\u00e4ngningar till f\u00f6rsoning forts\u00e4tter genom konstinitiativ och gemensamma ekonomiska f\u00f6retag. Brottsligheten \u00e4r fortfarande l\u00e5g, men bes\u00f6kare uppmanas att s\u00e4kra egendom mot opportunistisk st\u00f6ld, och f\u00f6rsiktighet r\u00e5der i nattlivsomr\u00e5den d\u00e4r kabar\u00e9klubbar ibland t\u00e4cker en m\u00f6rkare understr\u00f6m.<\/p>\n<p>Cyperns mosaik \u2013 dess geologi, historia, samh\u00e4llen och ekonomier \u2013 trotsar enkla ber\u00e4ttelser. Det \u00e4r b\u00e5de ett bevis p\u00e5 m\u00e4nsklig ih\u00e4rdighet och en korridor av stridigheter, d\u00e4r imperier har drabbat samman och grannar fortfarande g\u00e5r f\u00f6rsiktigt \u00f6ver buffertzoner. \u00c4nd\u00e5 best\u00e5r solens och havets v\u00e4rme, generositeten som utstr\u00e4cks \u00f6ver citrusdoftande bord och motst\u00e5ndskraften hos traditioner som blandar grekiska, levantinska och anatoliska element. F\u00f6r dem som stannar upp och tittar erbjuder Cypern en intim kr\u00f6nika om en \u00f6 som har k\u00e4nt b\u00e5de enighet och splittring, d\u00e4r det vanliga livet forts\u00e4tter under en medelhavshimmel lika konstant och komplex som tidvattnet sj\u00e4lva.<\/p>","protected":false},"excerpt":{"rendered":"<p>\u00d6nationen Cypern, bel\u00e4gen i \u00f6stra Medelhavet, har en strategisk position i sk\u00e4rningspunkten mellan Europa, Asien och Afrika. Cypern, med en befolkning p\u00e5 cirka 1,2 miljoner, rankas som den tredje st\u00f6rsta och folkrikaste \u00f6n i Medelhavet, och erbjuder en unik kombination av gammal historia, m\u00e5ngsidig kultur och samtida utveckling. Denna \u00f6nation, officiellt kallad Republiken Cypern, \u00e4r geografiskt bel\u00e4gen i V\u00e4stasien; emellertid, dess kulturella anslutningar och politiska anslutningar \u00f6verv\u00e4gande \u00f6verensst\u00e4mmer med syd\u00f6stra Europa, vilket skapar en betydande geopolitisk position f\u00f6r nationen.<\/p>","protected":false},"author":1,"featured_media":3022,"parent":24078,"menu_order":0,"comment_status":"closed","ping_status":"closed","template":"elementor_theme","meta":{"_eb_attr":"","footnotes":""},"class_list":["post-14401","page","type-page","status-publish","has-post-thumbnail"],"_links":{"self":[{"href":"https:\/\/travelshelper.com\/sv\/wp-json\/wp\/v2\/pages\/14401","targetHints":{"allow":["GET"]}}],"collection":[{"href":"https:\/\/travelshelper.com\/sv\/wp-json\/wp\/v2\/pages"}],"about":[{"href":"https:\/\/travelshelper.com\/sv\/wp-json\/wp\/v2\/types\/page"}],"author":[{"embeddable":true,"href":"https:\/\/travelshelper.com\/sv\/wp-json\/wp\/v2\/users\/1"}],"replies":[{"embeddable":true,"href":"https:\/\/travelshelper.com\/sv\/wp-json\/wp\/v2\/comments?post=14401"}],"version-history":[{"count":0,"href":"https:\/\/travelshelper.com\/sv\/wp-json\/wp\/v2\/pages\/14401\/revisions"}],"up":[{"embeddable":true,"href":"https:\/\/travelshelper.com\/sv\/wp-json\/wp\/v2\/pages\/24078"}],"wp:featuredmedia":[{"embeddable":true,"href":"https:\/\/travelshelper.com\/sv\/wp-json\/wp\/v2\/media\/3022"}],"wp:attachment":[{"href":"https:\/\/travelshelper.com\/sv\/wp-json\/wp\/v2\/media?parent=14401"}],"curies":[{"name":"wp","href":"https:\/\/api.w.org\/{rel}","templated":true}]}}