{"id":13445,"date":"2024-09-17T17:54:42","date_gmt":"2024-09-17T17:54:42","guid":{"rendered":"https:\/\/travelshelper.com\/staging\/?page_id=13445"},"modified":"2026-03-12T22:11:36","modified_gmt":"2026-03-12T22:11:36","slug":"serbien","status":"publish","type":"page","link":"https:\/\/travelshelper.com\/sv\/destinations\/europe\/serbia\/","title":{"rendered":"Serbien"},"content":{"rendered":"<p>Serbien presenterar sig som en suver\u00e4n republik med cirka 6,6 miljoner inv\u00e5nare (exklusive Kosovo) utspridd \u00f6ver cirka 88 499 kvadratkilometer i hj\u00e4rtat av Balkanhalv\u00f6n, gr\u00e4nsande till Ungern i norr, Rum\u00e4nien i nordost, Bulgarien i sydost, Nordmakedonien i s\u00f6der, Kroatien och Bosnien och Hercegovina i v\u00e4ster och Montenegro i sydv\u00e4st. Bel\u00e4get mellan latituderna 41\u00b0 och 47\u00b0 N och longituderna 18\u00b0 och 23\u00b0 \u00d6, ligger denna inlandsnation i en korsning av Central- och Sydosteuropa och erbjuder en komplex blandning av terr\u00e4ng som str\u00e4cker sig fr\u00e5n de b\u00f6rdiga sl\u00e4tterna i Vojvodina i norr till de h\u00f6ga topparna i Dinariska och Karpatiska bergskedjorna i s\u00f6der.<\/p>\n<p>Det moderna Serbien, som varit kontinuerligt bebott sedan paleolitisk tid, absorberade successiva v\u00e5gor av slaviska bos\u00e4ttare under 500-talet e.Kr., vilket lade grunden f\u00f6r ett slaviskt statsskick som skulle kristalliseras till medeltida kungad\u00f6men och furstend\u00f6men. \u00c5r 1217 h\u00f6jde erk\u00e4nnandet av b\u00e5de Heliga stolen och Konstantinopel det serbiska riket till ett kungarike, som under Du\u0161an den M\u00e4ktige n\u00e5dde sin h\u00f6jdpunkt 1346 som ett imperium som omfattade stora delar av Balkan. Den osmanska er\u00f6vringen i mitten av 1500-talet sopade bort denna sj\u00e4lvst\u00e4ndighet, \u00e4ven om \u00e5terkommande Habsburgska invasioner fr\u00e5n v\u00e4st bevarade katolska enklaver p\u00e5 den pannoniska sl\u00e4tten Vojvodina.<\/p>\n<p>I b\u00f6rjan av 1800-talet skapades regionens f\u00f6rsta moderna konstitutionella monarki under den serbiska revolutionen. Monarkins jurisdiktion ut\u00f6kades stadigt tills kungariket Serbien, i k\u00f6lvattnet av f\u00f6rsta v\u00e4rldskriget, slogs samman med angr\u00e4nsande sydslaviska l\u00e4nder f\u00f6r att bilda den f\u00f6rsta jugoslaviska staten. \u00c5rtionden av enhetliga och socialistiska federationer f\u00f6ljde, bara f\u00f6r att splittras under det tumultartade 1990-talet. En slutgiltig fredlig separation fr\u00e5n Montenegro 2006 \u00e5terst\u00e4llde Serbiens fulla suver\u00e4nitet, medan den ensidiga sj\u00e4lvst\u00e4ndighetsf\u00f6rklaringen fr\u00e5n Kosovos albanskmajoritetsf\u00f6rsamling 2008 fortfarande inte erk\u00e4nns av Belgrad, som betraktar Kosovo som ett administrativt distrikt under delad tillsyn.<\/p>\n<p>Geografiskt sett ligger Serbiens norra tredjedel under den skyh\u00f6ga vidstr\u00e4ckta Pannoniska sl\u00e4tten, dess leriga jordar genomkorsas av floderna Donau, Tisza och Begej. S\u00f6derut ger b\u00f6ljande kullar vika f\u00f6r Dinariska alperna l\u00e4ngs den v\u00e4stra gr\u00e4nsen, Karpaterna och Balkanbergen l\u00e4ngs \u00f6ster, och de antika Rodopibergen i sydost. H\u00f6jderna str\u00e4cker sig fr\u00e5n Mid\u017eor-toppen i Balkanbergen p\u00e5 2 169 meter \u2013 Serbiens h\u00f6gsta punkt exklusive Kosovo \u2013 till knappt 17 meter \u00f6ver havet vid Prahovo vid Donau. Landets l\u00e4ngsta vattendrag, Donau, slingrar sig 587 kilometer genom dess territorium och skapar ekonomiska art\u00e4rer som f\u00f6rbinder Centraleuropa med Svarta havet och vidare. \u0110erdap-sj\u00f6n, med sina 163 kvadratkilometer, st\u00e5r som Serbiens st\u00f6rsta konstgjorda reservoar och utnyttjar Donaus fl\u00f6de vid J\u00e4rnportens ravin.<\/p>\n<p>Klimatiskt sett ligger Serbien i en \u00f6verg\u00e5ngszon formad av eurasisk kontinentalitet, atlantfronter och medelhavsstr\u00f6mmar. Medeltemperaturerna ligger n\u00e4ra 0 \u00b0C i januari och n\u00e5r cirka 22 \u00b0C i juli, vilket avgr\u00e4nsar ett varmt och fuktigt kontinentalt klimat i norr och ett mer subtropiskt klimat med torrare somrar i s\u00f6der. Den oj\u00e4mna topografin kanaliserar Ko\u0161ava-vinden, en v\u00e5ldsam byvind som accelererar genom J\u00e4rnporten mot Belgrad, d\u00e4r den kan r\u00f6ra om stadens tak och Donaus yta. H\u00f6glandsplat\u00e5er som Pe\u0161ter utst\u00e5r bittra vintrar under omgivande toppar, medan Adriatiska havets inflytande mildrar f\u00f6rh\u00e5llandena i s\u00f6dra dalar.<\/p>\n<p>Demografiskt registrerade folkr\u00e4kningen 2022 6 647 003 inv\u00e5nare (exklusive Kosovo), vilket ger en genomsnittlig inv\u00e5nart\u00e4thet p\u00e5 85,8 inv\u00e5nare per kvadratkilometer. En ih\u00e5llande demografisk nedg\u00e5ng sedan 1990-talet har lett till att f\u00f6delsetalen sjunkit under d\u00f6dligheten och emigrationen minskat befolkningen med hundratusentals, s\u00e4rskilt bland utbildade unga vuxna. Med en medel\u00e5lder p\u00e5 43,3 \u00e5r r\u00e4knas Serbien till ett av Europas \u00e4ldsta samh\u00e4llen. Enpersonshush\u00e5ll utg\u00f6r en femtedel av alla bost\u00e4der, den f\u00f6rv\u00e4ntade livsl\u00e4ngden \u00e4r 76,1 \u00e5r och emigrantdiasporan uppr\u00e4tth\u00e5ller starka band med hemlandet.<\/p>\n<p>Konstitutionen stadf\u00e4ster sekularism och religionsfrihet, \u00e4ven om Serbiens identitet fortfarande \u00e4r n\u00e4ra sammanfl\u00e4tad med den serbisk-ortodoxa kyrkan. Ungef\u00e4r 84,5 procent av inv\u00e5narna identifierar sig som ortodoxa kristna, inklusive serber, rum\u00e4ner, valacher och andra minoriteter. Islamiska, katolska och protestantiska samfund kan sp\u00e5ra sina r\u00f6tter till osmanska, \u00f6sterrikisk-ungerska och moderna migrationer, vilket berikar landets religi\u00f6sa mosaik.<\/p>\n<p>Spr\u00e5km\u00e4ssigt \u00e4r serbiska det enda officiella spr\u00e5ket, och talas av cirka 88 procent av befolkningen som modersm\u00e5l. Serbiska \u00e4r unikt bland europeiska spr\u00e5k och anv\u00e4nder b\u00e5de kyrilliska och latinska skrifter; konstitutionen anger kyrilliska som den &#034;officiella skriften&#034;, \u00e4ven om allm\u00e4nhetens preferens \u00e4r n\u00e4stan j\u00e4mnt f\u00f6rdelad.<\/p>\n<p>Ekonomiskt sett \u00e4r Serbien en marknadsekonomi med \u00f6vre medelinkomst, med en nominell BNP uppskattad till 81,9 miljarder dollar \u00e5r 2024 (cirka 12 385 dollar per capita) och en k\u00f6pkraftsparitets-BNP p\u00e5 185 miljarder dollar (27 985 dollar per capita). Tj\u00e4nstesektorn st\u00e5r f\u00f6r 67,9 procent av produktionen, industrin st\u00e5r f\u00f6r 26,1 procent och jordbruket bidrar med cirka 6 procent. Ett arv fr\u00e5n forskning och f\u00f6rsvarsinvesteringar fr\u00e5n den jugoslaviska eran \u2013 dess vapenindustri \u00e4r fortfarande v\u00e4stra Balkans ledande export\u00f6r och v\u00e4rldens tjugofemte st\u00f6rsta, med en generering av \u00f6ver 1,6 miljarder dollar \u00e5r 2023 \u2013 kompletterar en diversifierad industriell bas som omfattar bilkomponenter, gruvdrift, livsmedelsbearbetning och l\u00e4kemedel. Den serbiska dinaren, som f\u00f6rvaltas av Serbiens nationalbank, ligger till grund f\u00f6r monet\u00e4r stabilitet; Belgradb\u00f6rsen, om \u00e4n blygsam med ett b\u00f6rsv\u00e4rde p\u00e5 8,65 miljarder dollar, f\u00f6rankrar kapitalmarknaderna genom sitt BELEX15-index. P\u00e5 internationella indikatorer rankas Serbien p\u00e5 femtioandra plats p\u00e5 Social Progress Index och femtiofj\u00e4rde plats p\u00e5 Global Peace Index.<\/p>\n<p>Serbiens infrastruktur drar nytta av dess strategiska l\u00e4ge vid Europas \u00f6st-v\u00e4stliga och nord-sydliga korsv\u00e4gar. Moravadalen utg\u00f6r en naturlig landv\u00e4gskorridor fr\u00e5n kontinentala Europa till Mindre Asien. V\u00e4gn\u00e4tet str\u00e4cker sig 45 419 kilometer \u2013 varav 962 kilometer \u00e4r motorv\u00e4gar \u2013 \u00e4ven om underh\u00e5llsbrister under tv\u00e5 decennier har l\u00e4mnat m\u00e5nga sekund\u00e4ra v\u00e4gar under v\u00e4steuropeisk standard. Nyligen genomf\u00f6rda investeringar har lagt till \u00f6ver 300 kilometer motorv\u00e4gar, med nya segment av A2 och A5 under uppbyggnad. Busstrafik f\u00f6rbinder \u00e4ven de mest avl\u00e4gsna byarna med regionala knutpunkter, medan privat bil\u00e4gande n\u00e5r en bil per 3,5 inv\u00e5nare.<\/p>\n<p>Serbiens 3 819 kilometer l\u00e5nga j\u00e4rnv\u00e4gslinjer, varav 1 279 kilometer elektrifierade, f\u00f6rbinder Belgrad och Ni\u0161 med Budapest, Bar, Zagreb, Sofia och Thessaloniki l\u00e4ngs paneuropeiska korridorer. Den 75 kilometer l\u00e5nga h\u00f6ghastighetsj\u00e4rnv\u00e4gen Belgrad\u2013Novi Sad, som invigdes 2022, str\u00e4cker sig nu mot Subotica, med ytterligare utbyggnad till Ni\u0161 planerad att f\u00f6rbinda landets fyra st\u00f6rsta st\u00e4der vid \u00e5rtiondets slut. Persontrafik med Srbija Voz och gods med Srbija Kargo kompletterar j\u00e4rnv\u00e4gslederna.<\/p>\n<p>Flygtrafiken g\u00e5r via tre internationella flygplatser, med Belgrad Nikola Tesla flygplats i spetsen, som hanterade 2,75 miljoner passagerare \u00e5r 2022. Flaggbolaget Air Serbia f\u00f6rbinder Belgrad med cirka 80 destinationer i 32 l\u00e4nder, inklusive interkontinentala rutter till New York, Chicago och Tianjin. Inre vattenv\u00e4gar, centrerade kring Donau men \u00e4ven Sava, Tisza och Begej, hanterar \u00f6ver 1 700 kilometer navigerbara kanaler och transporterade mer \u00e4n \u00e5tta miljoner ton gods \u00e5r 2018. Flodhamnar i Novi Sad, Belgrad, Pan\u010devo och andra f\u00f6rbinder Serbien med b\u00e5de Nordsj\u00f6n via Rhen-Main-Donaukanalen och Svarta havet genom J\u00e4rnporten.<\/p>\n<p>Turismen, om \u00e4n blygsam i volym j\u00e4mf\u00f6rt med kustn\u00e4ra grannar, erbjuder en rad termiska spa, bergsorter och pulserande stadscentra. \u00c5r 2019 bodde \u00f6ver 3,6 miljoner g\u00e4ster i registrerade boenden, varav h\u00e4lften kom fr\u00e5n utlandet, vilket genererade cirka 1,5 miljarder dollar i utl\u00e4ndsk valuta. Inhemska bes\u00f6kare flockas till Kopaonik, Stara Planina och Zlatibor f\u00f6r vintersport och sommarrekreation, medan Vrnja\u010dka Banja, Soko Banja och Banja Kovilja\u010da lockar spa-s\u00f6kare till varma k\u00e4llor. Belgrad och Novi Sad lockar tv\u00e5 tredjedelar av utl\u00e4ndska turister, och deras kulturfestivaler \u2013 EXIT i Novi Sad och trumpetfestivalen Gu\u010da \u2013 drar till sig internationell uppm\u00e4rksamhet. Avl\u00e4gsna natursk\u00e5despel som klippformationen \u0110avolja Varo\u0161, ortodoxa pilgrimsv\u00e4gar till medeltida kloster och Donaukryssningar l\u00e4ngs J\u00e4rnporten diversifierar ytterligare Serbiens utbud.<\/p>\n<p>\u00c5rhundraden av omv\u00e4xlande hellenistiskt, romerskt, bysantinskt, ottomanskt och habsburgskt herrav\u00e4lde har skapat en kulturell dualism: landets norra sl\u00e4tter uppvisar centraleuropeiska sl\u00e4ktskap, fr\u00e5n barockarkitektur till multietnisk samexistens, medan de s\u00f6dra h\u00f6gl\u00e4nderna \u00e5terspeglar bredare Balkan- och Medelhavstraditioner. Venetianska influenser sipprade igenom medeltida handel och litteratur och l\u00e4mnade sporadiska sp\u00e5r i kustinfluerad konst och arkitektur.<\/p>\n<p>UNESCO:s erk\u00e4nnande understryker Serbiens kulturarv. Fem v\u00e4rldsarv omfattar den tidigmedeltida huvudstaden Stari Ras med Sopo\u0107ani-klostret, Studenica-komplexet fr\u00e5n 1100-talet, det romerska palatset Gamzigrad-Felix Romuliana, de medeltida gravstenarna i Ste\u0107ci och de utrotningshotade klostren i Kosovo, inklusive Visoki De\u010dani, Gra\u010danica och det patriarkala klostret i Pe\u0107. Registeret \u00f6ver v\u00e4rldsminnet bevarar Miroslav-evangeliet, Nikola Teslas arkiv, det \u00f6sterrikisk-ungerska krigsf\u00f6rklaringstelegrammet och sekretariatet f\u00f6r den icke-alliansfria r\u00f6relsens grunddokument. Immateriella kulturarvsf\u00f6rem\u00e5l \u2013 v\u00f6rdnad f\u00f6r skyddshelgon av Slava, folkdans i Kolo, ballads\u00e5ng i Gusle, Zlakusa-keramik, slivovitz-destillering och naiva m\u00e5lare i Kova\u010dica \u2013 vittnar om best\u00e5ende gemensamma traditioner.<\/p>\n<p>Regionala avgr\u00e4nsningar delar in Serbien i Belgrad, Podunavlje, Podrinje, \u0160umadija, k\u00e4nt f\u00f6r \u00e4pplen, druvor och plommon; och den multietniska provinsen Vojvodina, hem till ortodoxa kloster, museer i \u00f6sterrikisk-ungersk stil och sanddynerna Deliblatska Pe\u0161\u010dara. Kosovo, trots att Serbien g\u00f6r anspr\u00e5k p\u00e5 det, fungerar de facto som en oberoende republik med sina egna attraktioner, fr\u00e5n mosk\u00e9er fr\u00e5n den ottomanska eran till alpina vandringsleder.<\/p>\n<p>Stadsk\u00e4rnor berikar ytterligare den nationella mosaiken. Belgrad, huvudstaden och st\u00f6rsta staden, ligger vid sammanfl\u00f6det av Sava och Donau, med lager av romerska, ottomanska och \u00f6sterrikisk-ungerska bef\u00e4stningar avbrutna av moderna nattlivsdistrikt l\u00e4ngs flodstr\u00e4nderna. Kragujevac, platsen f\u00f6r Serbiens f\u00f6rsta moderna huvudstad, balanserar industriproduktion med kulturinstitutioner; den n\u00e4rliggande sj\u00f6n Gru\u017eansko inbjuder till lugn reflektion. Kraljevo, inb\u00e4ddat mellan floderna Morava och Ibar, rymmer \u017di\u010da-klostret, en medeltida kr\u00f6ningskyrka och angr\u00e4nsande varma k\u00e4llor. Ni\u0161, f\u00f6delseplatsen f\u00f6r Konstantin den store, utnyttjar sin strategiska position som en transportknutpunkt och odlar sina universitets- och medicinska anl\u00e4ggningar tillsammans med historiska platser som Ni\u0161ka Banja-kurorten och den antika f\u00e4stningen Ni\u0161. Novi Sad, hyllad som &#034;serbiska Aten&#034;, kantar Donau med barockbyggnader, \u00e4r v\u00e4rd f\u00f6r Petrovaradin-f\u00e4stningens festivalomr\u00e5de och grannar med Fru\u0161ka Gora, vars b\u00f6ljande ving\u00e5rdar och klosterplatser har gett den till\u00e4ggsnamnet &#034;Det andra heliga berget&#034;. Po\u017earevac, en av Serbiens \u00e4ldsta st\u00e4der, ligger bredvid Velika Morava och n\u00e4ra den romerska gr\u00e4nsstaden Viminacium, medan Suboticas r\u00e5dhus i jugendstil har utsikt \u00f6ver Pali\u0107sj\u00f6ns sommarpromenader. Sremska Mitrovica p\u00e5minner om sitt romerska f\u00f6rflutna som Sirmium, kejserlig residens p\u00e5 300-talet, och Vr\u0161ac ligger vid vinrankor n\u00e4ra den rum\u00e4nska gr\u00e4nsen.<\/p>\n<p>Bortom st\u00e4derna lockar kurorter som Sokobanja, bel\u00e4gna mellan topparna Rtanj och Ozren, bes\u00f6kare till mineralk\u00e4llor och skogskl\u00e4dda sluttningar; Tara nationalparks t\u00e4ta skogar, kalkstensgrottor och Drinaflodens raviner erbjuder djurliv och v\u00e4lbefinnande; Zlatibors betesmarker och etnobyar visar upp landsbygdslivet p\u00e5 toppen av dess 1 000 meter h\u00f6ga plat\u00e5.<\/p>\n<p>Det serbiska k\u00f6ket speglar dess kulturella sammanfl\u00f6de med r\u00e4tter som \u00e4rvts fr\u00e5n b\u00e5de ottomanskt styre och \u00f6sterrikisk-ungerskt styre. K\u00f6tt regerar h\u00f6gst: \u0107evap\u010di\u0107i, grillade korvf\u00e4rsar; pljeskavica, kryddade k\u00f6ttbiffar; sarma, k\u00e5lrullar; och den ikoniska Kara\u0111or\u0111eva \u0161nicla. Burek-bakverk, gibanica-ostpajer och b\u00f6nbaserade pasulj-soppor \u00e5terspeglar bondetraditioner som fortfarande njuts av vid festborden. Br\u00f6d och salt v\u00e4lkomnar g\u00e4sterna med rituell g\u00e4stfrihet, medan aprikosbaserad slivovitz \u2013 Serbiens stolta rakia \u2013 fick UNESCO:s immateriella kulturarvsstatus 2021. Ving\u00e5rdar str\u00e4cker sig \u00f6ver 22 appellationer och producerar fr\u00e4mst vita viner, medan inhemska \u00f6l som Jelen och Lav skummar i tavernor. Kaffekulturen, som \u00e4rvts fr\u00e5n ottomanska kaf\u00e9er, lever vidare i form av starkt, ofiltrerat serbiskt kaffe som serveras i sm\u00e5 koppar \u00f6verallt p\u00e5 kaf\u00e9erna.<\/p>\n<p>Genom sina v\u00e4xlingar av imperium och federation, genom ebb och flod av er\u00f6vrare och revolutioner, best\u00e5r Serbien som ett rike av mjuka kullar och h\u00f6ga toppar, av floder som har v\u00e4glett b\u00e5de arm\u00e9er och k\u00f6pm\u00e4n, och av ett folk som f\u00f6renar det heliga och det sekul\u00e4ra i lika m\u00e5tt. Huvudstadens ljus skimrar p\u00e5 gamla murar, medan bergsorter ekar av skidor p\u00e5 sn\u00f6, och termalvatten lovar lindring i varje s\u00e4song. Mitt i historiens skiftande gr\u00e4nser st\u00e5r Serbiens g\u00e4stv\u00e4nliga anda, dess uppriktiga engagemang f\u00f6r utbildning och h\u00e4lsov\u00e5rd, och dess str\u00e4van efter europeisk integration senast 2030 som ett bevis p\u00e5 en nation som hedrar sitt f\u00f6rflutna \u00e4ven n\u00e4r den skapar en v\u00e4g mot en stabil och fredlig framtid.<\/p>","protected":false},"excerpt":{"rendered":"<p>Serbien, formellt k\u00e4nd som Republiken Serbien, \u00e4r en landsluten republik bel\u00e4gen vid sammanfl\u00f6det av syd\u00f6stra och centrala Europa, som ligger bland Balkan och Pannoniska sl\u00e4tten. Serbien, med en befolkning p\u00e5 ungef\u00e4r 6,6 miljoner inv\u00e5nare, exklusive det omtvistade omr\u00e5det Kosovo, \u00e4r en anm\u00e4rkningsv\u00e4rd nation i regionen. Belgrad, huvudstaden och st\u00f6rsta staden, fungerar som landets politiska, ekonomiska och kulturella hj\u00e4rta, definierat av en historia som str\u00e4cker sig \u00f6ver \u00e5rtusenden.<\/p>","protected":false},"author":1,"featured_media":4507,"parent":24078,"menu_order":0,"comment_status":"closed","ping_status":"closed","template":"elementor_theme","meta":{"_eb_attr":"","footnotes":""},"class_list":["post-13445","page","type-page","status-publish","has-post-thumbnail"],"_links":{"self":[{"href":"https:\/\/travelshelper.com\/sv\/wp-json\/wp\/v2\/pages\/13445","targetHints":{"allow":["GET"]}}],"collection":[{"href":"https:\/\/travelshelper.com\/sv\/wp-json\/wp\/v2\/pages"}],"about":[{"href":"https:\/\/travelshelper.com\/sv\/wp-json\/wp\/v2\/types\/page"}],"author":[{"embeddable":true,"href":"https:\/\/travelshelper.com\/sv\/wp-json\/wp\/v2\/users\/1"}],"replies":[{"embeddable":true,"href":"https:\/\/travelshelper.com\/sv\/wp-json\/wp\/v2\/comments?post=13445"}],"version-history":[{"count":1,"href":"https:\/\/travelshelper.com\/sv\/wp-json\/wp\/v2\/pages\/13445\/revisions"}],"predecessor-version":[{"id":88936,"href":"https:\/\/travelshelper.com\/sv\/wp-json\/wp\/v2\/pages\/13445\/revisions\/88936"}],"up":[{"embeddable":true,"href":"https:\/\/travelshelper.com\/sv\/wp-json\/wp\/v2\/pages\/24078"}],"wp:featuredmedia":[{"embeddable":true,"href":"https:\/\/travelshelper.com\/sv\/wp-json\/wp\/v2\/media\/4507"}],"wp:attachment":[{"href":"https:\/\/travelshelper.com\/sv\/wp-json\/wp\/v2\/media?parent=13445"}],"curies":[{"name":"wp","href":"https:\/\/api.w.org\/{rel}","templated":true}]}}