{"id":13312,"date":"2024-09-17T16:00:19","date_gmt":"2024-09-17T16:00:19","guid":{"rendered":"https:\/\/travelshelper.com\/staging\/?page_id=13312"},"modified":"2026-03-12T22:34:26","modified_gmt":"2026-03-12T22:34:26","slug":"kosice","status":"publish","type":"page","link":"https:\/\/travelshelper.com\/sv\/destinations\/europe\/slovakia\/kosice\/","title":{"rendered":"Kosice"},"content":{"rendered":"<p>Ko\u0161ice \u00e4r den viktigaste metropolen i \u00f6stra Slovakien, bel\u00e4gen vid floden Horn\u00e1ds strand vid de slovakiska Erzgebirgens brant, bara tjugo kilometer fr\u00e5n den ungerska gr\u00e4nsen. Med en befolkning p\u00e5 n\u00e4stan 230 000 inv\u00e5nare och en yta p\u00e5 ungef\u00e4r 242,77 kvadratkilometer p\u00e5 en h\u00f6jd av 206 meter \u00f6ver havet, fungerar Ko\u0161ice som det administrativa hj\u00e4rtat i b\u00e5de Ko\u0161ice-regionen och den sj\u00e4lvstyrande regionen Ko\u0161ice, och utg\u00f6r en del av den st\u00f6rre t\u00e4torten Ko\u0161ice-Pre\u0161ov.<\/p>\n<p>Fr\u00e5n starten som den f\u00f6rsta europeiska bos\u00e4ttningen att f\u00e5 sitt eget heraldiska vapen har Ko\u0161ice utvecklats till ett centrum f\u00f6r industri, kultur och forskning. Historiska klosterg\u00e5ngar, gotiska spiror och jugendfasader m\u00f6ts l\u00e4ngs en enda huvudgata som utvecklas till en central g\u00e5gata, livad av kaf\u00e9er, gallerier och butiker. Sankta Elisabet-katedralen kr\u00f6ner denna genomfartsled som Slovakiens st\u00f6rsta kyrka, en symbol f\u00f6r stadens bevarade medeltida k\u00e4rna, som \u00e4r o\u00f6vertr\u00e4ffad i sin vidd bland slovakiska st\u00e4der.<\/p>\n<p>Den historiska utveckling som formade Ko\u0161ice b\u00f6rjade under medeltiden, d\u00e5 staden framtr\u00e4dde som ett handelscentrum vid gr\u00e4nsen till Karpaterna. V\u00e5gor av ungerskt styre l\u00e4mnade ett outpl\u00e5nligt avtryck p\u00e5 dess stadgar och medborgerliga identitet, f\u00f6ljt av perioder under Habsburgsk krona och, kort sagt, ottomanska invasioner. Varje politisk \u00f6verg\u00e5ng samlade nya lager av arkitektoniskt beskydd, fr\u00e5n ren\u00e4ssanspalats till barockkapell. I k\u00f6lvattnet av f\u00f6rsta v\u00e4rldskriget omdefinierade imperiets uppl\u00f6sning och Tjeckoslovakiens bildande Ko\u0161ices demografiska sammans\u00e4ttning, d\u00e5 slovakiska bos\u00e4ttare konvergerade med l\u00e5ngvariga ungerska och ruthenska samh\u00e4llen. Mellankrigs\u00e5ren bevittnade en utveckling av samh\u00e4llsinstitutioner, medan den industriella uppg\u00e5ngen efter kriget f\u00f6rankrade stadens \u00f6de i US Steel Ko\u0161ices masugnar.<\/p>\n<p>Geografiskt sett ligger Ko\u0161ice i en avrinningsomr\u00e5de vid den \u00f6stra \u00e4nden av de slovakiska Erzgebirge, flankerat i nordv\u00e4st av Svarta bergen och i sydv\u00e4st av Volovec-bergskedjan. \u00d6sterut utg\u00f6r de b\u00f6ljande Slansk\u00e9-kullarna en gr\u00f6nskande bakgrund. Floden Horn\u00e1d str\u00e4cker sig l\u00e4ngs den norra delen av den historiska stadsk\u00e4rnan, \u00e4ven om dess vatten l\u00e4nge var begr\u00e4nsade till f\u00f6rortsregioner snarare \u00e4n stadsk\u00e4rnan. F\u00f6rorter som Kave\u010dany, Jahodn\u00e1, Bankov och \u010cerme\u013esk\u00e1 dolina str\u00e4cker sig in i skogskl\u00e4dda sluttningar som ger lokalbefolkningen enkel tillg\u00e5ng till vandringsleder och lantlig vila.<\/p>\n<p>Klimatet i Ko\u0161ice antar parametrarna f\u00f6r en fuktig kontinental zon, vilket markerar fyra separata \u00e5rstider. Somrarna \u00e4r l\u00e5nga och tempererade, med en genomsnittlig julitemperatur p\u00e5 19,3 \u00b0C tillsammans med svala n\u00e4tter. Vintrarna \u00e4r utdragna och kalla, med en genomsnittlig januaritemperatur p\u00e5 \u22122,6 \u00b0C och punktlig sn\u00f6fall som kr\u00f6ner de gotiska spirorna. Nederb\u00f6rden \u00e4r relativt konstant \u00e5ret runt, med en topp i sommarregn och en lugnare, l\u00e4ttare nederb\u00f6rd under vinterm\u00e5naderna.<\/p>\n<p>Stadens demografiska v\u00e4v \u00e4r v\u00e4vd av inf\u00f6dda slovaker (som utg\u00f6r cirka 84 procent av befolkningen enligt folkr\u00e4kningen 2021) tillsammans med ungerska och romska minoriteter, som var och en representerar ungef\u00e4r tv\u00e5 procent av inv\u00e5narna. Tjeckiska, ruthenska, ukrainska och vietnamesiska grupper kompletterar denna mosaik. H\u00e4lften av befolkningen bek\u00e4nner sig till katolicismen, medan n\u00e4stan trettio procent inte uppger n\u00e5gon religi\u00f6s tillh\u00f6righet. Med en median\u00e5lder p\u00e5 fyrtiofyra \u00e5r st\u00e5r Ko\u0161ices medborgare p\u00e5 gr\u00e4nsen till tradition och f\u00f6rnyelse.<\/p>\n<p>Ko\u0161ices kulturinstitutioner har l\u00e4nge h\u00e4vdat sin regionala st\u00e4llning. Statsfilharmonin i Ko\u0161ice, som invigdes 1968 som Slovakiens andra professionella symfoni, uppr\u00e4tth\u00e5ller en \u00e5rlig kalender med festivaler, inklusive Ko\u0161ices musikk\u00e4lla, den internationella orgelmusikfestivalen och festivalen f\u00f6r samtida konst. Dess statsteater med tre teatrar, grundad 1945, odlar drama, opera och balett, medan Marionetteatern och Gamla stans teater bevarar kammarmusikens intimitet. Distinkta ensembler riktar sig till den ungerska och romska diasporan med teatrarna Thalia respektive Romathan.<\/p>\n<p>Dessutom \u00e5terber\u00e4ttar \u00d6stslovakiska museet, grundat 1872 som \u00d6vre Ungerns museum, regional historia genom arkeologi och etnografi, medan Slovakiska tekniska museet, med sitt planetarium, kartl\u00e4gger vetenskapliga och teknologiska arv. \u00d6stslovakiska galleriet, invigt 1951, dokumenterar st\u00e4ndigt f\u00f6r\u00e4nderliga str\u00f6mningar inom bildkonst. Varje institution har en kulturarvsarkitektur som i sig vittnar om stadens m\u00e5ngsidiga f\u00f6rflutna.<\/p>\n<p>Utn\u00e4mningen av titeln Europeisk kulturhuvudstad 2013, tillsammans med Marseille i Frankrike, markerade Ko\u0161ices avg\u00f6rande skifte fr\u00e5n tung industri till kreativ ekonomi. Project Interface, den strategiska visionen som l\u00e5g till grund f\u00f6r denna utn\u00e4mning, omvandlade 1800-talsbaracker till Kas\u00e1rne Kulturpark, bj\u00f6d in samtida konst till en nedlagd simhall fr\u00e5n 1960-talet som nu \u00e4r k\u00e4nd som Kunsthalle Ko\u0161ice, och omvandlade kalla krigets v\u00e4rmev\u00e4xlare till gemensamma utrymmen i panel\u00e1k-distrikten. Parker och promenader p\u00e5 Komensk\u00e9ho- och Moyzesova-gatorna genomgick en revitalisering, medan det medeltida slottet Ko\u0161ice, amfiteatern och Kr\u00e1sna herrg\u00e5rd fick en varsam restaurering. Taba\u010dka Kulturfabrik, f\u00f6dd ur en tobaksfabrik fr\u00e5n 1800-talet, framtr\u00e4dde som ett centrum f\u00f6r oberoende kulturproduktion, med gallerier, performancelokaler och konstn\u00e4rsatelj\u00e9er som livade upp dess tegelgallerier.<\/p>\n<p>Ekonomiskt sett bidrar Ko\u0161ice med n\u00e4stan nio procent av Slovakiens bruttonationalprodukt. US Steel Ko\u0161ice-fabriken, med cirka 13 500 anst\u00e4llda, f\u00f6rankrar staden som dess st\u00f6rsta privata arbetsgivare och en viktig nod i globala st\u00e5ln\u00e4tverk. Deutsche Telekom IT Solutions Slovakia, som etablerades lokalt 2006, har vuxit till det n\u00e4st st\u00f6rsta delade servicecentret i landet, bland Slovakiens fr\u00e4msta arbetsgivare. Detaljhandels- och servicesektorerna blomstrar runt nav som Aupark Shopping Centre, medan planerade motorv\u00e4gsutbyggnader lovar ytterligare f\u00f6rbindelser till Pre\u0161ov och den bredare Karpaterna-regionen.<\/p>\n<p>T\u00e4theten av kulturarvsminnen i Ko\u0161ice \u00f6verstiger den i n\u00e5gon annan slovakisk kommun. S:t Mikael-kapellet fr\u00e5n 1200-talet, S:t Urban-tornet och den nybarocka statsteatern pressar sig mot skuggan av S:t Elisabet-katedralen, som i sig \u00e4r det \u00f6stligaste exemplet p\u00e5 v\u00e4stgotisk kyrkoarkitektur i Centraleuropa. Rester av medeltida bef\u00e4stningar, s\u00e4rskilt B\u00f6delns och Kvarnens bastioner, frammanar krigiska kapitel i medborgerligt f\u00f6rsvar. Religi\u00f6s m\u00e5ngfald best\u00e5r i den grekisk-katolska kyrkan f\u00f6r Jungfru Marias f\u00f6delse, medan medborgerlig stolthet finner uttryck i det restaurerade gamla r\u00e5dhuset, den gamla universitetsbyggnaden och Kaptenens palats. Befrielsetorget, inramat av borgarhus, och stadsparken, som f\u00f6rbinder den historiska stadsk\u00e4rnan med j\u00e4rnv\u00e4gsstationen, erbjuder urbana gr\u00f6nomr\u00e5den. En zoologisk park i nordv\u00e4st, i Kave\u010dany, utvidgar stadens bekv\u00e4mligheter till en naturlig milj\u00f6.<\/p>\n<p>Ko\u0161ices transportleder \u00e5terspeglar dess historiska roll som knutpunkt. Det kommunala transportbolaget, som varit verksamt sedan starten med h\u00e4stvagn 1891 och elektrifieringen av sp\u00e5rvagnslinjerna 1914, hanterar nu buss-, sp\u00e5rvagns- och tr\u00e5dbusslinjer som binder samman stadsk\u00e4rnan och periferin. \u017delezni\u010dn\u00e1 stanica Ko\u0161ice fungerar som j\u00e4rnv\u00e4gsknutpunkt f\u00f6r \u00f6stra Slovakien, med bredsp\u00e5rsf\u00f6rbindelser till Ukraina, direkta f\u00f6rbindelser till Prag, Bratislava och Miskolc, samt skytteltrafik till Humenn\u00e9 och \u010cierna nad Tisou. Motorv\u00e4g D1 skapar en sydlig korridor till Pre\u0161ov, medan ytterligare motorv\u00e4gsprojekt ligger p\u00e5 planeringsborden.<\/p>\n<p>Ko\u0161ice internationella flygplats, bel\u00e4gen s\u00f6der om stadsdelen, har regulj\u00e4ra linjer till London Luton och Stansted, Wien, Warszawa, D\u00fcsseldorf och Prag. Flygbolag som Czech Airlines, Austrian Airlines, LOT Polish Airlines, Eurowings och Wizz Air, tillsammans med codeshare-partners, f\u00f6rbinder \u00f6stra Slovakien med V\u00e4steuropa, \u00e4ven om passagerarvolymerna n\u00e5dde sin topp 2008 innan de gick in i en period av nedg\u00e5ng.<\/p>\n<p>Mitt bland sina industriella horisonter och akademiska citadeller beh\u00e5ller Ko\u0161ice en atmosf\u00e4r av lugn och intimitet. Den breda g\u00e5gatan Hlavn\u00e1 ulica, en g\u00e5ng en medeltida sluttning uthuggen av \u010cerme\u013esk\u00fd potok, flyter nu obehindrat mellan Fredsmaratontorget i norr och Befriartorget i s\u00f6der, med den sjungande font\u00e4nen, ett unikt vattendrag i Europa, som pryder staden. Historiska hus kantar gatan och erbjuder bes\u00f6kare p\u00e5 kaf\u00e9er och konstgallerier en promenad genom \u00e5rhundraden av arkitektonisk utsmyckning.<\/p>\n<p>Bortom de asfalterade omr\u00e5dena lockar de omgivande bergen Svarta berget och Slansk\u00e9 Hills den bofasta vandraren, medan landsbygdsbyarna i b\u00e4ckenet p\u00e5minner om ett jordbruksf\u00f6rflutet som lever vidare i familjejordbruk och folkliga traditioner. Stadens tillnamn som Fredens Stad, f\u00f6dd ur \u00e5rtusenden av etnisk m\u00e5ngfald och relativ harmoni, understryker en medborgerlig identitet rotad i tolerans och kulturell symbios. Bes\u00f6kare som anl\u00e4nder till Ko\u0161ice kliver in i en levd kr\u00f6nika d\u00e4r tidens g\u00e5ng \u00e4r synlig i v\u00e4derbiten sten och i kadensen av universitetsf\u00f6rel\u00e4sningar, i surret fr\u00e5n st\u00e5lugnar och tonerna fr\u00e5n en filharmonisk ouvertyr.<\/p>\n<p>I gryningens avm\u00e4tta ljus, n\u00e4r dimma driver fr\u00e5n Horn\u00e1d och Sankta Elisabets torn reser sig mot den skiffergr\u00e5 himlen, avsl\u00f6jar Ko\u0161ice den m\u00e4nskliga prestationens br\u00e4cklighet. Dess v\u00e4lvda skepp och tysta bastioner vittnar om uth\u00e5lligheten hos samh\u00e4llen som har uth\u00e4rdat farsoter, krig och ideologiska omv\u00e4lvningar. \u00c4nd\u00e5 illustrerar staden ocks\u00e5 potentialen f\u00f6r f\u00f6rnyelse, n\u00e4r industriella reliker f\u00f6rvandlas till deglar av konstn\u00e4rlig uppfinning och n\u00e4r sp\u00e5rvagnslinjer surrar mot nya omr\u00e5den med bostadstillv\u00e4xt. Ber\u00e4ttelsen om Ko\u0161ice \u00e4r inte begr\u00e4nsad till museernas arkiv; den \u00e4r dagligen skriven i studenternas fotsp\u00e5r, samtalen p\u00e5 kaf\u00e9g\u00e5rdar och festivalerna som livar upp dess torg.<\/p>\n<p>S\u00e5dan kontinuitet och omvandling definierar Ko\u0161ice under det tjugof\u00f6rsta \u00e5rhundradet. Staden best\u00e5r som ett bevis p\u00e5 motst\u00e5ndskraften i \u00d6steuropas urbana tradition, en plats d\u00e4r antiken samexisterar med innovation, d\u00e4r ekot av gotiska valv svarar p\u00e5 pulsen i ett dynamiskt postindustriellt samh\u00e4lle. Staden inbjuder till eftertanke \u00f6ver det uth\u00e5lliga medborgarlivet, ett exempel p\u00e5 hur historia kan bevaras \u00e4ven n\u00e4r nya kapitel skrivs p\u00e5 dess gator.<\/p>","protected":false},"excerpt":{"rendered":"<p>Ko\u0161ice, den n\u00e4st st\u00f6rsta staden i Slovakien, har en befolkning p\u00e5 cirka 230 000 och fungerar som ett betydande storstadsnav i den \u00f6stra delen av landet. Ko\u0161ices gynnsamma l\u00e4ge n\u00e4ra den ungerska gr\u00e4nsen l\u00e4ngs floden Horn\u00e1d vid den \u00f6stra kanten av de slovakiska Ertsbergen har i h\u00f6g grad p\u00e5verkat dess stora historia och m\u00e5ngsidiga kulturliv. Stadens geografiska l\u00e4ge har i h\u00f6g grad p\u00e5verkat dess utveckling som ett stort ekonomiskt och kulturellt nav f\u00f6r \u00f6stra Slovakien samt uppmuntrat en unik sammansm\u00e4ltning av element fr\u00e5n flera centraleuropeiska traditioner.<\/p>","protected":false},"author":1,"featured_media":3066,"parent":13300,"menu_order":0,"comment_status":"closed","ping_status":"closed","template":"elementor_theme","meta":{"_eb_attr":"","footnotes":""},"class_list":["post-13312","page","type-page","status-publish","has-post-thumbnail"],"_links":{"self":[{"href":"https:\/\/travelshelper.com\/sv\/wp-json\/wp\/v2\/pages\/13312","targetHints":{"allow":["GET"]}}],"collection":[{"href":"https:\/\/travelshelper.com\/sv\/wp-json\/wp\/v2\/pages"}],"about":[{"href":"https:\/\/travelshelper.com\/sv\/wp-json\/wp\/v2\/types\/page"}],"author":[{"embeddable":true,"href":"https:\/\/travelshelper.com\/sv\/wp-json\/wp\/v2\/users\/1"}],"replies":[{"embeddable":true,"href":"https:\/\/travelshelper.com\/sv\/wp-json\/wp\/v2\/comments?post=13312"}],"version-history":[{"count":0,"href":"https:\/\/travelshelper.com\/sv\/wp-json\/wp\/v2\/pages\/13312\/revisions"}],"up":[{"embeddable":true,"href":"https:\/\/travelshelper.com\/sv\/wp-json\/wp\/v2\/pages\/13300"}],"wp:featuredmedia":[{"embeddable":true,"href":"https:\/\/travelshelper.com\/sv\/wp-json\/wp\/v2\/media\/3066"}],"wp:attachment":[{"href":"https:\/\/travelshelper.com\/sv\/wp-json\/wp\/v2\/media?parent=13312"}],"curies":[{"name":"wp","href":"https:\/\/api.w.org\/{rel}","templated":true}]}}