{"id":13171,"date":"2024-09-17T13:46:53","date_gmt":"2024-09-17T13:46:53","guid":{"rendered":"https:\/\/travelshelper.com\/staging\/?page_id=13171"},"modified":"2026-03-12T23:42:33","modified_gmt":"2026-03-12T23:42:33","slug":"san-sebastian","status":"publish","type":"page","link":"https:\/\/travelshelper.com\/sv\/destinations\/europe\/spain\/san-sebastian\/","title":{"rendered":"San Sebasti\u00e1n"},"content":{"rendered":"<p>Donostia \/ San Sebasti\u00e1n framst\u00e5r p\u00e5 en g\u00e5ng som en maritim port och en bastion av baskiskt arv: bel\u00e4gen p\u00e5 Biscayabuktens syd\u00f6stra str\u00e4nder, knappt tjugo kilometer fr\u00e5n den fransk-spanska gr\u00e4nsen, har denna provinshuvudstad i Gipuzkoa ett urbant fotavtryck skulpterat av \u00e5tervinning av v\u00e5tmarker l\u00e4ngs floder och kustterrasser, med en inv\u00e5narpopulation p\u00e5 188 102 personer \u00e5r 2021, medan den bredare storstadsregionen n\u00e5dde 436 500 \u00e5r 2010. H\u00e4r talar sj\u00e4lvbeteckningen donostiarra \u2013 oavsett om den talas p\u00e5 Euskara eller spanska \u2013 om en m\u00e5nghundra\u00e5rig folklig identitet som sammanfl\u00e4tas med stadens roll inom det transnationella Eurocity-n\u00e4tverket Bayonne-San Sebasti\u00e1n.<\/p>\n<p>\u00c4nda sedan de tidigaste medeltida omn\u00e4mnandena av klostret El Antiguo har Donostia genomg\u00e5tt lager av socioekonomisk omvandling \u2013 fr\u00e5n en jordbruksby till en bef\u00e4st enklav till en kosmopolitisk semesterort \u2013 men det \u00e4r stadens dubbla karakt\u00e4r, som b\u00e5de f\u00f6rvaltare av tradition och en koppling till samtida utbyte, som ligger till grund f\u00f6r dess best\u00e5ende attraktionskraft. En g\u00e5ng begr\u00e4nsad till f\u00f6rsvarsmurar fram till deras avsiktliga rivning 1863, expanderade bos\u00e4ttningen f\u00f6rst mot Urumeas mynning \u2013 vilket gav upphov till det omr\u00e5de som nu kallas Gros \u2013 och senare in i de tr\u00e4skmarker som hade legat intill den gamla stadsdelen, vilket m\u00f6jliggjorde uppkomsten av den ortogonalt rutn\u00e4tade Cortazar-bebyggelsen, vars Parisinspirerade arkader och haussmannska vyer ekar Rue de Rivoli och Pont Alexandre III. S\u00e5dana urbana metamorfoser, ofta utf\u00f6rda i avv\u00e4gda faser \u2013 som kulminerade 1914 \u2013 \u00e5terspeglar ett medborgerligt f\u00f6rtroende f\u00f6r planeringsprinciper som f\u00f6renade funktionalitet med estetisk tyngd.<\/p>\n<p>I v\u00e4ster inramar Urgulls udde, en g\u00e5ng ett bev\u00e4pnat bolverk som bevakade Parte Vieja, nu Gamla stans tv\u00e5 kyrkliga f\u00f6rsamlingar \u2013 Santa Mar\u00eda och San Vicente \u2013 vars anh\u00e4ngare fortfarande k\u00e4nnetecknas av joxemaritarrak och koxkeroak, den senare ursprungligen gaskoniskspr\u00e5kig fram till 1700-talet. Portaletasporten och resterna av vallar st\u00e5r som tysta vaktposter till de allierades \u00f6del\u00e4ggelse 1813, varefter \u00e5teruppbyggnaden inledde 1800-talsbyggnader som idag inrymmer gemytliga pintxobarer snarare \u00e4n baracker, medan en blygsam fiskehamn ligger inb\u00e4ddad vid Urgulls fot, vars tv\u00e5v\u00e5nings fiskarbost\u00e4der \u00e4r ett arv fr\u00e5n kullens demilitarisering 1924.<\/p>\n<p>Bortom Gamla stan breder sig stadsdelen Antiguo ut sig \u00f6ver mjuka sluttningar som g\u00e5r ner fr\u00e5n Miramar-palatset \u2013 ett kungligt sommarresidens fram till 1975 \u2013 och dess omgivningar, d\u00e4r 1800-talsindustrif\u00f6retag som Cervezas El Le\u00f3n och chokladfabriken Suchard en g\u00e5ng tillhandah\u00f6ll l\u00f6nearbete innan de avstod mark till servicesektorn och bes\u00f6ksorienterad handel. Den ortogonala genomfartsleden Matia Kalea delar detta kvarter i tv\u00e5 delar och ger en glimt av hur stadsf\u00f6rnyelsen efter kriget omvandlade klosteromr\u00e5den till bostadsenklaver.<\/p>\n<p>I s\u00f6der kartl\u00e4gger de tv\u00e5 distrikten Amara Zaharra och Amara Berri stadens hydrauliska ingrepp: initialt avgr\u00e4nsad av tr\u00e4skmark vid flodens v\u00e4nstra strand, sm\u00e4lte Amara Zaharra \u2013 centrerad kring Plaza Easo \u2013 gradvis samman med stadsk\u00e4rnan, medan kanaliseringen av Urumea fr\u00e5n 1940-talet och fram\u00e5t frigjorde b\u00f6rdig mark f\u00f6r den st\u00f6rre bostadsutbredningen i Amara Berri, d\u00e4r statliga myndigheter och aff\u00e4rskontor kantar axlarna Avenida Sancho el Sabio och Avenida de Madrid. H\u00e4r gav flodens omdirigering under f\u00f6rsta h\u00e4lften av 1900-talet inte bara \u00f6versv\u00e4mningskontroll utan ocks\u00e5 drivkraften f\u00f6r demografisk tillv\u00e4xt som omformade Donostias s\u00f6dra omkrets.<\/p>\n<p>P\u00e5 den motsatta stranden h\u00e4vdar Gros sig med en kontrasterande topografi \u2013 sandig och plan \u2013 med sina verkst\u00e4der fr\u00e5n 1800-talet och provisoriska bost\u00e4der som ersatts av kulturella landm\u00e4rken som Kursaal Congress Centre, som blickar ut \u00f6ver Zurriola-stranden mot havet. I \u00f6ster avsl\u00f6jar distriktet Egia \u2013 vars baskiska ortsnamn anspelar p\u00e5 b\u00e5de strand och h\u00f6jd \u2013 sp\u00e5r av en svunnen industriell epok i den ombyggda tobaksfabriken Tabakalera, nu ett centrum f\u00f6r samtida kultur, medan dess Cristina Enea-park bevarar ett fragment av botaniskt arv. Bortom talar Anoeta-stadionens flytt om stadsf\u00f6rnyelse: den tidigare fotbollsplanen gav vika f\u00f6r bost\u00e4der, \u00e4ven om Polloe-kyrkog\u00e5rden str\u00e4cker sig mot s\u00f6dra Intxaurrondos f\u00f6rortsutveckling.<\/p>\n<p>Intxaurrondo och Altza, vid stadens \u00f6stra ytterpunkter, ber\u00e4ttar parallella ber\u00e4ttelser om landsbygdens antecedenter som \u00f6verv\u00e4ldigades av invandringen i mitten av \u00e5rhundradet \u2013 Intxaurrondo Zar, bondg\u00e5rden fr\u00e5n 1600-talet, finns fortfarande kvar som ett nationellt monument bland bostadsomr\u00e5den, medan Altza, en g\u00e5ng ett kluster av g\u00e5rdar 1910, v\u00e4xte fram till en t\u00e4tbefolkad enklav av skyskrapor p\u00e5 1970-talet, med en befolkning som toppade p\u00e5 \u00f6ver trettiotv\u00e5 tusen innan en blygsam minskning. I dessa kvarter sl\u00e4par den sociala infrastrukturen efter den bebyggda milj\u00f6n: omtvistade kaserner tillh\u00f6rande Guardia Civil och kommande f\u00f6rslag om avfallsf\u00f6rbr\u00e4nning eller straffanl\u00e4ggningar i Zubieta \u2013 Donostias enklav \u2013 belyser de sp\u00e4nningar som \u00e4r inneboende i den postindustriella urbanismen.<\/p>\n<p>L\u00e4ngre s\u00f6derut ligger Ibaeta i den tillplattade terr\u00e4ngen av tidigare fabriker, nu ersatta av bostadshus och ett nytt universitetscampus f\u00f6r UPV-EHU, tillsammans med Donostia International Physics Center och ett nanoteknikinstitut \u2013 institutioner som \u00e4r symboliska f\u00f6r stadens strategiska v\u00e4ndning mot kunskapsekonomier. Loiola och Riberas de Loiola, som ligger l\u00e4ngs flodens syd\u00f6stra korridor, illustrerar modern f\u00f6rortsdesign, d\u00e4r Ciudad Jard\u00edns frist\u00e5ende hus kompletteras av rekonstruerade flerbostadshus, medan Martutenes industriomr\u00e5den och f\u00f6rfallna f\u00e4ngelseomr\u00e5de understryker kontrasterande stadier av infrastrukturell f\u00f6rnyelse.<\/p>\n<p>Framf\u00f6r allt erbjuder Ulia och dess park en kontrast i skogen: gamla vattentankar och plantskolor vittnar om det kommunala tr\u00e4dg\u00e5rdsprogram som uppr\u00e4tth\u00f6ll Donostias offentliga tr\u00e4dg\u00e5rdar under stora delar av 1900-talet, \u00e4ven n\u00e4r nya utbildnings- och kulturanl\u00e4ggningar har uppf\u00f6rts sedan 1980-talet p\u00e5 de l\u00e4gre sluttningarna. I stadens utkant uppr\u00e4tth\u00e5ller A\u00f1orga-g\u00e5rdarna, som f\u00f6rvandlades av Cementos Rezola-brukets ankomst i b\u00f6rjan av 1900-talet, en tredelad underavdelning \u2013 A\u00f1orga Haundi, A\u00f1orga-Txiki och Rekalde \u2013 som alla b\u00e4r sp\u00e5r av landsbygdens morfologi mitt bland industrialiserad bebyggelse.<\/p>\n<p>Hydrografi, topografi och klimat m\u00f6ts och formar stadens vardagsrytm: Urumea, begr\u00e4nsad till en kanaliserad flodb\u00e4dd, bildar en central art\u00e4r vars lopp \u00e4ndrades i b\u00f6rjan av 1900-talet f\u00f6r att underl\u00e4tta urban tillv\u00e4xt, medan Biscayabukten ger ett havsklimat som pr\u00e4glas av svala vintrar med en genomsnittlig temperatur p\u00e5 8,9 \u00b0C i januari och varma somrar med en topp p\u00e5 21,5 \u00b0C i augusti. En \u00e5rlig nederb\u00f6rd p\u00e5 cirka 1 650 mm, j\u00e4mnt f\u00f6rdelad \u00f6ver \u00e5rstiderna men marginellt minskad under de soligare m\u00e5naderna, understryker en meteorologisk tendens till molnigt v\u00e4der och m\u00e5ttliga temperaturer, vilket ger Donostia en gr\u00f6nskande atmosf\u00e4r som genomsyrar dess parker och promenadstr\u00e5k.<\/p>\n<p>Transportinfrastrukturen f\u00f6rst\u00e4rker Donostias roll som regional knutpunkt: Euskotrens Trena-n\u00e4tverk f\u00f6rbinder staden med Bilbao och den lokala tunnelbanan, medan Renfes Cercan\u00edas betj\u00e4nar storstadsringen; huvudj\u00e4rnv\u00e4gsstationen, som invigdes 1864 under Gustave Eiffels metalltak, ligger intill en underjordisk bussterminal, och dess Maria Cristina-bron \u2013 en hyllning till Pont Alexandre III \u2013 f\u00f6rbinder transportknutpunkterna med den historiska stadsk\u00e4rnan. T\u00e4ta t\u00e5gf\u00f6rbindelser str\u00e4cker sig till Madrid och \u00f6ver gr\u00e4nsen till Hendaye, med anslutning till Frankrikes nationella j\u00e4rnv\u00e4gsn\u00e4t, medan flygf\u00f6rbindelser via Hondarribia flygplats, och, p\u00e5 l\u00e4ngre avst\u00e5nd, Bilbao (98 km bort) och Biarritz (50 km bort), uppr\u00e4tth\u00e5ller internationell tillg\u00e4nglighet.<\/p>\n<p>Ur ett ekonomiskt perspektiv d\u00f6ljer Donostias sm\u00e5stadsliknande proportioner en tj\u00e4nstesektor som styr handel och turism med anm\u00e4rkningsv\u00e4rd kraft: kommunens ekonomiska profil visar ett beroende av g\u00e4stfrihet och detaljhandel, men evenemang som den internationella filmfestivalen, som inr\u00e4ttades f\u00f6r \u00f6ver femtio \u00e5r sedan, och den l\u00e5ngvariga Jazzaldia-festivalen i slutet av juli ger staden en internationell dimension som vida \u00f6verstiger dess geografiska n\u00e4rvaro. Utn\u00e4mningen till Europeisk kulturhuvudstad 2016 \u2013 delad med Wroc\u0142aw \u2013 f\u00f6rst\u00e4rkte ytterligare Donostias kulturella prestige och bidrog till en festivalkalender som sp\u00e4nner \u00f6ver film, musik och folkliga traditioner.<\/p>\n<p>Filmisk h\u00e4ngivenhet str\u00e4cker sig bortom huvudfestivalen till nischade sammankomster: Street Zinema Festival, till\u00e4gnad urban och samtida audiovisuell konst; skr\u00e4ck- och fantasyfilmfestivalen varje oktober; och Surfilm Festival, som visar kortfilmer med surftema. S\u00e5dana evenemang \u00e5terspeglar en polyfonisk konstscen, en som kompletterar institutioner som San Telmo Museoa, d\u00e4r baskisk etnografi och modern utst\u00e4llningspraxis samexisterar och erbjuder \u00e5ret runt utforskande av regionens traditioner och banor.<\/p>\n<p>\u00c4nd\u00e5 \u00e4r det kanske i de vardagliga ritualerna inom baskisk gastronomi som Donostias identitet tydligast manifesteras. Donostia, som \u00e4r hem f\u00f6r fyra Michelin-stj\u00e4rniga restauranger \u2013 Arzak i sj\u00e4lva staden, Berasategui i Lasarte, Akelarre p\u00e5 Igeldos sluttningar och Mugaritz i n\u00e4rliggande Errenteria \u2013 rankas som tv\u00e5a globalt sett i Michelin-utm\u00e4rkelser per capita, endast \u00f6vertr\u00e4ffat av Kyoto. \u00c5r 2013 l\u00e5g tv\u00e5 av v\u00e4rldens tio b\u00e4sta restauranger, enligt The World&#039;s 50 Best Restaurants, i dess omgivningar, medan pintxokulturen \u2013 sm\u00e5, utsmyckat arrangerade hors d&#039;oeuvres serverade i barer i Gamla stan \u2013 sammanfattar en gemytlig kulinarisk tradition som v\u00e4rdes\u00e4tter lokala ingredienser och gemensam gemenskap. Det baskiska kulinariska centret, v\u00e4rldens f\u00f6rsta institution som utf\u00e4rdar en universitetsexamen i gastronomi, understryker stadens roll som en inkubator f\u00f6r gastronomisk forskning och forts\u00e4tter en linje av smaks\u00e4llskap, eller txokos, vars tidigaste registrerade omn\u00e4mnande dateras till 1870.<\/p>\n<p>Ovanp\u00e5 dessa gastronomiska syssels\u00e4ttningar ligger en kalender med medborgerliga firanden som uttrycker gemensamma minnen och s\u00e4songscykler. Vid midnatt den 20 januari utspelar sig Tamborradan: trummor genljuder p\u00e5 Constitution Plaza medan borgm\u00e4staren hissar kommunflaggan, vilket inleder tjugofyra timmars kontinuerligt slagverk av deltagare kl\u00e4dda i kock- eller soldatkl\u00e4der fr\u00e5n perioden \u2013 en ritual som utvecklades fr\u00e5n 1700-talets kyrkliga processioner till formaliserad prakt p\u00e5 1800-talet, komplett med Raimundo Sarrieguis kompositioner och uniformer i milit\u00e4rstil; privata sammankomster i historiska txokos uppr\u00e4tth\u00e5ller festivalens gemytliga anda l\u00e5ngt efter att trummorna har tystnat.<\/p>\n<p>I mitten av augusti livar La Semana Grande, eller Aste Nagusia, upp La Concha-bukten med nattliga pyrotekniska t\u00e4vlingar som lockar internationella brigader; orkesterframtr\u00e4danden och processioner av gigantes och cabezudos pryder de offentliga utrymmena, medan folkmassor samlas l\u00e4ngs strandpromenaden i en kollektiv ceremoni som understryker stadens f\u00f6rm\u00e5ga att arrangera b\u00e5de folklig festlighet och globalt spektakel. I b\u00f6rjan av september frammanar den baskiska veckan bertsolaris \u2013 improvisationspoeter \u2013 och uppvisningar av landsbygdssporter som stenlyftning och oxdragning, vilket kulminerar i La Concha-regattan, vars kustlag t\u00e4vlar i fartyg vars smala skrov klyver vikens vatten i ett bevis p\u00e5 det maritima arvet.<\/p>\n<p>I lugnare mellanrum, i slutet av januari eller b\u00f6rjan av februari, livas stadsdelarna upp av s\u00e5ng och k\u00e4ppslagning i bondekl\u00e4der, d\u00e4r man ber om blygsamma allmosor i en praxis som blandar upptr\u00e4danden med \u00f6msesidighet i samh\u00e4llet. Caldereros-festivalen \u2013 som h\u00e5lls den f\u00f6rsta l\u00f6rdagen i februari \u2013 framkallar karnevalens anda: grupper utkl\u00e4dda till romska pysslingar pryder stadsgatorna med klangen av skedar p\u00e5 krukor och samlas vid stadshuset f\u00f6r kommunalt s\u00e4llskap. Den 21 december f\u00f6rvandlar Santo Tom\u00e1s centrum till en utomhusmarknad: st\u00e5nd med regionala produkter, talo-tunnbr\u00f6d fyllda med ciderbadad txistorra och lotteri av en levande gris p\u00e5 Plaza Constitucion bekr\u00e4ftar jordbruksbanden mitt i stadsmilj\u00f6n. Slutligen, p\u00e5 julafton, g\u00e5r figuren Olentzero \u2013 en symbolisk kolmakare \u2013 genom stadens gator, \u00e5tf\u00f6ljd av juls\u00e5ngare i traditionell kl\u00e4dsel vars antal ibland \u00f6kar f\u00f6r att \u00e5terspegla samtida sociala fr\u00e5gor och blandar hednisk folklore med kristen firande.<\/p>\n<p>S\u00e5ledes uppenbarar sig Donostia \/ San Sebasti\u00e1n som en urban palimpsest: dess fysiska form best\u00e5r av flodomledningar, \u00e5tervunna v\u00e5tmarker och bef\u00e4stningar p\u00e5 kullar, dess kulturella identitet inskriven genom festivaler som v\u00e4xlar mellan trummornas prakt och pintxo-konstens finesser, dess ekonomi f\u00f6rankrad i tj\u00e4nster men breddad av engagemang f\u00f6r film, musik och gastronomi. I varje genomfartsled \u2013 oavsett om det \u00e4r den arkadlika vidstr\u00e4ckta Buen Pastor-torget eller de moderna avenyerna i Amara Berri \u2013 uppfattar man samspelet mellan historia och innovation, en medborgerlig etos som hedrar dess baskiska r\u00f6tter samtidigt som den engagerar v\u00e4rlden bortom bukten. En s\u00e5dan stad, p\u00e5 en g\u00e5ng intim i skala och expansiv i kulturell ambition, understryker platsens kraft att forma b\u00e5de gemensam identitet och internationell dialog.<\/p>","protected":false},"excerpt":{"rendered":"<p>San Sebasti\u00e1n kallas officiellt Donostia \/ San Sebasti\u00e1n, \u00e4r en fascinerande kuststad undang\u00f6md i Spaniens baskiska autonoma region. Inb\u00e4ddat vid den underbara Biscayabukten, har denna energiska stad en befolkning p\u00e5 188 102 \u00e5r 2021; dess storstadsomr\u00e5de 2010 omfattade 430 500 personer. Bara tjugo kilometer fr\u00e5n gr\u00e4nsen mellan Frankrike och Spanien har stadens strategiska l\u00e4ge varit avg\u00f6rande f\u00f6r att bilda dess rika kulturv\u00e4v och kommersiell betydelse.<\/p>","protected":false},"author":1,"featured_media":2876,"parent":13090,"menu_order":0,"comment_status":"closed","ping_status":"closed","template":"elementor_theme","meta":{"_eb_attr":"","footnotes":""},"class_list":["post-13171","page","type-page","status-publish","has-post-thumbnail"],"_links":{"self":[{"href":"https:\/\/travelshelper.com\/sv\/wp-json\/wp\/v2\/pages\/13171","targetHints":{"allow":["GET"]}}],"collection":[{"href":"https:\/\/travelshelper.com\/sv\/wp-json\/wp\/v2\/pages"}],"about":[{"href":"https:\/\/travelshelper.com\/sv\/wp-json\/wp\/v2\/types\/page"}],"author":[{"embeddable":true,"href":"https:\/\/travelshelper.com\/sv\/wp-json\/wp\/v2\/users\/1"}],"replies":[{"embeddable":true,"href":"https:\/\/travelshelper.com\/sv\/wp-json\/wp\/v2\/comments?post=13171"}],"version-history":[{"count":0,"href":"https:\/\/travelshelper.com\/sv\/wp-json\/wp\/v2\/pages\/13171\/revisions"}],"up":[{"embeddable":true,"href":"https:\/\/travelshelper.com\/sv\/wp-json\/wp\/v2\/pages\/13090"}],"wp:featuredmedia":[{"embeddable":true,"href":"https:\/\/travelshelper.com\/sv\/wp-json\/wp\/v2\/media\/2876"}],"wp:attachment":[{"href":"https:\/\/travelshelper.com\/sv\/wp-json\/wp\/v2\/media?parent=13171"}],"curies":[{"name":"wp","href":"https:\/\/api.w.org\/{rel}","templated":true}]}}