{"id":13090,"date":"2024-09-17T12:22:17","date_gmt":"2024-09-17T12:22:17","guid":{"rendered":"https:\/\/travelshelper.com\/staging\/?page_id=13090"},"modified":"2026-03-12T23:26:32","modified_gmt":"2026-03-12T23:26:32","slug":"spanien","status":"publish","type":"page","link":"https:\/\/travelshelper.com\/sv\/destinations\/europe\/spain\/","title":{"rendered":"Spanien"},"content":{"rendered":"<p>Spanien presenterar sig som en yta p\u00e5 505 992 kvadratkilometer i s\u00f6dra och v\u00e4stra Europa \u2013 och str\u00e4cker sig \u00f6ver st\u00f6rre delen av Iberiska halv\u00f6n, Balearerna och Kanarie\u00f6arna samt de autonoma enklaverna Ceuta och Melilla i Nordafrika \u2013 och med en uppskattad befolkning p\u00e5 49 153 849 inv\u00e5nare \u00e5r 2025 rankas landet som den fj\u00e4rde folkrikaste medlemsstaten i Europeiska unionen. Dess huvudstad, Madrid, f\u00f6rankrar en konstellation av st\u00f6rre st\u00e4der, inklusive Barcelona, \u200b\u200bValencia, Sevilla, Zaragoza, M\u00e1laga, Murcia och Palma de Mallorca, som var och en bidrar till nationens dynamiska demografiska v\u00e4v.<\/p>\n<p>\u00c4nda sedan Spaniens tidigaste kartl\u00e4ggning som ett transkontinentalt statsskick som str\u00e4cker sig \u00f6ver Europa och Afrika har dess topografi varit fascinerande f\u00f6r b\u00e5de kartografer och resen\u00e4rer. D\u00e4r avgr\u00e4nsar Pyren\u00e9erna en formidabel nord\u00f6stlig gr\u00e4ns mot Frankrike och Andorra, medan en l\u00e5ng, obruten gr\u00e4ns p\u00e5 1 214 kilometer v\u00e4sterut definierar dess gemensamma gr\u00e4ns mot Portugal. Det iberiska massivet, med sina h\u00f6gplat\u00e5er \u2013 k\u00e4nda som Meseta Central \u2013 delade av Sistema Central, ger gradvis vika f\u00f6r den kantabriska bergskedjan i norr och det baetiska systemet i s\u00f6der, d\u00e4r Mulhac\u00e9ns 3 478 meter h\u00f6ga topp och Teides aktiva vulkaniska topp p\u00e5 3 718 meter st\u00e5r som monumentala bevis p\u00e5 geologiska krafter. Floder som Tejo, Ebro, Guadiana och Guadalquivir skapar b\u00f6rdiga dalar och alluviala sl\u00e4tter \u2013 varav den st\u00f6rsta ligger tv\u00e4rs \u00f6ver Andalusien \u2013 som binder samman landet i ett n\u00e4tverk av vattenv\u00e4gar som har uppr\u00e4tth\u00e5llit successiva civilisationer. Bortom dessa ligger de spridda \u00f6arna i Balearerna och Atlanten \u2013 bland dem Mallorca, Menorca, Teneriffa, Gran Canaria, Lanzarote och Fuerteventura \u2013 som alla \u00e4r utrustade med autonoma styrningsstrukturer som \u00e5terspeglar den spanska konstitutionens erk\u00e4nnande av \u00f6arnas s\u00e4rdrag.<\/p>\n<p>Klimatiskt sett f\u00f6rkroppsligar Spanien en sl\u00e5ende m\u00e4ngd olika zoner, d\u00e4r den dominerande medelhavstypen manifesterar sig i b\u00e5de varma sommarregioner (Csa) i Andalusien, Extremadura och Kastiliens inland, och varma sommarenklaver (Csb) p\u00e5 nord-centrala plat\u00e5er och Galiciens regniga omr\u00e5den. Halvtorra vidder str\u00e4cker sig \u00f6ver syd\u00f6stra Murcia och Valencias territorier, medan den oceaniska Cfb-regimen tempererar det gr\u00f6nskande Baskien, Kantabrien, Asturien och delar av Galicien och Navarra. P\u00e5 h\u00f6gre h\u00f6jder h\u00e4vdar sig alpina och kontinentala varianter, och Kanarie\u00f6arnas torra l\u00e5gland, vars kallaste m\u00e5nader i genomsnitt \u00f6ver 18 \u00b0C, n\u00e4rmar sig en tropisk k\u00e4nslighet men f\u00f6rblir klassificerade inom torra gr\u00e4nser p\u00e5 grund av r\u00e5dande torrhet. V\u00e4xande oro \u00f6ver klimatf\u00f6r\u00e4ndringar har lett till Spaniens energi\u00f6verg\u00e5ng till sol- och vindkraft, motiverad av prognoser om mer frekventa v\u00e4rmeb\u00f6ljor, f\u00f6rv\u00e4rrade torkapisoder och d\u00e4rmed sammanh\u00e4ngande belastning p\u00e5 vattenresurser som kan omdefiniera jordbruksm\u00f6nster och hydrologiska balanser.<\/p>\n<p>Sedan 1978 \u00e5rs konstitution har Spanien utvecklats till en sekul\u00e4r parlamentarisk demokrati under en konstitutionell monarki ledd av kung Felipe VI. Denna &#034;sj\u00e4lvstyrelse&#034; ger sjutton autonoma regioner och tv\u00e5 autonoma st\u00e4der bred lagstiftande och verkst\u00e4llande autonomi, d\u00e4r vissa \u2013 n\u00e4mligen Baskien och Navarra \u2013 beh\u00e5ller fullst\u00e4ndiga finanspolitiska befogenheter som \u00e4r f\u00f6rankrade i formella stadgar. Varje region, organiserad i provinser och vidare i kommuner, administrerar sjukv\u00e5rd och utbildning och har i flera fall s\u00e4rskilda polisstyrkor \u2013 bland annat Ertzaintza i Baskien, Mossos d&#039;Esquadra i Katalonien och Polic\u00eda Canaria \u2013 vilket understryker den asymmetriska decentralisering som definierar Spaniens starkt decentraliserade styrning. Trots detta kvarst\u00e5r nationella befogenheter, uppr\u00e4tth\u00e5llna av en robust konstitutionell ram utformad f\u00f6r att balansera enighet och regional m\u00e5ngfald.<\/p>\n<p>Ekonomiskt sett intar Spanien den tolfte platsen globalt sett m\u00e4tt i nominell bruttonationalprodukt \u2013 som \u00f6verstiger en biljon dollar \u00e5rligen \u2013 och rankas som den fj\u00e4rde st\u00f6rsta ekonomin inom euroomr\u00e5det. Ett blandmarknadsparadigm, som inf\u00f6rlivar sociala v\u00e4lf\u00e4rdsbest\u00e4mmelser och strategiska statliga ingripanden, ligger till grund f\u00f6r en m\u00e5ngsidig industriell bas, d\u00e4r bilsektorn \u00e4r ett exempel p\u00e5 dess exportinriktning: \u00e5r 2023 tillverkade Spanien 2,45 miljoner fordon, exporterade \u00f6ver 2,1 miljoner enheter och stod f\u00f6r 18 procent av den nationella exporten. Det resulterande externa \u00f6verskottet p\u00e5 18,8 miljarder euro f\u00f6rst\u00e4rkte sektorns st\u00f6d f\u00f6r n\u00e4stan tv\u00e5 miljoner jobb, eller ungef\u00e4r 9 procent av arbetskraften. Samtidigt \u00e5terspeglar Spaniens avancerade ekonomiklassificering av Internationella valutafonden och h\u00f6ginkomstklassificering fr\u00e5n V\u00e4rldsbanken en stadig expansion. Faktum \u00e4r att Spanien \u00e5r 2024 framstod som den snabbast v\u00e4xande stora avancerade ekonomin i v\u00e4rlden, med tillv\u00e4xttakter som n\u00e4stan fyrdubblades j\u00e4mf\u00f6rt med den i euroomr\u00e5det i stort.<\/p>\n<p>Turism utg\u00f6r en viktig del av den nationella inkomsten, d\u00e5 Spanien v\u00e4lkomnade otroliga 94 miljoner bes\u00f6kare \u00e5r 2024 och genererade cirka 126 miljarder euro i internationella turistint\u00e4kter. Dess m\u00e5ngfaldiga attraktioner \u2013 solkyssta kustlinjer som sveper \u00f6ver Medelhavet och Atlanten, anrika st\u00e4der fulla av arkitektoniskt arv och v\u00e4lutvecklad transportinfrastruktur \u2013 har drivit Spanien till andra plats i globala turistankomster, endast \u00f6vertr\u00e4ffat av Frankrike. V\u00e4rldsturismorganisationen, med huvudkontor i Madrid, st\u00e5r som ett bevis p\u00e5 Spaniens centrala roll i den globala resedebatten. \u00c4ven om sommarm\u00e5naderna lockar massor av folk till andalusiska monument som Alhambra i Granada och Mezquita i C\u00f3rdoba, bel\u00f6nar vistelser utanf\u00f6r s\u00e4songen dem som s\u00f6ker mildare klimat och minskade bes\u00f6ksvolymer, vilket m\u00f6jligg\u00f6r kontemplativt engagemang med monumentala platser och de b\u00f6ljande ving\u00e5rdarna i inlandet.<\/p>\n<p>Spaniens transportn\u00e4tverk \u00e4r fortfarande framst\u00e5ende i Europa och kan skryta med kontinentens l\u00e4ngsta h\u00f6ghastighetst\u00e5glinjer \u2013 3 973 kilometer fr\u00e5n och med februari 2025 \u2013 som f\u00f6rbinder Madrid, Barcelona, \u200b\u200bValencia, Sevilla, M\u00e1laga och Zaragoza med driftshastigheter som n\u00e4rmar sig 330 km\/h. Bland globala konkurrenter \u00e4r det bara Kinas n\u00e4tverk som \u00f6vertr\u00e4ffar Spaniens i l\u00e4ngd, och den spanska h\u00f6ghastighetslinjens ber\u00f6mda punktlighet \u2013 98,5 procents punktlighet \u2013 \u00e4r n\u00e4st b\u00e4st efter Japans Shinkansen. V\u00e4gsystemet, centralt samordnat, str\u00e4cker sig fr\u00e5n Madrid via sex huvudv\u00e4gar, kompletterat av genomfartsleder som l\u00f6per l\u00e4ngs Atlantens, Kantabriens och Medelhavets kuster. Flyginfrastrukturen omfattar 47 offentliga flygplatser, d\u00e4r Madrid-Barajas hanterade 60 miljoner passagerare \u00e5r 2023 \u2013 rankad femtonde globalt och tredje inom Europeiska unionen \u2013 och Barcelona-El Prat som tar emot 50 miljoner resen\u00e4rer.<\/p>\n<p>Demografiskt sett ligger Spaniens befolkningst\u00e4thet p\u00e5 97 inv\u00e5nare per kvadratkilometer efter den i de flesta v\u00e4steuropeiska l\u00e4nder, med en stark f\u00f6rdelning l\u00e4ngs kustkorridorer och Madrid-stadsregionen. Fertilitetsniv\u00e5erna har dock minskat till 1,12 barn per kvinna fr\u00e5n och med 2023 \u2013 l\u00e5ngt under ers\u00e4ttningsniv\u00e5erna \u2013 och ger Spanien en av v\u00e4rldens \u00e4ldsta befolkningar, med en median\u00e5lder p\u00e5 43,1 \u00e5r. Inf\u00f6dda spanjorer utg\u00f6r cirka 80,7 procent av inv\u00e5narna, medan invandrare \u2013 som utg\u00f6r \u00f6ver 19 procent av befolkningen \u2013 huvudsakligen kommer fr\u00e5n Latinamerika (39 procent), Nordafrika (16 procent) och \u00d6steuropa (15 procent), med ytterligare infl\u00f6den fr\u00e5n Afrika s\u00f6der om Sahara och Asien. Denna demografiska mosaik, berikad av l\u00e5ngvariga diasporaband och kulturell pluralism, har fyllt Spaniens stadscentra med spr\u00e5klig, kulinarisk och social heterogenitet.<\/p>\n<p>Spaniens kulturella v\u00e4v \u00e4r sammanv\u00e4vd med \u00e5rtusenden av religi\u00f6sa, kejserliga och konstn\u00e4rliga str\u00f6mningar. Den katolska kyrkan, central f\u00f6r halv\u00f6ns medeltida och moderna identitet, har testamenterat ett arkitektoniskt arv av katedraler, kloster och processionstraditioner. Moriska influenser lever vidare i stuckaturprydda palats \u2013 framf\u00f6r allt La Alhambra \u2013 och i Mud\u00e9jar-stilen, som f\u00f6renade islamiska, kristna och judiska estetiska principer. Den successiva uppg\u00e5ngen av ren\u00e4ssans- och barockformer gav upphov till storslagna kyrkliga byggnader i Salamanca, Sevilla och \u00dabeda, medan modernismen blomstrade i Barcelona i b\u00f6rjan av 1900-talet under den vision\u00e4re Antoni Gaud\u00ed. Samtida spanska arkitekter \u2013 bland dem Rafael Moneo, Ricardo Bofill och Santiago Calatrava \u2013 har uppn\u00e5tt internationellt erk\u00e4nnande, vilket ytterligare h\u00f6jt Spaniens arkitektoniska profil.<\/p>\n<p>Kulinariska uttryck i Spanien delas in i tre huvudsakliga regionala traditioner: Medelhavskusten, d\u00e4r skaldjurs- och risr\u00e4tter som paella och arr\u00f2s negre dominerar; Inre Kastilien, som k\u00e4nnetecknas av rej\u00e4la grytor som cocido madrile\u00f1o och konserverade charkuterier som jam\u00f3n ib\u00e9rico; och den atlantiska norra delen, d\u00e4r fiskbaserade guisos \u2013 caldo gallego och marmitako bland dem \u2013 och l\u00e4ttr\u00f6kt lac\u00f3n-skinka firar havets \u00f6verfl\u00f6d. Nationens olivolja, som odlas i solbelysta andalusiska lundar, fungerar som det viktigaste mediet f\u00f6r b\u00e5de matlagning och smaks\u00e4ttning. Festivaler pr\u00e4glar ocks\u00e5 den kulturella kalendern: San Ferm\u00edns \u00e5rliga procession i Pamplona, \u200b\u200bLa Tomatinas tomatkastande festligheter, Valencias Fallas-pyroteknik och Andalusiens processioner under den heliga veckan illustrerar djupet av gemensamma ritualer och prakt.<\/p>\n<p>Urbana Spanien sv\u00e4mmar \u00f6ver av kulturarvsst\u00e4der vars monumentala k\u00e4rnor \u00e5terspeglar lager av er\u00f6vring, handel och kreativitet. C\u00f3rdobas r\u00f6dvita valv vittnar om kalifalernas prakt; Sevillas katedral och Alc\u00e1zar p\u00e5minner om dess guld\u00e5lders hamnf\u00f6rbindelser med Amerika; Toledos slingrande gr\u00e4nder p\u00e5 kullarna frammanar dess medeltida roll som den tidigare visigotiska och sedan kastilianska huvudstaden; och Santiago de Compostela \u00e4r fortfarande den kulminerande helgedomen f\u00f6r Jakobsv\u00e4gen, dess romanska fasader utstr\u00e5lar helig tyngd. I norr ligger Bilbaos Guggenheimmuseum \u2013 en titankl\u00e4dd symbol f\u00f6r postindustriell ren\u00e4ssans \u2013 bredvid det medeltida kvarteret Vitoria-Gasteiz; Barcelonas Barri G\u00f2tic erbjuder gotiska valvklosterg\u00e5ngar och modernistiska fasader i en enda urban tabl\u00e5.<\/p>\n<p>Spaniens museer, samlingar av dess konstn\u00e4rliga arv, sp\u00e4nner \u00f6ver epoker fr\u00e5n El Grecos avl\u00e5nga figurer till Picassos kubistiska bristningar och Dalis surrealistiska f\u00f6rvr\u00e4ngningar. Madrids Prado bevarar kungliga samlingar och inrymmer m\u00e4sterverk av Vel\u00e1zquez, Goya och Rubens, medan det intilliggande Reina Sof\u00eda visar upp 1900-talets ber\u00f6mda verk, mest k\u00e4nt f\u00f6r Picassos Guernica. Barcelonas Picasso-museum sp\u00e5rar m\u00e5larens formande \u00e5r, och M\u00e1laga \u2013 Picassos f\u00f6delseplats \u2013 hedrar hans arv med dedikerade institutioner. Figueres g\u00f6r anspr\u00e5k p\u00e5 Dalis sj\u00e4lvbetitlade museum, skapat av konstn\u00e4ren sj\u00e4lv, och Bilbaos Guggenheim har blivit en ikon f\u00f6r samtida konst och arkitektur.<\/p>\n<p>Spanien, med sitt vidstr\u00e4ckta territorium och sin rikedom av traditioner, trotsar en reduktiv sammanfattning. Dess sammansatta identitet \u2013 formad av romerska v\u00e4gar, visigotiska kungad\u00f6men, islamiska emirat och Habsburgska hov \u2013 forts\u00e4tter att utvecklas genom de centrifugala krafterna av regional autonomi och den centripetaliska dragningskraften av nationell enhet. \u00c5rstidernas f\u00f6ljd avsl\u00f6jar nya fasetter: vinterns dimma \u00f6ver Sierra Nevada, v\u00e5rens upplopp av mandelblommor p\u00e5 Mallorca, sommarens kristallklara vatten l\u00e4ngs Costa Brava och h\u00f6stens kromatiska f\u00f6rvandling av ving\u00e5rdarna i La Rioja. I varje provins och kommun lever Spaniens m\u00e5ngsidiga arv vidare och inbjuder resen\u00e4ren att inte s\u00f6ka efter mytiska hemligheter, utan att med ett informerat \u00f6ga observera det best\u00e5ende samspelet mellan d\u00e5tid och nutid i ett land som st\u00e4ndigt f\u00f6rblir levande f\u00f6r sitt eget s\u00e4genomspunna arv.<\/p>","protected":false},"excerpt":{"rendered":"<p>Spanien, formellt kallat Konungariket Spanien, \u00e4r en nation som k\u00e4nnetecknas av anm\u00e4rkningsv\u00e4rd m\u00e5ngfald och historisk betydelse bel\u00e4gen i sydv\u00e4stra Europa. St\u00f6rre delen av den iberiska halv\u00f6n ockuperas av Spanien, vars strategiska position vid korsningen av Europa och Afrika har i h\u00f6g grad p\u00e5verkat dess tidigare utveckling. Med en befolkning p\u00e5 cirka 47 miljoner \u00e5r 2023 \u00e4r Spanien det fj\u00e4rde mest befolkade landet i s\u00f6dra Europa och en medlemsstat i Europeiska unionen. Territoriet t\u00e4cker fastlandet, Balearerna i Medelhavet, Kanarie\u00f6arna i Atlanten och de suver\u00e4na st\u00e4derna Ceuta och Melilla vid Nordafrikas kust.<\/p>","protected":false},"author":1,"featured_media":3935,"parent":24078,"menu_order":0,"comment_status":"closed","ping_status":"closed","template":"elementor_theme","meta":{"_eb_attr":"","footnotes":""},"class_list":["post-13090","page","type-page","status-publish","has-post-thumbnail"],"_links":{"self":[{"href":"https:\/\/travelshelper.com\/sv\/wp-json\/wp\/v2\/pages\/13090","targetHints":{"allow":["GET"]}}],"collection":[{"href":"https:\/\/travelshelper.com\/sv\/wp-json\/wp\/v2\/pages"}],"about":[{"href":"https:\/\/travelshelper.com\/sv\/wp-json\/wp\/v2\/types\/page"}],"author":[{"embeddable":true,"href":"https:\/\/travelshelper.com\/sv\/wp-json\/wp\/v2\/users\/1"}],"replies":[{"embeddable":true,"href":"https:\/\/travelshelper.com\/sv\/wp-json\/wp\/v2\/comments?post=13090"}],"version-history":[{"count":0,"href":"https:\/\/travelshelper.com\/sv\/wp-json\/wp\/v2\/pages\/13090\/revisions"}],"up":[{"embeddable":true,"href":"https:\/\/travelshelper.com\/sv\/wp-json\/wp\/v2\/pages\/24078"}],"wp:featuredmedia":[{"embeddable":true,"href":"https:\/\/travelshelper.com\/sv\/wp-json\/wp\/v2\/media\/3935"}],"wp:attachment":[{"href":"https:\/\/travelshelper.com\/sv\/wp-json\/wp\/v2\/media?parent=13090"}],"curies":[{"name":"wp","href":"https:\/\/api.w.org\/{rel}","templated":true}]}}