{"id":13072,"date":"2024-09-17T12:09:27","date_gmt":"2024-09-17T12:09:27","guid":{"rendered":"https:\/\/travelshelper.com\/staging\/?page_id=13072"},"modified":"2026-03-12T23:47:06","modified_gmt":"2026-03-12T23:47:06","slug":"andermatt","status":"publish","type":"page","link":"https:\/\/travelshelper.com\/sv\/destinations\/europe\/switzerland\/andermatt\/","title":{"rendered":"Andermatt"},"content":{"rendered":"<p>Andermatt, en bergsby och kommun bel\u00e4gen 1 437 meter \u00f6ver havet, har ett centralt l\u00e4ge i Saint-Gotthard-massivet och fungerar som den historiska knutpunkten f\u00f6r Schweiz nord-sydliga och \u00f6st-v\u00e4stliga rutter. Med en befolkning p\u00e5 1 527 \u00e5r 2020 och en yta p\u00e5 62,2 kvadratkilometer ligger den cirka 28 kilometer s\u00f6der om Altdorf, kantonhuvudstaden i Uri, och f\u00f6rankrar floden Reuss k\u00e4llfl\u00f6den i Urserendalen.<\/p>\n<p>Omgivet av Adula-alpernas toppar presenterar Andermatt en tabl\u00e5 av alpin terr\u00e4ng d\u00e4r 40,8 procent av marken anv\u00e4nds som jordbruksmark och 5,5 procent f\u00f6rblir t\u00e4ckt av skog, medan 52 procent st\u00e5r improduktivt och definieras av floder, glaci\u00e4rer och branta sluttningar. Denna sammans\u00e4ttning, m\u00e4tt i 2006 \u00e5rs unders\u00f6kning, \u00e5terspeglar en dal formad av glacial aktivitet och \u00e5rhundraden av betesmarksanv\u00e4ndning, d\u00e4r alpina \u00e4ngar viker f\u00f6r klippiga utspr\u00e5ng som \u00e4r f\u00f6r ol\u00e4ndiga f\u00f6r vegetation och smala korridorer kanaliserar Reuss mot Sch\u00f6llenen-ravinen, en brant sluttning som f\u00f6rbinder byn med G\u00f6schenen och s\u00e5 sm\u00e5ningom med Urnersee vid Vierwaldst\u00e4ttersj\u00f6n.<\/p>\n<p>Fr\u00e5n starten som en korridor som f\u00f6rbinder \u00f6stra kantoner som Graub\u00fcnden (genom Oberalppasset p\u00e5 2 044 meter) och v\u00e4stra regioner inklusive Valais (via Furkapasset p\u00e5 2 436 meter) till sin roll i att f\u00f6rbinda Ticino via Sankt Gotthardpasset p\u00e5 2 106 meter, har Andermatt uppr\u00e4tth\u00e5llit sin funktion som en korsv\u00e4g sedan b\u00f6rjan av 1200-talet, d\u00e5 \u00f6ppnandet av Sch\u00f6llenen-rutten formaliserade Gotthard-f\u00f6rbindelsen. Dessa bergspassager \u2013 tillsammans med den formidabla Sch\u00f6llenenravinen som b\u00e4r Dj\u00e4vulens bro \u2013 har inramat byn som b\u00e5de v\u00e4gpunkt och v\u00e4ktare av alpina transitv\u00e4gar.<\/p>\n<p>Arkeologiska bevis tyder p\u00e5 m\u00e4nsklig n\u00e4rvaro i Urserendalen s\u00e5 tidigt som 4000 f.Kr., med neolitiska artefakter som vittnar om bos\u00e4ttning av j\u00e4gare-samlare; under romerskt styre var den h\u00f6ga dalen sannolikt v\u00e4rd f\u00f6r helvetiska keltiska stammar, \u00e4ven om grunden f\u00f6r dagens Andermatt kan sp\u00e5ras till alemanniska Walser-migranter som, i s\u00f6kandet efter betesmarker och tillflykt p\u00e5 h\u00f6g h\u00f6jd, etablerade byar som skulle sammansm\u00e4lta runt en blygsam socken som n\u00e4mns 1203 som &#034;de Prato&#034; och senare, 1290, som &#034;A der Matte&#034;.<\/p>\n<p>Tillh\u00f6righeten till det benediktinska klostret Disentis styrde det lokala livet i \u00e5rhundraden; den kyrkliga tillsynen bestod fram till 1649, d\u00e5 det framv\u00e4xande Schweiziska edsf\u00f6rbundet \u00f6verf\u00f6rde andlig jurisdiktion till civila h\u00e4nder, vilket \u00e5terspeglade bredare f\u00f6r\u00e4ndringar i schweiziskt styre. \u00c4nd\u00e5 str\u00e4ckte sig dalens strategiska relevans bortom pr\u00e4sterliga angel\u00e4genheter: p\u00e5 St Patrick&#039;s Day 1608 f\u00f6rlorade irl\u00e4ndska jarlar som reste \u00f6ver St Gotthard-passet enligt uppgift en skatt av guld vid Dj\u00e4vulens bro, en h\u00e4ndelse som f\u00f6revigats i lokal tradition som den f\u00f6rlorade skatten i St Gotthard-passet, \u00e4ven om ingen \u00e5tervinning har registrerats.<\/p>\n<p>Sch\u00f6llenens topografi f\u00f6rmedlar mer \u00e4n myt, f\u00f6r \u00e5r 1799 ledde den ryske generalen Alexander Suvorov trupper genom ravinen under sitt alpina f\u00e4ltt\u00e5g; ett minnesmonument n\u00e4ra Andermatt hedrar den m\u00f6dosamma \u00f6verfarten, dess polerade sten \u00e4r inristad med minnet av soldater som uth\u00e4rdade bergets krav. Tv\u00e5 decennier senare, fr\u00e5n 1818 till 1831, blev Sankt Gotthardsrutten g\u00e5ngbar f\u00f6r diligensresor; som den sista fristaden f\u00f6re toppen gynnades Andermatt av en blomstrande spa-ekonomi, med bes\u00f6kare som lockades av termiska behandlingar och l\u00f6ftet om h\u00e4lsosam luft.<\/p>\n<p>Invigningen av j\u00e4rnv\u00e4gstunneln St. Gotthard 1881 omdirigerade kollektivtrafiken under dalbotten och \u00f6versv\u00e4mmade Andermatts roll som den fr\u00e4msta alpina genomfartsleden. Byggandet, som kr\u00e4vde liv bland lokala arbetare och ledde till oroligheter som d\u00e4mpades av milit\u00e4r intervention, inledde en era d\u00e5 t\u00e5g passerade byn ovanf\u00f6r. \u00c4nd\u00e5 anpassade sig Andermatt: \u00e5r 1885 uts\u00e5g den schweiziska federala arm\u00e9n den till garnisonsstad, uppf\u00f6rde underjordiska kommandoanl\u00e4ggningar utformade f\u00f6r krigstids motst\u00e5ndskraft och etablerade senare ett tr\u00e4ningscenter som fortfarande \u00e4r en plats f\u00f6r milit\u00e4r utbildning.<\/p>\n<p>Planer f\u00f6r att d\u00e4mma upp Urserendalen f\u00f6r vattenkraftsreservoarer utvecklades 1946, vilket v\u00e4ckte beslutsamt motst\u00e5nd som \u00e5r 1950 stoppade utvecklingen i Andermatt och omdirigerade projektet till det angr\u00e4nsande G\u00f6schenertal. Denna episod understryker det lokala engagemanget f\u00f6r landskapsbevarande, \u00e4ven n\u00e4r dalen utstod utmaningar fr\u00e5n naturens f\u00f6r\u00e4nderlighet, s\u00e4rskilt under vintrarna 1951 och 1975 n\u00e4r laviner drog ner \u00f6ver bostadsomr\u00e5den, orsakade skador och kr\u00e4vde liv.<\/p>\n<p>Den ekonomiska f\u00f6rm\u00f6genheten avtog p\u00e5 1930-talet i takt med att den alpina turismen drogs mot etablerade semesterorter, och m\u00e5nga hotell i Ursental \u2013 bland dem de som byggdes av familjen M\u00fcller, \u00e4gare till Grand Hotel Bellevue och andra etablissemang som en g\u00e5ng l\u00e5g utspridda i dalen \u2013 tystnade eller bytte syfte; sj\u00e4lva Bellevue, som omvandlades till l\u00e4genheter p\u00e5 1970-talet, stod \u00f6vergiven 1990 innan den kontrollerade rivningen.<\/p>\n<p>En \u00e5teruppg\u00e5ng uppstod mot slutet av 1900-talet, n\u00e4r Andermatt ompositionerade sig som ett alternativ till exklusiva skiddestinationer och anammade en utvecklingsstrategi som l\u00e4nkade samman byns N\u00e4tschen-backar med Gemsstock p\u00e5 dess s\u00f6dra flank och, via Glacier Express, ansl\u00f6t till Sedrun och Disentis f\u00f6r att bilda ett sammankopplat n\u00e4tverk av skidorter som \u00e4r \u00f6ppna \u00e5ret runt. Alliansen Andermatt-Sedrun-Disentis, f\u00f6renad under Matterhorn Gotthard Bahns beskydd, \u00e5terspeglar 2000-talets ambitioner, st\u00e4rkta av j\u00e4rnv\u00e4gstillg\u00e4nglighet som ytterligare integrerar N\u00e4tschen med Oberalps pister \u2013 som f\u00f6r n\u00e4rvarande endast kan n\u00e5s med t\u00e5g \u2013 och lovar ut\u00f6kade skidresplaner.<\/p>\n<p>Denna omvandling f\u00f6ljde med incitaments\u00e5tg\u00e4rder f\u00f6r fastigheter; undantaget fr\u00e5n Lex Koller-restriktioner genom federalt dekret 2006 till\u00e4t Andermatt i de schweiziska alperna utl\u00e4ndska medborgare att f\u00f6rv\u00e4rva fastigheter utan s\u00e4rskilt tillst\u00e5nd fram till 2040, vilket m\u00f6jliggjorde en investering p\u00e5 1,8 miljarder SFr ledd av entrepren\u00f6ren Samih Sawiris och lockade internationella k\u00f6pare, s\u00e4rskilt amerikanska investerare vars l\u00e4genhetsk\u00f6p i b\u00f6rjan av 2025, v\u00e4rderade till 14,2 miljoner SFr, svarade p\u00e5 geopolitiska os\u00e4kerheter utomlands.<\/p>\n<p>Demografiskt har byn v\u00e4xlat mellan 605 inv\u00e5nare \u00e5r 1799 och 1 589 \u00e5r 1970, minskat till 1 282 \u00e5r 2000 och justerats till 1 527 i slutet av 2020. Tyska dominerar som lokalt spr\u00e5k (95,2 procent \u00e5r 2000), \u00e5tf\u00f6ljt av blygsamma portugisiska och italienska grupper, och en tiondel av inv\u00e5narna har icke-schweiziskt medborgarskap; utbildningsniv\u00e5n \u00e4r h\u00f6g, med tre fj\u00e4rdedelar av de i \u00e5ldern 25 till 64 som har avslutat gymnasie- eller h\u00f6gskolestudier, och en arbetsl\u00f6shet p\u00e5 under en procent. Ekonomiskt sett syssels\u00e4tter den prim\u00e4ra sektorn 51 anst\u00e4llda i 22 f\u00f6retag, den sekund\u00e4ra sektorn syssels\u00e4tter 90 personer i 13 f\u00f6retag och den h\u00f6gre sektorn syssels\u00e4tter 599 anst\u00e4llda i 78 f\u00f6retag.<\/p>\n<p>Klimatiskt upplever Andermatt en subarktisk regim (&#034;dfc&#034; enligt K\u00f6ppen), med ett \u00e5rligt genomsnitt p\u00e5 139,4 regndagar vilket ger 1 423 millimeter nederb\u00f6rd mellan 1991 och 2020. November registrerar den h\u00f6gsta nederb\u00f6rden med 142 millimeter under 11,8 dagar, juni registrerar de vanligaste nederb\u00f6rdsh\u00e4ndelserna med 13,2 dagar och 131 millimeter, och februari \u00e4r fortfarande den torraste, med 91 millimeter under 11,4 dagar.<\/p>\n<p>Vinteraktiviteter kretsar kring tv\u00e5 huvudsakliga skidomr\u00e5den: N\u00e4tschen, som reser sig i nordost och \u00e4r tillg\u00e4ngligt med j\u00e4rnv\u00e4g, och Gemsstock i s\u00f6der, b\u00e5da med liftf\u00f6rs\u00f6rjda backar och dalnedfarter som \u00e4r tillg\u00e4ngliga fram till mitten av mars. Entusiaster uppskattar de offpist-nedfarter och djupsn\u00f6f\u00f6rh\u00e5llanden som k\u00e4nnetecknar dessa berg, och strategiska planer omfattar enhetliga skidbanor som inf\u00f6rlivar Oberalps nedfarter.<\/p>\n<p>Kulturellt sett introducerade Andermatt en specialbyggd konsertsal, den f\u00f6rsta konstplatsen utformad specifikt f\u00f6r en alpby, invigd under ledning av Constantinos Carydis som ledde Berlinfilharmonikerna. Hallen, designad av Christina Seilern och finansierad av Sawiris, symboliserar Andermatts utveckling fr\u00e5n transportknutpunkt till centrum f\u00f6r alpin konst, vilket bekr\u00e4ftar dess f\u00f6rm\u00e5ga att vara v\u00e4rd f\u00f6r f\u00f6rest\u00e4llningar av internationell kaliber i sin bergsmilj\u00f6.<\/p>\n<p>Genom sin kronologi har Andermatt navigerat genom skiftande str\u00f6mmar av transport, konflikter och handel, och bevarat en distinkt alpin karakt\u00e4r \u00e4ven n\u00e4r dess ekonomi och samh\u00e4lle anpassar sig till moderna krav. Dess dal, genomsn\u00f6rd av gamla rutter och moderna j\u00e4rnv\u00e4gar, balanserad mellan odling och ol\u00e4ndig terr\u00e4ng, f\u00f6rblir symbolisk f\u00f6r Schweiz komplexa samspel mellan topografi och m\u00e4nsklig str\u00e4van, och inbjuder till observationer som \u00f6verskrider ren turism f\u00f6r att beakta uth\u00e5lligheten hos h\u00f6gt bel\u00e4gna samh\u00e4llen.<\/p>\n<table>\n<thead>\n<tr>\n<th>Kategori<\/th>\n<th>Information<\/th>\n<\/tr>\n<\/thead>\n<tbody>\n<tr>\n<td>Plats<\/td>\n<td>Andermatt, Schweiz (Centralschweiz, Uri)<\/td>\n<\/tr>\n<tr>\n<td>Resortens h\u00f6jd<\/td>\n<td>1 444 m \u2013 2 600 m (4 738 fot \u2013 8 530 fot)<\/td>\n<\/tr>\n<tr>\n<td>Skids\u00e4song<\/td>\n<td>Mitten av december till b\u00f6rjan av april<\/td>\n<\/tr>\n<tr>\n<td>Liftkortspriser<\/td>\n<td>Vuxen: 89 CHF (95 \u20ac), Ungdom: 63 CHF (67 \u20ac), Barn: 45 CHF (48 \u20ac)<\/td>\n<\/tr>\n<tr>\n<td>\u00d6ppettider<\/td>\n<td>08:45 &#8211; 16:45<\/td>\n<\/tr>\n<tr>\n<td>Antal pister<\/td>\n<td>Totalt 70 km (43,5 miles).<\/td>\n<\/tr>\n<tr>\n<td>Total pistl\u00e4ngd<\/td>\n<td>70 km (43,5 miles)<\/td>\n<\/tr>\n<tr>\n<td>L\u00e4ngsta loppet<\/td>\n<td>Inte specificerat i uppgifterna<\/td>\n<\/tr>\n<tr>\n<td>Enkla backar<\/td>\n<td>18 km (26 %)<\/td>\n<\/tr>\n<tr>\n<td>M\u00e5ttliga backar<\/td>\n<td>40 km (57 %)<\/td>\n<\/tr>\n<tr>\n<td>Avancerade backar<\/td>\n<td>12 km (17 %)<\/td>\n<\/tr>\n<tr>\n<td>Riktning av backarna<\/td>\n<td>\/<\/td>\n<\/tr>\n<tr>\n<td>Nattskid\u00e5kning<\/td>\n<td>Tillg\u00e4nglig (SnowNight Sedrun)<\/td>\n<\/tr>\n<tr>\n<td>Sn\u00f6tillverkning<\/td>\n<td>Tillg\u00e4nglig<\/td>\n<\/tr>\n<tr>\n<td>Totala lyft<\/td>\n<td>13<\/td>\n<\/tr>\n<tr>\n<td>Uppf\u00f6rskapacitet<\/td>\n<td>\/<\/td>\n<\/tr>\n<tr>\n<td>H\u00f6gsta lyft<\/td>\n<td>2 600 m (8 530 fot)<\/td>\n<\/tr>\n<tr>\n<td>Gondoler\/linbanor<\/td>\n<td>1<\/td>\n<\/tr>\n<tr>\n<td>Stolliftar<\/td>\n<td>3<\/td>\n<\/tr>\n<tr>\n<td>Draliftar<\/td>\n<td>8<\/td>\n<\/tr>\n<tr>\n<td>Snow Parks<\/td>\n<td>Tillg\u00e4nglig<\/td>\n<\/tr>\n<tr>\n<td>Skiduthyrning<\/td>\n<td>Tillg\u00e4nglig<\/td>\n<\/tr>\n<tr>\n<td>Afterski<\/td>\n<td>Tillg\u00e4nglig (klassad som en toppfunktion)<\/td>\n<\/tr>\n<\/tbody>\n<\/table>\n<article>\n<\/article>","protected":false},"excerpt":{"rendered":"<p>Andermatt, bel\u00e4get i de schweiziska alperna, \u00e4r ett bevis p\u00e5 den best\u00e5ende lockelsen hos bergsbyar i Schweiz. Bel\u00e4gen i kantonen Uri, har denna vackra stad en befolkning p\u00e5 n\u00e4stan 1 500 inv\u00e5nare och fungerar som en viktig knutpunkt i den komplexa schweiziska geografin. Med en h\u00f6jd p\u00e5 1 437 meter \u00f6ver havet \u00e4r Andermatt epicentrum f\u00f6r Saint-Gotthard-massivet, en geologisk formation som har format inte bara den fysiska terr\u00e4ngen utan ocks\u00e5 omr\u00e5dets historiska och kulturella v\u00e4rde.<\/p>","protected":false},"author":1,"featured_media":2748,"parent":12907,"menu_order":0,"comment_status":"closed","ping_status":"closed","template":"elementor_theme","meta":{"_eb_attr":"","footnotes":""},"class_list":["post-13072","page","type-page","status-publish","has-post-thumbnail"],"_links":{"self":[{"href":"https:\/\/travelshelper.com\/sv\/wp-json\/wp\/v2\/pages\/13072","targetHints":{"allow":["GET"]}}],"collection":[{"href":"https:\/\/travelshelper.com\/sv\/wp-json\/wp\/v2\/pages"}],"about":[{"href":"https:\/\/travelshelper.com\/sv\/wp-json\/wp\/v2\/types\/page"}],"author":[{"embeddable":true,"href":"https:\/\/travelshelper.com\/sv\/wp-json\/wp\/v2\/users\/1"}],"replies":[{"embeddable":true,"href":"https:\/\/travelshelper.com\/sv\/wp-json\/wp\/v2\/comments?post=13072"}],"version-history":[{"count":0,"href":"https:\/\/travelshelper.com\/sv\/wp-json\/wp\/v2\/pages\/13072\/revisions"}],"up":[{"embeddable":true,"href":"https:\/\/travelshelper.com\/sv\/wp-json\/wp\/v2\/pages\/12907"}],"wp:featuredmedia":[{"embeddable":true,"href":"https:\/\/travelshelper.com\/sv\/wp-json\/wp\/v2\/media\/2748"}],"wp:attachment":[{"href":"https:\/\/travelshelper.com\/sv\/wp-json\/wp\/v2\/media?parent=13072"}],"curies":[{"name":"wp","href":"https:\/\/api.w.org\/{rel}","templated":true}]}}