{"id":12913,"date":"2024-09-17T00:30:14","date_gmt":"2024-09-17T00:30:14","guid":{"rendered":"https:\/\/travelshelper.com\/staging\/?page_id=12913"},"modified":"2026-03-13T00:07:31","modified_gmt":"2026-03-13T00:07:31","slug":"luzern","status":"publish","type":"page","link":"https:\/\/travelshelper.com\/sv\/destinations\/europe\/switzerland\/lucerne\/","title":{"rendered":"Luzern"},"content":{"rendered":"<p>Luzern, bel\u00e4get vid den plats d\u00e4r floden Reuss rinner ut ur Vierwaldst\u00e4ttersj\u00f6ns v\u00e4stra \u00e4nde, fungerar som det administrativa hj\u00e4rtat i sin sj\u00e4lvbetitlade kanton och \u00e4r den mest befolkade urbana k\u00e4rnan i centrala Schweiz. Med en yta p\u00e5 29,1 km\u00b2 och cirka 82 771 inv\u00e5nare inom sina kommungr\u00e4nser (med den bredare t\u00e4torten som str\u00e4cker sig \u00f6ver 19 kommuner och omfattar cirka 220 000 inv\u00e5nare), upptar staden b\u00e5da flodens str\u00e4nder omedelbart nedstr\u00f6ms sj\u00f6ns mynning. Flankerad av de sn\u00f6t\u00e4ckta topparna Pilatus i sydv\u00e4st och Rigi i sydost, har Luzern ett strategiskt l\u00e4ge i den tysktalande delen av Schweiz, vilket under \u00e5rhundraden har fr\u00e4mjat dess framv\u00e4xt som ett centrum f\u00f6r ekonomisk str\u00e4van, kulturellt st\u00f6d och transportutbyte.<\/p>\n<p>\u00c4nda sedan dess tidigaste dagar har Luzerns topografi dikterat dess utveckling. Huvudstaden ligger gr\u00e4nsande \u00f6ver den smalaste delen av Vierwaldst\u00e4ttersj\u00f6n, d\u00e4r vattnets lugna vidstr\u00e4ckta yta bryter sig in i Reuss slingrande lopp, som skapar en stig genom skogskl\u00e4dda kullar i nordost och sydv\u00e4st. Bortom den sammanh\u00e4ngande stadsutbredning ligger kantonens enklav p\u00e5 de norra sluttningarna av B\u00fcrgenstock-udden, cirka \u00e5tta kilometer bort, endast tillg\u00e4nglig med b\u00e5t eller omv\u00e4gar i bergen. \u00c4ven om den saknar betydande bebyggelse vittnar denna skogsbygd om kommunens varierade fysiografi och n\u00e5r sin h\u00f6jdpunkt vid B\u00fcrgenstocks klippiga topp. Inom den sammanh\u00e4ngande k\u00e4rnan upptar jordbruksf\u00f6retag fortfarande 28,0 procent av marken, medan skogar t\u00e4cker 22,3 procent; den bebyggda milj\u00f6n g\u00f6r anspr\u00e5k p\u00e5 47,6 procent, och floder eller branta sluttningar fyller de \u00e5terst\u00e5ende 2,1 procenten av territoriet.<\/p>\n<p>Klimatet, klassificerat som Cfb enligt K\u00f6ppens system, uppvisar milda termiska variationer och riklig nederb\u00f6rd utspridd \u00f6ver hela \u00e5ret. Mellan 1961 och 1990 registrerade Luzern i genomsnitt 138,1 regndagar per \u00e5r, med en kumulativ nederb\u00f6rd p\u00e5 1 171 mm. Juni visade sig vara den mest gener\u00f6sa m\u00e5naden med 153 mm under 14,2 dagar, medan februari, med 61 mm under 10,2 dagar, var den torraste m\u00e5naden. S\u00e5dan klimatisk regelbundenhet har historiskt sett bidragit till regionens jordbruksproduktivitet och gett n\u00e4ring \u00e5t skogarna som t\u00e4cker sluttningarna och bildar en gr\u00f6nskande bakgrund f\u00f6r stadens speglade strandpromenad och skogskl\u00e4dda sluttningar.<\/p>\n<p>Demografiskt har Luzern upplevt en stadig tillv\u00e4xt, med en befolknings\u00f6kning p\u00e5 cirka 1,2 procent \u00e5rligen under det senaste decenniet. Den 31 december 2021 utgjorde utl\u00e4ndska medborgare 24,78 procent av inv\u00e5narna, huvudsakligen av europeiskt ursprung (18,22 procent), f\u00f6ljt av asiatiska (3,63 procent), afrikanska (1,85 procent) och amerikanska (0,97 procent). Tyska \u00e4r fortfarande dominerande och talas som f\u00f6rsta spr\u00e5k av 83,26 procent av inv\u00e5narna, medan engelska (7,45 procent), italienska (5,06 procent) och serbokroatiska (3,80 procent) upptar n\u00e4sta niv\u00e5; portugisiska, spanska, albanska och franska bidrar ocks\u00e5 till stadens flerspr\u00e5kiga v\u00e4v. \u00c5ldersf\u00f6rdelningen snedvrids mot vuxna i arbetsf\u00f6r \u00e5lder: 15,7 procent \u00e4r under tjugo, 33,8 procent faller mellan tjugo och trettionio \u00e5r och 32,1 procent upptar \u00e5ldersgruppen fyrtio till sextiofyra; Seniorer st\u00e5r f\u00f6r 19,4 procent av befolkningen, varav 5,2 procent \u00e4r \u00e5ttio\u00e5ringar och 1,1 procent nittio\u00e5ringar.<\/p>\n<p>M\u00f6nstren i hush\u00e5llssammans\u00e4ttning och bebyggd form \u00e5terspeglar Luzerns urbana mognad. Av cirka 30 586 hush\u00e5ll som registrerades \u00e5r 2000 stod enpersonsbost\u00e4der f\u00f6r 50,5 procent, medan stora hush\u00e5ll (fem eller fler medlemmar) endast representerade 2,8 procent. Antalet bebodda byggnader uppgick till totalt 5 707, omfattande 1 152 frist\u00e5ende hus, 348 parhus och 2 550 flerfamiljshus. Byggnader med tv\u00e5 eller tre v\u00e5ningar dominerade, \u00e4ven om h\u00f6ghus (fyra eller fler v\u00e5ningar) uppgick till 1 721 och env\u00e5ningsbyggnader 74. S\u00e5dan m\u00e5ngfald i form visar b\u00e5de stadens medeltida k\u00e4rna och dess expansion under industrialiseringen och modern tillv\u00e4xt.<\/p>\n<p>Utbildningen n\u00e5r anm\u00e4rkningsv\u00e4rda h\u00f6jder, med 73,6 procent av Luzernborna i \u00e5ldern tjugofem till sextiofyra som har icke-obligatoriska gymnasie- eller h\u00f6gskolekvalifikationer. Ekonomiskt dominerar den h\u00f6gre sektorn och tillhandah\u00e5ller 70 149 jobb i 6 929 f\u00f6retag fr\u00e5n och med 2012. Den sekund\u00e4ra sektorn syssels\u00e4tter 7 326 personer i 666 f\u00f6retag, medan prim\u00e4rsektorns roller \u2013 till stor del inom jordbruk och skogsbruk \u2013 bara uppg\u00e5r till 166 inom 53 f\u00f6retag. Syssels\u00e4ttningsdeltagandet ligger p\u00e5 51,7 procent av kommunbefolkningen, balanserat av en n\u00e4stan j\u00e4mn k\u00f6nsf\u00f6rdelning p\u00e5 47,9 procent kvinnorepresentation. Socialbidraget n\u00e5dde 11,0 procent \u00e5r 2013, vilket \u00e5terspeglar b\u00e5de v\u00e4lf\u00e4rdsst\u00f6dstrukturer och levnadskostnaderna i st\u00e4derna.<\/p>\n<p>Lucernes kommersiella landskap \u00e4r hemvist f\u00f6r b\u00e5de ansedda schweiziska f\u00f6retag och internationella storf\u00f6retag. Gotthard-j\u00e4rnv\u00e4gen (AlpTransit), hisstillverkaren Schindler, urmakaren Chronoswiss, mejerij\u00e4tten Emmi och Luzerner Kantonalbank har sina huvudkontor inom stadsgr\u00e4nserna. Suva, landets fr\u00e4msta olycksfallsf\u00f6rs\u00e4kringsbolag, och EF Education First ut\u00f6kar f\u00f6retagslistan ytterligare. Kantonens finanspolitik, k\u00e4nd f\u00f6r successiva skattes\u00e4nkningar, ger Lucerne utm\u00e4rkelsen Schweiz mest f\u00f6retagsv\u00e4nliga kanton, med den l\u00e4gsta kantonala bolagsskattesatsen som registrerades 2012 och endast en marginell skillnad p\u00e5 2 procent fr\u00e5n landets ledare i skatteindex.<\/p>\n<p>Med sina industriella r\u00f6tter i Luzern kan sp\u00e5ras tillbaka till 1300-talet, och staden odlade tidigt en exporthandel inom lientillverkning. Med hj\u00e4lp av importerat j\u00e4rn och st\u00e5l smidde lokala smeder redskap som fann marknader i v\u00e4stra Schweiz och norra Italien. Verkst\u00e4der l\u00e4ngs Krienbachb\u00e4cken anv\u00e4nde vattendrivna hammare, medan deras perifera l\u00e4ge minskade brandrisken. Denna hantverksindustri f\u00f6reb\u00e5dade stadens bredare tillverkningsbas, som senare skulle diversifieras till precisionsteknik och nischhantverk.<\/p>\n<p>Luzerns kulturarv framtr\u00e4der tydligt i dess arkitektoniska landm\u00e4rken. Kapellbron, ursprungligen uppf\u00f6rd 1333, st\u00e5r som Europas \u00e4ldsta t\u00e4ckta tr\u00e4bro, med ett 204 meter l\u00e5ngt spann avbrutet av det \u00e5ttkantiga vattentornet fr\u00e5n 1200-talet. Trots att den h\u00e4rjades av en brand i augusti 1993 \u2013 enligt uppgift orsakad av en kasserad cigarett \u2013 vaktar dess rekonstruerade tr\u00e4virke \u00e5terigen floden Reuss, under ett tak som visar 1600-talsm\u00e5lningar som ber\u00e4ttar om Luzerns historia. Nedstr\u00f6ms ligger Spreuerbron, fr\u00e5n 1408, som slingrar sig i sicksackform \u00f6ver str\u00f6mmen. Tr\u00e4virket \u00e4r prydt med Kaspar Meglingers pestcykler i D\u00f6dsdansen, och dess kapell i mitten av spannet vittnar om postmedeltida fromhet.<\/p>\n<p>Kullen ovanf\u00f6r Gamla stan bevarar sp\u00e5r av de medeltida bef\u00e4stningarna, deras murar och \u00e5tta vakttorn ger en krenelerad siluett mot Alperna. Nedanf\u00f6r reser sig de dubbla spirorna p\u00e5 Sankt Leodegar-kyrkan, uppf\u00f6rd 1633, \u00f6ver sj\u00f6stranden, med sin senren\u00e4ssansfasad som inramar de dubbla n\u00e5ltornen som finns kvar fr\u00e5n en tidigare kyrka fr\u00e5n 600-talet. Interi\u00f6ren pryds av barock utsmyckning, vilket anst\u00e5r skyddshelgonets basilika, i dagligt tal k\u00e4nd som Hofkirche eller, p\u00e5 schweizertyska, Hofchile.<\/p>\n<p>I det lummiga omr\u00e5det L\u00f6wenplatz ligger Bertel Thorvaldsens lejon \u2013 inristat i den levande klippan \u00e5r 1820 \u2013 som hyllar de schweiziska gardes tapperhet som stupade 1792 n\u00e4r de f\u00f6rsvarade Tuilerierna. Monumentets sm\u00e4rtsamma realism och avskilda l\u00e4ge framkallar gripande reflektioner \u00f6ver lojalitet och uppoffring. I n\u00e4rheten erbjuder Schweiziska Transportmuseet en omfattande \u00f6versikt \u00f6ver fortskaffningsmedel, fr\u00e5n veteranlok och motorvagnar till sj\u00f6fartsfartyg och flygf\u00f6rem\u00e5l, vilket understryker Luzerns roll som b\u00e5de ett transportknutpunkt och en f\u00f6rvaltare av det tekniska arvet.<\/p>\n<p>Intill ligger Jean Nouvels kultur- och kongresscenter, med akustik kalibrerad av Russell Johnson, som utg\u00f6r en modern motvikt till stadens medeltida struktur. Dess konsertsal, allm\u00e4nt hyllad f\u00f6r sin ljudrenhet, \u00e4r f\u00f6rankring i Musegg-omr\u00e5det, medan det anslutna Kunstmuseum Luzern kuraterar konstutst\u00e4llningar som lockar b\u00e5de lokal och internationell publik. Vid sj\u00f6stranden vid Tribschen ligger Richard Wagner-museet i komposit\u00f6rens tidigare villa, som minns hans residens fr\u00e5n 1866 till 1872 och bevarar manuskript, instrument och personliga tillh\u00f6righeter som kartl\u00e4gger hans kreativa uppfinningsrikedom.<\/p>\n<p>Luzerns kulturella ekosystem vilar p\u00e5 en f\u00f6rhandlad balans mellan etablerade institutioner och avantgardistiska impulser. Kulturkompromissen i slutet av 1980-talet fr\u00e4mjade samexistensen mellan KKL, Luzerner Theater, Kleintheater och Stadtkeller tillsammans med framv\u00e4xande scener. Den tidigare Boa-r\u00f6rfabriken, \u00e5terf\u00f6dd som en underjordisk inkubator f\u00f6r alternativa framtr\u00e4danden, gav slutligen vika f\u00f6r bostadsintr\u00e5ng, vilket ledde till planer p\u00e5 en ny plats bortom innerstaden. S\u00fcdpol, som \u00f6ppnade 2008 vid foten av Pilatus, \u00e4r v\u00e4rd f\u00f6r tv\u00e4rvetenskapliga musik-, dans- och teaterevenemang, medan Luzerner Sinfonieorchester och 21st Century Symphony Orchestra g\u00f6r anspr\u00e5k p\u00e5 KKL-scenen, vilket f\u00f6rst\u00e4rker Luzerns status som en ljudstad.<\/p>\n<p>Transportinfrastrukturen ligger till grund f\u00f6r Luzerns f\u00f6rbindelser. \u00c5r 1909 f\u00f6reb\u00e5dade Ferdinand von Zeppelins landstigning Schweiz spirande luftskeppsindustri, som \u00e5r 1910 hade etablerat landets f\u00f6rsta kommersiella flygtransportf\u00f6retag och uppf\u00f6rt landets andra luftskeppshangar. P\u00e5 land driver Verkehrsbetriebe Luzern tr\u00e5dbussar och motorvagnar, kompletterat av PostAuto och Auto AG Rothenburg-tj\u00e4nster till perifera kommuner. Fyra j\u00e4rnv\u00e4gsstationer \u2013 Luzern, Allmend\/Messe, Littau och Verkehrshaus \u2013 f\u00f6rbinder staden med Z\u00fcrich i fyrtiominutersintervaller (fyrtio t\u00e5g dagligen) och till Z\u00fcrichs flygplats p\u00e5 drygt en timme, medan Gotthard Panorama Express f\u00f6rbinder b\u00e5t och t\u00e5g p\u00e5 historiska linjer mellan april och mitten av oktober.<\/p>\n<p>Vattenf\u00f6rbindelserna best\u00e5r vid Bahnhofquai, varifr\u00e5n Vierwaldst\u00e4ttersj\u00f6ns navigationsbolag skickar fartyg till fjordliknande vikar och bergsbyar. Det lokala biljettn\u00e4tverket, passepartout, integrerar tr\u00e5dbuss, buss, t\u00e5g och b\u00e5t under en enhetlig biljettallians som str\u00e4cker sig \u00f6ver Luzern, Obwalden och Nidwalden. Linbanor \u2013 framf\u00f6r allt G\u00fctschbahn till Ch\u00e2teau G\u00fctsch och Standseilbahn till Hotel Montana \u2013 str\u00e4cker sig uppf\u00f6r cirka nittio meter l\u00e5nga sluttningar och erbjuder panoramautsikt \u00f6ver stadens t\u00e4tbebyggelse, den glittrande sj\u00f6n och den alpina silhuetten bortom, en passande coda till ber\u00e4ttelsen om en stad som, i sin sammanfl\u00f6de av vatten, berg, historia och innovation, f\u00f6rblir p\u00e5 samma g\u00e5ng vaksam v\u00e4ktare av sitt f\u00f6rflutna och anpassningsbar huvudperson i sin framtid.<\/p>","protected":false},"excerpt":{"rendered":"<p>Luzern, en charmig stad bel\u00e4gen i centrala Schweiz, fungerar som en symbol f\u00f6r schweizisk kultur, historia och fantastiska landskap. Denna lilla stad best\u00e5r av 82 000 inv\u00e5nare och \u00e4r den folkrikaste i centrala Schweiz. Dess l\u00e4ge \u00e4r 47\u00b003\u2032N 8\u00b018\u2032E. Luzern har utvecklats och f\u00f6r\u00e4ndrats under \u00e5ren som svar p\u00e5 dess gynnsamma l\u00e4ge l\u00e4ngs floden Reuss och vid nordv\u00e4stra spetsen av sj\u00f6n Vierwaldst\u00e4ttersee (Vierwaldst\u00e4ttersee). Huvudstaden i den namnb\u00e4rande kantonen, Luzern, \u00e4r ocks\u00e5 ett viktigt nav f\u00f6r media, kultur, ekonomi och transport. Luzerns stadsdel best\u00e5r av nitton st\u00e4der och kommuner med totalt cirka 220 000 inv\u00e5nare.<\/p>","protected":false},"author":1,"featured_media":2757,"parent":12907,"menu_order":0,"comment_status":"closed","ping_status":"closed","template":"elementor_theme","meta":{"_eb_attr":"","footnotes":""},"class_list":["post-12913","page","type-page","status-publish","has-post-thumbnail"],"_links":{"self":[{"href":"https:\/\/travelshelper.com\/sv\/wp-json\/wp\/v2\/pages\/12913","targetHints":{"allow":["GET"]}}],"collection":[{"href":"https:\/\/travelshelper.com\/sv\/wp-json\/wp\/v2\/pages"}],"about":[{"href":"https:\/\/travelshelper.com\/sv\/wp-json\/wp\/v2\/types\/page"}],"author":[{"embeddable":true,"href":"https:\/\/travelshelper.com\/sv\/wp-json\/wp\/v2\/users\/1"}],"replies":[{"embeddable":true,"href":"https:\/\/travelshelper.com\/sv\/wp-json\/wp\/v2\/comments?post=12913"}],"version-history":[{"count":0,"href":"https:\/\/travelshelper.com\/sv\/wp-json\/wp\/v2\/pages\/12913\/revisions"}],"up":[{"embeddable":true,"href":"https:\/\/travelshelper.com\/sv\/wp-json\/wp\/v2\/pages\/12907"}],"wp:featuredmedia":[{"embeddable":true,"href":"https:\/\/travelshelper.com\/sv\/wp-json\/wp\/v2\/media\/2757"}],"wp:attachment":[{"href":"https:\/\/travelshelper.com\/sv\/wp-json\/wp\/v2\/media?parent=12913"}],"curies":[{"name":"wp","href":"https:\/\/api.w.org\/{rel}","templated":true}]}}