{"id":12648,"date":"2024-09-16T18:01:50","date_gmt":"2024-09-16T18:01:50","guid":{"rendered":"https:\/\/travelshelper.com\/staging\/?page_id=12648"},"modified":"2026-03-13T00:14:59","modified_gmt":"2026-03-13T00:14:59","slug":"forenade-kungariket","status":"publish","type":"page","link":"https:\/\/travelshelper.com\/sv\/destinations\/europe\/united-kingdom\/","title":{"rendered":"F\u00f6renade kungariket"},"content":{"rendered":"<p>F\u00f6renade kungariket Storbritannien och Nordirland, ett arkipelagiskt rike p\u00e5 244 376 km\u00b2, inb\u00e4ddat utanf\u00f6r den nordv\u00e4stra kanten av kontinentala Europa, har \u00f6ver 68,2 miljoner inv\u00e5nare \u00e5r 2023. Denna union av fyra nationer \u2013 England, Skottland, Wales och Nordirland \u2013 omfattar Storbritanniens huvud\u00f6, den nord\u00f6stra sj\u00e4tte delen av Irland och en konstellation av mindre \u00f6ar utspridda mellan Atlanten, Nordsj\u00f6n, Engelska kanalen, Keltiska havet och Irl\u00e4ndska sj\u00f6n. Den utg\u00f6r en b\u00e5de geografisk och politisk v\u00e4v, med sina yttersta gr\u00e4nser separerade fr\u00e5n norra Frankrike av bara 35 kilometer under Engelska kanalen men \u00e4nd\u00e5 bunden till Europa av den 50 kilometer l\u00e5nga kanaltunneln.<\/p>\n<p>Fr\u00e5n de f\u00f6rsta fotsp\u00e5ren som pressats ner i den neolitiska jorden till de romerska legionernas utbredning \u00e5r 43 e.Kr. har de brittiska \u00f6arna vittnat om oavbruten m\u00e4nsklig str\u00e4van. Efter tv\u00e5 \u00e5rhundraden av romerskt herrav\u00e4lde gav de avg\u00e5ende legionerna vika f\u00f6r anglosaxiska bos\u00e4ttningar som under \u00e5rhundraden sydde samman olika kungad\u00f6men. Den normandiska er\u00f6vringen \u00e5r 1066 omkalibrerade Englands kurs och skapade en feodal ordning som, vid slutet av Rosornas krig i slutet av 1400-talet, skulle ge en centraliserad engelsk monarki redo f\u00f6r expansion. Vid 1500-talet var Wales annekterat; under de f\u00f6ljande \u00e5rhundradena sammansm\u00e4lte en imperialistisk ambition till det brittiska imperiet, vars herrav\u00e4lde, som mest p\u00e5 1920-talet, skulle str\u00e4cka sig \u00f6ver en fj\u00e4rdedel av planetens landmassa och befolkning. \u00c4nd\u00e5 skulle allvaret i tv\u00e5 v\u00e4rldskrig och den obevekliga avkoloniseringen urholka den globala r\u00e4ckvidden och l\u00e4mna efter sig ett modernt samv\u00e4ld av oberoende stater och det nuvarande Storbritannien, etablerat genom lagen om kungliga och parlamentariska titlar fr\u00e5n 1927.<\/p>\n<p>Kronans residens ovanp\u00e5 Westminster Palace, \u00e4ven om det en g\u00e5ng hade en monolitisk makt, begr\u00e4nsades under 1600-talet \u2013 framf\u00f6r allt av det engelska inb\u00f6rdeskriget \u2013 och gav gradvis upphov till premi\u00e4rminister\u00e4mbetet under den georgianska eran. Unionslagen fr\u00e5n 1707 sammanslog England och Skottland med Storbritannien, medan unionslagen fr\u00e5n 1800 f\u00f6renade Irland och bildade F\u00f6renade kungariket Storbritannien och Irland. Utbrytningen av st\u00f6rre delen av Irland 1922 omformade riket till dess nutida iteration, best\u00e5ende av fyra distinkta jurisdiktioner: England och Wales, Skottland och Nordirland. Sedan 1999 har Skottland, Wales och Nordirland ut\u00f6vat decentraliserad makt i fr\u00e5gor som str\u00e4cker sig fr\u00e5n utbildning till h\u00e4lsa, \u00e4ven om Westminster beh\u00e5ller tillsynen \u00f6ver f\u00f6rsvar, utrikesfr\u00e5gor och makroekonomisk politik.<\/p>\n<p>Geografiskt sett str\u00e4cker sig Storbritannien \u00f6ver latituderna 49\u00b0 till 61\u00b0 N och longituderna 9\u00b0 V till 2\u00b0 \u00d6. Huvud\u00f6ns 17 820 km kustlinje bidrar till en total \u00f6kust p\u00e5 n\u00e4stan 31 368 km \u2013 \u00e4ven om den exakta siffran varierar med de b\u00f6ljande m\u00e5tten i kustlinjeparadoxen. Nordirlands 499 km l\u00e5nga landgr\u00e4ns mot Republiken Irland talar f\u00f6r \u00f6ns komplexa delning, medan landets 650 km l\u00e5nga kustlinje inramar dess b\u00f6ljande kullar och spridda sj\u00f6ar. Under det tempererade maritima klimatet som domineras av milda, fuktiga sydv\u00e4stliga vindar v\u00e4rmda av Golfstr\u00f6mmen upplever Storbritannien s\u00e4llan extremer \u2013 vinterfrosten sjunker s\u00e4llan l\u00e5ngt under 0 \u00b0C (32 \u00b0F), och sommartemperaturerna \u00f6verstiger s\u00e4llan 30 \u00b0C (86 \u00b0F) \u2013 \u00e4ven n\u00e4r h\u00f6glandsenklaver i Skottland n\u00e4rmar sig subarktiska och tundraf\u00f6rh\u00e5llanden. Den \u00e5rliga solskenstiden \u00e4r i genomsnitt cirka 1 340 timmar, \u00e4ven om regionala variationer visar totalt mellan ungef\u00e4r 1 200 och 1 580 timmar, en siffra som har haft en upp\u00e5tg\u00e5ende trend sedan slutet av 1990-talet.<\/p>\n<p>Under detta klimatparaply ligger fyra terrestriska ekoregioner: keltiska l\u00f6vskogar, bokskogar i engelska l\u00e5glandet, fuktiga blandskogar i Nordatlanten och kaledoniska barrskogar. Ungef\u00e4r 3,25 miljoner hektar \u2013 cirka 13 procent av marken \u2013 \u00e4r t\u00e4ckta av skog, ett bevis p\u00e5 b\u00e5de naturlig best\u00e4ndighet och samordnat bevarande. Det belgiska n\u00e4tet av motorv\u00e4gar och j\u00e4rnv\u00e4gsleder har Royal Greenwich Observatorys meridianlinje inskriven vid noll longitud, en best\u00e5ende mark\u00f6r f\u00f6r Storbritanniens avg\u00f6rande roll i kartl\u00e4ggningen av v\u00e4rlden.<\/p>\n<p>Som v\u00e4rldens f\u00f6rsta industrialiserade nation drev Storbritanniens tekniska framsteg, mekaniserade jordbruk och fabriksproduktion under 1700- och 1800-talen landet till ekonomisk framg\u00e5ng. London v\u00e4xte fram till v\u00e4rldens fr\u00e4msta finansiella centrum och orkestrerade dagliga valutatransaktioner som nu utg\u00f6r 38,1 procent av en marknad v\u00e4rd 7,5 biljoner USD. \u00c4ven om imperiet, som bygger p\u00e5 robusta handelsn\u00e4tverk och en enorm handelsflotta, krympte efter tv\u00e5 globala konflikter och v\u00e5gor av avkolonisering, beh\u00f6ll Storbritannien mycket av sin finansiella inflytande. Idag rankas landet bland de st\u00f6rsta ekonomierna sett till nominell BNP, och dess valuta \u2013 pundet \u2013 \u00e4r den fj\u00e4rde mest omsatta och fj\u00e4rde st\u00f6rsta reservvalutan i v\u00e4rlden, och dess historiska koppling \u00e4r op\u00e5verkad av redenominering.<\/p>\n<p>Men under dessa v\u00e4lst\u00e5ndsfasader finns tydliga oj\u00e4mlikheter. Storbritanniens sociala marknadsekonomi, som visserligen har ett h\u00f6gt Human Development Index (HUIM), \u00e4r ocks\u00e5 bland de h\u00f6gsta inkomstskillnaderna inom OECD. Finanspolitiken har l\u00e4nge f\u00f6rs\u00f6kt f\u00f6rena marknadsdynamik med social v\u00e4lf\u00e4rd, \u00e4ven om debatter om balansen forts\u00e4tter i parlamentet och bland befolkningen. Trots s\u00e5dana sp\u00e4nningar beh\u00e5ller den brittiska mjukmakten sitt formidabla inflytande: r\u00e4ttsliga ramar modellerade efter engelsk common law, det engelska spr\u00e5kets allest\u00e4desn\u00e4rvaro \u2013 nu det mest talade i v\u00e4rlden och det tredje vanligaste modersm\u00e5let \u2013 och den globala spridningen av kulturell export fr\u00e5n Shakespeare till The Beatles vittnar om en kulturell resonans som str\u00e4cker sig l\u00e5ngt bortom dessa \u00f6ar.<\/p>\n<p>England, den st\u00f6rsta best\u00e5ndsdelen b\u00e5de sett till yta och befolkning \u2013 och st\u00e5r f\u00f6r 53 procent av den totala landytan p\u00e5 130 395 km\u00b2 \u2013 k\u00e4nnetecknas av sina dikotoma l\u00e5glands- och h\u00f6glandstrakter. Nedanf\u00f6r den diagonala str\u00e4ckningen av Tees-Exe-linjen ligger pastorala sl\u00e4tter: Norfolk Broads, South Downs, New Forest och Cornwalls b\u00f6ljande vyer. I nordv\u00e4st kl\u00e4ttrar Lake Districts fj\u00e4ll och dalar mot Scafell Pikes 978 meter; Penninerna och Yorkshire Dales p\u00e5 andra st\u00e4llen skapar en robust silhuett, medan Exmoor och Dartmoor frammanar urtidshedar.<\/p>\n<p>Skottland, som omfattar 32 procent av riket med en yta p\u00e5 78 772 km\u00b2, \u00e4r ett land av kontraster. N\u00e4stan 800 \u00f6ar ligger utspridda utanf\u00f6r kusten \u2013 Hebriderna, Orkney\u00f6arna, Shetland \u2013 medan h\u00f6gl\u00e4nderna utg\u00f6r huvuddelen av det bergiga territoriet. I inlandet erbjuder Loch Lomond och Trossachs kristallklart vatten inramat av ur\u00e5ldriga skogar; l\u00e4ngre norrut ligger Ben Nevis, de brittiska \u00f6arnas h\u00f6gsta topp, p\u00e5 1 345 meter. Bortom de karga panoramautsikterna pulserar det kosmopolitiska Edinburgh och Glasgow av arkitektur, festivaler och industri.<\/p>\n<p>Wales, som utg\u00f6r mindre \u00e4n 9 procent av Storbritanniens yta (20 779 km\u00b2), visar upp sin bergiga karakt\u00e4r i Snowdonia, hem till Yr Wyddfa \u2013 Snowdon \u2013 som reser sig till 1 085 meter. Pembrokeshire-kusten, med \u00f6ver 2 704 km kustlinje, inbjuder till ambulerande utforskning, och Anglesey st\u00e5r som den st\u00f6rsta av flera \u00f6ar utanf\u00f6r kusten och uppr\u00e4tth\u00e5ller forntida keltiska traditioner parallellt med det moderna livet.<\/p>\n<p>Nordirland, som t\u00e4cker 14 160 km\u00b2, definieras av b\u00f6ljande h\u00f6gland, den vidstr\u00e4ckta Lough Neagh \u2013 388 km\u00b2, den st\u00f6rsta sj\u00f6n p\u00e5 de brittiska \u00f6arna \u2013 och de s\u00e4genomspunna basaltpelarna i Giant&#039;s Causeway, ett UNESCO-v\u00e4rldsarv. Dess h\u00f6gsta topp, Slieve Donard i Mournes, n\u00e5r 852 meter, en tyst vaktpost till \u00e5rhundraden av kulturellt utbyte och konflikter.<\/p>\n<p>Bortom sj\u00e4lva Storbritannien ligger kronbesittningarna \u2013 Guernsey och dess satelliter Alderney, Herm och Sark, samt Jersey \u2013 som alla erbjuder sp\u00e5r av anglonormandiskt arv och, ibland, ov\u00e4ntade klimat format av n\u00e4rheten till det franska fastlandet. Isle of Man, mitt i Engelska kanalen, bevarar sina keltiska seder, ett \u00e5rligt TT-motorcykellopp och v\u00e4rldens \u00e4ldsta parlament. L\u00e4ngre bort str\u00e4cker sig fjorton utomeuropeiska territorier \u2013 fr\u00e5n den subtropiska sk\u00f6nheten p\u00e5 Bermuda och Cayman\u00f6arna till de vindpinade vidderna i Brittiska Antarktis \u2013 kronans r\u00e4ckvidd, vart och ett styrt av distinkta stadgar och geografiskt avl\u00e4gsna leder.<\/p>\n<p>Inom de fyra nationerna presenterar st\u00e4der och samh\u00e4llen en mosaik av ber\u00e4ttelser. London, en metropol utan motstycke i globalt inflytande, kryllar av landm\u00e4rken \u2013 Westminster, Towern, British Museum \u2013 alla en tr\u00e5d i en st\u00e4ndigt f\u00f6r\u00e4nderlig ber\u00e4ttelse. Belfast, som uppst\u00e5tt ur stadsf\u00f6rnyelsen, pulserar av kreativ energi, medan Bristol balanserar georgianska fasader och modern konst med maritimt arv. Cardiffs koleldade f\u00f6rflutna ger vika f\u00f6r en livlig konstscen vid bukten; Edinburgh, n\u00e4st efter London i antal bes\u00f6kare, arrangerar v\u00e4rldens st\u00f6rsta konstfestival varje augusti bland medeltida slott och vulkaniska klippor. Glasgow f\u00f6renar viktoriansk prakt med konstn\u00e4rlig innovation, Liverpool \u00e5terupplever sitt hamnstadsarv genom musik och sport, och Manchester har under \u00e5rtionden omformat sig fr\u00e5n industriellt epicentrum till kulturell degel. Yorks gamla vallar och romerska l\u00e4mningar talar om \u00e5rtusenden av m\u00e4nsklig v\u00e4v inv\u00e4vd i dess gatuplan.<\/p>\n<p>\u00c4nd\u00e5, \u00e4ven bortom dessa urbana m\u00f6ten, utvecklas Storbritannien p\u00e5 unika platser av element\u00e4rt drama. Giant&#039;s Causeways polygonala pelare reser sig fr\u00e5n Atlanten, Gowerhalv\u00f6ns klippor inramar salta brisar fr\u00e5n Swansea Bay, och de s\u00f6nderfallande stenarna i Hadrianus mur sp\u00e5rar Roms mest avl\u00e4gsna ambitioner. Isle of Arran, ofta beskriven som &#034;Skottland i miniatyr&#034;, kondenserar berg, skog och kust till en enda utflykt, medan Lake Districts vattenbass\u00e4nger \u00e5terspeglar Wordsworths klagande verser. I djupet av Loch Ness r\u00f6r sig folklore l\u00e4ngs forntida kustlinjer, och Peak District lockar miljontals till sina tillg\u00e4ngliga h\u00f6jder. Snowdonias skifferbestr\u00f6dda toppar inbjuder till utmaningar f\u00f6r b\u00e5de muskler och sinnen, och Stonehenges monolitiska stenar, v\u00e4derbitna av 4 500 \u00e5r, forts\u00e4tter att f\u00f6rf\u00f6ra b\u00e5de forskare och pilgrimer.<\/p>\n<p>Kulturellt rikt och ekologiskt varierat, politiskt nyanserat men \u00e4nd\u00e5 enat av gemensamma institutioner, st\u00e5r Storbritannien idag vid ett v\u00e4gsk\u00e4l mellan historia och modernitet. Dess konstitutionella monarki och parlamentariska demokrati \u2013 uppdelade i tre distinkta r\u00e4ttssystem men bundna under en krona \u2013 skapar en balans mellan ur\u00e5ldrig sedv\u00e4nja och samtida styrelseskick. Dess ekonomi, som p\u00e5 en g\u00e5ng \u00e4r marknadsdriven och socialt medveten, k\u00e4mpar med oj\u00e4mlikhet \u00e4ven om den dominerar globala marknader inom finans och handel. Dess spr\u00e5k, litteratur, musik och sport utstr\u00e5lar mjuk makt som vida \u00f6verskrider dess fysiska gr\u00e4nser och formar global diskurs och identitet. F\u00f6r resen\u00e4ren, forskaren eller inv\u00e5naren presenterar dessa \u00f6ar inte en statisk tabl\u00e5 utan en st\u00e4ndigt utvecklande ber\u00e4ttelse \u2013 en ber\u00e4ttelse d\u00e4r d\u00e5tid och nutid kontinuerligt samtalar, d\u00e4r vart och ett informerar varandra i en dialog som \u00e4r p\u00e5 en g\u00e5ng intim och storslagen i omfattning.<\/p>","protected":false},"excerpt":{"rendered":"<p>F\u00f6renade kungariket Storbritannien och Nordirland, ofta kallat Storbritannien (UK) eller Storbritannien, \u00e4r en suver\u00e4n nation bel\u00e4gen utanf\u00f6r den nordv\u00e4stra kusten av kontinentala Europa. Med en befolkning p\u00e5 cirka 67,6 miljoner \u00e5r 2022 str\u00e4cker sig Storbritannien \u00f6ver Engelska kanalen i s\u00f6der och Nordsj\u00f6n i \u00f6ster, och har ett strategiskt l\u00e4ge i Nordatlanten. Denna \u00f6nation, som best\u00e5r av fyra separata l\u00e4nder \u2013 England, Skottland, Wales och Nordirland \u2013 t\u00e4cker en total yta p\u00e5 244 376 km\u00b2.<\/p>","protected":false},"author":1,"featured_media":4691,"parent":24078,"menu_order":0,"comment_status":"closed","ping_status":"closed","template":"elementor_theme","meta":{"_eb_attr":"","footnotes":""},"class_list":["post-12648","page","type-page","status-publish","has-post-thumbnail"],"_links":{"self":[{"href":"https:\/\/travelshelper.com\/sv\/wp-json\/wp\/v2\/pages\/12648","targetHints":{"allow":["GET"]}}],"collection":[{"href":"https:\/\/travelshelper.com\/sv\/wp-json\/wp\/v2\/pages"}],"about":[{"href":"https:\/\/travelshelper.com\/sv\/wp-json\/wp\/v2\/types\/page"}],"author":[{"embeddable":true,"href":"https:\/\/travelshelper.com\/sv\/wp-json\/wp\/v2\/users\/1"}],"replies":[{"embeddable":true,"href":"https:\/\/travelshelper.com\/sv\/wp-json\/wp\/v2\/comments?post=12648"}],"version-history":[{"count":0,"href":"https:\/\/travelshelper.com\/sv\/wp-json\/wp\/v2\/pages\/12648\/revisions"}],"up":[{"embeddable":true,"href":"https:\/\/travelshelper.com\/sv\/wp-json\/wp\/v2\/pages\/24078"}],"wp:featuredmedia":[{"embeddable":true,"href":"https:\/\/travelshelper.com\/sv\/wp-json\/wp\/v2\/media\/4691"}],"wp:attachment":[{"href":"https:\/\/travelshelper.com\/sv\/wp-json\/wp\/v2\/media?parent=12648"}],"curies":[{"name":"wp","href":"https:\/\/api.w.org\/{rel}","templated":true}]}}