{"id":12305,"date":"2024-09-15T22:10:07","date_gmt":"2024-09-15T22:10:07","guid":{"rendered":"https:\/\/travelshelper.com\/staging\/?page_id=12305"},"modified":"2026-03-12T18:44:28","modified_gmt":"2026-03-12T18:44:28","slug":"nordmakedonien","status":"publish","type":"page","link":"https:\/\/travelshelper.com\/sv\/destinations\/europe\/north-macedonia\/","title":{"rendered":"Nordmakedonien"},"content":{"rendered":"<p>Republiken Nordmakedonien upptar en kustl\u00f6s yta i s\u00f6dra delen av Balkanhalv\u00f6n och omfattar cirka 25 436 kvadratkilometer. Med sina breddgrader 40\u00b0 till 43\u00b0 N och longituderna 20\u00b0 till 23\u00b0 \u00d6 utg\u00f6r den norra tredjedelen av den bredare geografiska region som historiskt sett \u00e4r k\u00e4nd som Makedonien. Landet gr\u00e4nsar i norr till Serbien, i nordv\u00e4st till Kosovo, i v\u00e4ster till Albanien, i s\u00f6der till Grekland och i \u00f6ster till Bulgarien, med en total landgr\u00e4ns p\u00e5 cirka 748 kilometer. Skopje, landets huvudstad och st\u00f6rsta stadscentrum, har ungef\u00e4r en fj\u00e4rdedel av sin befolkning, som \u00f6verstiger 1,83 miljoner inv\u00e5nare. Den demografiska majoriteten best\u00e5r av etniska makedonier, ett sydslaviskt folk, medan albaner utg\u00f6r ungef\u00e4r en fj\u00e4rdedel av befolkningen; mindre samh\u00e4llen inkluderar turkar, romer, serber, bosniaker, aromaner och andra grupper.<\/p>\n<p>M\u00e4nsklig bos\u00e4ttning i det territorium som nu kallas Nordmakedonien str\u00e4cker sig tillbaka till det antika kungad\u00f6met Paionien. I slutet av 500-talet f.Kr. f\u00f6ll regionen under de akemenidiska persernas herrav\u00e4lde, bara f\u00f6r att inf\u00f6rlivas i det v\u00e4xande kungad\u00f6met Makedonien under 300-talet f.Kr. Den romerska republiken annekterade omr\u00e5det under 300-talet f.Kr. och integrerade det i provinsen Makedonien. Efter delningen av det romerska riket f\u00f6rblev territoriet under bysantinsk auktoritet, trots upprepade intr\u00e5ng och bos\u00e4ttningar av slaviska stammar fr\u00e5n 500-talet e.Kr. och fram\u00e5t. Under de f\u00f6ljande \u00e5rhundradena v\u00e4xlade kontrollen mellan konkurrerande bulgariska, bysantinska och serbiska statsbildningar tills det osmanska riket underordnade regionen i mitten av 1300-talet. Osmanskt styre varade fram till b\u00f6rjan av 1900-talet, d\u00e5 Balkankrigen 1912 och 1913 placerade Nordmakedoniens moderna gr\u00e4nser under serbisk suver\u00e4nitet.<\/p>\n<p>Omv\u00e4lvningarna under 1900-talet medf\u00f6rde ytterligare f\u00f6r\u00e4ndringar i styrelseskicket. Under f\u00f6rsta v\u00e4rldskriget administrerade Bulgarien territoriet, men krigets slut \u00e5terst\u00e4llde serbiskt styre inom det nybildade kungariket serber, kroater och slovener. Under andra v\u00e4rldskriget \u00f6verf\u00f6rdes kontrollen \u00e5terigen till Bulgarien, och med uppr\u00e4ttandet av Socialistiska federala republiken Jugoslavien 1945 blev regionen en av dess sex ing\u00e5ende republiker. En fredlig utbrytning 1991 gav fullst\u00e4ndig sj\u00e4lvst\u00e4ndighet, och 1993 gick landet med i FN under den provisoriska beteckningen &#034;f.d. jugoslaviska republiken Makedonien&#034; (FYR Makedonien), p\u00e5 grund av en namntvist med Grekland. Efter utdragna f\u00f6rhandlingar l\u00f6ste Prespaavtalet fr\u00e5n 2018 denna tvist genom att fastst\u00e4lla den officiella titeln Republiken Nordmakedonien, som tr\u00e4dde i kraft i b\u00f6rjan av 2019.<\/p>\n<p>Sedan sj\u00e4lvst\u00e4ndigheten har Nordmakedonien str\u00e4vat efter integration i euroatlantiska strukturer. Landet gick med i Nato 2020 och \u00e4r medlem i Europar\u00e5det, V\u00e4rldsbanken, Organisationen f\u00f6r s\u00e4kerhet och samarbete i Europa (OSSE), Centraleuropeiska frihandelsavtalet (CEFTA), Organisationen f\u00f6r ekonomiskt samarbete i Svartahavsomr\u00e5det (BSEC) och V\u00e4rldshandelsorganisationen (WTO). Landet har varit kandidat till medlemskap i Europeiska unionen sedan 2005 och har genomf\u00f6rt omfattande ekonomiska reformer f\u00f6r att \u00f6verg\u00e5 fr\u00e5n ett socialistiskt, centralplanerat system till en \u00f6ppen marknadsekonomi. Nordmakedonien, som klassificeras av V\u00e4rldsbanken som en \u00f6vre medelinkomstnation, uppvisar en utvecklingslandsprofil med ett mycket h\u00f6gt Human Development Index, l\u00e5g inkomstskillnad och offentligt finansierad social trygghet, universell h\u00e4lsov\u00e5rd och gratis grund- och gymnasieutbildning.<\/p>\n<p>Nordmakedoniens topografi domineras av en central dal som utskurits av floden Vardar och omges av bergskedjor. Terr\u00e4ngen str\u00e4cker sig mellan \u0160arbergen i nordv\u00e4st och Osogovo-Belasica-kedjan i sydost och \u00e4r till stor del ol\u00e4ndig. Tre stora sj\u00f6ar \u2013 Ohrid, Prespa och Dojran \u2013 str\u00e4cker sig \u00f6ver landets s\u00f6dra gr\u00e4nser, delvis delade med Albanien och Grekland. Ohridsj\u00f6n rankas bland de \u00e4ldsta sj\u00f6arna i v\u00e4rlden, tillsammans med sitt unika akvatiska ekosystem. Regionen ligger inom en aktiv seismisk zon; framf\u00f6r allt skadade en f\u00f6r\u00f6dande jordb\u00e4vning 1963 Skopje allvarligt och resulterade i \u00f6ver 1 000 d\u00f6dsfall.<\/p>\n<p>Tv\u00e5 huvudsakliga bergssystem definierar landets relief. \u0160arbergen och V\u00e4stra Vardar\/Pelagonia-kedjan, som omfattar toppar som Bababerget, Nid\u017ee, Ko\u017euf och Jakupica, ing\u00e5r i det dinariska systemet och \u00e4r geologiskt yngre och h\u00f6gre \u00e4n Osogovo-Belasica (Rhodope)-kedjan. Korabberget, som n\u00e5r 2 764 meter vid gr\u00e4nsen till Albanien, representerar landets h\u00f6gsta topp. Hydrologiskt rinner Nordmakedoniens vattenv\u00e4gar ut i tre bass\u00e4nger: Egeiska havet, Adriatiska havet och Svarta havet. Det Egeiska havet t\u00e4cker cirka 22 075 kvadratkilometer \u2013 ungef\u00e4r 87 procent av territoriet \u2013 d\u00e4r floden Vardar ensam kanaliserar vatten fr\u00e5n 80 procent av landytan. Det adriatiska havet, som definieras av floden Svarta Drin och matas av sj\u00f6arna Prespa och Ohrid, omfattar 3 320 kvadratkilometer eller 13 procent av landet. Svartahavsb\u00e4ckenet \u00e4r det minsta och dr\u00e4nerar endast 37 kvadratkilometer norr om berget Skopska Crna Gora via Bina\u010dka Morava och Morava-Donau-systemet. F\u00f6rutom de tre naturliga sj\u00f6arna finns det ett femtio konstgjorda dammar i landet och nio kurorter och semesterorter som \u00e4r k\u00e4nda f\u00f6r sitt mineralvatten.<\/p>\n<p>Klimatm\u00e4ssigt upplever Nordmakedonien fyra distinkta \u00e5rstider. Somrarna tenderar att vara varma och torra, med temperaturer som ibland stiger till 40 \u00b0C, s\u00e4rskilt i de s\u00f6dra omr\u00e5dena Demir Kapija och Gevgelija, d\u00e4r subtropiskt tryck fr\u00e5n Egeiska havet och influenser fr\u00e5n Mellan\u00f6stern skapar l\u00e5ngvariga v\u00e4rmeperioder. Vintrarna \u00e4r m\u00e5ttligt kalla och sn\u00f6rika, med l\u00e5ga temperaturer som faller till \u221220 \u00b0C under inverkan av nordliga vindar. Klimatet \u00e4r indelat i tre huvudzoner: ett milt kontinentalt klimat i norr, ett tempererat medelhavsm\u00f6nster i s\u00f6der och ett bergigt klimat p\u00e5 h\u00f6gre h\u00f6jder. Den \u00e5rliga nederb\u00f6rden varierar avsev\u00e4rt, fr\u00e5n 1 700 mm i de v\u00e4stra bergen till 500 mm i de \u00f6stra l\u00e5gl\u00e4nderna; Vardardalen registrerar p\u00e5 liknande s\u00e4tt cirka 500 mm per \u00e5r. Dessa klimat- och bevattningsskillnader st\u00f6der odlingen av olika gr\u00f6dor, inklusive vete, majs, potatis, vallmo, jordn\u00f6tter och ris. Trettio huvudsakliga meteorologiska stationer \u00f6ver hela landet \u00f6vervakar v\u00e4der och klimat.<\/p>\n<p>Administrativt \u00e4r Nordmakedonien uppdelat i \u00e5tta statistiska regioner som utformats uteslutande f\u00f6r juridiska och statistiska \u00e4ndam\u00e5l: \u00d6stra Makedonien, Nord\u00f6stra Makedonien, Pelagonia, Polog, Skopje, Syd\u00f6stra Makedonien, Sydv\u00e4stra Makedonien och Vardar. I augusti 2004 etablerades 84 kommuner genom en reform, varav tio utg\u00f6r staden Skopje \u2013 en distinkt sj\u00e4lvstyrande enhet och nationens huvudstad. Reformen konsoliderade m\u00e5nga av de 123 kommuner som hade funnits sedan 1996, och reviderade gr\u00e4nser och slog samman mindre enheter vid behov. Innan kommunerna inf\u00f6rdes styrdes lokalt genom 34 administrativa distrikt eller kommuner.<\/p>\n<p>Turismen utg\u00f6r en betydande del av landets ekonomi och stod f\u00f6r 6,7 procent av bruttonationalprodukten \u00e5r 2016 och genererade cirka 38,5 miljarder denarer (616 miljoner euro) i int\u00e4kter. Den v\u00e4pnade konflikten 2001 var det allvarligaste bakslaget f\u00f6r turismen efter sj\u00e4lvst\u00e4ndigheten. Bes\u00f6karantalet har dock sedan dess \u00e5terh\u00e4mtat sig och \u00f6kat med 14,6 procent \u00e5r 2011. \u00c5r 2019 v\u00e4lkomnade nationen 1 184 963 turister, varav 757 593 var utl\u00e4ndska g\u00e4ster, fr\u00e4mst fr\u00e5n Turkiet, grannl\u00e4nderna Serbien, Grekland och Bulgarien, samt Polen och andra v\u00e4steuropeiska l\u00e4nder. Cirka 60 procent av bes\u00f6karna koncentrerar sig till Skopje och den sydv\u00e4stra regionen, lockade av kulturarv, urbana bekv\u00e4mligheter och naturlandskap. Sj\u00f6turismen, centrerad kring Ohrid, Prespa och Dojran, utg\u00f6r den mest framtr\u00e4dande grenen, med st\u00f6d av \u00f6ver femtio mindre glaci\u00e4rsj\u00f6ar. Bergsturismen \u00e4r ocks\u00e5 v\u00e4lutvecklad, med sexton toppar som \u00f6verstiger 2 000 meter, medan landsbygds- och ekoturism, stadsturism och kulturturism blomstrar genom gastronomi, traditionell musik, festivaler och kulturarvsplatser.<\/p>\n<p>Transportinfrastrukturen \u00e4r fortfarande avg\u00f6rande f\u00f6r Nordmakedoniens ekonomiska utveckling. Som en inlandsstat i hj\u00e4rtat av Balkan fungerar landet som en transitkorridor f\u00f6r varor som transporteras fr\u00e5n hamnen i Thessaloniki i Grekland genom Balkans inland till V\u00e4st-, Central- och \u00d6steuropa, samt via Bulgarien i \u00f6ster. \u00c5r 2019 hade v\u00e4gn\u00e4tet str\u00e4ckt sig till cirka 10 591 kilometer, varav cirka 6 000 kilometer var asfalterat. Den huvudsakliga arteriella rutten f\u00f6ljer Vardardalens nord-sydliga axel, s\u00e4rskilt den europeiska v\u00e4gen E75 som f\u00f6rbinder Grekland med Serbien och vidare. J\u00e4rnv\u00e4gsn\u00e4tet, som drivs av Makedonski \u017deleznici, str\u00e4cker sig till 922 kilometer; dess huvudlinje g\u00e5r fr\u00e5n den serbiska gr\u00e4nsen genom Kumanovo, Skopje och Veles till Gevgelija vid den grekiska gr\u00e4nsen. Sedan 2001 har en linje som f\u00f6rbinder Nordmakedonien med Bulgarien vid Beljakovci underl\u00e4ttat den blivande f\u00f6rbindelsen Skopje-Sofia. Skopje fungerar som den viktigaste j\u00e4rnv\u00e4gsknutpunkten, med Veles och Kumanovo som sekund\u00e4ra knutpunkter.<\/p>\n<p>Posttj\u00e4nster tillhandah\u00e5lls av det statligt \u00e4gda f\u00f6retaget North Macedonia Post, grundat 1992 som PTT Macedonia och antagen till V\u00e4rldspostunionen 1993. \u00c5r 1997 separerades post- och telekommunikationsfunktionerna, vilket gav upphov till Macedonian Telekom och North Macedonia Post. Sj\u00f6transporter \u00e4r begr\u00e4nsade till sj\u00f6trafik p\u00e5 Ohrid och Prespa, fr\u00e4mst f\u00f6r turism. Flyginfrastrukturen omfattar sjutton flygf\u00e4lt, varav elva med asfalterade landningsbanor, och tv\u00e5 internationella flygplatser: Skopje International Airport och Ohrid Sankt Paulus flygplats.<\/p>\n<p>Enligt den nationella folkr\u00e4kningen 2021 uppgick befolkningen i Nordmakedonien till 1 836 713, vilket ger en befolkningst\u00e4thet p\u00e5 72,2 personer per kvadratkilometer och en medel\u00e5lder p\u00e5 40,08 \u00e5r. Folkr\u00e4kningen registrerade 598 632 hush\u00e5ll, med i genomsnitt 3,06 medlemmar vardera, och en n\u00e4stan j\u00e4mn k\u00f6nsf\u00f6rdelning p\u00e5 50,4 procent kvinnor och 49,6 procent m\u00e4n. Etniskt sett dominerar makedonier, f\u00f6ljt av albaner \u2013 som \u00e4r koncentrerade i nordv\u00e4st \u2013 turkar, officiellt cirka 70 000 men f\u00f6rem\u00e5l f\u00f6r inofficiella uppskattningar s\u00e5 h\u00f6ga som 200 000, och m\u00f6jligen upp till 260 000 romer i vissa bed\u00f6mningar. Mindre grupper inkluderar serber, bosniaker och aromaner.<\/p>\n<p>Kulturlivet i Nordmakedonien \u00e5terspeglar ett rikt arv inom konst, arkitektur, litteratur och musik, med m\u00e5nga forntida religi\u00f6sa monument skyddade som nationella skatter. Kyrkoarkitekturen \u00e4r rik p\u00e5 bysantinska fresker fr\u00e5n 1000- till 1500-talen; flera tusen kvadratmeter av dessa m\u00e5lningar finns kvar i utm\u00e4rkt skick och exemplifierar den makedonska ikonografiskolan. \u00c5rliga evenemang inkluderar Ohrids sommarfestival f\u00f6r klassisk musik och drama, Struga Poetry Evenings \u2013 som sammankallar poeter fr\u00e5n \u00f6ver femtio l\u00e4nder \u2013 den internationella kamerafestivalen i Bitola, den \u00f6ppna ungdomsteaterfestivalen och Skopjes jazzfestival. Nationaloperan, som invigdes 1947 som Makedonska operan, satte upp sin f\u00f6rsta produktion av Cavalleria rusticana under dirigenten Branko Pomori\u0161ac; sedan 1972 presenterar majoperakv\u00e4llarna i Skopje tv\u00e5 till tre veckor med kv\u00e4llsf\u00f6rest\u00e4llningar, med b\u00f6rjan med Kiril Makedonskis Tsar Samuil.<\/p>\n<p>Kulinariska traditioner speglar landets l\u00e4ge i korsningen av Balkan-, Medelhavs- och Mellan\u00f6sterninfluenser. Ett varmt klimat ger rikligt med gr\u00f6nsaker, \u00f6rter och frukter, medan lokala mejerier och ving\u00e5rdar producerar uppskattade ostar och viner. Rakija, en fruktkonjak, serveras med tav\u010de grav\u010de \u2013 bakade b\u00f6nor med r\u00f6d paprika \u2013 som allm\u00e4nt anses vara nationalr\u00e4tten. Mastika, en anislik\u00f6r, \u00e4r nationaldrycken. Andra popul\u00e4ra specialiteter inkluderar \u0160opska-sallad, ajvar (rostad r\u00f6d paprika), fyllda paprikor och pastrmajlija (en sorts k\u00f6ttpaj).<\/p>\n<p>Stadsk\u00e4rnorna str\u00e4cker sig fr\u00e5n det vidstr\u00e4ckta storstadsomr\u00e5det Skopje, hem f\u00f6r mer \u00e4n en halv miljon inv\u00e5nare och fullt av ottomanska mosk\u00e9er, neoklassiska fasader, den medeltida f\u00e4stningen Kale och den ikoniska stenbron \u00f6ver Vardar, till mindre st\u00e4der som Bitola \u2013 med sina gamla stadsmurar, ottomanska basarer och moderna kaf\u00e9er \u2013 Kratovo, bel\u00e4get i en slocknad vulkankrater, och Kru\u0161evo, den h\u00f6gst bel\u00e4gna staden i landet och platsen f\u00f6r ett uppror 1878. Sj\u00f6staden Ohrid, ett UNESCO-v\u00e4rldsarv f\u00f6r sina kulturminnen och naturliga milj\u00f6, st\u00e5tar med en m\u00e4ngd bysantinska kyrkor, Sankt Johannes kyrka i Kaneo som klamrar sig fast p\u00e5 en klippa \u00f6ver vattnet och en av v\u00e4rldens finaste samlingar av slaviska ikoner. Dess systerstad, Struga, erbjuder liknande charm med en lugnare atmosf\u00e4r.<\/p>\n<p>Bortom stadsomr\u00e5dena vimlar landsbygden av sev\u00e4rdheter. Pelister nationalpark, den \u00e4ldsta i landet, hyser endemisk flora och fauna och tv\u00e5 glaciala &#034;Mountain Eyes&#034;-sj\u00f6ar. Mavrovo nationalpark omfattar landets h\u00f6gsta topp, Golem Korab, den djupa ravinen i floden Debar och Sveti Jovan Bigorski-klostret. Det s\u00e4llan bes\u00f6kta Jasen-reservatet n\u00e4ra Skopje erbjuder livsmilj\u00f6er f\u00f6r vilda djur och or\u00f6rda skogar. Andra intressanta platser inkluderar stenstaden Kuklica n\u00e4ra Kratovo, de medeltida tornen i Markovi Kuli vid Prilep och den arkeologiska platsen Stobi, som bevarar ruiner fr\u00e5n hellenistisk, romersk och tidig kristen fas.<\/p>\n<p>Sammanfattningsvis presenterar Nordmakedonien en v\u00e4v av historiska lager, m\u00e5ngsidiga landskap, klimatzoner och kulturella traditioner. Fr\u00e5n sitt forntida ursprung genom successiva imperier, socialistisk federation och fredlig sj\u00e4lvst\u00e4ndighet har landet skapat en distinkt identitet i hj\u00e4rtat av Balkan. Dess bergiga terr\u00e4ng, seismiskt aktiva dalar, kristallklara sj\u00f6ar och urbana landm\u00e4rken vittnar om en komplex fysisk geografi, medan dess demografiska mosaik, kulinariska specialiteter och livliga festivaler \u00e5terspeglar ett m\u00e5ngfaldigt arv. Som ett transportknutpunkt och kandidat f\u00f6r medlemskap i Europeiska unionen forts\u00e4tter Nordmakedonien att balansera ekonomiska reformer och kulturellt bevarande, och bjuder in b\u00e5de bes\u00f6kare och forskare att utforska dess best\u00e5ende arv och utvecklande framtid.<\/p>","protected":false},"excerpt":{"rendered":"<p>Nordmakedonien, officiellt Republiken Nordmakedonien, \u00e4r en landl\u00e5st nation bel\u00e4gen i syd\u00f6stra Europa, med en befolkning p\u00e5 ungef\u00e4r 1,83 miljoner inv\u00e5nare. Denna lilla nation ligger vid korsningen av Balkan och har gr\u00e4nser till Grekland i s\u00f6der, Albanien i v\u00e4ster, Bulgarien i \u00f6ster, Kosovo i nordv\u00e4st och Serbien i norr. Nationens strategiska position har varit mycket viktig f\u00f6r att forma dess rika och varierande historia, kultur och befolkning.<\/p>","protected":false},"author":1,"featured_media":2831,"parent":24078,"menu_order":0,"comment_status":"closed","ping_status":"closed","template":"elementor_theme","meta":{"_eb_attr":"","footnotes":""},"class_list":["post-12305","page","type-page","status-publish","has-post-thumbnail"],"_links":{"self":[{"href":"https:\/\/travelshelper.com\/sv\/wp-json\/wp\/v2\/pages\/12305","targetHints":{"allow":["GET"]}}],"collection":[{"href":"https:\/\/travelshelper.com\/sv\/wp-json\/wp\/v2\/pages"}],"about":[{"href":"https:\/\/travelshelper.com\/sv\/wp-json\/wp\/v2\/types\/page"}],"author":[{"embeddable":true,"href":"https:\/\/travelshelper.com\/sv\/wp-json\/wp\/v2\/users\/1"}],"replies":[{"embeddable":true,"href":"https:\/\/travelshelper.com\/sv\/wp-json\/wp\/v2\/comments?post=12305"}],"version-history":[{"count":0,"href":"https:\/\/travelshelper.com\/sv\/wp-json\/wp\/v2\/pages\/12305\/revisions"}],"up":[{"embeddable":true,"href":"https:\/\/travelshelper.com\/sv\/wp-json\/wp\/v2\/pages\/24078"}],"wp:featuredmedia":[{"embeddable":true,"href":"https:\/\/travelshelper.com\/sv\/wp-json\/wp\/v2\/media\/2831"}],"wp:attachment":[{"href":"https:\/\/travelshelper.com\/sv\/wp-json\/wp\/v2\/media?parent=12305"}],"curies":[{"name":"wp","href":"https:\/\/api.w.org\/{rel}","templated":true}]}}