{"id":12252,"date":"2024-09-15T20:08:02","date_gmt":"2024-09-15T20:08:02","guid":{"rendered":"https:\/\/travelshelper.com\/staging\/?page_id=12252"},"modified":"2026-03-12T19:24:46","modified_gmt":"2026-03-12T19:24:46","slug":"norge","status":"publish","type":"page","link":"https:\/\/travelshelper.com\/sv\/destinations\/europe\/norway\/","title":{"rendered":"Norge"},"content":{"rendered":"<p>Konungariket Norge ockuperar den v\u00e4stra och nordligaste delen av den skandinaviska halv\u00f6n i norra Europa och omfattar de avl\u00e4gsna arktiska \u00f6arna Jan Mayen och Svalbard. Bouvet\u00f6n i subantarktis \u00e4r ett beroende, medan Norge g\u00f6r anspr\u00e5k p\u00e5 de antarktiska territorierna Peter I-\u00f6n och Drottning Maud-landet. Fr\u00e5n och med fj\u00e4rde kvartalet 2024 uppgick befolkningen till 5 585 044, med Oslo som b\u00e5de huvudstad och st\u00f6rsta stad. Rikets totala yta m\u00e4ter 385 207 kvadratkilometer, inklusive Svalbard och Jan Mayen, eller 323 808 kvadratkilometer exklusive dem.<\/p>\n<p>Norge str\u00e4cker sig mellan latituderna 57\u00b0 och 81\u00b0 N och longituderna 4\u00b0 och 32\u00b0 \u00d6 och delar en 1 619 kilometer l\u00e5ng landgr\u00e4ns med Sverige, 727 kilometer med Finland och 196 kilometer med Ryssland. Dess vidstr\u00e4ckta kustlinje vetter mot Skagerraksundet, Nordsj\u00f6n, Norska havet och Barentshavet. Baslinjen l\u00e4ngs fastlandets kust m\u00e4ter 2 532 kilometer, medan den totala kustlinjen \u2013 med fjordar i ber\u00e4kningen \u2013 str\u00e4cker sig till 28 953 kilometer. Inklusive \u00f6ar stiger den siffran till uppskattningsvis 100 915 kilometer. De skandinaviska fj\u00e4llen utg\u00f6r en stor del av den \u00f6stra gr\u00e4nsen mot Sverige.<\/p>\n<p>Mycket av Norges terr\u00e4ng \u00e5terspeglar \u00e5rtusenden av glaci\u00e4rformning. Fjordarna, framf\u00f6r allt Sognefjorden med sina 204 kilometer l\u00e4ngd och v\u00e4rldens n\u00e4st djupaste, skapar djupa vikar i kusten. Hornindalsvatnet, Europas djupaste sj\u00f6, n\u00e5r l\u00e5ngt \u00f6ver 500 meter p\u00e5 djupet. Norge har cirka 400 000 sj\u00f6ar och 239 057 registrerade \u00f6ar. Permafrost finns kvar \u00e5ret runt i h\u00f6gt bel\u00e4gna bergsomr\u00e5den och \u00f6ver Finnmarks inland, medan glaci\u00e4rer fortfarande \u00e4r m\u00e5nga p\u00e5 h\u00f6glandet. Berggrunden best\u00e5r huvudsakligen av h\u00e5rd granit och gnejs, med skiffer, sandsten och kalksten p\u00e5 l\u00e4gre h\u00f6jder, och marina avlagringar l\u00e4ngs kustsl\u00e4tterna.<\/p>\n<p>Norges klimat varierar markant fr\u00e5n kusten till h\u00f6glandet i inlandet. Golfstr\u00f6mmen och de r\u00e5dande v\u00e4stliga vindarna h\u00f6jer temperaturen l\u00e4ngs kusterna \u00f6ver f\u00f6rv\u00e4ntan f\u00f6r s\u00e5dana nordliga breddgrader och \u00f6kar nederb\u00f6rden. L\u00e5glandet runt Oslo upplever de varmaste somrarna men t\u00e5l fortfarande sn\u00f6 och kalla vintrar. Kustomr\u00e5den som uts\u00e4tts f\u00f6r atlantiska stormar f\u00e5r rikligt med nederb\u00f6rd, medan l\u00e4sidorna av kustbergen ligger i regnskugga och registrerar l\u00e4gre nederb\u00f6rd. Troms\u00f8, i den arktiska norra delen, registrerade en g\u00e5ng 430 soltimmar p\u00e5 en enda m\u00e5nad. Ovanf\u00f6r polcirkeln r\u00e5der midnattssolen fr\u00e5n slutet av maj till slutet av juli; nedanf\u00f6r den kan dagsljuset n\u00e5 upp till 20 timmar per dag. Omv\u00e4nt varar polarnatten fr\u00e5n slutet av november till slutet av januari i norra territorier, med minimalt dagsljus p\u00e5 andra h\u00e5ll. Klimatzonerna str\u00e4cker sig fr\u00e5n oceanisk och subpol\u00e4r oceanisk l\u00e4ngs kusterna, genom fuktig kontinental i delar av sydost, till maritim subarktisk och arktisk tundra i norr och p\u00e5 Svalbard.<\/p>\n<p>Det enade kungariket Norge kan sp\u00e5ras till konsolideringen av sm\u00e5riken \u00e5r 872. Fr\u00e5n 1537 till 1814 ingick det i unionen Danmark-Norge, varefter det ingick en personalunion med Sverige fram till 1905. Norge f\u00f6rblev neutralt under f\u00f6rsta v\u00e4rldskriget och inledningsvis under andra v\u00e4rldskriget fram till den tyska invasionen i april 1940, och ockuperades fram till 1945.<\/p>\n<p>Enligt sin konstitution fr\u00e5n 1814 fungerar Norge som en enhetsstat med konstitutionell monarki. Kung Harald V av huset Gl\u00fccksburg innehar tronen, medan Jonas Gahr St\u00f8re har innehaft statsminister\u00e4mbetet sedan 2021. Den lagstiftande makten ligger i Stortinget, den verkst\u00e4llande makten i regeringen och den d\u00f6mande makten i H\u00f6gsta domstolen. Administrativa indelningar best\u00e5r av l\u00e4n (fylker) och kommuner (kommuner). Sametinget, med st\u00f6d av Finnmarkslagen, ger den urbefolkning som samer begr\u00e4nsad sj\u00e4lvbest\u00e4mmander\u00e4tt \u00f6ver traditionella territorier.<\/p>\n<p>Norge uppr\u00e4tth\u00e5ller n\u00e4ra diplomatiska och ekonomiska band med Europeiska unionen genom Europeiska ekonomiska samarbetsomr\u00e5det, deltar i Schengenomr\u00e5det och samarbetar i stor utstr\u00e4ckning med USA. Landet \u00e4r grundande medlemmar i FN, Nato, Europeiska frihandelssammanslutningen, Europar\u00e5det, Antarktisf\u00f6rdraget och Nordiska r\u00e5det, och \u00e4r medlem i V\u00e4rldshandelsorganisationen och OECD. Norska dialekter \u00e4r fortfarande \u00f6msesidigt begripliga med de i Danmark och Sverige.<\/p>\n<p>Den norska v\u00e4lf\u00e4rdsmodellen erbjuder universell sjukv\u00e5rd och omfattande social trygghet baserad p\u00e5 j\u00e4mlikhetsprinciper. Staten har majoritets- eller betydande \u00e4garandel i strategiska sektorer, inklusive petroleum, naturgas, mineraler, virke, fisk och skaldjur och vattenkraft. Olje- och gasutvinning bidrar med ungef\u00e4r en fj\u00e4rdedel av bruttonationalprodukten, och Norge rankas som den st\u00f6rsta producenten per capita av dessa resurser utanf\u00f6r Mellan\u00f6stern. Inkomsten per capita placerar Norge bland de h\u00f6gsta globalt \u2013 fj\u00e4rde enligt V\u00e4rldsbankens m\u00e4tv\u00e4rden och \u00e5ttonde enligt IMF. Tillg\u00e5ngarna i statliga f\u00f6rm\u00f6genhetsfonder uppg\u00e5r till cirka 1,3 biljoner USD, vilket \u00e4r v\u00e4rldens st\u00f6rsta.<\/p>\n<p>M\u00e4tt i BNP per capita rankas Norge tv\u00e5a bland europeiska nationer, efter Luxemburg, och sj\u00e4tte i v\u00e4rlden baserat p\u00e5 k\u00f6pkraftsparitet. Landet har fungerat som en netto extern borgen\u00e4r av skulder och \u00e5tertog toppositionen i FN:s utvecklingsprograms index f\u00f6r m\u00e4nsklig utveckling \u00e5r 2009. Norges stabilitet och institutionella integritet gav landet den l\u00e4gsta rankningen p\u00e5 indexet \u00f6ver misslyckade stater b\u00e5de 2009 och 2023.<\/p>\n<p>Blandekonomin k\u00e4nnetecknas av ett robust privat f\u00f6retagande tillsammans med ett betydande statligt deltagande. Offentlig sjukv\u00e5rd har en blygsam \u00e5rlig avgift f\u00f6r vuxna \u00f6ver 16 \u00e5r, och f\u00f6r\u00e4ldraledigheten str\u00e4cker sig i 46 veckor med l\u00f6n. I februari 2025 l\u00e5g arbetsl\u00f6sheten p\u00e5 3,9 procent, med 69,7 procent av personerna i \u00e5ldrarna 15\u201374 \u00e5r i arbete. Invaliditetsers\u00e4ttningen n\u00e5dde 10,6 procent av personerna i \u00e5ldrarna 18\u201367 \u00e5r, och den statliga syssels\u00e4ttningen stod f\u00f6r 30 procent av arbetskraften. Genomsnittlig timproduktivitet och l\u00f6ner rankas bland de h\u00f6gsta i v\u00e4rlden.<\/p>\n<p>Geografisk spridning och ol\u00e4ndig terr\u00e4ng har format transportinfrastrukturen. Kollektivtrafiken \u00e4r underutvecklad i f\u00f6rh\u00e5llande till andra europeiska stater, s\u00e4rskilt utanf\u00f6r st\u00e4derna. Norges j\u00e4rnv\u00e4gsn\u00e4t omfattar 4 114 kilometer standardsp\u00e5rvidd, varav 62 procent \u00e4r elektrifierad med 15 kV 16,7 Hz AC; 64 kilometer st\u00f6der hastigheter upp till 210 km\/h. \u00c5r 2023 transporterade j\u00e4rnv\u00e4gen 78,22 miljoner passagerare \u00f6ver 3 153 miljoner personkilometer och 32,23 miljoner ton gods \u00f6ver 3 928 miljoner tonkilometer. Bane NOR \u00e4ger n\u00e4tverket; operat\u00f6rerna inkluderar Vy, SJ, Go-Ahead och Flytoget f\u00f6r persontrafik, samt CargoNet och OnRail f\u00f6r godstrafik. Statliga budgetar finansierar investeringar och underh\u00e5ll, kompletterat med driftsst\u00f6d.<\/p>\n<p>Det allm\u00e4nna v\u00e4gn\u00e4tet str\u00e4cker sig 95 120 kilometer, varav 72 033 kilometer \u00e4r asfalterade och 664 kilometer \u00e4r motorv\u00e4gar. Rutter som klassificeras som nationella v\u00e4gar och prim\u00e4ra l\u00e4nsv\u00e4gar integreras i det europeiska v\u00e4gn\u00e4tet, s\u00e4rskilt E6 som l\u00f6per l\u00e4ngs hela landet fr\u00e5n norr till s\u00f6der och E39 som g\u00e5r l\u00e4ngs v\u00e4stkusten. Statens vegvesen \u00f6vervakar nationella v\u00e4gar och l\u00e4nsv\u00e4gar.<\/p>\n<p>Norge \u00e4r v\u00e4rldsledande n\u00e4r det g\u00e4ller laddbara elbilar per capita; i mars 2014 k\u00f6rdes \u00f6ver en av 100 personbilar p\u00e5 v\u00e4garna p\u00e5 el. Andelen elbilar som s\u00e4ljs av elbilar \u00e4r fortfarande den h\u00f6gsta globalt. Lagf\u00f6rslag syftar till ett f\u00f6rbud mot nyf\u00f6rs\u00e4ljning av bensin- och dieselbilar redan 2025.<\/p>\n<p>Flygbranschen omfattar cirka 146 flygplatser, 52 offentliga och 43 drivs av det statligt \u00e4gda Avinor. Sju flygplatser hanterar \u00f6ver en miljon passagerare \u00e5rligen; den totala passagerarfl\u00f6det n\u00e5dde \u00f6ver 41 miljoner \u00e5r 2007. Oslos flygplats, Gardermoen, ligger 35 kilometer nordost om huvudstaden och fungerar som den viktigaste internationella porten. Den fungerar som ett nav f\u00f6r Scandinavian Airlines, Norwegian Air Shuttle och regionala flygbolag och erbjuder direktf\u00f6rbindelser \u00f6ver hela Europa och till utvalda interkontinentala destinationer. Ett h\u00f6ghastighetst\u00e5g f\u00f6rbinder flygplatsen med Oslos centralstation var tionde minut under en 20-minutersresa.<\/p>\n<p>Turismen bidrog med 4,2 procent av BNP \u00e5r 2016, med en av femton norrm\u00e4n anst\u00e4lld inom sektorn. S\u00e4songsvariationerna n\u00e5r sin topp mellan maj och augusti, d\u00e5 \u00f6ver h\u00e4lften av alla bes\u00f6kare anl\u00e4nder. De varierade landskapen \u2013 fjordar, berg, skidorter, sj\u00f6ar och skogar \u2013 f\u00f6rankrar Norges attraktionskraft. Viktiga urbana destinationer inkluderar Oslo, \u00c5lesund, Bergen, Stavanger, Trondheim, Kristiansand, Troms\u00f8, Fredrikstad och T\u00f8nsberg. Bes\u00f6kare bes\u00f6ker ocks\u00e5 ofta naturplatser som Atlanterhavsveien, Hardangervidda, Jostedalsbreen, Jotunheimen, Lofoten och klippan vid Nordkapp. Kulturella landm\u00e4rken str\u00e4cker sig fr\u00e5n Holmenkollen och Vigeland-anl\u00e4ggningen i Oslo till Bryggen i Bergen, Nidarosdomen i Trondheim och f\u00e4stningsruinerna i T\u00f8nsberg och Fredrikstad.<\/p>\n<p>Etniska norrm\u00e4n utg\u00f6r ett nordgermanskt folk. Den totala fertilitetsgraden \u00e5r 2023 l\u00e5g p\u00e5 1,40 barn per kvinna, vilket \u00e4r under ers\u00e4ttningsniv\u00e5n p\u00e5 2,1, och en minskning fr\u00e5n en topp p\u00e5 4,69 \u00e5r 1877. Median\u00e5ldern n\u00e5dde 40 \u00e5r \u00e5r 2024. Samerna, som \u00e4r inf\u00f6dda i de arktiska regionerna i Norge, Sverige, Finland och Rysslands Kolahalv\u00f6n, och kv\u00e4nerna, \u00e4ttlingar till finska migranter, utg\u00f6r erk\u00e4nda minoriteter. Statlig f\u00f6rnorskningspolitik under 1800- till 1900-talen ledde till att m\u00e5nga med samisk eller kv\u00e4nsk h\u00e4rkomst identifierade sig som etniska norrm\u00e4n.<\/p>\n<p>Norsk kultur har starka band till sitt jordbruksf\u00f6rflutna. 1800-talets romantiska nationalism som uppstod kring g\u00e5rdstraditioner formade spr\u00e5k, litteratur, konst och musik \u2013 ett inflytande som fortfarande \u00e4r tydligt idag genom statligt st\u00f6d till kulturinstitutioner och projekt. Det arkitektoniska arvet str\u00e4cker sig fr\u00e5n medeltida stavkyrkor \u2013 Urnes stavkyrka har UNESCO:s v\u00e4rldsarvsstatus \u2013 till tr\u00e4fasaderna p\u00e5 Bryggen Wharf. Stenkatedraler, barockkyrkor i Kongsberg och gruvarbetarbost\u00e4der i tr\u00e4 i R\u00f8ros vittnar om p\u00e5 varandra f\u00f6ljande epoker. Christian H. Groschs tidiga 1800-talsritningar inkluderar Oslos universitet och Oslob\u00f6rsen. Rekonstruktionen av \u00c5lesund 1904 introducerade jugendstil i Norge, medan funktionalismen fick framtr\u00e4dande plats p\u00e5 1930-talet. Arkitekter fr\u00e5n slutet av 1900-talet vann internationellt erk\u00e4nnande; Sametingets tr\u00e4kantade debattssal n\u00e4ra K\u00e1r\u00e1\u0161johka p\u00e5minner om den traditionella lavvon.<\/p>\n<p>K\u00f6ket speglar maritima och jordbruksrelaterade resurser. Sj\u00f6mat som lax, sill, \u00f6ring och torsk f\u00f6rekommer tillsammans med ostar som brunost, jarlsberg och gamalost, mejeriprodukter och t\u00e4tt br\u00f6d. S\u00e4songsbetonade specialiteter inkluderar lefse, ett potatisbr\u00f6d serverat med sm\u00f6r och socker; konserverade och fermenterade r\u00e4tter som lutefisk, smalahove, pinnekj\u00f8tt, raspeball, f\u00e5rik\u00e5l och rakefisk; och den utbredda v\u00e5ffeln.<\/p>\n<p>Norges sex fastlandsregioner \u2013 \u00d8stlandet som omger Oslo; Tr\u00f8ndelag; Nordnorge; Agder; V\u00e4stnorge och inlandet \u2013 uppvisar varierande terr\u00e4ng och kulturella traditioner. Svalbards arktiska milj\u00f6 \u00e4r hemvist f\u00f6r isbj\u00f6rnar och satellitinstallationer, medan Jan Mayen i stort sett f\u00f6rblir o\u00e5tkomlig utan s\u00e4rskilt tillst\u00e5nd.<\/p>\n<p>Sedan \u00e5terf\u00f6reningen \u00e5r 872 har Norge uppr\u00e4tth\u00e5llit en kontinuerlig stat i \u00f6ver elva \u00e5rhundraden. Dess blandning av konstitutionell monarki, parlamentarisk demokrati och omfattande v\u00e4lf\u00e4rdsbest\u00e4mmelser ligger till grund f\u00f6r h\u00f6g levnadsstandard, ekonomisk motst\u00e5ndskraft och politisk stabilitet. Rika naturtillg\u00e5ngar, fr\u00e5n petroleumreserver till vattenkraft och fiske, st\u00f6der en blandad ekonomi och v\u00e4rldens st\u00f6rsta statliga f\u00f6rm\u00f6genhetsfond. M\u00e5ngsidiga klimat och landskap ger stor turistattraktion, fr\u00e5n midnattssolsupplevelser ovanf\u00f6r polcirkeln till fjordutflykter i V\u00e4stnorge. Den best\u00e5ende kulturella avtrycken av bondg\u00e5rdstraditioner, litter\u00e4ra och arkitektoniska prestationer och pulserande stadscentra formar en nationell identitet som formas av geografi, historia och social j\u00e4mlikhet.<\/p>","protected":false},"excerpt":{"rendered":"<p>Norge, formellt k\u00e4nt som kungariket Norge, \u00e4r en nordisk nation som ligger i norra Europa p\u00e5 den skandinaviska halv\u00f6n, med en befolkning p\u00e5 5 576 660 fr\u00e5n och med 2024. En del av kungariket Norge \u00e4r ocks\u00e5 den isolerade arktiska \u00f6n Jan Mayen och sk\u00e4rg\u00e5rden Svalbard. Inte en del av kungariket, Bouvet\u00f6n, i Subantarktis \u00e4r ett beroende; Norge g\u00f6r ocks\u00e5 anspr\u00e5k p\u00e5 det antarktiska territoriet Peter I Island och Queen Maud Land. Oslo \u00e4r b\u00e5de huvudstad och st\u00f6rsta stad i Norge.<\/p>","protected":false},"author":1,"featured_media":3041,"parent":24078,"menu_order":0,"comment_status":"closed","ping_status":"closed","template":"elementor_theme","meta":{"_eb_attr":"","footnotes":""},"class_list":["post-12252","page","type-page","status-publish","has-post-thumbnail"],"_links":{"self":[{"href":"https:\/\/travelshelper.com\/sv\/wp-json\/wp\/v2\/pages\/12252","targetHints":{"allow":["GET"]}}],"collection":[{"href":"https:\/\/travelshelper.com\/sv\/wp-json\/wp\/v2\/pages"}],"about":[{"href":"https:\/\/travelshelper.com\/sv\/wp-json\/wp\/v2\/types\/page"}],"author":[{"embeddable":true,"href":"https:\/\/travelshelper.com\/sv\/wp-json\/wp\/v2\/users\/1"}],"replies":[{"embeddable":true,"href":"https:\/\/travelshelper.com\/sv\/wp-json\/wp\/v2\/comments?post=12252"}],"version-history":[{"count":0,"href":"https:\/\/travelshelper.com\/sv\/wp-json\/wp\/v2\/pages\/12252\/revisions"}],"up":[{"embeddable":true,"href":"https:\/\/travelshelper.com\/sv\/wp-json\/wp\/v2\/pages\/24078"}],"wp:featuredmedia":[{"embeddable":true,"href":"https:\/\/travelshelper.com\/sv\/wp-json\/wp\/v2\/media\/3041"}],"wp:attachment":[{"href":"https:\/\/travelshelper.com\/sv\/wp-json\/wp\/v2\/media?parent=12252"}],"curies":[{"name":"wp","href":"https:\/\/api.w.org\/{rel}","templated":true}]}}