{"id":12078,"date":"2024-09-15T13:58:27","date_gmt":"2024-09-15T13:58:27","guid":{"rendered":"https:\/\/travelshelper.com\/staging\/?page_id=12078"},"modified":"2026-03-12T19:44:31","modified_gmt":"2026-03-12T19:44:31","slug":"lissabon","status":"publish","type":"page","link":"https:\/\/travelshelper.com\/sv\/destinations\/europe\/portugal\/lisbon\/","title":{"rendered":"Lissabon"},"content":{"rendered":"<p>Lissabon, en forntida huvudstad bel\u00e4gen d\u00e4r flod och hav m\u00f6ts, framst\u00e5r vid f\u00f6rsta anblicken som en stad av v\u00e4lm\u00e4tt elegans och diskret storslagenhet. Med 567 131 inv\u00e5nare inom sina 100,05 kvadratkilometer kommungr\u00e4nser och n\u00e4stan 3 028 000 inv\u00e5nare i det bredare storstadsomr\u00e5det \u00e5r 2025, st\u00e5r den som Portugals politiska, ekonomiska och kulturella hj\u00e4rtepunkt. Bel\u00e4gen p\u00e5 sju kullar vid floden Tejos breda mynning, d\u00e4r s\u00f6tvatten blandas med Atlantens saltlake, upptar Lissabon den v\u00e4stligaste kanten av det europeiska fastlandet och omfattar inom sina gr\u00e4nser den b\u00f6rdiga skogsparken Monsanto \u2013 en tio kvadratkilometer stor gr\u00f6n lunga som skyddar poliser, joggare och familjer under sitt tak.<\/p>\n<p>Fr\u00e5n sina tidigaste dagar som en bos\u00e4ttning f\u00f6r f\u00f6rkeltiska stammar, via fenicisk odling och romersk titling som Felicitas Julia Olissipo, har Lissabon byggt upp lager av m\u00e4nsklig str\u00e4van utan att offra sin grundl\u00e4ggande karakt\u00e4r. Visigoterna omformade sitt styre under 400-talet; moriskt styre under 700-talet introducerade nya arkitektoniska och kulturella str\u00f6mningar som lever kvar i stadsdelsnamn och smala gator; och \u00e5terer\u00f6vringen 1147 under Afonso Henriques banade v\u00e4g f\u00f6r dess upph\u00f6jelse till huvudstad \u00e5r 1255. Varje epok har l\u00e4mnat ett avtryck i stadens struktur, synligt i det rektangul\u00e4ra, breda Baixa-distriktet och i de slingrande gr\u00e4nderna i Alfama-kvarteret, d\u00e4r f\u00e4rgglada kakelfasader och smidesj\u00e4rnsbalkonger st\u00e5r som tysta vittnen till \u00e5rhundraden av omv\u00e4lvningar och f\u00f6rnyelse.<\/p>\n<p>Klimatet definierar livets rytmer i Lissabon. Staden, som klassificeras som medelhavsstad (K\u00f6ppen Csa), njuter av svala, regniga vintrar och varma, torra somrar. Den \u00e5rliga medeltemperaturen ligger p\u00e5 17,6 \u00b0C, med dagliga h\u00f6gsta temperaturer runt 21,7 \u00b0C och l\u00e4gsta temperaturer runt 13,6 \u00b0C. Vinterdagarna i januari sjunker s\u00e4llan under 14 \u00b0C, medan sommareftermiddagarna i augusti kan stiga till 32 \u00b0C, mildrat av atlantbrisar och modererat av Azorerna. Metropolen har cirka 2 875 soltimmar varje \u00e5r, en av Europas h\u00f6gsta totala m\u00e4ngder, och nederb\u00f6rden \u00e4r koncentrerad till h\u00f6sten och vintern, vilket g\u00f6r juli och augusti n\u00e4stan regnfria.<\/p>\n<p>Ett m\u00e5ttfullt lugn genomsyrar Lissabon i j\u00e4mf\u00f6relse med andra europeiska huvudst\u00e4der. Trafiken, trots att den \u00e4r n\u00e4rvarande, ger l\u00e4ttare v\u00e4gledning f\u00f6r fotg\u00e4ngare; stadens ber\u00f6mda sp\u00e5rvagnar \u2013 sm\u00e5 fyrhjuliga fordon importerade 1901 fr\u00e5n USA \u2013 skramlar genom smala, branta gator och v\u00e4cker nostalgi mer \u00e4n besv\u00e4r. Dessa historiska el\u00e9tricos kompletteras av ett effektivt tunnelbanen\u00e4tverk med fyra f\u00e4rgkodade linjer och 56 stationer, som f\u00f6rbinder flygplatser och f\u00f6rorter p\u00e5 ungef\u00e4r tjugofem minuter. Ovanf\u00f6r marken breder pendelt\u00e5g ut sig till Sintra, Cascais och Set\u00fabal; bussar som drivs av Carris och pendelt\u00e5gslinjer fr\u00e5n Carris Metropolitana och Barraqueiro pryder den urbana v\u00e4ven; och f\u00e4rjor korsar Tejo till Cacilhas, Seixal och andra flodsamh\u00e4llen. Tv\u00e5 monumentala broar str\u00e4cker sig \u00f6ver flodmynningen: h\u00e4ngbron 25 de Abril fr\u00e5n 1966 och Vasco da Gama, en 17,2 kilometer l\u00e5ng struktur som invigdes 1998. Planerna p\u00e5 en tredje \u00f6verg\u00e5ng ligger fortfarande p\u00e5 is.<\/p>\n<p>Staden uttrycker sig genom sexton historiska och moderna distrikt, vart och ett med en identitet s\u00e5 levande att lokalbefolkningen g\u00f6r sig av med formella gr\u00e4nser. I Alc\u00e2ntara inrymmer tidigare adelsg\u00e5rdar och palats fr\u00e5n 1500- till 1800-talet nu museer, offentliga arkiv och kreativa nav. LX Factory \u00e5terupplivar industriarvet som en blandning av gallerier, butiker och restauranger; Village Underground omformar fraktcontainrar och bussar till scener och kontor; och Pilar 7 l\u00e5ter bes\u00f6kare utforska grunden f\u00f6r 25 de Abril-bron. Konserthus, kongresscenter och bibliotek delar utsikt \u00f6ver vattnet med nattklubbar i ombyggda hamnar, d\u00e4r stadens ungdomar m\u00f6ts mitt i sorlet av elektroniska rytmer.<\/p>\n<p>Alfama str\u00e4cker sig fr\u00e5n S\u00e3o Jorge-slottet ner till floden, ett bevis p\u00e5 motst\u00e5ndskraft. Dess labyrint av smala gr\u00e4nder skyddade otaliga byggnader fr\u00e5n jordb\u00e4vningen 1755 och bevarade 1700-talsarkitektur som rymmer Fado-barer, museer och enkla hem. H\u00e4r driver de melankoliska tonerna av Portugals nationalmusik f\u00f6rbi kakelkl\u00e4dda fasader och \u00f6ver sm\u00e5 torg, medan de \u00e5rliga Festas de Santo Ant\u00f3nio f\u00f6rvandlar distriktet till en tabl\u00e5 av gemenskap, gatufester och gemensam andakt.<\/p>\n<p>Intill Alfama ligger Mouraria \u2013 en g\u00e5ng hemvist f\u00f6r stadens muslimska och judiska befolkning efter Reconquistan \u2013 och har beh\u00e5llit sp\u00e5r av arabiskt inflytande trots att rivningar under 1900-talet raderade ut mycket av dess medeltida struktur. Bairro Alto, som ligger h\u00f6gt ovanf\u00f6r Chiado, pulserar p\u00e5 natten med barer och klubbar som tillgodoser olika subkulturer: punk, metal, hiphop, reggae och HBTQ-grupper blandas i smala gator som \u00e5terg\u00e5r till lugna bostadskvarter i gryningen.<\/p>\n<p>Chiado, \u00e5terf\u00f6tt efter en f\u00f6r\u00f6dande brand 1988, \u00e4r fortfarande Lissabons intellektuella hj\u00e4rta. Bokhandlar, kaf\u00e9er och butiker kantar gatorna, d\u00e4r poeten Fernando Pessoa en g\u00e5ng smuttade p\u00e5 espresso p\u00e5 A Brasileira. Restaureringen ledd av Siza Vieira \u00e5terst\u00e4llde fasader och moderna interi\u00f6rer fr\u00e5n 1700- och 1800-talet och sammanfogade d\u00e5tid och nutid till ett s\u00f6ml\u00f6st kulturellt distrikt.<\/p>\n<p>Nedanf\u00f6r Chiado ligger Baixa, Pombalines centrum som \u00e5teruppbyggdes av Sebasti\u00e3o Jos\u00e9 de Carvalho e Melo efter jordb\u00e4vningen 1755. Dess ortogonala rutn\u00e4t och jordb\u00e4vningsbest\u00e4ndiga burstrukturer exemplifierar upplysningens stadsdesign. Pra\u00e7a do Com\u00e9rcio, med sin triumfb\u00e5ge Rua Augusta, blickar mot Tejo och p\u00e5minner om kejserliga resor och samtida handel.<\/p>\n<p>V\u00e4ster om centrum har Beato lagt sin tillverkningsdr\u00e4kt p\u00e5 hyllan f\u00f6r samtida konst och gourmetrestauranger. Gallerier inhyser tidigare fabriker; Nationalmuseet f\u00f6r Azulejo och Palacio do Grilo v\u00e4ntar p\u00e5 de nyfikna; och nationella publikationer har f\u00f6reb\u00e5dat omr\u00e5dets kreativa \u00e5teruppg\u00e5ng.<\/p>\n<p>Bel\u00e9m, f\u00f6delseplatsen f\u00f6r portugisiska uppt\u00e4ckter, \u00e4r fortfarande en pilgrimsf\u00e4rdsplats f\u00f6r historieentusiaster. Det utsmyckade Jer\u00f3nimos-klostret och det krenelerade Bel\u00e9m-tornet, byggt under Manuel I, bokst\u00f6det Pra\u00e7a do Imp\u00e9rios tr\u00e4dg\u00e5rdar. Padr\u00e3o dos Descobrimentos firar navigat\u00f6rer under ett stort vindformat segel, medan Centret f\u00f6r portugisisktalande kulturer och Ajuda-palatset \u2013 oavslutat men kungligt \u2013 vittnar om kungligt beskydd. I n\u00e4rheten ankar Est\u00e1dio do Restelo lokal sport.<\/p>\n<p>Estrela kr\u00f6ner Lissabons v\u00e4stra kulle med sin basilika, dubbla klocktorn och neoklassiska kupol, synlig p\u00e5 avst\u00e5nd. Intill ligger S\u00e3o Bento-palatset, d\u00e4r f\u00f6rsamlingen \u00e4r residens, medan Estrela-parken, som \u00e4r rik p\u00e5 subtropisk flora och prydd med skulpturer, erbjuder avkoppling och familjev\u00e4nliga evenemang runt sitt Estufa Fria-v\u00e4xthus.<\/p>\n<p>P\u00e5 \u00e5tervunnen Expo-98-mark f\u00f6rkroppsligar Parque das Na\u00e7\u00f5es Lissabons v\u00e4ndning mot framtiden. Calatravas Gare do Oriente liknar en solig gotisk katedral av st\u00e5l och glas; l\u00e4ngs dess k\u00f6pcentra str\u00e4cker sig restauranger, Ocean\u00e1rio \u2013 v\u00e4rldens n\u00e4st st\u00f6rsta akvarium \u2013 och Altice Arena, som arrangerar evenemang av global skala. Kasinot och FIL-utst\u00e4llningshallen ut\u00f6kar ytterligare distriktets kosmopolitiska r\u00e4ckvidd.<\/p>\n<p>Ut\u00f6ver det byggda arvet fr\u00e4mjar Lissabon en m\u00e4ngd kulturinstitutioner. Nationalmuseet f\u00f6r antikviteter rymmer en omfattande samling europeiska och asiatiska f\u00f6rem\u00e5l; Nationalmuseet f\u00f6r diligenser bevarar kungliga vagnar; och Nationalmuseet f\u00f6r kakel hyllar azulejo-hantverk i ett tidigare kloster. Samtida verk pryder Gulbenkianmuseet, MAAT och Orientmuseet, medan mindre hus som Elektricitetsmuseet och Museu Benfica berikar den tematiskt utforskande.<\/p>\n<p>Lissabons scenkonst frodas i S\u00e3o Carlos-operan, D. Maria II-teatern och Cam\u00f5es-scenen. Festivaler animerar kalender\u00e5ret: dokument\u00e4r-, animations- och maskfestivaler; Lissabons bokm\u00e4ssa; det gastronomiska evenemanget Lissabon Fish and Flavours; och HBTQ+-filmfestivalen lockar alla lokala och internationella publiker. Staden \u00e4r ocks\u00e5 v\u00e4rd f\u00f6r arkitekturtriennalen, mode i Lissabon, ExperimentaDesign och en biennal f\u00f6r ljuskonst, vilket understryker dess roll som en kreativ huvudstad.<\/p>\n<p>\u00c5rliga h\u00f6gtider knyter samman staden med dess helgon och historia. Den 13 juni hedrar Sankt Antonius med gatuprocessioner och musik. Sankt Vincent, trots sin skyddshelgon, inspirerar till stillsammare andakt, och hans reliker f\u00f6rvaras i S\u00e9-katedralen. Vid s\u00e4llsynta tillf\u00e4llen av global betydelse v\u00e4lkomnade Lissabon Eurovision Song Contest i maj 2018 och V\u00e4rldsungdomsdagen i augusti 2023, vilket lockade pilgrimer och turister till sina sju kullar.<\/p>\n<p>Lissabons ekonomi vilar p\u00e5 tj\u00e4nster, med de flesta multinationella huvudkontoren bel\u00e4gna i Grande Lisboa. Regionen st\u00e5r f\u00f6r \u00f6ver trettioen procent av Portugals BNP och hyser n\u00e4stan tjugoett tusen miljon\u00e4rer \u2013 vilket g\u00f6r den till den elfte rankade europeiska staden sett till miljon\u00e4rsantal \u2013 och fjorton miljard\u00e4rer. Industrin finns kvar l\u00e4ngs s\u00f6dra stranden, med oljeraffinaderier, skeppsvarv och textilfabriker som fortfarande \u00e4r i drift, med st\u00f6d av en av Europas mest trafikerade hamnar.<\/p>\n<p>Transportstatistik visar hur kollektivtrafiken ser ut: en genomsnittlig pendlare i Lissabon spenderar 59 minuter dagligen p\u00e5 t\u00e5g, sp\u00e5rvagn och buss, v\u00e4ntar fjorton minuter vid h\u00e5llplatser och reser ungef\u00e4r sex kilometer per resa. Tio procent g\u00f6r resor som \u00f6verstiger tolv kilometer, medan \u00f6ver elva procent spenderar mer \u00e4n tv\u00e5 timmar varje vardag i kollektivtrafiken.<\/p>\n<p>Cykling har vunnit mark sedan pandemin, tack vare att Gira-cykeldelningssystemet har expanderat till 2 600 elcyklar och vanliga cyklar samt \u00f6ver 146 dockningsstationer. Antalet t\u00e4ckta cykelv\u00e4gar \u00f6verstiger nu 200 kilometer och kommer att \u00f6ka, vilket fr\u00e4mjar en lugnare v\u00e4g till Lissabons ih\u00e5llande backar.<\/p>\n<p>Slutligen inkluderar stadens v\u00e4gar tre ringv\u00e4gar \u2013 Segunda Circular, CRIL och CREL \u2013 som f\u00f6rbinder centrala distrikt med f\u00f6rorter och nationella motorv\u00e4gar. Humberto Delgado flygplats, Portugals mest trafikerade, betj\u00e4nade \u00f6ver 35 miljoner passagerare \u00e5r 2024 och fungerar som ett nav f\u00f6r TAP Portugal och l\u00e5gprisflygbolag. En andra flygplats i Alcochete planeras f\u00f6r att tillgodose framtida tillv\u00e4xt, medan Cascais Aerodrome erbjuder regionala f\u00f6rbindelser.<\/p>\n<p>I sin sammansatta form syntetiserar Lissabon \u00e5rtusenden av bos\u00e4ttning och omvandling inom ett kompakt omr\u00e5de. Staden erbjuder v\u00e4rdiga offentliga utrymmen och gator som b\u00e4r sp\u00e5r av b\u00e5de er\u00f6vring och kreativitet. H\u00e4r samexisterar historiens str\u00e4ngheter med samtida innovation; gener\u00f6st solljus v\u00e4rmer kalkstensfasader, och Tejo flyter fram p\u00e5 en g\u00e5ng som vaktpost och k\u00e4lla till f\u00f6rnyelse. Detta \u00e4r en stad som inte ropar efter uppm\u00e4rksamhet, men som utan anstr\u00e4ngning beh\u00e4rskar den genom subtila kontraster och f\u00f6rfinad kontinuitet \u2013 en stad byggd p\u00e5 kullar, men uppr\u00e4tth\u00e5llen av en best\u00e5ende anda.<\/p>","protected":false},"excerpt":{"rendered":"<p>Lissabon, Portugals huvudstad och st\u00f6rsta stad, \u00e4r en dynamisk metropol som ligger p\u00e5 den v\u00e4stra kanten av den iberiska halv\u00f6n. Lissabon \u00e4r ett stort europeiskt stadscentrum med en f\u00f6rv\u00e4ntad befolkning p\u00e5 567 131 inom dess administrativa gr\u00e4nser fr\u00e5n 2023 och en st\u00f6rre storstadsregion med 2 961 177 m\u00e4nniskor. Denna kuststad ligger p\u00e5 norra sidan av floden Tejo och \u00e4r den v\u00e4stligaste huvudstaden p\u00e5 det europeiska fastlandet och erbjuder en speciell blandning av atlantiskt tilltal och europeisk elegans.<\/p>","protected":false},"author":1,"featured_media":4446,"parent":12065,"menu_order":0,"comment_status":"closed","ping_status":"closed","template":"elementor_theme","meta":{"_eb_attr":"","footnotes":""},"class_list":["post-12078","page","type-page","status-publish","has-post-thumbnail"],"_links":{"self":[{"href":"https:\/\/travelshelper.com\/sv\/wp-json\/wp\/v2\/pages\/12078","targetHints":{"allow":["GET"]}}],"collection":[{"href":"https:\/\/travelshelper.com\/sv\/wp-json\/wp\/v2\/pages"}],"about":[{"href":"https:\/\/travelshelper.com\/sv\/wp-json\/wp\/v2\/types\/page"}],"author":[{"embeddable":true,"href":"https:\/\/travelshelper.com\/sv\/wp-json\/wp\/v2\/users\/1"}],"replies":[{"embeddable":true,"href":"https:\/\/travelshelper.com\/sv\/wp-json\/wp\/v2\/comments?post=12078"}],"version-history":[{"count":0,"href":"https:\/\/travelshelper.com\/sv\/wp-json\/wp\/v2\/pages\/12078\/revisions"}],"up":[{"embeddable":true,"href":"https:\/\/travelshelper.com\/sv\/wp-json\/wp\/v2\/pages\/12065"}],"wp:featuredmedia":[{"embeddable":true,"href":"https:\/\/travelshelper.com\/sv\/wp-json\/wp\/v2\/media\/4446"}],"wp:attachment":[{"href":"https:\/\/travelshelper.com\/sv\/wp-json\/wp\/v2\/media?parent=12078"}],"curies":[{"name":"wp","href":"https:\/\/api.w.org\/{rel}","templated":true}]}}