{"id":12053,"date":"2024-09-15T12:59:22","date_gmt":"2024-09-15T12:59:22","guid":{"rendered":"https:\/\/travelshelper.com\/staging\/?page_id=12053"},"modified":"2026-03-12T21:52:09","modified_gmt":"2026-03-12T21:52:09","slug":"jekaterinburg","status":"publish","type":"page","link":"https:\/\/travelshelper.com\/sv\/destinations\/europe\/russian-federation\/yekaterinburg\/","title":{"rendered":"Jekaterinburg"},"content":{"rendered":"<p>Jekaterinburg, bel\u00e4gen vid floden Isets strand vid Uralbergens \u00f6stra kant, \u00e4r Rysslands fj\u00e4rde st\u00f6rsta stad och administrativt centrum f\u00f6r Sverdlovsk oblast och Ural federala distrikt. Med en yta p\u00e5 1 111 kvadratkilometer och 1 544 376 inv\u00e5nare enligt folkr\u00e4kningen 2021, har staden ett strategiskt l\u00e4ge mellan Europa och Sibirien. Staden grundades 1723 och d\u00f6ptes kort om till Sverdlovsk fr\u00e5n 1924 till 1991. Staden \u00e4r b\u00e5de ett industriellt kraftcentrum och ett kulturellt centrum, dess silhuett nu avbruten av moderna skyskrapor och dess gator k\u00e4nnetecknas av sl\u00e5ende konstruktivistisk arkitektur.<\/p>\n<p>Jekaterinburg grundades genom kejsar Peter den Stores dekret den 18 november 1723, uppkallat efter hans gem\u00e5l, kejsarinnan Katarina I. Fr\u00e5n starten fungerade staden som gruvhuvudstad i det ryska imperiet, d\u00e4r den utvann Uralbergens rika malmer och fungerade som en viktig l\u00e4nk p\u00e5 den sibiriska v\u00e4gen som invigdes av Katarina den stora 1781. Denna genomfartsled f\u00f6rvandlade staden till en port f\u00f6r resen\u00e4rer och varor p\u00e5 v\u00e4g till Sibiriens vidstr\u00e4ckta vildmark. Under slutet av 1800-talet framstod Jekaterinburg som ett centrum f\u00f6r social och politisk j\u00e4sning, en m\u00f6tesplats f\u00f6r revolution\u00e4ra r\u00f6relser som skulle forma den ryska historiens g\u00e5ng. Efter bolsjevikrevolutionen d\u00f6ptes staden om till Sverdlovsk f\u00f6r att hedra Jakov Sverdlov, vilket \u00e5terspeglade dess nya roll som ett administrativt och industriellt knutpunkt under sovjetregimen. Med Sovjetunionens uppl\u00f6sning \u00e5tertog den sitt historiska namn den 23 september 1991.<\/p>\n<p>Jekaterinburg ligger i skogskl\u00e4dda kullar vid Europas nord\u00f6stra utkant, som viker av mot Uralbergens mjuka sluttningar. Floden Iset delar stadsstrukturen i tv\u00e5 delar och rinner fr\u00e5n bergen ut i Tobol. Inom dess gr\u00e4nser ligger tv\u00e5 sj\u00f6ar, Shuvakish och Shartash, medan n\u00e4rliggande reservoarer och dammar uppr\u00e4tth\u00e5ller b\u00e5de rekreation och vattenhantering. Stadens fuktiga kontinentala klimat ger tydligt markerade \u00e5rstider. Vintrarna kan sjunka till \u221240\u00b0C under arktiska intr\u00e5ng, och sedan stiga \u00f6ver fryspunkten under pl\u00f6tsliga t\u00f6ar, medan sommartemperaturerna kan sv\u00e4nga fr\u00e5n l\u00e4tt frost till h\u00f6gsta temperaturer \u00f6ver 35\u00b0C n\u00e4r varma luftmassor n\u00e4rmar sig fr\u00e5n Centralasien. Dessa dramatiska fluktuationer understryker stadens position i korsningen av kontrasterande luftstr\u00f6mmar.<\/p>\n<p>Demografisk tillv\u00e4xt har f\u00f6ljt Jekaterinburgs expanderande ekonomi. Mellan 2010 och 2021 \u00f6kade befolkningen med n\u00e4stan 15 procent, vilket \u00e5terspeglar b\u00e5de intern migration och naturlig \u00f6kning. Staden str\u00e4cker sig bortom sina officiella gr\u00e4nser till en urban t\u00e4tbebyggelse med cirka 2,2 miljoner inv\u00e5nare. Denna expansion sammanfaller med en byggboom som har producerat mer \u00e4n tjugo skyskrapor, inklusive Iset-tornet, som med sina 209 meter \u00e4r den h\u00f6gsta byggnaden i Uralbergen.<\/p>\n<p>Sett till ekonomisk produktion rankas Jekaterinburg som trea bland ryska st\u00e4der, endast \u00f6vertr\u00e4ffad av Moskva och Sankt Petersburg. McKinseys globala City-600-index inkluderar staden bland v\u00e4rldens fr\u00e4msta urbana ekonomier och st\u00e5r f\u00f6r 60 procent av den globala bruttonationalprodukten. Med en bruttonationalprodukt f\u00f6r urbana omr\u00e5den p\u00e5 898 miljarder rubel \u00e5r 2015 och en storstadsbruttonationalprodukt som \u00f6verstiger 50 miljarder internationella dollar har staden bef\u00e4st sin st\u00e4llning som en finansiell och industriell knutpunkt.<\/p>\n<p>Stadens ekonomiska grundvalar vilar p\u00e5 tung industri, metallurgiska anl\u00e4ggningar och f\u00f6rsvarsf\u00f6retag som dateras tillbaka till dess sovjetiska storhetstid. Under tiden f\u00f6re 1991 kom 90 procent av Sverdlovsks verksamhet fr\u00e5n tillverkning, varav tre fj\u00e4rdedelar st\u00f6dde milit\u00e4r produktion. Sedan marknadsreformerna p\u00e5 1990-talet har den industriella diversifieringen \u00f6kat och lockat till sig investeringar i teknik, logistik och aff\u00e4rstj\u00e4nster. H\u00f6gkvarteret f\u00f6r det centrala milit\u00e4rdistriktet och Ural-avdelningen av den ryska vetenskapsakademin understryker Jekaterinburgs dubbla roll som ett strategiskt och intellektuellt centrum.<\/p>\n<p>Turism har blivit en betydande bidragande faktor till stadens profil. Jekaterinburg, som uts\u00e5gs till en av Rysslands fem b\u00e4sta destinationer i 2015 \u00e5rs Global Destination Cities Index, v\u00e4lkomnade 2,1 miljoner inkommande bes\u00f6kare det \u00e5ret. F\u00f6rskjutningen fr\u00e5n aff\u00e4rs- till fritidsturism \u00e4r tydlig: medan aff\u00e4rsresen\u00e4rer en g\u00e5ng utgjorde 80 procent av de ankommande, stod de \u00e5r 2015 bara f\u00f6r 67 procent. Bes\u00f6kare anl\u00e4nder f\u00f6r att utforska platser som \u00e4r f\u00f6rknippade med den siste ryska tsaren, f\u00f6r att f\u00f6lja den bazhovska historien om Uralgeologi och folklore, och f\u00f6r att delta i evenemang som str\u00e4cker sig fr\u00e5n Shanghai Cooperation Organization-toppm\u00f6tena 2008\u201309 till den internationella utst\u00e4llningen Innoprom. Som v\u00e4rdstad f\u00f6r FIFA World Cup 2018 visade Jekaterinburg upp sin moderna stadion bredvid historiska landm\u00e4rken.<\/p>\n<p>Ett omfattande transportn\u00e4tverk uppr\u00e4tth\u00e5ller b\u00e5de handel och turism. Sex federala motorv\u00e4gar och sju st\u00f6rre j\u00e4rnv\u00e4gslinjer m\u00f6ts h\u00e4r, vilket g\u00f6r det till Rysslands tredje st\u00f6rsta transportknutpunkt efter Moskva och Sankt Petersburg. Jekaterinburg-noden utg\u00f6r en del av den transsibiriska j\u00e4rnv\u00e4gen, som f\u00f6rbinder Europas v\u00e4stra del med Stilla havets \u00f6stra del. Koltsovo internationella flygplats betj\u00e4nar \u00f6ver fem miljoner passagerare \u00e5rligen, medan ett sekund\u00e4rt flygf\u00e4lt vid Aramil tar emot regionala flygningar. Inom staden transporterar en tunnelbana med en linje och nio stationer n\u00e4stan femtio miljoner resen\u00e4rer per \u00e5r, tillsammans med sp\u00e5rvagn, tr\u00e5dbuss och buss som en g\u00e5ng transporterade hundratals miljoner \u00e5rligen. En expanderande ringv\u00e4g och ett n\u00e4tverk av bytespunkter i flera niv\u00e5er \u00e5tg\u00e4rdar kroniska trafikstockningar orsakade av snabb tillv\u00e4xt av bil\u00e4gande, som nu uppg\u00e5r till cirka 410 fordon per 1 000 inv\u00e5nare.<\/p>\n<p>Jekaterinburgs kulturlandskap \u00e4r b\u00e5de djupt och varierat. Ett femtiotal bibliotek, inklusive Sverdlovsk oblasts universella vetenskapliga bibliotek och AI Herzens centrala stadsbibliotek, st\u00f6der vetenskapliga aktiviteter. Antalet museer \u00e4r \u00f6ver femtio, med samlingar som str\u00e4cker sig fr\u00e5n Nevjansk-ikonerna p\u00e5 Nevjansk ikonmuseum till Shigir-samlingen, v\u00e4rldens \u00e4ldsta tr\u00e4skulptur, som nu dateras till cirka 11 500 \u00e5r sedan. Jekaterinburgs konstmuseum rymmer framst\u00e5ende dukar av rysk m\u00e5lning, medan Kasli-gjutj\u00e4rnspaviljongen, ett UNESCO-registrerat m\u00e4sterverk fr\u00e5n 1900, finns i dess samling.<\/p>\n<p>Theatrical life thrives in venues that include the Academic Theater of Musical Comedy, the drama theatre, the youth theatre and a renowned puppet theatre. The Yekaterinburg Opera and Ballet Theatre earned four Golden Mask awards in 2020, including Best Opera Performance. The city\u2019s film heritage extends from its first cinema in 1909 to the Sverdlovsk Film Studio, established in 1943, whose productions reached national audiences. More than twenty cinemas now screen domestic and international films.<\/p>\n<p>Music also pulses through the city\u2019s streets. Rock bands such as Chaif, Agata Kristi and Nautilus Pompilius originated here, contributing to the Ural Rock movement. The Urals State Conservatory has graduated opera luminaries like Boris Shtokolov and Vera Bayeva, and the Ural Philharmonic Orchestra, under Dmitry Liss, performs internationally. Circus arts flourish at the V.\u00a0I. Filatov State Circus, voted Russia\u2019s Circus of the Year in 2012.<\/p>\n<p>Yekaterinburg embraces public art and architecture alike. Constructivist landmarks exceed 140 in number, from the Uralmash White Tower to the \u201cUralskiy Rabochiy\u201d publishing house. Street art has earned the city the moniker \u201cRussian capital of street art.\u201d Historic edifices range from neoclassical estates by architect Michael Malakhov, active from 1815 to 1842, to Baroque and eclectic structures such as the Opera House and the railway station erected in the early twentieth century. Soviet-era neoclassicism adorned civic buildings in the 1930s\u201350s, while Khrushchev-era apartment blocks reflect rationalist doctrines of the 1960s\u201380s. Market reforms of the 1990s saw restoration and the \u201cfacade\u201d phenomenon, preserving historic fronts while adjoining modern infills. The turn of the millennium brought high-tech towers, business centres and luxury complexes, culminating in the Central Business District designed by Jean Pistre and the Iset Tower.<\/p>\n<p>In the cultural quarter, the Boris Yeltsin Presidential Center opened in 2015, honoured as Europe\u2019s best museum in 2017 by the Council of Europe. The Ural Society of Natural Science Lovers established a zoo that now houses over 1,000 animals across 350 species. Since 2011, the \u201cRed Line\u201d pedestrian route guides visitors through thirty-four historic landmarks in the city\u2019s heart, linking palaces, cathedrals and public squares in a self-guided tour.<\/p>\n<p>Yekaterinburg\u2019s story is one of constant transformation at the meeting of continents and epochs. Its genesis as a mining outpost, maturation as an imperial and Soviet industrial centre, and emergence as a modern metropolis of finance, art and architecture underscore its enduring significance. From the age of Catherine the Great to the digital era, the city has balanced resource extraction and creative expression, strategic importance and cultural innovation. In its streets and skyline, one perceives not only the weight of history but also the restless ambition of a city perpetually looking east and west, past and future alike.<\/p>","protected":false},"excerpt":{"rendered":"<p>Jekaterinburg, det administrativa navet i Sverdlovsk oblast och Ural federala distriktet i Ryssland, ligger vid floden Iset, bel\u00e4get mellan Volga-Ural-omr\u00e5det och Sibirien. Jekaterinburg, med en befolkning p\u00e5 cirka 1,5 miljoner inom stadens gr\u00e4nser och upp till 2,2 miljoner i storstadsregionen, \u00e4r den fj\u00e4rde st\u00f6rsta staden i Ryssland och den st\u00f6rsta i Ural federala distriktet.<\/p>","protected":false},"author":1,"featured_media":4521,"parent":11976,"menu_order":0,"comment_status":"closed","ping_status":"closed","template":"elementor_theme","meta":{"_eb_attr":"","footnotes":""},"class_list":["post-12053","page","type-page","status-publish","has-post-thumbnail"],"_links":{"self":[{"href":"https:\/\/travelshelper.com\/sv\/wp-json\/wp\/v2\/pages\/12053","targetHints":{"allow":["GET"]}}],"collection":[{"href":"https:\/\/travelshelper.com\/sv\/wp-json\/wp\/v2\/pages"}],"about":[{"href":"https:\/\/travelshelper.com\/sv\/wp-json\/wp\/v2\/types\/page"}],"author":[{"embeddable":true,"href":"https:\/\/travelshelper.com\/sv\/wp-json\/wp\/v2\/users\/1"}],"replies":[{"embeddable":true,"href":"https:\/\/travelshelper.com\/sv\/wp-json\/wp\/v2\/comments?post=12053"}],"version-history":[{"count":0,"href":"https:\/\/travelshelper.com\/sv\/wp-json\/wp\/v2\/pages\/12053\/revisions"}],"up":[{"embeddable":true,"href":"https:\/\/travelshelper.com\/sv\/wp-json\/wp\/v2\/pages\/11976"}],"wp:featuredmedia":[{"embeddable":true,"href":"https:\/\/travelshelper.com\/sv\/wp-json\/wp\/v2\/media\/4521"}],"wp:attachment":[{"href":"https:\/\/travelshelper.com\/sv\/wp-json\/wp\/v2\/media?parent=12053"}],"curies":[{"name":"wp","href":"https:\/\/api.w.org\/{rel}","templated":true}]}}