{"id":11967,"date":"2024-09-15T11:03:38","date_gmt":"2024-09-15T11:03:38","guid":{"rendered":"https:\/\/travelshelper.com\/staging\/?page_id=11967"},"modified":"2026-03-12T21:00:26","modified_gmt":"2026-03-12T21:00:26","slug":"bukarest","status":"publish","type":"page","link":"https:\/\/travelshelper.com\/sv\/destinations\/europe\/romania\/bucharest\/","title":{"rendered":"Bukarest"},"content":{"rendered":"<p>Bukarest, Rum\u00e4niens huvudstad och st\u00f6rsta kommun, ligger vid floden D\u00e2mbovi\u021bas strand i landets syd\u00f6stra delar. Med cirka 1,76 miljoner inv\u00e5nare inom en urban yta p\u00e5 240 kvadratkilometer och en storstadsbefolkning p\u00e5 2,3 miljoner utspridda \u00f6ver 1 811 kvadratkilometer, rankas den som den \u00e5ttonde folkrikaste staden i Europeiska unionen. Som regeringss\u00e4te, centrum f\u00f6r Muntenia-regionen och en central punkt f\u00f6r kulturell, politisk och ekonomisk aktivitet str\u00e4cker sig stadens betydelse l\u00e5ngt bortom dess administrativa gr\u00e4nser.<\/p>\n<p>Det tidigaste dokument\u00e4ra omn\u00e4mnandet av bos\u00e4ttningen dateras till 1459, men det var inte f\u00f6rr\u00e4n 1862 som Bukarest formellt uts\u00e5gs till huvudstad i den spirande rum\u00e4nska staten. Fr\u00e5n och med det \u00f6gonblicket fick staden stadigt kulturinstitutioner, mediebolag och konstn\u00e4rliga kretsar. Under \u00e5rtionden f\u00f6rv\u00e4rvade den ett arkitektoniskt vokabul\u00e4r som blandar eklektiska strukturer fr\u00e5n 1800-talet med neoklassiska fasader och slingrande jugendornamentik. Under mellankrigstiden anammade en ny grupp byggare Bauhaus-minimalism, art d\u00e9co-geometri och ett nationalromantiskt revival-idiom. Under dessa \u00e5r s\u00e5g de eleganta genomfarterna och det kosmopolitiska samh\u00e4llet bes\u00f6kare kalla staden f\u00f6r &#034;Lilla Paris&#034; eller &#034;\u00d6sterns Paris&#034;.<\/p>\n<p>1900-talet satte Bukarests struktur p\u00e5 prov. Bombardemang, seismiska omv\u00e4lvningar och en ideologisk kampanj f\u00f6r &#034;systematisering&#034; under Nicolae Ceau\u0219escu skadade stora delar av den historiska k\u00e4rnan, och storslagna byggnader raserades s\u00f6nder eller j\u00e4mnades med marken. Trots detta har m\u00e5nga \u00f6verlevande \u2013 franskinspirerade radhus, herrg\u00e5rdar i palatsliknande skala och tr\u00e4dkantade boulevarder \u2013 genomg\u00e5tt en varsam restaurering. En kulturell \u00e5teruppg\u00e5ng under 2000-talet har lett till en ekonomisk och kreativ uppsving, vilket har f\u00f6rvandlat staden till ett av Europas snabbast v\u00e4xande centrum f\u00f6r h\u00f6gteknologiska investeringar och innovation.<\/p>\n<p>I januari 2023 hade kommunen 1,74 miljoner inv\u00e5nare, med en informell siffra p\u00e5 2,3 miljoner n\u00e4r satellitst\u00e4der inkluderas. Under covid-19-pandemin h\u00e4nvisade officiella rapporter till 2,5 miljoner m\u00e4nniskor i h\u00e4lso\u00f6vervakningssiffror, vilket understryker den logistiska komplexiteten i att hantera ett s\u00e5dant folkrikt nav. \u00c5r 2017 registrerade ett globalt index Bukarest som Europas snabbast v\u00e4xande turistm\u00e5l med \u00f6vernattning, och under de f\u00f6ljande tv\u00e5 \u00e5ren toppade staden en ranking f\u00f6r utvecklingspotential. \u00c4nd\u00e5 visar folkr\u00e4kningsdata en liten minskning av stadens permanenta inv\u00e5nare, ett fenomen som delvis tillskrivs f\u00f6rortsmigration.<\/p>\n<p>Geografiskt upptar Bukarest ett ungef\u00e4rligt cirkul\u00e4rt omr\u00e5de vars radie fr\u00e5n Universitetstorget till kommungr\u00e4nsen str\u00e4cker sig mellan 10 och 12 kilometer. Floden D\u00e2mbovi\u021ba delar staden i tv\u00e5 delar innan den m\u00f6ter Arge\u0219 och slutligen Donau. I norr f\u00f6ljer fyra sammanl\u00e4nkade reservoarer \u2013 Her\u0103str\u0103u, Floreasca, Tei och Colentina \u2013 floden Colentinas lopp, medan en mindre prydnadsbass\u00e4ng, Ci\u0219migiusj\u00f6n, ligger inb\u00e4ddad mitt i de gr\u00f6nskande Ci\u0219migiu-tr\u00e4dg\u00e5rdarna. En symbolisk kilometermarkering st\u00e5r strax s\u00f6der om Universitetstorget vid Sankt Georgs torg framf\u00f6r den nya Sankt Georgs-kyrkan.<\/p>\n<p>Stadens h\u00f6jd varierar mellan cirka 56 meter vid D\u00e2mbovi\u021ba-bron i sydost och 91,5 meter vid en kulle som kr\u00f6ns av en milit\u00e4rkyrka i v\u00e4ster. Traditionellt s\u00e4gs Bukarest vila p\u00e5 sju kullar - Mihai Vod\u0103, Dealul Mitropoliei, Radu Vod\u0103, Cotroceni, Dealul Spirii, V\u0103c\u0103re\u0219ti och Sf\u00e2ntu Gheorghe Nou - ett poetiskt eko av Rom som understryker dess f\u00f6rmoderna ursprung av skogen som en g\u00e5ng i tiden befruktades av skogen.<\/p>\n<p>Ett intrikat lappt\u00e4cke av gr\u00f6nomr\u00e5den pr\u00e4glar den urbana strukturen. Ci\u0219migiu-tr\u00e4dg\u00e5rdarna, anlagda 1847 efter ritningar av den tyske arkitekten Carl FW Meyer, erbjuder en lummig tillflyktsort n\u00e4ra stadsk\u00e4rnan och har historiskt sett lockat poeter och romanf\u00f6rfattare. Her\u0103str\u0103u-parken, som omsluter den norra stranden av sj\u00f6n med samma namn, integrerar det rum\u00e4nska bymuseet i sin omgivning. Tineretului-parken, invigd 1965, fungerar som det fr\u00e4msta fritidsomr\u00e5det f\u00f6r de s\u00f6dra distrikten och har en skalenlig &#034;ministad&#034; f\u00f6r barn.<\/p>\n<p>Den botaniska tr\u00e4dg\u00e5rden i Cotroceni-kvarteret rymmer mer \u00e4n 10 000 v\u00e4xtarter i sina v\u00e4xthus och \u00f6ppna rabatter; den ursprungligen var ett kungligt n\u00f6jesf\u00e4lt. Andra anm\u00e4rkningsv\u00e4rda parker inkluderar Kung Mikael I-parken, Carol-parken, Alexandru Ioan Cuza-parken (i dagligt tal k\u00e4nd som Titanparken), Kiseleff-parken, Izvor-parken, Gr\u0103dina Icoanei, Circului-parken och Moghioro\u0219-parken. Ytterligare omr\u00e5den som nationalparken, Tei-parken, Eroilor-parken och Cr\u00e2nga\u0219i-parken, komplett med Morii-sj\u00f6n, erbjuder ytterligare vila i stadens utkanter.<\/p>\n<p>Bland dessa f\u00f6rtj\u00e4nar sj\u00f6n V\u0103c\u0103re\u0219ti s\u00e4rskild uppm\u00e4rksamhet. Platsen invigdes som en betongbass\u00e4ng under Ceau\u0219escus regim men \u00f6vergavs efter revolutionen 1989, och genomgick de facto en \u00e5terf\u00f6rvildning under tv\u00e5 decennier. Sedan maj 2016 har den skyddats som naturparken V\u0103c\u0103re\u0219ti, som str\u00e4cker sig \u00f6ver 190 hektar \u2013 h\u00e4lften av dem \u00f6ppet vatten \u2013 och hyser nittiosju f\u00e5gelarter, sju d\u00e4ggdjursarter och en m\u00e4ngd amfibier och insekter. Den kallas informellt f\u00f6r &#034;Bukarests delta&#034; och \u00e4r fortfarande ett sl\u00e5ende bevis p\u00e5 naturens \u00e5terupplivning mitt i t\u00e4t stadsbebyggelse.<\/p>\n<p>Omr\u00e5det som omgav huvudstaden var till stor del jordbruksbefolkat fram till slutet av 1900-talet. Sedan kommunismens fall har Ilfov l\u00e4n urbaniserats snabbt: dess befolkning \u00f6kade till 542 686 \u00e5r 2021, en \u00f6kning som \u00f6vertr\u00e4ffade alla andra l\u00e4n i Rum\u00e4nien mellan 2011 och 2021. Byar som Pope\u0219ti-Leordeni, Voluntari, Chiajna, Bragadiru, Pantelimon, Buftea och Otopeni har f\u00f6rvandlats till v\u00e4lb\u00e4rgade pendlingsst\u00e4der och sammanfogat staden med en bredare storstadskonstellation.<\/p>\n<p>Bukarests klimat varierar mellan fuktigt kontinentalt och fuktigt subtropiskt klimat, med varma, fuktiga somrar och kalla, sn\u00f6iga vintrar. I midsommar \u00e4r den dagliga genomsnittstemperaturen 29,8 \u00b0C, med frekventa toppar p\u00e5 35\u201340 \u00b0C i de centrala distrikten. Vintertemperaturerna sjunker vanligtvis under fryspunkten och kan sjunka till \u221210 \u00b0C, med hj\u00e4lp av vindar som sveper \u00f6ver sl\u00e4tten. V\u00e5r- och h\u00f6stdagarna varierar mellan 17 och 22 \u00b0C; nederb\u00f6rden tenderar att vara kraftigare p\u00e5 v\u00e5ren, avbruten av pl\u00f6tsliga men korta stormar p\u00e5 sommaren.<\/p>\n<p>Demografiskt sett hade staden 1 716 961 inv\u00e5nare i folkr\u00e4kningen 2021, en blygsam minskning sedan 2011. L\u00e5ga f\u00f6delsetal och utflyttning fr\u00e5n f\u00f6rorter f\u00f6rklarade denna trend. En studie fr\u00e5n FN rankade Bukarest som nummer nitton bland tjugo\u00e5tta europeiska huvudst\u00e4der som s\u00e5g en befolkningsminskning p\u00e5 n\u00e4stan fyra procent mellan 1990 och mitten av 2010-talet; utflyttningen av familjer och unga yrkesverksamma till satellitkommuner bidrog avsev\u00e4rt.<\/p>\n<p>Ekonomiskt sett genererar Bukarest cirka 24 procent av Rum\u00e4niens bruttonationalprodukt och n\u00e4stan en fj\u00e4rdedel av sin industriproduktion, trots att bost\u00e4derna utg\u00f6r mindre \u00e4n tio procent av den nationella befolkningen. N\u00e4stan en tredjedel av alla nationella skatteint\u00e4kter kommer fr\u00e5n huvudstaden. Den k\u00f6pkraftsjusterade BNP per capita i Bukarest-Ilfov-regionen n\u00e5dde 145 procent av genomsnittet i Europeiska unionen \u00e5r 2017, vilket \u00f6vertr\u00e4ffade j\u00e4mf\u00f6rbara siffror f\u00f6r Budapest (139 procent), Madrid (125 procent), Berlin (118 procent), Rom (110 procent), Lissabon (102 procent) och Sofia (79 procent).<\/p>\n<p>Efter en period av relativ stagnation p\u00e5 1990-talet \u00e5terh\u00e4mtade sig staden kraftigt: infrastrukturf\u00f6rnyelse, kommersiella komplex, bostadsomr\u00e5den och glaskl\u00e4dda h\u00f6ghus har omformat stadssilhuetten. I januari 2013 l\u00e5g den lokala arbetsl\u00f6sheten p\u00e5 2,1 procent, vilket \u00e4r markant l\u00e4gre \u00e4n det nationella genomsnittet p\u00e5 5,8 procent. Idag dominerar tj\u00e4nstesektorn i ekonomin, och huvudkontoren f\u00f6r cirka 186 000 f\u00f6retag \u2013 inklusive praktiskt taget alla st\u00f6rre rum\u00e4nska f\u00f6retag \u2013 finns h\u00e4r. Fastighets- och byggsektorn har drivit en stor del av expansionen efter millenniet, medan Bukarest ocks\u00e5 har framst\u00e5tt som flaggskeppscentrum f\u00f6r informationsteknik och kommunikation; m\u00e5nga internationella mjukvaruf\u00f6retag driver offshore-leveransanl\u00e4ggningar i staden.<\/p>\n<p>Bukarestb\u00f6rsen, som slogs samman i slutet av 2005 med den elektroniska plattformen Rasdaq, \u00e4r den centrala finanssektorn. Sedan slutet av 1990-talet har \u00f6ver tjugo k\u00f6pcentra och gallerior uppst\u00e5tt: bland de fr\u00e4msta finns B\u0103neasa Shopping City, AFI Palace Cotroceni, Mega Mall, Bucure\u0219ti Mall, ParkLake Shopping Centre, Sun Plaza, Promenada Mall och Unirea Shopping Centre. Globala f\u00f6retag som Amazon, Microsoft, Ubisoft, Oracle och IBM har etablerat sig lokalt. Staden \u00e4r ocks\u00e5 v\u00e4rd f\u00f6r stora olje- och gasf\u00f6retag, fordonsindustrin, telekommunikations- och konsumentvaruf\u00f6retag, inklusive Petrom, Rum\u00e4niens st\u00f6rsta energikoncern. \u00c5r 2023 rankades Bukarest som sj\u00e4tte b\u00e4st i v\u00e4rlden vad g\u00e4ller fast bredbandshastighet, med en genomsnittlig hastighet p\u00e5 250 Mbps.<\/p>\n<p>Transportinfrastrukturen omfattar ett tunnelbanen\u00e4tverk med fem linjer \u2013 M1 till M5 \u2013 som drivs av Metrorex och betj\u00e4nar sextiofyra stationer. Det f\u00f6rsta segmentet \u00f6ppnade 1979, och den senaste linjen togs i bruk 2020; en sj\u00e4tte linje \u00e4r under uppbyggnad. P\u00e5 markniv\u00e5 k\u00f6r Societatea de Transport Bucure\u0219ti bussar, sp\u00e5rvagnar, tr\u00e5dbussar och l\u00e4tta sp\u00e5rv\u00e4gsfordon, kompletterade av privata minibussar och en begr\u00e4nsad flotta p\u00e5 upp till 10 000 taxibilar.<\/p>\n<p>T\u00e5gf\u00f6rbindelser utg\u00e5r fr\u00e5n Gara de Nord, huvudstationen i C\u0103ile Ferate Rom\u00e2ne, och f\u00f6rbinder Bukarest med stora inhemska och internationella destinationer, inklusive Belgrad, Sofia, Wien, Budapest, Istanbul och Kiev. Sekund\u00e4ra stationer \u2013 Basarab, Obor, B\u0103neasa och Progresul \u2013 integreras i ett pendelt\u00e5gsn\u00e4t som betj\u00e4nar kommunen och Ilfov l\u00e4n. Stadens \u00e4ldsta j\u00e4rnv\u00e4gsterminal, Filaret, invigdes 1869 och omvandlades senare till bussterminal under kommunistregimen.<\/p>\n<p>Flygresans centrum \u00e4r Henri Coand\u0103 internationella flygplats (OTP), som ligger 16,5 kilometer norr om stadsk\u00e4rnan i Otopeni. \u00c5r 2017 hanterade den \u00f6ver 12,8 miljoner passagerare, vilket gjorde den till Rum\u00e4niens mest trafikerade flygplats. Aurel Vlaicu internationella flygplats (BBU), \u00e5tta kilometer norrut inom stadsgr\u00e4nsen, betj\u00e4nar b\u00e5de executive- och charterflyg.<\/p>\n<p>P\u00e5 v\u00e4gen \u00e4r Bukarest f\u00f6rankrad i viktiga art\u00e4rer i det nationella n\u00e4tverket och de paneuropeiska korridorerna IV och IX. Stora motorv\u00e4gar \u2013 A1 till Pite\u0219ti (som forts\u00e4tter mot Ungern), A2 Sun Motorway till Constan\u021ba och A3 till Ploie\u0219ti \u2013 har sitt ursprung h\u00e4r. Avst\u00e5nden p\u00e5 motorv\u00e4g inkluderar 183 kilometer till Bra\u0219ov, 203 till Constan\u021ba, 408 till Ia\u0219i, 451 till Cluj-Napoca och 544 till Timi\u0219oara. En inre och yttre ringv\u00e4g kompletterar ett n\u00e4t av radiella boulevarder. Trafikstockningar under rusningstid \u00e4r fortfarande endemiska, tillskrivna det \u00f6kande bil\u00e4gandet \u2013 1,13 miljoner fordon registrerade \u00e5r 2013 \u2013 \u00e4ven om systematisk v\u00e4greparation har \u00e5tg\u00e4rdat m\u00e5nga f\u00f6rs\u00e4mrade genomfartsleder. Registreringsskyltarna antog ett tresiffrigt format 2010 f\u00f6r att hantera trafikvolymen. Den 17 juni 2011 \u00f6ppnades Basarab-\u00f6verfarten \u2013 den l\u00e4ngsta snedkabelbron i Rum\u00e4nien och kontinentens bredaste \u2013 vilket markant f\u00f6rb\u00e4ttrade trafikfl\u00f6det n\u00e4ra Grantbron och norra stationen.<\/p>\n<p>Kulturlivet i Bukarest har \u00f6kat kraftigt de senaste \u00e5ren, b\u00e5de inom bildkonst, scenkonst och nattliv. Till skillnad fr\u00e5n andra rum\u00e4nska regioner har stadens kreativa milj\u00f6 en unik karakt\u00e4r, utan kombinerar ist\u00e4llet lokal tradition med globala influenser. Gallerier, konserthus, teatrar och klubbar v\u00e4xer i popularitet och tilltalar ett brett spektrum av inv\u00e5nare och bes\u00f6kare.<\/p>\n<p>Monumental arkitektur definierar m\u00e5nga av Bukarests landm\u00e4rken. Parlamentspalatset, som uppf\u00f6rdes p\u00e5 1980-talet under Ceau\u0219escus regim, \u00e4r v\u00e4rldens st\u00f6rsta parlamentsbyggnad; dess massiva volymer inneh\u00e5ller kammare f\u00f6r b\u00e5de lagstiftande f\u00f6rsamlingar och Nationalmuseet f\u00f6r samtida konst, samt ett av v\u00e4rldens rymligaste kongresscenter. Triumfb\u00e5gen, som uppf\u00f6rdes i sin nuvarande form 1935 och \u00e4r modellerad efter Paris Triumfb\u00e5ge, firar Rum\u00e4niens krigiska prestationer. \u00c5terf\u00f6delseminnet \u2013 en polerad marmorobelisk som avt\u00e4cktes 2005 f\u00f6r att hedra offren f\u00f6r revolutionen 1989 \u2013 v\u00e4ckte offentlig debatt om dess abstrakta form och politiska konnotationer.<\/p>\n<p>Rum\u00e4nska Ateneum, som f\u00e4rdigst\u00e4lldes mellan 1886 och 1888 genom offentlig insamling, st\u00e5r som en symbol f\u00f6r nationell kultur och b\u00e4r utm\u00e4rkelsen f\u00f6r europeiskt kulturarv. InterContinental Bucharest, ett h\u00f6ghus med fem stj\u00e4rnor n\u00e4ra Universitetstorget, erbjuder panoramautsikt fr\u00e5n varje unikt inrett rum. Casa Sc\u00e2nteii \u2013 f\u00e4rdigst\u00e4lld 1957 och \u00e4r utformad efter Moskvas statsuniversitet \u2013 inrymde en g\u00e5ng kommunistpartiets officiella pressorgan; dess fasad \u00e4r fortfarande den enda byggnaden i staden som har hammar- och sk\u00e4remotiv i sin utsmyckning.<\/p>\n<p>Museologiska institutioner finns i \u00f6verfl\u00f6d: Nationalmuseet f\u00f6r konst, Grigore Antipa, det rum\u00e4nska bondens museum, Nationalhistoriska museet och Milit\u00e4rmuseet bevarar och presenterar tillsammans Rum\u00e4niens arv. Sj\u00e4lva stadsk\u00e4rnan \u00e4r en palimpsest av medeltida l\u00e4mningar, neoklassiska palats, art d\u00e9co-kvarter, villor i jugendstil och neorum\u00e4nska prototyper fr\u00e5n tidigt 1900-tal, sammanfl\u00e4tade med utilitaristiska l\u00e4genhetskomplex fr\u00e5n kommunisttiden och ett spridda antal moderna skyskrapor.<\/p>\n<p>Under det tjugof\u00f6rsta \u00e5rhundradet har Bukarest f\u00f6rvandlats tack vare bidrag fr\u00e5n Europeiska unionen och inhemska investeringar. Den revitaliserade gamla stadsdelen uppvisar restaurerade fasader och omgjorda interi\u00f6rer, medan infrastrukturprojekt \u2013 bland annat den kolossala Basarab-\u00f6verfarten \u2013 f\u00f6ljer stadens st\u00e4ndigt f\u00f6r\u00e4nderliga konturer. Det som en g\u00e5ng hyllades som &#034;Lilla Paris&#034; utvecklas nu som en metropol av dynamiska kontraster: en levande kr\u00f6nika \u00f6ver historia, modernitet och det st\u00e4ndiga samspelet mellan dem. P\u00e5 sina historiska gator, \u00f6ver sina parker och genomfartsleder forts\u00e4tter Bukarest att h\u00e4vda sin roll som en pulserande huvudstad i korsningen mellan d\u00e5tid och framtid.<\/p>","protected":false},"excerpt":{"rendered":"<p>Bukarest, Rum\u00e4niens huvudstad och st\u00f6rsta stad, \u00e4r en blomstrande metropol med uppskattningsvis 1,76 miljoner m\u00e4nniskor som bor inom dess gr\u00e4nser. Bel\u00e4get p\u00e5 stranden av floden D\u00e2mbovi\u021ba i syd\u00f6stra Rum\u00e4nien, \u00e4r detta energiska stadsnav centrum f\u00f6r ett st\u00f6rre storstadsomr\u00e5de med cirka 2,3 miljoner inv\u00e5nare. Med denna enast\u00e5ende befolkning rankas Bukarest som den \u00e5ttonde mest befolkade staden i Europeiska unionen, och lyfter d\u00e4rf\u00f6r fram dess betydelse p\u00e5 den kontinentala scenen.<\/p>","protected":false},"author":1,"featured_media":3400,"parent":11908,"menu_order":0,"comment_status":"closed","ping_status":"closed","template":"elementor_theme","meta":{"_eb_attr":"","footnotes":""},"class_list":["post-11967","page","type-page","status-publish","has-post-thumbnail"],"_links":{"self":[{"href":"https:\/\/travelshelper.com\/sv\/wp-json\/wp\/v2\/pages\/11967","targetHints":{"allow":["GET"]}}],"collection":[{"href":"https:\/\/travelshelper.com\/sv\/wp-json\/wp\/v2\/pages"}],"about":[{"href":"https:\/\/travelshelper.com\/sv\/wp-json\/wp\/v2\/types\/page"}],"author":[{"embeddable":true,"href":"https:\/\/travelshelper.com\/sv\/wp-json\/wp\/v2\/users\/1"}],"replies":[{"embeddable":true,"href":"https:\/\/travelshelper.com\/sv\/wp-json\/wp\/v2\/comments?post=11967"}],"version-history":[{"count":0,"href":"https:\/\/travelshelper.com\/sv\/wp-json\/wp\/v2\/pages\/11967\/revisions"}],"up":[{"embeddable":true,"href":"https:\/\/travelshelper.com\/sv\/wp-json\/wp\/v2\/pages\/11908"}],"wp:featuredmedia":[{"embeddable":true,"href":"https:\/\/travelshelper.com\/sv\/wp-json\/wp\/v2\/media\/3400"}],"wp:attachment":[{"href":"https:\/\/travelshelper.com\/sv\/wp-json\/wp\/v2\/media?parent=11967"}],"curies":[{"name":"wp","href":"https:\/\/api.w.org\/{rel}","templated":true}]}}