{"id":11945,"date":"2024-09-14T21:20:02","date_gmt":"2024-09-14T21:20:02","guid":{"rendered":"https:\/\/travelshelper.com\/staging\/?page_id=11945"},"modified":"2026-03-12T21:15:34","modified_gmt":"2026-03-12T21:15:34","slug":"transsylvanien","status":"publish","type":"page","link":"https:\/\/travelshelper.com\/sv\/destinations\/europe\/romania\/transylvania\/","title":{"rendered":"Transsylvanien"},"content":{"rendered":"<p>Transsylvanien ligger i hj\u00e4rtat av Rum\u00e4nien, dess konturer definieras av de svepande b\u00e5garna i de \u00f6stra, s\u00f6dra och v\u00e4stra Karpaterna och en plat\u00e5 som m\u00e4ter cirka 100 290 kvadratkilometer. Med sexton moderna administrativa l\u00e4n ligger regionen i Centraleuropas geografiska centrum, vars gr\u00e4nser en g\u00e5ng skiftade genom \u00e5rhundraden av er\u00f6vringar, allianser och f\u00f6rdrag. Fr\u00e5n Apusenibergens branta \u00e5sar till de mjuka v\u00e5gorna p\u00e5 dess inre sl\u00e4tt, ligger regionens topografi till grund f\u00f6r en v\u00e4v av kulturer, historier och ekonomier. Transsylvanien, som \u00e5terspeglar en befolkning formad av rum\u00e4nska, ungerska, tyska och romska samh\u00e4llen, st\u00e5r idag som en unik blandning av medeltida citadeller, bef\u00e4sta byar och vidstr\u00e4ckta naturreservat, vars identitet lika mycket b\u00e4rs p\u00e5 vingarna av forntida dakiska legender som den imponerande stenen fr\u00e5n Habsburgertidens f\u00e4stningar.<\/p>\n<p>Transsylvaniens m\u00e4nskliga ber\u00e4ttelse str\u00e4cker sig tillbaka till antiken, dess landomr\u00e5den h\u00f6lls f\u00f6rst av Agathyrsi innan de blev en integrerad del av det dakiska kungariket under det andra \u00e5rhundradet f.Kr. Med den romerska er\u00f6vringen av Dakien \u00e5r 106 e.Kr. kom inf\u00f6randet av v\u00e4gar och bos\u00e4ttningar som l\u00e5ngsamt sammanfl\u00e4tade lokala seder med kejserligt inflytande. I mer \u00e4n ett och ett halvt sekel l\u00e4mnade romerska legioner och administrat\u00f6rer ett avtryck av ingenj\u00f6rskonst och lag som skulle best\u00e5 i namnen p\u00e5 floder och ruiner utspridda \u00f6ver plat\u00e5n. D\u00e4refter f\u00f6ljde successiva v\u00e5gor av gotisk n\u00e4rvaro och det hunniska rikets uppst\u00e5ndelse under fj\u00e4rde och femte \u00e5rhundradet, d\u00e4r varje lager av herrav\u00e4lde \u00f6verlagrade regionens tidigare arv utan att helt utpl\u00e5na det. Under femte och sj\u00e4tte \u00e5rhundradet h\u00e4vdade gepidernas kungarike kontrollen, eftertr\u00e4dt av Avar Khaganate vars auktoritet str\u00e4ckte sig fram till nionde \u00e5rhundradet. N\u00e4r slaviska folk tr\u00e4ngde sig in i omr\u00e5det fann \u00e4ven de en scen som redan var gjord av \u00e5rtusenden av bos\u00e4ttning, och bidrog med folkspr\u00e5ket till lokala dialekter och sm\u00e5 bos\u00e4ttningar som skulle best\u00e5 i namnen p\u00e5 byar och sm\u00e5orter.<\/p>\n<p>Ankomsten av magyarstammar i slutet av 800-talet markerade en v\u00e4ndpunkt. Er\u00f6vringen av Gyula, \u00e4ttlingen till en av de sju magyarh\u00f6vdingarna, utspelade sig under de kommande decennierna, bara f\u00f6r att formaliseras under beskydd av kung Stefan I av Ungern. \u00c5r 1002 hade Transsylvanien annekterats till den framv\u00e4xande ungerska kronan, dess framtid bunden till ett statsskick vars omfattning skulle str\u00e4cka sig l\u00e5ngt bortom Karpaterna. I \u00e5rhundraden administrerades regionen som en integrerad del av kungariket Ungern, dess ungerska och saxiska bos\u00e4ttare beviljades privilegier i utbyte mot milit\u00e4rtj\u00e4nstg\u00f6ring i gr\u00e4nsomr\u00e5dena. Cluj-Napocas bastion, nu Rum\u00e4niens n\u00e4st st\u00f6rsta stad, skulle fungera som provinshuvudstad under olika skepnader mellan 1790 och 1848, dess medeltida citadellmurar b\u00e4r tysta vittnesb\u00f6rd om h\u00e4rskarnas och upprorens skiftande lojaliteter.<\/p>\n<p>Det seismiska nederlaget f\u00f6r den ungerska arm\u00e9n vid Moh\u00e1cs \u00e5r 1526 splittrade den medeltida ungerska staten och gav upphov till det \u00f6stungerska kungad\u00f6met, ur vilket furstend\u00f6met Transsylvanien uppstod \u00e5r 1570 genom Speyerf\u00f6rdraget. Under stora delar av det f\u00f6ljande \u00e5rhundradet navigerade detta furstend\u00f6me genom en delikat dubbel \u00f6verh\u00f6ghet, nominellt underordnad b\u00e5de den osmanska sultanen och den habsburgske kejsaren. Dess hov blev enligt den tidens m\u00e5tt m\u00e4tt tillflyktsorter f\u00f6r religi\u00f6s tolerans och skyddade unitarianer, kalvinister, lutheraner och romersk-katoliker under det vakande \u00f6gat av furstar vars diplomati baserades p\u00e5 likviditet mellan tv\u00e5 kejserliga makter. I b\u00f6rjan av 1700-talet hade habsburgska styrkor konsoliderat kontrollen \u00f6ver furstend\u00f6met; misslyckandet med R\u00e1k\u00f3czis f\u00f6rs\u00f6k till sj\u00e4lvst\u00e4ndighet \u00e5r 1711 beseglade Transsylvaniens \u00f6de som ett kronland styrt fr\u00e5n Wien. \u00c4ven om den ungerska revolutionen 1848 kortvarigt \u00e5teruppv\u00e4ckte str\u00e4vandena om en union med Ungern \u2013 kodifierade i aprillagarna \u2013 \u00e5teruppr\u00e4ttade den efterf\u00f6ljande \u00d6sterrikes marskonstitution Transsylvanien som en separat enhet. Dess separata status skulle utsl\u00e4ckas permanent genom den \u00f6sterrikisk-ungerska kompromissen 1867, varefter regionen \u00e5terf\u00f6renades med den ungerska halvan av den dubbelmonarkin.<\/p>\n<p>Dessa \u00e5rhundraden av kejserlig administration fr\u00e4mjade ett uppvaknande bland Transsylvaniens rum\u00e4nska inv\u00e5nare, vilket kristalliserades i den transsylvanska skolan i slutet av 1700-talet och b\u00f6rjan av 1800-talet. Samuil Micu-Klein, Petru Maior och Gheorghe \u015eincai ledde anstr\u00e4ngningarna att f\u00f6rfina det rum\u00e4nska alfabetet och formulera en kulturell identitet som \u00f6verbryggade bondetraditioner och vetenskapliga str\u00e4vanden. Deras petitioner, s\u00e4rskilt Supplex Libellus Valachorum, kr\u00e4vde politiskt erk\u00e4nnande av rum\u00e4ner inom det habsburgska statsskicket. \u00c4nd\u00e5 var det f\u00f6rst i oron vid slutet av f\u00f6rsta v\u00e4rldskriget som Transsylvaniens rum\u00e4nska majoritet tog tillf\u00e4llet i akt och utropade union med kungariket Rum\u00e4nien den 1 december 1918 i den historiska f\u00f6rsamlingen i Alba Iulia. Denna lag ratificerades tv\u00e5 \u00e5r senare genom Trianonf\u00f6rdraget, trots att mer \u00e4n 100 000 ungrare och tyskar fortsatte att kalla regionen sitt hem. En flyktig \u00e5terg\u00e5ng till ungerskt styre i norra Transsylvanien under andra v\u00e4rldskriget upph\u00e4vdes i slutet av kriget, vilket f\u00f6rankrade regionen stadigt inom Rum\u00e4niens efterkrigsgr\u00e4nser.<\/p>\n<p>Under dessa \u00e5rhundraden har Transsylvaniens st\u00e4der utvecklats fr\u00e5n milit\u00e4ra skyddsvallar till handels- och kulturcentrum. Cluj-Napoca \u2013 Cluj f\u00f6r dess inv\u00e5nare \u2013 vimlar av mer \u00e4n 300 000 inv\u00e5nare, dess breda all\u00e9er kantade av barockfasader och varvade med romerska ruiner vid Mathias Corvinus-statyn. Sibiu, tidigare centrum f\u00f6r den saxiska administrationen, fick s\u00e4rskild utm\u00e4rkelse 2007 n\u00e4r staden delade titeln Europeisk kulturhuvudstad med Luxemburg, vilket understr\u00f6k dess ren\u00e4ssans som ett epicentrum f\u00f6r festivaler och museer. Bra\u0219ov, inb\u00e4ddat mot bergssluttningar i sydost, fungerar som en knutpunkt f\u00f6r turism och handel och lockar bes\u00f6kare till sin Svarta kyrka och R\u00e2\u0219novs citadell, samtidigt som den fungerar som en mellanlandningsplats f\u00f6r utflykter till moldaviska kloster eller semesterorter vid Svarta havet. Alba Iulia, bel\u00e4get vid floden Mure\u0219s strand, har beh\u00e5llit sin medeltida katedral och sitt ren\u00e4ssansf\u00e4stningsomr\u00e5de, platser heliga f\u00f6r b\u00e5de det romersk-katolska stiftet och minnet av fackf\u00f6reningsr\u00f6relsen 1918.<\/p>\n<p>Utanf\u00f6r dessa st\u00f6rre stadscentra bevarar medeltida mindre st\u00e4der \u2013 Bistri\u021ba, Media\u0219, Sebe\u0219 och Sighi\u0219oara \u2013 omringade murar och handelshus som frammanar v\u00e4lst\u00e5ndet f\u00f6r saxiska gillen under 1300- och 1400-talet. Sighi\u0219oaras historiska centrum, ett UNESCO-v\u00e4rldsarv, presenterar en oavbruten arkitektonisk ber\u00e4ttelse av smala gator, m\u00e5lade gillens hallar och klocktornet, vart och ett element som uppr\u00e4tth\u00e5llits av generationer av lokalt f\u00f6rvaltarskap. De dakiska f\u00e4stningarna i Or\u0103\u0219tiebergen, samlade i sydv\u00e4st, vittnar likaledes om en j\u00e4rn\u00e5lderscivilisation som en g\u00e5ng motstod flera invasioner innan den dukade under f\u00f6r Rom. Byarna med bef\u00e4sta kyrkor, \u00f6ver 150 till antalet, \u00e4r fortfarande symboliska f\u00f6r regionens anpassning till osmanska invasioner, deras kraftiga torn och lador som f\u00f6renar tro och sj\u00e4lvf\u00f6rsvar i kalkstensmurar.<\/p>\n<p>Under sina byar och st\u00e4der formade Transsylvaniens underjordiska rikedomar mycket av dess medeltida framtr\u00e4dande plats. Guldfyndigheter runt Ro\u0219ia Montan\u0103 gav n\u00e4ring \u00e5t de \u00f6sterrikisk-ungerska ambitionerna, medan saltgruvorna i Praid och Turda forts\u00e4tter att locka bes\u00f6kare f\u00f6r terapeutiska vistelser. Inuti dessa grottliknande kammare, d\u00e4r halit glittrar i facklans ljus, tillbringar astmapatienter och patienter med kronisk bronkit timmar med att andas saltberikad luft. \u00c4ven om m\u00e5nga gruvor har kollapsat eller tystnat, f\u00f6rblir dessa tv\u00e5 frist\u00e4der f\u00f6r b\u00e5de historia och h\u00e4lsa, deras tr\u00e4g\u00e5ngar och saltsj\u00f6ar p\u00e5minner om gruvarbetares g\u00e5ng som en g\u00e5ng utvann Europas livsblod.<\/p>\n<p>\u00c4ven ytmineraler har bidragit till Transsylvaniens industrialiserade tids\u00e5lder. J\u00e4rn- och st\u00e5lverk i Hunedoara och Timi\u0219 har l\u00e4nge skapat syssels\u00e4ttning och exportint\u00e4kter, medan kemiska fabriker och textilfabriker v\u00e4xte upp l\u00e4ngs floder som vattnar sl\u00e4tten. Jordbruket best\u00e5r som en grundl\u00e4ggande syssels\u00e4ttning: spannm\u00e5l, gr\u00f6nsaker och vinstockar frodas p\u00e5 plat\u00e5ns lerjord, och boskap som n\u00f6tkreatur, f\u00e5r, svin och fj\u00e4derf\u00e4 ger upphov till traditionella ostar och charkuterier som f\u00f6rser de lokala marknaderna. Timmerutvinning forts\u00e4tter inom Karpaterna, \u00e4ven om moderna regleringar f\u00f6rs\u00f6ker balansera ekonomiska behov med bevarandekrav. I makroekonomiska termer n\u00e4rmar sig Transsylvaniens nominella BNP tv\u00e5hundra miljarder amerikanska dollar, dess siffra per capita n\u00e4rmar sig 28 600 dollar \u2013 en j\u00e4mf\u00f6relse som ofta dras med Tjeckien eller Estland i EU-sammanhang \u2013 och dess ranking enligt Human Development Index placerar landet p\u00e5 andra plats i Rum\u00e4nien, endast efter Bukarest-Ilfov.<\/p>\n<p>Naturlandskap \u00e4r fortfarande bland Transsylvaniens mest fascinerande sev\u00e4rdheter. H\u0103\u0219ma\u0219- och Piatra Craiului-bergskedjorna inramar djupa dalar d\u00e4r bj\u00f6rn, varg och lodjur korsar ur\u00e5ldriga skogsekosystem. \u00c4ven om det uppskattas att Rum\u00e4nien \u00e4r v\u00e4rd f\u00f6r ungef\u00e4r sextio procent av den europeiska bj\u00f6rnpopulationen \u2013 exklusive Ryssland \u2013 \u00e4r observationer av resen\u00e4rer fortfarande s\u00e4llsynta, vilket vittnar om dessa varelsers sv\u00e5rf\u00e5ngade natur. Floder som Mure\u0219, Some\u0219, Cri\u0219 och Olt forsar \u00f6ver plat\u00e5n och slingrar sig l\u00e4ngs videkantade str\u00e4nder som har gett bos\u00e4ttningar i \u00e5rtusenden. Nationalparker inom dessa bergsenklaver skyddar b\u00e5de biologisk m\u00e5ngfald och kulturarv, d\u00e4r herdehyder och h\u00f6glands\u00e4ngar visar upp landskap som \u00e4r f\u00f6ga f\u00f6r\u00e4ndrade sedan medeltiden.<\/p>\n<p>Transsylvaniens byggnadsarv v\u00e4cker lika stor uppm\u00e4rksamhet. Gotiska spiror reser sig \u00f6ver Bra\u0219ovs historiska k\u00e4rna, framf\u00f6r allt Svarta kyrkan, vars mittskeppsvalv och legender fr\u00e5n digerd\u00f6den lockar b\u00e5de forskare och pilgrimer. Bran slott, som ligger h\u00f6gt ovanf\u00f6r R\u00e2\u0219novdalen, frammanar mer myter \u00e4n dokumenterade fakta: \u00e4ven om det i stort sett \u00e4r obevisat som en residens f\u00f6r Vlad III Dracula, \u00e4r det v\u00e4rd f\u00f6r en permanent utst\u00e4llning om vampyrisk folklore och \u01ecmpalerns grymhet, informerad av tyska och rum\u00e4nska texter. I n\u00e4rheten ligger R\u00e2\u0219nov-f\u00e4stningen, som dateras till 1200-talet, och kr\u00f6ner en klippformation. Dess bostadskvarter och smala gator ger insikt i bondesamh\u00e4llets f\u00f6rsvar mot ottomanska r\u00e4der. I Hunedoara utspelar sig Hunyad-slottet fr\u00e5n 1400-talet i en v\u00e4v av ren\u00e4ssansblock och medeltida torn, dess stenkorridorer med fresker och heraldiska sniderier som talar om platsens ungerska furstliga ursprung.<\/p>\n<p>Folklig fantasi kopplar Transsylvanien obevekligt till vampyrlegenden som utl\u00f6stes av Bram Stokers roman Dracula fr\u00e5n 1897. Medan Stokers karakt\u00e4r var en blandning av folklore och den historiska figuren Vlad III \u021aepe\u0219, cirkulerade lokala saxiska poeter och k\u00f6pm\u00e4n en g\u00e5ng i tiden dagstidningar som f\u00f6rd\u00f6mde den valakiske prinsens ohyggliga straff och gav honom \u00e4ran f\u00f6r att ha spetsat mer \u00e4n hundra tusen offer. S\u00e5dana ber\u00e4ttelser, genomsyrade av propaganda, fick ett eget liv och blandade fakta och fantasi tills bloddrickande h\u00e4mndlystna blev symboliska f\u00f6r regionens m\u00f6rka skogar och dimh\u00f6ljda ruiner. Idag kapitaliserar turismen p\u00e5 denna skuggv\u00e4rldsliga lockelse, \u00e4ven om kulturtj\u00e4nstem\u00e4n betonar Transsylvaniens m\u00e5ngfald av levande traditioner och dess roll i att skapa en modern rum\u00e4nsk identitet.<\/p>\n<p>Kulturlivet i Transsylvanien har formats av ungerska, tyska och rum\u00e4nska influenser inom musik, litteratur och arkitektur. Den transsylvanska skolans intellektuella arv lever vidare i verk av Liviu Rebreanu, vars roman Ion skildrar b\u00f6nder och intellektuella med b\u00e5de sympati och granskning, och av Lucian Blaga, vars poesi och filosofi h\u00e4mtade inspiration fr\u00e5n den existentiella tyngden av ensamhet i bergen. Ungerska f\u00f6rfattare som Endre Ady och Elek Benedek \u00e5terspeglade magyariska k\u00e4nslor i sina verser och barnsagor, medan Elie Wiesels tidiga \u00e5r i Sighetu Marma\u021biei f\u00f6reb\u00e5dade hans livsl\u00e5nga engagemang f\u00f6r minne och grymhet. Den transsylvanska gotiska stilen \u00e4r fortfarande synlig inte bara i katedralvalv utan ocks\u00e5 i sekul\u00e4ra herrg\u00e5rdar och kommunala byggnader, deras lansetb\u00e5gar och flygande str\u00e4vpelare p\u00e5minner om en era d\u00e5 hantverkare, k\u00f6pm\u00e4n och kyrkliga f\u00f6rsamlingar t\u00e4vlade om generositet med sina st\u00e4der.<\/p>\n<p>Hela tiden lever en mosaik av lantliga seder kvar. Szekler-p\u00e5skbrasor t\u00e4nder h\u00f6glandet i Harghita l\u00e4n, deras l\u00e5gor t\u00e4ndas i trots mot vinterns sting, och ungerska herdars danser ekar genom Bra\u0219ovs festivaler varje h\u00f6st. Tysktalande saxare i regioner som Bistri\u021ba-N\u0103s\u0103ud uppr\u00e4tth\u00e5ller husmuseer som bevarar folklig tr\u00e4snideri och intrikata textilm\u00f6nster. Romska samh\u00e4llen bidrar med musikaliska traditioner som blandar improvisation och rytm, deras ensembler av cimbalomer och fioler genljuder p\u00e5 byarnas torg. Tillsammans formulerar dessa traditioner de p\u00e5g\u00e5ende samtalen mellan Transsylvaniens etniska grupper, en dialog som f\u00f6rs p\u00e5 gemensamma marknadsplatser och i katedralskuggor.<\/p>\n<p>F\u00f6r den samtida resen\u00e4ren erbjuder Transsylvanien mer \u00e4n iscensatta legender. Bergskogar inbjuder till kl\u00e4ttring och vandring l\u00e4ngs \u00e5sar som avsl\u00f6jar vidstr\u00e4ckta vyer av tall och bok. Grottforskningsexpeditioner leder ner till kalkstensgallerier d\u00e4r stalaktiter och fladderm\u00f6ss konspirerar i underjordisk tystnad. Vinv\u00e4gar slingrar sig genom ving\u00e5rdarna i Cotnari och Hu\u0219i, d\u00e4r deras inhemska druvor ger krispiga vita viner och robusta r\u00f6da viner som passar till lokala ostar. Marknadsst\u00e5nden \u00e4r fulla av r\u00f6kt korv och hantverkshonung, medan v\u00e4gkrogar serverar k\u00e5lbladsrullar fyllda med frankfurter-liknande k\u00f6tt. De st\u00f6rre st\u00e4derna \u2013 Cluj-Napoca, Sibiu, Bra\u0219ov \u2013 tillhandah\u00e5ller infrastruktur med internationella flygplatser, j\u00e4rnv\u00e4gar och motorv\u00e4gar, men \u00e4ven h\u00e4r uppt\u00e4cker man gr\u00e4nder om\u00e4rkta av neon, d\u00e4r tidens g\u00e5ng tycks styras av kyrkklockor och solb\u00e5gen.<\/p>\n<p>Transsylvaniens lockelse ligger i denna balans mellan storslagna ber\u00e4ttelser och intima reflektioner. Det \u00e4r en region vars obegr\u00e4nsade sk\u00f6nhet samexisterar med er\u00f6vringens \u00e4rr och den kulturella motst\u00e5ndskraftens triumf. Varje stad \u00e4r en samling av stenar och ber\u00e4ttelser: murar resta mot invasion, kyrkor invigda i strid med religi\u00f6sa p\u00e5bud, museer som bevarar artefakter fr\u00e5n f\u00f6rsvunna liv. Plat\u00e5ns f\u00e4lt och skogar p\u00e5minner om legioner och herdar, dakiska fornborger och Habsburgska kavallerier i tur och ordning. Floder skapar dalar d\u00e4r romerska mynt har hittats bland dagens fiskare. Och ovanf\u00f6r h\u00e5ller Karpaterna sin l\u00e5ngsamma vaka som de har gjort i tv\u00e5 \u00e5rtusenden, och markerar gr\u00e4nsen till ett imperium och hj\u00e4rtat av ett hemland.<\/p>\n<p>Under omst\u00e4ndigheter d\u00e4r ogrundade legender ofta \u00f6verskuggar den levande verkligheten, st\u00e5r Transsylvanien som ett bevis p\u00e5 platsens kraft att utvecklas utan att suddas ut. H\u00e4r kan man f\u00f6lja konturerna av dakiska vallar, gotiska portaler och habsburgska herrg\u00e5rdar p\u00e5 en enda eftermiddagsresa. P\u00e5 kv\u00e4llen lyser lamporna fr\u00e5n Sighi\u0219oaras citadell l\u00e4ngs kullerstensbelagda g\u00e5ngv\u00e4gar, och vinden b\u00e4r ekot av en bortgl\u00f6md klocka. Detta \u00e4r ett land format av floder, berg och imperier; av furstars f\u00f6rhoppningar och b\u00f6nders arbete; av profeter f\u00f6r kulturellt uppvaknande och av poeter som gav r\u00f6st \u00e5t h\u00f6glandets tystnad. S\u00e5dan komplexitet trotsar reduktion till en enda trop. Det kr\u00e4ver att den uppm\u00e4rksamme resen\u00e4ren lyssnar efter historiens kadens i kapellk\u00f6rer, k\u00e4nner tyngden av stenar under katedralernas valv och erk\u00e4nner att varje steg p\u00e5 denna plat\u00e5 ocks\u00e5 \u00e4r ett steg genom tiden.<\/p>","protected":false},"excerpt":{"rendered":"<p>Transsylvanien, en historisk och kulturell region i Centraleuropa, ligger i centrala Rum\u00e4nien. Dess landstorlek \u00e4r cirka 100 000 kvadratkilometer och dess befolkning \u00e4r ungef\u00e4r 6,5 miljoner. Naturliga bef\u00e4stningar som bildas av Karpaterna i \u00f6ster och s\u00f6der och Apusenibergen i v\u00e4ster har definierat deras historia och kultur i evigheter.<\/p>","protected":false},"author":1,"featured_media":4302,"parent":11908,"menu_order":0,"comment_status":"closed","ping_status":"closed","template":"elementor_theme","meta":{"_eb_attr":"","footnotes":""},"class_list":["post-11945","page","type-page","status-publish","has-post-thumbnail"],"_links":{"self":[{"href":"https:\/\/travelshelper.com\/sv\/wp-json\/wp\/v2\/pages\/11945","targetHints":{"allow":["GET"]}}],"collection":[{"href":"https:\/\/travelshelper.com\/sv\/wp-json\/wp\/v2\/pages"}],"about":[{"href":"https:\/\/travelshelper.com\/sv\/wp-json\/wp\/v2\/types\/page"}],"author":[{"embeddable":true,"href":"https:\/\/travelshelper.com\/sv\/wp-json\/wp\/v2\/users\/1"}],"replies":[{"embeddable":true,"href":"https:\/\/travelshelper.com\/sv\/wp-json\/wp\/v2\/comments?post=11945"}],"version-history":[{"count":0,"href":"https:\/\/travelshelper.com\/sv\/wp-json\/wp\/v2\/pages\/11945\/revisions"}],"up":[{"embeddable":true,"href":"https:\/\/travelshelper.com\/sv\/wp-json\/wp\/v2\/pages\/11908"}],"wp:featuredmedia":[{"embeddable":true,"href":"https:\/\/travelshelper.com\/sv\/wp-json\/wp\/v2\/media\/4302"}],"wp:attachment":[{"href":"https:\/\/travelshelper.com\/sv\/wp-json\/wp\/v2\/media?parent=11945"}],"curies":[{"name":"wp","href":"https:\/\/api.w.org\/{rel}","templated":true}]}}